{"id":113,"date":"2024-12-13T12:09:50","date_gmt":"2024-12-13T11:09:50","guid":{"rendered":"https:\/\/wigstore-nzk.com\/?page_id=113"},"modified":"2025-06-30T13:46:38","modified_gmt":"2025-06-30T11:46:38","slug":"main","status":"publish","type":"page","link":"https:\/\/wigstore-nzk.com\/en\/","title":{"rendered":"Strona g\u0142\u00f3wna"},"content":{"rendered":"<div data-elementor-type=\"wp-page\" data-elementor-id=\"113\" class=\"elementor elementor-113\" data-elementor-post-type=\"page\">\n\t\t\t\t<div class=\"elementor-element elementor-element-4884e36 e-con-full e-flex e-con e-parent\" data-id=\"4884e36\" data-element_type=\"container\" data-e-type=\"container\">\n\t\t\t\t<div class=\"elementor-element elementor-element-c82bff1 elementor-arrows-position-inside elementor-widget elementor-widget-image-carousel\" data-id=\"c82bff1\" data-element_type=\"widget\" data-e-type=\"widget\" data-settings=\"{&quot;slides_to_show&quot;:&quot;1&quot;,&quot;navigation&quot;:&quot;arrows&quot;,&quot;lazyload&quot;:&quot;yes&quot;,&quot;autoplay&quot;:&quot;yes&quot;,&quot;pause_on_hover&quot;:&quot;yes&quot;,&quot;pause_on_interaction&quot;:&quot;yes&quot;,&quot;autoplay_speed&quot;:5000,&quot;infinite&quot;:&quot;yes&quot;,&quot;effect&quot;:&quot;slide&quot;,&quot;speed&quot;:500}\" data-widget_type=\"image-carousel.default\">\n\t\t\t\t<div class=\"elementor-widget-container\">\n\t\t\t\t\t\t\t<div class=\"elementor-image-carousel-wrapper swiper\" role=\"region\" aria-roledescription=\"carousel\" aria-label=\"Karuzela obrazk\u00f3w\" dir=\"ltr\">\n\t\t\t<div class=\"elementor-image-carousel swiper-wrapper swiper-image-stretch\" aria-live=\"off\">\n\t\t\t\t\t\t\t\t<div class=\"swiper-slide\" role=\"group\" aria-roledescription=\"slide\" aria-label=\"1 z 2\"><figure class=\"swiper-slide-inner\"><img class=\"swiper-slide-image swiper-lazy\" data-src=\"https:\/\/wigstore-nzk.com\/wp-content\/uploads\/2025\/01\/Foto_1_crop-1-scaled.jpg\" alt=\"Foto_1_crop\" \/><div class=\"swiper-lazy-preloader\"><\/div><\/figure><\/div><div class=\"swiper-slide\" role=\"group\" aria-roledescription=\"slide\" aria-label=\"2 z 2\"><figure class=\"swiper-slide-inner\"><img class=\"swiper-slide-image swiper-lazy\" data-src=\"https:\/\/wigstore-nzk.com\/wp-content\/uploads\/2025\/01\/Foto_2_crop.jpg\" alt=\"Foto_2_crop\" \/><div class=\"swiper-lazy-preloader\"><\/div><\/figure><\/div>\t\t\t<\/div>\n\t\t\t\t\t\t\t\t\t\t\t\t<div class=\"elementor-swiper-button elementor-swiper-button-prev\" role=\"button\" tabindex=\"0\">\n\t\t\t\t\t\t<svg aria-hidden=\"true\" class=\"e-font-icon-svg e-eicon-chevron-left\" viewbox=\"0 0 1000 1000\" xmlns=\"http:\/\/www.w3.org\/2000\/svg\"><path d=\"M646 125C629 125 613 133 604 142L308 442C296 454 292 471 292 487 292 504 296 521 308 533L604 854C617 867 629 875 646 875 663 875 679 871 692 858 704 846 713 829 713 812 713 796 708 779 692 767L438 487 692 225C700 217 708 204 708 187 708 171 704 154 692 142 675 129 663 125 646 125Z\"><\/path><\/svg>\t\t\t\t\t<\/div>\n\t\t\t\t\t<div class=\"elementor-swiper-button elementor-swiper-button-next\" role=\"button\" tabindex=\"0\">\n\t\t\t\t\t\t<svg aria-hidden=\"true\" class=\"e-font-icon-svg e-eicon-chevron-right\" viewbox=\"0 0 1000 1000\" xmlns=\"http:\/\/www.w3.org\/2000\/svg\"><path d=\"M696 533C708 521 713 504 713 487 713 471 708 454 696 446L400 146C388 133 375 125 354 125 338 125 325 129 313 142 300 154 292 171 292 187 292 204 296 221 308 233L563 492 304 771C292 783 288 800 288 817 288 833 296 850 308 863 321 871 338 875 354 875 371 875 388 867 400 854L696 533Z\"><\/path><\/svg>\t\t\t\t\t<\/div>\n\t\t\t\t\n\t\t\t\t\t\t\t\t\t<\/div>\n\t\t\t\t\t\t<\/div>\n\t\t\t\t<\/div>\n\t\t\t\t<\/div>\n\t\t<div class=\"elementor-element elementor-element-290caf6 e-flex e-con-boxed e-con e-parent\" data-id=\"290caf6\" data-element_type=\"container\" data-e-type=\"container\">\n\t\t\t\t\t<div class=\"e-con-inner\">\n\t\t<div class=\"elementor-element elementor-element-39830ea e-con-full e-flex e-con e-child\" data-id=\"39830ea\" data-element_type=\"container\" data-e-type=\"container\">\n\t\t\t\t<div class=\"elementor-element elementor-element-eb90e8d elementor-widget elementor-widget-spacer\" data-id=\"eb90e8d\" data-element_type=\"widget\" data-e-type=\"widget\" data-widget_type=\"spacer.default\">\n\t\t\t\t<div class=\"elementor-widget-container\">\n\t\t\t\t\t\t\t<div class=\"elementor-spacer\">\n\t\t\t<div class=\"elementor-spacer-inner\"><\/div>\n\t\t<\/div>\n\t\t\t\t\t\t<\/div>\n\t\t\t\t<\/div>\n\t\t\t\t<\/div>\n\t\t\t\t\t<\/div>\n\t\t\t\t<\/div>\n\t\t<div class=\"elementor-element elementor-element-1919547 e-flex e-con-boxed e-con e-parent\" data-id=\"1919547\" data-element_type=\"container\" data-e-type=\"container\" data-settings=\"{&quot;background_background&quot;:&quot;classic&quot;}\">\n\t\t\t\t\t<div class=\"e-con-inner\">\n\t\t\t\t<div class=\"elementor-element elementor-element-bb01f0b elementor-widget elementor-widget-heading\" data-id=\"bb01f0b\" data-element_type=\"widget\" data-e-type=\"widget\" data-widget_type=\"heading.default\">\n\t\t\t\t<div class=\"elementor-widget-container\">\n\t\t\t\t\t<h1 class=\"elementor-heading-title elementor-size-default\">Our products<\/h1>\t\t\t\t<\/div>\n\t\t\t\t<\/div>\n\t\t<div class=\"elementor-element elementor-element-5166647 e-con-full e-flex e-con e-child\" data-id=\"5166647\" data-element_type=\"container\" data-e-type=\"container\">\n\t\t<div class=\"elementor-element elementor-element-4ff1279 e-grid e-con-full e-con e-child\" data-id=\"4ff1279\" data-element_type=\"container\" data-e-type=\"container\">\n\t\t\t\t<div class=\"elementor-element elementor-element-e5893bd elementor-widget elementor-widget-image\" data-id=\"e5893bd\" data-element_type=\"widget\" data-e-type=\"widget\" data-widget_type=\"image.default\">\n\t\t\t\t<div class=\"elementor-widget-container\">\n\t\t\t\t\t\t\t\t\t\t\t\t\t\t\t\t<a href=\"https:\/\/wigstore-nzk.com\/en\/product-category\/wlosy-yaka\/\">\n\t\t\t\t\t\t\t<img fetchpriority=\"high\" decoding=\"async\" width=\"500\" height=\"500\" src=\"https:\/\/wigstore-nzk.com\/wp-content\/uploads\/2025\/01\/11_ref.png\" class=\"attachment-large size-large wp-image-881\" alt=\"\" srcset=\"https:\/\/wigstore-nzk.com\/wp-content\/uploads\/2025\/01\/11_ref.png 500w, https:\/\/wigstore-nzk.com\/wp-content\/uploads\/2025\/01\/11_ref-300x300.png 300w, https:\/\/wigstore-nzk.com\/wp-content\/uploads\/2025\/01\/11_ref-150x150.png 150w, https:\/\/wigstore-nzk.com\/wp-content\/uploads\/2025\/01\/11_ref-100x100.png 100w\" sizes=\"(max-width: 500px) 100vw, 500px\" \/>\t\t\t\t\t\t\t\t<\/a>\n\t\t\t\t\t\t\t\t\t\t\t\t\t\t\t<\/div>\n\t\t\t\t<\/div>\n\t\t\t\t<div class=\"elementor-element elementor-element-a8e181c elementor-widget elementor-widget-image\" data-id=\"a8e181c\" data-element_type=\"widget\" data-e-type=\"widget\" data-widget_type=\"image.default\">\n\t\t\t\t<div class=\"elementor-widget-container\">\n\t\t\t\t\t\t\t\t\t\t\t\t\t\t\t\t<a href=\"https:\/\/wigstore-nzk.com\/en\/product-category\/kosmetyki\/\">\n\t\t\t\t\t\t\t<img decoding=\"async\" width=\"500\" height=\"500\" src=\"https:\/\/wigstore-nzk.com\/wp-content\/uploads\/2025\/01\/22_ref.png\" class=\"attachment-large size-large wp-image-885\" alt=\"\" srcset=\"https:\/\/wigstore-nzk.com\/wp-content\/uploads\/2025\/01\/22_ref.png 500w, https:\/\/wigstore-nzk.com\/wp-content\/uploads\/2025\/01\/22_ref-300x300.png 300w, https:\/\/wigstore-nzk.com\/wp-content\/uploads\/2025\/01\/22_ref-150x150.png 150w, https:\/\/wigstore-nzk.com\/wp-content\/uploads\/2025\/01\/22_ref-100x100.png 100w\" sizes=\"(max-width: 500px) 100vw, 500px\" \/>\t\t\t\t\t\t\t\t<\/a>\n\t\t\t\t\t\t\t\t\t\t\t\t\t\t\t<\/div>\n\t\t\t\t<\/div>\n\t\t\t\t<div class=\"elementor-element elementor-element-6458eea elementor-widget elementor-widget-image\" data-id=\"6458eea\" data-element_type=\"widget\" data-e-type=\"widget\" data-widget_type=\"image.default\">\n\t\t\t\t<div class=\"elementor-widget-container\">\n\t\t\t\t\t\t\t\t\t\t\t\t\t\t\t\t<a href=\"https:\/\/wigstore-nzk.com\/en\/product-category\/akcesoria\/\">\n\t\t\t\t\t\t\t<img decoding=\"async\" width=\"500\" height=\"500\" src=\"https:\/\/wigstore-nzk.com\/wp-content\/uploads\/2025\/01\/33_ref.png\" class=\"attachment-large size-large wp-image-880\" alt=\"\" srcset=\"https:\/\/wigstore-nzk.com\/wp-content\/uploads\/2025\/01\/33_ref.png 500w, https:\/\/wigstore-nzk.com\/wp-content\/uploads\/2025\/01\/33_ref-300x300.png 300w, https:\/\/wigstore-nzk.com\/wp-content\/uploads\/2025\/01\/33_ref-150x150.png 150w, https:\/\/wigstore-nzk.com\/wp-content\/uploads\/2025\/01\/33_ref-100x100.png 100w\" sizes=\"(max-width: 500px) 100vw, 500px\" \/>\t\t\t\t\t\t\t\t<\/a>\n\t\t\t\t\t\t\t\t\t\t\t\t\t\t\t<\/div>\n\t\t\t\t<\/div>\n\t\t\t\t<\/div>\n\t\t\t\t<\/div>\n\t\t\t\t\t<\/div>\n\t\t\t\t<\/div>\n\t\t<div class=\"elementor-element elementor-element-1bbe89d e-flex e-con-boxed e-con e-parent\" data-id=\"1bbe89d\" data-element_type=\"container\" data-e-type=\"container\" data-settings=\"{&quot;background_background&quot;:&quot;classic&quot;}\">\n\t\t\t\t\t<div class=\"e-con-inner\">\n\t\t\t\t<div class=\"elementor-element elementor-element-dfc2ba8 elementor-widget elementor-widget-heading\" data-id=\"dfc2ba8\" data-element_type=\"widget\" data-e-type=\"widget\" data-widget_type=\"heading.default\">\n\t\t\t\t<div class=\"elementor-widget-container\">\n\t\t\t\t\t<h2 class=\"elementor-heading-title elementor-size-default\">O nas<\/h2>\t\t\t\t<\/div>\n\t\t\t\t<\/div>\n\t\t\t\t<div class=\"elementor-element elementor-element-b32af39 elementor-widget elementor-widget-text-editor\" data-id=\"b32af39\" data-element_type=\"widget\" data-e-type=\"widget\" data-widget_type=\"text-editor.default\">\n\t\t\t\t<div class=\"elementor-widget-container\">\n\t\t\t\t\t\t\t\t\t<p>\u00a0<\/p><p style=\"text-align: center;\">Witamy w WIG Store \u2013 miejscu, gdzie pasja do pi\u0119knych w\u0142os\u00f3w \u0142\u0105czy si\u0119 z profesjonalizmem i najwy\u017csz\u0105 jako\u015bci\u0105 produkt\u00f3w!<\/p><p>Jeste\u015bmy specjalistycznym sklepem internetowym oferuj\u0105cym szeroki wyb\u00f3r akcesori\u00f3w do stylizacji w\u0142os\u00f3w oraz profesjonalnych produkt\u00f3w perukarskich. Nasz\u0105 misj\u0105 jest dostarczanie najlepszych rozwi\u0105za\u0144 zar\u00f3wno dla stylist\u00f3w fryzur, perukarzy, jak i dla ka\u017cdego, kto pragnie zadba\u0107 o sw\u00f3j wygl\u0105d i pewno\u015b\u0107 siebie. Wiemy, jak wa\u017cne jest odpowiednie dopasowanie i piel\u0119gnacja peruk, dlatego oferujemy produkty, kt\u00f3re u\u0142atwiaj\u0105 ich stylizacj\u0119, mocowanie oraz konserwacj\u0119.<\/p><p>W naszej ofercie znajdziesz m.in.:<\/p><p><span class=\"html-span xexx8yu x4uap5 x18d9i69 xkhd6sd x1hl2dhg x16tdsg8 x1vvkbs x3nfvp2 x1j61x8r x1fcty0u xdj266r xat24cr xgzva0m xhhsvwb xxymvpz xlup9mm x1kky2od\"><img loading=\"lazy\" decoding=\"async\" class=\"xz74otr x168nmei x13lgxp2 x5pf9jr xo71vjh\" src=\"https:\/\/static.xx.fbcdn.net\/images\/emoji.php\/v9\/t51\/1\/16\/2714.png\" alt=\"\u2714\" width=\"16\" height=\"16\" \/><\/span> Profesjonalne akcesoria fryzjerskie i perukarskie \u2013 od igie\u0142 i nici perukarskich po specjalistyczne ta\u015bmy i kleje, kt\u00f3re zapewniaj\u0105 komfortowe noszenie peruk i system\u00f3w w\u0142os\u00f3w.<\/p><p><span class=\"html-span xexx8yu x4uap5 x18d9i69 xkhd6sd x1hl2dhg x16tdsg8 x1vvkbs x3nfvp2 x1j61x8r x1fcty0u xdj266r xat24cr xgzva0m xhhsvwb xxymvpz xlup9mm x1kky2od\"><img loading=\"lazy\" decoding=\"async\" class=\"xz74otr x168nmei x13lgxp2 x5pf9jr xo71vjh\" src=\"https:\/\/static.xx.fbcdn.net\/images\/emoji.php\/v9\/t51\/1\/16\/2714.png\" alt=\"\u2714\" width=\"16\" height=\"16\" \/><\/span> Kosmetyki do piel\u0119gnacji i stylizacji peruk \u2013 szampony, od\u017cywki, mgie\u0142ki oraz inne preparaty stworzone z my\u015bl\u0105 o w\u0142osach syntetycznych i naturalnych.<\/p><p><span class=\"html-span xexx8yu x4uap5 x18d9i69 xkhd6sd x1hl2dhg x16tdsg8 x1vvkbs x3nfvp2 x1j61x8r x1fcty0u xdj266r xat24cr xgzva0m xhhsvwb xxymvpz xlup9mm x1kky2od\"><img loading=\"lazy\" decoding=\"async\" class=\"xz74otr x168nmei x13lgxp2 x5pf9jr xo71vjh\" src=\"https:\/\/static.xx.fbcdn.net\/images\/emoji.php\/v9\/t51\/1\/16\/2714.png\" alt=\"\u2714\" width=\"16\" height=\"16\" \/><\/span> Narz\u0119dzia i akcesoria do personalizacji peruk \u2013 g\u0142\u00f3wki treningowe, stojaki, klamry oraz inne produkty, kt\u00f3re pomagaj\u0105 w modelowaniu i dopasowaniu fryzur.\u00a0<\/p><p>Nasza pasja do perukarstwa sprawia, \u017ce wsp\u00f3\u0142pracujemy z najlepszymi w bran\u017cy. Dlatego z dum\u0105 wspieramy Pracowni\u0119 Perukarsk\u0105 NZK, prowadzon\u0105 przez Natali\u0119 Zofi\u0119 Kid\u0119 \u2013 ekspertk\u0119 w dziedzinie perukarstwa, kt\u00f3ra tworzy peruki najwy\u017cszej jako\u015bci, dostosowane do indywidualnych potrzeb klient\u00f3w. Dzi\u0119ki tej wsp\u00f3\u0142pracy mo\u017cemy oferowa\u0107 sprawdzone rozwi\u0105zania oraz dzieli\u0107 si\u0119 wiedz\u0105 i do\u015bwiadczeniem, by ka\u017cdy m\u00f3g\u0142 znale\u017a\u0107 idealne produkty dla siebie. Dbamy o to, aby ka\u017cdy produkt w naszym sklepie spe\u0142nia\u0142 najwy\u017csze standardy i odpowiada\u0142 na potrzeby zar\u00f3wno profesjonalist\u00f3w, jak i os\u00f3b szukaj\u0105cych sprawdzonych rozwi\u0105za\u0144 do u\u017cytku domowego. Naszym celem jest dostarczanie narz\u0119dzi, kt\u00f3re pomagaj\u0105 kreowa\u0107 fryzury, od\u015bwie\u017ca\u0107 wygl\u0105d i podkre\u015bla\u0107 indywidualny styl.<\/p><p style=\"text-align: center;\">Zapraszamy do zakup\u00f3w i odkrycia \u015bwiata pi\u0119knych fryzur z WIG Store!<\/p>\t\t\t\t\t\t\t\t<\/div>\n\t\t\t\t<\/div>\n\t\t\t\t\t<\/div>\n\t\t\t\t<\/div>\n\t\t\t\t<\/div>","protected":false},"excerpt":{"rendered":"<p>Nasze produkty O nas \u00a0 Witamy w WIG Store \u2013 miejscu, gdzie pasja do pi\u0119knych w\u0142os\u00f3w \u0142\u0105czy si\u0119 z profesjonalizmem i najwy\u017csz\u0105 jako\u015bci\u0105 produkt\u00f3w! Jeste\u015bmy specjalistycznym sklepem internetowym oferuj\u0105cym szeroki wyb\u00f3r akcesori\u00f3w do stylizacji w\u0142os\u00f3w oraz profesjonalnych produkt\u00f3w perukarskich. Nasz\u0105 misj\u0105 jest dostarczanie najlepszych rozwi\u0105za\u0144 zar\u00f3wno dla stylist\u00f3w fryzur, perukarzy, jak i dla ka\u017cdego, kto [&hellip;]<\/p>\n","protected":false},"author":18,"featured_media":0,"parent":0,"menu_order":0,"comment_status":"closed","ping_status":"closed","template":"","meta":{"footnotes":""},"class_list":["post-113","page","type-page","status-publish","hentry"],"yoast_head":"<!-- This site is optimized with the Yoast SEO Premium plugin v24.5 (Yoast SEO v27.5) - https:\/\/yoast.com\/product\/yoast-seo-premium-wordpress\/ -->\n<title>Profesjonalne Artyku\u0142y Perukarskie | Peruki, Akcesoria, Narz\u0119dziaNZK-Wigstore<\/title>\n<meta name=\"description\" content=\"WigStore-NZK \u2013 profesjonalne artyku\u0142y perukarskie: montury, ig\u0142y, akcesoria ta\u015bmy i wi\u0119cej. Wszystko, czego potrzebujesz do perukarstwa!\" \/>\n<meta name=\"robots\" content=\"index, follow, max-snippet:-1, max-image-preview:large, max-video-preview:-1\" \/>\n<link rel=\"canonical\" href=\"https:\/\/wigstore-nzk.com\/en\/\" \/>\n<meta property=\"og:locale\" content=\"en_US\" \/>\n<meta property=\"og:type\" content=\"article\" \/>\n<meta property=\"og:title\" content=\"Strona g\u0142\u00f3wna\" \/>\n<meta property=\"og:description\" content=\"WigStore-NZK \u2013 profesjonalne artyku\u0142y perukarskie: montury, ig\u0142y, akcesoria ta\u015bmy i wi\u0119cej. Wszystko, czego potrzebujesz do perukarstwa!\" \/>\n<meta property=\"og:url\" content=\"https:\/\/wigstore-nzk.com\/en\/\" \/>\n<meta property=\"og:site_name\" content=\"NZK-Wigstore\" \/>\n<meta property=\"article:modified_time\" content=\"2025-06-30T11:46:38+00:00\" \/>\n<meta property=\"og:image\" content=\"https:\/\/wigstore-nzk.com\/wp-content\/uploads\/2025\/01\/Foto_1_crop-1-scaled.jpg\" \/>\n<meta name=\"twitter:card\" content=\"summary_large_image\" \/>\n<meta name=\"twitter:label1\" content=\"Est. reading time\" \/>\n\t<meta name=\"twitter:data1\" content=\"4 minutes\" \/>\n<script type=\"application\/ld+json\" class=\"yoast-schema-graph\">{\"@context\":\"https:\\\/\\\/schema.org\",\"@graph\":[{\"@type\":\"WebPage\",\"@id\":\"https:\\\/\\\/wigstore-nzk.com\\\/\",\"url\":\"https:\\\/\\\/wigstore-nzk.com\\\/\",\"name\":\"Profesjonalne Artyku\u0142y Perukarskie | Peruki, Akcesoria, Narz\u0119dziaNZK-Wigstore\",\"isPartOf\":{\"@id\":\"https:\\\/\\\/wigstore-nzk.com\\\/#website\"},\"primaryImageOfPage\":{\"@id\":\"https:\\\/\\\/wigstore-nzk.com\\\/#primaryimage\"},\"image\":{\"@id\":\"https:\\\/\\\/wigstore-nzk.com\\\/#primaryimage\"},\"thumbnailUrl\":\"https:\\\/\\\/wigstore-nzk.com\\\/wp-content\\\/uploads\\\/2025\\\/01\\\/Foto_1_crop-1-scaled.jpg\",\"datePublished\":\"2024-12-13T11:09:50+00:00\",\"dateModified\":\"2025-06-30T11:46:38+00:00\",\"description\":\"WigStore-NZK \u2013 profesjonalne artyku\u0142y perukarskie: montury, ig\u0142y, akcesoria ta\u015bmy i wi\u0119cej. Wszystko, czego potrzebujesz do perukarstwa!\",\"breadcrumb\":{\"@id\":\"https:\\\/\\\/wigstore-nzk.com\\\/#breadcrumb\"},\"inLanguage\":\"en-US\",\"potentialAction\":[{\"@type\":\"ReadAction\",\"target\":[\"https:\\\/\\\/wigstore-nzk.com\\\/\"]}]},{\"@type\":\"ImageObject\",\"inLanguage\":\"en-US\",\"@id\":\"https:\\\/\\\/wigstore-nzk.com\\\/#primaryimage\",\"url\":\"https:\\\/\\\/wigstore-nzk.com\\\/wp-content\\\/uploads\\\/2025\\\/01\\\/Foto_1_crop-1-scaled.jpg\",\"contentUrl\":\"https:\\\/\\\/wigstore-nzk.com\\\/wp-content\\\/uploads\\\/2025\\\/01\\\/Foto_1_crop-1-scaled.jpg\"},{\"@type\":\"BreadcrumbList\",\"@id\":\"https:\\\/\\\/wigstore-nzk.com\\\/#breadcrumb\",\"itemListElement\":[{\"@type\":\"ListItem\",\"position\":1,\"name\":\"Strona g\u0142\u00f3wna\",\"item\":\"https:\\\/\\\/wigstore-nzk.com\\\/\"},{\"@type\":\"ListItem\",\"position\":2,\"name\":\"Strona g\u0142\u00f3wna\"}]},{\"@type\":\"WebSite\",\"@id\":\"https:\\\/\\\/wigstore-nzk.com\\\/#website\",\"url\":\"https:\\\/\\\/wigstore-nzk.com\\\/\",\"name\":\"NZK-Wigstore\",\"description\":\"\",\"potentialAction\":[{\"@type\":\"SearchAction\",\"target\":{\"@type\":\"EntryPoint\",\"urlTemplate\":\"https:\\\/\\\/wigstore-nzk.com\\\/?s={search_term_string}\"},\"query-input\":{\"@type\":\"PropertyValueSpecification\",\"valueRequired\":true,\"valueName\":\"search_term_string\"}}],\"inLanguage\":\"en-US\"}]}<\/script>\n<!-- \/ Yoast SEO Premium plugin. -->","yoast_head_json":{"title":"Profesjonalne Artyku\u0142y Perukarskie | Peruki, Akcesoria, Narz\u0119dziaNZK-Wigstore","description":"WigStore-NZK \u2013 profesjonalne artyku\u0142y perukarskie: montury, ig\u0142y, akcesoria ta\u015bmy i wi\u0119cej. Wszystko, czego potrzebujesz do perukarstwa!","robots":{"index":"index","follow":"follow","max-snippet":"max-snippet:-1","max-image-preview":"max-image-preview:large","max-video-preview":"max-video-preview:-1"},"canonical":"https:\/\/wigstore-nzk.com\/en\/","og_locale":"en_US","og_type":"article","og_title":"Strona g\u0142\u00f3wna","og_description":"WigStore-NZK \u2013 profesjonalne artyku\u0142y perukarskie: montury, ig\u0142y, akcesoria ta\u015bmy i wi\u0119cej. Wszystko, czego potrzebujesz do perukarstwa!","og_url":"https:\/\/wigstore-nzk.com\/en\/","og_site_name":"NZK-Wigstore","article_modified_time":"2025-06-30T11:46:38+00:00","og_image":[{"url":"https:\/\/wigstore-nzk.com\/wp-content\/uploads\/2025\/01\/Foto_1_crop-1-scaled.jpg","type":"","width":"","height":""}],"twitter_card":"summary_large_image","twitter_misc":{"Est. reading time":"4 minutes"},"schema":{"@context":"https:\/\/schema.org","@graph":[{"@type":"WebPage","@id":"https:\/\/wigstore-nzk.com\/","url":"https:\/\/wigstore-nzk.com\/","name":"Profesjonalne Artyku\u0142y Perukarskie | Peruki, Akcesoria, Narz\u0119dziaNZK-Wigstore","isPartOf":{"@id":"https:\/\/wigstore-nzk.com\/#website"},"primaryImageOfPage":{"@id":"https:\/\/wigstore-nzk.com\/#primaryimage"},"image":{"@id":"https:\/\/wigstore-nzk.com\/#primaryimage"},"thumbnailUrl":"https:\/\/wigstore-nzk.com\/wp-content\/uploads\/2025\/01\/Foto_1_crop-1-scaled.jpg","datePublished":"2024-12-13T11:09:50+00:00","dateModified":"2025-06-30T11:46:38+00:00","description":"WigStore-NZK \u2013 profesjonalne artyku\u0142y perukarskie: montury, ig\u0142y, akcesoria ta\u015bmy i wi\u0119cej. Wszystko, czego potrzebujesz do perukarstwa!","breadcrumb":{"@id":"https:\/\/wigstore-nzk.com\/#breadcrumb"},"inLanguage":"en-US","potentialAction":[{"@type":"ReadAction","target":["https:\/\/wigstore-nzk.com\/"]}]},{"@type":"ImageObject","inLanguage":"en-US","@id":"https:\/\/wigstore-nzk.com\/#primaryimage","url":"https:\/\/wigstore-nzk.com\/wp-content\/uploads\/2025\/01\/Foto_1_crop-1-scaled.jpg","contentUrl":"https:\/\/wigstore-nzk.com\/wp-content\/uploads\/2025\/01\/Foto_1_crop-1-scaled.jpg"},{"@type":"BreadcrumbList","@id":"https:\/\/wigstore-nzk.com\/#breadcrumb","itemListElement":[{"@type":"ListItem","position":1,"name":"Strona g\u0142\u00f3wna","item":"https:\/\/wigstore-nzk.com\/"},{"@type":"ListItem","position":2,"name":"Strona g\u0142\u00f3wna"}]},{"@type":"WebSite","@id":"https:\/\/wigstore-nzk.com\/#website","url":"https:\/\/wigstore-nzk.com\/","name":"NZK-Wigstore","description":"","potentialAction":[{"@type":"SearchAction","target":{"@type":"EntryPoint","urlTemplate":"https:\/\/wigstore-nzk.com\/?s={search_term_string}"},"query-input":{"@type":"PropertyValueSpecification","valueRequired":true,"valueName":"search_term_string"}}],"inLanguage":"en-US"}]}},"_links":{"self":[{"href":"https:\/\/wigstore-nzk.com\/en\/wp-json\/wp\/v2\/pages\/113","targetHints":{"allow":["GET"]}}],"collection":[{"href":"https:\/\/wigstore-nzk.com\/en\/wp-json\/wp\/v2\/pages"}],"about":[{"href":"https:\/\/wigstore-nzk.com\/en\/wp-json\/wp\/v2\/types\/page"}],"author":[{"embeddable":true,"href":"https:\/\/wigstore-nzk.com\/en\/wp-json\/wp\/v2\/users\/18"}],"replies":[{"embeddable":true,"href":"https:\/\/wigstore-nzk.com\/en\/wp-json\/wp\/v2\/comments?post=113"}],"version-history":[{"count":170,"href":"https:\/\/wigstore-nzk.com\/en\/wp-json\/wp\/v2\/pages\/113\/revisions"}],"predecessor-version":[{"id":2635,"href":"https:\/\/wigstore-nzk.com\/en\/wp-json\/wp\/v2\/pages\/113\/revisions\/2635"}],"wp:attachment":[{"href":"https:\/\/wigstore-nzk.com\/en\/wp-json\/wp\/v2\/media?parent=113"}],"curies":[{"name":"wp","href":"https:\/\/api.w.org\/{rel}","templated":true}]}}