{"id":1895,"date":"2025-03-21T23:27:01","date_gmt":"2025-03-21T22:27:01","guid":{"rendered":"https:\/\/wigstore-nzk.com\/?page_id=1895"},"modified":"2025-03-30T17:29:44","modified_gmt":"2025-03-30T15:29:44","slug":"rezerwacje-kalendarz","status":"publish","type":"page","link":"https:\/\/wigstore-nzk.com\/en\/rezerwacje-kalendarz\/","title":{"rendered":"Rezerwacje kalendarz"},"content":{"rendered":"\t\t<div data-elementor-type=\"wp-page\" data-elementor-id=\"1895\" class=\"elementor elementor-1895\" data-elementor-post-type=\"page\">\n\t\t\t\t<div class=\"elementor-element elementor-element-fef297c e-flex e-con-boxed e-con e-parent\" data-id=\"fef297c\" data-element_type=\"container\" data-e-type=\"container\">\n\t\t\t\t\t<div class=\"e-con-inner\">\n\t\t\t\t<div class=\"elementor-element elementor-element-00f15fb elementor-widget elementor-widget-heading\" data-id=\"00f15fb\" data-element_type=\"widget\" data-e-type=\"widget\" data-widget_type=\"heading.default\">\n\t\t\t\t<div class=\"elementor-widget-container\">\n\t\t\t\t\t<h2 class=\"elementor-heading-title elementor-size-default\">Rezerwacje<\/h2>\t\t\t\t<\/div>\n\t\t\t\t<\/div>\n\t\t\t\t\t<\/div>\n\t\t\t\t<\/div>\n\t\t<div class=\"elementor-element elementor-element-674af99 e-grid e-con-boxed e-con e-parent\" data-id=\"674af99\" data-element_type=\"container\" data-e-type=\"container\">\n\t\t\t\t\t<div class=\"e-con-inner\">\n\t\t\t\t<div class=\"elementor-element elementor-element-61e0e97 elementor-widget elementor-widget-text-editor\" data-id=\"61e0e97\" data-element_type=\"widget\" data-e-type=\"widget\" data-widget_type=\"text-editor.default\">\n\t\t\t\t<div class=\"elementor-widget-container\">\n\t\t\t\t\t\t\t\t\t<h2 data-start=\"32\" data-end=\"71\"><strong data-start=\"32\" data-end=\"71\">Indywidualny dob\u00f3r peruk i topper\u00f3w<\/strong><\/h2>\n<p data-pm-slice=\"1 1 []\">Zapisz si\u0119 na profesjonaln\u0105 konsultacj\u0119 indywidualn\u0105 dotycz\u0105c\u0105 doboru peruki lub toppera. Podczas spotkania Natalia Zofia Kida \u2013 do\u015bwiadczony perukarz z ponad 10-letnim sta\u017cem \u2013 pomo\u017ce Ci wybra\u0107 idealne rozwi\u0105zanie dostosowane do Twoich potrzeb i oczekiwa\u0144. Konsultacja obejmuje analiz\u0119 preferencji, dob\u00f3r odpowiedniego modelu, pobranie miary oraz doradztwo dotycz\u0105ce najlepszych produkt\u00f3w i bazy pod peruk\u0119. Czas trwania spotkania to maksymalnie 1,5 godziny. Zr\u00f3b pierwszy krok ku nowemu, pewnemu siebie wygl\u0105dowi!<\/p>\t\t\t\t\t\t\t\t<\/div>\n\t\t\t\t<\/div>\n\t\t\t\t<div class=\"elementor-element elementor-element-8d66945 elementor-widget elementor-widget-text-editor\" data-id=\"8d66945\" data-element_type=\"widget\" data-e-type=\"widget\" data-widget_type=\"text-editor.default\">\n\t\t\t\t<div class=\"elementor-widget-container\">\n\t\t\t\t\t\t\t\t\t<h2><strong>Jak wykona\u0107 rezerwacje:<\/strong><\/h2>\n<p>1. Wybierz dzie\u0144 \u2013 sprawd\u017a dost\u0119pne terminy i zdecyduj, kiedy chcesz um\u00f3wi\u0107 si\u0119 na spotkanie.<\/p>\n<p>2. Wybierz godzin\u0119 \u2013 zaznacz preferowan\u0105 por\u0119 konsultacji.<\/p>\n<p>3. Potwierd\u017a dane \u2013 wype\u0142nij formularz rezerwacyjny, podaj\u0105c niezb\u0119dne informacje.<\/p>\n<p>4. Wybierz opcj\u0119 \u201eOdbi\u00f3r osobisty\u201d \u2013 aby nie op\u0142aca\u0107 zb\u0119dnie koszt\u00f3w wysy\u0142ki<\/p>\n<p>5. Op\u0142a\u0107 konsultacj\u0119 \u2013 dokonanie p\u0142atno\u015bci gwarantuje rezerwacj\u0119 terminu.<\/p>\t\t\t\t\t\t\t\t<\/div>\n\t\t\t\t<\/div>\n\t\t\t\t\t<\/div>\n\t\t\t\t<\/div>\n\t\t<div class=\"elementor-element elementor-element-54e24b7 e-flex e-con-boxed e-con e-parent\" data-id=\"54e24b7\" data-element_type=\"container\" data-e-type=\"container\">\n\t\t\t\t\t<div class=\"e-con-inner\">\n\t\t\t\t<div class=\"elementor-element elementor-element-836eec5 elementor-widget elementor-widget-text-editor\" data-id=\"836eec5\" data-element_type=\"widget\" data-e-type=\"widget\" data-widget_type=\"text-editor.default\">\n\t\t\t\t<div class=\"elementor-widget-container\">\n\t\t\t\t\t\t\t\t\t<p><div class=\"eventin-shortcode-wrapper\">\n    <div class=\"events_calendar_standard view-dayGridMonth\"\n        data-cat=\"[{&quot;category&quot;:&quot;Wizyty&quot;,&quot;category_ids&quot;:277}]\" data-controls=\"{&quot;btn_text&quot;:&quot;View Details&quot;,&quot;select_cat_text&quot;:&quot;All Categories&quot;,&quot;calendar_view&quot;:&quot;dayGridMonth&quot;,&quot;all_day_slot&quot;:&quot;no&quot;,&quot;post_parent&quot;:&quot;child&quot;}\">\n    <\/div>\n<\/div>\n<\/p>\t\t\t\t\t\t\t\t<\/div>\n\t\t\t\t<\/div>\n\t\t\t\t\t<\/div>\n\t\t\t\t<\/div>\n\t\t\t\t<\/div>\n\t\t","protected":false},"excerpt":{"rendered":"<p>Rezerwacje Indywidualny dob\u00f3r peruk i topper\u00f3w Zapisz si\u0119 na profesjonaln\u0105 konsultacj\u0119 indywidualn\u0105 dotycz\u0105c\u0105 doboru peruki lub toppera. Podczas spotkania Natalia Zofia Kida \u2013 do\u015bwiadczony perukarz z ponad 10-letnim sta\u017cem \u2013 pomo\u017ce Ci wybra\u0107 idealne rozwi\u0105zanie dostosowane do Twoich potrzeb i oczekiwa\u0144. Konsultacja obejmuje analiz\u0119 preferencji, dob\u00f3r odpowiedniego modelu, pobranie miary oraz doradztwo dotycz\u0105ce najlepszych produkt\u00f3w [&hellip;]<\/p>\n","protected":false},"author":18,"featured_media":0,"parent":0,"menu_order":0,"comment_status":"closed","ping_status":"closed","template":"","meta":{"footnotes":""},"class_list":["post-1895","page","type-page","status-publish","hentry"],"yoast_head":"<!-- This site is optimized with the Yoast SEO Premium plugin v24.5 (Yoast SEO v27.5) - https:\/\/yoast.com\/product\/yoast-seo-premium-wordpress\/ -->\n<title>Rezerwacje kalendarz - NZK-Wigstore<\/title>\n<meta name=\"robots\" content=\"index, follow, max-snippet:-1, max-image-preview:large, max-video-preview:-1\" \/>\n<link rel=\"canonical\" href=\"https:\/\/wigstore-nzk.com\/en\/rezerwacje-kalendarz\/\" \/>\n<meta property=\"og:locale\" content=\"en_US\" \/>\n<meta property=\"og:type\" content=\"article\" \/>\n<meta property=\"og:title\" content=\"Rezerwacje kalendarz\" \/>\n<meta property=\"og:description\" content=\"Rezerwacje Indywidualny dob\u00f3r peruk i topper\u00f3w Zapisz si\u0119 na profesjonaln\u0105 konsultacj\u0119 indywidualn\u0105 dotycz\u0105c\u0105 doboru peruki lub toppera. Podczas spotkania Natalia Zofia Kida \u2013 do\u015bwiadczony perukarz z ponad 10-letnim sta\u017cem \u2013 pomo\u017ce Ci wybra\u0107 idealne rozwi\u0105zanie dostosowane do Twoich potrzeb i oczekiwa\u0144. Konsultacja obejmuje analiz\u0119 preferencji, dob\u00f3r odpowiedniego modelu, pobranie miary oraz doradztwo dotycz\u0105ce najlepszych produkt\u00f3w [&hellip;]\" \/>\n<meta property=\"og:url\" content=\"https:\/\/wigstore-nzk.com\/en\/rezerwacje-kalendarz\/\" \/>\n<meta property=\"og:site_name\" content=\"NZK-Wigstore\" \/>\n<meta property=\"article:modified_time\" content=\"2025-03-30T15:29:44+00:00\" \/>\n<meta name=\"twitter:card\" content=\"summary_large_image\" \/>\n<meta name=\"twitter:label1\" content=\"Est. reading time\" \/>\n\t<meta name=\"twitter:data1\" content=\"1 minute\" \/>\n<script type=\"application\/ld+json\" class=\"yoast-schema-graph\">{\"@context\":\"https:\\\/\\\/schema.org\",\"@graph\":[{\"@type\":\"WebPage\",\"@id\":\"https:\\\/\\\/wigstore-nzk.com\\\/rezerwacje-kalendarz\\\/\",\"url\":\"https:\\\/\\\/wigstore-nzk.com\\\/rezerwacje-kalendarz\\\/\",\"name\":\"Rezerwacje kalendarz - NZK-Wigstore\",\"isPartOf\":{\"@id\":\"https:\\\/\\\/wigstore-nzk.com\\\/#website\"},\"datePublished\":\"2025-03-21T22:27:01+00:00\",\"dateModified\":\"2025-03-30T15:29:44+00:00\",\"breadcrumb\":{\"@id\":\"https:\\\/\\\/wigstore-nzk.com\\\/rezerwacje-kalendarz\\\/#breadcrumb\"},\"inLanguage\":\"en-US\",\"potentialAction\":[{\"@type\":\"ReadAction\",\"target\":[\"https:\\\/\\\/wigstore-nzk.com\\\/rezerwacje-kalendarz\\\/\"]}]},{\"@type\":\"BreadcrumbList\",\"@id\":\"https:\\\/\\\/wigstore-nzk.com\\\/rezerwacje-kalendarz\\\/#breadcrumb\",\"itemListElement\":[{\"@type\":\"ListItem\",\"position\":1,\"name\":\"Strona g\u0142\u00f3wna\",\"item\":\"https:\\\/\\\/wigstore-nzk.com\\\/\"},{\"@type\":\"ListItem\",\"position\":2,\"name\":\"Rezerwacje kalendarz\"}]},{\"@type\":\"WebSite\",\"@id\":\"https:\\\/\\\/wigstore-nzk.com\\\/#website\",\"url\":\"https:\\\/\\\/wigstore-nzk.com\\\/\",\"name\":\"NZK-Wigstore\",\"description\":\"\",\"potentialAction\":[{\"@type\":\"SearchAction\",\"target\":{\"@type\":\"EntryPoint\",\"urlTemplate\":\"https:\\\/\\\/wigstore-nzk.com\\\/?s={search_term_string}\"},\"query-input\":{\"@type\":\"PropertyValueSpecification\",\"valueRequired\":true,\"valueName\":\"search_term_string\"}}],\"inLanguage\":\"en-US\"}]}<\/script>\n<!-- \/ Yoast SEO Premium plugin. -->","yoast_head_json":{"title":"Rezerwacje kalendarz - NZK-Wigstore","robots":{"index":"index","follow":"follow","max-snippet":"max-snippet:-1","max-image-preview":"max-image-preview:large","max-video-preview":"max-video-preview:-1"},"canonical":"https:\/\/wigstore-nzk.com\/en\/rezerwacje-kalendarz\/","og_locale":"en_US","og_type":"article","og_title":"Rezerwacje kalendarz","og_description":"Rezerwacje Indywidualny dob\u00f3r peruk i topper\u00f3w Zapisz si\u0119 na profesjonaln\u0105 konsultacj\u0119 indywidualn\u0105 dotycz\u0105c\u0105 doboru peruki lub toppera. Podczas spotkania Natalia Zofia Kida \u2013 do\u015bwiadczony perukarz z ponad 10-letnim sta\u017cem \u2013 pomo\u017ce Ci wybra\u0107 idealne rozwi\u0105zanie dostosowane do Twoich potrzeb i oczekiwa\u0144. Konsultacja obejmuje analiz\u0119 preferencji, dob\u00f3r odpowiedniego modelu, pobranie miary oraz doradztwo dotycz\u0105ce najlepszych produkt\u00f3w [&hellip;]","og_url":"https:\/\/wigstore-nzk.com\/en\/rezerwacje-kalendarz\/","og_site_name":"NZK-Wigstore","article_modified_time":"2025-03-30T15:29:44+00:00","twitter_card":"summary_large_image","twitter_misc":{"Est. reading time":"1 minute"},"schema":{"@context":"https:\/\/schema.org","@graph":[{"@type":"WebPage","@id":"https:\/\/wigstore-nzk.com\/rezerwacje-kalendarz\/","url":"https:\/\/wigstore-nzk.com\/rezerwacje-kalendarz\/","name":"Rezerwacje kalendarz - NZK-Wigstore","isPartOf":{"@id":"https:\/\/wigstore-nzk.com\/#website"},"datePublished":"2025-03-21T22:27:01+00:00","dateModified":"2025-03-30T15:29:44+00:00","breadcrumb":{"@id":"https:\/\/wigstore-nzk.com\/rezerwacje-kalendarz\/#breadcrumb"},"inLanguage":"en-US","potentialAction":[{"@type":"ReadAction","target":["https:\/\/wigstore-nzk.com\/rezerwacje-kalendarz\/"]}]},{"@type":"BreadcrumbList","@id":"https:\/\/wigstore-nzk.com\/rezerwacje-kalendarz\/#breadcrumb","itemListElement":[{"@type":"ListItem","position":1,"name":"Strona g\u0142\u00f3wna","item":"https:\/\/wigstore-nzk.com\/"},{"@type":"ListItem","position":2,"name":"Rezerwacje kalendarz"}]},{"@type":"WebSite","@id":"https:\/\/wigstore-nzk.com\/#website","url":"https:\/\/wigstore-nzk.com\/","name":"NZK-Wigstore","description":"","potentialAction":[{"@type":"SearchAction","target":{"@type":"EntryPoint","urlTemplate":"https:\/\/wigstore-nzk.com\/?s={search_term_string}"},"query-input":{"@type":"PropertyValueSpecification","valueRequired":true,"valueName":"search_term_string"}}],"inLanguage":"en-US"}]}},"_links":{"self":[{"href":"https:\/\/wigstore-nzk.com\/en\/wp-json\/wp\/v2\/pages\/1895","targetHints":{"allow":["GET"]}}],"collection":[{"href":"https:\/\/wigstore-nzk.com\/en\/wp-json\/wp\/v2\/pages"}],"about":[{"href":"https:\/\/wigstore-nzk.com\/en\/wp-json\/wp\/v2\/types\/page"}],"author":[{"embeddable":true,"href":"https:\/\/wigstore-nzk.com\/en\/wp-json\/wp\/v2\/users\/18"}],"replies":[{"embeddable":true,"href":"https:\/\/wigstore-nzk.com\/en\/wp-json\/wp\/v2\/comments?post=1895"}],"version-history":[{"count":41,"href":"https:\/\/wigstore-nzk.com\/en\/wp-json\/wp\/v2\/pages\/1895\/revisions"}],"predecessor-version":[{"id":2095,"href":"https:\/\/wigstore-nzk.com\/en\/wp-json\/wp\/v2\/pages\/1895\/revisions\/2095"}],"wp:attachment":[{"href":"https:\/\/wigstore-nzk.com\/en\/wp-json\/wp\/v2\/media?parent=1895"}],"curies":[{"name":"wp","href":"https:\/\/api.w.org\/{rel}","templated":true}]}}