{"id":1012,"date":"2025-02-11T23:02:03","date_gmt":"2025-02-11T22:02:03","guid":{"rendered":"https:\/\/wigstore-nzk.com\/?post_type=product&#038;p=1012"},"modified":"2026-01-12T16:30:31","modified_gmt":"2026-01-12T15:30:31","slug":"kartacze-perukarskie","status":"publish","type":"product","link":"https:\/\/wigstore-nzk.com\/en\/product\/kartacze-perukarskie\/","title":{"rendered":"Kartacz perukarski"},"content":{"rendered":"<h3 data-start=\"0\" data-end=\"79\"><strong data-start=\"4\" data-end=\"77\">Kartacze perukarskie \u2013 profesjonalne narz\u0119dzie do pracy z perukami<\/strong><\/h3>\n<p>&nbsp;<\/p>\n<p data-start=\"81\" data-end=\"382\"><strong data-start=\"81\" data-end=\"105\">Kartacze perukarskie<\/strong> to specjalistyczne narz\u0119dzie wykorzystywane w r\u0119cznym tworzeniu i stylizacji peruk oraz tupet\u00f3w. Wykonane z solidnych materia\u0142\u00f3w, zapewniaj\u0105 odpowiednie podparcie i stabilizacj\u0119 w\u0142os\u00f3w podczas ich obr\u00f3bki. Idealne zar\u00f3wno do pracy z w\u0142osami naturalnymi, jak i syntetycznymi.<\/p>\n<h3 data-start=\"384\" data-end=\"409\"><\/h3>\n<h3 data-start=\"384\" data-end=\"409\"><strong data-start=\"388\" data-end=\"407\">Cechy produktu:<\/strong><\/h3>\n<p data-start=\"410\" data-end=\"746\">\u2714 <strong data-start=\"412\" data-end=\"451\">Profesjonalne narz\u0119dzie perukarskie<\/strong> \u2013 niezb\u0119dne w pracowniach perukarskich i charakteryzacji<br \/>\n<strong>\u2714 Wymiar 11,5&#215;28 cm<\/strong><br data-start=\"508\" data-end=\"511\" \/>\u2714 <strong data-start=\"513\" data-end=\"536\">Solidna konstrukcja<\/strong> \u2013 zapewnia stabilno\u015b\u0107 podczas pracy<br data-start=\"572\" data-end=\"575\" \/>\u2714 <strong data-start=\"577\" data-end=\"618\">Do w\u0142os\u00f3w naturalnych i syntetycznych<\/strong><br data-start=\"618\" data-end=\"621\" \/>\u2714 <strong data-start=\"623\" data-end=\"662\">U\u0142atwia r\u0119czne implantowanie w\u0142os\u00f3w<\/strong> \u2013 precyzyjna i wygodna obr\u00f3bka<br data-start=\"693\" data-end=\"696\" \/>\u2714 <strong data-start=\"698\" data-end=\"744\">Niezast\u0105pione w tworzeniu i naprawie peruk<\/strong><\/p>\n<p data-start=\"748\" data-end=\"862\" data-is-last-node=\"\">Kartacze s\u0105 niezawodnym elementem wyposa\u017cenia ka\u017cdej pracowni perukarskiej, gwarantuj\u0105c wygod\u0119 i precyzj\u0119 w pracy.<\/p>","protected":false},"excerpt":{"rendered":"<p data-start=\"0\" data-end=\"72\"><strong data-start=\"0\" data-end=\"70\">Kartacze perukarskie \u2013 profesjonalne narz\u0119dzie do stylizacji peruk<\/strong><\/p>\n<p data-start=\"74\" data-end=\"337\" data-is-last-node=\"\">Specjalistyczne <strong data-start=\"90\" data-end=\"114\">kartacze perukarskie<\/strong> zapewniaj\u0105 stabilizacj\u0119 w\u0142os\u00f3w podczas tworzenia i stylizacji peruk. Idealne do pracy z w\u0142osami naturalnymi i syntetycznymi, u\u0142atwiaj\u0105 r\u0119czne implantowanie oraz obr\u00f3bk\u0119 w\u0142os\u00f3w. Niezast\u0105pione w ka\u017cdej pracowni perukarskiej!<\/p>","protected":false},"featured_media":1014,"template":"","meta":[],"product_brand":[],"product_cat":[28,44],"product_tag":[288,76],"class_list":{"0":"post-1012","1":"product","2":"type-product","3":"status-publish","4":"has-post-thumbnail","6":"product_cat-akcesoria","7":"product_cat-przyrzady-do-trzymania-wlosow","8":"product_tag-akcesoria-do-peruk","9":"product_tag-akcesoria-perukarskie","11":"first","12":"instock","13":"taxable","14":"shipping-taxable","15":"purchasable","16":"product-type-simple"},"yoast_head":"<!-- This site is optimized with the Yoast SEO Premium plugin v24.5 (Yoast SEO v27.5) - https:\/\/yoast.com\/product\/yoast-seo-premium-wordpress\/ -->\n<title>Kartacz perukarski - NZK-Wigstore<\/title>\n<meta name=\"description\" content=\"Kartacze perukarskie to specjalistyczne narz\u0119dzie wykorzystywane w r\u0119cznym tworzeniu i stylizacji peruk oraz tupet\u00f3w. Wykonane z solidnych materia\u0142\u00f3w, zapewniaj\u0105 odpowiednie podparcie i stabilizacj\u0119 w\u0142os\u00f3w podczas ich obr\u00f3bki. Idealne zar\u00f3wno do pracy z w\u0142osami naturalnymi, jak i syntetycznymi.\" \/>\n<meta name=\"robots\" content=\"index, follow, max-snippet:-1, max-image-preview:large, max-video-preview:-1\" \/>\n<link rel=\"canonical\" href=\"https:\/\/wigstore-nzk.com\/en\/product\/kartacze-perukarskie\/\" \/>\n<meta property=\"og:locale\" content=\"en_US\" \/>\n<meta property=\"og:type\" content=\"article\" \/>\n<meta property=\"og:title\" content=\"Kartacz perukarski\" \/>\n<meta property=\"og:description\" content=\"Kartacze perukarskie to specjalistyczne narz\u0119dzie wykorzystywane w r\u0119cznym tworzeniu i stylizacji peruk oraz tupet\u00f3w. Wykonane z solidnych materia\u0142\u00f3w, zapewniaj\u0105 odpowiednie podparcie i stabilizacj\u0119 w\u0142os\u00f3w podczas ich obr\u00f3bki. Idealne zar\u00f3wno do pracy z w\u0142osami naturalnymi, jak i syntetycznymi.\" \/>\n<meta property=\"og:url\" content=\"https:\/\/wigstore-nzk.com\/en\/product\/kartacze-perukarskie\/\" \/>\n<meta property=\"og:site_name\" content=\"NZK-Wigstore\" \/>\n<meta property=\"article:modified_time\" content=\"2026-01-12T15:30:31+00:00\" \/>\n<meta name=\"twitter:card\" content=\"summary_large_image\" \/>\n<meta name=\"twitter:label1\" content=\"Est. reading time\" \/>\n\t<meta name=\"twitter:data1\" content=\"1 minute\" \/>\n<script type=\"application\/ld+json\" class=\"yoast-schema-graph\">{\"@context\":\"https:\\\/\\\/schema.org\",\"@graph\":[{\"@type\":\"WebPage\",\"@id\":\"https:\\\/\\\/wigstore-nzk.com\\\/produkt\\\/kartacze-perukarskie\\\/\",\"url\":\"https:\\\/\\\/wigstore-nzk.com\\\/produkt\\\/kartacze-perukarskie\\\/\",\"name\":\"Kartacz perukarski - NZK-Wigstore\",\"isPartOf\":{\"@id\":\"https:\\\/\\\/wigstore-nzk.com\\\/#website\"},\"primaryImageOfPage\":{\"@id\":\"https:\\\/\\\/wigstore-nzk.com\\\/produkt\\\/kartacze-perukarskie\\\/#primaryimage\"},\"image\":{\"@id\":\"https:\\\/\\\/wigstore-nzk.com\\\/produkt\\\/kartacze-perukarskie\\\/#primaryimage\"},\"thumbnailUrl\":\"https:\\\/\\\/wigstore-nzk.com\\\/wp-content\\\/uploads\\\/2025\\\/02\\\/IMG_0245-Srednie.jpg\",\"datePublished\":\"2025-02-11T22:02:03+00:00\",\"dateModified\":\"2026-01-12T15:30:31+00:00\",\"description\":\"Kartacze perukarskie to specjalistyczne narz\u0119dzie wykorzystywane w r\u0119cznym tworzeniu i stylizacji peruk oraz tupet\u00f3w. Wykonane z solidnych materia\u0142\u00f3w, zapewniaj\u0105 odpowiednie podparcie i stabilizacj\u0119 w\u0142os\u00f3w podczas ich obr\u00f3bki. Idealne zar\u00f3wno do pracy z w\u0142osami naturalnymi, jak i syntetycznymi.\",\"breadcrumb\":{\"@id\":\"https:\\\/\\\/wigstore-nzk.com\\\/produkt\\\/kartacze-perukarskie\\\/#breadcrumb\"},\"inLanguage\":\"en-US\",\"potentialAction\":[{\"@type\":\"ReadAction\",\"target\":[\"https:\\\/\\\/wigstore-nzk.com\\\/produkt\\\/kartacze-perukarskie\\\/\"]}]},{\"@type\":\"ImageObject\",\"inLanguage\":\"en-US\",\"@id\":\"https:\\\/\\\/wigstore-nzk.com\\\/produkt\\\/kartacze-perukarskie\\\/#primaryimage\",\"url\":\"https:\\\/\\\/wigstore-nzk.com\\\/wp-content\\\/uploads\\\/2025\\\/02\\\/IMG_0245-Srednie.jpg\",\"contentUrl\":\"https:\\\/\\\/wigstore-nzk.com\\\/wp-content\\\/uploads\\\/2025\\\/02\\\/IMG_0245-Srednie.jpg\",\"width\":768,\"height\":1024},{\"@type\":\"BreadcrumbList\",\"@id\":\"https:\\\/\\\/wigstore-nzk.com\\\/produkt\\\/kartacze-perukarskie\\\/#breadcrumb\",\"itemListElement\":[{\"@type\":\"ListItem\",\"position\":1,\"name\":\"Strona g\u0142\u00f3wna\",\"item\":\"https:\\\/\\\/wigstore-nzk.com\\\/\"},{\"@type\":\"ListItem\",\"position\":2,\"name\":\"Sklep\",\"item\":\"https:\\\/\\\/wigstore-nzk.com\\\/sklep\\\/\"},{\"@type\":\"ListItem\",\"position\":3,\"name\":\"Kartacz perukarski\"}]},{\"@type\":\"WebSite\",\"@id\":\"https:\\\/\\\/wigstore-nzk.com\\\/#website\",\"url\":\"https:\\\/\\\/wigstore-nzk.com\\\/\",\"name\":\"NZK-Wigstore\",\"description\":\"\",\"potentialAction\":[{\"@type\":\"SearchAction\",\"target\":{\"@type\":\"EntryPoint\",\"urlTemplate\":\"https:\\\/\\\/wigstore-nzk.com\\\/?s={search_term_string}\"},\"query-input\":{\"@type\":\"PropertyValueSpecification\",\"valueRequired\":true,\"valueName\":\"search_term_string\"}}],\"inLanguage\":\"en-US\"}]}<\/script>\n<!-- \/ Yoast SEO Premium plugin. -->","yoast_head_json":{"title":"Kartacz perukarski - NZK-Wigstore","description":"Kartacze perukarskie to specjalistyczne narz\u0119dzie wykorzystywane w r\u0119cznym tworzeniu i stylizacji peruk oraz tupet\u00f3w. Wykonane z solidnych materia\u0142\u00f3w, zapewniaj\u0105 odpowiednie podparcie i stabilizacj\u0119 w\u0142os\u00f3w podczas ich obr\u00f3bki. Idealne zar\u00f3wno do pracy z w\u0142osami naturalnymi, jak i syntetycznymi.","robots":{"index":"index","follow":"follow","max-snippet":"max-snippet:-1","max-image-preview":"max-image-preview:large","max-video-preview":"max-video-preview:-1"},"canonical":"https:\/\/wigstore-nzk.com\/en\/product\/kartacze-perukarskie\/","og_locale":"en_US","og_type":"article","og_title":"Kartacz perukarski","og_description":"Kartacze perukarskie to specjalistyczne narz\u0119dzie wykorzystywane w r\u0119cznym tworzeniu i stylizacji peruk oraz tupet\u00f3w. Wykonane z solidnych materia\u0142\u00f3w, zapewniaj\u0105 odpowiednie podparcie i stabilizacj\u0119 w\u0142os\u00f3w podczas ich obr\u00f3bki. Idealne zar\u00f3wno do pracy z w\u0142osami naturalnymi, jak i syntetycznymi.","og_url":"https:\/\/wigstore-nzk.com\/en\/product\/kartacze-perukarskie\/","og_site_name":"NZK-Wigstore","article_modified_time":"2026-01-12T15:30:31+00:00","twitter_card":"summary_large_image","twitter_misc":{"Est. reading time":"1 minute"},"schema":{"@context":"https:\/\/schema.org","@graph":[{"@type":"WebPage","@id":"https:\/\/wigstore-nzk.com\/produkt\/kartacze-perukarskie\/","url":"https:\/\/wigstore-nzk.com\/produkt\/kartacze-perukarskie\/","name":"Kartacz perukarski - NZK-Wigstore","isPartOf":{"@id":"https:\/\/wigstore-nzk.com\/#website"},"primaryImageOfPage":{"@id":"https:\/\/wigstore-nzk.com\/produkt\/kartacze-perukarskie\/#primaryimage"},"image":{"@id":"https:\/\/wigstore-nzk.com\/produkt\/kartacze-perukarskie\/#primaryimage"},"thumbnailUrl":"https:\/\/wigstore-nzk.com\/wp-content\/uploads\/2025\/02\/IMG_0245-Srednie.jpg","datePublished":"2025-02-11T22:02:03+00:00","dateModified":"2026-01-12T15:30:31+00:00","description":"Kartacze perukarskie to specjalistyczne narz\u0119dzie wykorzystywane w r\u0119cznym tworzeniu i stylizacji peruk oraz tupet\u00f3w. Wykonane z solidnych materia\u0142\u00f3w, zapewniaj\u0105 odpowiednie podparcie i stabilizacj\u0119 w\u0142os\u00f3w podczas ich obr\u00f3bki. Idealne zar\u00f3wno do pracy z w\u0142osami naturalnymi, jak i syntetycznymi.","breadcrumb":{"@id":"https:\/\/wigstore-nzk.com\/produkt\/kartacze-perukarskie\/#breadcrumb"},"inLanguage":"en-US","potentialAction":[{"@type":"ReadAction","target":["https:\/\/wigstore-nzk.com\/produkt\/kartacze-perukarskie\/"]}]},{"@type":"ImageObject","inLanguage":"en-US","@id":"https:\/\/wigstore-nzk.com\/produkt\/kartacze-perukarskie\/#primaryimage","url":"https:\/\/wigstore-nzk.com\/wp-content\/uploads\/2025\/02\/IMG_0245-Srednie.jpg","contentUrl":"https:\/\/wigstore-nzk.com\/wp-content\/uploads\/2025\/02\/IMG_0245-Srednie.jpg","width":768,"height":1024},{"@type":"BreadcrumbList","@id":"https:\/\/wigstore-nzk.com\/produkt\/kartacze-perukarskie\/#breadcrumb","itemListElement":[{"@type":"ListItem","position":1,"name":"Strona g\u0142\u00f3wna","item":"https:\/\/wigstore-nzk.com\/"},{"@type":"ListItem","position":2,"name":"Sklep","item":"https:\/\/wigstore-nzk.com\/sklep\/"},{"@type":"ListItem","position":3,"name":"Kartacz perukarski"}]},{"@type":"WebSite","@id":"https:\/\/wigstore-nzk.com\/#website","url":"https:\/\/wigstore-nzk.com\/","name":"NZK-Wigstore","description":"","potentialAction":[{"@type":"SearchAction","target":{"@type":"EntryPoint","urlTemplate":"https:\/\/wigstore-nzk.com\/?s={search_term_string}"},"query-input":{"@type":"PropertyValueSpecification","valueRequired":true,"valueName":"search_term_string"}}],"inLanguage":"en-US"}]}},"_links":{"self":[{"href":"https:\/\/wigstore-nzk.com\/en\/wp-json\/wp\/v2\/product\/1012","targetHints":{"allow":["GET"]}}],"collection":[{"href":"https:\/\/wigstore-nzk.com\/en\/wp-json\/wp\/v2\/product"}],"about":[{"href":"https:\/\/wigstore-nzk.com\/en\/wp-json\/wp\/v2\/types\/product"}],"version-history":[{"count":5,"href":"https:\/\/wigstore-nzk.com\/en\/wp-json\/wp\/v2\/product\/1012\/revisions"}],"predecessor-version":[{"id":2237,"href":"https:\/\/wigstore-nzk.com\/en\/wp-json\/wp\/v2\/product\/1012\/revisions\/2237"}],"wp:featuredmedia":[{"embeddable":true,"href":"https:\/\/wigstore-nzk.com\/en\/wp-json\/wp\/v2\/media\/1014"}],"wp:attachment":[{"href":"https:\/\/wigstore-nzk.com\/en\/wp-json\/wp\/v2\/media?parent=1012"}],"wp:term":[{"taxonomy":"product_brand","embeddable":true,"href":"https:\/\/wigstore-nzk.com\/en\/wp-json\/wp\/v2\/product_brand?post=1012"},{"taxonomy":"product_cat","embeddable":true,"href":"https:\/\/wigstore-nzk.com\/en\/wp-json\/wp\/v2\/product_cat?post=1012"},{"taxonomy":"product_tag","embeddable":true,"href":"https:\/\/wigstore-nzk.com\/en\/wp-json\/wp\/v2\/product_tag?post=1012"}],"curies":[{"name":"wp","href":"https:\/\/api.w.org\/{rel}","templated":true}]}}