{"id":1028,"date":"2025-02-12T19:58:14","date_gmt":"2025-02-12T18:58:14","guid":{"rendered":"https:\/\/wigstore-nzk.com\/?post_type=product&#038;p=1028"},"modified":"2025-11-25T14:21:53","modified_gmt":"2025-11-25T13:21:53","slug":"model-glowy-kobiecej-czarny","status":"publish","type":"product","link":"https:\/\/wigstore-nzk.com\/en\/product\/model-glowy-kobiecej-czarny\/","title":{"rendered":"Model g\u0142owy kobiecej, czarny"},"content":{"rendered":"<p><strong>Model g\u0142owy kobiecej 52cm, czarny<\/strong><\/p>\n<p>&nbsp;<\/p>\n<p>Wyj\u0105tkowy manekin kosmetyczny w kolorze czarnym, wykonany z trwa\u0142ego i wysokiej jako\u015bci tworzywa sztucznego. Jego realistyczna konstrukcja odwzorowuje ludzk\u0105 g\u0142ow\u0119 z symetrycznymi rysami twarzy, delikatnie zaznaczonymi brwiami oraz subtelnymi oczami, co sprawia, \u017ce jest doskona\u0142ym narz\u0119dziem do nauki i doskonalenia technik kosmetycznych, jak r\u00f3wnie\u017c do ekspozycji oraz piel\u0119gnacji Twojej peruki. Dzi\u0119ki u\u017cyciu tej g\u0142\u00f3wki, Twoja peruka utrzyma sw\u00f3j pierwotny kszta\u0142t jak r\u00f3wnie\u017c wyd\u0142u\u017cy jej \u017cywotno\u015b\u0107. G\u0142adka i jednolita powierzchnia umo\u017cliwia \u0142atwe czyszczenie oraz piel\u0119gnacj\u0119, dzi\u0119ki czemu manekin zawsze wygl\u0105da estetycznie. Stabilna podstawa zapewnia wygod\u0119 pracy, niezale\u017cnie od miejsca u\u017cytkowania.<\/p>\n<p>&nbsp;<\/p>\n<p><strong>Kluczowe cechy produktu:<\/strong><\/p>\n<p>&nbsp;<\/p>\n<p><strong>\u2705 Kolor:<\/strong> Czarny<\/p>\n<p><strong>\u2705 Wysoko\u015b\u0107: <\/strong>30 cm,<\/p>\n<p><strong>\u2705 Przeznaczenie:<\/strong> Idealny do aplikacji oraz piel\u0119gnacji peruk, nauki wiza\u017cu i fryzjerstwa<\/p>\n<p><strong>\u2705 Wysoka jako\u015b\u0107:<\/strong> Trwa\u0142e a jednocze\u015bnie mi\u0119kkie z mo\u017cliwo\u015bci\u0105 wbijania szpilek tworzywo sztuczne<\/p>\n<p><strong>\u2705 \u0141atwo\u015b\u0107 piel\u0119gnacji:<\/strong> G\u0142adka powierzchnia do szybkiego czyszczenia<\/p>\n<p><strong>\u2705 Uniwersalno\u015b\u0107:<\/strong> \u015awietny do u\u017cytku w szko\u0142ach kosmetycznych, salonach urody oraz w domowym zaciszu<\/p>","protected":false},"excerpt":{"rendered":"<p>Perukarska g\u0142\u00f3wka silikonowa o obwodzie 52cm to niezast\u0105pione narz\u0119dzie do piel\u0119gnacji i przechowywania peruk. Dzi\u0119ki elastycznemu materia\u0142owi, g\u0142\u00f3wka idealnie odwzorowuje kszta\u0142t ludzkiej g\u0142owy, zapewniaj\u0105c stabilne i bezpieczne przechowywanie peruki. Pomaga w utrzymaniu naturalnego kszta\u0142tu w\u0142os\u00f3w oraz u\u0142atwia ich stylizacj\u0119, chroni\u0105c przed odkszta\u0142ceniami. Idealna do u\u017cytku profesjonalnego w salonach fryzjerskich oraz do codziennej piel\u0119gnacji w domu.<\/p>","protected":false},"featured_media":1029,"template":"","meta":[],"product_brand":[],"product_cat":[28,35],"product_tag":[76],"class_list":{"0":"post-1028","1":"product","2":"type-product","3":"status-publish","4":"has-post-thumbnail","6":"product_cat-akcesoria","7":"product_cat-glowki-i-uchwyty-na-peruke","8":"product_tag-akcesoria-perukarskie","10":"first","11":"instock","12":"taxable","13":"shipping-taxable","14":"purchasable","15":"product-type-simple"},"yoast_head":"<!-- This site is optimized with the Yoast SEO Premium plugin v24.5 (Yoast SEO v27.5) - https:\/\/yoast.com\/product\/yoast-seo-premium-wordpress\/ -->\n<title>Model g\u0142owy kobiecej, czarny - NZK-Wigstore<\/title>\n<meta name=\"description\" content=\"Wyj\u0105tkowy manekin kosmetyczny o obwodzie 52cm w kolorze czarnym, wykonany z trwa\u0142ego i wysokiej jako\u015bci tworzywa sztucznego. Jego realistyczna konstrukcja odwzorowuje ludzk\u0105 g\u0142ow\u0119 z symetrycznymi rysami twarzy, delikatnie zaznaczonymi brwiami oraz subtelnymi oczami, co sprawia, \u017ce jest doskona\u0142ym narz\u0119dziem do nauki i doskonalenia technik kosmetycznych, jak r\u00f3wnie\u017c do ekspozycji oraz piel\u0119gnacji Twojej peruki. Dzi\u0119ki u\u017cyciu tej g\u0142\u00f3wki, Twoja peruka utrzyma sw\u00f3j pierwotny kszta\u0142t jak r\u00f3wnie\u017c wyd\u0142u\u017cy jej \u017cywotno\u015b\u0107. G\u0142adka i jednolita powierzchnia umo\u017cliwia \u0142atwe czyszczenie oraz piel\u0119gnacj\u0119, dzi\u0119ki czemu manekin zawsze wygl\u0105da estetycznie. Stabilna podstawa zapewnia wygod\u0119 pracy, niezale\u017cnie od miejsca u\u017cytkowania.\" \/>\n<meta name=\"robots\" content=\"index, follow, max-snippet:-1, max-image-preview:large, max-video-preview:-1\" \/>\n<link rel=\"canonical\" href=\"https:\/\/wigstore-nzk.com\/en\/product\/model-glowy-kobiecej-czarny\/\" \/>\n<meta property=\"og:locale\" content=\"en_US\" \/>\n<meta property=\"og:type\" content=\"article\" \/>\n<meta property=\"og:title\" content=\"Model g\u0142owy kobiecej, czarny\" \/>\n<meta property=\"og:description\" content=\"Wyj\u0105tkowy manekin kosmetyczny o obwodzie 52cm w kolorze czarnym, wykonany z trwa\u0142ego i wysokiej jako\u015bci tworzywa sztucznego. Jego realistyczna konstrukcja odwzorowuje ludzk\u0105 g\u0142ow\u0119 z symetrycznymi rysami twarzy, delikatnie zaznaczonymi brwiami oraz subtelnymi oczami, co sprawia, \u017ce jest doskona\u0142ym narz\u0119dziem do nauki i doskonalenia technik kosmetycznych, jak r\u00f3wnie\u017c do ekspozycji oraz piel\u0119gnacji Twojej peruki. Dzi\u0119ki u\u017cyciu tej g\u0142\u00f3wki, Twoja peruka utrzyma sw\u00f3j pierwotny kszta\u0142t jak r\u00f3wnie\u017c wyd\u0142u\u017cy jej \u017cywotno\u015b\u0107. G\u0142adka i jednolita powierzchnia umo\u017cliwia \u0142atwe czyszczenie oraz piel\u0119gnacj\u0119, dzi\u0119ki czemu manekin zawsze wygl\u0105da estetycznie. Stabilna podstawa zapewnia wygod\u0119 pracy, niezale\u017cnie od miejsca u\u017cytkowania.\" \/>\n<meta property=\"og:url\" content=\"https:\/\/wigstore-nzk.com\/en\/product\/model-glowy-kobiecej-czarny\/\" \/>\n<meta property=\"og:site_name\" content=\"NZK-Wigstore\" \/>\n<meta property=\"article:modified_time\" content=\"2025-11-25T13:21:53+00:00\" \/>\n<meta property=\"og:image\" content=\"https:\/\/wigstore-nzk.com\/wp-content\/uploads\/2025\/02\/10A_GlowkaCzarna_1_Canv_Front-Duze.png\" \/>\n\t<meta property=\"og:image:width\" content=\"1080\" \/>\n\t<meta property=\"og:image:height\" content=\"1440\" \/>\n\t<meta property=\"og:image:type\" content=\"image\/png\" \/>\n<meta name=\"twitter:card\" content=\"summary_large_image\" \/>\n<meta name=\"twitter:label1\" content=\"Est. reading time\" \/>\n\t<meta name=\"twitter:data1\" content=\"2 minutes\" \/>\n<script type=\"application\/ld+json\" class=\"yoast-schema-graph\">{\"@context\":\"https:\\\/\\\/schema.org\",\"@graph\":[{\"@type\":\"WebPage\",\"@id\":\"https:\\\/\\\/wigstore-nzk.com\\\/produkt\\\/model-glowy-kobiecej-czarny\\\/\",\"url\":\"https:\\\/\\\/wigstore-nzk.com\\\/produkt\\\/model-glowy-kobiecej-czarny\\\/\",\"name\":\"Model g\u0142owy kobiecej, czarny - NZK-Wigstore\",\"isPartOf\":{\"@id\":\"https:\\\/\\\/wigstore-nzk.com\\\/#website\"},\"primaryImageOfPage\":{\"@id\":\"https:\\\/\\\/wigstore-nzk.com\\\/produkt\\\/model-glowy-kobiecej-czarny\\\/#primaryimage\"},\"image\":{\"@id\":\"https:\\\/\\\/wigstore-nzk.com\\\/produkt\\\/model-glowy-kobiecej-czarny\\\/#primaryimage\"},\"thumbnailUrl\":\"https:\\\/\\\/wigstore-nzk.com\\\/wp-content\\\/uploads\\\/2025\\\/02\\\/10A_GlowkaCzarna_1_Canv_Front-Duze.png\",\"datePublished\":\"2025-02-12T18:58:14+00:00\",\"dateModified\":\"2025-11-25T13:21:53+00:00\",\"description\":\"Wyj\u0105tkowy manekin kosmetyczny o obwodzie 52cm w kolorze czarnym, wykonany z trwa\u0142ego i wysokiej jako\u015bci tworzywa sztucznego. Jego realistyczna konstrukcja odwzorowuje ludzk\u0105 g\u0142ow\u0119 z symetrycznymi rysami twarzy, delikatnie zaznaczonymi brwiami oraz subtelnymi oczami, co sprawia, \u017ce jest doskona\u0142ym narz\u0119dziem do nauki i doskonalenia technik kosmetycznych, jak r\u00f3wnie\u017c do ekspozycji oraz piel\u0119gnacji Twojej peruki. Dzi\u0119ki u\u017cyciu tej g\u0142\u00f3wki, Twoja peruka utrzyma sw\u00f3j pierwotny kszta\u0142t jak r\u00f3wnie\u017c wyd\u0142u\u017cy jej \u017cywotno\u015b\u0107. G\u0142adka i jednolita powierzchnia umo\u017cliwia \u0142atwe czyszczenie oraz piel\u0119gnacj\u0119, dzi\u0119ki czemu manekin zawsze wygl\u0105da estetycznie. Stabilna podstawa zapewnia wygod\u0119 pracy, niezale\u017cnie od miejsca u\u017cytkowania.\",\"breadcrumb\":{\"@id\":\"https:\\\/\\\/wigstore-nzk.com\\\/produkt\\\/model-glowy-kobiecej-czarny\\\/#breadcrumb\"},\"inLanguage\":\"en-US\",\"potentialAction\":[{\"@type\":\"ReadAction\",\"target\":[\"https:\\\/\\\/wigstore-nzk.com\\\/produkt\\\/model-glowy-kobiecej-czarny\\\/\"]}]},{\"@type\":\"ImageObject\",\"inLanguage\":\"en-US\",\"@id\":\"https:\\\/\\\/wigstore-nzk.com\\\/produkt\\\/model-glowy-kobiecej-czarny\\\/#primaryimage\",\"url\":\"https:\\\/\\\/wigstore-nzk.com\\\/wp-content\\\/uploads\\\/2025\\\/02\\\/10A_GlowkaCzarna_1_Canv_Front-Duze.png\",\"contentUrl\":\"https:\\\/\\\/wigstore-nzk.com\\\/wp-content\\\/uploads\\\/2025\\\/02\\\/10A_GlowkaCzarna_1_Canv_Front-Duze.png\",\"width\":1080,\"height\":1440},{\"@type\":\"BreadcrumbList\",\"@id\":\"https:\\\/\\\/wigstore-nzk.com\\\/produkt\\\/model-glowy-kobiecej-czarny\\\/#breadcrumb\",\"itemListElement\":[{\"@type\":\"ListItem\",\"position\":1,\"name\":\"Strona g\u0142\u00f3wna\",\"item\":\"https:\\\/\\\/wigstore-nzk.com\\\/\"},{\"@type\":\"ListItem\",\"position\":2,\"name\":\"Sklep\",\"item\":\"https:\\\/\\\/wigstore-nzk.com\\\/sklep\\\/\"},{\"@type\":\"ListItem\",\"position\":3,\"name\":\"Model g\u0142owy kobiecej, czarny\"}]},{\"@type\":\"WebSite\",\"@id\":\"https:\\\/\\\/wigstore-nzk.com\\\/#website\",\"url\":\"https:\\\/\\\/wigstore-nzk.com\\\/\",\"name\":\"NZK-Wigstore\",\"description\":\"\",\"potentialAction\":[{\"@type\":\"SearchAction\",\"target\":{\"@type\":\"EntryPoint\",\"urlTemplate\":\"https:\\\/\\\/wigstore-nzk.com\\\/?s={search_term_string}\"},\"query-input\":{\"@type\":\"PropertyValueSpecification\",\"valueRequired\":true,\"valueName\":\"search_term_string\"}}],\"inLanguage\":\"en-US\"}]}<\/script>\n<!-- \/ Yoast SEO Premium plugin. -->","yoast_head_json":{"title":"Model g\u0142owy kobiecej, czarny - NZK-Wigstore","description":"Wyj\u0105tkowy manekin kosmetyczny o obwodzie 52cm w kolorze czarnym, wykonany z trwa\u0142ego i wysokiej jako\u015bci tworzywa sztucznego. Jego realistyczna konstrukcja odwzorowuje ludzk\u0105 g\u0142ow\u0119 z symetrycznymi rysami twarzy, delikatnie zaznaczonymi brwiami oraz subtelnymi oczami, co sprawia, \u017ce jest doskona\u0142ym narz\u0119dziem do nauki i doskonalenia technik kosmetycznych, jak r\u00f3wnie\u017c do ekspozycji oraz piel\u0119gnacji Twojej peruki. Dzi\u0119ki u\u017cyciu tej g\u0142\u00f3wki, Twoja peruka utrzyma sw\u00f3j pierwotny kszta\u0142t jak r\u00f3wnie\u017c wyd\u0142u\u017cy jej \u017cywotno\u015b\u0107. G\u0142adka i jednolita powierzchnia umo\u017cliwia \u0142atwe czyszczenie oraz piel\u0119gnacj\u0119, dzi\u0119ki czemu manekin zawsze wygl\u0105da estetycznie. Stabilna podstawa zapewnia wygod\u0119 pracy, niezale\u017cnie od miejsca u\u017cytkowania.","robots":{"index":"index","follow":"follow","max-snippet":"max-snippet:-1","max-image-preview":"max-image-preview:large","max-video-preview":"max-video-preview:-1"},"canonical":"https:\/\/wigstore-nzk.com\/en\/product\/model-glowy-kobiecej-czarny\/","og_locale":"en_US","og_type":"article","og_title":"Model g\u0142owy kobiecej, czarny","og_description":"Wyj\u0105tkowy manekin kosmetyczny o obwodzie 52cm w kolorze czarnym, wykonany z trwa\u0142ego i wysokiej jako\u015bci tworzywa sztucznego. Jego realistyczna konstrukcja odwzorowuje ludzk\u0105 g\u0142ow\u0119 z symetrycznymi rysami twarzy, delikatnie zaznaczonymi brwiami oraz subtelnymi oczami, co sprawia, \u017ce jest doskona\u0142ym narz\u0119dziem do nauki i doskonalenia technik kosmetycznych, jak r\u00f3wnie\u017c do ekspozycji oraz piel\u0119gnacji Twojej peruki. Dzi\u0119ki u\u017cyciu tej g\u0142\u00f3wki, Twoja peruka utrzyma sw\u00f3j pierwotny kszta\u0142t jak r\u00f3wnie\u017c wyd\u0142u\u017cy jej \u017cywotno\u015b\u0107. G\u0142adka i jednolita powierzchnia umo\u017cliwia \u0142atwe czyszczenie oraz piel\u0119gnacj\u0119, dzi\u0119ki czemu manekin zawsze wygl\u0105da estetycznie. Stabilna podstawa zapewnia wygod\u0119 pracy, niezale\u017cnie od miejsca u\u017cytkowania.","og_url":"https:\/\/wigstore-nzk.com\/en\/product\/model-glowy-kobiecej-czarny\/","og_site_name":"NZK-Wigstore","article_modified_time":"2025-11-25T13:21:53+00:00","og_image":[{"width":1080,"height":1440,"url":"https:\/\/wigstore-nzk.com\/wp-content\/uploads\/2025\/02\/10A_GlowkaCzarna_1_Canv_Front-Duze.png","type":"image\/png"}],"twitter_card":"summary_large_image","twitter_misc":{"Est. reading time":"2 minutes"},"schema":{"@context":"https:\/\/schema.org","@graph":[{"@type":"WebPage","@id":"https:\/\/wigstore-nzk.com\/produkt\/model-glowy-kobiecej-czarny\/","url":"https:\/\/wigstore-nzk.com\/produkt\/model-glowy-kobiecej-czarny\/","name":"Model g\u0142owy kobiecej, czarny - NZK-Wigstore","isPartOf":{"@id":"https:\/\/wigstore-nzk.com\/#website"},"primaryImageOfPage":{"@id":"https:\/\/wigstore-nzk.com\/produkt\/model-glowy-kobiecej-czarny\/#primaryimage"},"image":{"@id":"https:\/\/wigstore-nzk.com\/produkt\/model-glowy-kobiecej-czarny\/#primaryimage"},"thumbnailUrl":"https:\/\/wigstore-nzk.com\/wp-content\/uploads\/2025\/02\/10A_GlowkaCzarna_1_Canv_Front-Duze.png","datePublished":"2025-02-12T18:58:14+00:00","dateModified":"2025-11-25T13:21:53+00:00","description":"Wyj\u0105tkowy manekin kosmetyczny o obwodzie 52cm w kolorze czarnym, wykonany z trwa\u0142ego i wysokiej jako\u015bci tworzywa sztucznego. Jego realistyczna konstrukcja odwzorowuje ludzk\u0105 g\u0142ow\u0119 z symetrycznymi rysami twarzy, delikatnie zaznaczonymi brwiami oraz subtelnymi oczami, co sprawia, \u017ce jest doskona\u0142ym narz\u0119dziem do nauki i doskonalenia technik kosmetycznych, jak r\u00f3wnie\u017c do ekspozycji oraz piel\u0119gnacji Twojej peruki. Dzi\u0119ki u\u017cyciu tej g\u0142\u00f3wki, Twoja peruka utrzyma sw\u00f3j pierwotny kszta\u0142t jak r\u00f3wnie\u017c wyd\u0142u\u017cy jej \u017cywotno\u015b\u0107. G\u0142adka i jednolita powierzchnia umo\u017cliwia \u0142atwe czyszczenie oraz piel\u0119gnacj\u0119, dzi\u0119ki czemu manekin zawsze wygl\u0105da estetycznie. Stabilna podstawa zapewnia wygod\u0119 pracy, niezale\u017cnie od miejsca u\u017cytkowania.","breadcrumb":{"@id":"https:\/\/wigstore-nzk.com\/produkt\/model-glowy-kobiecej-czarny\/#breadcrumb"},"inLanguage":"en-US","potentialAction":[{"@type":"ReadAction","target":["https:\/\/wigstore-nzk.com\/produkt\/model-glowy-kobiecej-czarny\/"]}]},{"@type":"ImageObject","inLanguage":"en-US","@id":"https:\/\/wigstore-nzk.com\/produkt\/model-glowy-kobiecej-czarny\/#primaryimage","url":"https:\/\/wigstore-nzk.com\/wp-content\/uploads\/2025\/02\/10A_GlowkaCzarna_1_Canv_Front-Duze.png","contentUrl":"https:\/\/wigstore-nzk.com\/wp-content\/uploads\/2025\/02\/10A_GlowkaCzarna_1_Canv_Front-Duze.png","width":1080,"height":1440},{"@type":"BreadcrumbList","@id":"https:\/\/wigstore-nzk.com\/produkt\/model-glowy-kobiecej-czarny\/#breadcrumb","itemListElement":[{"@type":"ListItem","position":1,"name":"Strona g\u0142\u00f3wna","item":"https:\/\/wigstore-nzk.com\/"},{"@type":"ListItem","position":2,"name":"Sklep","item":"https:\/\/wigstore-nzk.com\/sklep\/"},{"@type":"ListItem","position":3,"name":"Model g\u0142owy kobiecej, czarny"}]},{"@type":"WebSite","@id":"https:\/\/wigstore-nzk.com\/#website","url":"https:\/\/wigstore-nzk.com\/","name":"NZK-Wigstore","description":"","potentialAction":[{"@type":"SearchAction","target":{"@type":"EntryPoint","urlTemplate":"https:\/\/wigstore-nzk.com\/?s={search_term_string}"},"query-input":{"@type":"PropertyValueSpecification","valueRequired":true,"valueName":"search_term_string"}}],"inLanguage":"en-US"}]}},"_links":{"self":[{"href":"https:\/\/wigstore-nzk.com\/en\/wp-json\/wp\/v2\/product\/1028","targetHints":{"allow":["GET"]}}],"collection":[{"href":"https:\/\/wigstore-nzk.com\/en\/wp-json\/wp\/v2\/product"}],"about":[{"href":"https:\/\/wigstore-nzk.com\/en\/wp-json\/wp\/v2\/types\/product"}],"version-history":[{"count":5,"href":"https:\/\/wigstore-nzk.com\/en\/wp-json\/wp\/v2\/product\/1028\/revisions"}],"predecessor-version":[{"id":1969,"href":"https:\/\/wigstore-nzk.com\/en\/wp-json\/wp\/v2\/product\/1028\/revisions\/1969"}],"wp:featuredmedia":[{"embeddable":true,"href":"https:\/\/wigstore-nzk.com\/en\/wp-json\/wp\/v2\/media\/1029"}],"wp:attachment":[{"href":"https:\/\/wigstore-nzk.com\/en\/wp-json\/wp\/v2\/media?parent=1028"}],"wp:term":[{"taxonomy":"product_brand","embeddable":true,"href":"https:\/\/wigstore-nzk.com\/en\/wp-json\/wp\/v2\/product_brand?post=1028"},{"taxonomy":"product_cat","embeddable":true,"href":"https:\/\/wigstore-nzk.com\/en\/wp-json\/wp\/v2\/product_cat?post=1028"},{"taxonomy":"product_tag","embeddable":true,"href":"https:\/\/wigstore-nzk.com\/en\/wp-json\/wp\/v2\/product_tag?post=1028"}],"curies":[{"name":"wp","href":"https:\/\/api.w.org\/{rel}","templated":true}]}}