{"id":1036,"date":"2025-02-12T20:29:16","date_gmt":"2025-02-12T19:29:16","guid":{"rendered":"https:\/\/wigstore-nzk.com\/?post_type=product&#038;p=1036"},"modified":"2026-01-14T17:29:17","modified_gmt":"2026-01-14T16:29:17","slug":"plastry-dwustronne-punktowe-50-sztuk","status":"publish","type":"product","link":"https:\/\/wigstore-nzk.com\/en\/product\/plastry-dwustronne-punktowe-50-sztuk\/","title":{"rendered":"Plastry dwustronne punktowe &#8211; 50 sztuk"},"content":{"rendered":"<p>Plastry dwustronne punktowe &#8211; 50 sztuk<\/p>\n<p>Samoprzylepne punkty wodoodporne 3 dniowe to niezawodne rozwi\u0105zanie dla os\u00f3b nosz\u0105cych peruki. Umo\u017cliwiaj\u0105 mocne i dyskretne przymocowanie peruki do sk\u00f3ry g\u0142owy lub czepka, zapewniaj\u0105c komfort i pewno\u015b\u0107 noszenia przez ca\u0142y dzie\u0144. Dzi\u0119ki wysokiej jako\u015bci klejowi punkty s\u0105 bezpieczne dla sk\u00f3ry, \u0142atwe w aplikacji i usuwaniu, nie pozostawiaj\u0105c \u015blad\u00f3w.<\/p>\n<p>&nbsp;<\/p>\n<p>Cechy produktu:<br \/>\n\u2705\u00a0Ilo\u015b\u0107: 50 sztuk<\/p>\n<p>\u2705 Bardzo mocny pasek klej\u0105cy zapewniaj\u0105cy trwa\u0142e mocowanie na okres do 3 dni<\/p>\n<p>\u2705 Nadaje si\u0119 do mocowania tiulu, monofilamentu i PU<\/p>\n<p>\u2705 Matowa powierzchnia<br \/>\n\u2705\u00a0Samoprzylepne i \u0142atwe w u\u017cyciu<br \/>\n\u2705Zapewniaj\u0105 mocne, ale wygodne przyleganie peruki<br \/>\n\u2705\u00a0Dyskretne i bezpieczne dla sk\u00f3ry<br \/>\n\u2705\u00a0Idealne do codziennego u\u017cytkowania peruk<\/p>\n<p>&nbsp;<\/p>\n<p>Niezast\u0105pione w profesjonalnym u\u017cytkowaniu oraz do u\u017cytku domowego \u2013 zapewnij sobie wygod\u0119 i trwa\u0142o\u015b\u0107 mocowania peruki!<\/p>","protected":false},"excerpt":{"rendered":"<p>Samoprzylepne punkty wodoodporne 3 dniowe zapewniaj\u0105 mocne i dyskretne przymocowanie peruki, gwarantuj\u0105c komfort i pewno\u015b\u0107 noszenia. Bezpieczne dla sk\u00f3ry, \u0142atwe w aplikacji i usuwaniu. Idealne do codziennego u\u017cytku! Zestaw zawiera 50 sztuk.<\/p>","protected":false},"featured_media":1037,"template":"","meta":[],"product_brand":[],"product_cat":[28,36],"product_tag":[76,316,314,309,78,77,317,310,109,312,315,318,313,311],"class_list":{"0":"post-1036","1":"product","2":"type-product","3":"status-publish","4":"has-post-thumbnail","6":"product_cat-akcesoria","7":"product_cat-tasmy-samoprzylepne","8":"product_tag-akcesoria-perukarskie","9":"product_tag-elastyczne-peruki","10":"product_tag-paski-do-peruk","11":"product_tag-paski-konstrukcyjne","12":"product_tag-perukarstwo","13":"product_tag-peruki-profesjonalne","14":"product_tag-praca-perukarska","15":"product_tag-samoprzylepne-paski","16":"product_tag-stabilizacja-peruki","17":"product_tag-systemy-wlosow","18":"product_tag-trwale-peruki","19":"product_tag-wygodne-noszenie-peruki","20":"product_tag-wzmocnienie-konstrukcji","21":"product_tag-wzmocnienie-peruki","23":"first","24":"outofstock","25":"taxable","26":"shipping-taxable","27":"purchasable","28":"product-type-simple"},"yoast_head":"<!-- This site is optimized with the Yoast SEO Premium plugin v24.5 (Yoast SEO v27.5) - https:\/\/yoast.com\/product\/yoast-seo-premium-wordpress\/ -->\n<title>Plastry dwustronne punktowe - 50 sztuk - NZK-Wigstore<\/title>\n<meta name=\"description\" content=\"Samoprzylepne punkty wodoodporne 3 dniowe to niezawodne rozwi\u0105zanie dla os\u00f3b nosz\u0105cych peruki. Umo\u017cliwiaj\u0105 mocne i dyskretne przymocowanie peruki do sk\u00f3ry g\u0142owy lub czepka, zapewniaj\u0105c komfort i pewno\u015b\u0107 noszenia przez ca\u0142y dzie\u0144. Dzi\u0119ki wysokiej jako\u015bci klejowi punkty s\u0105 bezpieczne dla sk\u00f3ry, \u0142atwe w aplikacji i usuwaniu, nie pozostawiaj\u0105c \u015blad\u00f3w.\" \/>\n<meta name=\"robots\" content=\"index, follow, max-snippet:-1, max-image-preview:large, max-video-preview:-1\" \/>\n<link rel=\"canonical\" href=\"https:\/\/wigstore-nzk.com\/en\/product\/plastry-dwustronne-punktowe-50-sztuk\/\" \/>\n<meta property=\"og:locale\" content=\"en_US\" \/>\n<meta property=\"og:type\" content=\"article\" \/>\n<meta property=\"og:title\" content=\"Plastry dwustronne punktowe - 50 sztuk\" \/>\n<meta property=\"og:description\" content=\"Samoprzylepne punkty wodoodporne 3 dniowe to niezawodne rozwi\u0105zanie dla os\u00f3b nosz\u0105cych peruki. Umo\u017cliwiaj\u0105 mocne i dyskretne przymocowanie peruki do sk\u00f3ry g\u0142owy lub czepka, zapewniaj\u0105c komfort i pewno\u015b\u0107 noszenia przez ca\u0142y dzie\u0144. Dzi\u0119ki wysokiej jako\u015bci klejowi punkty s\u0105 bezpieczne dla sk\u00f3ry, \u0142atwe w aplikacji i usuwaniu, nie pozostawiaj\u0105c \u015blad\u00f3w.\" \/>\n<meta property=\"og:url\" content=\"https:\/\/wigstore-nzk.com\/en\/product\/plastry-dwustronne-punktowe-50-sztuk\/\" \/>\n<meta property=\"og:site_name\" content=\"NZK-Wigstore\" \/>\n<meta property=\"article:modified_time\" content=\"2026-01-14T16:29:17+00:00\" \/>\n<meta property=\"og:image\" content=\"https:\/\/wigstore-nzk.com\/wp-content\/uploads\/2025\/02\/50PS_2_Canv_Front-Duze.png\" \/>\n\t<meta property=\"og:image:width\" content=\"1080\" \/>\n\t<meta property=\"og:image:height\" content=\"1440\" \/>\n\t<meta property=\"og:image:type\" content=\"image\/png\" \/>\n<meta name=\"twitter:card\" content=\"summary_large_image\" \/>\n<meta name=\"twitter:label1\" content=\"Est. reading time\" \/>\n\t<meta name=\"twitter:data1\" content=\"1 minute\" \/>\n<script type=\"application\/ld+json\" class=\"yoast-schema-graph\">{\"@context\":\"https:\\\/\\\/schema.org\",\"@graph\":[{\"@type\":\"WebPage\",\"@id\":\"https:\\\/\\\/wigstore-nzk.com\\\/produkt\\\/plastry-dwustronne-punktowe-50-sztuk\\\/\",\"url\":\"https:\\\/\\\/wigstore-nzk.com\\\/produkt\\\/plastry-dwustronne-punktowe-50-sztuk\\\/\",\"name\":\"Plastry dwustronne punktowe - 50 sztuk - NZK-Wigstore\",\"isPartOf\":{\"@id\":\"https:\\\/\\\/wigstore-nzk.com\\\/#website\"},\"primaryImageOfPage\":{\"@id\":\"https:\\\/\\\/wigstore-nzk.com\\\/produkt\\\/plastry-dwustronne-punktowe-50-sztuk\\\/#primaryimage\"},\"image\":{\"@id\":\"https:\\\/\\\/wigstore-nzk.com\\\/produkt\\\/plastry-dwustronne-punktowe-50-sztuk\\\/#primaryimage\"},\"thumbnailUrl\":\"https:\\\/\\\/wigstore-nzk.com\\\/wp-content\\\/uploads\\\/2025\\\/02\\\/50PS_2_Canv_Front-Duze.png\",\"datePublished\":\"2025-02-12T19:29:16+00:00\",\"dateModified\":\"2026-01-14T16:29:17+00:00\",\"description\":\"Samoprzylepne punkty wodoodporne 3 dniowe to niezawodne rozwi\u0105zanie dla os\u00f3b nosz\u0105cych peruki. Umo\u017cliwiaj\u0105 mocne i dyskretne przymocowanie peruki do sk\u00f3ry g\u0142owy lub czepka, zapewniaj\u0105c komfort i pewno\u015b\u0107 noszenia przez ca\u0142y dzie\u0144. Dzi\u0119ki wysokiej jako\u015bci klejowi punkty s\u0105 bezpieczne dla sk\u00f3ry, \u0142atwe w aplikacji i usuwaniu, nie pozostawiaj\u0105c \u015blad\u00f3w.\",\"breadcrumb\":{\"@id\":\"https:\\\/\\\/wigstore-nzk.com\\\/produkt\\\/plastry-dwustronne-punktowe-50-sztuk\\\/#breadcrumb\"},\"inLanguage\":\"en-US\",\"potentialAction\":[{\"@type\":\"ReadAction\",\"target\":[\"https:\\\/\\\/wigstore-nzk.com\\\/produkt\\\/plastry-dwustronne-punktowe-50-sztuk\\\/\"]}]},{\"@type\":\"ImageObject\",\"inLanguage\":\"en-US\",\"@id\":\"https:\\\/\\\/wigstore-nzk.com\\\/produkt\\\/plastry-dwustronne-punktowe-50-sztuk\\\/#primaryimage\",\"url\":\"https:\\\/\\\/wigstore-nzk.com\\\/wp-content\\\/uploads\\\/2025\\\/02\\\/50PS_2_Canv_Front-Duze.png\",\"contentUrl\":\"https:\\\/\\\/wigstore-nzk.com\\\/wp-content\\\/uploads\\\/2025\\\/02\\\/50PS_2_Canv_Front-Duze.png\",\"width\":1080,\"height\":1440},{\"@type\":\"BreadcrumbList\",\"@id\":\"https:\\\/\\\/wigstore-nzk.com\\\/produkt\\\/plastry-dwustronne-punktowe-50-sztuk\\\/#breadcrumb\",\"itemListElement\":[{\"@type\":\"ListItem\",\"position\":1,\"name\":\"Strona g\u0142\u00f3wna\",\"item\":\"https:\\\/\\\/wigstore-nzk.com\\\/\"},{\"@type\":\"ListItem\",\"position\":2,\"name\":\"Sklep\",\"item\":\"https:\\\/\\\/wigstore-nzk.com\\\/sklep\\\/\"},{\"@type\":\"ListItem\",\"position\":3,\"name\":\"Plastry dwustronne punktowe &#8211; 50 sztuk\"}]},{\"@type\":\"WebSite\",\"@id\":\"https:\\\/\\\/wigstore-nzk.com\\\/#website\",\"url\":\"https:\\\/\\\/wigstore-nzk.com\\\/\",\"name\":\"NZK-Wigstore\",\"description\":\"\",\"potentialAction\":[{\"@type\":\"SearchAction\",\"target\":{\"@type\":\"EntryPoint\",\"urlTemplate\":\"https:\\\/\\\/wigstore-nzk.com\\\/?s={search_term_string}\"},\"query-input\":{\"@type\":\"PropertyValueSpecification\",\"valueRequired\":true,\"valueName\":\"search_term_string\"}}],\"inLanguage\":\"en-US\"}]}<\/script>\n<!-- \/ Yoast SEO Premium plugin. -->","yoast_head_json":{"title":"Plastry dwustronne punktowe - 50 sztuk - NZK-Wigstore","description":"Samoprzylepne punkty wodoodporne 3 dniowe to niezawodne rozwi\u0105zanie dla os\u00f3b nosz\u0105cych peruki. Umo\u017cliwiaj\u0105 mocne i dyskretne przymocowanie peruki do sk\u00f3ry g\u0142owy lub czepka, zapewniaj\u0105c komfort i pewno\u015b\u0107 noszenia przez ca\u0142y dzie\u0144. Dzi\u0119ki wysokiej jako\u015bci klejowi punkty s\u0105 bezpieczne dla sk\u00f3ry, \u0142atwe w aplikacji i usuwaniu, nie pozostawiaj\u0105c \u015blad\u00f3w.","robots":{"index":"index","follow":"follow","max-snippet":"max-snippet:-1","max-image-preview":"max-image-preview:large","max-video-preview":"max-video-preview:-1"},"canonical":"https:\/\/wigstore-nzk.com\/en\/product\/plastry-dwustronne-punktowe-50-sztuk\/","og_locale":"en_US","og_type":"article","og_title":"Plastry dwustronne punktowe - 50 sztuk","og_description":"Samoprzylepne punkty wodoodporne 3 dniowe to niezawodne rozwi\u0105zanie dla os\u00f3b nosz\u0105cych peruki. Umo\u017cliwiaj\u0105 mocne i dyskretne przymocowanie peruki do sk\u00f3ry g\u0142owy lub czepka, zapewniaj\u0105c komfort i pewno\u015b\u0107 noszenia przez ca\u0142y dzie\u0144. Dzi\u0119ki wysokiej jako\u015bci klejowi punkty s\u0105 bezpieczne dla sk\u00f3ry, \u0142atwe w aplikacji i usuwaniu, nie pozostawiaj\u0105c \u015blad\u00f3w.","og_url":"https:\/\/wigstore-nzk.com\/en\/product\/plastry-dwustronne-punktowe-50-sztuk\/","og_site_name":"NZK-Wigstore","article_modified_time":"2026-01-14T16:29:17+00:00","og_image":[{"width":1080,"height":1440,"url":"https:\/\/wigstore-nzk.com\/wp-content\/uploads\/2025\/02\/50PS_2_Canv_Front-Duze.png","type":"image\/png"}],"twitter_card":"summary_large_image","twitter_misc":{"Est. reading time":"1 minute"},"schema":{"@context":"https:\/\/schema.org","@graph":[{"@type":"WebPage","@id":"https:\/\/wigstore-nzk.com\/produkt\/plastry-dwustronne-punktowe-50-sztuk\/","url":"https:\/\/wigstore-nzk.com\/produkt\/plastry-dwustronne-punktowe-50-sztuk\/","name":"Plastry dwustronne punktowe - 50 sztuk - NZK-Wigstore","isPartOf":{"@id":"https:\/\/wigstore-nzk.com\/#website"},"primaryImageOfPage":{"@id":"https:\/\/wigstore-nzk.com\/produkt\/plastry-dwustronne-punktowe-50-sztuk\/#primaryimage"},"image":{"@id":"https:\/\/wigstore-nzk.com\/produkt\/plastry-dwustronne-punktowe-50-sztuk\/#primaryimage"},"thumbnailUrl":"https:\/\/wigstore-nzk.com\/wp-content\/uploads\/2025\/02\/50PS_2_Canv_Front-Duze.png","datePublished":"2025-02-12T19:29:16+00:00","dateModified":"2026-01-14T16:29:17+00:00","description":"Samoprzylepne punkty wodoodporne 3 dniowe to niezawodne rozwi\u0105zanie dla os\u00f3b nosz\u0105cych peruki. Umo\u017cliwiaj\u0105 mocne i dyskretne przymocowanie peruki do sk\u00f3ry g\u0142owy lub czepka, zapewniaj\u0105c komfort i pewno\u015b\u0107 noszenia przez ca\u0142y dzie\u0144. Dzi\u0119ki wysokiej jako\u015bci klejowi punkty s\u0105 bezpieczne dla sk\u00f3ry, \u0142atwe w aplikacji i usuwaniu, nie pozostawiaj\u0105c \u015blad\u00f3w.","breadcrumb":{"@id":"https:\/\/wigstore-nzk.com\/produkt\/plastry-dwustronne-punktowe-50-sztuk\/#breadcrumb"},"inLanguage":"en-US","potentialAction":[{"@type":"ReadAction","target":["https:\/\/wigstore-nzk.com\/produkt\/plastry-dwustronne-punktowe-50-sztuk\/"]}]},{"@type":"ImageObject","inLanguage":"en-US","@id":"https:\/\/wigstore-nzk.com\/produkt\/plastry-dwustronne-punktowe-50-sztuk\/#primaryimage","url":"https:\/\/wigstore-nzk.com\/wp-content\/uploads\/2025\/02\/50PS_2_Canv_Front-Duze.png","contentUrl":"https:\/\/wigstore-nzk.com\/wp-content\/uploads\/2025\/02\/50PS_2_Canv_Front-Duze.png","width":1080,"height":1440},{"@type":"BreadcrumbList","@id":"https:\/\/wigstore-nzk.com\/produkt\/plastry-dwustronne-punktowe-50-sztuk\/#breadcrumb","itemListElement":[{"@type":"ListItem","position":1,"name":"Strona g\u0142\u00f3wna","item":"https:\/\/wigstore-nzk.com\/"},{"@type":"ListItem","position":2,"name":"Sklep","item":"https:\/\/wigstore-nzk.com\/sklep\/"},{"@type":"ListItem","position":3,"name":"Plastry dwustronne punktowe &#8211; 50 sztuk"}]},{"@type":"WebSite","@id":"https:\/\/wigstore-nzk.com\/#website","url":"https:\/\/wigstore-nzk.com\/","name":"NZK-Wigstore","description":"","potentialAction":[{"@type":"SearchAction","target":{"@type":"EntryPoint","urlTemplate":"https:\/\/wigstore-nzk.com\/?s={search_term_string}"},"query-input":{"@type":"PropertyValueSpecification","valueRequired":true,"valueName":"search_term_string"}}],"inLanguage":"en-US"}]}},"_links":{"self":[{"href":"https:\/\/wigstore-nzk.com\/en\/wp-json\/wp\/v2\/product\/1036","targetHints":{"allow":["GET"]}}],"collection":[{"href":"https:\/\/wigstore-nzk.com\/en\/wp-json\/wp\/v2\/product"}],"about":[{"href":"https:\/\/wigstore-nzk.com\/en\/wp-json\/wp\/v2\/types\/product"}],"version-history":[{"count":2,"href":"https:\/\/wigstore-nzk.com\/en\/wp-json\/wp\/v2\/product\/1036\/revisions"}],"predecessor-version":[{"id":1964,"href":"https:\/\/wigstore-nzk.com\/en\/wp-json\/wp\/v2\/product\/1036\/revisions\/1964"}],"wp:featuredmedia":[{"embeddable":true,"href":"https:\/\/wigstore-nzk.com\/en\/wp-json\/wp\/v2\/media\/1037"}],"wp:attachment":[{"href":"https:\/\/wigstore-nzk.com\/en\/wp-json\/wp\/v2\/media?parent=1036"}],"wp:term":[{"taxonomy":"product_brand","embeddable":true,"href":"https:\/\/wigstore-nzk.com\/en\/wp-json\/wp\/v2\/product_brand?post=1036"},{"taxonomy":"product_cat","embeddable":true,"href":"https:\/\/wigstore-nzk.com\/en\/wp-json\/wp\/v2\/product_cat?post=1036"},{"taxonomy":"product_tag","embeddable":true,"href":"https:\/\/wigstore-nzk.com\/en\/wp-json\/wp\/v2\/product_tag?post=1036"}],"curies":[{"name":"wp","href":"https:\/\/api.w.org\/{rel}","templated":true}]}}