{"id":1070,"date":"2025-02-13T16:39:29","date_gmt":"2025-02-13T15:39:29","guid":{"rendered":"https:\/\/wigstore-nzk.com\/?post_type=product&#038;p=1070"},"modified":"2025-11-25T14:12:42","modified_gmt":"2025-11-25T13:12:42","slug":"glowka-styropianowa-damska-52-cm","status":"publish","type":"product","link":"https:\/\/wigstore-nzk.com\/en\/product\/glowka-styropianowa-damska-52-cm\/","title":{"rendered":"G\u0142\u00f3wka styropianowa damska 52 cm"},"content":{"rendered":"<p>Profesjonalna g\u0142\u00f3wka styropianowa damska o obwodzie 52 cm to idealne narz\u0119dzie do przechowywania, prezentacji oraz stylizacji peruk, nakry\u0107 g\u0142owy i akcesori\u00f3w fryzjerskich. Lekka, a jednocze\u015bnie stabilna, wykonana z wysokiej jako\u015bci styropianu, kt\u00f3ry zapewnia trwa\u0142o\u015b\u0107 i \u0142atwo\u015b\u0107 u\u017cytkowania.<\/p>\n<p>&nbsp;<\/p>\n<p><strong>Cechy produktu:<\/strong><br \/>\n\u2705\u00a0Obw\u00f3d: 52 cm \u2013 odpowiednia do peruk damskich i akcesori\u00f3w<br \/>\n\u2705\u00a0Lekka i stabilna konstrukcja \u2013 \u0142atwa w przenoszeniu i u\u017cytkowaniu<br \/>\n\u2705 Idealna do przechowywania, stylizacji i piel\u0119gnacji peruk<br \/>\n\u2705\u00a0Bezpieczna dla w\u0142\u00f3kien syntetycznych i naturalnych<br \/>\n\u2705\u00a0Doskonale sprawdzi si\u0119 w salonach fryzjerskich, pracowniach perukarskich oraz do u\u017cytku domowego<\/p>\n<p>\u2705 Idealna do piel\u0119gnacji oraz mycia peruk<\/p>\n<p>&nbsp;<\/p>\n<p>Praktyczna i uniwersalna \u2013 niezb\u0119dne akcesorium dla ka\u017cdego, kto dba o swoje peruki!<\/p>","protected":false},"excerpt":{"rendered":"<p>Lekka i stabilna g\u0142\u00f3wka styropianowa o obwodzie 52 cm, idealna do przechowywania, stylizacji i prezentacji peruk. Wykonana z trwa\u0142ego styropianu, doskona\u0142a do u\u017cytku profesjonalnego i domowego!<\/p>","protected":false},"featured_media":1237,"template":"","meta":[],"product_brand":[],"product_cat":[28,35],"product_tag":[288,322],"class_list":{"0":"post-1070","1":"product","2":"type-product","3":"status-publish","4":"has-post-thumbnail","6":"product_cat-akcesoria","7":"product_cat-glowki-i-uchwyty-na-peruke","8":"product_tag-akcesoria-do-peruk","9":"product_tag-glowka","11":"first","12":"instock","13":"taxable","14":"shipping-taxable","15":"purchasable","16":"product-type-simple"},"yoast_head":"<!-- This site is optimized with the Yoast SEO Premium plugin v24.5 (Yoast SEO v27.5) - https:\/\/yoast.com\/product\/yoast-seo-premium-wordpress\/ -->\n<title>G\u0142\u00f3wka styropianowa damska 52 cm - NZK-Wigstore<\/title>\n<meta name=\"description\" content=\"Profesjonalna g\u0142\u00f3wka styropianowa damska o obwodzie 52 cm to idealne narz\u0119dzie do przechowywania, prezentacji oraz stylizacji peruk, nakry\u0107 g\u0142owy i akcesori\u00f3w fryzjerskich. Lekka, a jednocze\u015bnie stabilna, wykonana z wysokiej jako\u015bci styropianu, kt\u00f3ry zapewnia trwa\u0142o\u015b\u0107 i \u0142atwo\u015b\u0107 u\u017cytkowania.\" \/>\n<meta name=\"robots\" content=\"index, follow, max-snippet:-1, max-image-preview:large, max-video-preview:-1\" \/>\n<link rel=\"canonical\" href=\"https:\/\/wigstore-nzk.com\/en\/product\/glowka-styropianowa-damska-52-cm\/\" \/>\n<meta property=\"og:locale\" content=\"en_US\" \/>\n<meta property=\"og:type\" content=\"article\" \/>\n<meta property=\"og:title\" content=\"G\u0142\u00f3wka styropianowa damska 52 cm\" \/>\n<meta property=\"og:description\" content=\"Profesjonalna g\u0142\u00f3wka styropianowa damska o obwodzie 52 cm to idealne narz\u0119dzie do przechowywania, prezentacji oraz stylizacji peruk, nakry\u0107 g\u0142owy i akcesori\u00f3w fryzjerskich. Lekka, a jednocze\u015bnie stabilna, wykonana z wysokiej jako\u015bci styropianu, kt\u00f3ry zapewnia trwa\u0142o\u015b\u0107 i \u0142atwo\u015b\u0107 u\u017cytkowania.\" \/>\n<meta property=\"og:url\" content=\"https:\/\/wigstore-nzk.com\/en\/product\/glowka-styropianowa-damska-52-cm\/\" \/>\n<meta property=\"og:site_name\" content=\"NZK-Wigstore\" \/>\n<meta property=\"article:modified_time\" content=\"2025-11-25T13:12:42+00:00\" \/>\n<meta property=\"og:image\" content=\"https:\/\/wigstore-nzk.com\/wp-content\/uploads\/2025\/02\/70a84c6f-b172-4369-ba2a-0e6c31559fa0.png\" \/>\n\t<meta property=\"og:image:width\" content=\"1080\" \/>\n\t<meta property=\"og:image:height\" content=\"1349\" \/>\n\t<meta property=\"og:image:type\" content=\"image\/png\" \/>\n<meta name=\"twitter:card\" content=\"summary_large_image\" \/>\n<meta name=\"twitter:label1\" content=\"Est. reading time\" \/>\n\t<meta name=\"twitter:data1\" content=\"1 minute\" \/>\n<script type=\"application\/ld+json\" class=\"yoast-schema-graph\">{\"@context\":\"https:\\\/\\\/schema.org\",\"@graph\":[{\"@type\":\"WebPage\",\"@id\":\"https:\\\/\\\/wigstore-nzk.com\\\/produkt\\\/glowka-styropianowa-damska-52-cm\\\/\",\"url\":\"https:\\\/\\\/wigstore-nzk.com\\\/produkt\\\/glowka-styropianowa-damska-52-cm\\\/\",\"name\":\"G\u0142\u00f3wka styropianowa damska 52 cm - NZK-Wigstore\",\"isPartOf\":{\"@id\":\"https:\\\/\\\/wigstore-nzk.com\\\/#website\"},\"primaryImageOfPage\":{\"@id\":\"https:\\\/\\\/wigstore-nzk.com\\\/produkt\\\/glowka-styropianowa-damska-52-cm\\\/#primaryimage\"},\"image\":{\"@id\":\"https:\\\/\\\/wigstore-nzk.com\\\/produkt\\\/glowka-styropianowa-damska-52-cm\\\/#primaryimage\"},\"thumbnailUrl\":\"https:\\\/\\\/wigstore-nzk.com\\\/wp-content\\\/uploads\\\/2025\\\/02\\\/70a84c6f-b172-4369-ba2a-0e6c31559fa0.png\",\"datePublished\":\"2025-02-13T15:39:29+00:00\",\"dateModified\":\"2025-11-25T13:12:42+00:00\",\"description\":\"Profesjonalna g\u0142\u00f3wka styropianowa damska o obwodzie 52 cm to idealne narz\u0119dzie do przechowywania, prezentacji oraz stylizacji peruk, nakry\u0107 g\u0142owy i akcesori\u00f3w fryzjerskich. Lekka, a jednocze\u015bnie stabilna, wykonana z wysokiej jako\u015bci styropianu, kt\u00f3ry zapewnia trwa\u0142o\u015b\u0107 i \u0142atwo\u015b\u0107 u\u017cytkowania.\",\"breadcrumb\":{\"@id\":\"https:\\\/\\\/wigstore-nzk.com\\\/produkt\\\/glowka-styropianowa-damska-52-cm\\\/#breadcrumb\"},\"inLanguage\":\"en-US\",\"potentialAction\":[{\"@type\":\"ReadAction\",\"target\":[\"https:\\\/\\\/wigstore-nzk.com\\\/produkt\\\/glowka-styropianowa-damska-52-cm\\\/\"]}]},{\"@type\":\"ImageObject\",\"inLanguage\":\"en-US\",\"@id\":\"https:\\\/\\\/wigstore-nzk.com\\\/produkt\\\/glowka-styropianowa-damska-52-cm\\\/#primaryimage\",\"url\":\"https:\\\/\\\/wigstore-nzk.com\\\/wp-content\\\/uploads\\\/2025\\\/02\\\/70a84c6f-b172-4369-ba2a-0e6c31559fa0.png\",\"contentUrl\":\"https:\\\/\\\/wigstore-nzk.com\\\/wp-content\\\/uploads\\\/2025\\\/02\\\/70a84c6f-b172-4369-ba2a-0e6c31559fa0.png\",\"width\":1080,\"height\":1349},{\"@type\":\"BreadcrumbList\",\"@id\":\"https:\\\/\\\/wigstore-nzk.com\\\/produkt\\\/glowka-styropianowa-damska-52-cm\\\/#breadcrumb\",\"itemListElement\":[{\"@type\":\"ListItem\",\"position\":1,\"name\":\"Strona g\u0142\u00f3wna\",\"item\":\"https:\\\/\\\/wigstore-nzk.com\\\/\"},{\"@type\":\"ListItem\",\"position\":2,\"name\":\"Sklep\",\"item\":\"https:\\\/\\\/wigstore-nzk.com\\\/sklep\\\/\"},{\"@type\":\"ListItem\",\"position\":3,\"name\":\"G\u0142\u00f3wka styropianowa damska 52 cm\"}]},{\"@type\":\"WebSite\",\"@id\":\"https:\\\/\\\/wigstore-nzk.com\\\/#website\",\"url\":\"https:\\\/\\\/wigstore-nzk.com\\\/\",\"name\":\"NZK-Wigstore\",\"description\":\"\",\"potentialAction\":[{\"@type\":\"SearchAction\",\"target\":{\"@type\":\"EntryPoint\",\"urlTemplate\":\"https:\\\/\\\/wigstore-nzk.com\\\/?s={search_term_string}\"},\"query-input\":{\"@type\":\"PropertyValueSpecification\",\"valueRequired\":true,\"valueName\":\"search_term_string\"}}],\"inLanguage\":\"en-US\"}]}<\/script>\n<!-- \/ Yoast SEO Premium plugin. -->","yoast_head_json":{"title":"G\u0142\u00f3wka styropianowa damska 52 cm - NZK-Wigstore","description":"Profesjonalna g\u0142\u00f3wka styropianowa damska o obwodzie 52 cm to idealne narz\u0119dzie do przechowywania, prezentacji oraz stylizacji peruk, nakry\u0107 g\u0142owy i akcesori\u00f3w fryzjerskich. Lekka, a jednocze\u015bnie stabilna, wykonana z wysokiej jako\u015bci styropianu, kt\u00f3ry zapewnia trwa\u0142o\u015b\u0107 i \u0142atwo\u015b\u0107 u\u017cytkowania.","robots":{"index":"index","follow":"follow","max-snippet":"max-snippet:-1","max-image-preview":"max-image-preview:large","max-video-preview":"max-video-preview:-1"},"canonical":"https:\/\/wigstore-nzk.com\/en\/product\/glowka-styropianowa-damska-52-cm\/","og_locale":"en_US","og_type":"article","og_title":"G\u0142\u00f3wka styropianowa damska 52 cm","og_description":"Profesjonalna g\u0142\u00f3wka styropianowa damska o obwodzie 52 cm to idealne narz\u0119dzie do przechowywania, prezentacji oraz stylizacji peruk, nakry\u0107 g\u0142owy i akcesori\u00f3w fryzjerskich. Lekka, a jednocze\u015bnie stabilna, wykonana z wysokiej jako\u015bci styropianu, kt\u00f3ry zapewnia trwa\u0142o\u015b\u0107 i \u0142atwo\u015b\u0107 u\u017cytkowania.","og_url":"https:\/\/wigstore-nzk.com\/en\/product\/glowka-styropianowa-damska-52-cm\/","og_site_name":"NZK-Wigstore","article_modified_time":"2025-11-25T13:12:42+00:00","og_image":[{"width":1080,"height":1349,"url":"https:\/\/wigstore-nzk.com\/wp-content\/uploads\/2025\/02\/70a84c6f-b172-4369-ba2a-0e6c31559fa0.png","type":"image\/png"}],"twitter_card":"summary_large_image","twitter_misc":{"Est. reading time":"1 minute"},"schema":{"@context":"https:\/\/schema.org","@graph":[{"@type":"WebPage","@id":"https:\/\/wigstore-nzk.com\/produkt\/glowka-styropianowa-damska-52-cm\/","url":"https:\/\/wigstore-nzk.com\/produkt\/glowka-styropianowa-damska-52-cm\/","name":"G\u0142\u00f3wka styropianowa damska 52 cm - NZK-Wigstore","isPartOf":{"@id":"https:\/\/wigstore-nzk.com\/#website"},"primaryImageOfPage":{"@id":"https:\/\/wigstore-nzk.com\/produkt\/glowka-styropianowa-damska-52-cm\/#primaryimage"},"image":{"@id":"https:\/\/wigstore-nzk.com\/produkt\/glowka-styropianowa-damska-52-cm\/#primaryimage"},"thumbnailUrl":"https:\/\/wigstore-nzk.com\/wp-content\/uploads\/2025\/02\/70a84c6f-b172-4369-ba2a-0e6c31559fa0.png","datePublished":"2025-02-13T15:39:29+00:00","dateModified":"2025-11-25T13:12:42+00:00","description":"Profesjonalna g\u0142\u00f3wka styropianowa damska o obwodzie 52 cm to idealne narz\u0119dzie do przechowywania, prezentacji oraz stylizacji peruk, nakry\u0107 g\u0142owy i akcesori\u00f3w fryzjerskich. Lekka, a jednocze\u015bnie stabilna, wykonana z wysokiej jako\u015bci styropianu, kt\u00f3ry zapewnia trwa\u0142o\u015b\u0107 i \u0142atwo\u015b\u0107 u\u017cytkowania.","breadcrumb":{"@id":"https:\/\/wigstore-nzk.com\/produkt\/glowka-styropianowa-damska-52-cm\/#breadcrumb"},"inLanguage":"en-US","potentialAction":[{"@type":"ReadAction","target":["https:\/\/wigstore-nzk.com\/produkt\/glowka-styropianowa-damska-52-cm\/"]}]},{"@type":"ImageObject","inLanguage":"en-US","@id":"https:\/\/wigstore-nzk.com\/produkt\/glowka-styropianowa-damska-52-cm\/#primaryimage","url":"https:\/\/wigstore-nzk.com\/wp-content\/uploads\/2025\/02\/70a84c6f-b172-4369-ba2a-0e6c31559fa0.png","contentUrl":"https:\/\/wigstore-nzk.com\/wp-content\/uploads\/2025\/02\/70a84c6f-b172-4369-ba2a-0e6c31559fa0.png","width":1080,"height":1349},{"@type":"BreadcrumbList","@id":"https:\/\/wigstore-nzk.com\/produkt\/glowka-styropianowa-damska-52-cm\/#breadcrumb","itemListElement":[{"@type":"ListItem","position":1,"name":"Strona g\u0142\u00f3wna","item":"https:\/\/wigstore-nzk.com\/"},{"@type":"ListItem","position":2,"name":"Sklep","item":"https:\/\/wigstore-nzk.com\/sklep\/"},{"@type":"ListItem","position":3,"name":"G\u0142\u00f3wka styropianowa damska 52 cm"}]},{"@type":"WebSite","@id":"https:\/\/wigstore-nzk.com\/#website","url":"https:\/\/wigstore-nzk.com\/","name":"NZK-Wigstore","description":"","potentialAction":[{"@type":"SearchAction","target":{"@type":"EntryPoint","urlTemplate":"https:\/\/wigstore-nzk.com\/?s={search_term_string}"},"query-input":{"@type":"PropertyValueSpecification","valueRequired":true,"valueName":"search_term_string"}}],"inLanguage":"en-US"}]}},"_links":{"self":[{"href":"https:\/\/wigstore-nzk.com\/en\/wp-json\/wp\/v2\/product\/1070","targetHints":{"allow":["GET"]}}],"collection":[{"href":"https:\/\/wigstore-nzk.com\/en\/wp-json\/wp\/v2\/product"}],"about":[{"href":"https:\/\/wigstore-nzk.com\/en\/wp-json\/wp\/v2\/types\/product"}],"version-history":[{"count":5,"href":"https:\/\/wigstore-nzk.com\/en\/wp-json\/wp\/v2\/product\/1070\/revisions"}],"predecessor-version":[{"id":1990,"href":"https:\/\/wigstore-nzk.com\/en\/wp-json\/wp\/v2\/product\/1070\/revisions\/1990"}],"wp:featuredmedia":[{"embeddable":true,"href":"https:\/\/wigstore-nzk.com\/en\/wp-json\/wp\/v2\/media\/1237"}],"wp:attachment":[{"href":"https:\/\/wigstore-nzk.com\/en\/wp-json\/wp\/v2\/media?parent=1070"}],"wp:term":[{"taxonomy":"product_brand","embeddable":true,"href":"https:\/\/wigstore-nzk.com\/en\/wp-json\/wp\/v2\/product_brand?post=1070"},{"taxonomy":"product_cat","embeddable":true,"href":"https:\/\/wigstore-nzk.com\/en\/wp-json\/wp\/v2\/product_cat?post=1070"},{"taxonomy":"product_tag","embeddable":true,"href":"https:\/\/wigstore-nzk.com\/en\/wp-json\/wp\/v2\/product_tag?post=1070"}],"curies":[{"name":"wp","href":"https:\/\/api.w.org\/{rel}","templated":true}]}}