{"id":1077,"date":"2025-02-13T20:26:52","date_gmt":"2025-02-13T19:26:52","guid":{"rendered":"https:\/\/wigstore-nzk.com\/?post_type=product&#038;p=1077"},"modified":"2025-11-24T15:33:03","modified_gmt":"2025-11-24T14:33:03","slug":"szydelko-zlote","status":"publish","type":"product","link":"https:\/\/wigstore-nzk.com\/en\/product\/szydelko-zlote\/","title":{"rendered":"Szyde\u0142ko z\u0142ote"},"content":{"rendered":"<p>Profesjonalne z\u0142ote szyde\u0142ko perukarskie to niezb\u0119dne narz\u0119dzie dla ka\u017cdego perukarza. Wykonane z wysokiej jako\u015bci metalu, gwarantuje trwa\u0142o\u015b\u0107 i precyzj\u0119 podczas r\u0119cznego implantowania w\u0142os\u00f3w w siatk\u0119 peruki. Ergonomiczny, antypo\u015blizgowy uchwyt zapewnia komfort i pewno\u015b\u0107 chwytu, u\u0142atwiaj\u0105c prac\u0119 nawet przy najbardziej skomplikowanych projektach.<\/p>\n<p>&nbsp;<\/p>\n<p>Cechy produktu:<br \/>\n\u2705\u00a0Wytrzyma\u0142a, metalowa konstrukcja \u2013 odporna na zu\u017cycie<br \/>\n\u2705\u00a0Precyzyjne wykonanie \u2013 u\u0142atwia mocne umiejscowienie ig\u0142y perukarskiej<br \/>\n\u2705\u00a0Antypo\u015blizgowy uchwyt \u2013 zapewnia wygod\u0119 i stabilno\u015b\u0107 pracy<br \/>\n\u2705\u00a0Idealne dla profesjonalist\u00f3w i pasjonat\u00f3w perukarstwa<br \/>\n\u2705\u00a0Elegancki, z\u0142oty design<\/p>\n<p>&nbsp;<\/p>\n<p>Niezast\u0105pione narz\u0119dzie dla ka\u017cdego, kto zajmuje si\u0119 tworzeniem i napraw\u0105 peruk!<\/p>","protected":false},"excerpt":{"rendered":"<p>Profesjonalne z\u0142ote szyde\u0142ko perukarskie, idealne do r\u0119cznego implantowania w\u0142os\u00f3w. Wykonane z wytrzyma\u0142ego metalu, z antypo\u015blizgowym uchwytem dla precyzyjnej i komfortowej pracy. Niezb\u0119dne w ka\u017cdej pracowni perukarskiej!<\/p>","protected":false},"featured_media":1078,"template":"","meta":[],"product_brand":[],"product_cat":[28,33],"product_tag":[76],"class_list":{"0":"post-1077","1":"product","2":"type-product","3":"status-publish","4":"has-post-thumbnail","6":"product_cat-akcesoria","7":"product_cat-szydelka-i-igly","8":"product_tag-akcesoria-perukarskie","10":"first","11":"instock","12":"taxable","13":"shipping-taxable","14":"purchasable","15":"product-type-simple"},"yoast_head":"<!-- This site is optimized with the Yoast SEO Premium plugin v24.5 (Yoast SEO v27.5) - https:\/\/yoast.com\/product\/yoast-seo-premium-wordpress\/ -->\n<title>Szyde\u0142ko z\u0142ote - NZK-Wigstore<\/title>\n<meta name=\"description\" content=\"Profesjonalne z\u0142ote szyde\u0142ko perukarskie to niezb\u0119dne narz\u0119dzie dla ka\u017cdego perukarza. Wykonane z wysokiej jako\u015bci metalu, gwarantuje trwa\u0142o\u015b\u0107 i precyzj\u0119 podczas r\u0119cznego implantowania w\u0142os\u00f3w w siatk\u0119 peruki. Ergonomiczny, antypo\u015blizgowy uchwyt zapewnia komfort i pewno\u015b\u0107 chwytu, u\u0142atwiaj\u0105c prac\u0119 nawet przy najbardziej skomplikowanych projektach.\" \/>\n<meta name=\"robots\" content=\"index, follow, max-snippet:-1, max-image-preview:large, max-video-preview:-1\" \/>\n<link rel=\"canonical\" href=\"https:\/\/wigstore-nzk.com\/en\/product\/szydelko-zlote\/\" \/>\n<meta property=\"og:locale\" content=\"en_US\" \/>\n<meta property=\"og:type\" content=\"article\" \/>\n<meta property=\"og:title\" content=\"Szyde\u0142ko z\u0142ote\" \/>\n<meta property=\"og:description\" content=\"Profesjonalne z\u0142ote szyde\u0142ko perukarskie to niezb\u0119dne narz\u0119dzie dla ka\u017cdego perukarza. Wykonane z wysokiej jako\u015bci metalu, gwarantuje trwa\u0142o\u015b\u0107 i precyzj\u0119 podczas r\u0119cznego implantowania w\u0142os\u00f3w w siatk\u0119 peruki. Ergonomiczny, antypo\u015blizgowy uchwyt zapewnia komfort i pewno\u015b\u0107 chwytu, u\u0142atwiaj\u0105c prac\u0119 nawet przy najbardziej skomplikowanych projektach.\" \/>\n<meta property=\"og:url\" content=\"https:\/\/wigstore-nzk.com\/en\/product\/szydelko-zlote\/\" \/>\n<meta property=\"og:site_name\" content=\"NZK-Wigstore\" \/>\n<meta property=\"article:modified_time\" content=\"2025-11-24T14:33:03+00:00\" \/>\n<meta property=\"og:image\" content=\"https:\/\/wigstore-nzk.com\/wp-content\/uploads\/2025\/02\/7_1_Canv_Front-Duze.png\" \/>\n\t<meta property=\"og:image:width\" content=\"1440\" \/>\n\t<meta property=\"og:image:height\" content=\"1080\" \/>\n\t<meta property=\"og:image:type\" content=\"image\/png\" \/>\n<meta name=\"twitter:card\" content=\"summary_large_image\" \/>\n<meta name=\"twitter:label1\" content=\"Est. reading time\" \/>\n\t<meta name=\"twitter:data1\" content=\"1 minute\" \/>\n<script type=\"application\/ld+json\" class=\"yoast-schema-graph\">{\"@context\":\"https:\\\/\\\/schema.org\",\"@graph\":[{\"@type\":\"WebPage\",\"@id\":\"https:\\\/\\\/wigstore-nzk.com\\\/produkt\\\/szydelko-zlote\\\/\",\"url\":\"https:\\\/\\\/wigstore-nzk.com\\\/produkt\\\/szydelko-zlote\\\/\",\"name\":\"Szyde\u0142ko z\u0142ote - NZK-Wigstore\",\"isPartOf\":{\"@id\":\"https:\\\/\\\/wigstore-nzk.com\\\/#website\"},\"primaryImageOfPage\":{\"@id\":\"https:\\\/\\\/wigstore-nzk.com\\\/produkt\\\/szydelko-zlote\\\/#primaryimage\"},\"image\":{\"@id\":\"https:\\\/\\\/wigstore-nzk.com\\\/produkt\\\/szydelko-zlote\\\/#primaryimage\"},\"thumbnailUrl\":\"https:\\\/\\\/wigstore-nzk.com\\\/wp-content\\\/uploads\\\/2025\\\/02\\\/7_1_Canv_Front-Duze.png\",\"datePublished\":\"2025-02-13T19:26:52+00:00\",\"dateModified\":\"2025-11-24T14:33:03+00:00\",\"description\":\"Profesjonalne z\u0142ote szyde\u0142ko perukarskie to niezb\u0119dne narz\u0119dzie dla ka\u017cdego perukarza. Wykonane z wysokiej jako\u015bci metalu, gwarantuje trwa\u0142o\u015b\u0107 i precyzj\u0119 podczas r\u0119cznego implantowania w\u0142os\u00f3w w siatk\u0119 peruki. Ergonomiczny, antypo\u015blizgowy uchwyt zapewnia komfort i pewno\u015b\u0107 chwytu, u\u0142atwiaj\u0105c prac\u0119 nawet przy najbardziej skomplikowanych projektach.\",\"breadcrumb\":{\"@id\":\"https:\\\/\\\/wigstore-nzk.com\\\/produkt\\\/szydelko-zlote\\\/#breadcrumb\"},\"inLanguage\":\"en-US\",\"potentialAction\":[{\"@type\":\"ReadAction\",\"target\":[\"https:\\\/\\\/wigstore-nzk.com\\\/produkt\\\/szydelko-zlote\\\/\"]}]},{\"@type\":\"ImageObject\",\"inLanguage\":\"en-US\",\"@id\":\"https:\\\/\\\/wigstore-nzk.com\\\/produkt\\\/szydelko-zlote\\\/#primaryimage\",\"url\":\"https:\\\/\\\/wigstore-nzk.com\\\/wp-content\\\/uploads\\\/2025\\\/02\\\/7_1_Canv_Front-Duze.png\",\"contentUrl\":\"https:\\\/\\\/wigstore-nzk.com\\\/wp-content\\\/uploads\\\/2025\\\/02\\\/7_1_Canv_Front-Duze.png\",\"width\":1440,\"height\":1080},{\"@type\":\"BreadcrumbList\",\"@id\":\"https:\\\/\\\/wigstore-nzk.com\\\/produkt\\\/szydelko-zlote\\\/#breadcrumb\",\"itemListElement\":[{\"@type\":\"ListItem\",\"position\":1,\"name\":\"Strona g\u0142\u00f3wna\",\"item\":\"https:\\\/\\\/wigstore-nzk.com\\\/\"},{\"@type\":\"ListItem\",\"position\":2,\"name\":\"Sklep\",\"item\":\"https:\\\/\\\/wigstore-nzk.com\\\/sklep\\\/\"},{\"@type\":\"ListItem\",\"position\":3,\"name\":\"Szyde\u0142ko z\u0142ote\"}]},{\"@type\":\"WebSite\",\"@id\":\"https:\\\/\\\/wigstore-nzk.com\\\/#website\",\"url\":\"https:\\\/\\\/wigstore-nzk.com\\\/\",\"name\":\"NZK-Wigstore\",\"description\":\"\",\"potentialAction\":[{\"@type\":\"SearchAction\",\"target\":{\"@type\":\"EntryPoint\",\"urlTemplate\":\"https:\\\/\\\/wigstore-nzk.com\\\/?s={search_term_string}\"},\"query-input\":{\"@type\":\"PropertyValueSpecification\",\"valueRequired\":true,\"valueName\":\"search_term_string\"}}],\"inLanguage\":\"en-US\"}]}<\/script>\n<!-- \/ Yoast SEO Premium plugin. -->","yoast_head_json":{"title":"Szyde\u0142ko z\u0142ote - NZK-Wigstore","description":"Profesjonalne z\u0142ote szyde\u0142ko perukarskie to niezb\u0119dne narz\u0119dzie dla ka\u017cdego perukarza. Wykonane z wysokiej jako\u015bci metalu, gwarantuje trwa\u0142o\u015b\u0107 i precyzj\u0119 podczas r\u0119cznego implantowania w\u0142os\u00f3w w siatk\u0119 peruki. Ergonomiczny, antypo\u015blizgowy uchwyt zapewnia komfort i pewno\u015b\u0107 chwytu, u\u0142atwiaj\u0105c prac\u0119 nawet przy najbardziej skomplikowanych projektach.","robots":{"index":"index","follow":"follow","max-snippet":"max-snippet:-1","max-image-preview":"max-image-preview:large","max-video-preview":"max-video-preview:-1"},"canonical":"https:\/\/wigstore-nzk.com\/en\/product\/szydelko-zlote\/","og_locale":"en_US","og_type":"article","og_title":"Szyde\u0142ko z\u0142ote","og_description":"Profesjonalne z\u0142ote szyde\u0142ko perukarskie to niezb\u0119dne narz\u0119dzie dla ka\u017cdego perukarza. Wykonane z wysokiej jako\u015bci metalu, gwarantuje trwa\u0142o\u015b\u0107 i precyzj\u0119 podczas r\u0119cznego implantowania w\u0142os\u00f3w w siatk\u0119 peruki. Ergonomiczny, antypo\u015blizgowy uchwyt zapewnia komfort i pewno\u015b\u0107 chwytu, u\u0142atwiaj\u0105c prac\u0119 nawet przy najbardziej skomplikowanych projektach.","og_url":"https:\/\/wigstore-nzk.com\/en\/product\/szydelko-zlote\/","og_site_name":"NZK-Wigstore","article_modified_time":"2025-11-24T14:33:03+00:00","og_image":[{"width":1440,"height":1080,"url":"https:\/\/wigstore-nzk.com\/wp-content\/uploads\/2025\/02\/7_1_Canv_Front-Duze.png","type":"image\/png"}],"twitter_card":"summary_large_image","twitter_misc":{"Est. reading time":"1 minute"},"schema":{"@context":"https:\/\/schema.org","@graph":[{"@type":"WebPage","@id":"https:\/\/wigstore-nzk.com\/produkt\/szydelko-zlote\/","url":"https:\/\/wigstore-nzk.com\/produkt\/szydelko-zlote\/","name":"Szyde\u0142ko z\u0142ote - NZK-Wigstore","isPartOf":{"@id":"https:\/\/wigstore-nzk.com\/#website"},"primaryImageOfPage":{"@id":"https:\/\/wigstore-nzk.com\/produkt\/szydelko-zlote\/#primaryimage"},"image":{"@id":"https:\/\/wigstore-nzk.com\/produkt\/szydelko-zlote\/#primaryimage"},"thumbnailUrl":"https:\/\/wigstore-nzk.com\/wp-content\/uploads\/2025\/02\/7_1_Canv_Front-Duze.png","datePublished":"2025-02-13T19:26:52+00:00","dateModified":"2025-11-24T14:33:03+00:00","description":"Profesjonalne z\u0142ote szyde\u0142ko perukarskie to niezb\u0119dne narz\u0119dzie dla ka\u017cdego perukarza. Wykonane z wysokiej jako\u015bci metalu, gwarantuje trwa\u0142o\u015b\u0107 i precyzj\u0119 podczas r\u0119cznego implantowania w\u0142os\u00f3w w siatk\u0119 peruki. Ergonomiczny, antypo\u015blizgowy uchwyt zapewnia komfort i pewno\u015b\u0107 chwytu, u\u0142atwiaj\u0105c prac\u0119 nawet przy najbardziej skomplikowanych projektach.","breadcrumb":{"@id":"https:\/\/wigstore-nzk.com\/produkt\/szydelko-zlote\/#breadcrumb"},"inLanguage":"en-US","potentialAction":[{"@type":"ReadAction","target":["https:\/\/wigstore-nzk.com\/produkt\/szydelko-zlote\/"]}]},{"@type":"ImageObject","inLanguage":"en-US","@id":"https:\/\/wigstore-nzk.com\/produkt\/szydelko-zlote\/#primaryimage","url":"https:\/\/wigstore-nzk.com\/wp-content\/uploads\/2025\/02\/7_1_Canv_Front-Duze.png","contentUrl":"https:\/\/wigstore-nzk.com\/wp-content\/uploads\/2025\/02\/7_1_Canv_Front-Duze.png","width":1440,"height":1080},{"@type":"BreadcrumbList","@id":"https:\/\/wigstore-nzk.com\/produkt\/szydelko-zlote\/#breadcrumb","itemListElement":[{"@type":"ListItem","position":1,"name":"Strona g\u0142\u00f3wna","item":"https:\/\/wigstore-nzk.com\/"},{"@type":"ListItem","position":2,"name":"Sklep","item":"https:\/\/wigstore-nzk.com\/sklep\/"},{"@type":"ListItem","position":3,"name":"Szyde\u0142ko z\u0142ote"}]},{"@type":"WebSite","@id":"https:\/\/wigstore-nzk.com\/#website","url":"https:\/\/wigstore-nzk.com\/","name":"NZK-Wigstore","description":"","potentialAction":[{"@type":"SearchAction","target":{"@type":"EntryPoint","urlTemplate":"https:\/\/wigstore-nzk.com\/?s={search_term_string}"},"query-input":{"@type":"PropertyValueSpecification","valueRequired":true,"valueName":"search_term_string"}}],"inLanguage":"en-US"}]}},"_links":{"self":[{"href":"https:\/\/wigstore-nzk.com\/en\/wp-json\/wp\/v2\/product\/1077","targetHints":{"allow":["GET"]}}],"collection":[{"href":"https:\/\/wigstore-nzk.com\/en\/wp-json\/wp\/v2\/product"}],"about":[{"href":"https:\/\/wigstore-nzk.com\/en\/wp-json\/wp\/v2\/types\/product"}],"version-history":[{"count":3,"href":"https:\/\/wigstore-nzk.com\/en\/wp-json\/wp\/v2\/product\/1077\/revisions"}],"predecessor-version":[{"id":1949,"href":"https:\/\/wigstore-nzk.com\/en\/wp-json\/wp\/v2\/product\/1077\/revisions\/1949"}],"wp:featuredmedia":[{"embeddable":true,"href":"https:\/\/wigstore-nzk.com\/en\/wp-json\/wp\/v2\/media\/1078"}],"wp:attachment":[{"href":"https:\/\/wigstore-nzk.com\/en\/wp-json\/wp\/v2\/media?parent=1077"}],"wp:term":[{"taxonomy":"product_brand","embeddable":true,"href":"https:\/\/wigstore-nzk.com\/en\/wp-json\/wp\/v2\/product_brand?post=1077"},{"taxonomy":"product_cat","embeddable":true,"href":"https:\/\/wigstore-nzk.com\/en\/wp-json\/wp\/v2\/product_cat?post=1077"},{"taxonomy":"product_tag","embeddable":true,"href":"https:\/\/wigstore-nzk.com\/en\/wp-json\/wp\/v2\/product_tag?post=1077"}],"curies":[{"name":"wp","href":"https:\/\/api.w.org\/{rel}","templated":true}]}}