{"id":1098,"date":"2025-02-13T21:32:14","date_gmt":"2025-02-13T20:32:14","guid":{"rendered":"https:\/\/wigstore-nzk.com\/?post_type=product&#038;p=1098"},"modified":"2026-01-15T23:06:07","modified_gmt":"2026-01-15T22:06:07","slug":"igla-do-szycia-zgieta","status":"publish","type":"product","link":"https:\/\/wigstore-nzk.com\/en\/product\/igla-do-szycia-zgieta\/","title":{"rendered":"Ig\u0142a do szycia zgi\u0119ta"},"content":{"rendered":"<p>Ig\u0142a do szycia zgi\u0119ta \u2013 profesjonalne narz\u0119dzie perukarskie<br \/>\nProfesjonalne zgi\u0119te ig\u0142y do szycia to niezb\u0119dne akcesorium do pracy w perukarstwie, krawiectwie oraz stylizacji fryzur. Ich specjalnie zakrzywiona ko\u0144c\u00f3wka u\u0142atwia szycie i napraw\u0119 peruk, tres oraz tkanin, zapewniaj\u0105c wi\u0119ksz\u0105 precyzj\u0119 oraz wygod\u0119 u\u017cytkowania. Wykonane z trwa\u0142ego, nierdzewnego metalu, s\u0105 odporne na wyginanie i d\u0142ugotrwa\u0142e u\u017cytkowanie.<\/p>\n<p>&nbsp;<\/p>\n<p>Cechy produktu:<br \/>\n\u2705\u00a0Zak\u0142adana ko\u0144c\u00f3wka \u2013 u\u0142atwia prac\u0119 przy perukach i tresach<br \/>\n\u2705\u00a0Trwa\u0142y, nierdzewny metal \u2013 odporno\u015b\u0107 na zu\u017cycie i odkszta\u0142cenia<br \/>\n\u2705\u00a0Precyzyjna ig\u0142a \u2013 idealna do szycia delikatnych materia\u0142\u00f3w<br \/>\n\u2705\u00a0Uniwersalne zastosowanie \u2013 doskona\u0142a do perukarstwa, krawiectwa i stylizacji fryzur<br \/>\n\u2705\u00a0Niezast\u0105pione narz\u0119dzie w ka\u017cdej pracowni perukarskiej i fryzjerskiej<\/p>\n<p>&nbsp;<\/p>\n<p>Dzi\u0119ki swojemu kszta\u0142towi znacznie u\u0142atwia szycie i mocowanie w\u0142os\u00f3w, sprawiaj\u0105c, \u017ce praca jest bardziej precyzyjna i efektywna!<\/p>","protected":false},"excerpt":{"rendered":"<p>Profesjonalne zgi\u0119te ig\u0142y do szycia, idealne do perukarstwa i naprawy tres. Zak\u0142adana ko\u0144c\u00f3wka u\u0142atwia szycie, a trwa\u0142y, nierdzewny metal gwarantuje d\u0142ug\u0105 \u017cywotno\u015b\u0107. Precyzyjne i wygodne w u\u017cytkowaniu!<\/p>","protected":false},"featured_media":1099,"template":"","meta":[],"product_brand":[],"product_cat":[28,39],"product_tag":[288,193,76,320,220],"class_list":{"0":"post-1098","1":"product","2":"type-product","3":"status-publish","4":"has-post-thumbnail","6":"product_cat-akcesoria","7":"product_cat-nici-i-akcesoria-perukarskie","8":"product_tag-akcesoria-do-peruk","9":"product_tag-akcesoria-fryzjerskie","10":"product_tag-akcesoria-perukarskie","11":"product_tag-igla-do-szycia","12":"product_tag-perukarstwo-akcesoria","14":"first","15":"instock","16":"taxable","17":"shipping-taxable","18":"purchasable","19":"product-type-simple"},"yoast_head":"<!-- This site is optimized with the Yoast SEO Premium plugin v24.5 (Yoast SEO v27.5) - https:\/\/yoast.com\/product\/yoast-seo-premium-wordpress\/ -->\n<title>Ig\u0142a do szycia zgi\u0119ta - NZK-Wigstore<\/title>\n<meta name=\"description\" content=\"Ig\u0142y zagi\u0119te (\u0142ukowe, p\u00f3\u0142okr\u0105g\u0142e) U\u017cywane do zszywania tresek, siatek oraz baz perukarskich. U\u0142atwiaj\u0105 prac\u0119 w trudno dost\u0119pnych miejscach. Wykorzystywane r\u00f3wnie\u017c w szyciu peruk na bazach z materia\u0142u lub mikro-sk\u00f3ry.\" \/>\n<meta name=\"robots\" content=\"index, follow, max-snippet:-1, max-image-preview:large, max-video-preview:-1\" \/>\n<link rel=\"canonical\" href=\"https:\/\/wigstore-nzk.com\/en\/product\/igla-do-szycia-zgieta\/\" \/>\n<meta property=\"og:locale\" content=\"en_US\" \/>\n<meta property=\"og:type\" content=\"article\" \/>\n<meta property=\"og:title\" content=\"Ig\u0142a do szycia zgi\u0119ta\" \/>\n<meta property=\"og:description\" content=\"Ig\u0142y zagi\u0119te (\u0142ukowe, p\u00f3\u0142okr\u0105g\u0142e) U\u017cywane do zszywania tresek, siatek oraz baz perukarskich. U\u0142atwiaj\u0105 prac\u0119 w trudno dost\u0119pnych miejscach. Wykorzystywane r\u00f3wnie\u017c w szyciu peruk na bazach z materia\u0142u lub mikro-sk\u00f3ry.\" \/>\n<meta property=\"og:url\" content=\"https:\/\/wigstore-nzk.com\/en\/product\/igla-do-szycia-zgieta\/\" \/>\n<meta property=\"og:site_name\" content=\"NZK-Wigstore\" \/>\n<meta property=\"article:modified_time\" content=\"2026-01-15T22:06:07+00:00\" \/>\n<meta property=\"og:image\" content=\"https:\/\/wigstore-nzk.com\/wp-content\/uploads\/2025\/02\/8A_1_Canv_Front-Duze.png\" \/>\n\t<meta property=\"og:image:width\" content=\"1440\" \/>\n\t<meta property=\"og:image:height\" content=\"1080\" \/>\n\t<meta property=\"og:image:type\" content=\"image\/png\" \/>\n<meta name=\"twitter:card\" content=\"summary_large_image\" \/>\n<meta name=\"twitter:label1\" content=\"Est. reading time\" \/>\n\t<meta name=\"twitter:data1\" content=\"1 minute\" \/>\n<script type=\"application\/ld+json\" class=\"yoast-schema-graph\">{\"@context\":\"https:\\\/\\\/schema.org\",\"@graph\":[{\"@type\":\"WebPage\",\"@id\":\"https:\\\/\\\/wigstore-nzk.com\\\/produkt\\\/igla-do-szycia-zgieta\\\/\",\"url\":\"https:\\\/\\\/wigstore-nzk.com\\\/produkt\\\/igla-do-szycia-zgieta\\\/\",\"name\":\"Ig\u0142a do szycia zgi\u0119ta - NZK-Wigstore\",\"isPartOf\":{\"@id\":\"https:\\\/\\\/wigstore-nzk.com\\\/#website\"},\"primaryImageOfPage\":{\"@id\":\"https:\\\/\\\/wigstore-nzk.com\\\/produkt\\\/igla-do-szycia-zgieta\\\/#primaryimage\"},\"image\":{\"@id\":\"https:\\\/\\\/wigstore-nzk.com\\\/produkt\\\/igla-do-szycia-zgieta\\\/#primaryimage\"},\"thumbnailUrl\":\"https:\\\/\\\/wigstore-nzk.com\\\/wp-content\\\/uploads\\\/2025\\\/02\\\/8A_1_Canv_Front-Duze.png\",\"datePublished\":\"2025-02-13T20:32:14+00:00\",\"dateModified\":\"2026-01-15T22:06:07+00:00\",\"description\":\"Ig\u0142y zagi\u0119te (\u0142ukowe, p\u00f3\u0142okr\u0105g\u0142e) U\u017cywane do zszywania tresek, siatek oraz baz perukarskich. U\u0142atwiaj\u0105 prac\u0119 w trudno dost\u0119pnych miejscach. Wykorzystywane r\u00f3wnie\u017c w szyciu peruk na bazach z materia\u0142u lub mikro-sk\u00f3ry.\",\"breadcrumb\":{\"@id\":\"https:\\\/\\\/wigstore-nzk.com\\\/produkt\\\/igla-do-szycia-zgieta\\\/#breadcrumb\"},\"inLanguage\":\"en-US\",\"potentialAction\":[{\"@type\":\"ReadAction\",\"target\":[\"https:\\\/\\\/wigstore-nzk.com\\\/produkt\\\/igla-do-szycia-zgieta\\\/\"]}]},{\"@type\":\"ImageObject\",\"inLanguage\":\"en-US\",\"@id\":\"https:\\\/\\\/wigstore-nzk.com\\\/produkt\\\/igla-do-szycia-zgieta\\\/#primaryimage\",\"url\":\"https:\\\/\\\/wigstore-nzk.com\\\/wp-content\\\/uploads\\\/2025\\\/02\\\/8A_1_Canv_Front-Duze.png\",\"contentUrl\":\"https:\\\/\\\/wigstore-nzk.com\\\/wp-content\\\/uploads\\\/2025\\\/02\\\/8A_1_Canv_Front-Duze.png\",\"width\":1440,\"height\":1080},{\"@type\":\"BreadcrumbList\",\"@id\":\"https:\\\/\\\/wigstore-nzk.com\\\/produkt\\\/igla-do-szycia-zgieta\\\/#breadcrumb\",\"itemListElement\":[{\"@type\":\"ListItem\",\"position\":1,\"name\":\"Strona g\u0142\u00f3wna\",\"item\":\"https:\\\/\\\/wigstore-nzk.com\\\/\"},{\"@type\":\"ListItem\",\"position\":2,\"name\":\"Sklep\",\"item\":\"https:\\\/\\\/wigstore-nzk.com\\\/sklep\\\/\"},{\"@type\":\"ListItem\",\"position\":3,\"name\":\"Ig\u0142a do szycia zgi\u0119ta\"}]},{\"@type\":\"WebSite\",\"@id\":\"https:\\\/\\\/wigstore-nzk.com\\\/#website\",\"url\":\"https:\\\/\\\/wigstore-nzk.com\\\/\",\"name\":\"NZK-Wigstore\",\"description\":\"\",\"potentialAction\":[{\"@type\":\"SearchAction\",\"target\":{\"@type\":\"EntryPoint\",\"urlTemplate\":\"https:\\\/\\\/wigstore-nzk.com\\\/?s={search_term_string}\"},\"query-input\":{\"@type\":\"PropertyValueSpecification\",\"valueRequired\":true,\"valueName\":\"search_term_string\"}}],\"inLanguage\":\"en-US\"}]}<\/script>\n<!-- \/ Yoast SEO Premium plugin. -->","yoast_head_json":{"title":"Ig\u0142a do szycia zgi\u0119ta - NZK-Wigstore","description":"Ig\u0142y zagi\u0119te (\u0142ukowe, p\u00f3\u0142okr\u0105g\u0142e) U\u017cywane do zszywania tresek, siatek oraz baz perukarskich. U\u0142atwiaj\u0105 prac\u0119 w trudno dost\u0119pnych miejscach. Wykorzystywane r\u00f3wnie\u017c w szyciu peruk na bazach z materia\u0142u lub mikro-sk\u00f3ry.","robots":{"index":"index","follow":"follow","max-snippet":"max-snippet:-1","max-image-preview":"max-image-preview:large","max-video-preview":"max-video-preview:-1"},"canonical":"https:\/\/wigstore-nzk.com\/en\/product\/igla-do-szycia-zgieta\/","og_locale":"en_US","og_type":"article","og_title":"Ig\u0142a do szycia zgi\u0119ta","og_description":"Ig\u0142y zagi\u0119te (\u0142ukowe, p\u00f3\u0142okr\u0105g\u0142e) U\u017cywane do zszywania tresek, siatek oraz baz perukarskich. U\u0142atwiaj\u0105 prac\u0119 w trudno dost\u0119pnych miejscach. Wykorzystywane r\u00f3wnie\u017c w szyciu peruk na bazach z materia\u0142u lub mikro-sk\u00f3ry.","og_url":"https:\/\/wigstore-nzk.com\/en\/product\/igla-do-szycia-zgieta\/","og_site_name":"NZK-Wigstore","article_modified_time":"2026-01-15T22:06:07+00:00","og_image":[{"width":1440,"height":1080,"url":"https:\/\/wigstore-nzk.com\/wp-content\/uploads\/2025\/02\/8A_1_Canv_Front-Duze.png","type":"image\/png"}],"twitter_card":"summary_large_image","twitter_misc":{"Est. reading time":"1 minute"},"schema":{"@context":"https:\/\/schema.org","@graph":[{"@type":"WebPage","@id":"https:\/\/wigstore-nzk.com\/produkt\/igla-do-szycia-zgieta\/","url":"https:\/\/wigstore-nzk.com\/produkt\/igla-do-szycia-zgieta\/","name":"Ig\u0142a do szycia zgi\u0119ta - NZK-Wigstore","isPartOf":{"@id":"https:\/\/wigstore-nzk.com\/#website"},"primaryImageOfPage":{"@id":"https:\/\/wigstore-nzk.com\/produkt\/igla-do-szycia-zgieta\/#primaryimage"},"image":{"@id":"https:\/\/wigstore-nzk.com\/produkt\/igla-do-szycia-zgieta\/#primaryimage"},"thumbnailUrl":"https:\/\/wigstore-nzk.com\/wp-content\/uploads\/2025\/02\/8A_1_Canv_Front-Duze.png","datePublished":"2025-02-13T20:32:14+00:00","dateModified":"2026-01-15T22:06:07+00:00","description":"Ig\u0142y zagi\u0119te (\u0142ukowe, p\u00f3\u0142okr\u0105g\u0142e) U\u017cywane do zszywania tresek, siatek oraz baz perukarskich. U\u0142atwiaj\u0105 prac\u0119 w trudno dost\u0119pnych miejscach. Wykorzystywane r\u00f3wnie\u017c w szyciu peruk na bazach z materia\u0142u lub mikro-sk\u00f3ry.","breadcrumb":{"@id":"https:\/\/wigstore-nzk.com\/produkt\/igla-do-szycia-zgieta\/#breadcrumb"},"inLanguage":"en-US","potentialAction":[{"@type":"ReadAction","target":["https:\/\/wigstore-nzk.com\/produkt\/igla-do-szycia-zgieta\/"]}]},{"@type":"ImageObject","inLanguage":"en-US","@id":"https:\/\/wigstore-nzk.com\/produkt\/igla-do-szycia-zgieta\/#primaryimage","url":"https:\/\/wigstore-nzk.com\/wp-content\/uploads\/2025\/02\/8A_1_Canv_Front-Duze.png","contentUrl":"https:\/\/wigstore-nzk.com\/wp-content\/uploads\/2025\/02\/8A_1_Canv_Front-Duze.png","width":1440,"height":1080},{"@type":"BreadcrumbList","@id":"https:\/\/wigstore-nzk.com\/produkt\/igla-do-szycia-zgieta\/#breadcrumb","itemListElement":[{"@type":"ListItem","position":1,"name":"Strona g\u0142\u00f3wna","item":"https:\/\/wigstore-nzk.com\/"},{"@type":"ListItem","position":2,"name":"Sklep","item":"https:\/\/wigstore-nzk.com\/sklep\/"},{"@type":"ListItem","position":3,"name":"Ig\u0142a do szycia zgi\u0119ta"}]},{"@type":"WebSite","@id":"https:\/\/wigstore-nzk.com\/#website","url":"https:\/\/wigstore-nzk.com\/","name":"NZK-Wigstore","description":"","potentialAction":[{"@type":"SearchAction","target":{"@type":"EntryPoint","urlTemplate":"https:\/\/wigstore-nzk.com\/?s={search_term_string}"},"query-input":{"@type":"PropertyValueSpecification","valueRequired":true,"valueName":"search_term_string"}}],"inLanguage":"en-US"}]}},"_links":{"self":[{"href":"https:\/\/wigstore-nzk.com\/en\/wp-json\/wp\/v2\/product\/1098","targetHints":{"allow":["GET"]}}],"collection":[{"href":"https:\/\/wigstore-nzk.com\/en\/wp-json\/wp\/v2\/product"}],"about":[{"href":"https:\/\/wigstore-nzk.com\/en\/wp-json\/wp\/v2\/types\/product"}],"version-history":[{"count":3,"href":"https:\/\/wigstore-nzk.com\/en\/wp-json\/wp\/v2\/product\/1098\/revisions"}],"predecessor-version":[{"id":1940,"href":"https:\/\/wigstore-nzk.com\/en\/wp-json\/wp\/v2\/product\/1098\/revisions\/1940"}],"wp:featuredmedia":[{"embeddable":true,"href":"https:\/\/wigstore-nzk.com\/en\/wp-json\/wp\/v2\/media\/1099"}],"wp:attachment":[{"href":"https:\/\/wigstore-nzk.com\/en\/wp-json\/wp\/v2\/media?parent=1098"}],"wp:term":[{"taxonomy":"product_brand","embeddable":true,"href":"https:\/\/wigstore-nzk.com\/en\/wp-json\/wp\/v2\/product_brand?post=1098"},{"taxonomy":"product_cat","embeddable":true,"href":"https:\/\/wigstore-nzk.com\/en\/wp-json\/wp\/v2\/product_cat?post=1098"},{"taxonomy":"product_tag","embeddable":true,"href":"https:\/\/wigstore-nzk.com\/en\/wp-json\/wp\/v2\/product_tag?post=1098"}],"curies":[{"name":"wp","href":"https:\/\/api.w.org\/{rel}","templated":true}]}}