{"id":1106,"date":"2025-02-14T22:04:16","date_gmt":"2025-02-14T21:04:16","guid":{"rendered":"https:\/\/wigstore-nzk.com\/?post_type=product&#038;p=1106"},"modified":"2025-11-24T15:31:41","modified_gmt":"2025-11-24T14:31:41","slug":"czepek-pod-peruke-bialy-strunowy","status":"publish","type":"product","link":"https:\/\/wigstore-nzk.com\/en\/product\/czepek-pod-peruke-bialy-strunowy\/","title":{"rendered":"Siatka pod peruk\u0119, czepek \u2013 bia\u0142y, strunowy"},"content":{"rendered":"<p>Profesjonalny bia\u0142y czepek pod peruk\u0119 to niezb\u0119dny element zapewniaj\u0105cy komfort i stabilno\u015b\u0107 noszenia peruki. Wykonany z lekkiego, przewiewnego materia\u0142u, kt\u00f3ry dopasowuje si\u0119 do kszta\u0142tu g\u0142owy, skutecznie zabezpiecza w\u0142osy i u\u0142atwia utrzymanie peruki na miejscu. Strunowe wyko\u0144czenie zapewnia elastyczno\u015b\u0107 i doskona\u0142e dopasowanie bez ucisku, co zwi\u0119ksza wygod\u0119 u\u017cytkowania.<\/p>\n<p>&nbsp;<\/p>\n<p>\u2705\u00a0Lekki i przewiewny materia\u0142 \u2013 zapewnia komfort noszenia przez ca\u0142y dzie\u0144<br \/>\n\u2705\u00a0Elastyczne strunowe wyko\u0144czenie \u2013 dopasowuje si\u0119 do kszta\u0142tu g\u0142owy<br \/>\n\u2705\u00a0Doskona\u0142a baza pod peruk\u0119 \u2013 utrzymuje w\u0142osy w miejscu i zapobiega ich wysuwaniu<br \/>\n\u2705\u00a0Uniwersalny bia\u0142y kolor \u2013 idealny do r\u00f3\u017cnych typ\u00f3w peruk<br \/>\n\u2705\u00a0\u0141atwy w u\u017cyciu i wielokrotnego u\u017cytku<\/p>\n<p>&nbsp;<\/p>\n<p>Czepek to niezast\u0105pione akcesorium dla ka\u017cdego u\u017cytkownika peruk \u2013 zapewnia wygod\u0119, stabilno\u015b\u0107 i lepsze dopasowanie peruki!<\/p>","protected":false},"excerpt":{"rendered":"<p>Lekki i przewiewny bia\u0142y czepek pod peruk\u0119 z elastycznym wyko\u0144czeniem, kt\u00f3re zapewnia doskona\u0142e dopasowanie. Stabilizuje peruk\u0119, utrzymuje w\u0142osy na miejscu i zwi\u0119ksza komfort noszenia. Idealny do codziennego u\u017cytku!<\/p>","protected":false},"featured_media":1107,"template":"","meta":[],"product_brand":[],"product_cat":[28,47],"product_tag":[76,319],"class_list":{"0":"post-1106","1":"product","2":"type-product","3":"status-publish","4":"has-post-thumbnail","6":"product_cat-akcesoria","7":"product_cat-siatki-i-tasmy-pod-peruke","8":"product_tag-akcesoria-perukarskie","9":"product_tag-czepek-pod-peruke","11":"first","12":"instock","13":"taxable","14":"shipping-taxable","15":"purchasable","16":"product-type-simple"},"yoast_head":"<!-- This site is optimized with the Yoast SEO Premium plugin v24.5 (Yoast SEO v27.5) - https:\/\/yoast.com\/product\/yoast-seo-premium-wordpress\/ -->\n<title>Siatka pod peruk\u0119, czepek \u2013 bia\u0142y, strunowy - NZK-Wigstore<\/title>\n<meta name=\"description\" content=\"Profesjonalny bia\u0142y czepek pod peruk\u0119 to niezb\u0119dny element zapewniaj\u0105cy komfort i stabilno\u015b\u0107 noszenia peruki. Wykonany z lekkiego, przewiewnego materia\u0142u, kt\u00f3ry dopasowuje si\u0119 do kszta\u0142tu g\u0142owy, skutecznie zabezpiecza w\u0142osy i u\u0142atwia utrzymanie peruki na miejscu. Strunowe wyko\u0144czenie zapewnia elastyczno\u015b\u0107 i doskona\u0142e dopasowanie bez ucisku, co zwi\u0119ksza wygod\u0119 u\u017cytkowania.\" \/>\n<meta name=\"robots\" content=\"index, follow, max-snippet:-1, max-image-preview:large, max-video-preview:-1\" \/>\n<link rel=\"canonical\" href=\"https:\/\/wigstore-nzk.com\/en\/product\/czepek-pod-peruke-bialy-strunowy\/\" \/>\n<meta property=\"og:locale\" content=\"en_US\" \/>\n<meta property=\"og:type\" content=\"article\" \/>\n<meta property=\"og:title\" content=\"Siatka pod peruk\u0119, czepek \u2013 bia\u0142y, strunowy\" \/>\n<meta property=\"og:description\" content=\"Profesjonalny bia\u0142y czepek pod peruk\u0119 to niezb\u0119dny element zapewniaj\u0105cy komfort i stabilno\u015b\u0107 noszenia peruki. Wykonany z lekkiego, przewiewnego materia\u0142u, kt\u00f3ry dopasowuje si\u0119 do kszta\u0142tu g\u0142owy, skutecznie zabezpiecza w\u0142osy i u\u0142atwia utrzymanie peruki na miejscu. Strunowe wyko\u0144czenie zapewnia elastyczno\u015b\u0107 i doskona\u0142e dopasowanie bez ucisku, co zwi\u0119ksza wygod\u0119 u\u017cytkowania.\" \/>\n<meta property=\"og:url\" content=\"https:\/\/wigstore-nzk.com\/en\/product\/czepek-pod-peruke-bialy-strunowy\/\" \/>\n<meta property=\"og:site_name\" content=\"NZK-Wigstore\" \/>\n<meta property=\"article:modified_time\" content=\"2025-11-24T14:31:41+00:00\" \/>\n<meta property=\"og:image\" content=\"https:\/\/wigstore-nzk.com\/wp-content\/uploads\/2025\/02\/16_1_Canv_Front-Duze.png\" \/>\n\t<meta property=\"og:image:width\" content=\"1080\" \/>\n\t<meta property=\"og:image:height\" content=\"1260\" \/>\n\t<meta property=\"og:image:type\" content=\"image\/png\" \/>\n<meta name=\"twitter:card\" content=\"summary_large_image\" \/>\n<meta name=\"twitter:label1\" content=\"Est. reading time\" \/>\n\t<meta name=\"twitter:data1\" content=\"1 minute\" \/>\n<script type=\"application\/ld+json\" class=\"yoast-schema-graph\">{\"@context\":\"https:\\\/\\\/schema.org\",\"@graph\":[{\"@type\":\"WebPage\",\"@id\":\"https:\\\/\\\/wigstore-nzk.com\\\/produkt\\\/czepek-pod-peruke-bialy-strunowy\\\/\",\"url\":\"https:\\\/\\\/wigstore-nzk.com\\\/produkt\\\/czepek-pod-peruke-bialy-strunowy\\\/\",\"name\":\"Siatka pod peruk\u0119, czepek \u2013 bia\u0142y, strunowy - NZK-Wigstore\",\"isPartOf\":{\"@id\":\"https:\\\/\\\/wigstore-nzk.com\\\/#website\"},\"primaryImageOfPage\":{\"@id\":\"https:\\\/\\\/wigstore-nzk.com\\\/produkt\\\/czepek-pod-peruke-bialy-strunowy\\\/#primaryimage\"},\"image\":{\"@id\":\"https:\\\/\\\/wigstore-nzk.com\\\/produkt\\\/czepek-pod-peruke-bialy-strunowy\\\/#primaryimage\"},\"thumbnailUrl\":\"https:\\\/\\\/wigstore-nzk.com\\\/wp-content\\\/uploads\\\/2025\\\/02\\\/16_1_Canv_Front-Duze.png\",\"datePublished\":\"2025-02-14T21:04:16+00:00\",\"dateModified\":\"2025-11-24T14:31:41+00:00\",\"description\":\"Profesjonalny bia\u0142y czepek pod peruk\u0119 to niezb\u0119dny element zapewniaj\u0105cy komfort i stabilno\u015b\u0107 noszenia peruki. Wykonany z lekkiego, przewiewnego materia\u0142u, kt\u00f3ry dopasowuje si\u0119 do kszta\u0142tu g\u0142owy, skutecznie zabezpiecza w\u0142osy i u\u0142atwia utrzymanie peruki na miejscu. Strunowe wyko\u0144czenie zapewnia elastyczno\u015b\u0107 i doskona\u0142e dopasowanie bez ucisku, co zwi\u0119ksza wygod\u0119 u\u017cytkowania.\",\"breadcrumb\":{\"@id\":\"https:\\\/\\\/wigstore-nzk.com\\\/produkt\\\/czepek-pod-peruke-bialy-strunowy\\\/#breadcrumb\"},\"inLanguage\":\"en-US\",\"potentialAction\":[{\"@type\":\"ReadAction\",\"target\":[\"https:\\\/\\\/wigstore-nzk.com\\\/produkt\\\/czepek-pod-peruke-bialy-strunowy\\\/\"]}]},{\"@type\":\"ImageObject\",\"inLanguage\":\"en-US\",\"@id\":\"https:\\\/\\\/wigstore-nzk.com\\\/produkt\\\/czepek-pod-peruke-bialy-strunowy\\\/#primaryimage\",\"url\":\"https:\\\/\\\/wigstore-nzk.com\\\/wp-content\\\/uploads\\\/2025\\\/02\\\/16_1_Canv_Front-Duze.png\",\"contentUrl\":\"https:\\\/\\\/wigstore-nzk.com\\\/wp-content\\\/uploads\\\/2025\\\/02\\\/16_1_Canv_Front-Duze.png\",\"width\":1080,\"height\":1260},{\"@type\":\"BreadcrumbList\",\"@id\":\"https:\\\/\\\/wigstore-nzk.com\\\/produkt\\\/czepek-pod-peruke-bialy-strunowy\\\/#breadcrumb\",\"itemListElement\":[{\"@type\":\"ListItem\",\"position\":1,\"name\":\"Strona g\u0142\u00f3wna\",\"item\":\"https:\\\/\\\/wigstore-nzk.com\\\/\"},{\"@type\":\"ListItem\",\"position\":2,\"name\":\"Sklep\",\"item\":\"https:\\\/\\\/wigstore-nzk.com\\\/sklep\\\/\"},{\"@type\":\"ListItem\",\"position\":3,\"name\":\"Siatka pod peruk\u0119, czepek \u2013 bia\u0142y, strunowy\"}]},{\"@type\":\"WebSite\",\"@id\":\"https:\\\/\\\/wigstore-nzk.com\\\/#website\",\"url\":\"https:\\\/\\\/wigstore-nzk.com\\\/\",\"name\":\"NZK-Wigstore\",\"description\":\"\",\"potentialAction\":[{\"@type\":\"SearchAction\",\"target\":{\"@type\":\"EntryPoint\",\"urlTemplate\":\"https:\\\/\\\/wigstore-nzk.com\\\/?s={search_term_string}\"},\"query-input\":{\"@type\":\"PropertyValueSpecification\",\"valueRequired\":true,\"valueName\":\"search_term_string\"}}],\"inLanguage\":\"en-US\"}]}<\/script>\n<!-- \/ Yoast SEO Premium plugin. -->","yoast_head_json":{"title":"Siatka pod peruk\u0119, czepek \u2013 bia\u0142y, strunowy - NZK-Wigstore","description":"Profesjonalny bia\u0142y czepek pod peruk\u0119 to niezb\u0119dny element zapewniaj\u0105cy komfort i stabilno\u015b\u0107 noszenia peruki. Wykonany z lekkiego, przewiewnego materia\u0142u, kt\u00f3ry dopasowuje si\u0119 do kszta\u0142tu g\u0142owy, skutecznie zabezpiecza w\u0142osy i u\u0142atwia utrzymanie peruki na miejscu. Strunowe wyko\u0144czenie zapewnia elastyczno\u015b\u0107 i doskona\u0142e dopasowanie bez ucisku, co zwi\u0119ksza wygod\u0119 u\u017cytkowania.","robots":{"index":"index","follow":"follow","max-snippet":"max-snippet:-1","max-image-preview":"max-image-preview:large","max-video-preview":"max-video-preview:-1"},"canonical":"https:\/\/wigstore-nzk.com\/en\/product\/czepek-pod-peruke-bialy-strunowy\/","og_locale":"en_US","og_type":"article","og_title":"Siatka pod peruk\u0119, czepek \u2013 bia\u0142y, strunowy","og_description":"Profesjonalny bia\u0142y czepek pod peruk\u0119 to niezb\u0119dny element zapewniaj\u0105cy komfort i stabilno\u015b\u0107 noszenia peruki. Wykonany z lekkiego, przewiewnego materia\u0142u, kt\u00f3ry dopasowuje si\u0119 do kszta\u0142tu g\u0142owy, skutecznie zabezpiecza w\u0142osy i u\u0142atwia utrzymanie peruki na miejscu. Strunowe wyko\u0144czenie zapewnia elastyczno\u015b\u0107 i doskona\u0142e dopasowanie bez ucisku, co zwi\u0119ksza wygod\u0119 u\u017cytkowania.","og_url":"https:\/\/wigstore-nzk.com\/en\/product\/czepek-pod-peruke-bialy-strunowy\/","og_site_name":"NZK-Wigstore","article_modified_time":"2025-11-24T14:31:41+00:00","og_image":[{"width":1080,"height":1260,"url":"https:\/\/wigstore-nzk.com\/wp-content\/uploads\/2025\/02\/16_1_Canv_Front-Duze.png","type":"image\/png"}],"twitter_card":"summary_large_image","twitter_misc":{"Est. reading time":"1 minute"},"schema":{"@context":"https:\/\/schema.org","@graph":[{"@type":"WebPage","@id":"https:\/\/wigstore-nzk.com\/produkt\/czepek-pod-peruke-bialy-strunowy\/","url":"https:\/\/wigstore-nzk.com\/produkt\/czepek-pod-peruke-bialy-strunowy\/","name":"Siatka pod peruk\u0119, czepek \u2013 bia\u0142y, strunowy - NZK-Wigstore","isPartOf":{"@id":"https:\/\/wigstore-nzk.com\/#website"},"primaryImageOfPage":{"@id":"https:\/\/wigstore-nzk.com\/produkt\/czepek-pod-peruke-bialy-strunowy\/#primaryimage"},"image":{"@id":"https:\/\/wigstore-nzk.com\/produkt\/czepek-pod-peruke-bialy-strunowy\/#primaryimage"},"thumbnailUrl":"https:\/\/wigstore-nzk.com\/wp-content\/uploads\/2025\/02\/16_1_Canv_Front-Duze.png","datePublished":"2025-02-14T21:04:16+00:00","dateModified":"2025-11-24T14:31:41+00:00","description":"Profesjonalny bia\u0142y czepek pod peruk\u0119 to niezb\u0119dny element zapewniaj\u0105cy komfort i stabilno\u015b\u0107 noszenia peruki. Wykonany z lekkiego, przewiewnego materia\u0142u, kt\u00f3ry dopasowuje si\u0119 do kszta\u0142tu g\u0142owy, skutecznie zabezpiecza w\u0142osy i u\u0142atwia utrzymanie peruki na miejscu. Strunowe wyko\u0144czenie zapewnia elastyczno\u015b\u0107 i doskona\u0142e dopasowanie bez ucisku, co zwi\u0119ksza wygod\u0119 u\u017cytkowania.","breadcrumb":{"@id":"https:\/\/wigstore-nzk.com\/produkt\/czepek-pod-peruke-bialy-strunowy\/#breadcrumb"},"inLanguage":"en-US","potentialAction":[{"@type":"ReadAction","target":["https:\/\/wigstore-nzk.com\/produkt\/czepek-pod-peruke-bialy-strunowy\/"]}]},{"@type":"ImageObject","inLanguage":"en-US","@id":"https:\/\/wigstore-nzk.com\/produkt\/czepek-pod-peruke-bialy-strunowy\/#primaryimage","url":"https:\/\/wigstore-nzk.com\/wp-content\/uploads\/2025\/02\/16_1_Canv_Front-Duze.png","contentUrl":"https:\/\/wigstore-nzk.com\/wp-content\/uploads\/2025\/02\/16_1_Canv_Front-Duze.png","width":1080,"height":1260},{"@type":"BreadcrumbList","@id":"https:\/\/wigstore-nzk.com\/produkt\/czepek-pod-peruke-bialy-strunowy\/#breadcrumb","itemListElement":[{"@type":"ListItem","position":1,"name":"Strona g\u0142\u00f3wna","item":"https:\/\/wigstore-nzk.com\/"},{"@type":"ListItem","position":2,"name":"Sklep","item":"https:\/\/wigstore-nzk.com\/sklep\/"},{"@type":"ListItem","position":3,"name":"Siatka pod peruk\u0119, czepek \u2013 bia\u0142y, strunowy"}]},{"@type":"WebSite","@id":"https:\/\/wigstore-nzk.com\/#website","url":"https:\/\/wigstore-nzk.com\/","name":"NZK-Wigstore","description":"","potentialAction":[{"@type":"SearchAction","target":{"@type":"EntryPoint","urlTemplate":"https:\/\/wigstore-nzk.com\/?s={search_term_string}"},"query-input":{"@type":"PropertyValueSpecification","valueRequired":true,"valueName":"search_term_string"}}],"inLanguage":"en-US"}]}},"_links":{"self":[{"href":"https:\/\/wigstore-nzk.com\/en\/wp-json\/wp\/v2\/product\/1106","targetHints":{"allow":["GET"]}}],"collection":[{"href":"https:\/\/wigstore-nzk.com\/en\/wp-json\/wp\/v2\/product"}],"about":[{"href":"https:\/\/wigstore-nzk.com\/en\/wp-json\/wp\/v2\/types\/product"}],"version-history":[{"count":4,"href":"https:\/\/wigstore-nzk.com\/en\/wp-json\/wp\/v2\/product\/1106\/revisions"}],"predecessor-version":[{"id":2243,"href":"https:\/\/wigstore-nzk.com\/en\/wp-json\/wp\/v2\/product\/1106\/revisions\/2243"}],"wp:featuredmedia":[{"embeddable":true,"href":"https:\/\/wigstore-nzk.com\/en\/wp-json\/wp\/v2\/media\/1107"}],"wp:attachment":[{"href":"https:\/\/wigstore-nzk.com\/en\/wp-json\/wp\/v2\/media?parent=1106"}],"wp:term":[{"taxonomy":"product_brand","embeddable":true,"href":"https:\/\/wigstore-nzk.com\/en\/wp-json\/wp\/v2\/product_brand?post=1106"},{"taxonomy":"product_cat","embeddable":true,"href":"https:\/\/wigstore-nzk.com\/en\/wp-json\/wp\/v2\/product_cat?post=1106"},{"taxonomy":"product_tag","embeddable":true,"href":"https:\/\/wigstore-nzk.com\/en\/wp-json\/wp\/v2\/product_tag?post=1106"}],"curies":[{"name":"wp","href":"https:\/\/api.w.org\/{rel}","templated":true}]}}