{"id":1131,"date":"2025-02-15T07:51:11","date_gmt":"2025-02-15T06:51:11","guid":{"rendered":"https:\/\/wigstore-nzk.com\/?post_type=product&#038;p=1131"},"modified":"2025-11-24T15:19:36","modified_gmt":"2025-11-24T14:19:36","slug":"paski-konstrukcyjne-czerwone","status":"publish","type":"product","link":"https:\/\/wigstore-nzk.com\/en\/product\/paski-konstrukcyjne-czerwone\/","title":{"rendered":"Paski konstrukcyjne, 36 sztuk, czerwone"},"content":{"rendered":"<p>Paski konstrukcyjne to wysokiej jako\u015bci samoprzylepne wzmocnienia, stosowane w perukarstwie do stabilizacji i modelowania konstrukcji peruk oraz system\u00f3w w\u0142os\u00f3w. Dzi\u0119ki mocnemu klejowi i wyprofilowanemu kszta\u0142towi, paski idealnie dopasowuj\u0105 si\u0119 do bazy peruki, zapewniaj\u0105c jej lepsz\u0105 trwa\u0142o\u015b\u0107, wygod\u0119 noszenia i stabilno\u015b\u0107. Elastyczna struktura sprawia, \u017ce s\u0105 \u0142atwe w aplikacji i nie odkszta\u0142caj\u0105 si\u0119 podczas u\u017cytkowania.<\/p>\n<p>&nbsp;<\/p>\n<p>&nbsp;<\/p>\n<p>Cechy produktu:<br \/>\n\u2705\u00a0Profesjonalne wzmocnienie konstrukcji peruki<br \/>\n\u2705\u00a0Mocna, samoprzylepna powierzchnia \u2013 trwa\u0142o\u015b\u0107 i stabilno\u015b\u0107<br \/>\n\u2705\u00a0Wyprofilowany kszta\u0142t \u2013 idealne dopasowanie do peruki<br \/>\n\u2705\u00a0Elastyczny materia\u0142 \u2013 \u0142atwo\u015b\u0107 aplikacji i wygodne u\u017cytkowanie<br \/>\n\u2705\u00a0Niezast\u0105pione w ka\u017cdej pracowni perukarskiej<\/p>\n<p>\u2705 Trwa\u0142o\u015b\u0107 3 dni<br \/>\n\u2705\u00a0Ilo\u015b\u0107: 36 sztuk<\/p>\n<p>&nbsp;<\/p>\n<p>&nbsp;<\/p>\n<p>Dzi\u0119ki paskom konstrukcyjnym Twoje peruki b\u0119d\u0105 jeszcze bardziej komfortowe i trwa\u0142e!<\/p>","protected":false},"excerpt":{"rendered":"<p>Samoprzylepne paski konstrukcyjne RED 3 dniowe zapewniaj\u0105 lepsz\u0105 stabilno\u015b\u0107 i trwa\u0142o\u015b\u0107 peruk. Wyprofilowany kszta\u0142t i elastyczny materia\u0142 sprawiaj\u0105, \u017ce idealnie dopasowuj\u0105 si\u0119 do konstrukcji peruki. Niezb\u0119dne w profesjonalnym perukarstwie!<\/p>","protected":false},"featured_media":1132,"template":"","meta":[],"product_brand":[],"product_cat":[28,36],"product_tag":[76,316,314,309,78,77,317,310,109,312,315,318,313,311],"class_list":{"0":"post-1131","1":"product","2":"type-product","3":"status-publish","4":"has-post-thumbnail","6":"product_cat-akcesoria","7":"product_cat-tasmy-samoprzylepne","8":"product_tag-akcesoria-perukarskie","9":"product_tag-elastyczne-peruki","10":"product_tag-paski-do-peruk","11":"product_tag-paski-konstrukcyjne","12":"product_tag-perukarstwo","13":"product_tag-peruki-profesjonalne","14":"product_tag-praca-perukarska","15":"product_tag-samoprzylepne-paski","16":"product_tag-stabilizacja-peruki","17":"product_tag-systemy-wlosow","18":"product_tag-trwale-peruki","19":"product_tag-wygodne-noszenie-peruki","20":"product_tag-wzmocnienie-konstrukcji","21":"product_tag-wzmocnienie-peruki","23":"first","24":"instock","25":"taxable","26":"shipping-taxable","27":"purchasable","28":"product-type-simple"},"yoast_head":"<!-- This site is optimized with the Yoast SEO Premium plugin v24.5 (Yoast SEO v27.5) - https:\/\/yoast.com\/product\/yoast-seo-premium-wordpress\/ -->\n<title>Paski konstrukcyjne, 36 sztuk, czerwone - NZK-Wigstore<\/title>\n<meta name=\"description\" content=\"Paski konstrukcyjne 3 dniowe to wysokiej jako\u015bci samoprzylepne wzmocnienia, stosowane w perukarstwie do stabilizacji i modelowania konstrukcji peruk oraz system\u00f3w w\u0142os\u00f3w. Dzi\u0119ki mocnemu klejowi i wyprofilowanemu kszta\u0142towi, paski idealnie dopasowuj\u0105 si\u0119 do bazy peruki, zapewniaj\u0105c jej lepsz\u0105 trwa\u0142o\u015b\u0107, wygod\u0119 noszenia i stabilno\u015b\u0107. Elastyczna struktura sprawia, \u017ce s\u0105 \u0142atwe w aplikacji i nie odkszta\u0142caj\u0105 si\u0119 podczas u\u017cytkowania.\" \/>\n<meta name=\"robots\" content=\"index, follow, max-snippet:-1, max-image-preview:large, max-video-preview:-1\" \/>\n<link rel=\"canonical\" href=\"https:\/\/wigstore-nzk.com\/en\/product\/paski-konstrukcyjne-czerwone\/\" \/>\n<meta property=\"og:locale\" content=\"en_US\" \/>\n<meta property=\"og:type\" content=\"article\" \/>\n<meta property=\"og:title\" content=\"Paski konstrukcyjne, 36 sztuk, czerwone\" \/>\n<meta property=\"og:description\" content=\"Paski konstrukcyjne 3 dniowe to wysokiej jako\u015bci samoprzylepne wzmocnienia, stosowane w perukarstwie do stabilizacji i modelowania konstrukcji peruk oraz system\u00f3w w\u0142os\u00f3w. Dzi\u0119ki mocnemu klejowi i wyprofilowanemu kszta\u0142towi, paski idealnie dopasowuj\u0105 si\u0119 do bazy peruki, zapewniaj\u0105c jej lepsz\u0105 trwa\u0142o\u015b\u0107, wygod\u0119 noszenia i stabilno\u015b\u0107. Elastyczna struktura sprawia, \u017ce s\u0105 \u0142atwe w aplikacji i nie odkszta\u0142caj\u0105 si\u0119 podczas u\u017cytkowania.\" \/>\n<meta property=\"og:url\" content=\"https:\/\/wigstore-nzk.com\/en\/product\/paski-konstrukcyjne-czerwone\/\" \/>\n<meta property=\"og:site_name\" content=\"NZK-Wigstore\" \/>\n<meta property=\"article:modified_time\" content=\"2025-11-24T14:19:36+00:00\" \/>\n<meta property=\"og:image\" content=\"https:\/\/wigstore-nzk.com\/wp-content\/uploads\/2025\/02\/36PKred_1_Canv_Front-Duze.png\" \/>\n\t<meta property=\"og:image:width\" content=\"1417\" \/>\n\t<meta property=\"og:image:height\" content=\"1080\" \/>\n\t<meta property=\"og:image:type\" content=\"image\/png\" \/>\n<meta name=\"twitter:card\" content=\"summary_large_image\" \/>\n<meta name=\"twitter:label1\" content=\"Est. reading time\" \/>\n\t<meta name=\"twitter:data1\" content=\"1 minute\" \/>\n<script type=\"application\/ld+json\" class=\"yoast-schema-graph\">{\"@context\":\"https:\\\/\\\/schema.org\",\"@graph\":[{\"@type\":\"WebPage\",\"@id\":\"https:\\\/\\\/wigstore-nzk.com\\\/produkt\\\/paski-konstrukcyjne-czerwone\\\/\",\"url\":\"https:\\\/\\\/wigstore-nzk.com\\\/produkt\\\/paski-konstrukcyjne-czerwone\\\/\",\"name\":\"Paski konstrukcyjne, 36 sztuk, czerwone - NZK-Wigstore\",\"isPartOf\":{\"@id\":\"https:\\\/\\\/wigstore-nzk.com\\\/#website\"},\"primaryImageOfPage\":{\"@id\":\"https:\\\/\\\/wigstore-nzk.com\\\/produkt\\\/paski-konstrukcyjne-czerwone\\\/#primaryimage\"},\"image\":{\"@id\":\"https:\\\/\\\/wigstore-nzk.com\\\/produkt\\\/paski-konstrukcyjne-czerwone\\\/#primaryimage\"},\"thumbnailUrl\":\"https:\\\/\\\/wigstore-nzk.com\\\/wp-content\\\/uploads\\\/2025\\\/02\\\/36PKred_1_Canv_Front-Duze.png\",\"datePublished\":\"2025-02-15T06:51:11+00:00\",\"dateModified\":\"2025-11-24T14:19:36+00:00\",\"description\":\"Paski konstrukcyjne 3 dniowe to wysokiej jako\u015bci samoprzylepne wzmocnienia, stosowane w perukarstwie do stabilizacji i modelowania konstrukcji peruk oraz system\u00f3w w\u0142os\u00f3w. Dzi\u0119ki mocnemu klejowi i wyprofilowanemu kszta\u0142towi, paski idealnie dopasowuj\u0105 si\u0119 do bazy peruki, zapewniaj\u0105c jej lepsz\u0105 trwa\u0142o\u015b\u0107, wygod\u0119 noszenia i stabilno\u015b\u0107. Elastyczna struktura sprawia, \u017ce s\u0105 \u0142atwe w aplikacji i nie odkszta\u0142caj\u0105 si\u0119 podczas u\u017cytkowania.\",\"breadcrumb\":{\"@id\":\"https:\\\/\\\/wigstore-nzk.com\\\/produkt\\\/paski-konstrukcyjne-czerwone\\\/#breadcrumb\"},\"inLanguage\":\"en-US\",\"potentialAction\":[{\"@type\":\"ReadAction\",\"target\":[\"https:\\\/\\\/wigstore-nzk.com\\\/produkt\\\/paski-konstrukcyjne-czerwone\\\/\"]}]},{\"@type\":\"ImageObject\",\"inLanguage\":\"en-US\",\"@id\":\"https:\\\/\\\/wigstore-nzk.com\\\/produkt\\\/paski-konstrukcyjne-czerwone\\\/#primaryimage\",\"url\":\"https:\\\/\\\/wigstore-nzk.com\\\/wp-content\\\/uploads\\\/2025\\\/02\\\/36PKred_1_Canv_Front-Duze.png\",\"contentUrl\":\"https:\\\/\\\/wigstore-nzk.com\\\/wp-content\\\/uploads\\\/2025\\\/02\\\/36PKred_1_Canv_Front-Duze.png\",\"width\":1417,\"height\":1080},{\"@type\":\"BreadcrumbList\",\"@id\":\"https:\\\/\\\/wigstore-nzk.com\\\/produkt\\\/paski-konstrukcyjne-czerwone\\\/#breadcrumb\",\"itemListElement\":[{\"@type\":\"ListItem\",\"position\":1,\"name\":\"Strona g\u0142\u00f3wna\",\"item\":\"https:\\\/\\\/wigstore-nzk.com\\\/\"},{\"@type\":\"ListItem\",\"position\":2,\"name\":\"Sklep\",\"item\":\"https:\\\/\\\/wigstore-nzk.com\\\/sklep\\\/\"},{\"@type\":\"ListItem\",\"position\":3,\"name\":\"Paski konstrukcyjne, 36 sztuk, czerwone\"}]},{\"@type\":\"WebSite\",\"@id\":\"https:\\\/\\\/wigstore-nzk.com\\\/#website\",\"url\":\"https:\\\/\\\/wigstore-nzk.com\\\/\",\"name\":\"NZK-Wigstore\",\"description\":\"\",\"potentialAction\":[{\"@type\":\"SearchAction\",\"target\":{\"@type\":\"EntryPoint\",\"urlTemplate\":\"https:\\\/\\\/wigstore-nzk.com\\\/?s={search_term_string}\"},\"query-input\":{\"@type\":\"PropertyValueSpecification\",\"valueRequired\":true,\"valueName\":\"search_term_string\"}}],\"inLanguage\":\"en-US\"}]}<\/script>\n<!-- \/ Yoast SEO Premium plugin. -->","yoast_head_json":{"title":"Paski konstrukcyjne, 36 sztuk, czerwone - NZK-Wigstore","description":"Paski konstrukcyjne 3 dniowe to wysokiej jako\u015bci samoprzylepne wzmocnienia, stosowane w perukarstwie do stabilizacji i modelowania konstrukcji peruk oraz system\u00f3w w\u0142os\u00f3w. Dzi\u0119ki mocnemu klejowi i wyprofilowanemu kszta\u0142towi, paski idealnie dopasowuj\u0105 si\u0119 do bazy peruki, zapewniaj\u0105c jej lepsz\u0105 trwa\u0142o\u015b\u0107, wygod\u0119 noszenia i stabilno\u015b\u0107. Elastyczna struktura sprawia, \u017ce s\u0105 \u0142atwe w aplikacji i nie odkszta\u0142caj\u0105 si\u0119 podczas u\u017cytkowania.","robots":{"index":"index","follow":"follow","max-snippet":"max-snippet:-1","max-image-preview":"max-image-preview:large","max-video-preview":"max-video-preview:-1"},"canonical":"https:\/\/wigstore-nzk.com\/en\/product\/paski-konstrukcyjne-czerwone\/","og_locale":"en_US","og_type":"article","og_title":"Paski konstrukcyjne, 36 sztuk, czerwone","og_description":"Paski konstrukcyjne 3 dniowe to wysokiej jako\u015bci samoprzylepne wzmocnienia, stosowane w perukarstwie do stabilizacji i modelowania konstrukcji peruk oraz system\u00f3w w\u0142os\u00f3w. Dzi\u0119ki mocnemu klejowi i wyprofilowanemu kszta\u0142towi, paski idealnie dopasowuj\u0105 si\u0119 do bazy peruki, zapewniaj\u0105c jej lepsz\u0105 trwa\u0142o\u015b\u0107, wygod\u0119 noszenia i stabilno\u015b\u0107. Elastyczna struktura sprawia, \u017ce s\u0105 \u0142atwe w aplikacji i nie odkszta\u0142caj\u0105 si\u0119 podczas u\u017cytkowania.","og_url":"https:\/\/wigstore-nzk.com\/en\/product\/paski-konstrukcyjne-czerwone\/","og_site_name":"NZK-Wigstore","article_modified_time":"2025-11-24T14:19:36+00:00","og_image":[{"width":1417,"height":1080,"url":"https:\/\/wigstore-nzk.com\/wp-content\/uploads\/2025\/02\/36PKred_1_Canv_Front-Duze.png","type":"image\/png"}],"twitter_card":"summary_large_image","twitter_misc":{"Est. reading time":"1 minute"},"schema":{"@context":"https:\/\/schema.org","@graph":[{"@type":"WebPage","@id":"https:\/\/wigstore-nzk.com\/produkt\/paski-konstrukcyjne-czerwone\/","url":"https:\/\/wigstore-nzk.com\/produkt\/paski-konstrukcyjne-czerwone\/","name":"Paski konstrukcyjne, 36 sztuk, czerwone - NZK-Wigstore","isPartOf":{"@id":"https:\/\/wigstore-nzk.com\/#website"},"primaryImageOfPage":{"@id":"https:\/\/wigstore-nzk.com\/produkt\/paski-konstrukcyjne-czerwone\/#primaryimage"},"image":{"@id":"https:\/\/wigstore-nzk.com\/produkt\/paski-konstrukcyjne-czerwone\/#primaryimage"},"thumbnailUrl":"https:\/\/wigstore-nzk.com\/wp-content\/uploads\/2025\/02\/36PKred_1_Canv_Front-Duze.png","datePublished":"2025-02-15T06:51:11+00:00","dateModified":"2025-11-24T14:19:36+00:00","description":"Paski konstrukcyjne 3 dniowe to wysokiej jako\u015bci samoprzylepne wzmocnienia, stosowane w perukarstwie do stabilizacji i modelowania konstrukcji peruk oraz system\u00f3w w\u0142os\u00f3w. Dzi\u0119ki mocnemu klejowi i wyprofilowanemu kszta\u0142towi, paski idealnie dopasowuj\u0105 si\u0119 do bazy peruki, zapewniaj\u0105c jej lepsz\u0105 trwa\u0142o\u015b\u0107, wygod\u0119 noszenia i stabilno\u015b\u0107. Elastyczna struktura sprawia, \u017ce s\u0105 \u0142atwe w aplikacji i nie odkszta\u0142caj\u0105 si\u0119 podczas u\u017cytkowania.","breadcrumb":{"@id":"https:\/\/wigstore-nzk.com\/produkt\/paski-konstrukcyjne-czerwone\/#breadcrumb"},"inLanguage":"en-US","potentialAction":[{"@type":"ReadAction","target":["https:\/\/wigstore-nzk.com\/produkt\/paski-konstrukcyjne-czerwone\/"]}]},{"@type":"ImageObject","inLanguage":"en-US","@id":"https:\/\/wigstore-nzk.com\/produkt\/paski-konstrukcyjne-czerwone\/#primaryimage","url":"https:\/\/wigstore-nzk.com\/wp-content\/uploads\/2025\/02\/36PKred_1_Canv_Front-Duze.png","contentUrl":"https:\/\/wigstore-nzk.com\/wp-content\/uploads\/2025\/02\/36PKred_1_Canv_Front-Duze.png","width":1417,"height":1080},{"@type":"BreadcrumbList","@id":"https:\/\/wigstore-nzk.com\/produkt\/paski-konstrukcyjne-czerwone\/#breadcrumb","itemListElement":[{"@type":"ListItem","position":1,"name":"Strona g\u0142\u00f3wna","item":"https:\/\/wigstore-nzk.com\/"},{"@type":"ListItem","position":2,"name":"Sklep","item":"https:\/\/wigstore-nzk.com\/sklep\/"},{"@type":"ListItem","position":3,"name":"Paski konstrukcyjne, 36 sztuk, czerwone"}]},{"@type":"WebSite","@id":"https:\/\/wigstore-nzk.com\/#website","url":"https:\/\/wigstore-nzk.com\/","name":"NZK-Wigstore","description":"","potentialAction":[{"@type":"SearchAction","target":{"@type":"EntryPoint","urlTemplate":"https:\/\/wigstore-nzk.com\/?s={search_term_string}"},"query-input":{"@type":"PropertyValueSpecification","valueRequired":true,"valueName":"search_term_string"}}],"inLanguage":"en-US"}]}},"_links":{"self":[{"href":"https:\/\/wigstore-nzk.com\/en\/wp-json\/wp\/v2\/product\/1131","targetHints":{"allow":["GET"]}}],"collection":[{"href":"https:\/\/wigstore-nzk.com\/en\/wp-json\/wp\/v2\/product"}],"about":[{"href":"https:\/\/wigstore-nzk.com\/en\/wp-json\/wp\/v2\/types\/product"}],"version-history":[{"count":6,"href":"https:\/\/wigstore-nzk.com\/en\/wp-json\/wp\/v2\/product\/1131\/revisions"}],"predecessor-version":[{"id":1931,"href":"https:\/\/wigstore-nzk.com\/en\/wp-json\/wp\/v2\/product\/1131\/revisions\/1931"}],"wp:featuredmedia":[{"embeddable":true,"href":"https:\/\/wigstore-nzk.com\/en\/wp-json\/wp\/v2\/media\/1132"}],"wp:attachment":[{"href":"https:\/\/wigstore-nzk.com\/en\/wp-json\/wp\/v2\/media?parent=1131"}],"wp:term":[{"taxonomy":"product_brand","embeddable":true,"href":"https:\/\/wigstore-nzk.com\/en\/wp-json\/wp\/v2\/product_brand?post=1131"},{"taxonomy":"product_cat","embeddable":true,"href":"https:\/\/wigstore-nzk.com\/en\/wp-json\/wp\/v2\/product_cat?post=1131"},{"taxonomy":"product_tag","embeddable":true,"href":"https:\/\/wigstore-nzk.com\/en\/wp-json\/wp\/v2\/product_tag?post=1131"}],"curies":[{"name":"wp","href":"https:\/\/api.w.org\/{rel}","templated":true}]}}