{"id":1186,"date":"2025-02-16T17:51:17","date_gmt":"2025-02-16T16:51:17","guid":{"rendered":"https:\/\/wigstore-nzk.com\/?post_type=product&#038;p=1186"},"modified":"2025-11-20T12:47:39","modified_gmt":"2025-11-20T11:47:39","slug":"igly-do-szydel-1-2-h-5-sztuk","status":"publish","type":"product","link":"https:\/\/wigstore-nzk.com\/en\/product\/igly-do-szydel-1-2-h-5-sztuk\/","title":{"rendered":"Ig\u0142a HD needle net 1-2 H &#8211; 5 sztuk"},"content":{"rendered":"<p>Profesjonalne ig\u0142y HD-NEEDLE Net 1-2 H to wysokiej jako\u015bci narz\u0119dzie do r\u0119cznego mocowania w\u0142os\u00f3w w siatki perukarskie. Dzi\u0119ki precyzyjnie wyprofilowanej ko\u0144c\u00f3wce umo\u017cliwiaj\u0105 dok\u0142adne i szybkie wprowadzanie w\u0142os\u00f3w, zapewniaj\u0105c naturalny efekt. Wykonane z wytrzyma\u0142ej stali, s\u0105 odporne na zginanie i d\u0142ugotrwa\u0142e u\u017cytkowanie, co czyni je idealnym wyborem dla profesjonalist\u00f3w.<\/p>\n<p>&nbsp;<\/p>\n<p>Cechy produktu:<br \/>\n\u2705 Model: HD-NEEDLE Net 1-2 H \u2013 precyzyjne ig\u0142y do implantacji w\u0142os\u00f3w<br \/>\n\u2705\u00a0Sprzedawane po 5 sztuk<br \/>\n\u2705\u00a0Wytrzyma\u0142y materia\u0142: stal nierdzewna \u2013 odporna na zu\u017cycie<br \/>\n\u2705\u00a0Precyzyjna ko\u0144c\u00f3wka \u2013 umo\u017cliwia dok\u0142adne osadzanie w\u0142os\u00f3w<br \/>\n\u2705 Idealne do pracy z siatkami perukarskimi i lace front<br \/>\n\u2705\u00a0Profesjonalne narz\u0119dzie \u2013 doskona\u0142e do u\u017cytku w pracowniach perukarskich<\/p>\n<p>Niezb\u0119dne dla ka\u017cdego perukarza \u2013 pozwalaj\u0105 na dok\u0142adn\u0105, trwa\u0142\u0105 i estetyczn\u0105 implantacj\u0119 w\u0142os\u00f3w!<\/p>","protected":false},"excerpt":{"rendered":"<p>Precyzyjne ig\u0142y do szyde\u0142kowania peruk, wykonane z trwa\u0142ej stali nierdzewnej. Idealne do pracy z siatkami perukarskimi i lace front. Niezb\u0119dne w profesjonalnym perukarstwie!<\/p>","protected":false},"featured_media":1344,"template":"","meta":[],"product_brand":[],"product_cat":[28,33],"product_tag":[76,261,262,146,139,143,140,144,142,145,260,148,147,151,150,141,149],"class_list":{"0":"post-1186","1":"product","2":"type-product","3":"status-publish","4":"has-post-thumbnail","6":"product_cat-akcesoria","7":"product_cat-szydelka-i-igly","8":"product_tag-akcesoria-perukarskie","9":"product_tag-igly-do-implantacji-wlosow","10":"product_tag-igly-do-lace-front","11":"product_tag-igly-do-monofilamentu","12":"product_tag-igly-do-peruk","13":"product_tag-igly-do-systemow-wlosow","14":"product_tag-igly-do-szycia-peruk","15":"product_tag-igly-do-tiulu-perukarskiego","16":"product_tag-igly-do-topperow","17":"product_tag-igly-haczykowe-perukarskie","18":"product_tag-igly-perukarskie-hd-needle","19":"product_tag-igly-proste-do-peruk","20":"product_tag-igly-zakrzywione-do-peruk","21":"product_tag-jak-szyc-peruki","22":"product_tag-narzedzia-do-peruk","23":"product_tag-profesjonalne-igly-perukarskie","24":"product_tag-reczne-szycie-peruk","26":"first","27":"instock","28":"taxable","29":"shipping-taxable","30":"purchasable","31":"product-type-simple"},"yoast_head":"<!-- This site is optimized with the Yoast SEO Premium plugin v24.5 (Yoast SEO v27.5) - https:\/\/yoast.com\/product\/yoast-seo-premium-wordpress\/ -->\n<title>Ig\u0142a HD needle net 1-2 H - 5 sztuk - NZK-Wigstore<\/title>\n<meta name=\"description\" content=\"Profesjonalne ig\u0142y HD-NEEDLE Net 1-2 H to wysokiej jako\u015bci narz\u0119dzie do r\u0119cznego mocowania w\u0142os\u00f3w w siatki perukarskie. Dzi\u0119ki precyzyjnie wyprofilowanej ko\u0144c\u00f3wce umo\u017cliwiaj\u0105 dok\u0142adne i szybkie wprowadzanie w\u0142os\u00f3w, zapewniaj\u0105c naturalny efekt. Wykonane z wytrzyma\u0142ej stali, s\u0105 odporne na zginanie i d\u0142ugotrwa\u0142e u\u017cytkowanie, co czyni je idealnym wyborem dla profesjonalist\u00f3w.\" \/>\n<meta name=\"robots\" content=\"index, follow, max-snippet:-1, max-image-preview:large, max-video-preview:-1\" \/>\n<link rel=\"canonical\" href=\"https:\/\/wigstore-nzk.com\/en\/product\/igly-do-szydel-1-2-h-5-sztuk\/\" \/>\n<meta property=\"og:locale\" content=\"en_US\" \/>\n<meta property=\"og:type\" content=\"article\" \/>\n<meta property=\"og:title\" content=\"Ig\u0142a HD needle net 1-2 H - 5 sztuk\" \/>\n<meta property=\"og:description\" content=\"Profesjonalne ig\u0142y HD-NEEDLE Net 1-2 H to wysokiej jako\u015bci narz\u0119dzie do r\u0119cznego mocowania w\u0142os\u00f3w w siatki perukarskie. Dzi\u0119ki precyzyjnie wyprofilowanej ko\u0144c\u00f3wce umo\u017cliwiaj\u0105 dok\u0142adne i szybkie wprowadzanie w\u0142os\u00f3w, zapewniaj\u0105c naturalny efekt. Wykonane z wytrzyma\u0142ej stali, s\u0105 odporne na zginanie i d\u0142ugotrwa\u0142e u\u017cytkowanie, co czyni je idealnym wyborem dla profesjonalist\u00f3w.\" \/>\n<meta property=\"og:url\" content=\"https:\/\/wigstore-nzk.com\/en\/product\/igly-do-szydel-1-2-h-5-sztuk\/\" \/>\n<meta property=\"og:site_name\" content=\"NZK-Wigstore\" \/>\n<meta property=\"article:modified_time\" content=\"2025-11-20T11:47:39+00:00\" \/>\n<meta property=\"og:image\" content=\"https:\/\/wigstore-nzk.com\/wp-content\/uploads\/2025\/02\/12_3-Duze-1.jpg\" \/>\n\t<meta property=\"og:image:width\" content=\"1449\" \/>\n\t<meta property=\"og:image:height\" content=\"1080\" \/>\n\t<meta property=\"og:image:type\" content=\"image\/jpeg\" \/>\n<meta name=\"twitter:card\" content=\"summary_large_image\" \/>\n<meta name=\"twitter:label1\" content=\"Est. reading time\" \/>\n\t<meta name=\"twitter:data1\" content=\"1 minute\" \/>\n<script type=\"application\/ld+json\" class=\"yoast-schema-graph\">{\"@context\":\"https:\\\/\\\/schema.org\",\"@graph\":[{\"@type\":\"WebPage\",\"@id\":\"https:\\\/\\\/wigstore-nzk.com\\\/produkt\\\/igly-do-szydel-1-2-h-5-sztuk\\\/\",\"url\":\"https:\\\/\\\/wigstore-nzk.com\\\/produkt\\\/igly-do-szydel-1-2-h-5-sztuk\\\/\",\"name\":\"Ig\u0142a HD needle net 1-2 H - 5 sztuk - NZK-Wigstore\",\"isPartOf\":{\"@id\":\"https:\\\/\\\/wigstore-nzk.com\\\/#website\"},\"primaryImageOfPage\":{\"@id\":\"https:\\\/\\\/wigstore-nzk.com\\\/produkt\\\/igly-do-szydel-1-2-h-5-sztuk\\\/#primaryimage\"},\"image\":{\"@id\":\"https:\\\/\\\/wigstore-nzk.com\\\/produkt\\\/igly-do-szydel-1-2-h-5-sztuk\\\/#primaryimage\"},\"thumbnailUrl\":\"https:\\\/\\\/wigstore-nzk.com\\\/wp-content\\\/uploads\\\/2025\\\/02\\\/12_3-Duze-1.jpg\",\"datePublished\":\"2025-02-16T16:51:17+00:00\",\"dateModified\":\"2025-11-20T11:47:39+00:00\",\"description\":\"Profesjonalne ig\u0142y HD-NEEDLE Net 1-2 H to wysokiej jako\u015bci narz\u0119dzie do r\u0119cznego mocowania w\u0142os\u00f3w w siatki perukarskie. Dzi\u0119ki precyzyjnie wyprofilowanej ko\u0144c\u00f3wce umo\u017cliwiaj\u0105 dok\u0142adne i szybkie wprowadzanie w\u0142os\u00f3w, zapewniaj\u0105c naturalny efekt. Wykonane z wytrzyma\u0142ej stali, s\u0105 odporne na zginanie i d\u0142ugotrwa\u0142e u\u017cytkowanie, co czyni je idealnym wyborem dla profesjonalist\u00f3w.\",\"breadcrumb\":{\"@id\":\"https:\\\/\\\/wigstore-nzk.com\\\/produkt\\\/igly-do-szydel-1-2-h-5-sztuk\\\/#breadcrumb\"},\"inLanguage\":\"en-US\",\"potentialAction\":[{\"@type\":\"ReadAction\",\"target\":[\"https:\\\/\\\/wigstore-nzk.com\\\/produkt\\\/igly-do-szydel-1-2-h-5-sztuk\\\/\"]}]},{\"@type\":\"ImageObject\",\"inLanguage\":\"en-US\",\"@id\":\"https:\\\/\\\/wigstore-nzk.com\\\/produkt\\\/igly-do-szydel-1-2-h-5-sztuk\\\/#primaryimage\",\"url\":\"https:\\\/\\\/wigstore-nzk.com\\\/wp-content\\\/uploads\\\/2025\\\/02\\\/12_3-Duze-1.jpg\",\"contentUrl\":\"https:\\\/\\\/wigstore-nzk.com\\\/wp-content\\\/uploads\\\/2025\\\/02\\\/12_3-Duze-1.jpg\",\"width\":1449,\"height\":1080},{\"@type\":\"BreadcrumbList\",\"@id\":\"https:\\\/\\\/wigstore-nzk.com\\\/produkt\\\/igly-do-szydel-1-2-h-5-sztuk\\\/#breadcrumb\",\"itemListElement\":[{\"@type\":\"ListItem\",\"position\":1,\"name\":\"Strona g\u0142\u00f3wna\",\"item\":\"https:\\\/\\\/wigstore-nzk.com\\\/\"},{\"@type\":\"ListItem\",\"position\":2,\"name\":\"Sklep\",\"item\":\"https:\\\/\\\/wigstore-nzk.com\\\/sklep\\\/\"},{\"@type\":\"ListItem\",\"position\":3,\"name\":\"Ig\u0142a HD needle net 1-2 H &#8211; 5 sztuk\"}]},{\"@type\":\"WebSite\",\"@id\":\"https:\\\/\\\/wigstore-nzk.com\\\/#website\",\"url\":\"https:\\\/\\\/wigstore-nzk.com\\\/\",\"name\":\"NZK-Wigstore\",\"description\":\"\",\"potentialAction\":[{\"@type\":\"SearchAction\",\"target\":{\"@type\":\"EntryPoint\",\"urlTemplate\":\"https:\\\/\\\/wigstore-nzk.com\\\/?s={search_term_string}\"},\"query-input\":{\"@type\":\"PropertyValueSpecification\",\"valueRequired\":true,\"valueName\":\"search_term_string\"}}],\"inLanguage\":\"en-US\"}]}<\/script>\n<!-- \/ Yoast SEO Premium plugin. -->","yoast_head_json":{"title":"Ig\u0142a HD needle net 1-2 H - 5 sztuk - NZK-Wigstore","description":"Profesjonalne ig\u0142y HD-NEEDLE Net 1-2 H to wysokiej jako\u015bci narz\u0119dzie do r\u0119cznego mocowania w\u0142os\u00f3w w siatki perukarskie. Dzi\u0119ki precyzyjnie wyprofilowanej ko\u0144c\u00f3wce umo\u017cliwiaj\u0105 dok\u0142adne i szybkie wprowadzanie w\u0142os\u00f3w, zapewniaj\u0105c naturalny efekt. Wykonane z wytrzyma\u0142ej stali, s\u0105 odporne na zginanie i d\u0142ugotrwa\u0142e u\u017cytkowanie, co czyni je idealnym wyborem dla profesjonalist\u00f3w.","robots":{"index":"index","follow":"follow","max-snippet":"max-snippet:-1","max-image-preview":"max-image-preview:large","max-video-preview":"max-video-preview:-1"},"canonical":"https:\/\/wigstore-nzk.com\/en\/product\/igly-do-szydel-1-2-h-5-sztuk\/","og_locale":"en_US","og_type":"article","og_title":"Ig\u0142a HD needle net 1-2 H - 5 sztuk","og_description":"Profesjonalne ig\u0142y HD-NEEDLE Net 1-2 H to wysokiej jako\u015bci narz\u0119dzie do r\u0119cznego mocowania w\u0142os\u00f3w w siatki perukarskie. Dzi\u0119ki precyzyjnie wyprofilowanej ko\u0144c\u00f3wce umo\u017cliwiaj\u0105 dok\u0142adne i szybkie wprowadzanie w\u0142os\u00f3w, zapewniaj\u0105c naturalny efekt. Wykonane z wytrzyma\u0142ej stali, s\u0105 odporne na zginanie i d\u0142ugotrwa\u0142e u\u017cytkowanie, co czyni je idealnym wyborem dla profesjonalist\u00f3w.","og_url":"https:\/\/wigstore-nzk.com\/en\/product\/igly-do-szydel-1-2-h-5-sztuk\/","og_site_name":"NZK-Wigstore","article_modified_time":"2025-11-20T11:47:39+00:00","og_image":[{"width":1449,"height":1080,"url":"https:\/\/wigstore-nzk.com\/wp-content\/uploads\/2025\/02\/12_3-Duze-1.jpg","type":"image\/jpeg"}],"twitter_card":"summary_large_image","twitter_misc":{"Est. reading time":"1 minute"},"schema":{"@context":"https:\/\/schema.org","@graph":[{"@type":"WebPage","@id":"https:\/\/wigstore-nzk.com\/produkt\/igly-do-szydel-1-2-h-5-sztuk\/","url":"https:\/\/wigstore-nzk.com\/produkt\/igly-do-szydel-1-2-h-5-sztuk\/","name":"Ig\u0142a HD needle net 1-2 H - 5 sztuk - NZK-Wigstore","isPartOf":{"@id":"https:\/\/wigstore-nzk.com\/#website"},"primaryImageOfPage":{"@id":"https:\/\/wigstore-nzk.com\/produkt\/igly-do-szydel-1-2-h-5-sztuk\/#primaryimage"},"image":{"@id":"https:\/\/wigstore-nzk.com\/produkt\/igly-do-szydel-1-2-h-5-sztuk\/#primaryimage"},"thumbnailUrl":"https:\/\/wigstore-nzk.com\/wp-content\/uploads\/2025\/02\/12_3-Duze-1.jpg","datePublished":"2025-02-16T16:51:17+00:00","dateModified":"2025-11-20T11:47:39+00:00","description":"Profesjonalne ig\u0142y HD-NEEDLE Net 1-2 H to wysokiej jako\u015bci narz\u0119dzie do r\u0119cznego mocowania w\u0142os\u00f3w w siatki perukarskie. Dzi\u0119ki precyzyjnie wyprofilowanej ko\u0144c\u00f3wce umo\u017cliwiaj\u0105 dok\u0142adne i szybkie wprowadzanie w\u0142os\u00f3w, zapewniaj\u0105c naturalny efekt. Wykonane z wytrzyma\u0142ej stali, s\u0105 odporne na zginanie i d\u0142ugotrwa\u0142e u\u017cytkowanie, co czyni je idealnym wyborem dla profesjonalist\u00f3w.","breadcrumb":{"@id":"https:\/\/wigstore-nzk.com\/produkt\/igly-do-szydel-1-2-h-5-sztuk\/#breadcrumb"},"inLanguage":"en-US","potentialAction":[{"@type":"ReadAction","target":["https:\/\/wigstore-nzk.com\/produkt\/igly-do-szydel-1-2-h-5-sztuk\/"]}]},{"@type":"ImageObject","inLanguage":"en-US","@id":"https:\/\/wigstore-nzk.com\/produkt\/igly-do-szydel-1-2-h-5-sztuk\/#primaryimage","url":"https:\/\/wigstore-nzk.com\/wp-content\/uploads\/2025\/02\/12_3-Duze-1.jpg","contentUrl":"https:\/\/wigstore-nzk.com\/wp-content\/uploads\/2025\/02\/12_3-Duze-1.jpg","width":1449,"height":1080},{"@type":"BreadcrumbList","@id":"https:\/\/wigstore-nzk.com\/produkt\/igly-do-szydel-1-2-h-5-sztuk\/#breadcrumb","itemListElement":[{"@type":"ListItem","position":1,"name":"Strona g\u0142\u00f3wna","item":"https:\/\/wigstore-nzk.com\/"},{"@type":"ListItem","position":2,"name":"Sklep","item":"https:\/\/wigstore-nzk.com\/sklep\/"},{"@type":"ListItem","position":3,"name":"Ig\u0142a HD needle net 1-2 H &#8211; 5 sztuk"}]},{"@type":"WebSite","@id":"https:\/\/wigstore-nzk.com\/#website","url":"https:\/\/wigstore-nzk.com\/","name":"NZK-Wigstore","description":"","potentialAction":[{"@type":"SearchAction","target":{"@type":"EntryPoint","urlTemplate":"https:\/\/wigstore-nzk.com\/?s={search_term_string}"},"query-input":{"@type":"PropertyValueSpecification","valueRequired":true,"valueName":"search_term_string"}}],"inLanguage":"en-US"}]}},"_links":{"self":[{"href":"https:\/\/wigstore-nzk.com\/en\/wp-json\/wp\/v2\/product\/1186","targetHints":{"allow":["GET"]}}],"collection":[{"href":"https:\/\/wigstore-nzk.com\/en\/wp-json\/wp\/v2\/product"}],"about":[{"href":"https:\/\/wigstore-nzk.com\/en\/wp-json\/wp\/v2\/types\/product"}],"version-history":[{"count":5,"href":"https:\/\/wigstore-nzk.com\/en\/wp-json\/wp\/v2\/product\/1186\/revisions"}],"predecessor-version":[{"id":1843,"href":"https:\/\/wigstore-nzk.com\/en\/wp-json\/wp\/v2\/product\/1186\/revisions\/1843"}],"wp:featuredmedia":[{"embeddable":true,"href":"https:\/\/wigstore-nzk.com\/en\/wp-json\/wp\/v2\/media\/1344"}],"wp:attachment":[{"href":"https:\/\/wigstore-nzk.com\/en\/wp-json\/wp\/v2\/media?parent=1186"}],"wp:term":[{"taxonomy":"product_brand","embeddable":true,"href":"https:\/\/wigstore-nzk.com\/en\/wp-json\/wp\/v2\/product_brand?post=1186"},{"taxonomy":"product_cat","embeddable":true,"href":"https:\/\/wigstore-nzk.com\/en\/wp-json\/wp\/v2\/product_cat?post=1186"},{"taxonomy":"product_tag","embeddable":true,"href":"https:\/\/wigstore-nzk.com\/en\/wp-json\/wp\/v2\/product_tag?post=1186"}],"curies":[{"name":"wp","href":"https:\/\/api.w.org\/{rel}","templated":true}]}}