{"id":1354,"date":"2025-02-28T22:56:38","date_gmt":"2025-02-28T21:56:38","guid":{"rendered":"https:\/\/wigstore-nzk.com\/?post_type=product&#038;p=1354"},"modified":"2026-02-20T18:41:15","modified_gmt":"2026-02-20T17:41:15","slug":"odzywka-do-peruk-z-wlosow-naturalnych","status":"publish","type":"product","link":"https:\/\/wigstore-nzk.com\/en\/product\/odzywka-do-peruk-z-wlosow-naturalnych\/","title":{"rendered":"Od\u017cywka do peruk z w\u0142os\u00f3w naturalnych"},"content":{"rendered":"<p>Od\u017cywka do w\u0142os\u00f3w, stworzona z my\u015bl\u0105 o profesjonalnej piel\u0119gnacji peruk i system\u00f3w w\u0142osowych wykonanych z w\u0142os\u00f3w naturalnych. Formu\u0142a z kompleksem Acidpro nie tylko g\u0142\u0119boko nawil\u017ca, ale r\u00f3wnie\u017c przywraca w\u0142osom g\u0142adko\u015b\u0107 i elastyczno\u015b\u0107, u\u0142atwiaj\u0105c ich uk\u0142adanie. Dzi\u0119ki lekkiemu zakwaszeniu w\u0142osy staj\u0105 si\u0119 bardziej l\u015bni\u0105ce, odporne na puszenie i mniej podatne na uszkodzenia.<\/p>\n<p>Od\u017cywka skutecznie domyka \u0142uski w\u0142os\u00f3w, co poprawia ich struktur\u0119 i przed\u0142u\u017ca trwa\u0142o\u015b\u0107 stylizacji. Regularne stosowanie sprawia, \u017ce w\u0142osy odzyskuj\u0105 naturaln\u0105 spr\u0119\u017cysto\u015b\u0107 i zdrowy wygl\u0105d.<\/p>\n<p>Najwa\u017cniejsze cechy:<br \/>\n\u2705\u00a0G\u0142\u0119bokie nawil\u017cenie \u2013 regeneruje i zapobiega przesuszaniu w\u0142os\u00f3w<br \/>\n\u2705\u00a0Kompleks Acidpro \u2013 domyka \u0142uski, wyg\u0142adza i chroni w\u0142osy<br \/>\n\u2705\u00a0\u0141atwe rozczesywanie \u2013 zapobiega pl\u0105taniu i puszeniu si\u0119 w\u0142os\u00f3w<br \/>\n\u2705\u00a0Lekka formu\u0142a \u2013 nie obci\u0105\u017ca w\u0142os\u00f3w i nadaje im naturalny blask<br \/>\n\u2705\u00a0Idealna do peruk i system\u00f3w w\u0142osowych \u2013 zapewnia im d\u0142ugotrwa\u0142\u0105 \u015bwie\u017co\u015b\u0107 i elastyczno\u015b\u0107<\/p>","protected":false},"excerpt":{"rendered":"<p>Od\u017cywka z kompleksem Acidpro to produkt stworzony do regeneracji i wyg\u0142adzania naturalnych w\u0142os\u00f3w, peruk oraz system\u00f3w w\u0142osowych. Nawil\u017ca, u\u0142atwia rozczesywanie i nadaje w\u0142osom mi\u0119kko\u015b\u0107, zapobiegaj\u0105c ich puszeniu. Idealna do regularnej piel\u0119gnacji, pomaga utrzyma\u0107 zdrowy wygl\u0105d i naturalny blask w\u0142os\u00f3w.<\/p>","protected":false},"featured_media":1355,"template":"","meta":[],"product_brand":[],"product_cat":[367,43],"product_tag":[115,121,123,113,122,118,111,124,112,117,100,119,116,125,114,120],"class_list":{"0":"post-1354","1":"product","2":"type-product","3":"status-publish","4":"has-post-thumbnail","6":"product_cat-kosmetyki","7":"product_cat-szampony-i-odzywki","8":"product_tag-acidpro","9":"product_tag-lekka-formula","10":"product_tag-naturalny-blask","11":"product_tag-nawilzanie-peruki","12":"product_tag-ochrona-peruki","13":"product_tag-odzywka-do-naturalnych-wlosow","14":"product_tag-odzywka-do-peruk","15":"product_tag-peruki-damskie","16":"product_tag-peruki-z-wlosow-naturalnych","17":"product_tag-perukipielegnacja","18":"product_tag-pielegnacja-peruk","19":"product_tag-profejsonalna-pielegnacja","20":"product_tag-regeneracja-peruki","21":"product_tag-wlosy-jedwabiste","22":"product_tag-wygladzanie-peruki","23":"product_tag-zdrowe-blyszczace-wlosy","25":"first","26":"instock","27":"taxable","28":"shipping-taxable","29":"purchasable","30":"product-type-simple"},"yoast_head":"<!-- This site is optimized with the Yoast SEO Premium plugin v24.5 (Yoast SEO v27.5) - https:\/\/yoast.com\/product\/yoast-seo-premium-wordpress\/ -->\n<title>Od\u017cywka do peruk z w\u0142os\u00f3w naturalnych - NZK-Wigstore<\/title>\n<meta name=\"description\" content=\"Od\u017cywka do w\u0142os\u00f3w, stworzona z my\u015bl\u0105 o profesjonalnej piel\u0119gnacji peruk i system\u00f3w w\u0142osowych wykonanych z w\u0142os\u00f3w naturalnych. Formu\u0142a z kompleksem Acidpro nie tylko g\u0142\u0119boko nawil\u017ca, ale r\u00f3wnie\u017c przywraca w\u0142osom g\u0142adko\u015b\u0107 i elastyczno\u015b\u0107, u\u0142atwiaj\u0105c ich uk\u0142adanie. Dzi\u0119ki lekkiemu zakwaszeniu w\u0142osy staj\u0105 si\u0119 bardziej l\u015bni\u0105ce, odporne na puszenie i mniej podatne na uszkodzenia.\" \/>\n<meta name=\"robots\" content=\"index, follow, max-snippet:-1, max-image-preview:large, max-video-preview:-1\" \/>\n<link rel=\"canonical\" href=\"https:\/\/wigstore-nzk.com\/en\/product\/odzywka-do-peruk-z-wlosow-naturalnych\/\" \/>\n<meta property=\"og:locale\" content=\"en_US\" \/>\n<meta property=\"og:type\" content=\"article\" \/>\n<meta property=\"og:title\" content=\"Od\u017cywka do peruk z w\u0142os\u00f3w naturalnych\" \/>\n<meta property=\"og:description\" content=\"Od\u017cywka do w\u0142os\u00f3w, stworzona z my\u015bl\u0105 o profesjonalnej piel\u0119gnacji peruk i system\u00f3w w\u0142osowych wykonanych z w\u0142os\u00f3w naturalnych. Formu\u0142a z kompleksem Acidpro nie tylko g\u0142\u0119boko nawil\u017ca, ale r\u00f3wnie\u017c przywraca w\u0142osom g\u0142adko\u015b\u0107 i elastyczno\u015b\u0107, u\u0142atwiaj\u0105c ich uk\u0142adanie. Dzi\u0119ki lekkiemu zakwaszeniu w\u0142osy staj\u0105 si\u0119 bardziej l\u015bni\u0105ce, odporne na puszenie i mniej podatne na uszkodzenia.\" \/>\n<meta property=\"og:url\" content=\"https:\/\/wigstore-nzk.com\/en\/product\/odzywka-do-peruk-z-wlosow-naturalnych\/\" \/>\n<meta property=\"og:site_name\" content=\"NZK-Wigstore\" \/>\n<meta property=\"article:modified_time\" content=\"2026-02-20T17:41:15+00:00\" \/>\n<meta property=\"og:image\" content=\"https:\/\/wigstore-nzk.com\/wp-content\/uploads\/2025\/02\/21_1_Duze.png\" \/>\n\t<meta property=\"og:image:width\" content=\"1080\" \/>\n\t<meta property=\"og:image:height\" content=\"1440\" \/>\n\t<meta property=\"og:image:type\" content=\"image\/png\" \/>\n<meta name=\"twitter:card\" content=\"summary_large_image\" \/>\n<meta name=\"twitter:label1\" content=\"Est. reading time\" \/>\n\t<meta name=\"twitter:data1\" content=\"1 minute\" \/>\n<script type=\"application\/ld+json\" class=\"yoast-schema-graph\">{\"@context\":\"https:\\\/\\\/schema.org\",\"@graph\":[{\"@type\":\"WebPage\",\"@id\":\"https:\\\/\\\/wigstore-nzk.com\\\/produkt\\\/odzywka-do-peruk-z-wlosow-naturalnych\\\/\",\"url\":\"https:\\\/\\\/wigstore-nzk.com\\\/produkt\\\/odzywka-do-peruk-z-wlosow-naturalnych\\\/\",\"name\":\"Od\u017cywka do peruk z w\u0142os\u00f3w naturalnych - NZK-Wigstore\",\"isPartOf\":{\"@id\":\"https:\\\/\\\/wigstore-nzk.com\\\/#website\"},\"primaryImageOfPage\":{\"@id\":\"https:\\\/\\\/wigstore-nzk.com\\\/produkt\\\/odzywka-do-peruk-z-wlosow-naturalnych\\\/#primaryimage\"},\"image\":{\"@id\":\"https:\\\/\\\/wigstore-nzk.com\\\/produkt\\\/odzywka-do-peruk-z-wlosow-naturalnych\\\/#primaryimage\"},\"thumbnailUrl\":\"https:\\\/\\\/wigstore-nzk.com\\\/wp-content\\\/uploads\\\/2025\\\/02\\\/21_1_Duze.png\",\"datePublished\":\"2025-02-28T21:56:38+00:00\",\"dateModified\":\"2026-02-20T17:41:15+00:00\",\"description\":\"Od\u017cywka do w\u0142os\u00f3w, stworzona z my\u015bl\u0105 o profesjonalnej piel\u0119gnacji peruk i system\u00f3w w\u0142osowych wykonanych z w\u0142os\u00f3w naturalnych. Formu\u0142a z kompleksem Acidpro nie tylko g\u0142\u0119boko nawil\u017ca, ale r\u00f3wnie\u017c przywraca w\u0142osom g\u0142adko\u015b\u0107 i elastyczno\u015b\u0107, u\u0142atwiaj\u0105c ich uk\u0142adanie. Dzi\u0119ki lekkiemu zakwaszeniu w\u0142osy staj\u0105 si\u0119 bardziej l\u015bni\u0105ce, odporne na puszenie i mniej podatne na uszkodzenia.\",\"breadcrumb\":{\"@id\":\"https:\\\/\\\/wigstore-nzk.com\\\/produkt\\\/odzywka-do-peruk-z-wlosow-naturalnych\\\/#breadcrumb\"},\"inLanguage\":\"en-US\",\"potentialAction\":[{\"@type\":\"ReadAction\",\"target\":[\"https:\\\/\\\/wigstore-nzk.com\\\/produkt\\\/odzywka-do-peruk-z-wlosow-naturalnych\\\/\"]}]},{\"@type\":\"ImageObject\",\"inLanguage\":\"en-US\",\"@id\":\"https:\\\/\\\/wigstore-nzk.com\\\/produkt\\\/odzywka-do-peruk-z-wlosow-naturalnych\\\/#primaryimage\",\"url\":\"https:\\\/\\\/wigstore-nzk.com\\\/wp-content\\\/uploads\\\/2025\\\/02\\\/21_1_Duze.png\",\"contentUrl\":\"https:\\\/\\\/wigstore-nzk.com\\\/wp-content\\\/uploads\\\/2025\\\/02\\\/21_1_Duze.png\",\"width\":1080,\"height\":1440},{\"@type\":\"BreadcrumbList\",\"@id\":\"https:\\\/\\\/wigstore-nzk.com\\\/produkt\\\/odzywka-do-peruk-z-wlosow-naturalnych\\\/#breadcrumb\",\"itemListElement\":[{\"@type\":\"ListItem\",\"position\":1,\"name\":\"Strona g\u0142\u00f3wna\",\"item\":\"https:\\\/\\\/wigstore-nzk.com\\\/\"},{\"@type\":\"ListItem\",\"position\":2,\"name\":\"Sklep\",\"item\":\"https:\\\/\\\/wigstore-nzk.com\\\/sklep\\\/\"},{\"@type\":\"ListItem\",\"position\":3,\"name\":\"Od\u017cywka do peruk z w\u0142os\u00f3w naturalnych\"}]},{\"@type\":\"WebSite\",\"@id\":\"https:\\\/\\\/wigstore-nzk.com\\\/#website\",\"url\":\"https:\\\/\\\/wigstore-nzk.com\\\/\",\"name\":\"NZK-Wigstore\",\"description\":\"\",\"potentialAction\":[{\"@type\":\"SearchAction\",\"target\":{\"@type\":\"EntryPoint\",\"urlTemplate\":\"https:\\\/\\\/wigstore-nzk.com\\\/?s={search_term_string}\"},\"query-input\":{\"@type\":\"PropertyValueSpecification\",\"valueRequired\":true,\"valueName\":\"search_term_string\"}}],\"inLanguage\":\"en-US\"}]}<\/script>\n<!-- \/ Yoast SEO Premium plugin. -->","yoast_head_json":{"title":"Od\u017cywka do peruk z w\u0142os\u00f3w naturalnych - NZK-Wigstore","description":"Od\u017cywka do w\u0142os\u00f3w, stworzona z my\u015bl\u0105 o profesjonalnej piel\u0119gnacji peruk i system\u00f3w w\u0142osowych wykonanych z w\u0142os\u00f3w naturalnych. Formu\u0142a z kompleksem Acidpro nie tylko g\u0142\u0119boko nawil\u017ca, ale r\u00f3wnie\u017c przywraca w\u0142osom g\u0142adko\u015b\u0107 i elastyczno\u015b\u0107, u\u0142atwiaj\u0105c ich uk\u0142adanie. Dzi\u0119ki lekkiemu zakwaszeniu w\u0142osy staj\u0105 si\u0119 bardziej l\u015bni\u0105ce, odporne na puszenie i mniej podatne na uszkodzenia.","robots":{"index":"index","follow":"follow","max-snippet":"max-snippet:-1","max-image-preview":"max-image-preview:large","max-video-preview":"max-video-preview:-1"},"canonical":"https:\/\/wigstore-nzk.com\/en\/product\/odzywka-do-peruk-z-wlosow-naturalnych\/","og_locale":"en_US","og_type":"article","og_title":"Od\u017cywka do peruk z w\u0142os\u00f3w naturalnych","og_description":"Od\u017cywka do w\u0142os\u00f3w, stworzona z my\u015bl\u0105 o profesjonalnej piel\u0119gnacji peruk i system\u00f3w w\u0142osowych wykonanych z w\u0142os\u00f3w naturalnych. Formu\u0142a z kompleksem Acidpro nie tylko g\u0142\u0119boko nawil\u017ca, ale r\u00f3wnie\u017c przywraca w\u0142osom g\u0142adko\u015b\u0107 i elastyczno\u015b\u0107, u\u0142atwiaj\u0105c ich uk\u0142adanie. Dzi\u0119ki lekkiemu zakwaszeniu w\u0142osy staj\u0105 si\u0119 bardziej l\u015bni\u0105ce, odporne na puszenie i mniej podatne na uszkodzenia.","og_url":"https:\/\/wigstore-nzk.com\/en\/product\/odzywka-do-peruk-z-wlosow-naturalnych\/","og_site_name":"NZK-Wigstore","article_modified_time":"2026-02-20T17:41:15+00:00","og_image":[{"width":1080,"height":1440,"url":"https:\/\/wigstore-nzk.com\/wp-content\/uploads\/2025\/02\/21_1_Duze.png","type":"image\/png"}],"twitter_card":"summary_large_image","twitter_misc":{"Est. reading time":"1 minute"},"schema":{"@context":"https:\/\/schema.org","@graph":[{"@type":"WebPage","@id":"https:\/\/wigstore-nzk.com\/produkt\/odzywka-do-peruk-z-wlosow-naturalnych\/","url":"https:\/\/wigstore-nzk.com\/produkt\/odzywka-do-peruk-z-wlosow-naturalnych\/","name":"Od\u017cywka do peruk z w\u0142os\u00f3w naturalnych - NZK-Wigstore","isPartOf":{"@id":"https:\/\/wigstore-nzk.com\/#website"},"primaryImageOfPage":{"@id":"https:\/\/wigstore-nzk.com\/produkt\/odzywka-do-peruk-z-wlosow-naturalnych\/#primaryimage"},"image":{"@id":"https:\/\/wigstore-nzk.com\/produkt\/odzywka-do-peruk-z-wlosow-naturalnych\/#primaryimage"},"thumbnailUrl":"https:\/\/wigstore-nzk.com\/wp-content\/uploads\/2025\/02\/21_1_Duze.png","datePublished":"2025-02-28T21:56:38+00:00","dateModified":"2026-02-20T17:41:15+00:00","description":"Od\u017cywka do w\u0142os\u00f3w, stworzona z my\u015bl\u0105 o profesjonalnej piel\u0119gnacji peruk i system\u00f3w w\u0142osowych wykonanych z w\u0142os\u00f3w naturalnych. Formu\u0142a z kompleksem Acidpro nie tylko g\u0142\u0119boko nawil\u017ca, ale r\u00f3wnie\u017c przywraca w\u0142osom g\u0142adko\u015b\u0107 i elastyczno\u015b\u0107, u\u0142atwiaj\u0105c ich uk\u0142adanie. Dzi\u0119ki lekkiemu zakwaszeniu w\u0142osy staj\u0105 si\u0119 bardziej l\u015bni\u0105ce, odporne na puszenie i mniej podatne na uszkodzenia.","breadcrumb":{"@id":"https:\/\/wigstore-nzk.com\/produkt\/odzywka-do-peruk-z-wlosow-naturalnych\/#breadcrumb"},"inLanguage":"en-US","potentialAction":[{"@type":"ReadAction","target":["https:\/\/wigstore-nzk.com\/produkt\/odzywka-do-peruk-z-wlosow-naturalnych\/"]}]},{"@type":"ImageObject","inLanguage":"en-US","@id":"https:\/\/wigstore-nzk.com\/produkt\/odzywka-do-peruk-z-wlosow-naturalnych\/#primaryimage","url":"https:\/\/wigstore-nzk.com\/wp-content\/uploads\/2025\/02\/21_1_Duze.png","contentUrl":"https:\/\/wigstore-nzk.com\/wp-content\/uploads\/2025\/02\/21_1_Duze.png","width":1080,"height":1440},{"@type":"BreadcrumbList","@id":"https:\/\/wigstore-nzk.com\/produkt\/odzywka-do-peruk-z-wlosow-naturalnych\/#breadcrumb","itemListElement":[{"@type":"ListItem","position":1,"name":"Strona g\u0142\u00f3wna","item":"https:\/\/wigstore-nzk.com\/"},{"@type":"ListItem","position":2,"name":"Sklep","item":"https:\/\/wigstore-nzk.com\/sklep\/"},{"@type":"ListItem","position":3,"name":"Od\u017cywka do peruk z w\u0142os\u00f3w naturalnych"}]},{"@type":"WebSite","@id":"https:\/\/wigstore-nzk.com\/#website","url":"https:\/\/wigstore-nzk.com\/","name":"NZK-Wigstore","description":"","potentialAction":[{"@type":"SearchAction","target":{"@type":"EntryPoint","urlTemplate":"https:\/\/wigstore-nzk.com\/?s={search_term_string}"},"query-input":{"@type":"PropertyValueSpecification","valueRequired":true,"valueName":"search_term_string"}}],"inLanguage":"en-US"}]}},"_links":{"self":[{"href":"https:\/\/wigstore-nzk.com\/en\/wp-json\/wp\/v2\/product\/1354","targetHints":{"allow":["GET"]}}],"collection":[{"href":"https:\/\/wigstore-nzk.com\/en\/wp-json\/wp\/v2\/product"}],"about":[{"href":"https:\/\/wigstore-nzk.com\/en\/wp-json\/wp\/v2\/types\/product"}],"version-history":[{"count":4,"href":"https:\/\/wigstore-nzk.com\/en\/wp-json\/wp\/v2\/product\/1354\/revisions"}],"predecessor-version":[{"id":1696,"href":"https:\/\/wigstore-nzk.com\/en\/wp-json\/wp\/v2\/product\/1354\/revisions\/1696"}],"wp:featuredmedia":[{"embeddable":true,"href":"https:\/\/wigstore-nzk.com\/en\/wp-json\/wp\/v2\/media\/1355"}],"wp:attachment":[{"href":"https:\/\/wigstore-nzk.com\/en\/wp-json\/wp\/v2\/media?parent=1354"}],"wp:term":[{"taxonomy":"product_brand","embeddable":true,"href":"https:\/\/wigstore-nzk.com\/en\/wp-json\/wp\/v2\/product_brand?post=1354"},{"taxonomy":"product_cat","embeddable":true,"href":"https:\/\/wigstore-nzk.com\/en\/wp-json\/wp\/v2\/product_cat?post=1354"},{"taxonomy":"product_tag","embeddable":true,"href":"https:\/\/wigstore-nzk.com\/en\/wp-json\/wp\/v2\/product_tag?post=1354"}],"curies":[{"name":"wp","href":"https:\/\/api.w.org\/{rel}","templated":true}]}}