{"id":1380,"date":"2025-03-01T08:12:52","date_gmt":"2025-03-01T07:12:52","guid":{"rendered":"https:\/\/wigstore-nzk.com\/?post_type=product&#038;p=1380"},"modified":"2025-11-14T11:15:45","modified_gmt":"2025-11-14T10:15:45","slug":"tasma-bez-10m","status":"publish","type":"product","link":"https:\/\/wigstore-nzk.com\/en\/product\/tasma-bez-10m\/","title":{"rendered":"Ta\u015bma perukarska jasny be\u017c \u2013 10m"},"content":{"rendered":"<p>Perukarska ta\u015bma w kolorze jasnego be\u017cu o szeroko\u015bci 0,5 cm to nieb\u0119dne akcesorium do tworzenia i naprawy peruk. Dzieki swojej cienkiej strukturze zapewnia naturalny wygl\u0105d i wygod\u0119 noszenia. Doskonale sprawdzi si\u0119 zar\u00f3wno w profesjonalnych salonach, jak i do u\u017cytku domowego<\/p>\n<p>&nbsp;<\/p>\n<p>Cechy produktu:<\/p>\n<p>\u2705 Naturalny odcie\u0144 &#8211; jasny be\u017c doskonale komponuje si\u0119 z r\u00f3znymi bazami perukowymi<\/p>\n<p>\u2705 Precyzyjna szeroko\u015b\u0107 &#8211; 0,5cm pozwala na dok\u0142adne dopasowanie i mocowanie<\/p>\n<p>\u2705Trwa\u0142o\u015b\u0107 i elastyczno\u015b\u0107 &#8211; odporna na rozci\u0105ganie, zapewnia stabilno\u015b\u0107 peruki<\/p>\n<p>\u2705 \u0141atwa aplikacja &#8211; idealna do r\u0119cznego szycia peruk i system\u00f3w w\u0142os\u00f3w<\/p>\n<p>&nbsp;<\/p>\n<p>Ta\u015bma perukarska to must-have dla ka\u017cdego, kto zajmuje si\u0119 tworzeniem i stylizacj\u0105 peruk.<\/p>\n<p>&nbsp;<\/p>\n<p>Wybierz jako\u015b\u0107 i niezawodno\u015b\u0107 &#8211; Zam\u00f3w ju\u017c dzi\u015b.<\/p>","protected":false},"excerpt":{"rendered":"<p>Perukarska ta\u015bma jasny be\u017c 0,5cm to cienka, trwa\u0142a ta\u015bma idealna do tworzenia i mocowania peruk. Dzi\u0119ki swojej szeroko\u015b\u0107i 0,5cm zapewnia precyzyjne i naturalne mocowanie, doskonale komponuj\u0105c si\u0119 z r\u00f3\u017cnymi ocieniami sk\u00f3ry. Idealna do profesjonalnego u\u017cytku oraz naprawy system\u00f3w w\u0142os\u00f3w.<\/p>\n<p>&nbsp;<\/p>\n<p>Kupuj\u0105c jeden produkt otrzymasz 10m ta\u015bmy, je\u017celi potrzebujesz d\u0142u\u017cszego odcinka wybierz odpowiedni\u0105 ilo\u015b\u0107 sztuk<\/p>","protected":false},"featured_media":1381,"template":"","meta":[],"product_brand":[],"product_cat":[28,34],"product_tag":[84,87,94,88,91,86,92,82,93,90],"class_list":{"0":"post-1380","1":"product","2":"type-product","3":"status-publish","4":"has-post-thumbnail","6":"product_cat-akcesoria","7":"product_cat-tasmy-i-gumki-perukarskie","8":"product_tag-mocowanie-peruk","9":"product_tag-perukarska-tasma-jasny-bez","10":"product_tag-perukarskie-akcesoria","11":"product_tag-tasma-0","12":"product_tag-tasma-do-naprawy-peruk","13":"product_tag-tasma-do-peruk","14":"product_tag-tasma-do-systemow-wlosow","15":"product_tag-tasma-perukarska","16":"product_tag-tasma-perukarska-do-szycia","17":"product_tag-tworzenie-peruk","19":"first","20":"instock","21":"taxable","22":"shipping-taxable","23":"purchasable","24":"product-type-simple"},"yoast_head":"<!-- This site is optimized with the Yoast SEO Premium plugin v24.5 (Yoast SEO v27.5) - https:\/\/yoast.com\/product\/yoast-seo-premium-wordpress\/ -->\n<title>Ta\u015bma perukarska jasny be\u017c \u2013 10m - NZK-Wigstore<\/title>\n<meta name=\"description\" content=\"Perukarska ta\u015bma w kolorze jasnego be\u017cu o szeroko\u015bci 0,5 cm to nieb\u0119dne akcesorium do tworzenia i naprawy peruk. Dzieki swojej cienkiej strukturze zapewnia naturalny wygl\u0105d i wygod\u0119 noszenia. Doskonale sprawdzi si\u0119 zar\u00f3wno w profesjonalnych salonach, jak i do u\u017cytku domowego\" \/>\n<meta name=\"robots\" content=\"index, follow, max-snippet:-1, max-image-preview:large, max-video-preview:-1\" \/>\n<link rel=\"canonical\" href=\"https:\/\/wigstore-nzk.com\/en\/product\/tasma-bez-10m\/\" \/>\n<meta property=\"og:locale\" content=\"en_US\" \/>\n<meta property=\"og:type\" content=\"article\" \/>\n<meta property=\"og:title\" content=\"Ta\u015bma perukarska jasny be\u017c \u2013 10m\" \/>\n<meta property=\"og:description\" content=\"Perukarska ta\u015bma w kolorze jasnego be\u017cu o szeroko\u015bci 0,5 cm to nieb\u0119dne akcesorium do tworzenia i naprawy peruk. Dzieki swojej cienkiej strukturze zapewnia naturalny wygl\u0105d i wygod\u0119 noszenia. Doskonale sprawdzi si\u0119 zar\u00f3wno w profesjonalnych salonach, jak i do u\u017cytku domowego\" \/>\n<meta property=\"og:url\" content=\"https:\/\/wigstore-nzk.com\/en\/product\/tasma-bez-10m\/\" \/>\n<meta property=\"og:site_name\" content=\"NZK-Wigstore\" \/>\n<meta property=\"article:modified_time\" content=\"2025-11-14T10:15:45+00:00\" \/>\n<meta property=\"og:image\" content=\"https:\/\/wigstore-nzk.com\/wp-content\/uploads\/2025\/03\/2A_1_FrontDuze.png\" \/>\n\t<meta property=\"og:image:width\" content=\"1080\" \/>\n\t<meta property=\"og:image:height\" content=\"1390\" \/>\n\t<meta property=\"og:image:type\" content=\"image\/png\" \/>\n<meta name=\"twitter:card\" content=\"summary_large_image\" \/>\n<meta name=\"twitter:label1\" content=\"Est. reading time\" \/>\n\t<meta name=\"twitter:data1\" content=\"1 minute\" \/>\n<script type=\"application\/ld+json\" class=\"yoast-schema-graph\">{\"@context\":\"https:\\\/\\\/schema.org\",\"@graph\":[{\"@type\":\"WebPage\",\"@id\":\"https:\\\/\\\/wigstore-nzk.com\\\/produkt\\\/tasma-bez-10m\\\/\",\"url\":\"https:\\\/\\\/wigstore-nzk.com\\\/produkt\\\/tasma-bez-10m\\\/\",\"name\":\"Ta\u015bma perukarska jasny be\u017c \u2013 10m - NZK-Wigstore\",\"isPartOf\":{\"@id\":\"https:\\\/\\\/wigstore-nzk.com\\\/#website\"},\"primaryImageOfPage\":{\"@id\":\"https:\\\/\\\/wigstore-nzk.com\\\/produkt\\\/tasma-bez-10m\\\/#primaryimage\"},\"image\":{\"@id\":\"https:\\\/\\\/wigstore-nzk.com\\\/produkt\\\/tasma-bez-10m\\\/#primaryimage\"},\"thumbnailUrl\":\"https:\\\/\\\/wigstore-nzk.com\\\/wp-content\\\/uploads\\\/2025\\\/03\\\/2A_1_FrontDuze.png\",\"datePublished\":\"2025-03-01T07:12:52+00:00\",\"dateModified\":\"2025-11-14T10:15:45+00:00\",\"description\":\"Perukarska ta\u015bma w kolorze jasnego be\u017cu o szeroko\u015bci 0,5 cm to nieb\u0119dne akcesorium do tworzenia i naprawy peruk. Dzieki swojej cienkiej strukturze zapewnia naturalny wygl\u0105d i wygod\u0119 noszenia. Doskonale sprawdzi si\u0119 zar\u00f3wno w profesjonalnych salonach, jak i do u\u017cytku domowego\",\"breadcrumb\":{\"@id\":\"https:\\\/\\\/wigstore-nzk.com\\\/produkt\\\/tasma-bez-10m\\\/#breadcrumb\"},\"inLanguage\":\"en-US\",\"potentialAction\":[{\"@type\":\"ReadAction\",\"target\":[\"https:\\\/\\\/wigstore-nzk.com\\\/produkt\\\/tasma-bez-10m\\\/\"]}]},{\"@type\":\"ImageObject\",\"inLanguage\":\"en-US\",\"@id\":\"https:\\\/\\\/wigstore-nzk.com\\\/produkt\\\/tasma-bez-10m\\\/#primaryimage\",\"url\":\"https:\\\/\\\/wigstore-nzk.com\\\/wp-content\\\/uploads\\\/2025\\\/03\\\/2A_1_FrontDuze.png\",\"contentUrl\":\"https:\\\/\\\/wigstore-nzk.com\\\/wp-content\\\/uploads\\\/2025\\\/03\\\/2A_1_FrontDuze.png\",\"width\":1080,\"height\":1390},{\"@type\":\"BreadcrumbList\",\"@id\":\"https:\\\/\\\/wigstore-nzk.com\\\/produkt\\\/tasma-bez-10m\\\/#breadcrumb\",\"itemListElement\":[{\"@type\":\"ListItem\",\"position\":1,\"name\":\"Strona g\u0142\u00f3wna\",\"item\":\"https:\\\/\\\/wigstore-nzk.com\\\/\"},{\"@type\":\"ListItem\",\"position\":2,\"name\":\"Sklep\",\"item\":\"https:\\\/\\\/wigstore-nzk.com\\\/sklep\\\/\"},{\"@type\":\"ListItem\",\"position\":3,\"name\":\"Ta\u015bma perukarska jasny be\u017c \u2013 10m\"}]},{\"@type\":\"WebSite\",\"@id\":\"https:\\\/\\\/wigstore-nzk.com\\\/#website\",\"url\":\"https:\\\/\\\/wigstore-nzk.com\\\/\",\"name\":\"NZK-Wigstore\",\"description\":\"\",\"potentialAction\":[{\"@type\":\"SearchAction\",\"target\":{\"@type\":\"EntryPoint\",\"urlTemplate\":\"https:\\\/\\\/wigstore-nzk.com\\\/?s={search_term_string}\"},\"query-input\":{\"@type\":\"PropertyValueSpecification\",\"valueRequired\":true,\"valueName\":\"search_term_string\"}}],\"inLanguage\":\"en-US\"}]}<\/script>\n<!-- \/ Yoast SEO Premium plugin. -->","yoast_head_json":{"title":"Ta\u015bma perukarska jasny be\u017c \u2013 10m - NZK-Wigstore","description":"Perukarska ta\u015bma w kolorze jasnego be\u017cu o szeroko\u015bci 0,5 cm to nieb\u0119dne akcesorium do tworzenia i naprawy peruk. Dzieki swojej cienkiej strukturze zapewnia naturalny wygl\u0105d i wygod\u0119 noszenia. Doskonale sprawdzi si\u0119 zar\u00f3wno w profesjonalnych salonach, jak i do u\u017cytku domowego","robots":{"index":"index","follow":"follow","max-snippet":"max-snippet:-1","max-image-preview":"max-image-preview:large","max-video-preview":"max-video-preview:-1"},"canonical":"https:\/\/wigstore-nzk.com\/en\/product\/tasma-bez-10m\/","og_locale":"en_US","og_type":"article","og_title":"Ta\u015bma perukarska jasny be\u017c \u2013 10m","og_description":"Perukarska ta\u015bma w kolorze jasnego be\u017cu o szeroko\u015bci 0,5 cm to nieb\u0119dne akcesorium do tworzenia i naprawy peruk. Dzieki swojej cienkiej strukturze zapewnia naturalny wygl\u0105d i wygod\u0119 noszenia. Doskonale sprawdzi si\u0119 zar\u00f3wno w profesjonalnych salonach, jak i do u\u017cytku domowego","og_url":"https:\/\/wigstore-nzk.com\/en\/product\/tasma-bez-10m\/","og_site_name":"NZK-Wigstore","article_modified_time":"2025-11-14T10:15:45+00:00","og_image":[{"width":1080,"height":1390,"url":"https:\/\/wigstore-nzk.com\/wp-content\/uploads\/2025\/03\/2A_1_FrontDuze.png","type":"image\/png"}],"twitter_card":"summary_large_image","twitter_misc":{"Est. reading time":"1 minute"},"schema":{"@context":"https:\/\/schema.org","@graph":[{"@type":"WebPage","@id":"https:\/\/wigstore-nzk.com\/produkt\/tasma-bez-10m\/","url":"https:\/\/wigstore-nzk.com\/produkt\/tasma-bez-10m\/","name":"Ta\u015bma perukarska jasny be\u017c \u2013 10m - NZK-Wigstore","isPartOf":{"@id":"https:\/\/wigstore-nzk.com\/#website"},"primaryImageOfPage":{"@id":"https:\/\/wigstore-nzk.com\/produkt\/tasma-bez-10m\/#primaryimage"},"image":{"@id":"https:\/\/wigstore-nzk.com\/produkt\/tasma-bez-10m\/#primaryimage"},"thumbnailUrl":"https:\/\/wigstore-nzk.com\/wp-content\/uploads\/2025\/03\/2A_1_FrontDuze.png","datePublished":"2025-03-01T07:12:52+00:00","dateModified":"2025-11-14T10:15:45+00:00","description":"Perukarska ta\u015bma w kolorze jasnego be\u017cu o szeroko\u015bci 0,5 cm to nieb\u0119dne akcesorium do tworzenia i naprawy peruk. Dzieki swojej cienkiej strukturze zapewnia naturalny wygl\u0105d i wygod\u0119 noszenia. Doskonale sprawdzi si\u0119 zar\u00f3wno w profesjonalnych salonach, jak i do u\u017cytku domowego","breadcrumb":{"@id":"https:\/\/wigstore-nzk.com\/produkt\/tasma-bez-10m\/#breadcrumb"},"inLanguage":"en-US","potentialAction":[{"@type":"ReadAction","target":["https:\/\/wigstore-nzk.com\/produkt\/tasma-bez-10m\/"]}]},{"@type":"ImageObject","inLanguage":"en-US","@id":"https:\/\/wigstore-nzk.com\/produkt\/tasma-bez-10m\/#primaryimage","url":"https:\/\/wigstore-nzk.com\/wp-content\/uploads\/2025\/03\/2A_1_FrontDuze.png","contentUrl":"https:\/\/wigstore-nzk.com\/wp-content\/uploads\/2025\/03\/2A_1_FrontDuze.png","width":1080,"height":1390},{"@type":"BreadcrumbList","@id":"https:\/\/wigstore-nzk.com\/produkt\/tasma-bez-10m\/#breadcrumb","itemListElement":[{"@type":"ListItem","position":1,"name":"Strona g\u0142\u00f3wna","item":"https:\/\/wigstore-nzk.com\/"},{"@type":"ListItem","position":2,"name":"Sklep","item":"https:\/\/wigstore-nzk.com\/sklep\/"},{"@type":"ListItem","position":3,"name":"Ta\u015bma perukarska jasny be\u017c \u2013 10m"}]},{"@type":"WebSite","@id":"https:\/\/wigstore-nzk.com\/#website","url":"https:\/\/wigstore-nzk.com\/","name":"NZK-Wigstore","description":"","potentialAction":[{"@type":"SearchAction","target":{"@type":"EntryPoint","urlTemplate":"https:\/\/wigstore-nzk.com\/?s={search_term_string}"},"query-input":{"@type":"PropertyValueSpecification","valueRequired":true,"valueName":"search_term_string"}}],"inLanguage":"en-US"}]}},"_links":{"self":[{"href":"https:\/\/wigstore-nzk.com\/en\/wp-json\/wp\/v2\/product\/1380","targetHints":{"allow":["GET"]}}],"collection":[{"href":"https:\/\/wigstore-nzk.com\/en\/wp-json\/wp\/v2\/product"}],"about":[{"href":"https:\/\/wigstore-nzk.com\/en\/wp-json\/wp\/v2\/types\/product"}],"version-history":[{"count":7,"href":"https:\/\/wigstore-nzk.com\/en\/wp-json\/wp\/v2\/product\/1380\/revisions"}],"predecessor-version":[{"id":2869,"href":"https:\/\/wigstore-nzk.com\/en\/wp-json\/wp\/v2\/product\/1380\/revisions\/2869"}],"wp:featuredmedia":[{"embeddable":true,"href":"https:\/\/wigstore-nzk.com\/en\/wp-json\/wp\/v2\/media\/1381"}],"wp:attachment":[{"href":"https:\/\/wigstore-nzk.com\/en\/wp-json\/wp\/v2\/media?parent=1380"}],"wp:term":[{"taxonomy":"product_brand","embeddable":true,"href":"https:\/\/wigstore-nzk.com\/en\/wp-json\/wp\/v2\/product_brand?post=1380"},{"taxonomy":"product_cat","embeddable":true,"href":"https:\/\/wigstore-nzk.com\/en\/wp-json\/wp\/v2\/product_cat?post=1380"},{"taxonomy":"product_tag","embeddable":true,"href":"https:\/\/wigstore-nzk.com\/en\/wp-json\/wp\/v2\/product_tag?post=1380"}],"curies":[{"name":"wp","href":"https:\/\/api.w.org\/{rel}","templated":true}]}}