{"id":1386,"date":"2025-03-01T08:23:15","date_gmt":"2025-03-01T07:23:15","guid":{"rendered":"https:\/\/wigstore-nzk.com\/?post_type=product&#038;p=1386"},"modified":"2025-11-24T15:16:01","modified_gmt":"2025-11-24T14:16:01","slug":"wstazka-biala-transparentna-hd-biel-10m","status":"publish","type":"product","link":"https:\/\/wigstore-nzk.com\/en\/product\/wstazka-biala-transparentna-hd-biel-10m\/","title":{"rendered":"Wst\u0105\u017cka bia\u0142a transparentna biel- 10m"},"content":{"rendered":"<p>Perukarska wst\u0105\u017cka transparentna HD w kolorze bia\u0142ym to niezast\u0105piony element w procesie tworzenia i naprawy peruk oraz system\u00f3w w\u0142os\u00f3w. Dzi\u0119ki swojej wysokiej jako\u015bci i trwa\u0142o\u015bci zapewnia stabilne mocowanie, jendocze\u015bnie pozostaj\u0105c niemal niewidoczn\u0105 na sk\u00f3rze.<\/p>\n<p>&nbsp;<\/p>\n<p>Cechy produktu:<\/p>\n<p>\u2705 Transparentny bia\u0142y kolor &#8211; idealnie dopasowuje si\u0119 do r\u00f3\u017cnych odcieni sk\u00f3ry i baz perukowych.<\/p>\n<p>\u2705 Elastyczna i trwa\u0142a &#8211; nie rozci\u0105ga si\u0119 nadmiernie i zachowuje swoj\u0105 struktur\u0119 nawet po d\u0142u\u017cszym u\u017cytkowaniu<\/p>\n<p>\u2705 \u0141atwa w u\u017cyciu &#8211; idealna zar\u00f3wno dla profesjonalist\u00f3w, jak i os\u00f3b zajmuj\u0105cych si\u0119 perukarstwem w domu.<\/p>\n<p>\u2705 Uniwersalne zastosowanie &#8211; do peruk, tupet\u00f3w, tres i innych system\u00f3w w\u0142os\u00f3w<\/p>\n<p>\u2705 Szeroko\u015b\u0107 &#8211; 6mm<\/p>\n<p>&nbsp;<\/p>\n<p>Zastosowanie:<\/p>\n<p>\u2705Tworzenie i naprawa peruk<\/p>\n<p>\u2705Stylizacja i personalizacja peruk<\/p>\n<p>\u2705 Tworzenie peruk do film\u00f3w<\/p>\n<p>\u2705Model SJ-116<\/p>\n<p>&nbsp;<\/p>\n<p>Wst\u0105\u017cka perukarska to must-have dla stylist\u00f3w, perukarzy i os\u00f3b dbaj\u0105cych o perfekcyjny wygl\u0105 swoich w\u0142os\u00f3w. Zam\u00f3w ju\u017c dzi\u015b i ciesz si\u0119 niezawodn\u0105 jako\u015bci\u0105.<\/p>","protected":false},"excerpt":{"rendered":"<p>Perukarska ta\u015bma transparentna HD bia\u0142a to wysokiej jako\u015bci, niemal niewidoczna ta\u015bma do mocowania peruk i system\u00f3w w\u0142os\u00f3w. Charakteryzuje si\u0119 ultra cienk\u0105 struktur\u0105 HD, zapewniaj\u0105c naturalny efekt i maksymalny komfort noszenia. Idealna dla profesjonalist\u00f3w i os\u00f3b dbaj\u0105cych o perfekcyjny wygl\u0105d peruki.<\/p>\n<p>Kupuj\u0105c jeden produkt otrzymasz 10m ta\u015bmy, je\u017celi potrzebujesz d\u0142u\u017cszego odcinka wybierz odpowiedni\u0105 ilo\u015b\u0107 sztuk<\/p>","protected":false},"featured_media":1387,"template":"","meta":[],"product_brand":[],"product_cat":[28,34],"product_tag":[76,84,79,83,85,82,81,80],"class_list":{"0":"post-1386","1":"product","2":"type-product","3":"status-publish","4":"has-post-thumbnail","6":"product_cat-akcesoria","7":"product_cat-tasmy-i-gumki-perukarskie","8":"product_tag-akcesoria-perukarskie","9":"product_tag-mocowanie-peruk","10":"product_tag-perukarska-wstazka","11":"product_tag-peruki-i-tupety","12":"product_tag-profesjonalne-perukarstwo","13":"product_tag-tasma-perukarska","14":"product_tag-wstazka-do-peruk","15":"product_tag-wstazka-transparentna","17":"first","18":"instock","19":"taxable","20":"shipping-taxable","21":"purchasable","22":"product-type-simple"},"yoast_head":"<!-- This site is optimized with the Yoast SEO Premium plugin v24.5 (Yoast SEO v27.5) - https:\/\/yoast.com\/product\/yoast-seo-premium-wordpress\/ -->\n<title>Wst\u0105\u017cka bia\u0142a transparentna biel- 10m - NZK-Wigstore<\/title>\n<meta name=\"description\" content=\"Perukarska wst\u0105\u017cka transparentna HD w kolorze bia\u0142ym to niezast\u0105piony element w procesie tworzenia i naprawy peruk oraz system\u00f3w w\u0142os\u00f3w. Dzi\u0119ki swojej wysokiej jako\u015bci i trwa\u0142o\u015bci zapewnia stabilne mocowanie, jendocze\u015bnie pozostaj\u0105c niemal niewidoczn\u0105 na sk\u00f3rze.\" \/>\n<meta name=\"robots\" content=\"index, follow, max-snippet:-1, max-image-preview:large, max-video-preview:-1\" \/>\n<link rel=\"canonical\" href=\"https:\/\/wigstore-nzk.com\/en\/product\/wstazka-biala-transparentna-hd-biel-10m\/\" \/>\n<meta property=\"og:locale\" content=\"en_US\" \/>\n<meta property=\"og:type\" content=\"article\" \/>\n<meta property=\"og:title\" content=\"Wst\u0105\u017cka bia\u0142a transparentna biel- 10m\" \/>\n<meta property=\"og:description\" content=\"Perukarska wst\u0105\u017cka transparentna HD w kolorze bia\u0142ym to niezast\u0105piony element w procesie tworzenia i naprawy peruk oraz system\u00f3w w\u0142os\u00f3w. Dzi\u0119ki swojej wysokiej jako\u015bci i trwa\u0142o\u015bci zapewnia stabilne mocowanie, jendocze\u015bnie pozostaj\u0105c niemal niewidoczn\u0105 na sk\u00f3rze.\" \/>\n<meta property=\"og:url\" content=\"https:\/\/wigstore-nzk.com\/en\/product\/wstazka-biala-transparentna-hd-biel-10m\/\" \/>\n<meta property=\"og:site_name\" content=\"NZK-Wigstore\" \/>\n<meta property=\"article:modified_time\" content=\"2025-11-24T14:16:01+00:00\" \/>\n<meta property=\"og:image\" content=\"https:\/\/wigstore-nzk.com\/wp-content\/uploads\/2025\/03\/3_2_Front-Duze.png\" \/>\n\t<meta property=\"og:image:width\" content=\"1080\" \/>\n\t<meta property=\"og:image:height\" content=\"1440\" \/>\n\t<meta property=\"og:image:type\" content=\"image\/png\" \/>\n<meta name=\"twitter:card\" content=\"summary_large_image\" \/>\n<meta name=\"twitter:label1\" content=\"Est. reading time\" \/>\n\t<meta name=\"twitter:data1\" content=\"2 minutes\" \/>\n<script type=\"application\/ld+json\" class=\"yoast-schema-graph\">{\"@context\":\"https:\\\/\\\/schema.org\",\"@graph\":[{\"@type\":\"WebPage\",\"@id\":\"https:\\\/\\\/wigstore-nzk.com\\\/produkt\\\/wstazka-biala-transparentna-hd-biel-10m\\\/\",\"url\":\"https:\\\/\\\/wigstore-nzk.com\\\/produkt\\\/wstazka-biala-transparentna-hd-biel-10m\\\/\",\"name\":\"Wst\u0105\u017cka bia\u0142a transparentna biel- 10m - NZK-Wigstore\",\"isPartOf\":{\"@id\":\"https:\\\/\\\/wigstore-nzk.com\\\/#website\"},\"primaryImageOfPage\":{\"@id\":\"https:\\\/\\\/wigstore-nzk.com\\\/produkt\\\/wstazka-biala-transparentna-hd-biel-10m\\\/#primaryimage\"},\"image\":{\"@id\":\"https:\\\/\\\/wigstore-nzk.com\\\/produkt\\\/wstazka-biala-transparentna-hd-biel-10m\\\/#primaryimage\"},\"thumbnailUrl\":\"https:\\\/\\\/wigstore-nzk.com\\\/wp-content\\\/uploads\\\/2025\\\/03\\\/3_2_Front-Duze.png\",\"datePublished\":\"2025-03-01T07:23:15+00:00\",\"dateModified\":\"2025-11-24T14:16:01+00:00\",\"description\":\"Perukarska wst\u0105\u017cka transparentna HD w kolorze bia\u0142ym to niezast\u0105piony element w procesie tworzenia i naprawy peruk oraz system\u00f3w w\u0142os\u00f3w. Dzi\u0119ki swojej wysokiej jako\u015bci i trwa\u0142o\u015bci zapewnia stabilne mocowanie, jendocze\u015bnie pozostaj\u0105c niemal niewidoczn\u0105 na sk\u00f3rze.\",\"breadcrumb\":{\"@id\":\"https:\\\/\\\/wigstore-nzk.com\\\/produkt\\\/wstazka-biala-transparentna-hd-biel-10m\\\/#breadcrumb\"},\"inLanguage\":\"en-US\",\"potentialAction\":[{\"@type\":\"ReadAction\",\"target\":[\"https:\\\/\\\/wigstore-nzk.com\\\/produkt\\\/wstazka-biala-transparentna-hd-biel-10m\\\/\"]}]},{\"@type\":\"ImageObject\",\"inLanguage\":\"en-US\",\"@id\":\"https:\\\/\\\/wigstore-nzk.com\\\/produkt\\\/wstazka-biala-transparentna-hd-biel-10m\\\/#primaryimage\",\"url\":\"https:\\\/\\\/wigstore-nzk.com\\\/wp-content\\\/uploads\\\/2025\\\/03\\\/3_2_Front-Duze.png\",\"contentUrl\":\"https:\\\/\\\/wigstore-nzk.com\\\/wp-content\\\/uploads\\\/2025\\\/03\\\/3_2_Front-Duze.png\",\"width\":1080,\"height\":1440},{\"@type\":\"BreadcrumbList\",\"@id\":\"https:\\\/\\\/wigstore-nzk.com\\\/produkt\\\/wstazka-biala-transparentna-hd-biel-10m\\\/#breadcrumb\",\"itemListElement\":[{\"@type\":\"ListItem\",\"position\":1,\"name\":\"Strona g\u0142\u00f3wna\",\"item\":\"https:\\\/\\\/wigstore-nzk.com\\\/\"},{\"@type\":\"ListItem\",\"position\":2,\"name\":\"Sklep\",\"item\":\"https:\\\/\\\/wigstore-nzk.com\\\/sklep\\\/\"},{\"@type\":\"ListItem\",\"position\":3,\"name\":\"Wst\u0105\u017cka bia\u0142a transparentna biel- 10m\"}]},{\"@type\":\"WebSite\",\"@id\":\"https:\\\/\\\/wigstore-nzk.com\\\/#website\",\"url\":\"https:\\\/\\\/wigstore-nzk.com\\\/\",\"name\":\"NZK-Wigstore\",\"description\":\"\",\"potentialAction\":[{\"@type\":\"SearchAction\",\"target\":{\"@type\":\"EntryPoint\",\"urlTemplate\":\"https:\\\/\\\/wigstore-nzk.com\\\/?s={search_term_string}\"},\"query-input\":{\"@type\":\"PropertyValueSpecification\",\"valueRequired\":true,\"valueName\":\"search_term_string\"}}],\"inLanguage\":\"en-US\"}]}<\/script>\n<!-- \/ Yoast SEO Premium plugin. -->","yoast_head_json":{"title":"Wst\u0105\u017cka bia\u0142a transparentna biel- 10m - NZK-Wigstore","description":"Perukarska wst\u0105\u017cka transparentna HD w kolorze bia\u0142ym to niezast\u0105piony element w procesie tworzenia i naprawy peruk oraz system\u00f3w w\u0142os\u00f3w. Dzi\u0119ki swojej wysokiej jako\u015bci i trwa\u0142o\u015bci zapewnia stabilne mocowanie, jendocze\u015bnie pozostaj\u0105c niemal niewidoczn\u0105 na sk\u00f3rze.","robots":{"index":"index","follow":"follow","max-snippet":"max-snippet:-1","max-image-preview":"max-image-preview:large","max-video-preview":"max-video-preview:-1"},"canonical":"https:\/\/wigstore-nzk.com\/en\/product\/wstazka-biala-transparentna-hd-biel-10m\/","og_locale":"en_US","og_type":"article","og_title":"Wst\u0105\u017cka bia\u0142a transparentna biel- 10m","og_description":"Perukarska wst\u0105\u017cka transparentna HD w kolorze bia\u0142ym to niezast\u0105piony element w procesie tworzenia i naprawy peruk oraz system\u00f3w w\u0142os\u00f3w. Dzi\u0119ki swojej wysokiej jako\u015bci i trwa\u0142o\u015bci zapewnia stabilne mocowanie, jendocze\u015bnie pozostaj\u0105c niemal niewidoczn\u0105 na sk\u00f3rze.","og_url":"https:\/\/wigstore-nzk.com\/en\/product\/wstazka-biala-transparentna-hd-biel-10m\/","og_site_name":"NZK-Wigstore","article_modified_time":"2025-11-24T14:16:01+00:00","og_image":[{"width":1080,"height":1440,"url":"https:\/\/wigstore-nzk.com\/wp-content\/uploads\/2025\/03\/3_2_Front-Duze.png","type":"image\/png"}],"twitter_card":"summary_large_image","twitter_misc":{"Est. reading time":"2 minutes"},"schema":{"@context":"https:\/\/schema.org","@graph":[{"@type":"WebPage","@id":"https:\/\/wigstore-nzk.com\/produkt\/wstazka-biala-transparentna-hd-biel-10m\/","url":"https:\/\/wigstore-nzk.com\/produkt\/wstazka-biala-transparentna-hd-biel-10m\/","name":"Wst\u0105\u017cka bia\u0142a transparentna biel- 10m - NZK-Wigstore","isPartOf":{"@id":"https:\/\/wigstore-nzk.com\/#website"},"primaryImageOfPage":{"@id":"https:\/\/wigstore-nzk.com\/produkt\/wstazka-biala-transparentna-hd-biel-10m\/#primaryimage"},"image":{"@id":"https:\/\/wigstore-nzk.com\/produkt\/wstazka-biala-transparentna-hd-biel-10m\/#primaryimage"},"thumbnailUrl":"https:\/\/wigstore-nzk.com\/wp-content\/uploads\/2025\/03\/3_2_Front-Duze.png","datePublished":"2025-03-01T07:23:15+00:00","dateModified":"2025-11-24T14:16:01+00:00","description":"Perukarska wst\u0105\u017cka transparentna HD w kolorze bia\u0142ym to niezast\u0105piony element w procesie tworzenia i naprawy peruk oraz system\u00f3w w\u0142os\u00f3w. Dzi\u0119ki swojej wysokiej jako\u015bci i trwa\u0142o\u015bci zapewnia stabilne mocowanie, jendocze\u015bnie pozostaj\u0105c niemal niewidoczn\u0105 na sk\u00f3rze.","breadcrumb":{"@id":"https:\/\/wigstore-nzk.com\/produkt\/wstazka-biala-transparentna-hd-biel-10m\/#breadcrumb"},"inLanguage":"en-US","potentialAction":[{"@type":"ReadAction","target":["https:\/\/wigstore-nzk.com\/produkt\/wstazka-biala-transparentna-hd-biel-10m\/"]}]},{"@type":"ImageObject","inLanguage":"en-US","@id":"https:\/\/wigstore-nzk.com\/produkt\/wstazka-biala-transparentna-hd-biel-10m\/#primaryimage","url":"https:\/\/wigstore-nzk.com\/wp-content\/uploads\/2025\/03\/3_2_Front-Duze.png","contentUrl":"https:\/\/wigstore-nzk.com\/wp-content\/uploads\/2025\/03\/3_2_Front-Duze.png","width":1080,"height":1440},{"@type":"BreadcrumbList","@id":"https:\/\/wigstore-nzk.com\/produkt\/wstazka-biala-transparentna-hd-biel-10m\/#breadcrumb","itemListElement":[{"@type":"ListItem","position":1,"name":"Strona g\u0142\u00f3wna","item":"https:\/\/wigstore-nzk.com\/"},{"@type":"ListItem","position":2,"name":"Sklep","item":"https:\/\/wigstore-nzk.com\/sklep\/"},{"@type":"ListItem","position":3,"name":"Wst\u0105\u017cka bia\u0142a transparentna biel- 10m"}]},{"@type":"WebSite","@id":"https:\/\/wigstore-nzk.com\/#website","url":"https:\/\/wigstore-nzk.com\/","name":"NZK-Wigstore","description":"","potentialAction":[{"@type":"SearchAction","target":{"@type":"EntryPoint","urlTemplate":"https:\/\/wigstore-nzk.com\/?s={search_term_string}"},"query-input":{"@type":"PropertyValueSpecification","valueRequired":true,"valueName":"search_term_string"}}],"inLanguage":"en-US"}]}},"_links":{"self":[{"href":"https:\/\/wigstore-nzk.com\/en\/wp-json\/wp\/v2\/product\/1386","targetHints":{"allow":["GET"]}}],"collection":[{"href":"https:\/\/wigstore-nzk.com\/en\/wp-json\/wp\/v2\/product"}],"about":[{"href":"https:\/\/wigstore-nzk.com\/en\/wp-json\/wp\/v2\/types\/product"}],"version-history":[{"count":7,"href":"https:\/\/wigstore-nzk.com\/en\/wp-json\/wp\/v2\/product\/1386\/revisions"}],"predecessor-version":[{"id":3189,"href":"https:\/\/wigstore-nzk.com\/en\/wp-json\/wp\/v2\/product\/1386\/revisions\/3189"}],"wp:featuredmedia":[{"embeddable":true,"href":"https:\/\/wigstore-nzk.com\/en\/wp-json\/wp\/v2\/media\/1387"}],"wp:attachment":[{"href":"https:\/\/wigstore-nzk.com\/en\/wp-json\/wp\/v2\/media?parent=1386"}],"wp:term":[{"taxonomy":"product_brand","embeddable":true,"href":"https:\/\/wigstore-nzk.com\/en\/wp-json\/wp\/v2\/product_brand?post=1386"},{"taxonomy":"product_cat","embeddable":true,"href":"https:\/\/wigstore-nzk.com\/en\/wp-json\/wp\/v2\/product_cat?post=1386"},{"taxonomy":"product_tag","embeddable":true,"href":"https:\/\/wigstore-nzk.com\/en\/wp-json\/wp\/v2\/product_tag?post=1386"}],"curies":[{"name":"wp","href":"https:\/\/api.w.org\/{rel}","templated":true}]}}