{"id":1391,"date":"2025-03-01T08:29:53","date_gmt":"2025-03-01T07:29:53","guid":{"rendered":"https:\/\/wigstore-nzk.com\/?post_type=product&#038;p=1391"},"modified":"2025-11-24T15:15:11","modified_gmt":"2025-11-24T14:15:11","slug":"wstazka-transparentna-roz-10m","status":"publish","type":"product","link":"https:\/\/wigstore-nzk.com\/en\/product\/wstazka-transparentna-roz-10m\/","title":{"rendered":"Wst\u0105\u017cka transparentna HD r\u00f3\u017c- 10m"},"content":{"rendered":"<p>Perukarska wst\u0105\u017cka transparentna w kolorze r\u00f3\u017c to niezast\u0105piony element w produkcji peruk oraz wyrob\u00f3w perukarskich. Wykonana z wysokiej jako\u015bci, elastycznego materia\u0142u, doskonale dopasowuje si\u0119 do sk\u00f3ry, zapewniaj\u0105c naturalny efekt i komfort noszenia.<\/p>\n<p>&nbsp;<\/p>\n<p>Cechy produktu:<\/p>\n<p>\u2705 Transparentny r\u00f3\u017cowy kolor &#8211; idealnie komponuje si\u0119 z r\u00f3\u017cnymi odcieniami sk\u00f3ry, zapewniaj\u0105c subtelne i niewidoczne wyko\u0144czenie<\/p>\n<p>\u2705 Elastyczna i trwa\u0142a &#8211; nie rozci\u0105ga si\u0119 nadmiernie i zachowuje swoj\u0105 struktur\u0119 nawet po d\u0142u\u017cszym u\u017cytkowaniu<\/p>\n<p>\u2705 \u0141atwa w u\u017cyciu &#8211; doskona\u0142a do mocowania lace front, uzupe\u0142niania siatek perukarskich oraz innych prac stylizacyjnych<\/p>\n<p>\u2705Profesjonalna jako\u015b\u0107 &#8211; polecana zar\u00f3wno dla stylist\u00f3w peruk, jak i do u\u017cytku domowego<\/p>\n<p>\u2705 Model SJ &#8211; 116<\/p>\n<p>\u2705 Kolor #4<\/p>\n<p>\u2705Szeroko\u015b\u0107: 6mm<\/p>\n<p>&nbsp;<\/p>\n<p>Zastosowanie:<\/p>\n<p>\u2705Tworzenie i naprawa peruk<\/p>\n<p>\u2705Wzmacnianie kraw\u0119dzi lacefront<\/p>\n<p>\u2705Stylizacja i personalizacja peruk<\/p>\n<p>\u2705 Tworzenie peruk do film\u00f3w<\/p>\n<p>&nbsp;<\/p>\n<p>&nbsp;<\/p>\n<p>Dzieki swojej delikatnej strukturze i wysokiej jako\u015bci, be\u017cowa wst\u0105\u017cka perukarska to doskona\u0142y wyb\u00f3r dla ka\u017cdego, kto ceni precyzj\u0119 i profesjonalne wyko\u0144czenie peruk.<\/p>","protected":false},"excerpt":{"rendered":"<p>Perukarska wst\u0105\u017cka transparentna w kolorze r\u00f3\u017c to niezast\u0105piony element w produkcji peruk oraz wyrob\u00f3w perukarskich. Wykonana z wysokiej jako\u015bci, elastycznego materia\u0142u, doskonale dopasowuje si\u0119 do sk\u00f3ry, zapewniaj\u0105c naturalny efekt i komfort noszenia.<\/p>\n<p>Kupuj\u0105c jeden produkt otrzymasz 10m ta\u015bmy, je\u017celi potrzebujesz d\u0142u\u017cszego odcinka wybierz odpowiedni\u0105 ilo\u015b\u0107 sztuk<\/p>","protected":false},"featured_media":1392,"template":"","meta":[],"product_brand":[],"product_cat":[28,34],"product_tag":[76,78,77,74,75,73],"class_list":{"0":"post-1391","1":"product","2":"type-product","3":"status-publish","4":"has-post-thumbnail","6":"product_cat-akcesoria","7":"product_cat-tasmy-i-gumki-perukarskie","8":"product_tag-akcesoria-perukarskie","9":"product_tag-perukarstwo","10":"product_tag-peruki-profesjonalne","11":"product_tag-transparentna-wstazka","12":"product_tag-wstazka-bezowa","13":"product_tag-wstazka-perukarska","15":"first","16":"instock","17":"taxable","18":"shipping-taxable","19":"purchasable","20":"product-type-simple"},"yoast_head":"<!-- This site is optimized with the Yoast SEO Premium plugin v24.5 (Yoast SEO v27.5) - https:\/\/yoast.com\/product\/yoast-seo-premium-wordpress\/ -->\n<title>Wst\u0105\u017cka transparentna HD r\u00f3\u017c- 10m - NZK-Wigstore<\/title>\n<meta name=\"description\" content=\"Perukarska wst\u0105\u017cka transparentna w kolorze r\u00f3\u017c to niezast\u0105piony element w produkcji peruk oraz wyrob\u00f3w perukarskich. Wykonana z wysokiej jako\u015bci, elastycznego materia\u0142u, doskonale dopasowuje si\u0119 do sk\u00f3ry, zapewniaj\u0105c naturalny efekt i komfort noszenia.\u00a0\" \/>\n<meta name=\"robots\" content=\"index, follow, max-snippet:-1, max-image-preview:large, max-video-preview:-1\" \/>\n<link rel=\"canonical\" href=\"https:\/\/wigstore-nzk.com\/en\/product\/wstazka-transparentna-roz-10m\/\" \/>\n<meta property=\"og:locale\" content=\"en_US\" \/>\n<meta property=\"og:type\" content=\"article\" \/>\n<meta property=\"og:title\" content=\"Wst\u0105\u017cka transparentna HD r\u00f3\u017c- 10m\" \/>\n<meta property=\"og:description\" content=\"Perukarska wst\u0105\u017cka transparentna w kolorze r\u00f3\u017c to niezast\u0105piony element w produkcji peruk oraz wyrob\u00f3w perukarskich. Wykonana z wysokiej jako\u015bci, elastycznego materia\u0142u, doskonale dopasowuje si\u0119 do sk\u00f3ry, zapewniaj\u0105c naturalny efekt i komfort noszenia.\u00a0\" \/>\n<meta property=\"og:url\" content=\"https:\/\/wigstore-nzk.com\/en\/product\/wstazka-transparentna-roz-10m\/\" \/>\n<meta property=\"og:site_name\" content=\"NZK-Wigstore\" \/>\n<meta property=\"article:modified_time\" content=\"2025-11-24T14:15:11+00:00\" \/>\n<meta property=\"og:image\" content=\"https:\/\/wigstore-nzk.com\/wp-content\/uploads\/2025\/03\/3A_2_Front-Duze.png\" \/>\n\t<meta property=\"og:image:width\" content=\"1080\" \/>\n\t<meta property=\"og:image:height\" content=\"1193\" \/>\n\t<meta property=\"og:image:type\" content=\"image\/png\" \/>\n<meta name=\"twitter:card\" content=\"summary_large_image\" \/>\n<meta name=\"twitter:label1\" content=\"Est. reading time\" \/>\n\t<meta name=\"twitter:data1\" content=\"2 minutes\" \/>\n<script type=\"application\/ld+json\" class=\"yoast-schema-graph\">{\"@context\":\"https:\\\/\\\/schema.org\",\"@graph\":[{\"@type\":\"WebPage\",\"@id\":\"https:\\\/\\\/wigstore-nzk.com\\\/produkt\\\/wstazka-transparentna-roz-10m\\\/\",\"url\":\"https:\\\/\\\/wigstore-nzk.com\\\/produkt\\\/wstazka-transparentna-roz-10m\\\/\",\"name\":\"Wst\u0105\u017cka transparentna HD r\u00f3\u017c- 10m - NZK-Wigstore\",\"isPartOf\":{\"@id\":\"https:\\\/\\\/wigstore-nzk.com\\\/#website\"},\"primaryImageOfPage\":{\"@id\":\"https:\\\/\\\/wigstore-nzk.com\\\/produkt\\\/wstazka-transparentna-roz-10m\\\/#primaryimage\"},\"image\":{\"@id\":\"https:\\\/\\\/wigstore-nzk.com\\\/produkt\\\/wstazka-transparentna-roz-10m\\\/#primaryimage\"},\"thumbnailUrl\":\"https:\\\/\\\/wigstore-nzk.com\\\/wp-content\\\/uploads\\\/2025\\\/03\\\/3A_2_Front-Duze.png\",\"datePublished\":\"2025-03-01T07:29:53+00:00\",\"dateModified\":\"2025-11-24T14:15:11+00:00\",\"description\":\"Perukarska wst\u0105\u017cka transparentna w kolorze r\u00f3\u017c to niezast\u0105piony element w produkcji peruk oraz wyrob\u00f3w perukarskich. Wykonana z wysokiej jako\u015bci, elastycznego materia\u0142u, doskonale dopasowuje si\u0119 do sk\u00f3ry, zapewniaj\u0105c naturalny efekt i komfort noszenia.\u00a0\",\"breadcrumb\":{\"@id\":\"https:\\\/\\\/wigstore-nzk.com\\\/produkt\\\/wstazka-transparentna-roz-10m\\\/#breadcrumb\"},\"inLanguage\":\"en-US\",\"potentialAction\":[{\"@type\":\"ReadAction\",\"target\":[\"https:\\\/\\\/wigstore-nzk.com\\\/produkt\\\/wstazka-transparentna-roz-10m\\\/\"]}]},{\"@type\":\"ImageObject\",\"inLanguage\":\"en-US\",\"@id\":\"https:\\\/\\\/wigstore-nzk.com\\\/produkt\\\/wstazka-transparentna-roz-10m\\\/#primaryimage\",\"url\":\"https:\\\/\\\/wigstore-nzk.com\\\/wp-content\\\/uploads\\\/2025\\\/03\\\/3A_2_Front-Duze.png\",\"contentUrl\":\"https:\\\/\\\/wigstore-nzk.com\\\/wp-content\\\/uploads\\\/2025\\\/03\\\/3A_2_Front-Duze.png\",\"width\":1080,\"height\":1193},{\"@type\":\"BreadcrumbList\",\"@id\":\"https:\\\/\\\/wigstore-nzk.com\\\/produkt\\\/wstazka-transparentna-roz-10m\\\/#breadcrumb\",\"itemListElement\":[{\"@type\":\"ListItem\",\"position\":1,\"name\":\"Strona g\u0142\u00f3wna\",\"item\":\"https:\\\/\\\/wigstore-nzk.com\\\/\"},{\"@type\":\"ListItem\",\"position\":2,\"name\":\"Sklep\",\"item\":\"https:\\\/\\\/wigstore-nzk.com\\\/sklep\\\/\"},{\"@type\":\"ListItem\",\"position\":3,\"name\":\"Wst\u0105\u017cka transparentna HD r\u00f3\u017c- 10m\"}]},{\"@type\":\"WebSite\",\"@id\":\"https:\\\/\\\/wigstore-nzk.com\\\/#website\",\"url\":\"https:\\\/\\\/wigstore-nzk.com\\\/\",\"name\":\"NZK-Wigstore\",\"description\":\"\",\"potentialAction\":[{\"@type\":\"SearchAction\",\"target\":{\"@type\":\"EntryPoint\",\"urlTemplate\":\"https:\\\/\\\/wigstore-nzk.com\\\/?s={search_term_string}\"},\"query-input\":{\"@type\":\"PropertyValueSpecification\",\"valueRequired\":true,\"valueName\":\"search_term_string\"}}],\"inLanguage\":\"en-US\"}]}<\/script>\n<!-- \/ Yoast SEO Premium plugin. -->","yoast_head_json":{"title":"Wst\u0105\u017cka transparentna HD r\u00f3\u017c- 10m - NZK-Wigstore","description":"Perukarska wst\u0105\u017cka transparentna w kolorze r\u00f3\u017c to niezast\u0105piony element w produkcji peruk oraz wyrob\u00f3w perukarskich. Wykonana z wysokiej jako\u015bci, elastycznego materia\u0142u, doskonale dopasowuje si\u0119 do sk\u00f3ry, zapewniaj\u0105c naturalny efekt i komfort noszenia.\u00a0","robots":{"index":"index","follow":"follow","max-snippet":"max-snippet:-1","max-image-preview":"max-image-preview:large","max-video-preview":"max-video-preview:-1"},"canonical":"https:\/\/wigstore-nzk.com\/en\/product\/wstazka-transparentna-roz-10m\/","og_locale":"en_US","og_type":"article","og_title":"Wst\u0105\u017cka transparentna HD r\u00f3\u017c- 10m","og_description":"Perukarska wst\u0105\u017cka transparentna w kolorze r\u00f3\u017c to niezast\u0105piony element w produkcji peruk oraz wyrob\u00f3w perukarskich. Wykonana z wysokiej jako\u015bci, elastycznego materia\u0142u, doskonale dopasowuje si\u0119 do sk\u00f3ry, zapewniaj\u0105c naturalny efekt i komfort noszenia.\u00a0","og_url":"https:\/\/wigstore-nzk.com\/en\/product\/wstazka-transparentna-roz-10m\/","og_site_name":"NZK-Wigstore","article_modified_time":"2025-11-24T14:15:11+00:00","og_image":[{"width":1080,"height":1193,"url":"https:\/\/wigstore-nzk.com\/wp-content\/uploads\/2025\/03\/3A_2_Front-Duze.png","type":"image\/png"}],"twitter_card":"summary_large_image","twitter_misc":{"Est. reading time":"2 minutes"},"schema":{"@context":"https:\/\/schema.org","@graph":[{"@type":"WebPage","@id":"https:\/\/wigstore-nzk.com\/produkt\/wstazka-transparentna-roz-10m\/","url":"https:\/\/wigstore-nzk.com\/produkt\/wstazka-transparentna-roz-10m\/","name":"Wst\u0105\u017cka transparentna HD r\u00f3\u017c- 10m - NZK-Wigstore","isPartOf":{"@id":"https:\/\/wigstore-nzk.com\/#website"},"primaryImageOfPage":{"@id":"https:\/\/wigstore-nzk.com\/produkt\/wstazka-transparentna-roz-10m\/#primaryimage"},"image":{"@id":"https:\/\/wigstore-nzk.com\/produkt\/wstazka-transparentna-roz-10m\/#primaryimage"},"thumbnailUrl":"https:\/\/wigstore-nzk.com\/wp-content\/uploads\/2025\/03\/3A_2_Front-Duze.png","datePublished":"2025-03-01T07:29:53+00:00","dateModified":"2025-11-24T14:15:11+00:00","description":"Perukarska wst\u0105\u017cka transparentna w kolorze r\u00f3\u017c to niezast\u0105piony element w produkcji peruk oraz wyrob\u00f3w perukarskich. Wykonana z wysokiej jako\u015bci, elastycznego materia\u0142u, doskonale dopasowuje si\u0119 do sk\u00f3ry, zapewniaj\u0105c naturalny efekt i komfort noszenia.\u00a0","breadcrumb":{"@id":"https:\/\/wigstore-nzk.com\/produkt\/wstazka-transparentna-roz-10m\/#breadcrumb"},"inLanguage":"en-US","potentialAction":[{"@type":"ReadAction","target":["https:\/\/wigstore-nzk.com\/produkt\/wstazka-transparentna-roz-10m\/"]}]},{"@type":"ImageObject","inLanguage":"en-US","@id":"https:\/\/wigstore-nzk.com\/produkt\/wstazka-transparentna-roz-10m\/#primaryimage","url":"https:\/\/wigstore-nzk.com\/wp-content\/uploads\/2025\/03\/3A_2_Front-Duze.png","contentUrl":"https:\/\/wigstore-nzk.com\/wp-content\/uploads\/2025\/03\/3A_2_Front-Duze.png","width":1080,"height":1193},{"@type":"BreadcrumbList","@id":"https:\/\/wigstore-nzk.com\/produkt\/wstazka-transparentna-roz-10m\/#breadcrumb","itemListElement":[{"@type":"ListItem","position":1,"name":"Strona g\u0142\u00f3wna","item":"https:\/\/wigstore-nzk.com\/"},{"@type":"ListItem","position":2,"name":"Sklep","item":"https:\/\/wigstore-nzk.com\/sklep\/"},{"@type":"ListItem","position":3,"name":"Wst\u0105\u017cka transparentna HD r\u00f3\u017c- 10m"}]},{"@type":"WebSite","@id":"https:\/\/wigstore-nzk.com\/#website","url":"https:\/\/wigstore-nzk.com\/","name":"NZK-Wigstore","description":"","potentialAction":[{"@type":"SearchAction","target":{"@type":"EntryPoint","urlTemplate":"https:\/\/wigstore-nzk.com\/?s={search_term_string}"},"query-input":{"@type":"PropertyValueSpecification","valueRequired":true,"valueName":"search_term_string"}}],"inLanguage":"en-US"}]}},"_links":{"self":[{"href":"https:\/\/wigstore-nzk.com\/en\/wp-json\/wp\/v2\/product\/1391","targetHints":{"allow":["GET"]}}],"collection":[{"href":"https:\/\/wigstore-nzk.com\/en\/wp-json\/wp\/v2\/product"}],"about":[{"href":"https:\/\/wigstore-nzk.com\/en\/wp-json\/wp\/v2\/types\/product"}],"version-history":[{"count":8,"href":"https:\/\/wigstore-nzk.com\/en\/wp-json\/wp\/v2\/product\/1391\/revisions"}],"predecessor-version":[{"id":3190,"href":"https:\/\/wigstore-nzk.com\/en\/wp-json\/wp\/v2\/product\/1391\/revisions\/3190"}],"wp:featuredmedia":[{"embeddable":true,"href":"https:\/\/wigstore-nzk.com\/en\/wp-json\/wp\/v2\/media\/1392"}],"wp:attachment":[{"href":"https:\/\/wigstore-nzk.com\/en\/wp-json\/wp\/v2\/media?parent=1391"}],"wp:term":[{"taxonomy":"product_brand","embeddable":true,"href":"https:\/\/wigstore-nzk.com\/en\/wp-json\/wp\/v2\/product_brand?post=1391"},{"taxonomy":"product_cat","embeddable":true,"href":"https:\/\/wigstore-nzk.com\/en\/wp-json\/wp\/v2\/product_cat?post=1391"},{"taxonomy":"product_tag","embeddable":true,"href":"https:\/\/wigstore-nzk.com\/en\/wp-json\/wp\/v2\/product_tag?post=1391"}],"curies":[{"name":"wp","href":"https:\/\/api.w.org\/{rel}","templated":true}]}}