{"id":1622,"date":"2025-03-10T22:33:31","date_gmt":"2025-03-10T21:33:31","guid":{"rendered":"https:\/\/wigstore-nzk.com\/?post_type=product&#038;p=1622"},"modified":"2025-11-13T11:24:35","modified_gmt":"2025-11-13T10:24:35","slug":"mono-mikro-skora-do-peruk","status":"publish","type":"product","link":"https:\/\/wigstore-nzk.com\/en\/product\/mono-mikro-skora-do-peruk\/","title":{"rendered":"Mono mikro-sk\u00f3ra &#8211; typ 11K"},"content":{"rendered":"<p dir=\"ltr\">Perukarska mono mikrosk\u00f3ra w kolorze cielistym to zaawansowane akcesorium, kt\u00f3re zapewnia wyj\u0105tkow\u0105 trwa\u0142o\u015b\u0107 i naturalny wygl\u0105d ka\u017cdej peruce. Wykonana z wysokiej jako\u015bci materia\u0142\u00f3w, mikrosk\u00f3ra jest doskona\u0142ym wyborem do stworzenia profesjonalnych peruk, tres\u00f3w, dopinek oraz innych akcesori\u00f3w perukarskich. Jej kolor cielisty doskonale imituje sk\u00f3r\u0119 g\u0142owy, co sprawia, \u017ce peruka staje si\u0119 niemal niewidoczna, zapewniaj\u0105c pe\u0142n\u0105 dyskrecj\u0119 i komfort noszenia.<\/p>\n<p>&nbsp;<\/p>\n<p dir=\"ltr\">Cechy produktu:<\/p>\n<p dir=\"ltr\">\u2705 \u00a0Kolor: Cielisty \u2013 idealnie dopasowuje si\u0119 do koloru sk\u00f3ry, co zapewnia naturalny wygl\u0105d.<br \/>\n\u2705 \u00a0Materia\u0142: Wysokiej jako\u015bci mikrosk\u00f3ra \u2013 elastyczna i wytrzyma\u0142a, odporna na uszkodzenia.<br \/>\n\u2705 \u00a0Zastosowanie: Idealna do produkcji peruk, dopinek, tres\u00f3w oraz innych akcesori\u00f3w perukarskich.<br \/>\n\u2705\u00a0 Komfort noszenia: Dzi\u0119ki wyj\u0105tkowej strukturze mikrosk\u00f3ry, peruka le\u017cy pewnie i komfortowo, a sk\u00f3ra g\u0142owy nie jest nara\u017cona na podra\u017cnienia.<br \/>\n\u2705 \u00a0Trwa\u0142o\u015b\u0107: Produkt odporny na zu\u017cycie, zapewniaj\u0105cy d\u0142ugotrwa\u0142e u\u017cytkowanie bez utraty jako\u015bci.<\/p>\n<p dir=\"ltr\">\u2705 D\u0142ugo\u015b\u0107 maksymalna: 3,5 m<br \/>\n\u2705 Szeroko\u015b\u0107: 112 cm<\/p>\n<p dir=\"ltr\">\u2705Typ: SJ &#8211; 35<\/p>\n<p dir=\"ltr\">\u2705Kolor: #4<\/p>","protected":false},"excerpt":{"rendered":"<p>Perukarska mono mikrosk\u00f3ra cielista to wysokiej jako\u015bci materia\u0142, idealny do tworzenia naturalnie wygl\u0105daj\u0105cych peruk, dopinek i tres\u00f3w. Dzi\u0119ki elastycznej strukturze i cielistej barwie, doskonale imituje sk\u00f3r\u0119 g\u0142owy, zapewniaj\u0105c dyskrecj\u0119 i komfort noszenia. Mikrosk\u00f3ra jest trwa\u0142a, \u0142atwa w obr\u00f3bce i zapewnia d\u0142ugotrwa\u0142e u\u017cytkowanie, co czyni j\u0105 doskona\u0142ym wyborem dla profesjonalist\u00f3w i os\u00f3b prywatnych.<\/p>\n<p>Uwaga, kupuj\u0105c jedn\u0105 sztuk\u0119 zamawiasz 1 cm produktu o szeroko\u015bci 112cm, je\u017celi chcesz zam\u00f3wi\u0107 d\u0142u\u017cszy odcinek wybie\u017c odpowiedni\u0105 ilo\u015b\u0107 produkt\u00f3w.<\/p>","protected":false},"featured_media":1623,"template":"","meta":[],"product_brand":[],"product_cat":[28,48],"product_tag":[76,204,202,209,201,207,211,205,203,200,206,199,208,210],"class_list":{"0":"post-1622","1":"product","2":"type-product","3":"status-publish","4":"has-post-thumbnail","6":"product_cat-akcesoria","7":"product_cat-materialy-tiule-gazy-perukarskie","8":"product_tag-akcesoria-perukarskie","9":"product_tag-material-do-dopinek","10":"product_tag-material-do-produkcji-peruk","11":"product_tag-mikroskora-cielista","12":"product_tag-mikroskora-do-peruk","13":"product_tag-mikroskora-do-peruki","14":"product_tag-mikroskora-do-produkcji-peruk","15":"product_tag-mikroskora-do-tresow","16":"product_tag-mikroskora-perukarska","17":"product_tag-mono-mikroskora-cielista","18":"product_tag-peruka-naturalna","19":"product_tag-perukarska-mikroskora","20":"product_tag-profesjonalne-akcesoria-perukarskie","21":"product_tag-trwaly-material-perukarski","23":"first","24":"instock","25":"taxable","26":"shipping-taxable","27":"purchasable","28":"product-type-simple"},"yoast_head":"<!-- This site is optimized with the Yoast SEO Premium plugin v24.5 (Yoast SEO v27.5) - https:\/\/yoast.com\/product\/yoast-seo-premium-wordpress\/ -->\n<title>Monosk\u00f3ra do peruk - NZK-Wigstore<\/title>\n<meta name=\"description\" content=\"Perukarska mono mikrosk\u00f3ra w kolorze cielistym to zaawansowane akcesorium, kt\u00f3re zapewnia wyj\u0105tkow\u0105 trwa\u0142o\u015b\u0107 i naturalny wygl\u0105d ka\u017cdej peruce. Wykonana z wysokiej jako\u015bci materia\u0142\u00f3w, mikrosk\u00f3ra jest doskona\u0142ym wyborem do stworzenia profesjonalnych peruk, tres\u00f3w, dopinek oraz innych akcesori\u00f3w perukarskich. Jej kolor cielisty doskonale imituje sk\u00f3r\u0119 g\u0142owy, co sprawia, \u017ce peruka staje si\u0119 niemal niewidoczna, zapewniaj\u0105c pe\u0142n\u0105 dyskrecj\u0119 i komfort noszenia.\" \/>\n<meta name=\"robots\" content=\"index, follow, max-snippet:-1, max-image-preview:large, max-video-preview:-1\" \/>\n<link rel=\"canonical\" href=\"https:\/\/wigstore-nzk.com\/en\/product\/mono-mikro-skora-do-peruk\/\" \/>\n<meta property=\"og:locale\" content=\"en_US\" \/>\n<meta property=\"og:type\" content=\"article\" \/>\n<meta property=\"og:title\" content=\"Mono mikro-sk\u00f3ra - typ 11K\" \/>\n<meta property=\"og:description\" content=\"Perukarska mono mikrosk\u00f3ra w kolorze cielistym to zaawansowane akcesorium, kt\u00f3re zapewnia wyj\u0105tkow\u0105 trwa\u0142o\u015b\u0107 i naturalny wygl\u0105d ka\u017cdej peruce. Wykonana z wysokiej jako\u015bci materia\u0142\u00f3w, mikrosk\u00f3ra jest doskona\u0142ym wyborem do stworzenia profesjonalnych peruk, tres\u00f3w, dopinek oraz innych akcesori\u00f3w perukarskich. Jej kolor cielisty doskonale imituje sk\u00f3r\u0119 g\u0142owy, co sprawia, \u017ce peruka staje si\u0119 niemal niewidoczna, zapewniaj\u0105c pe\u0142n\u0105 dyskrecj\u0119 i komfort noszenia.\" \/>\n<meta property=\"og:url\" content=\"https:\/\/wigstore-nzk.com\/en\/product\/mono-mikro-skora-do-peruk\/\" \/>\n<meta property=\"og:site_name\" content=\"NZK-Wigstore\" \/>\n<meta property=\"article:modified_time\" content=\"2025-11-13T10:24:35+00:00\" \/>\n<meta property=\"og:image\" content=\"https:\/\/wigstore-nzk.com\/wp-content\/uploads\/2025\/03\/11K_2-Duze.jpg\" \/>\n\t<meta property=\"og:image:width\" content=\"1440\" \/>\n\t<meta property=\"og:image:height\" content=\"1080\" \/>\n\t<meta property=\"og:image:type\" content=\"image\/jpeg\" \/>\n<meta name=\"twitter:card\" content=\"summary_large_image\" \/>\n<meta name=\"twitter:label1\" content=\"Est. reading time\" \/>\n\t<meta name=\"twitter:data1\" content=\"2 minutes\" \/>\n<script type=\"application\/ld+json\" class=\"yoast-schema-graph\">{\"@context\":\"https:\\\/\\\/schema.org\",\"@graph\":[{\"@type\":\"WebPage\",\"@id\":\"https:\\\/\\\/wigstore-nzk.com\\\/produkt\\\/mono-mikro-skora-do-peruk\\\/\",\"url\":\"https:\\\/\\\/wigstore-nzk.com\\\/produkt\\\/mono-mikro-skora-do-peruk\\\/\",\"name\":\"Monosk\u00f3ra do peruk - NZK-Wigstore\",\"isPartOf\":{\"@id\":\"https:\\\/\\\/wigstore-nzk.com\\\/#website\"},\"primaryImageOfPage\":{\"@id\":\"https:\\\/\\\/wigstore-nzk.com\\\/produkt\\\/mono-mikro-skora-do-peruk\\\/#primaryimage\"},\"image\":{\"@id\":\"https:\\\/\\\/wigstore-nzk.com\\\/produkt\\\/mono-mikro-skora-do-peruk\\\/#primaryimage\"},\"thumbnailUrl\":\"https:\\\/\\\/wigstore-nzk.com\\\/wp-content\\\/uploads\\\/2025\\\/03\\\/11K_2-Duze.jpg\",\"datePublished\":\"2025-03-10T21:33:31+00:00\",\"dateModified\":\"2025-11-13T10:24:35+00:00\",\"description\":\"Perukarska mono mikrosk\u00f3ra w kolorze cielistym to zaawansowane akcesorium, kt\u00f3re zapewnia wyj\u0105tkow\u0105 trwa\u0142o\u015b\u0107 i naturalny wygl\u0105d ka\u017cdej peruce. Wykonana z wysokiej jako\u015bci materia\u0142\u00f3w, mikrosk\u00f3ra jest doskona\u0142ym wyborem do stworzenia profesjonalnych peruk, tres\u00f3w, dopinek oraz innych akcesori\u00f3w perukarskich. Jej kolor cielisty doskonale imituje sk\u00f3r\u0119 g\u0142owy, co sprawia, \u017ce peruka staje si\u0119 niemal niewidoczna, zapewniaj\u0105c pe\u0142n\u0105 dyskrecj\u0119 i komfort noszenia.\",\"breadcrumb\":{\"@id\":\"https:\\\/\\\/wigstore-nzk.com\\\/produkt\\\/mono-mikro-skora-do-peruk\\\/#breadcrumb\"},\"inLanguage\":\"en-US\",\"potentialAction\":[{\"@type\":\"ReadAction\",\"target\":[\"https:\\\/\\\/wigstore-nzk.com\\\/produkt\\\/mono-mikro-skora-do-peruk\\\/\"]}]},{\"@type\":\"ImageObject\",\"inLanguage\":\"en-US\",\"@id\":\"https:\\\/\\\/wigstore-nzk.com\\\/produkt\\\/mono-mikro-skora-do-peruk\\\/#primaryimage\",\"url\":\"https:\\\/\\\/wigstore-nzk.com\\\/wp-content\\\/uploads\\\/2025\\\/03\\\/11K_2-Duze.jpg\",\"contentUrl\":\"https:\\\/\\\/wigstore-nzk.com\\\/wp-content\\\/uploads\\\/2025\\\/03\\\/11K_2-Duze.jpg\",\"width\":1440,\"height\":1080,\"caption\":\"monosk\u00f3ra do peruk\"},{\"@type\":\"BreadcrumbList\",\"@id\":\"https:\\\/\\\/wigstore-nzk.com\\\/produkt\\\/mono-mikro-skora-do-peruk\\\/#breadcrumb\",\"itemListElement\":[{\"@type\":\"ListItem\",\"position\":1,\"name\":\"Strona g\u0142\u00f3wna\",\"item\":\"https:\\\/\\\/wigstore-nzk.com\\\/\"},{\"@type\":\"ListItem\",\"position\":2,\"name\":\"Sklep\",\"item\":\"https:\\\/\\\/wigstore-nzk.com\\\/sklep\\\/\"},{\"@type\":\"ListItem\",\"position\":3,\"name\":\"Mono mikro-sk\u00f3ra &#8211; typ 11K\"}]},{\"@type\":\"WebSite\",\"@id\":\"https:\\\/\\\/wigstore-nzk.com\\\/#website\",\"url\":\"https:\\\/\\\/wigstore-nzk.com\\\/\",\"name\":\"NZK-Wigstore\",\"description\":\"\",\"potentialAction\":[{\"@type\":\"SearchAction\",\"target\":{\"@type\":\"EntryPoint\",\"urlTemplate\":\"https:\\\/\\\/wigstore-nzk.com\\\/?s={search_term_string}\"},\"query-input\":{\"@type\":\"PropertyValueSpecification\",\"valueRequired\":true,\"valueName\":\"search_term_string\"}}],\"inLanguage\":\"en-US\"}]}<\/script>\n<!-- \/ Yoast SEO Premium plugin. -->","yoast_head_json":{"title":"Monosk\u00f3ra do peruk - NZK-Wigstore","description":"Perukarska mono mikrosk\u00f3ra w kolorze cielistym to zaawansowane akcesorium, kt\u00f3re zapewnia wyj\u0105tkow\u0105 trwa\u0142o\u015b\u0107 i naturalny wygl\u0105d ka\u017cdej peruce. Wykonana z wysokiej jako\u015bci materia\u0142\u00f3w, mikrosk\u00f3ra jest doskona\u0142ym wyborem do stworzenia profesjonalnych peruk, tres\u00f3w, dopinek oraz innych akcesori\u00f3w perukarskich. Jej kolor cielisty doskonale imituje sk\u00f3r\u0119 g\u0142owy, co sprawia, \u017ce peruka staje si\u0119 niemal niewidoczna, zapewniaj\u0105c pe\u0142n\u0105 dyskrecj\u0119 i komfort noszenia.","robots":{"index":"index","follow":"follow","max-snippet":"max-snippet:-1","max-image-preview":"max-image-preview:large","max-video-preview":"max-video-preview:-1"},"canonical":"https:\/\/wigstore-nzk.com\/en\/product\/mono-mikro-skora-do-peruk\/","og_locale":"en_US","og_type":"article","og_title":"Mono mikro-sk\u00f3ra - typ 11K","og_description":"Perukarska mono mikrosk\u00f3ra w kolorze cielistym to zaawansowane akcesorium, kt\u00f3re zapewnia wyj\u0105tkow\u0105 trwa\u0142o\u015b\u0107 i naturalny wygl\u0105d ka\u017cdej peruce. Wykonana z wysokiej jako\u015bci materia\u0142\u00f3w, mikrosk\u00f3ra jest doskona\u0142ym wyborem do stworzenia profesjonalnych peruk, tres\u00f3w, dopinek oraz innych akcesori\u00f3w perukarskich. Jej kolor cielisty doskonale imituje sk\u00f3r\u0119 g\u0142owy, co sprawia, \u017ce peruka staje si\u0119 niemal niewidoczna, zapewniaj\u0105c pe\u0142n\u0105 dyskrecj\u0119 i komfort noszenia.","og_url":"https:\/\/wigstore-nzk.com\/en\/product\/mono-mikro-skora-do-peruk\/","og_site_name":"NZK-Wigstore","article_modified_time":"2025-11-13T10:24:35+00:00","og_image":[{"width":1440,"height":1080,"url":"https:\/\/wigstore-nzk.com\/wp-content\/uploads\/2025\/03\/11K_2-Duze.jpg","type":"image\/jpeg"}],"twitter_card":"summary_large_image","twitter_misc":{"Est. reading time":"2 minutes"},"schema":{"@context":"https:\/\/schema.org","@graph":[{"@type":"WebPage","@id":"https:\/\/wigstore-nzk.com\/produkt\/mono-mikro-skora-do-peruk\/","url":"https:\/\/wigstore-nzk.com\/produkt\/mono-mikro-skora-do-peruk\/","name":"Monosk\u00f3ra do peruk - NZK-Wigstore","isPartOf":{"@id":"https:\/\/wigstore-nzk.com\/#website"},"primaryImageOfPage":{"@id":"https:\/\/wigstore-nzk.com\/produkt\/mono-mikro-skora-do-peruk\/#primaryimage"},"image":{"@id":"https:\/\/wigstore-nzk.com\/produkt\/mono-mikro-skora-do-peruk\/#primaryimage"},"thumbnailUrl":"https:\/\/wigstore-nzk.com\/wp-content\/uploads\/2025\/03\/11K_2-Duze.jpg","datePublished":"2025-03-10T21:33:31+00:00","dateModified":"2025-11-13T10:24:35+00:00","description":"Perukarska mono mikrosk\u00f3ra w kolorze cielistym to zaawansowane akcesorium, kt\u00f3re zapewnia wyj\u0105tkow\u0105 trwa\u0142o\u015b\u0107 i naturalny wygl\u0105d ka\u017cdej peruce. Wykonana z wysokiej jako\u015bci materia\u0142\u00f3w, mikrosk\u00f3ra jest doskona\u0142ym wyborem do stworzenia profesjonalnych peruk, tres\u00f3w, dopinek oraz innych akcesori\u00f3w perukarskich. Jej kolor cielisty doskonale imituje sk\u00f3r\u0119 g\u0142owy, co sprawia, \u017ce peruka staje si\u0119 niemal niewidoczna, zapewniaj\u0105c pe\u0142n\u0105 dyskrecj\u0119 i komfort noszenia.","breadcrumb":{"@id":"https:\/\/wigstore-nzk.com\/produkt\/mono-mikro-skora-do-peruk\/#breadcrumb"},"inLanguage":"en-US","potentialAction":[{"@type":"ReadAction","target":["https:\/\/wigstore-nzk.com\/produkt\/mono-mikro-skora-do-peruk\/"]}]},{"@type":"ImageObject","inLanguage":"en-US","@id":"https:\/\/wigstore-nzk.com\/produkt\/mono-mikro-skora-do-peruk\/#primaryimage","url":"https:\/\/wigstore-nzk.com\/wp-content\/uploads\/2025\/03\/11K_2-Duze.jpg","contentUrl":"https:\/\/wigstore-nzk.com\/wp-content\/uploads\/2025\/03\/11K_2-Duze.jpg","width":1440,"height":1080,"caption":"monosk\u00f3ra do peruk"},{"@type":"BreadcrumbList","@id":"https:\/\/wigstore-nzk.com\/produkt\/mono-mikro-skora-do-peruk\/#breadcrumb","itemListElement":[{"@type":"ListItem","position":1,"name":"Strona g\u0142\u00f3wna","item":"https:\/\/wigstore-nzk.com\/"},{"@type":"ListItem","position":2,"name":"Sklep","item":"https:\/\/wigstore-nzk.com\/sklep\/"},{"@type":"ListItem","position":3,"name":"Mono mikro-sk\u00f3ra &#8211; typ 11K"}]},{"@type":"WebSite","@id":"https:\/\/wigstore-nzk.com\/#website","url":"https:\/\/wigstore-nzk.com\/","name":"NZK-Wigstore","description":"","potentialAction":[{"@type":"SearchAction","target":{"@type":"EntryPoint","urlTemplate":"https:\/\/wigstore-nzk.com\/?s={search_term_string}"},"query-input":{"@type":"PropertyValueSpecification","valueRequired":true,"valueName":"search_term_string"}}],"inLanguage":"en-US"}]}},"_links":{"self":[{"href":"https:\/\/wigstore-nzk.com\/en\/wp-json\/wp\/v2\/product\/1622","targetHints":{"allow":["GET"]}}],"collection":[{"href":"https:\/\/wigstore-nzk.com\/en\/wp-json\/wp\/v2\/product"}],"about":[{"href":"https:\/\/wigstore-nzk.com\/en\/wp-json\/wp\/v2\/types\/product"}],"version-history":[{"count":18,"href":"https:\/\/wigstore-nzk.com\/en\/wp-json\/wp\/v2\/product\/1622\/revisions"}],"predecessor-version":[{"id":3186,"href":"https:\/\/wigstore-nzk.com\/en\/wp-json\/wp\/v2\/product\/1622\/revisions\/3186"}],"wp:featuredmedia":[{"embeddable":true,"href":"https:\/\/wigstore-nzk.com\/en\/wp-json\/wp\/v2\/media\/1623"}],"wp:attachment":[{"href":"https:\/\/wigstore-nzk.com\/en\/wp-json\/wp\/v2\/media?parent=1622"}],"wp:term":[{"taxonomy":"product_brand","embeddable":true,"href":"https:\/\/wigstore-nzk.com\/en\/wp-json\/wp\/v2\/product_brand?post=1622"},{"taxonomy":"product_cat","embeddable":true,"href":"https:\/\/wigstore-nzk.com\/en\/wp-json\/wp\/v2\/product_cat?post=1622"},{"taxonomy":"product_tag","embeddable":true,"href":"https:\/\/wigstore-nzk.com\/en\/wp-json\/wp\/v2\/product_tag?post=1622"}],"curies":[{"name":"wp","href":"https:\/\/api.w.org\/{rel}","templated":true}]}}