{"id":1665,"date":"2025-03-12T22:02:18","date_gmt":"2025-03-12T21:02:18","guid":{"rendered":"https:\/\/wigstore-nzk.com\/?post_type=product&#038;p=1665"},"modified":"2025-11-13T11:17:22","modified_gmt":"2025-11-13T10:17:22","slug":"klipsy-plaskie-czarne-32cm","status":"publish","type":"product","link":"https:\/\/wigstore-nzk.com\/en\/product\/klipsy-plaskie-czarne-32cm\/","title":{"rendered":"Klipsy p\u0142askie czarne 3,2cm"},"content":{"rendered":"<p>Wysokiej jako\u015bci klipsy p\u0142askie w kolorze czarnym, idealne do mocowania peruk, tresek oraz dopinek. Solidne wykonanie zapewnia trwa\u0142o\u015b\u0107, a dyskretny design sprawia, \u017ce s\u0105 niewidoczne nawet przy cienkich w\u0142osach. Rozmiar 3,2 cm pozwala na wygodne u\u017cytkowanie.<\/p>\n<p>&nbsp;<\/p>\n<p>Cechy produktu:<\/p>\n<p>\u2705 Kolor: czarny \u2013 uniwersalny i elegancki.<br \/>\n\u2705 Rozmiar: 3,2 cm \u2013 \u0142atwy w monta\u017cu, wygodny w noszeniu.<br \/>\n\u2705 P\u0142aska konstrukcja \u2013 niewidoczne pod w\u0142osami.<br \/>\n\u2705 Wytrzyma\u0142e i odporne na uszkodzenia.<\/p>","protected":false},"excerpt":{"rendered":"<p>Klipsy p\u0142askie do peruk czarne, 3,2 cm. Wygodne, dyskretne i solidne, doskona\u0142e do mocowania dopinek oraz tresek. Idealne do codziennego u\u017cytku.<\/p>","protected":false},"featured_media":1666,"template":"","meta":[],"product_brand":[],"product_cat":[28,41],"product_tag":[182,193,195,184,185,181,194,61,192,196,187,64,189,188,180,191,183,63,197,186,62,190],"class_list":{"0":"post-1665","1":"product","2":"type-product","3":"status-publish","4":"has-post-thumbnail","6":"product_cat-akcesoria","7":"product_cat-klipsy","8":"product_tag-akcesoria-do-wlosow","9":"product_tag-akcesoria-fryzjerskie","10":"product_tag-bezpieczne-mocowanie-wlosow","11":"product_tag-czarne-klipsy","12":"product_tag-klipsy-3-cm","13":"product_tag-klipsy-do-dopinek","14":"product_tag-klipsy-do-mocowania","15":"product_tag-klipsy-do-peruk","16":"product_tag-klipsy-do-peruk-i-dopinek","17":"product_tag-klipsy-do-stylizacji-wlosow","18":"product_tag-klipsy-do-tres","19":"product_tag-klipsy-do-treski","20":"product_tag-klipsy-do-wlosow","21":"product_tag-klipsy-fryzjerskie","22":"product_tag-klipsy-plaskie","23":"product_tag-komfortowe-klipsy","24":"product_tag-metalowe-klipsy","25":"product_tag-mocowanie-peruki","26":"product_tag-profesjonalne-akcesoria-do-wlosow","27":"product_tag-silikonowe-klipsy","28":"product_tag-spinki-do-peruk","29":"product_tag-stabilne-mocowanie","31":"first","32":"instock","33":"taxable","34":"shipping-taxable","35":"purchasable","36":"product-type-simple"},"yoast_head":"<!-- This site is optimized with the Yoast SEO Premium plugin v24.5 (Yoast SEO v27.5) - https:\/\/yoast.com\/product\/yoast-seo-premium-wordpress\/ -->\n<title>Klipsy p\u0142askie czarne 3.2cm - NZK-Wigstore<\/title>\n<meta name=\"description\" content=\"Klipsy p\u0142askie czarne 3.2cm - Wygodne, dyskretne i solidne, doskona\u0142e do mocowania dopinek oraz tresek. Idealne do codziennego u\u017cytku.\" \/>\n<meta name=\"robots\" content=\"index, follow, max-snippet:-1, max-image-preview:large, max-video-preview:-1\" \/>\n<link rel=\"canonical\" href=\"https:\/\/wigstore-nzk.com\/en\/product\/klipsy-plaskie-czarne-32cm\/\" \/>\n<meta property=\"og:locale\" content=\"en_US\" \/>\n<meta property=\"og:type\" content=\"article\" \/>\n<meta property=\"og:title\" content=\"Klipsy p\u0142askie czarne 3,2cm\" \/>\n<meta property=\"og:description\" content=\"Klipsy p\u0142askie czarne 3.2cm - Wygodne, dyskretne i solidne, doskona\u0142e do mocowania dopinek oraz tresek. Idealne do codziennego u\u017cytku.\" \/>\n<meta property=\"og:url\" content=\"https:\/\/wigstore-nzk.com\/en\/product\/klipsy-plaskie-czarne-32cm\/\" \/>\n<meta property=\"og:site_name\" content=\"NZK-Wigstore\" \/>\n<meta property=\"article:modified_time\" content=\"2025-11-13T10:17:22+00:00\" \/>\n<meta property=\"og:image\" content=\"https:\/\/wigstore-nzk.com\/wp-content\/uploads\/2025\/03\/14H_1-Duze.png\" \/>\n\t<meta property=\"og:image:width\" content=\"1080\" \/>\n\t<meta property=\"og:image:height\" content=\"1920\" \/>\n\t<meta property=\"og:image:type\" content=\"image\/png\" \/>\n<meta name=\"twitter:card\" content=\"summary_large_image\" \/>\n<meta name=\"twitter:label1\" content=\"Est. reading time\" \/>\n\t<meta name=\"twitter:data1\" content=\"1 minute\" \/>\n<script type=\"application\/ld+json\" class=\"yoast-schema-graph\">{\"@context\":\"https:\\\/\\\/schema.org\",\"@graph\":[{\"@type\":\"WebPage\",\"@id\":\"https:\\\/\\\/wigstore-nzk.com\\\/produkt\\\/klipsy-plaskie-czarne-32cm\\\/\",\"url\":\"https:\\\/\\\/wigstore-nzk.com\\\/produkt\\\/klipsy-plaskie-czarne-32cm\\\/\",\"name\":\"Klipsy p\u0142askie czarne 3.2cm - NZK-Wigstore\",\"isPartOf\":{\"@id\":\"https:\\\/\\\/wigstore-nzk.com\\\/#website\"},\"primaryImageOfPage\":{\"@id\":\"https:\\\/\\\/wigstore-nzk.com\\\/produkt\\\/klipsy-plaskie-czarne-32cm\\\/#primaryimage\"},\"image\":{\"@id\":\"https:\\\/\\\/wigstore-nzk.com\\\/produkt\\\/klipsy-plaskie-czarne-32cm\\\/#primaryimage\"},\"thumbnailUrl\":\"https:\\\/\\\/wigstore-nzk.com\\\/wp-content\\\/uploads\\\/2025\\\/03\\\/14H_1-Duze.png\",\"datePublished\":\"2025-03-12T21:02:18+00:00\",\"dateModified\":\"2025-11-13T10:17:22+00:00\",\"description\":\"Klipsy p\u0142askie czarne 3.2cm - Wygodne, dyskretne i solidne, doskona\u0142e do mocowania dopinek oraz tresek. Idealne do codziennego u\u017cytku.\",\"breadcrumb\":{\"@id\":\"https:\\\/\\\/wigstore-nzk.com\\\/produkt\\\/klipsy-plaskie-czarne-32cm\\\/#breadcrumb\"},\"inLanguage\":\"en-US\",\"potentialAction\":[{\"@type\":\"ReadAction\",\"target\":[\"https:\\\/\\\/wigstore-nzk.com\\\/produkt\\\/klipsy-plaskie-czarne-32cm\\\/\"]}]},{\"@type\":\"ImageObject\",\"inLanguage\":\"en-US\",\"@id\":\"https:\\\/\\\/wigstore-nzk.com\\\/produkt\\\/klipsy-plaskie-czarne-32cm\\\/#primaryimage\",\"url\":\"https:\\\/\\\/wigstore-nzk.com\\\/wp-content\\\/uploads\\\/2025\\\/03\\\/14H_1-Duze.png\",\"contentUrl\":\"https:\\\/\\\/wigstore-nzk.com\\\/wp-content\\\/uploads\\\/2025\\\/03\\\/14H_1-Duze.png\",\"width\":1080,\"height\":1920,\"caption\":\"klipsy p\u0142askie czarne 3,2cm\"},{\"@type\":\"BreadcrumbList\",\"@id\":\"https:\\\/\\\/wigstore-nzk.com\\\/produkt\\\/klipsy-plaskie-czarne-32cm\\\/#breadcrumb\",\"itemListElement\":[{\"@type\":\"ListItem\",\"position\":1,\"name\":\"Strona g\u0142\u00f3wna\",\"item\":\"https:\\\/\\\/wigstore-nzk.com\\\/\"},{\"@type\":\"ListItem\",\"position\":2,\"name\":\"Sklep\",\"item\":\"https:\\\/\\\/wigstore-nzk.com\\\/sklep\\\/\"},{\"@type\":\"ListItem\",\"position\":3,\"name\":\"Klipsy p\u0142askie czarne 3,2cm\"}]},{\"@type\":\"WebSite\",\"@id\":\"https:\\\/\\\/wigstore-nzk.com\\\/#website\",\"url\":\"https:\\\/\\\/wigstore-nzk.com\\\/\",\"name\":\"NZK-Wigstore\",\"description\":\"\",\"potentialAction\":[{\"@type\":\"SearchAction\",\"target\":{\"@type\":\"EntryPoint\",\"urlTemplate\":\"https:\\\/\\\/wigstore-nzk.com\\\/?s={search_term_string}\"},\"query-input\":{\"@type\":\"PropertyValueSpecification\",\"valueRequired\":true,\"valueName\":\"search_term_string\"}}],\"inLanguage\":\"en-US\"}]}<\/script>\n<!-- \/ Yoast SEO Premium plugin. -->","yoast_head_json":{"title":"Klipsy p\u0142askie czarne 3.2cm - NZK-Wigstore","description":"Klipsy p\u0142askie czarne 3.2cm - Wygodne, dyskretne i solidne, doskona\u0142e do mocowania dopinek oraz tresek. Idealne do codziennego u\u017cytku.","robots":{"index":"index","follow":"follow","max-snippet":"max-snippet:-1","max-image-preview":"max-image-preview:large","max-video-preview":"max-video-preview:-1"},"canonical":"https:\/\/wigstore-nzk.com\/en\/product\/klipsy-plaskie-czarne-32cm\/","og_locale":"en_US","og_type":"article","og_title":"Klipsy p\u0142askie czarne 3,2cm","og_description":"Klipsy p\u0142askie czarne 3.2cm - Wygodne, dyskretne i solidne, doskona\u0142e do mocowania dopinek oraz tresek. Idealne do codziennego u\u017cytku.","og_url":"https:\/\/wigstore-nzk.com\/en\/product\/klipsy-plaskie-czarne-32cm\/","og_site_name":"NZK-Wigstore","article_modified_time":"2025-11-13T10:17:22+00:00","og_image":[{"width":1080,"height":1920,"url":"https:\/\/wigstore-nzk.com\/wp-content\/uploads\/2025\/03\/14H_1-Duze.png","type":"image\/png"}],"twitter_card":"summary_large_image","twitter_misc":{"Est. reading time":"1 minute"},"schema":{"@context":"https:\/\/schema.org","@graph":[{"@type":"WebPage","@id":"https:\/\/wigstore-nzk.com\/produkt\/klipsy-plaskie-czarne-32cm\/","url":"https:\/\/wigstore-nzk.com\/produkt\/klipsy-plaskie-czarne-32cm\/","name":"Klipsy p\u0142askie czarne 3.2cm - NZK-Wigstore","isPartOf":{"@id":"https:\/\/wigstore-nzk.com\/#website"},"primaryImageOfPage":{"@id":"https:\/\/wigstore-nzk.com\/produkt\/klipsy-plaskie-czarne-32cm\/#primaryimage"},"image":{"@id":"https:\/\/wigstore-nzk.com\/produkt\/klipsy-plaskie-czarne-32cm\/#primaryimage"},"thumbnailUrl":"https:\/\/wigstore-nzk.com\/wp-content\/uploads\/2025\/03\/14H_1-Duze.png","datePublished":"2025-03-12T21:02:18+00:00","dateModified":"2025-11-13T10:17:22+00:00","description":"Klipsy p\u0142askie czarne 3.2cm - Wygodne, dyskretne i solidne, doskona\u0142e do mocowania dopinek oraz tresek. Idealne do codziennego u\u017cytku.","breadcrumb":{"@id":"https:\/\/wigstore-nzk.com\/produkt\/klipsy-plaskie-czarne-32cm\/#breadcrumb"},"inLanguage":"en-US","potentialAction":[{"@type":"ReadAction","target":["https:\/\/wigstore-nzk.com\/produkt\/klipsy-plaskie-czarne-32cm\/"]}]},{"@type":"ImageObject","inLanguage":"en-US","@id":"https:\/\/wigstore-nzk.com\/produkt\/klipsy-plaskie-czarne-32cm\/#primaryimage","url":"https:\/\/wigstore-nzk.com\/wp-content\/uploads\/2025\/03\/14H_1-Duze.png","contentUrl":"https:\/\/wigstore-nzk.com\/wp-content\/uploads\/2025\/03\/14H_1-Duze.png","width":1080,"height":1920,"caption":"klipsy p\u0142askie czarne 3,2cm"},{"@type":"BreadcrumbList","@id":"https:\/\/wigstore-nzk.com\/produkt\/klipsy-plaskie-czarne-32cm\/#breadcrumb","itemListElement":[{"@type":"ListItem","position":1,"name":"Strona g\u0142\u00f3wna","item":"https:\/\/wigstore-nzk.com\/"},{"@type":"ListItem","position":2,"name":"Sklep","item":"https:\/\/wigstore-nzk.com\/sklep\/"},{"@type":"ListItem","position":3,"name":"Klipsy p\u0142askie czarne 3,2cm"}]},{"@type":"WebSite","@id":"https:\/\/wigstore-nzk.com\/#website","url":"https:\/\/wigstore-nzk.com\/","name":"NZK-Wigstore","description":"","potentialAction":[{"@type":"SearchAction","target":{"@type":"EntryPoint","urlTemplate":"https:\/\/wigstore-nzk.com\/?s={search_term_string}"},"query-input":{"@type":"PropertyValueSpecification","valueRequired":true,"valueName":"search_term_string"}}],"inLanguage":"en-US"}]}},"_links":{"self":[{"href":"https:\/\/wigstore-nzk.com\/en\/wp-json\/wp\/v2\/product\/1665","targetHints":{"allow":["GET"]}}],"collection":[{"href":"https:\/\/wigstore-nzk.com\/en\/wp-json\/wp\/v2\/product"}],"about":[{"href":"https:\/\/wigstore-nzk.com\/en\/wp-json\/wp\/v2\/types\/product"}],"version-history":[{"count":3,"href":"https:\/\/wigstore-nzk.com\/en\/wp-json\/wp\/v2\/product\/1665\/revisions"}],"predecessor-version":[{"id":1722,"href":"https:\/\/wigstore-nzk.com\/en\/wp-json\/wp\/v2\/product\/1665\/revisions\/1722"}],"wp:featuredmedia":[{"embeddable":true,"href":"https:\/\/wigstore-nzk.com\/en\/wp-json\/wp\/v2\/media\/1666"}],"wp:attachment":[{"href":"https:\/\/wigstore-nzk.com\/en\/wp-json\/wp\/v2\/media?parent=1665"}],"wp:term":[{"taxonomy":"product_brand","embeddable":true,"href":"https:\/\/wigstore-nzk.com\/en\/wp-json\/wp\/v2\/product_brand?post=1665"},{"taxonomy":"product_cat","embeddable":true,"href":"https:\/\/wigstore-nzk.com\/en\/wp-json\/wp\/v2\/product_cat?post=1665"},{"taxonomy":"product_tag","embeddable":true,"href":"https:\/\/wigstore-nzk.com\/en\/wp-json\/wp\/v2\/product_tag?post=1665"}],"curies":[{"name":"wp","href":"https:\/\/api.w.org\/{rel}","templated":true}]}}