{"id":1684,"date":"2025-03-12T22:56:26","date_gmt":"2025-03-12T21:56:26","guid":{"rendered":"https:\/\/wigstore-nzk.com\/?post_type=product&#038;p=1684"},"modified":"2025-11-13T11:10:46","modified_gmt":"2025-11-13T10:10:46","slug":"wlosy-yak-kremowa-biel-dlugosc-50-cm-waga-50-g","status":"publish","type":"product","link":"https:\/\/wigstore-nzk.com\/en\/product\/wlosy-yak-kremowa-biel-dlugosc-50-cm-waga-50-g\/","title":{"rendered":"W\u0142osy Yak kremowa biel \u2013 d\u0142ugo\u015b\u0107 50 cm, waga 50 g"},"content":{"rendered":"<p>Naturalne w\u0142osy Yak w unikalnym odcieniu creme\/white (kremowa biel) to wysokiej jako\u015bci produkt polecany do wykonywania peruk, dopinek oraz przed\u0142u\u017ce\u0144. W\u0142osy te cechuje wyj\u0105tkowa lekko\u015b\u0107, subtelna mi\u0119kko\u015b\u0107 oraz trwa\u0142o\u015b\u0107. Dzi\u0119ki strukturze przypominaj\u0105cej ludzkie w\u0142osy gwarantuj\u0105 bardzo naturalny efekt wizualny i \u0142atwo\u015b\u0107 stylizacji. Idealne do zastosowa\u0144 profesjonalnych w bran\u017cy perukarskiej, teatralnej czy filmowej. Kolor creme\/white zapewnia szerokie mo\u017cliwo\u015bci kreatywnych stylizacji i eleganckich fryzur.<\/p>\n<p>&nbsp;<\/p>\n<p>Cechy produktu:<\/p>\n<p>\u2705 Typ: naturalne w\u0142osy Yak<br \/>\n\u2705 Kolor: creme\/white (kremowa biel)<br \/>\n\u2705 D\u0142ugo\u015b\u0107: 50 cm<br \/>\n\u2705 Waga: 50 g<br \/>\n\u2705 Zalety: naturalny wygl\u0105d, mi\u0119kkie, lekkie i \u0142atwe w stylizacji<br \/>\n\u2705 Zastosowanie: peruki, tresy, przed\u0142u\u017canie w\u0142os\u00f3w<br \/>\nZ tymi w\u0142osami \u0142atwo uzyskasz trwa\u0142\u0105, efektown\u0105 stylizacj\u0119 o naturalnym wygl\u0105dzie.<\/p>","protected":false},"excerpt":{"rendered":"<p>W\u0142osy Yak kremowa biel d\u0142ugo\u015b\u0107 50 cm, waga 50 g &#8211; Naturalne, mi\u0119kkie, lekkie i trwa\u0142e. Idealne do peruk, tres oraz efektownych przed\u0142u\u017ce\u0144 w\u0142os\u00f3w. \u0141atwa stylizacja.<\/p>","protected":false},"featured_media":1685,"template":"","meta":[],"product_brand":[],"product_cat":[40],"product_tag":[],"class_list":{"0":"post-1684","1":"product","2":"type-product","3":"status-publish","4":"has-post-thumbnail","6":"product_cat-wlosy-yaka","8":"first","9":"instock","10":"taxable","11":"shipping-taxable","12":"purchasable","13":"product-type-simple"},"yoast_head":"<!-- This site is optimized with the Yoast SEO Premium plugin v24.5 (Yoast SEO v27.5) - https:\/\/yoast.com\/product\/yoast-seo-premium-wordpress\/ -->\n<title>W\u0142osy Yak kremowa biel 50 cm - NZK-Wigstore<\/title>\n<meta name=\"description\" content=\"W\u0142osy Yak kremowa biel d\u0142ugo\u015b\u0107 50 cm, waga 50 g - Naturalne, mi\u0119kkie, lekkie i trwa\u0142e. Idealne do peruk, tres oraz efektownych przed\u0142u\u017ce\u0144 w\u0142os\u00f3w.\" \/>\n<meta name=\"robots\" content=\"index, follow, max-snippet:-1, max-image-preview:large, max-video-preview:-1\" \/>\n<link rel=\"canonical\" href=\"https:\/\/wigstore-nzk.com\/en\/product\/wlosy-yak-kremowa-biel-dlugosc-50-cm-waga-50-g\/\" \/>\n<meta property=\"og:locale\" content=\"en_US\" \/>\n<meta property=\"og:type\" content=\"article\" \/>\n<meta property=\"og:title\" content=\"W\u0142osy Yak kremowa biel \u2013 d\u0142ugo\u015b\u0107 50 cm, waga 50 g\" \/>\n<meta property=\"og:description\" content=\"W\u0142osy Yak kremowa biel d\u0142ugo\u015b\u0107 50 cm, waga 50 g - Naturalne, mi\u0119kkie, lekkie i trwa\u0142e. Idealne do peruk, tres oraz efektownych przed\u0142u\u017ce\u0144 w\u0142os\u00f3w.\" \/>\n<meta property=\"og:url\" content=\"https:\/\/wigstore-nzk.com\/en\/product\/wlosy-yak-kremowa-biel-dlugosc-50-cm-waga-50-g\/\" \/>\n<meta property=\"og:site_name\" content=\"NZK-Wigstore\" \/>\n<meta property=\"article:modified_time\" content=\"2025-11-13T10:10:46+00:00\" \/>\n<meta property=\"og:image\" content=\"https:\/\/wigstore-nzk.com\/wp-content\/uploads\/2025\/03\/17B_5-Duze.png\" \/>\n\t<meta property=\"og:image:width\" content=\"1080\" \/>\n\t<meta property=\"og:image:height\" content=\"1513\" \/>\n\t<meta property=\"og:image:type\" content=\"image\/png\" \/>\n<meta name=\"twitter:card\" content=\"summary_large_image\" \/>\n<meta name=\"twitter:label1\" content=\"Est. reading time\" \/>\n\t<meta name=\"twitter:data1\" content=\"1 minute\" \/>\n<script type=\"application\/ld+json\" class=\"yoast-schema-graph\">{\"@context\":\"https:\\\/\\\/schema.org\",\"@graph\":[{\"@type\":\"WebPage\",\"@id\":\"https:\\\/\\\/wigstore-nzk.com\\\/produkt\\\/wlosy-yak-kremowa-biel-dlugosc-50-cm-waga-50-g\\\/\",\"url\":\"https:\\\/\\\/wigstore-nzk.com\\\/produkt\\\/wlosy-yak-kremowa-biel-dlugosc-50-cm-waga-50-g\\\/\",\"name\":\"W\u0142osy Yak kremowa biel 50 cm - NZK-Wigstore\",\"isPartOf\":{\"@id\":\"https:\\\/\\\/wigstore-nzk.com\\\/#website\"},\"primaryImageOfPage\":{\"@id\":\"https:\\\/\\\/wigstore-nzk.com\\\/produkt\\\/wlosy-yak-kremowa-biel-dlugosc-50-cm-waga-50-g\\\/#primaryimage\"},\"image\":{\"@id\":\"https:\\\/\\\/wigstore-nzk.com\\\/produkt\\\/wlosy-yak-kremowa-biel-dlugosc-50-cm-waga-50-g\\\/#primaryimage\"},\"thumbnailUrl\":\"https:\\\/\\\/wigstore-nzk.com\\\/wp-content\\\/uploads\\\/2025\\\/03\\\/17B_5-Duze.png\",\"datePublished\":\"2025-03-12T21:56:26+00:00\",\"dateModified\":\"2025-11-13T10:10:46+00:00\",\"description\":\"W\u0142osy Yak kremowa biel d\u0142ugo\u015b\u0107 50 cm, waga 50 g - Naturalne, mi\u0119kkie, lekkie i trwa\u0142e. Idealne do peruk, tres oraz efektownych przed\u0142u\u017ce\u0144 w\u0142os\u00f3w.\",\"breadcrumb\":{\"@id\":\"https:\\\/\\\/wigstore-nzk.com\\\/produkt\\\/wlosy-yak-kremowa-biel-dlugosc-50-cm-waga-50-g\\\/#breadcrumb\"},\"inLanguage\":\"en-US\",\"potentialAction\":[{\"@type\":\"ReadAction\",\"target\":[\"https:\\\/\\\/wigstore-nzk.com\\\/produkt\\\/wlosy-yak-kremowa-biel-dlugosc-50-cm-waga-50-g\\\/\"]}]},{\"@type\":\"ImageObject\",\"inLanguage\":\"en-US\",\"@id\":\"https:\\\/\\\/wigstore-nzk.com\\\/produkt\\\/wlosy-yak-kremowa-biel-dlugosc-50-cm-waga-50-g\\\/#primaryimage\",\"url\":\"https:\\\/\\\/wigstore-nzk.com\\\/wp-content\\\/uploads\\\/2025\\\/03\\\/17B_5-Duze.png\",\"contentUrl\":\"https:\\\/\\\/wigstore-nzk.com\\\/wp-content\\\/uploads\\\/2025\\\/03\\\/17B_5-Duze.png\",\"width\":1080,\"height\":1513,\"caption\":\"W\u0142osy Yak Creme\\\/White \u2013 d\u0142ugo\u015b\u0107 50 cm, waga 50 g\"},{\"@type\":\"BreadcrumbList\",\"@id\":\"https:\\\/\\\/wigstore-nzk.com\\\/produkt\\\/wlosy-yak-kremowa-biel-dlugosc-50-cm-waga-50-g\\\/#breadcrumb\",\"itemListElement\":[{\"@type\":\"ListItem\",\"position\":1,\"name\":\"Strona g\u0142\u00f3wna\",\"item\":\"https:\\\/\\\/wigstore-nzk.com\\\/\"},{\"@type\":\"ListItem\",\"position\":2,\"name\":\"Sklep\",\"item\":\"https:\\\/\\\/wigstore-nzk.com\\\/sklep\\\/\"},{\"@type\":\"ListItem\",\"position\":3,\"name\":\"W\u0142osy Yak kremowa biel \u2013 d\u0142ugo\u015b\u0107 50 cm, waga 50 g\"}]},{\"@type\":\"WebSite\",\"@id\":\"https:\\\/\\\/wigstore-nzk.com\\\/#website\",\"url\":\"https:\\\/\\\/wigstore-nzk.com\\\/\",\"name\":\"NZK-Wigstore\",\"description\":\"\",\"potentialAction\":[{\"@type\":\"SearchAction\",\"target\":{\"@type\":\"EntryPoint\",\"urlTemplate\":\"https:\\\/\\\/wigstore-nzk.com\\\/?s={search_term_string}\"},\"query-input\":{\"@type\":\"PropertyValueSpecification\",\"valueRequired\":true,\"valueName\":\"search_term_string\"}}],\"inLanguage\":\"en-US\"}]}<\/script>\n<!-- \/ Yoast SEO Premium plugin. -->","yoast_head_json":{"title":"W\u0142osy Yak kremowa biel 50 cm - NZK-Wigstore","description":"W\u0142osy Yak kremowa biel d\u0142ugo\u015b\u0107 50 cm, waga 50 g - Naturalne, mi\u0119kkie, lekkie i trwa\u0142e. Idealne do peruk, tres oraz efektownych przed\u0142u\u017ce\u0144 w\u0142os\u00f3w.","robots":{"index":"index","follow":"follow","max-snippet":"max-snippet:-1","max-image-preview":"max-image-preview:large","max-video-preview":"max-video-preview:-1"},"canonical":"https:\/\/wigstore-nzk.com\/en\/product\/wlosy-yak-kremowa-biel-dlugosc-50-cm-waga-50-g\/","og_locale":"en_US","og_type":"article","og_title":"W\u0142osy Yak kremowa biel \u2013 d\u0142ugo\u015b\u0107 50 cm, waga 50 g","og_description":"W\u0142osy Yak kremowa biel d\u0142ugo\u015b\u0107 50 cm, waga 50 g - Naturalne, mi\u0119kkie, lekkie i trwa\u0142e. Idealne do peruk, tres oraz efektownych przed\u0142u\u017ce\u0144 w\u0142os\u00f3w.","og_url":"https:\/\/wigstore-nzk.com\/en\/product\/wlosy-yak-kremowa-biel-dlugosc-50-cm-waga-50-g\/","og_site_name":"NZK-Wigstore","article_modified_time":"2025-11-13T10:10:46+00:00","og_image":[{"width":1080,"height":1513,"url":"https:\/\/wigstore-nzk.com\/wp-content\/uploads\/2025\/03\/17B_5-Duze.png","type":"image\/png"}],"twitter_card":"summary_large_image","twitter_misc":{"Est. reading time":"1 minute"},"schema":{"@context":"https:\/\/schema.org","@graph":[{"@type":"WebPage","@id":"https:\/\/wigstore-nzk.com\/produkt\/wlosy-yak-kremowa-biel-dlugosc-50-cm-waga-50-g\/","url":"https:\/\/wigstore-nzk.com\/produkt\/wlosy-yak-kremowa-biel-dlugosc-50-cm-waga-50-g\/","name":"W\u0142osy Yak kremowa biel 50 cm - NZK-Wigstore","isPartOf":{"@id":"https:\/\/wigstore-nzk.com\/#website"},"primaryImageOfPage":{"@id":"https:\/\/wigstore-nzk.com\/produkt\/wlosy-yak-kremowa-biel-dlugosc-50-cm-waga-50-g\/#primaryimage"},"image":{"@id":"https:\/\/wigstore-nzk.com\/produkt\/wlosy-yak-kremowa-biel-dlugosc-50-cm-waga-50-g\/#primaryimage"},"thumbnailUrl":"https:\/\/wigstore-nzk.com\/wp-content\/uploads\/2025\/03\/17B_5-Duze.png","datePublished":"2025-03-12T21:56:26+00:00","dateModified":"2025-11-13T10:10:46+00:00","description":"W\u0142osy Yak kremowa biel d\u0142ugo\u015b\u0107 50 cm, waga 50 g - Naturalne, mi\u0119kkie, lekkie i trwa\u0142e. Idealne do peruk, tres oraz efektownych przed\u0142u\u017ce\u0144 w\u0142os\u00f3w.","breadcrumb":{"@id":"https:\/\/wigstore-nzk.com\/produkt\/wlosy-yak-kremowa-biel-dlugosc-50-cm-waga-50-g\/#breadcrumb"},"inLanguage":"en-US","potentialAction":[{"@type":"ReadAction","target":["https:\/\/wigstore-nzk.com\/produkt\/wlosy-yak-kremowa-biel-dlugosc-50-cm-waga-50-g\/"]}]},{"@type":"ImageObject","inLanguage":"en-US","@id":"https:\/\/wigstore-nzk.com\/produkt\/wlosy-yak-kremowa-biel-dlugosc-50-cm-waga-50-g\/#primaryimage","url":"https:\/\/wigstore-nzk.com\/wp-content\/uploads\/2025\/03\/17B_5-Duze.png","contentUrl":"https:\/\/wigstore-nzk.com\/wp-content\/uploads\/2025\/03\/17B_5-Duze.png","width":1080,"height":1513,"caption":"W\u0142osy Yak Creme\/White \u2013 d\u0142ugo\u015b\u0107 50 cm, waga 50 g"},{"@type":"BreadcrumbList","@id":"https:\/\/wigstore-nzk.com\/produkt\/wlosy-yak-kremowa-biel-dlugosc-50-cm-waga-50-g\/#breadcrumb","itemListElement":[{"@type":"ListItem","position":1,"name":"Strona g\u0142\u00f3wna","item":"https:\/\/wigstore-nzk.com\/"},{"@type":"ListItem","position":2,"name":"Sklep","item":"https:\/\/wigstore-nzk.com\/sklep\/"},{"@type":"ListItem","position":3,"name":"W\u0142osy Yak kremowa biel \u2013 d\u0142ugo\u015b\u0107 50 cm, waga 50 g"}]},{"@type":"WebSite","@id":"https:\/\/wigstore-nzk.com\/#website","url":"https:\/\/wigstore-nzk.com\/","name":"NZK-Wigstore","description":"","potentialAction":[{"@type":"SearchAction","target":{"@type":"EntryPoint","urlTemplate":"https:\/\/wigstore-nzk.com\/?s={search_term_string}"},"query-input":{"@type":"PropertyValueSpecification","valueRequired":true,"valueName":"search_term_string"}}],"inLanguage":"en-US"}]}},"_links":{"self":[{"href":"https:\/\/wigstore-nzk.com\/en\/wp-json\/wp\/v2\/product\/1684","targetHints":{"allow":["GET"]}}],"collection":[{"href":"https:\/\/wigstore-nzk.com\/en\/wp-json\/wp\/v2\/product"}],"about":[{"href":"https:\/\/wigstore-nzk.com\/en\/wp-json\/wp\/v2\/types\/product"}],"version-history":[{"count":4,"href":"https:\/\/wigstore-nzk.com\/en\/wp-json\/wp\/v2\/product\/1684\/revisions"}],"predecessor-version":[{"id":1714,"href":"https:\/\/wigstore-nzk.com\/en\/wp-json\/wp\/v2\/product\/1684\/revisions\/1714"}],"wp:featuredmedia":[{"embeddable":true,"href":"https:\/\/wigstore-nzk.com\/en\/wp-json\/wp\/v2\/media\/1685"}],"wp:attachment":[{"href":"https:\/\/wigstore-nzk.com\/en\/wp-json\/wp\/v2\/media?parent=1684"}],"wp:term":[{"taxonomy":"product_brand","embeddable":true,"href":"https:\/\/wigstore-nzk.com\/en\/wp-json\/wp\/v2\/product_brand?post=1684"},{"taxonomy":"product_cat","embeddable":true,"href":"https:\/\/wigstore-nzk.com\/en\/wp-json\/wp\/v2\/product_cat?post=1684"},{"taxonomy":"product_tag","embeddable":true,"href":"https:\/\/wigstore-nzk.com\/en\/wp-json\/wp\/v2\/product_tag?post=1684"}],"curies":[{"name":"wp","href":"https:\/\/api.w.org\/{rel}","templated":true}]}}