{"id":1772,"date":"2025-03-15T22:34:13","date_gmt":"2025-03-15T21:34:13","guid":{"rendered":"https:\/\/wigstore-nzk.com\/?post_type=product&#038;p=1772"},"modified":"2026-01-15T23:06:08","modified_gmt":"2026-01-15T22:06:08","slug":"tiul-hd300-cielisty-szerokosc-130-cm-2","status":"publish","type":"product","link":"https:\/\/wigstore-nzk.com\/en\/product\/tiul-hd300-cielisty-szerokosc-130-cm-2\/","title":{"rendered":"Tiul, HD300, cielisty, szeroko\u015b\u0107 132 cm"},"content":{"rendered":"<p>Tiul HD300 cielisty szeroko\u015b\u0107 130 cm to wysokogatunkowa, delikatna tkanina o subtelnym odcieniu be\u017cowym, cechuj\u0105ca si\u0119 g\u0119st\u0105 struktur\u0105 i wyj\u0105tkow\u0105 trwa\u0142o\u015bci\u0105. Dzi\u0119ki drobnym oczkom zapewnia efekt transparentno\u015bci, kt\u00f3ry doskonale sprawdzi si\u0119 w tworzeniu peruk filmowych, wyrobach perukarskich wymagaj\u0105cych naturalnej, delikatnej montury\/bazy. Tkanina jest mi\u0119kka i przyjemna w dotyku, \u0142atwo si\u0119 uk\u0142ada, zachowuj\u0105c pi\u0119kny kszta\u0142t. Produkt sprzedawany na centymetry \u2013 idealny do precyzyjnego dopasowania d\u0142ugo\u015bci materia\u0142u.<\/p>\n<p>&nbsp;<\/p>\n<p>Cechy produktu:<\/p>\n<p>\u2705 Kolor: #4T (be\u017cowy, subtelny odcie\u0144 taupe)<br \/>\n\u2705 Szeroko\u015b\u0107: 132 cm<br \/>\n\u2705 D\u0142ugo\u015b\u0107 rolki: 5,5 m (sprzeda\u017c na cm)<br \/>\n\u2705 Gramatura: HD 300 \u2013 wysoka jako\u015b\u0107 i trwa\u0142o\u015b\u0107<\/p>","protected":false},"excerpt":{"rendered":"<p>Mi\u0119kki i wytrzyma\u0142y tiul w subtelnym be\u017cowym odcieniu. Szeroko\u015b\u0107 132 cm, sprzeda\u017c na centymetry. Idealny do tworzenia peruk filmowych, front\u00f3w peruk teatralnych oraz wyrob\u00f3w perukarskich wymagaj\u0105cych delikatnej, bardzo naturalnej montury\/bazy.<\/p>\n<p>Uwaga, kupuj\u0105c jedn\u0105 sztuk\u0119 zamawiasz 1 cm produktu o szeroko\u015bci 130cm, je\u017celi chcesz zam\u00f3wi\u0107 d\u0142u\u017cszy odcinek wybie\u017c odpowiedni\u0105 ilo\u015b\u0107 produkt\u00f3w.<\/p>","protected":false},"featured_media":1773,"template":"","meta":[],"product_brand":[],"product_cat":[28,48],"product_tag":[331,347,103],"class_list":{"0":"post-1772","1":"product","2":"type-product","3":"status-publish","4":"has-post-thumbnail","6":"product_cat-akcesoria","7":"product_cat-materialy-tiule-gazy-perukarskie","8":"product_tag-tiul-filmowy","9":"product_tag-tiul-hd","10":"product_tag-tiul-perukarski","12":"first","13":"instock","14":"taxable","15":"shipping-taxable","16":"purchasable","17":"product-type-simple"},"yoast_head":"<!-- This site is optimized with the Yoast SEO Premium plugin v24.5 (Yoast SEO v27.5) - https:\/\/yoast.com\/product\/yoast-seo-premium-wordpress\/ -->\n<title>Tiul HD300 cielisty szeroko\u015b\u0107 130 cm - NZK-Wigstore<\/title>\n<meta name=\"description\" content=\"Tiul HD300 cielisty szeroko\u015b\u0107 130 cm - Mi\u0119kki i wytrzyma\u0142y tiul w subtelnym be\u017cowym odcieniu. Idealny do tworzenia peruk filmowych, front\u00f3w peruk teatralnych oraz wyrob\u00f3w perukarskich wymagaj\u0105cych delikatnej, bardzo naturalnej montury\/bazy\" \/>\n<meta name=\"robots\" content=\"index, follow, max-snippet:-1, max-image-preview:large, max-video-preview:-1\" \/>\n<link rel=\"canonical\" href=\"https:\/\/wigstore-nzk.com\/en\/product\/tiul-hd300-cielisty-szerokosc-130-cm-2\/\" \/>\n<meta property=\"og:locale\" content=\"en_US\" \/>\n<meta property=\"og:type\" content=\"article\" \/>\n<meta property=\"og:title\" content=\"Tiul, HD300, cielisty, szeroko\u015b\u0107 132 cm\" \/>\n<meta property=\"og:description\" content=\"Tiul HD300 cielisty szeroko\u015b\u0107 130 cm - Mi\u0119kki i wytrzyma\u0142y tiul w subtelnym be\u017cowym odcieniu. Idealny do tworzenia peruk filmowych, front\u00f3w peruk teatralnych oraz wyrob\u00f3w perukarskich wymagaj\u0105cych delikatnej, bardzo naturalnej montury\/bazy\" \/>\n<meta property=\"og:url\" content=\"https:\/\/wigstore-nzk.com\/en\/product\/tiul-hd300-cielisty-szerokosc-130-cm-2\/\" \/>\n<meta property=\"og:site_name\" content=\"NZK-Wigstore\" \/>\n<meta property=\"article:modified_time\" content=\"2026-01-15T22:06:08+00:00\" \/>\n<meta property=\"og:image\" content=\"https:\/\/wigstore-nzk.com\/wp-content\/uploads\/2025\/03\/11A_1-Duze.jpg\" \/>\n\t<meta property=\"og:image:width\" content=\"1327\" \/>\n\t<meta property=\"og:image:height\" content=\"1080\" \/>\n\t<meta property=\"og:image:type\" content=\"image\/jpeg\" \/>\n<meta name=\"twitter:card\" content=\"summary_large_image\" \/>\n<meta name=\"twitter:label1\" content=\"Est. reading time\" \/>\n\t<meta name=\"twitter:data1\" content=\"1 minute\" \/>\n<script type=\"application\/ld+json\" class=\"yoast-schema-graph\">{\"@context\":\"https:\\\/\\\/schema.org\",\"@graph\":[{\"@type\":\"WebPage\",\"@id\":\"https:\\\/\\\/wigstore-nzk.com\\\/produkt\\\/tiul-hd300-cielisty-szerokosc-130-cm-2\\\/\",\"url\":\"https:\\\/\\\/wigstore-nzk.com\\\/produkt\\\/tiul-hd300-cielisty-szerokosc-130-cm-2\\\/\",\"name\":\"Tiul HD300 cielisty szeroko\u015b\u0107 130 cm - NZK-Wigstore\",\"isPartOf\":{\"@id\":\"https:\\\/\\\/wigstore-nzk.com\\\/#website\"},\"primaryImageOfPage\":{\"@id\":\"https:\\\/\\\/wigstore-nzk.com\\\/produkt\\\/tiul-hd300-cielisty-szerokosc-130-cm-2\\\/#primaryimage\"},\"image\":{\"@id\":\"https:\\\/\\\/wigstore-nzk.com\\\/produkt\\\/tiul-hd300-cielisty-szerokosc-130-cm-2\\\/#primaryimage\"},\"thumbnailUrl\":\"https:\\\/\\\/wigstore-nzk.com\\\/wp-content\\\/uploads\\\/2025\\\/03\\\/11A_1-Duze.jpg\",\"datePublished\":\"2025-03-15T21:34:13+00:00\",\"dateModified\":\"2026-01-15T22:06:08+00:00\",\"description\":\"Tiul HD300 cielisty szeroko\u015b\u0107 130 cm - Mi\u0119kki i wytrzyma\u0142y tiul w subtelnym be\u017cowym odcieniu. Idealny do tworzenia peruk filmowych, front\u00f3w peruk teatralnych oraz wyrob\u00f3w perukarskich wymagaj\u0105cych delikatnej, bardzo naturalnej montury\\\/bazy\",\"breadcrumb\":{\"@id\":\"https:\\\/\\\/wigstore-nzk.com\\\/produkt\\\/tiul-hd300-cielisty-szerokosc-130-cm-2\\\/#breadcrumb\"},\"inLanguage\":\"en-US\",\"potentialAction\":[{\"@type\":\"ReadAction\",\"target\":[\"https:\\\/\\\/wigstore-nzk.com\\\/produkt\\\/tiul-hd300-cielisty-szerokosc-130-cm-2\\\/\"]}]},{\"@type\":\"ImageObject\",\"inLanguage\":\"en-US\",\"@id\":\"https:\\\/\\\/wigstore-nzk.com\\\/produkt\\\/tiul-hd300-cielisty-szerokosc-130-cm-2\\\/#primaryimage\",\"url\":\"https:\\\/\\\/wigstore-nzk.com\\\/wp-content\\\/uploads\\\/2025\\\/03\\\/11A_1-Duze.jpg\",\"contentUrl\":\"https:\\\/\\\/wigstore-nzk.com\\\/wp-content\\\/uploads\\\/2025\\\/03\\\/11A_1-Duze.jpg\",\"width\":1327,\"height\":1080,\"caption\":\"Tiul HD300\"},{\"@type\":\"BreadcrumbList\",\"@id\":\"https:\\\/\\\/wigstore-nzk.com\\\/produkt\\\/tiul-hd300-cielisty-szerokosc-130-cm-2\\\/#breadcrumb\",\"itemListElement\":[{\"@type\":\"ListItem\",\"position\":1,\"name\":\"Strona g\u0142\u00f3wna\",\"item\":\"https:\\\/\\\/wigstore-nzk.com\\\/\"},{\"@type\":\"ListItem\",\"position\":2,\"name\":\"Sklep\",\"item\":\"https:\\\/\\\/wigstore-nzk.com\\\/sklep\\\/\"},{\"@type\":\"ListItem\",\"position\":3,\"name\":\"Tiul, HD300, cielisty, szeroko\u015b\u0107 132 cm\"}]},{\"@type\":\"WebSite\",\"@id\":\"https:\\\/\\\/wigstore-nzk.com\\\/#website\",\"url\":\"https:\\\/\\\/wigstore-nzk.com\\\/\",\"name\":\"NZK-Wigstore\",\"description\":\"\",\"potentialAction\":[{\"@type\":\"SearchAction\",\"target\":{\"@type\":\"EntryPoint\",\"urlTemplate\":\"https:\\\/\\\/wigstore-nzk.com\\\/?s={search_term_string}\"},\"query-input\":{\"@type\":\"PropertyValueSpecification\",\"valueRequired\":true,\"valueName\":\"search_term_string\"}}],\"inLanguage\":\"en-US\"}]}<\/script>\n<!-- \/ Yoast SEO Premium plugin. -->","yoast_head_json":{"title":"Tiul HD300 cielisty szeroko\u015b\u0107 130 cm - NZK-Wigstore","description":"Tiul HD300 cielisty szeroko\u015b\u0107 130 cm - Mi\u0119kki i wytrzyma\u0142y tiul w subtelnym be\u017cowym odcieniu. Idealny do tworzenia peruk filmowych, front\u00f3w peruk teatralnych oraz wyrob\u00f3w perukarskich wymagaj\u0105cych delikatnej, bardzo naturalnej montury\/bazy","robots":{"index":"index","follow":"follow","max-snippet":"max-snippet:-1","max-image-preview":"max-image-preview:large","max-video-preview":"max-video-preview:-1"},"canonical":"https:\/\/wigstore-nzk.com\/en\/product\/tiul-hd300-cielisty-szerokosc-130-cm-2\/","og_locale":"en_US","og_type":"article","og_title":"Tiul, HD300, cielisty, szeroko\u015b\u0107 132 cm","og_description":"Tiul HD300 cielisty szeroko\u015b\u0107 130 cm - Mi\u0119kki i wytrzyma\u0142y tiul w subtelnym be\u017cowym odcieniu. Idealny do tworzenia peruk filmowych, front\u00f3w peruk teatralnych oraz wyrob\u00f3w perukarskich wymagaj\u0105cych delikatnej, bardzo naturalnej montury\/bazy","og_url":"https:\/\/wigstore-nzk.com\/en\/product\/tiul-hd300-cielisty-szerokosc-130-cm-2\/","og_site_name":"NZK-Wigstore","article_modified_time":"2026-01-15T22:06:08+00:00","og_image":[{"width":1327,"height":1080,"url":"https:\/\/wigstore-nzk.com\/wp-content\/uploads\/2025\/03\/11A_1-Duze.jpg","type":"image\/jpeg"}],"twitter_card":"summary_large_image","twitter_misc":{"Est. reading time":"1 minute"},"schema":{"@context":"https:\/\/schema.org","@graph":[{"@type":"WebPage","@id":"https:\/\/wigstore-nzk.com\/produkt\/tiul-hd300-cielisty-szerokosc-130-cm-2\/","url":"https:\/\/wigstore-nzk.com\/produkt\/tiul-hd300-cielisty-szerokosc-130-cm-2\/","name":"Tiul HD300 cielisty szeroko\u015b\u0107 130 cm - NZK-Wigstore","isPartOf":{"@id":"https:\/\/wigstore-nzk.com\/#website"},"primaryImageOfPage":{"@id":"https:\/\/wigstore-nzk.com\/produkt\/tiul-hd300-cielisty-szerokosc-130-cm-2\/#primaryimage"},"image":{"@id":"https:\/\/wigstore-nzk.com\/produkt\/tiul-hd300-cielisty-szerokosc-130-cm-2\/#primaryimage"},"thumbnailUrl":"https:\/\/wigstore-nzk.com\/wp-content\/uploads\/2025\/03\/11A_1-Duze.jpg","datePublished":"2025-03-15T21:34:13+00:00","dateModified":"2026-01-15T22:06:08+00:00","description":"Tiul HD300 cielisty szeroko\u015b\u0107 130 cm - Mi\u0119kki i wytrzyma\u0142y tiul w subtelnym be\u017cowym odcieniu. Idealny do tworzenia peruk filmowych, front\u00f3w peruk teatralnych oraz wyrob\u00f3w perukarskich wymagaj\u0105cych delikatnej, bardzo naturalnej montury\/bazy","breadcrumb":{"@id":"https:\/\/wigstore-nzk.com\/produkt\/tiul-hd300-cielisty-szerokosc-130-cm-2\/#breadcrumb"},"inLanguage":"en-US","potentialAction":[{"@type":"ReadAction","target":["https:\/\/wigstore-nzk.com\/produkt\/tiul-hd300-cielisty-szerokosc-130-cm-2\/"]}]},{"@type":"ImageObject","inLanguage":"en-US","@id":"https:\/\/wigstore-nzk.com\/produkt\/tiul-hd300-cielisty-szerokosc-130-cm-2\/#primaryimage","url":"https:\/\/wigstore-nzk.com\/wp-content\/uploads\/2025\/03\/11A_1-Duze.jpg","contentUrl":"https:\/\/wigstore-nzk.com\/wp-content\/uploads\/2025\/03\/11A_1-Duze.jpg","width":1327,"height":1080,"caption":"Tiul HD300"},{"@type":"BreadcrumbList","@id":"https:\/\/wigstore-nzk.com\/produkt\/tiul-hd300-cielisty-szerokosc-130-cm-2\/#breadcrumb","itemListElement":[{"@type":"ListItem","position":1,"name":"Strona g\u0142\u00f3wna","item":"https:\/\/wigstore-nzk.com\/"},{"@type":"ListItem","position":2,"name":"Sklep","item":"https:\/\/wigstore-nzk.com\/sklep\/"},{"@type":"ListItem","position":3,"name":"Tiul, HD300, cielisty, szeroko\u015b\u0107 132 cm"}]},{"@type":"WebSite","@id":"https:\/\/wigstore-nzk.com\/#website","url":"https:\/\/wigstore-nzk.com\/","name":"NZK-Wigstore","description":"","potentialAction":[{"@type":"SearchAction","target":{"@type":"EntryPoint","urlTemplate":"https:\/\/wigstore-nzk.com\/?s={search_term_string}"},"query-input":{"@type":"PropertyValueSpecification","valueRequired":true,"valueName":"search_term_string"}}],"inLanguage":"en-US"}]}},"_links":{"self":[{"href":"https:\/\/wigstore-nzk.com\/en\/wp-json\/wp\/v2\/product\/1772","targetHints":{"allow":["GET"]}}],"collection":[{"href":"https:\/\/wigstore-nzk.com\/en\/wp-json\/wp\/v2\/product"}],"about":[{"href":"https:\/\/wigstore-nzk.com\/en\/wp-json\/wp\/v2\/types\/product"}],"version-history":[{"count":4,"href":"https:\/\/wigstore-nzk.com\/en\/wp-json\/wp\/v2\/product\/1772\/revisions"}],"predecessor-version":[{"id":2225,"href":"https:\/\/wigstore-nzk.com\/en\/wp-json\/wp\/v2\/product\/1772\/revisions\/2225"}],"wp:featuredmedia":[{"embeddable":true,"href":"https:\/\/wigstore-nzk.com\/en\/wp-json\/wp\/v2\/media\/1773"}],"wp:attachment":[{"href":"https:\/\/wigstore-nzk.com\/en\/wp-json\/wp\/v2\/media?parent=1772"}],"wp:term":[{"taxonomy":"product_brand","embeddable":true,"href":"https:\/\/wigstore-nzk.com\/en\/wp-json\/wp\/v2\/product_brand?post=1772"},{"taxonomy":"product_cat","embeddable":true,"href":"https:\/\/wigstore-nzk.com\/en\/wp-json\/wp\/v2\/product_cat?post=1772"},{"taxonomy":"product_tag","embeddable":true,"href":"https:\/\/wigstore-nzk.com\/en\/wp-json\/wp\/v2\/product_tag?post=1772"}],"curies":[{"name":"wp","href":"https:\/\/api.w.org\/{rel}","templated":true}]}}