{"id":1808,"date":"2025-03-16T12:54:18","date_gmt":"2025-03-16T11:54:18","guid":{"rendered":"https:\/\/wigstore-nzk.com\/?post_type=product&#038;p=1808"},"modified":"2026-03-28T12:22:12","modified_gmt":"2026-03-28T11:22:12","slug":"perukarska-mono-mikroskora-typ-11l","status":"publish","type":"product","link":"https:\/\/wigstore-nzk.com\/en\/product\/perukarska-mono-mikroskora-typ-11l\/","title":{"rendered":"Tkanina monofilament mono mikrosk\u00f3ra cienka \u2013 typ 11L"},"content":{"rendered":"<p>Perukarska mono mikrosk\u00f3ra w kolorze cielistym to zaawansowane akcesorium, kt\u00f3re zapewnia wyj\u0105tkow\u0105 trwa\u0142o\u015b\u0107 i naturalny wygl\u0105d ka\u017cdej peruce. Wykonana z wysokiej jako\u015bci materia\u0142\u00f3w, mikrosk\u00f3ra jest doskona\u0142ym wyborem do stworzenia profesjonalnych peruk, tres\u00f3w, dopinek oraz innych akcesori\u00f3w perukarskich. Jej kolor cielisty doskonale imituje sk\u00f3r\u0119 g\u0142owy, co sprawia, \u017ce peruka staje si\u0119 niemal niewidoczna, zapewniaj\u0105c pe\u0142n\u0105 dyskrecj\u0119 i komfort noszenia.<\/p>\n<p>&nbsp;<\/p>\n<p>&nbsp;<\/p>\n<p>Cechy produktu:<br \/>\n\u2705 Kolor: Cielisty \u2013 idealnie dopasowuje si\u0119 do koloru sk\u00f3ry, co zapewnia naturalny wygl\u0105d.<br \/>\n\u2705 Materia\u0142: Wysokiej jako\u015bci mikrosk\u00f3ra \u2013 elastyczna i wytrzyma\u0142a, odporna na uszkodzenia.<br \/>\n\u2705 Zastosowanie: Idealna do produkcji peruk, dopinek, tres\u00f3w oraz innych akcesori\u00f3w perukarskich.<br \/>\n\u2705 Komfort noszenia: Dzi\u0119ki wyj\u0105tkowej strukturze mikrosk\u00f3ry, peruka le\u017cy pewnie i komfortowo, a sk\u00f3ra g\u0142owy nie jest nara\u017cona na podra\u017cnienia.<br \/>\n\u2705 Trwa\u0142o\u015b\u0107: Produkt odporny na zu\u017cycie, zapewniaj\u0105cy d\u0142ugotrwa\u0142e u\u017cytkowanie bez utraty jako\u015bci.<br \/>\n\u2705 D\u0142ugo\u015b\u0107 maksymalna: 3,5 m<br \/>\n\u2705 Szeroko\u015b\u0107: 115 cm<\/p>","protected":false},"excerpt":{"rendered":"<p>Perukarska tkanina monofilament mikrosk\u00f3ra cienka w kolorze cielistym to wysokiej jako\u015bci materia\u0142, idealny do tworzenia naturalnie wygl\u0105daj\u0105cych peruk, dopinek i tres\u00f3w. Dzi\u0119ki elastycznej strukturze i cielistej barwie, doskonale imituje sk\u00f3r\u0119 g\u0142owy, zapewniaj\u0105c dyskrecj\u0119 i komfort noszenia. Mikrosk\u00f3ra jest trwa\u0142a, \u0142atwa w obr\u00f3bce i zapewnia d\u0142ugotrwa\u0142e u\u017cytkowanie, co czyni j\u0105 doskona\u0142ym wyborem dla profesjonalist\u00f3w i os\u00f3b prywatnych.<\/p>\n<p>Uwaga, kupuj\u0105c jedn\u0105 sztuk\u0119 zamawiasz 1 cm produktu o szeroko\u015bci 115cm, je\u017celi chcesz zam\u00f3wi\u0107 d\u0142u\u017cszy odcinek wybie\u017c odpowiedni\u0105 ilo\u015b\u0107 produkt\u00f3w.<\/p>","protected":false},"featured_media":1809,"template":"","meta":[],"product_brand":[],"product_cat":[28,48],"product_tag":[209,345],"class_list":{"0":"post-1808","1":"product","2":"type-product","3":"status-publish","4":"has-post-thumbnail","6":"product_cat-akcesoria","7":"product_cat-materialy-tiule-gazy-perukarskie","8":"product_tag-mikroskora-cielista","9":"product_tag-monofilament","11":"first","12":"instock","13":"taxable","14":"shipping-taxable","15":"purchasable","16":"product-type-simple"},"yoast_head":"<!-- This site is optimized with the Yoast SEO Premium plugin v24.5 (Yoast SEO v27.5) - https:\/\/yoast.com\/product\/yoast-seo-premium-wordpress\/ -->\n<title>Perukarska mono mikrosk\u00f3ra - NZK-Wigstore<\/title>\n<meta name=\"description\" content=\"Perukarska tkanina monofilament mikrosk\u00f3ra cielista to wysokiej jako\u015bci materia\u0142, idealny do tworzenia naturalnie wygl\u0105daj\u0105cych peruk, dopinek i tres\u00f3w.\" \/>\n<meta name=\"robots\" content=\"index, follow, max-snippet:-1, max-image-preview:large, max-video-preview:-1\" \/>\n<link rel=\"canonical\" href=\"https:\/\/wigstore-nzk.com\/en\/product\/perukarska-mono-mikroskora-typ-11l\/\" \/>\n<meta property=\"og:locale\" content=\"en_US\" \/>\n<meta property=\"og:type\" content=\"article\" \/>\n<meta property=\"og:title\" content=\"Tkanina monofilament mono mikrosk\u00f3ra cienka \u2013 typ 11L\" \/>\n<meta property=\"og:description\" content=\"Perukarska tkanina monofilament mikrosk\u00f3ra cielista to wysokiej jako\u015bci materia\u0142, idealny do tworzenia naturalnie wygl\u0105daj\u0105cych peruk, dopinek i tres\u00f3w.\" \/>\n<meta property=\"og:url\" content=\"https:\/\/wigstore-nzk.com\/en\/product\/perukarska-mono-mikroskora-typ-11l\/\" \/>\n<meta property=\"og:site_name\" content=\"NZK-Wigstore\" \/>\n<meta property=\"article:modified_time\" content=\"2026-03-28T11:22:12+00:00\" \/>\n<meta property=\"og:image\" content=\"https:\/\/wigstore-nzk.com\/wp-content\/uploads\/2025\/03\/11L_4.jpg\" \/>\n\t<meta property=\"og:image:width\" content=\"1440\" \/>\n\t<meta property=\"og:image:height\" content=\"1080\" \/>\n\t<meta property=\"og:image:type\" content=\"image\/jpeg\" \/>\n<meta name=\"twitter:card\" content=\"summary_large_image\" \/>\n<meta name=\"twitter:label1\" content=\"Est. reading time\" \/>\n\t<meta name=\"twitter:data1\" content=\"2 minutes\" \/>\n<script type=\"application\/ld+json\" class=\"yoast-schema-graph\">{\"@context\":\"https:\\\/\\\/schema.org\",\"@graph\":[{\"@type\":\"WebPage\",\"@id\":\"https:\\\/\\\/wigstore-nzk.com\\\/produkt\\\/perukarska-mono-mikroskora-typ-11l\\\/\",\"url\":\"https:\\\/\\\/wigstore-nzk.com\\\/produkt\\\/perukarska-mono-mikroskora-typ-11l\\\/\",\"name\":\"Perukarska mono mikrosk\u00f3ra - NZK-Wigstore\",\"isPartOf\":{\"@id\":\"https:\\\/\\\/wigstore-nzk.com\\\/#website\"},\"primaryImageOfPage\":{\"@id\":\"https:\\\/\\\/wigstore-nzk.com\\\/produkt\\\/perukarska-mono-mikroskora-typ-11l\\\/#primaryimage\"},\"image\":{\"@id\":\"https:\\\/\\\/wigstore-nzk.com\\\/produkt\\\/perukarska-mono-mikroskora-typ-11l\\\/#primaryimage\"},\"thumbnailUrl\":\"https:\\\/\\\/wigstore-nzk.com\\\/wp-content\\\/uploads\\\/2025\\\/03\\\/11L_4.jpg\",\"datePublished\":\"2025-03-16T11:54:18+00:00\",\"dateModified\":\"2026-03-28T11:22:12+00:00\",\"description\":\"Perukarska tkanina monofilament mikrosk\u00f3ra cielista to wysokiej jako\u015bci materia\u0142, idealny do tworzenia naturalnie wygl\u0105daj\u0105cych peruk, dopinek i tres\u00f3w.\",\"breadcrumb\":{\"@id\":\"https:\\\/\\\/wigstore-nzk.com\\\/produkt\\\/perukarska-mono-mikroskora-typ-11l\\\/#breadcrumb\"},\"inLanguage\":\"en-US\",\"potentialAction\":[{\"@type\":\"ReadAction\",\"target\":[\"https:\\\/\\\/wigstore-nzk.com\\\/produkt\\\/perukarska-mono-mikroskora-typ-11l\\\/\"]}]},{\"@type\":\"ImageObject\",\"inLanguage\":\"en-US\",\"@id\":\"https:\\\/\\\/wigstore-nzk.com\\\/produkt\\\/perukarska-mono-mikroskora-typ-11l\\\/#primaryimage\",\"url\":\"https:\\\/\\\/wigstore-nzk.com\\\/wp-content\\\/uploads\\\/2025\\\/03\\\/11L_4.jpg\",\"contentUrl\":\"https:\\\/\\\/wigstore-nzk.com\\\/wp-content\\\/uploads\\\/2025\\\/03\\\/11L_4.jpg\",\"width\":1440,\"height\":1080,\"caption\":\"Mono mikro-sk\u00f3ra\"},{\"@type\":\"BreadcrumbList\",\"@id\":\"https:\\\/\\\/wigstore-nzk.com\\\/produkt\\\/perukarska-mono-mikroskora-typ-11l\\\/#breadcrumb\",\"itemListElement\":[{\"@type\":\"ListItem\",\"position\":1,\"name\":\"Strona g\u0142\u00f3wna\",\"item\":\"https:\\\/\\\/wigstore-nzk.com\\\/\"},{\"@type\":\"ListItem\",\"position\":2,\"name\":\"Sklep\",\"item\":\"https:\\\/\\\/wigstore-nzk.com\\\/sklep\\\/\"},{\"@type\":\"ListItem\",\"position\":3,\"name\":\"Tkanina monofilament mono mikrosk\u00f3ra cienka \u2013 typ 11L\"}]},{\"@type\":\"WebSite\",\"@id\":\"https:\\\/\\\/wigstore-nzk.com\\\/#website\",\"url\":\"https:\\\/\\\/wigstore-nzk.com\\\/\",\"name\":\"NZK-Wigstore\",\"description\":\"\",\"potentialAction\":[{\"@type\":\"SearchAction\",\"target\":{\"@type\":\"EntryPoint\",\"urlTemplate\":\"https:\\\/\\\/wigstore-nzk.com\\\/?s={search_term_string}\"},\"query-input\":{\"@type\":\"PropertyValueSpecification\",\"valueRequired\":true,\"valueName\":\"search_term_string\"}}],\"inLanguage\":\"en-US\"}]}<\/script>\n<!-- \/ Yoast SEO Premium plugin. -->","yoast_head_json":{"title":"Perukarska mono mikrosk\u00f3ra - NZK-Wigstore","description":"Perukarska tkanina monofilament mikrosk\u00f3ra cielista to wysokiej jako\u015bci materia\u0142, idealny do tworzenia naturalnie wygl\u0105daj\u0105cych peruk, dopinek i tres\u00f3w.","robots":{"index":"index","follow":"follow","max-snippet":"max-snippet:-1","max-image-preview":"max-image-preview:large","max-video-preview":"max-video-preview:-1"},"canonical":"https:\/\/wigstore-nzk.com\/en\/product\/perukarska-mono-mikroskora-typ-11l\/","og_locale":"en_US","og_type":"article","og_title":"Tkanina monofilament mono mikrosk\u00f3ra cienka \u2013 typ 11L","og_description":"Perukarska tkanina monofilament mikrosk\u00f3ra cielista to wysokiej jako\u015bci materia\u0142, idealny do tworzenia naturalnie wygl\u0105daj\u0105cych peruk, dopinek i tres\u00f3w.","og_url":"https:\/\/wigstore-nzk.com\/en\/product\/perukarska-mono-mikroskora-typ-11l\/","og_site_name":"NZK-Wigstore","article_modified_time":"2026-03-28T11:22:12+00:00","og_image":[{"width":1440,"height":1080,"url":"https:\/\/wigstore-nzk.com\/wp-content\/uploads\/2025\/03\/11L_4.jpg","type":"image\/jpeg"}],"twitter_card":"summary_large_image","twitter_misc":{"Est. reading time":"2 minutes"},"schema":{"@context":"https:\/\/schema.org","@graph":[{"@type":"WebPage","@id":"https:\/\/wigstore-nzk.com\/produkt\/perukarska-mono-mikroskora-typ-11l\/","url":"https:\/\/wigstore-nzk.com\/produkt\/perukarska-mono-mikroskora-typ-11l\/","name":"Perukarska mono mikrosk\u00f3ra - NZK-Wigstore","isPartOf":{"@id":"https:\/\/wigstore-nzk.com\/#website"},"primaryImageOfPage":{"@id":"https:\/\/wigstore-nzk.com\/produkt\/perukarska-mono-mikroskora-typ-11l\/#primaryimage"},"image":{"@id":"https:\/\/wigstore-nzk.com\/produkt\/perukarska-mono-mikroskora-typ-11l\/#primaryimage"},"thumbnailUrl":"https:\/\/wigstore-nzk.com\/wp-content\/uploads\/2025\/03\/11L_4.jpg","datePublished":"2025-03-16T11:54:18+00:00","dateModified":"2026-03-28T11:22:12+00:00","description":"Perukarska tkanina monofilament mikrosk\u00f3ra cielista to wysokiej jako\u015bci materia\u0142, idealny do tworzenia naturalnie wygl\u0105daj\u0105cych peruk, dopinek i tres\u00f3w.","breadcrumb":{"@id":"https:\/\/wigstore-nzk.com\/produkt\/perukarska-mono-mikroskora-typ-11l\/#breadcrumb"},"inLanguage":"en-US","potentialAction":[{"@type":"ReadAction","target":["https:\/\/wigstore-nzk.com\/produkt\/perukarska-mono-mikroskora-typ-11l\/"]}]},{"@type":"ImageObject","inLanguage":"en-US","@id":"https:\/\/wigstore-nzk.com\/produkt\/perukarska-mono-mikroskora-typ-11l\/#primaryimage","url":"https:\/\/wigstore-nzk.com\/wp-content\/uploads\/2025\/03\/11L_4.jpg","contentUrl":"https:\/\/wigstore-nzk.com\/wp-content\/uploads\/2025\/03\/11L_4.jpg","width":1440,"height":1080,"caption":"Mono mikro-sk\u00f3ra"},{"@type":"BreadcrumbList","@id":"https:\/\/wigstore-nzk.com\/produkt\/perukarska-mono-mikroskora-typ-11l\/#breadcrumb","itemListElement":[{"@type":"ListItem","position":1,"name":"Strona g\u0142\u00f3wna","item":"https:\/\/wigstore-nzk.com\/"},{"@type":"ListItem","position":2,"name":"Sklep","item":"https:\/\/wigstore-nzk.com\/sklep\/"},{"@type":"ListItem","position":3,"name":"Tkanina monofilament mono mikrosk\u00f3ra cienka \u2013 typ 11L"}]},{"@type":"WebSite","@id":"https:\/\/wigstore-nzk.com\/#website","url":"https:\/\/wigstore-nzk.com\/","name":"NZK-Wigstore","description":"","potentialAction":[{"@type":"SearchAction","target":{"@type":"EntryPoint","urlTemplate":"https:\/\/wigstore-nzk.com\/?s={search_term_string}"},"query-input":{"@type":"PropertyValueSpecification","valueRequired":true,"valueName":"search_term_string"}}],"inLanguage":"en-US"}]}},"_links":{"self":[{"href":"https:\/\/wigstore-nzk.com\/en\/wp-json\/wp\/v2\/product\/1808","targetHints":{"allow":["GET"]}}],"collection":[{"href":"https:\/\/wigstore-nzk.com\/en\/wp-json\/wp\/v2\/product"}],"about":[{"href":"https:\/\/wigstore-nzk.com\/en\/wp-json\/wp\/v2\/types\/product"}],"version-history":[{"count":5,"href":"https:\/\/wigstore-nzk.com\/en\/wp-json\/wp\/v2\/product\/1808\/revisions"}],"predecessor-version":[{"id":2213,"href":"https:\/\/wigstore-nzk.com\/en\/wp-json\/wp\/v2\/product\/1808\/revisions\/2213"}],"wp:featuredmedia":[{"embeddable":true,"href":"https:\/\/wigstore-nzk.com\/en\/wp-json\/wp\/v2\/media\/1809"}],"wp:attachment":[{"href":"https:\/\/wigstore-nzk.com\/en\/wp-json\/wp\/v2\/media?parent=1808"}],"wp:term":[{"taxonomy":"product_brand","embeddable":true,"href":"https:\/\/wigstore-nzk.com\/en\/wp-json\/wp\/v2\/product_brand?post=1808"},{"taxonomy":"product_cat","embeddable":true,"href":"https:\/\/wigstore-nzk.com\/en\/wp-json\/wp\/v2\/product_cat?post=1808"},{"taxonomy":"product_tag","embeddable":true,"href":"https:\/\/wigstore-nzk.com\/en\/wp-json\/wp\/v2\/product_tag?post=1808"}],"curies":[{"name":"wp","href":"https:\/\/api.w.org\/{rel}","templated":true}]}}