{"id":1848,"date":"2025-03-20T22:39:09","date_gmt":"2025-03-20T21:39:09","guid":{"rendered":"https:\/\/wigstore-nzk.com\/?post_type=product&#038;p=1848"},"modified":"2025-11-13T10:47:15","modified_gmt":"2025-11-13T09:47:15","slug":"elastyczna-tasma-braz-10m","status":"publish","type":"product","link":"https:\/\/wigstore-nzk.com\/en\/product\/elastyczna-tasma-braz-10m\/","title":{"rendered":"Elastyczna ta\u015bma, br\u0105z 10m"},"content":{"rendered":"<p dir=\"ltr\">Elastyczna ta\u015bma\/gumka do peruk to niezb\u0119dne akcesorium dla ka\u017cdego, kto chce zapewni\u0107 swojej peruce idealne dopasowanie i stabilno\u015b\u0107. Wykonana z wysokiej jako\u015bci, mi\u0119kkiego, a jednocze\u015bnie wytrzyma\u0142ego materia\u0142u, ta\u015bma gwarantuje wygod\u0119 noszenia oraz skutecznie pomaga w utrzymaniu peruki na g\u0142owie przez ca\u0142y dzie\u0144.<\/p>\n<p dir=\"ltr\">Zalety produktu:<\/p>\n<p dir=\"ltr\">\u2705 Mocne podtrzymanie \u2013 zapewnia stabilizacj\u0119 peruki, zapobiegaj\u0105c jej przesuwaniu si\u0119.<br \/>\n\u2705\u00a0Wygoda noszenia \u2013 elastyczny materia\u0142 dopasowuje si\u0119 do kszta\u0142tu g\u0142owy, nie powoduj\u0105c ucisku.<br \/>\n\u2705\u00a0Wielofunkcyjno\u015b\u0107 \u2013 idealna do szycia peruk, stabilizacji oraz regulacji ich obwodu.<br \/>\n\u2705\u00a0Trwa\u0142o\u015b\u0107 i elastyczno\u015b\u0107 \u2013 odporna na rozci\u0105ganie, zachowuje swoje w\u0142a\u015bciwo\u015bci nawet po d\u0142ugotrwa\u0142ym u\u017cytkowaniu.<br \/>\n\u2705\u00a0\u0141atwa aplikacja \u2013 idealna zar\u00f3wno dla profesjonalist\u00f3w, jak i os\u00f3b tworz\u0105cych peruki w domu.<\/p>\n<p dir=\"ltr\">Dost\u0119pna w r\u00f3\u017cnych szeroko\u015bciach i kolorach, aby dopasowa\u0107 si\u0119 do Twoich potrzeb. Wybierz nasz\u0105 elastyczn\u0105 ta\u015bm\u0119 i ciesz si\u0119 pe\u0142nym komfortem oraz pewno\u015bci\u0105, \u017ce Twoja peruka pozostanie na swoim miejscu przez ca\u0142y dzie\u0144!<\/p>\n<div class=\"yj6qo ajU\"><\/div>","protected":false},"excerpt":{"rendered":"<p>Elastyczna ta\u015bma\/gumka br\u0105z 10m do peruk zapewnia stabilne dopasowanie, zapobiegaj\u0105c przesuwaniu si\u0119 peruki. Wykonana z trwa\u0142ego, mi\u0119kkiego materia\u0142u, gwarantuje komfort noszenia. Idealna do szycia, regulacji i stabilizacji peruk. Dost\u0119pna w r\u00f3\u017cnych d\u0142ugo\u015bciach<\/p>\n<p>Kupuj\u0105c jeden produkt otrzymasz 10m ta\u015bmy, je\u017celi potrzebujesz d\u0142u\u017cszego odcinka wybierz odpowiedni\u0105 ilo\u015b\u0107 sztuk<\/p>","protected":false},"featured_media":1849,"template":"","meta":[],"product_brand":[],"product_cat":[28,34],"product_tag":[288,342,82],"class_list":{"0":"post-1848","1":"product","2":"type-product","3":"status-publish","4":"has-post-thumbnail","6":"product_cat-akcesoria","7":"product_cat-tasmy-i-gumki-perukarskie","8":"product_tag-akcesoria-do-peruk","9":"product_tag-gumka-perukarska","10":"product_tag-tasma-perukarska","12":"first","13":"instock","14":"taxable","15":"shipping-taxable","16":"purchasable","17":"product-type-simple"},"yoast_head":"<!-- This site is optimized with the Yoast SEO Premium plugin v24.5 (Yoast SEO v27.5) - https:\/\/yoast.com\/product\/yoast-seo-premium-wordpress\/ -->\n<title>Elastyczna ta\u015bma br\u0105z 10m - NZK-Wigstore<\/title>\n<meta name=\"description\" content=\"Elastyczna ta\u015bma br\u0105z 10m \u2013 Zapewnij swojej peruce idealne dopasowanie! Nasza elastyczna ta\u015bma\/gumka skutecznie stabilizuje peruk\u0119, zapobiegaj\u0105c jej przesuwaniu si\u0119. Wykonana z mi\u0119kkiego, trwa\u0142ego materia\u0142u, gwarantuje wygod\u0119 noszenia przez ca\u0142y dzie\u0144. Wybierz idealne rozwi\u0105zanie dla siebie i ciesz si\u0119 wygod\u0105!\" \/>\n<meta name=\"robots\" content=\"index, follow, max-snippet:-1, max-image-preview:large, max-video-preview:-1\" \/>\n<link rel=\"canonical\" href=\"https:\/\/wigstore-nzk.com\/en\/product\/elastyczna-tasma-braz-10m\/\" \/>\n<meta property=\"og:locale\" content=\"en_US\" \/>\n<meta property=\"og:type\" content=\"article\" \/>\n<meta property=\"og:title\" content=\"Elastyczna ta\u015bma, br\u0105z 10m\" \/>\n<meta property=\"og:description\" content=\"Elastyczna ta\u015bma br\u0105z 10m \u2013 Zapewnij swojej peruce idealne dopasowanie! Nasza elastyczna ta\u015bma\/gumka skutecznie stabilizuje peruk\u0119, zapobiegaj\u0105c jej przesuwaniu si\u0119. Wykonana z mi\u0119kkiego, trwa\u0142ego materia\u0142u, gwarantuje wygod\u0119 noszenia przez ca\u0142y dzie\u0144. Wybierz idealne rozwi\u0105zanie dla siebie i ciesz si\u0119 wygod\u0105!\" \/>\n<meta property=\"og:url\" content=\"https:\/\/wigstore-nzk.com\/en\/product\/elastyczna-tasma-braz-10m\/\" \/>\n<meta property=\"og:site_name\" content=\"NZK-Wigstore\" \/>\n<meta property=\"article:modified_time\" content=\"2025-11-13T09:47:15+00:00\" \/>\n<meta property=\"og:image\" content=\"https:\/\/wigstore-nzk.com\/wp-content\/uploads\/2025\/03\/4_1.png\" \/>\n\t<meta property=\"og:image:width\" content=\"1080\" \/>\n\t<meta property=\"og:image:height\" content=\"1080\" \/>\n\t<meta property=\"og:image:type\" content=\"image\/png\" \/>\n<meta name=\"twitter:card\" content=\"summary_large_image\" \/>\n<meta name=\"twitter:label1\" content=\"Est. reading time\" \/>\n\t<meta name=\"twitter:data1\" content=\"2 minutes\" \/>\n<script type=\"application\/ld+json\" class=\"yoast-schema-graph\">{\"@context\":\"https:\\\/\\\/schema.org\",\"@graph\":[{\"@type\":\"WebPage\",\"@id\":\"https:\\\/\\\/wigstore-nzk.com\\\/produkt\\\/elastyczna-tasma-braz-10m\\\/\",\"url\":\"https:\\\/\\\/wigstore-nzk.com\\\/produkt\\\/elastyczna-tasma-braz-10m\\\/\",\"name\":\"Elastyczna ta\u015bma br\u0105z 10m - NZK-Wigstore\",\"isPartOf\":{\"@id\":\"https:\\\/\\\/wigstore-nzk.com\\\/#website\"},\"primaryImageOfPage\":{\"@id\":\"https:\\\/\\\/wigstore-nzk.com\\\/produkt\\\/elastyczna-tasma-braz-10m\\\/#primaryimage\"},\"image\":{\"@id\":\"https:\\\/\\\/wigstore-nzk.com\\\/produkt\\\/elastyczna-tasma-braz-10m\\\/#primaryimage\"},\"thumbnailUrl\":\"https:\\\/\\\/wigstore-nzk.com\\\/wp-content\\\/uploads\\\/2025\\\/03\\\/4_1.png\",\"datePublished\":\"2025-03-20T21:39:09+00:00\",\"dateModified\":\"2025-11-13T09:47:15+00:00\",\"description\":\"Elastyczna ta\u015bma br\u0105z 10m \u2013 Zapewnij swojej peruce idealne dopasowanie! Nasza elastyczna ta\u015bma\\\/gumka skutecznie stabilizuje peruk\u0119, zapobiegaj\u0105c jej przesuwaniu si\u0119. Wykonana z mi\u0119kkiego, trwa\u0142ego materia\u0142u, gwarantuje wygod\u0119 noszenia przez ca\u0142y dzie\u0144. Wybierz idealne rozwi\u0105zanie dla siebie i ciesz si\u0119 wygod\u0105!\",\"breadcrumb\":{\"@id\":\"https:\\\/\\\/wigstore-nzk.com\\\/produkt\\\/elastyczna-tasma-braz-10m\\\/#breadcrumb\"},\"inLanguage\":\"en-US\",\"potentialAction\":[{\"@type\":\"ReadAction\",\"target\":[\"https:\\\/\\\/wigstore-nzk.com\\\/produkt\\\/elastyczna-tasma-braz-10m\\\/\"]}]},{\"@type\":\"ImageObject\",\"inLanguage\":\"en-US\",\"@id\":\"https:\\\/\\\/wigstore-nzk.com\\\/produkt\\\/elastyczna-tasma-braz-10m\\\/#primaryimage\",\"url\":\"https:\\\/\\\/wigstore-nzk.com\\\/wp-content\\\/uploads\\\/2025\\\/03\\\/4_1.png\",\"contentUrl\":\"https:\\\/\\\/wigstore-nzk.com\\\/wp-content\\\/uploads\\\/2025\\\/03\\\/4_1.png\",\"width\":1080,\"height\":1080,\"caption\":\"Elastyczna ta\u015bma br\u0105z\"},{\"@type\":\"BreadcrumbList\",\"@id\":\"https:\\\/\\\/wigstore-nzk.com\\\/produkt\\\/elastyczna-tasma-braz-10m\\\/#breadcrumb\",\"itemListElement\":[{\"@type\":\"ListItem\",\"position\":1,\"name\":\"Strona g\u0142\u00f3wna\",\"item\":\"https:\\\/\\\/wigstore-nzk.com\\\/\"},{\"@type\":\"ListItem\",\"position\":2,\"name\":\"Sklep\",\"item\":\"https:\\\/\\\/wigstore-nzk.com\\\/sklep\\\/\"},{\"@type\":\"ListItem\",\"position\":3,\"name\":\"Elastyczna ta\u015bma, br\u0105z 10m\"}]},{\"@type\":\"WebSite\",\"@id\":\"https:\\\/\\\/wigstore-nzk.com\\\/#website\",\"url\":\"https:\\\/\\\/wigstore-nzk.com\\\/\",\"name\":\"NZK-Wigstore\",\"description\":\"\",\"potentialAction\":[{\"@type\":\"SearchAction\",\"target\":{\"@type\":\"EntryPoint\",\"urlTemplate\":\"https:\\\/\\\/wigstore-nzk.com\\\/?s={search_term_string}\"},\"query-input\":{\"@type\":\"PropertyValueSpecification\",\"valueRequired\":true,\"valueName\":\"search_term_string\"}}],\"inLanguage\":\"en-US\"}]}<\/script>\n<!-- \/ Yoast SEO Premium plugin. -->","yoast_head_json":{"title":"Elastyczna ta\u015bma br\u0105z 10m - NZK-Wigstore","description":"Elastyczna ta\u015bma br\u0105z 10m \u2013 Zapewnij swojej peruce idealne dopasowanie! Nasza elastyczna ta\u015bma\/gumka skutecznie stabilizuje peruk\u0119, zapobiegaj\u0105c jej przesuwaniu si\u0119. Wykonana z mi\u0119kkiego, trwa\u0142ego materia\u0142u, gwarantuje wygod\u0119 noszenia przez ca\u0142y dzie\u0144. Wybierz idealne rozwi\u0105zanie dla siebie i ciesz si\u0119 wygod\u0105!","robots":{"index":"index","follow":"follow","max-snippet":"max-snippet:-1","max-image-preview":"max-image-preview:large","max-video-preview":"max-video-preview:-1"},"canonical":"https:\/\/wigstore-nzk.com\/en\/product\/elastyczna-tasma-braz-10m\/","og_locale":"en_US","og_type":"article","og_title":"Elastyczna ta\u015bma, br\u0105z 10m","og_description":"Elastyczna ta\u015bma br\u0105z 10m \u2013 Zapewnij swojej peruce idealne dopasowanie! Nasza elastyczna ta\u015bma\/gumka skutecznie stabilizuje peruk\u0119, zapobiegaj\u0105c jej przesuwaniu si\u0119. Wykonana z mi\u0119kkiego, trwa\u0142ego materia\u0142u, gwarantuje wygod\u0119 noszenia przez ca\u0142y dzie\u0144. Wybierz idealne rozwi\u0105zanie dla siebie i ciesz si\u0119 wygod\u0105!","og_url":"https:\/\/wigstore-nzk.com\/en\/product\/elastyczna-tasma-braz-10m\/","og_site_name":"NZK-Wigstore","article_modified_time":"2025-11-13T09:47:15+00:00","og_image":[{"width":1080,"height":1080,"url":"https:\/\/wigstore-nzk.com\/wp-content\/uploads\/2025\/03\/4_1.png","type":"image\/png"}],"twitter_card":"summary_large_image","twitter_misc":{"Est. reading time":"2 minutes"},"schema":{"@context":"https:\/\/schema.org","@graph":[{"@type":"WebPage","@id":"https:\/\/wigstore-nzk.com\/produkt\/elastyczna-tasma-braz-10m\/","url":"https:\/\/wigstore-nzk.com\/produkt\/elastyczna-tasma-braz-10m\/","name":"Elastyczna ta\u015bma br\u0105z 10m - NZK-Wigstore","isPartOf":{"@id":"https:\/\/wigstore-nzk.com\/#website"},"primaryImageOfPage":{"@id":"https:\/\/wigstore-nzk.com\/produkt\/elastyczna-tasma-braz-10m\/#primaryimage"},"image":{"@id":"https:\/\/wigstore-nzk.com\/produkt\/elastyczna-tasma-braz-10m\/#primaryimage"},"thumbnailUrl":"https:\/\/wigstore-nzk.com\/wp-content\/uploads\/2025\/03\/4_1.png","datePublished":"2025-03-20T21:39:09+00:00","dateModified":"2025-11-13T09:47:15+00:00","description":"Elastyczna ta\u015bma br\u0105z 10m \u2013 Zapewnij swojej peruce idealne dopasowanie! Nasza elastyczna ta\u015bma\/gumka skutecznie stabilizuje peruk\u0119, zapobiegaj\u0105c jej przesuwaniu si\u0119. Wykonana z mi\u0119kkiego, trwa\u0142ego materia\u0142u, gwarantuje wygod\u0119 noszenia przez ca\u0142y dzie\u0144. Wybierz idealne rozwi\u0105zanie dla siebie i ciesz si\u0119 wygod\u0105!","breadcrumb":{"@id":"https:\/\/wigstore-nzk.com\/produkt\/elastyczna-tasma-braz-10m\/#breadcrumb"},"inLanguage":"en-US","potentialAction":[{"@type":"ReadAction","target":["https:\/\/wigstore-nzk.com\/produkt\/elastyczna-tasma-braz-10m\/"]}]},{"@type":"ImageObject","inLanguage":"en-US","@id":"https:\/\/wigstore-nzk.com\/produkt\/elastyczna-tasma-braz-10m\/#primaryimage","url":"https:\/\/wigstore-nzk.com\/wp-content\/uploads\/2025\/03\/4_1.png","contentUrl":"https:\/\/wigstore-nzk.com\/wp-content\/uploads\/2025\/03\/4_1.png","width":1080,"height":1080,"caption":"Elastyczna ta\u015bma br\u0105z"},{"@type":"BreadcrumbList","@id":"https:\/\/wigstore-nzk.com\/produkt\/elastyczna-tasma-braz-10m\/#breadcrumb","itemListElement":[{"@type":"ListItem","position":1,"name":"Strona g\u0142\u00f3wna","item":"https:\/\/wigstore-nzk.com\/"},{"@type":"ListItem","position":2,"name":"Sklep","item":"https:\/\/wigstore-nzk.com\/sklep\/"},{"@type":"ListItem","position":3,"name":"Elastyczna ta\u015bma, br\u0105z 10m"}]},{"@type":"WebSite","@id":"https:\/\/wigstore-nzk.com\/#website","url":"https:\/\/wigstore-nzk.com\/","name":"NZK-Wigstore","description":"","potentialAction":[{"@type":"SearchAction","target":{"@type":"EntryPoint","urlTemplate":"https:\/\/wigstore-nzk.com\/?s={search_term_string}"},"query-input":{"@type":"PropertyValueSpecification","valueRequired":true,"valueName":"search_term_string"}}],"inLanguage":"en-US"}]}},"_links":{"self":[{"href":"https:\/\/wigstore-nzk.com\/en\/wp-json\/wp\/v2\/product\/1848","targetHints":{"allow":["GET"]}}],"collection":[{"href":"https:\/\/wigstore-nzk.com\/en\/wp-json\/wp\/v2\/product"}],"about":[{"href":"https:\/\/wigstore-nzk.com\/en\/wp-json\/wp\/v2\/types\/product"}],"version-history":[{"count":5,"href":"https:\/\/wigstore-nzk.com\/en\/wp-json\/wp\/v2\/product\/1848\/revisions"}],"predecessor-version":[{"id":2872,"href":"https:\/\/wigstore-nzk.com\/en\/wp-json\/wp\/v2\/product\/1848\/revisions\/2872"}],"wp:featuredmedia":[{"embeddable":true,"href":"https:\/\/wigstore-nzk.com\/en\/wp-json\/wp\/v2\/media\/1849"}],"wp:attachment":[{"href":"https:\/\/wigstore-nzk.com\/en\/wp-json\/wp\/v2\/media?parent=1848"}],"wp:term":[{"taxonomy":"product_brand","embeddable":true,"href":"https:\/\/wigstore-nzk.com\/en\/wp-json\/wp\/v2\/product_brand?post=1848"},{"taxonomy":"product_cat","embeddable":true,"href":"https:\/\/wigstore-nzk.com\/en\/wp-json\/wp\/v2\/product_cat?post=1848"},{"taxonomy":"product_tag","embeddable":true,"href":"https:\/\/wigstore-nzk.com\/en\/wp-json\/wp\/v2\/product_tag?post=1848"}],"curies":[{"name":"wp","href":"https:\/\/api.w.org\/{rel}","templated":true}]}}