{"id":1865,"date":"2025-03-20T23:11:07","date_gmt":"2025-03-20T22:11:07","guid":{"rendered":"https:\/\/wigstore-nzk.com\/?post_type=product&#038;p=1865"},"modified":"2025-12-01T12:53:09","modified_gmt":"2025-12-01T11:53:09","slug":"kolorowe-klipsy-do-wlosow","status":"publish","type":"product","link":"https:\/\/wigstore-nzk.com\/en\/product\/kolorowe-klipsy-do-wlosow\/","title":{"rendered":"Kolorowe spinki do w\u0142os\u00f3w, 10 sztuk"},"content":{"rendered":"<p>Kolorowe plastikowe klipsy do tresek \u2013 mocne, trwa\u0142e i bezpieczne dla nici<\/p>\n<p>&nbsp;<\/p>\n<div dir=\"auto\">Tw\u00f3rz profesjonalne treski z naszymi kolorowymi plastikowymi klipsami! Idealne do przed\u0142u\u017cania i zag\u0119szczania w\u0142os\u00f3w, zapewniaj\u0105 mocne trzymanie bez ryzyka uszkodzenia nici. Idealne do utrzymywania nici przy tworzeniu tresek. Dzi\u0119ki solidnej konstrukcji i precyzyjnemu mechanizmowi zatrzaskowemu klipsy nie \u015blizgaj\u0105 si\u0119 i gwarantuj\u0105 d\u0142ugotrwa\u0142y efekt.<\/div>\n<div dir=\"auto\"><\/div>\n<div dir=\"auto\"><\/div>\n<div dir=\"auto\"><\/div>\n<div dir=\"auto\">Dlaczego warto wybra\u0107 nasze klipsy do tresek?<\/div>\n<div dir=\"auto\">\u2705\u00a0Wytrzyma\u0142e i lekkie \u2013 wykonane z wysokiej jako\u015bci plastiku<\/div>\n<div dir=\"auto\">\u2705 Bezpieczne dla nici \u2013 nie przecinaj\u0105 i nie os\u0142abiaj\u0105 mocowania<\/div>\n<div dir=\"auto\">\u2705\u00a0Mocny chwyt \u2013 stabilnie trzymaj\u0105 w\u0142osy przez ca\u0142y dzie\u0144<\/div>\n<div dir=\"auto\">\u2705\u00a0Kolorowe opcje \u2013 dopasuj odcie\u0144 do swoich tresek<\/div>\n<div dir=\"auto\"><\/div>\n<div dir=\"auto\">Doskona\u0142e dla stylist\u00f3w, perukarzy oraz do u\u017cytku domowego. Wybierz trwa\u0142o\u015b\u0107 i wygod\u0119 \u2013 zam\u00f3w ju\u017c dzi\u015b!<\/div>\n<div class=\"yj6qo\"><\/div>\n<div class=\"adL\" dir=\"auto\"><\/div>","protected":false},"excerpt":{"rendered":"<p>Kolorowe plastikowe klipsy do tresek \u2013 mocne, lekkie i bezpieczne dla nici. Zapewniaj\u0105 stabilne trzymanie w\u0142os\u00f3w bez ich uszkadzania. Idealne do utrzymywania w\u0142os\u00f3w przy tworzeniu tresek. Wybierz trwa\u0142o\u015b\u0107 i wygod\u0119 \u2013 zam\u00f3w ju\u017c dzi\u015b!<\/p>\n<p>Kupuj\u0105c jeden produkt otrzymasz 10 sztuk klips\u00f3w, je\u017celi potrzebujesz wi\u0119kszej liczby klips\u00f3w wybierz odpowiedni\u0105 ilo\u015b\u0107 sztuk.<\/p>","protected":false},"featured_media":1866,"template":"","meta":[],"product_brand":[],"product_cat":[28,44,38],"product_tag":[326,328,327],"class_list":{"0":"post-1865","1":"product","2":"type-product","3":"status-publish","4":"has-post-thumbnail","6":"product_cat-akcesoria","7":"product_cat-przyrzady-do-trzymania-wlosow","8":"product_cat-spinki-i-wsuwki-do-wlosow","9":"product_tag-klipsy","10":"product_tag-plastijkowe-klipsy-do-tresek","11":"product_tag-treski","13":"first","14":"instock","15":"taxable","16":"shipping-taxable","17":"purchasable","18":"product-type-simple"},"yoast_head":"<!-- This site is optimized with the Yoast SEO Premium plugin v24.5 (Yoast SEO v27.5) - https:\/\/yoast.com\/product\/yoast-seo-premium-wordpress\/ -->\n<title>Kolorowe spinki do w\u0142os\u00f3w, 10 sztuk - NZK-Wigstore<\/title>\n<meta name=\"description\" content=\"Kolorowe plastikowe klipsy do tresek \u2013 mocne, lekkie i bezpieczne dla nici. Zapewniaj\u0105 stabilne trzymanie w\u0142os\u00f3w bez ich uszkadzania. Idealne do utrzymywania w\u0142os\u00f3w przy tworzeniu tresek. Wybierz trwa\u0142o\u015b\u0107 i wygod\u0119 \u2013 zam\u00f3w ju\u017c dzi\u015b!\" \/>\n<meta name=\"robots\" content=\"index, follow, max-snippet:-1, max-image-preview:large, max-video-preview:-1\" \/>\n<link rel=\"canonical\" href=\"https:\/\/wigstore-nzk.com\/en\/product\/kolorowe-klipsy-do-wlosow\/\" \/>\n<meta property=\"og:locale\" content=\"en_US\" \/>\n<meta property=\"og:type\" content=\"article\" \/>\n<meta property=\"og:title\" content=\"Kolorowe spinki do w\u0142os\u00f3w, 10 sztuk\" \/>\n<meta property=\"og:description\" content=\"Kolorowe plastikowe klipsy do tresek \u2013 mocne, lekkie i bezpieczne dla nici. Zapewniaj\u0105 stabilne trzymanie w\u0142os\u00f3w bez ich uszkadzania. Idealne do utrzymywania w\u0142os\u00f3w przy tworzeniu tresek. Wybierz trwa\u0142o\u015b\u0107 i wygod\u0119 \u2013 zam\u00f3w ju\u017c dzi\u015b!\" \/>\n<meta property=\"og:url\" content=\"https:\/\/wigstore-nzk.com\/en\/product\/kolorowe-klipsy-do-wlosow\/\" \/>\n<meta property=\"og:site_name\" content=\"NZK-Wigstore\" \/>\n<meta property=\"article:modified_time\" content=\"2025-12-01T11:53:09+00:00\" \/>\n<meta property=\"og:image\" content=\"https:\/\/wigstore-nzk.com\/wp-content\/uploads\/2025\/03\/25_1.jpg\" \/>\n\t<meta property=\"og:image:width\" content=\"1555\" \/>\n\t<meta property=\"og:image:height\" content=\"1806\" \/>\n\t<meta property=\"og:image:type\" content=\"image\/jpeg\" \/>\n<meta name=\"twitter:card\" content=\"summary_large_image\" \/>\n<meta name=\"twitter:label1\" content=\"Est. reading time\" \/>\n\t<meta name=\"twitter:data1\" content=\"1 minute\" \/>\n<script type=\"application\/ld+json\" class=\"yoast-schema-graph\">{\"@context\":\"https:\\\/\\\/schema.org\",\"@graph\":[{\"@type\":\"WebPage\",\"@id\":\"https:\\\/\\\/wigstore-nzk.com\\\/produkt\\\/kolorowe-klipsy-do-wlosow\\\/\",\"url\":\"https:\\\/\\\/wigstore-nzk.com\\\/produkt\\\/kolorowe-klipsy-do-wlosow\\\/\",\"name\":\"Kolorowe spinki do w\u0142os\u00f3w, 10 sztuk - NZK-Wigstore\",\"isPartOf\":{\"@id\":\"https:\\\/\\\/wigstore-nzk.com\\\/#website\"},\"primaryImageOfPage\":{\"@id\":\"https:\\\/\\\/wigstore-nzk.com\\\/produkt\\\/kolorowe-klipsy-do-wlosow\\\/#primaryimage\"},\"image\":{\"@id\":\"https:\\\/\\\/wigstore-nzk.com\\\/produkt\\\/kolorowe-klipsy-do-wlosow\\\/#primaryimage\"},\"thumbnailUrl\":\"https:\\\/\\\/wigstore-nzk.com\\\/wp-content\\\/uploads\\\/2025\\\/03\\\/25_1.jpg\",\"datePublished\":\"2025-03-20T22:11:07+00:00\",\"dateModified\":\"2025-12-01T11:53:09+00:00\",\"description\":\"Kolorowe plastikowe klipsy do tresek \u2013 mocne, lekkie i bezpieczne dla nici. Zapewniaj\u0105 stabilne trzymanie w\u0142os\u00f3w bez ich uszkadzania. Idealne do utrzymywania w\u0142os\u00f3w przy tworzeniu tresek. Wybierz trwa\u0142o\u015b\u0107 i wygod\u0119 \u2013 zam\u00f3w ju\u017c dzi\u015b!\",\"breadcrumb\":{\"@id\":\"https:\\\/\\\/wigstore-nzk.com\\\/produkt\\\/kolorowe-klipsy-do-wlosow\\\/#breadcrumb\"},\"inLanguage\":\"en-US\",\"potentialAction\":[{\"@type\":\"ReadAction\",\"target\":[\"https:\\\/\\\/wigstore-nzk.com\\\/produkt\\\/kolorowe-klipsy-do-wlosow\\\/\"]}]},{\"@type\":\"ImageObject\",\"inLanguage\":\"en-US\",\"@id\":\"https:\\\/\\\/wigstore-nzk.com\\\/produkt\\\/kolorowe-klipsy-do-wlosow\\\/#primaryimage\",\"url\":\"https:\\\/\\\/wigstore-nzk.com\\\/wp-content\\\/uploads\\\/2025\\\/03\\\/25_1.jpg\",\"contentUrl\":\"https:\\\/\\\/wigstore-nzk.com\\\/wp-content\\\/uploads\\\/2025\\\/03\\\/25_1.jpg\",\"width\":1555,\"height\":1806,\"caption\":\"Kolorowe klipsy\"},{\"@type\":\"BreadcrumbList\",\"@id\":\"https:\\\/\\\/wigstore-nzk.com\\\/produkt\\\/kolorowe-klipsy-do-wlosow\\\/#breadcrumb\",\"itemListElement\":[{\"@type\":\"ListItem\",\"position\":1,\"name\":\"Strona g\u0142\u00f3wna\",\"item\":\"https:\\\/\\\/wigstore-nzk.com\\\/\"},{\"@type\":\"ListItem\",\"position\":2,\"name\":\"Sklep\",\"item\":\"https:\\\/\\\/wigstore-nzk.com\\\/sklep\\\/\"},{\"@type\":\"ListItem\",\"position\":3,\"name\":\"Kolorowe spinki do w\u0142os\u00f3w, 10 sztuk\"}]},{\"@type\":\"WebSite\",\"@id\":\"https:\\\/\\\/wigstore-nzk.com\\\/#website\",\"url\":\"https:\\\/\\\/wigstore-nzk.com\\\/\",\"name\":\"NZK-Wigstore\",\"description\":\"\",\"potentialAction\":[{\"@type\":\"SearchAction\",\"target\":{\"@type\":\"EntryPoint\",\"urlTemplate\":\"https:\\\/\\\/wigstore-nzk.com\\\/?s={search_term_string}\"},\"query-input\":{\"@type\":\"PropertyValueSpecification\",\"valueRequired\":true,\"valueName\":\"search_term_string\"}}],\"inLanguage\":\"en-US\"}]}<\/script>\n<!-- \/ Yoast SEO Premium plugin. -->","yoast_head_json":{"title":"Kolorowe spinki do w\u0142os\u00f3w, 10 sztuk - NZK-Wigstore","description":"Kolorowe plastikowe klipsy do tresek \u2013 mocne, lekkie i bezpieczne dla nici. Zapewniaj\u0105 stabilne trzymanie w\u0142os\u00f3w bez ich uszkadzania. Idealne do utrzymywania w\u0142os\u00f3w przy tworzeniu tresek. Wybierz trwa\u0142o\u015b\u0107 i wygod\u0119 \u2013 zam\u00f3w ju\u017c dzi\u015b!","robots":{"index":"index","follow":"follow","max-snippet":"max-snippet:-1","max-image-preview":"max-image-preview:large","max-video-preview":"max-video-preview:-1"},"canonical":"https:\/\/wigstore-nzk.com\/en\/product\/kolorowe-klipsy-do-wlosow\/","og_locale":"en_US","og_type":"article","og_title":"Kolorowe spinki do w\u0142os\u00f3w, 10 sztuk","og_description":"Kolorowe plastikowe klipsy do tresek \u2013 mocne, lekkie i bezpieczne dla nici. Zapewniaj\u0105 stabilne trzymanie w\u0142os\u00f3w bez ich uszkadzania. Idealne do utrzymywania w\u0142os\u00f3w przy tworzeniu tresek. Wybierz trwa\u0142o\u015b\u0107 i wygod\u0119 \u2013 zam\u00f3w ju\u017c dzi\u015b!","og_url":"https:\/\/wigstore-nzk.com\/en\/product\/kolorowe-klipsy-do-wlosow\/","og_site_name":"NZK-Wigstore","article_modified_time":"2025-12-01T11:53:09+00:00","og_image":[{"width":1555,"height":1806,"url":"https:\/\/wigstore-nzk.com\/wp-content\/uploads\/2025\/03\/25_1.jpg","type":"image\/jpeg"}],"twitter_card":"summary_large_image","twitter_misc":{"Est. reading time":"1 minute"},"schema":{"@context":"https:\/\/schema.org","@graph":[{"@type":"WebPage","@id":"https:\/\/wigstore-nzk.com\/produkt\/kolorowe-klipsy-do-wlosow\/","url":"https:\/\/wigstore-nzk.com\/produkt\/kolorowe-klipsy-do-wlosow\/","name":"Kolorowe spinki do w\u0142os\u00f3w, 10 sztuk - NZK-Wigstore","isPartOf":{"@id":"https:\/\/wigstore-nzk.com\/#website"},"primaryImageOfPage":{"@id":"https:\/\/wigstore-nzk.com\/produkt\/kolorowe-klipsy-do-wlosow\/#primaryimage"},"image":{"@id":"https:\/\/wigstore-nzk.com\/produkt\/kolorowe-klipsy-do-wlosow\/#primaryimage"},"thumbnailUrl":"https:\/\/wigstore-nzk.com\/wp-content\/uploads\/2025\/03\/25_1.jpg","datePublished":"2025-03-20T22:11:07+00:00","dateModified":"2025-12-01T11:53:09+00:00","description":"Kolorowe plastikowe klipsy do tresek \u2013 mocne, lekkie i bezpieczne dla nici. Zapewniaj\u0105 stabilne trzymanie w\u0142os\u00f3w bez ich uszkadzania. Idealne do utrzymywania w\u0142os\u00f3w przy tworzeniu tresek. Wybierz trwa\u0142o\u015b\u0107 i wygod\u0119 \u2013 zam\u00f3w ju\u017c dzi\u015b!","breadcrumb":{"@id":"https:\/\/wigstore-nzk.com\/produkt\/kolorowe-klipsy-do-wlosow\/#breadcrumb"},"inLanguage":"en-US","potentialAction":[{"@type":"ReadAction","target":["https:\/\/wigstore-nzk.com\/produkt\/kolorowe-klipsy-do-wlosow\/"]}]},{"@type":"ImageObject","inLanguage":"en-US","@id":"https:\/\/wigstore-nzk.com\/produkt\/kolorowe-klipsy-do-wlosow\/#primaryimage","url":"https:\/\/wigstore-nzk.com\/wp-content\/uploads\/2025\/03\/25_1.jpg","contentUrl":"https:\/\/wigstore-nzk.com\/wp-content\/uploads\/2025\/03\/25_1.jpg","width":1555,"height":1806,"caption":"Kolorowe klipsy"},{"@type":"BreadcrumbList","@id":"https:\/\/wigstore-nzk.com\/produkt\/kolorowe-klipsy-do-wlosow\/#breadcrumb","itemListElement":[{"@type":"ListItem","position":1,"name":"Strona g\u0142\u00f3wna","item":"https:\/\/wigstore-nzk.com\/"},{"@type":"ListItem","position":2,"name":"Sklep","item":"https:\/\/wigstore-nzk.com\/sklep\/"},{"@type":"ListItem","position":3,"name":"Kolorowe spinki do w\u0142os\u00f3w, 10 sztuk"}]},{"@type":"WebSite","@id":"https:\/\/wigstore-nzk.com\/#website","url":"https:\/\/wigstore-nzk.com\/","name":"NZK-Wigstore","description":"","potentialAction":[{"@type":"SearchAction","target":{"@type":"EntryPoint","urlTemplate":"https:\/\/wigstore-nzk.com\/?s={search_term_string}"},"query-input":{"@type":"PropertyValueSpecification","valueRequired":true,"valueName":"search_term_string"}}],"inLanguage":"en-US"}]}},"_links":{"self":[{"href":"https:\/\/wigstore-nzk.com\/en\/wp-json\/wp\/v2\/product\/1865","targetHints":{"allow":["GET"]}}],"collection":[{"href":"https:\/\/wigstore-nzk.com\/en\/wp-json\/wp\/v2\/product"}],"about":[{"href":"https:\/\/wigstore-nzk.com\/en\/wp-json\/wp\/v2\/types\/product"}],"version-history":[{"count":7,"href":"https:\/\/wigstore-nzk.com\/en\/wp-json\/wp\/v2\/product\/1865\/revisions"}],"predecessor-version":[{"id":2939,"href":"https:\/\/wigstore-nzk.com\/en\/wp-json\/wp\/v2\/product\/1865\/revisions\/2939"}],"wp:featuredmedia":[{"embeddable":true,"href":"https:\/\/wigstore-nzk.com\/en\/wp-json\/wp\/v2\/media\/1866"}],"wp:attachment":[{"href":"https:\/\/wigstore-nzk.com\/en\/wp-json\/wp\/v2\/media?parent=1865"}],"wp:term":[{"taxonomy":"product_brand","embeddable":true,"href":"https:\/\/wigstore-nzk.com\/en\/wp-json\/wp\/v2\/product_brand?post=1865"},{"taxonomy":"product_cat","embeddable":true,"href":"https:\/\/wigstore-nzk.com\/en\/wp-json\/wp\/v2\/product_cat?post=1865"},{"taxonomy":"product_tag","embeddable":true,"href":"https:\/\/wigstore-nzk.com\/en\/wp-json\/wp\/v2\/product_tag?post=1865"}],"curies":[{"name":"wp","href":"https:\/\/api.w.org\/{rel}","templated":true}]}}