{"id":2004,"date":"2025-03-24T22:58:20","date_gmt":"2025-03-24T21:58:20","guid":{"rendered":"https:\/\/wigstore-nzk.com\/?post_type=product&#038;p=2004"},"modified":"2025-11-06T18:48:42","modified_gmt":"2025-11-06T17:48:42","slug":"tiul-do-brwi-lace-front-bezowy","status":"publish","type":"product","link":"https:\/\/wigstore-nzk.com\/en\/product\/tiul-do-brwi-lace-front-bezowy\/","title":{"rendered":"Tiul do brwi lace front be\u017cowy"},"content":{"rendered":"<p>Tiul do brwi lace front be\u017cowy, subtelna i niemal niewidoczna tkanina, specjalnie przeznaczona do tworzenia profesjonalnych brwi, front\u00f3w peruk oraz innych element\u00f3w charakteryzatorskich. Dzi\u0119ki wyj\u0105tkowo drobnym oczkom, idealnie dopasowuje si\u0119 do sk\u00f3ry, zapewniaj\u0105c realistyczny i naturalny efekt. Lekki, elastyczny materia\u0142 o szeroko\u015bci 117 cm umo\u017cliwia precyzyjne dopasowanie do ka\u017cdego projektu. Idealny do zastosowa\u0144 w filmie, teatrze oraz charakteryzacji scenicznej. Produkt sprzedawany na centymetry, co pozwala na zakup dok\u0142adnej ilo\u015bci materia\u0142u zgodnej z potrzebami.<\/p>\n<p>&nbsp;<\/p>\n<p>&nbsp;<\/p>\n<p>Cechy produktu:<br \/>\n\u2705 Kolor: #4 (subtelny, naturalny odcie\u0144 be\u017cu)<br \/>\n\u2705 Szeroko\u015b\u0107: 117 cm<br \/>\n\u2705 D\u0142ugo\u015b\u0107 rolki: 5,5 m (sprzeda\u017c na cm)<br \/>\n\u2705 Zastosowanie: tworzenie brwi, front\u00f3w peruk, charakteryzacja filmowa i teatralna<br \/>\n\u2705 Delikatny, niemal niewidoczny efekt<\/p>","protected":false},"excerpt":{"rendered":"<p>Tiul do brwi lace front be\u017cowy \u2013 subtelny i transparentny tiul o naturalnym odcieniu, idealny do tworzenia profesjonalnych brwi, peruk oraz charakteryzacji. Szeroko\u015b\u0107 117 cm, sprzeda\u017c na centymetry.<\/p>\n<p>Uwaga, kupuj\u0105c jedn\u0105 sztuk\u0119 zamawiasz 1 cm produktu o szeroko\u015bci 125cm, je\u017celi chcesz zam\u00f3wi\u0107 d\u0142u\u017cszy odcinek wybie\u017c odpowiedni\u0105 ilo\u015b\u0107 produkt\u00f3w.<\/p>","protected":false},"featured_media":2005,"template":"","meta":[],"product_brand":[],"product_cat":[28,48],"product_tag":[330,333,331],"class_list":{"0":"post-2004","1":"product","2":"type-product","3":"status-publish","4":"has-post-thumbnail","6":"product_cat-akcesoria","7":"product_cat-materialy-tiule-gazy-perukarskie","8":"product_tag-peruka","9":"product_tag-tiul-do-brwi","10":"product_tag-tiul-filmowy","12":"first","13":"instock","14":"taxable","15":"shipping-taxable","16":"purchasable","17":"product-type-simple"},"yoast_head":"<!-- This site is optimized with the Yoast SEO Premium plugin v24.5 (Yoast SEO v27.5) - https:\/\/yoast.com\/product\/yoast-seo-premium-wordpress\/ -->\n<title>Tiul do brwi lace front be\u017cowy - NZK-Wigstore<\/title>\n<meta name=\"description\" content=\"Subtelny i transparentny tiul o naturalnym odcieniu, idealny do tworzenia profesjonalnych brwi, peruk oraz charakteryzacji.\" \/>\n<meta name=\"robots\" content=\"index, follow, max-snippet:-1, max-image-preview:large, max-video-preview:-1\" \/>\n<link rel=\"canonical\" href=\"https:\/\/wigstore-nzk.com\/en\/product\/tiul-do-brwi-lace-front-bezowy\/\" \/>\n<meta property=\"og:locale\" content=\"en_US\" \/>\n<meta property=\"og:type\" content=\"article\" \/>\n<meta property=\"og:title\" content=\"Tiul do brwi lace front be\u017cowy\" \/>\n<meta property=\"og:description\" content=\"Subtelny i transparentny tiul o naturalnym odcieniu, idealny do tworzenia profesjonalnych brwi, peruk oraz charakteryzacji.\" \/>\n<meta property=\"og:url\" content=\"https:\/\/wigstore-nzk.com\/en\/product\/tiul-do-brwi-lace-front-bezowy\/\" \/>\n<meta property=\"og:site_name\" content=\"NZK-Wigstore\" \/>\n<meta property=\"article:modified_time\" content=\"2025-11-06T17:48:42+00:00\" \/>\n<meta property=\"og:image\" content=\"https:\/\/wigstore-nzk.com\/wp-content\/uploads\/2025\/03\/11H_1-Duze.jpg\" \/>\n\t<meta property=\"og:image:width\" content=\"1350\" \/>\n\t<meta property=\"og:image:height\" content=\"1080\" \/>\n\t<meta property=\"og:image:type\" content=\"image\/jpeg\" \/>\n<meta name=\"twitter:card\" content=\"summary_large_image\" \/>\n<meta name=\"twitter:label1\" content=\"Est. reading time\" \/>\n\t<meta name=\"twitter:data1\" content=\"1 minute\" \/>\n<script type=\"application\/ld+json\" class=\"yoast-schema-graph\">{\"@context\":\"https:\\\/\\\/schema.org\",\"@graph\":[{\"@type\":\"WebPage\",\"@id\":\"https:\\\/\\\/wigstore-nzk.com\\\/produkt\\\/tiul-do-brwi-lace-front-bezowy\\\/\",\"url\":\"https:\\\/\\\/wigstore-nzk.com\\\/produkt\\\/tiul-do-brwi-lace-front-bezowy\\\/\",\"name\":\"Tiul do brwi lace front be\u017cowy - NZK-Wigstore\",\"isPartOf\":{\"@id\":\"https:\\\/\\\/wigstore-nzk.com\\\/#website\"},\"primaryImageOfPage\":{\"@id\":\"https:\\\/\\\/wigstore-nzk.com\\\/produkt\\\/tiul-do-brwi-lace-front-bezowy\\\/#primaryimage\"},\"image\":{\"@id\":\"https:\\\/\\\/wigstore-nzk.com\\\/produkt\\\/tiul-do-brwi-lace-front-bezowy\\\/#primaryimage\"},\"thumbnailUrl\":\"https:\\\/\\\/wigstore-nzk.com\\\/wp-content\\\/uploads\\\/2025\\\/03\\\/11H_1-Duze.jpg\",\"datePublished\":\"2025-03-24T21:58:20+00:00\",\"dateModified\":\"2025-11-06T17:48:42+00:00\",\"description\":\"Subtelny i transparentny tiul o naturalnym odcieniu, idealny do tworzenia profesjonalnych brwi, peruk oraz charakteryzacji.\",\"breadcrumb\":{\"@id\":\"https:\\\/\\\/wigstore-nzk.com\\\/produkt\\\/tiul-do-brwi-lace-front-bezowy\\\/#breadcrumb\"},\"inLanguage\":\"en-US\",\"potentialAction\":[{\"@type\":\"ReadAction\",\"target\":[\"https:\\\/\\\/wigstore-nzk.com\\\/produkt\\\/tiul-do-brwi-lace-front-bezowy\\\/\"]}]},{\"@type\":\"ImageObject\",\"inLanguage\":\"en-US\",\"@id\":\"https:\\\/\\\/wigstore-nzk.com\\\/produkt\\\/tiul-do-brwi-lace-front-bezowy\\\/#primaryimage\",\"url\":\"https:\\\/\\\/wigstore-nzk.com\\\/wp-content\\\/uploads\\\/2025\\\/03\\\/11H_1-Duze.jpg\",\"contentUrl\":\"https:\\\/\\\/wigstore-nzk.com\\\/wp-content\\\/uploads\\\/2025\\\/03\\\/11H_1-Duze.jpg\",\"width\":1350,\"height\":1080,\"caption\":\"tiul do brwi lance front\"},{\"@type\":\"BreadcrumbList\",\"@id\":\"https:\\\/\\\/wigstore-nzk.com\\\/produkt\\\/tiul-do-brwi-lace-front-bezowy\\\/#breadcrumb\",\"itemListElement\":[{\"@type\":\"ListItem\",\"position\":1,\"name\":\"Strona g\u0142\u00f3wna\",\"item\":\"https:\\\/\\\/wigstore-nzk.com\\\/\"},{\"@type\":\"ListItem\",\"position\":2,\"name\":\"Sklep\",\"item\":\"https:\\\/\\\/wigstore-nzk.com\\\/sklep\\\/\"},{\"@type\":\"ListItem\",\"position\":3,\"name\":\"Tiul do brwi lace front be\u017cowy\"}]},{\"@type\":\"WebSite\",\"@id\":\"https:\\\/\\\/wigstore-nzk.com\\\/#website\",\"url\":\"https:\\\/\\\/wigstore-nzk.com\\\/\",\"name\":\"NZK-Wigstore\",\"description\":\"\",\"potentialAction\":[{\"@type\":\"SearchAction\",\"target\":{\"@type\":\"EntryPoint\",\"urlTemplate\":\"https:\\\/\\\/wigstore-nzk.com\\\/?s={search_term_string}\"},\"query-input\":{\"@type\":\"PropertyValueSpecification\",\"valueRequired\":true,\"valueName\":\"search_term_string\"}}],\"inLanguage\":\"en-US\"}]}<\/script>\n<!-- \/ Yoast SEO Premium plugin. -->","yoast_head_json":{"title":"Tiul do brwi lace front be\u017cowy - NZK-Wigstore","description":"Subtelny i transparentny tiul o naturalnym odcieniu, idealny do tworzenia profesjonalnych brwi, peruk oraz charakteryzacji.","robots":{"index":"index","follow":"follow","max-snippet":"max-snippet:-1","max-image-preview":"max-image-preview:large","max-video-preview":"max-video-preview:-1"},"canonical":"https:\/\/wigstore-nzk.com\/en\/product\/tiul-do-brwi-lace-front-bezowy\/","og_locale":"en_US","og_type":"article","og_title":"Tiul do brwi lace front be\u017cowy","og_description":"Subtelny i transparentny tiul o naturalnym odcieniu, idealny do tworzenia profesjonalnych brwi, peruk oraz charakteryzacji.","og_url":"https:\/\/wigstore-nzk.com\/en\/product\/tiul-do-brwi-lace-front-bezowy\/","og_site_name":"NZK-Wigstore","article_modified_time":"2025-11-06T17:48:42+00:00","og_image":[{"width":1350,"height":1080,"url":"https:\/\/wigstore-nzk.com\/wp-content\/uploads\/2025\/03\/11H_1-Duze.jpg","type":"image\/jpeg"}],"twitter_card":"summary_large_image","twitter_misc":{"Est. reading time":"1 minute"},"schema":{"@context":"https:\/\/schema.org","@graph":[{"@type":"WebPage","@id":"https:\/\/wigstore-nzk.com\/produkt\/tiul-do-brwi-lace-front-bezowy\/","url":"https:\/\/wigstore-nzk.com\/produkt\/tiul-do-brwi-lace-front-bezowy\/","name":"Tiul do brwi lace front be\u017cowy - NZK-Wigstore","isPartOf":{"@id":"https:\/\/wigstore-nzk.com\/#website"},"primaryImageOfPage":{"@id":"https:\/\/wigstore-nzk.com\/produkt\/tiul-do-brwi-lace-front-bezowy\/#primaryimage"},"image":{"@id":"https:\/\/wigstore-nzk.com\/produkt\/tiul-do-brwi-lace-front-bezowy\/#primaryimage"},"thumbnailUrl":"https:\/\/wigstore-nzk.com\/wp-content\/uploads\/2025\/03\/11H_1-Duze.jpg","datePublished":"2025-03-24T21:58:20+00:00","dateModified":"2025-11-06T17:48:42+00:00","description":"Subtelny i transparentny tiul o naturalnym odcieniu, idealny do tworzenia profesjonalnych brwi, peruk oraz charakteryzacji.","breadcrumb":{"@id":"https:\/\/wigstore-nzk.com\/produkt\/tiul-do-brwi-lace-front-bezowy\/#breadcrumb"},"inLanguage":"en-US","potentialAction":[{"@type":"ReadAction","target":["https:\/\/wigstore-nzk.com\/produkt\/tiul-do-brwi-lace-front-bezowy\/"]}]},{"@type":"ImageObject","inLanguage":"en-US","@id":"https:\/\/wigstore-nzk.com\/produkt\/tiul-do-brwi-lace-front-bezowy\/#primaryimage","url":"https:\/\/wigstore-nzk.com\/wp-content\/uploads\/2025\/03\/11H_1-Duze.jpg","contentUrl":"https:\/\/wigstore-nzk.com\/wp-content\/uploads\/2025\/03\/11H_1-Duze.jpg","width":1350,"height":1080,"caption":"tiul do brwi lance front"},{"@type":"BreadcrumbList","@id":"https:\/\/wigstore-nzk.com\/produkt\/tiul-do-brwi-lace-front-bezowy\/#breadcrumb","itemListElement":[{"@type":"ListItem","position":1,"name":"Strona g\u0142\u00f3wna","item":"https:\/\/wigstore-nzk.com\/"},{"@type":"ListItem","position":2,"name":"Sklep","item":"https:\/\/wigstore-nzk.com\/sklep\/"},{"@type":"ListItem","position":3,"name":"Tiul do brwi lace front be\u017cowy"}]},{"@type":"WebSite","@id":"https:\/\/wigstore-nzk.com\/#website","url":"https:\/\/wigstore-nzk.com\/","name":"NZK-Wigstore","description":"","potentialAction":[{"@type":"SearchAction","target":{"@type":"EntryPoint","urlTemplate":"https:\/\/wigstore-nzk.com\/?s={search_term_string}"},"query-input":{"@type":"PropertyValueSpecification","valueRequired":true,"valueName":"search_term_string"}}],"inLanguage":"en-US"}]}},"_links":{"self":[{"href":"https:\/\/wigstore-nzk.com\/en\/wp-json\/wp\/v2\/product\/2004","targetHints":{"allow":["GET"]}}],"collection":[{"href":"https:\/\/wigstore-nzk.com\/en\/wp-json\/wp\/v2\/product"}],"about":[{"href":"https:\/\/wigstore-nzk.com\/en\/wp-json\/wp\/v2\/types\/product"}],"version-history":[{"count":6,"href":"https:\/\/wigstore-nzk.com\/en\/wp-json\/wp\/v2\/product\/2004\/revisions"}],"predecessor-version":[{"id":2195,"href":"https:\/\/wigstore-nzk.com\/en\/wp-json\/wp\/v2\/product\/2004\/revisions\/2195"}],"wp:featuredmedia":[{"embeddable":true,"href":"https:\/\/wigstore-nzk.com\/en\/wp-json\/wp\/v2\/media\/2005"}],"wp:attachment":[{"href":"https:\/\/wigstore-nzk.com\/en\/wp-json\/wp\/v2\/media?parent=2004"}],"wp:term":[{"taxonomy":"product_brand","embeddable":true,"href":"https:\/\/wigstore-nzk.com\/en\/wp-json\/wp\/v2\/product_brand?post=2004"},{"taxonomy":"product_cat","embeddable":true,"href":"https:\/\/wigstore-nzk.com\/en\/wp-json\/wp\/v2\/product_cat?post=2004"},{"taxonomy":"product_tag","embeddable":true,"href":"https:\/\/wigstore-nzk.com\/en\/wp-json\/wp\/v2\/product_tag?post=2004"}],"curies":[{"name":"wp","href":"https:\/\/api.w.org\/{rel}","templated":true}]}}