{"id":2018,"date":"2025-03-25T19:41:20","date_gmt":"2025-03-25T18:41:20","guid":{"rendered":"https:\/\/wigstore-nzk.com\/?post_type=product&#038;p=2018"},"modified":"2025-11-06T18:47:41","modified_gmt":"2025-11-06T17:47:41","slug":"tiul-do-brwi-lance-front-cielisty","status":"publish","type":"product","link":"https:\/\/wigstore-nzk.com\/en\/product\/tiul-do-brwi-lance-front-cielisty\/","title":{"rendered":"Tiul do brwi Lace front cielisty"},"content":{"rendered":"<p>Tiul do brwi lace front cielisty, to profesjonalny materia\u0142 dedykowany do produkcji peruk, tupet\u00f3w oraz front\u00f3w koronkowych. Charakteryzuje si\u0119 delikatn\u0105, drobn\u0105 struktur\u0105 o wysokiej jako\u015bci, kt\u00f3ra idealnie imituje naturaln\u0105 lini\u0119 w\u0142os\u00f3w i sk\u00f3ry g\u0142owy. Dzi\u0119ki swojej transparentno\u015bci i subtelnej teksturze, zapewnia wyj\u0105tkowo realistyczne wyko\u0144czenie, pozostaj\u0105c przy tym niezwykle trwa\u0142ym i komfortowym w noszeniu. Idealny do precyzyjnych projekt\u00f3w perukarskich, umo\u017cliwiaj\u0105c \u0142atw\u0105 aplikacj\u0119 i doskona\u0142e dopasowanie.<\/p>\n<p>&nbsp;<\/p>\n<p>&nbsp;<\/p>\n<p>Specyfikacja:<br \/>\n\u2705 Typ: Lace front HD6208<br \/>\n\u2705 Kolor: Cielisty<br \/>\n\u2705 D\u0142ugo\u015b\u0107: 3,5 metra<br \/>\n\u2705 Szeroko\u015b\u0107: 118 cm<br \/>\n\u2705 Struktura: drobna, heksagonalna siateczka<\/p>\n<p>\u2705 Grubo\u015b\u0107: 10 den<br \/>\n\u2705 Materia\u0142: wysokiej jako\u015bci tiul perukarski<br \/>\n\u2705 Zastosowanie: peruki, tupety, fronty koronkowe, zag\u0119szczanie i rekonstrukcja brwi<\/p>","protected":false},"excerpt":{"rendered":"<p>Tiul do brwi lace front cielisty &#8211; drobna struktura, szeroko\u015b\u0107 118 cm. Idealny do profesjonalnych peruk, front\u00f3w i rekonstrukcji brwi.<\/p>\n<p>Uwaga, kupuj\u0105c jedn\u0105 sztuk\u0119 zamawiasz 1 cm produktu o szeroko\u015bci 118 cm, je\u017celi chcesz zam\u00f3wi\u0107 d\u0142u\u017cszy odcinek wybie\u017c odpowiedni\u0105 ilo\u015b\u0107 produkt\u00f3w.<\/p>","protected":false},"featured_media":2015,"template":"","meta":[],"product_brand":[],"product_cat":[28,48],"product_tag":[334,330,333,331],"class_list":{"0":"post-2018","1":"product","2":"type-product","3":"status-publish","4":"has-post-thumbnail","6":"product_cat-akcesoria","7":"product_cat-materialy-tiule-gazy-perukarskie","8":"product_tag-lace-front","9":"product_tag-peruka","10":"product_tag-tiul-do-brwi","11":"product_tag-tiul-filmowy","13":"first","14":"instock","15":"taxable","16":"shipping-taxable","17":"purchasable","18":"product-type-simple"},"yoast_head":"<!-- This site is optimized with the Yoast SEO Premium plugin v24.5 (Yoast SEO v27.5) - https:\/\/yoast.com\/product\/yoast-seo-premium-wordpress\/ -->\n<title>Tiul do brwi Lace front cielisty - NZK-Wigstore<\/title>\n<meta name=\"description\" content=\"Tiul do brwi lace front cielisty - drobna struktura, szeroko\u015b\u0107 118 cm. Idealny do profesjonalnych peruk, front\u00f3w i rekonstrukcji brwi.\" \/>\n<meta name=\"robots\" content=\"index, follow, max-snippet:-1, max-image-preview:large, max-video-preview:-1\" \/>\n<link rel=\"canonical\" href=\"https:\/\/wigstore-nzk.com\/en\/product\/tiul-do-brwi-lance-front-cielisty\/\" \/>\n<meta property=\"og:locale\" content=\"en_US\" \/>\n<meta property=\"og:type\" content=\"article\" \/>\n<meta property=\"og:title\" content=\"Tiul do brwi Lace front cielisty\" \/>\n<meta property=\"og:description\" content=\"Tiul do brwi lace front cielisty - drobna struktura, szeroko\u015b\u0107 118 cm. Idealny do profesjonalnych peruk, front\u00f3w i rekonstrukcji brwi.\" \/>\n<meta property=\"og:url\" content=\"https:\/\/wigstore-nzk.com\/en\/product\/tiul-do-brwi-lance-front-cielisty\/\" \/>\n<meta property=\"og:site_name\" content=\"NZK-Wigstore\" \/>\n<meta property=\"article:modified_time\" content=\"2025-11-06T17:47:41+00:00\" \/>\n<meta property=\"og:image\" content=\"https:\/\/wigstore-nzk.com\/wp-content\/uploads\/2025\/03\/11G_1-Duze.jpg\" \/>\n\t<meta property=\"og:image:width\" content=\"1350\" \/>\n\t<meta property=\"og:image:height\" content=\"1080\" \/>\n\t<meta property=\"og:image:type\" content=\"image\/jpeg\" \/>\n<meta name=\"twitter:card\" content=\"summary_large_image\" \/>\n<meta name=\"twitter:label1\" content=\"Est. reading time\" \/>\n\t<meta name=\"twitter:data1\" content=\"1 minute\" \/>\n<script type=\"application\/ld+json\" class=\"yoast-schema-graph\">{\"@context\":\"https:\\\/\\\/schema.org\",\"@graph\":[{\"@type\":\"WebPage\",\"@id\":\"https:\\\/\\\/wigstore-nzk.com\\\/produkt\\\/tiul-do-brwi-lance-front-cielisty\\\/\",\"url\":\"https:\\\/\\\/wigstore-nzk.com\\\/produkt\\\/tiul-do-brwi-lance-front-cielisty\\\/\",\"name\":\"Tiul do brwi Lace front cielisty - NZK-Wigstore\",\"isPartOf\":{\"@id\":\"https:\\\/\\\/wigstore-nzk.com\\\/#website\"},\"primaryImageOfPage\":{\"@id\":\"https:\\\/\\\/wigstore-nzk.com\\\/produkt\\\/tiul-do-brwi-lance-front-cielisty\\\/#primaryimage\"},\"image\":{\"@id\":\"https:\\\/\\\/wigstore-nzk.com\\\/produkt\\\/tiul-do-brwi-lance-front-cielisty\\\/#primaryimage\"},\"thumbnailUrl\":\"https:\\\/\\\/wigstore-nzk.com\\\/wp-content\\\/uploads\\\/2025\\\/03\\\/11G_1-Duze.jpg\",\"datePublished\":\"2025-03-25T18:41:20+00:00\",\"dateModified\":\"2025-11-06T17:47:41+00:00\",\"description\":\"Tiul do brwi lace front cielisty - drobna struktura, szeroko\u015b\u0107 118 cm. Idealny do profesjonalnych peruk, front\u00f3w i rekonstrukcji brwi.\",\"breadcrumb\":{\"@id\":\"https:\\\/\\\/wigstore-nzk.com\\\/produkt\\\/tiul-do-brwi-lance-front-cielisty\\\/#breadcrumb\"},\"inLanguage\":\"en-US\",\"potentialAction\":[{\"@type\":\"ReadAction\",\"target\":[\"https:\\\/\\\/wigstore-nzk.com\\\/produkt\\\/tiul-do-brwi-lance-front-cielisty\\\/\"]}]},{\"@type\":\"ImageObject\",\"inLanguage\":\"en-US\",\"@id\":\"https:\\\/\\\/wigstore-nzk.com\\\/produkt\\\/tiul-do-brwi-lance-front-cielisty\\\/#primaryimage\",\"url\":\"https:\\\/\\\/wigstore-nzk.com\\\/wp-content\\\/uploads\\\/2025\\\/03\\\/11G_1-Duze.jpg\",\"contentUrl\":\"https:\\\/\\\/wigstore-nzk.com\\\/wp-content\\\/uploads\\\/2025\\\/03\\\/11G_1-Duze.jpg\",\"width\":1350,\"height\":1080,\"caption\":\"tiul do brwi lance front\"},{\"@type\":\"BreadcrumbList\",\"@id\":\"https:\\\/\\\/wigstore-nzk.com\\\/produkt\\\/tiul-do-brwi-lance-front-cielisty\\\/#breadcrumb\",\"itemListElement\":[{\"@type\":\"ListItem\",\"position\":1,\"name\":\"Strona g\u0142\u00f3wna\",\"item\":\"https:\\\/\\\/wigstore-nzk.com\\\/\"},{\"@type\":\"ListItem\",\"position\":2,\"name\":\"Sklep\",\"item\":\"https:\\\/\\\/wigstore-nzk.com\\\/sklep\\\/\"},{\"@type\":\"ListItem\",\"position\":3,\"name\":\"Tiul do brwi Lace front cielisty\"}]},{\"@type\":\"WebSite\",\"@id\":\"https:\\\/\\\/wigstore-nzk.com\\\/#website\",\"url\":\"https:\\\/\\\/wigstore-nzk.com\\\/\",\"name\":\"NZK-Wigstore\",\"description\":\"\",\"potentialAction\":[{\"@type\":\"SearchAction\",\"target\":{\"@type\":\"EntryPoint\",\"urlTemplate\":\"https:\\\/\\\/wigstore-nzk.com\\\/?s={search_term_string}\"},\"query-input\":{\"@type\":\"PropertyValueSpecification\",\"valueRequired\":true,\"valueName\":\"search_term_string\"}}],\"inLanguage\":\"en-US\"}]}<\/script>\n<!-- \/ Yoast SEO Premium plugin. -->","yoast_head_json":{"title":"Tiul do brwi Lace front cielisty - NZK-Wigstore","description":"Tiul do brwi lace front cielisty - drobna struktura, szeroko\u015b\u0107 118 cm. Idealny do profesjonalnych peruk, front\u00f3w i rekonstrukcji brwi.","robots":{"index":"index","follow":"follow","max-snippet":"max-snippet:-1","max-image-preview":"max-image-preview:large","max-video-preview":"max-video-preview:-1"},"canonical":"https:\/\/wigstore-nzk.com\/en\/product\/tiul-do-brwi-lance-front-cielisty\/","og_locale":"en_US","og_type":"article","og_title":"Tiul do brwi Lace front cielisty","og_description":"Tiul do brwi lace front cielisty - drobna struktura, szeroko\u015b\u0107 118 cm. Idealny do profesjonalnych peruk, front\u00f3w i rekonstrukcji brwi.","og_url":"https:\/\/wigstore-nzk.com\/en\/product\/tiul-do-brwi-lance-front-cielisty\/","og_site_name":"NZK-Wigstore","article_modified_time":"2025-11-06T17:47:41+00:00","og_image":[{"width":1350,"height":1080,"url":"https:\/\/wigstore-nzk.com\/wp-content\/uploads\/2025\/03\/11G_1-Duze.jpg","type":"image\/jpeg"}],"twitter_card":"summary_large_image","twitter_misc":{"Est. reading time":"1 minute"},"schema":{"@context":"https:\/\/schema.org","@graph":[{"@type":"WebPage","@id":"https:\/\/wigstore-nzk.com\/produkt\/tiul-do-brwi-lance-front-cielisty\/","url":"https:\/\/wigstore-nzk.com\/produkt\/tiul-do-brwi-lance-front-cielisty\/","name":"Tiul do brwi Lace front cielisty - NZK-Wigstore","isPartOf":{"@id":"https:\/\/wigstore-nzk.com\/#website"},"primaryImageOfPage":{"@id":"https:\/\/wigstore-nzk.com\/produkt\/tiul-do-brwi-lance-front-cielisty\/#primaryimage"},"image":{"@id":"https:\/\/wigstore-nzk.com\/produkt\/tiul-do-brwi-lance-front-cielisty\/#primaryimage"},"thumbnailUrl":"https:\/\/wigstore-nzk.com\/wp-content\/uploads\/2025\/03\/11G_1-Duze.jpg","datePublished":"2025-03-25T18:41:20+00:00","dateModified":"2025-11-06T17:47:41+00:00","description":"Tiul do brwi lace front cielisty - drobna struktura, szeroko\u015b\u0107 118 cm. Idealny do profesjonalnych peruk, front\u00f3w i rekonstrukcji brwi.","breadcrumb":{"@id":"https:\/\/wigstore-nzk.com\/produkt\/tiul-do-brwi-lance-front-cielisty\/#breadcrumb"},"inLanguage":"en-US","potentialAction":[{"@type":"ReadAction","target":["https:\/\/wigstore-nzk.com\/produkt\/tiul-do-brwi-lance-front-cielisty\/"]}]},{"@type":"ImageObject","inLanguage":"en-US","@id":"https:\/\/wigstore-nzk.com\/produkt\/tiul-do-brwi-lance-front-cielisty\/#primaryimage","url":"https:\/\/wigstore-nzk.com\/wp-content\/uploads\/2025\/03\/11G_1-Duze.jpg","contentUrl":"https:\/\/wigstore-nzk.com\/wp-content\/uploads\/2025\/03\/11G_1-Duze.jpg","width":1350,"height":1080,"caption":"tiul do brwi lance front"},{"@type":"BreadcrumbList","@id":"https:\/\/wigstore-nzk.com\/produkt\/tiul-do-brwi-lance-front-cielisty\/#breadcrumb","itemListElement":[{"@type":"ListItem","position":1,"name":"Strona g\u0142\u00f3wna","item":"https:\/\/wigstore-nzk.com\/"},{"@type":"ListItem","position":2,"name":"Sklep","item":"https:\/\/wigstore-nzk.com\/sklep\/"},{"@type":"ListItem","position":3,"name":"Tiul do brwi Lace front cielisty"}]},{"@type":"WebSite","@id":"https:\/\/wigstore-nzk.com\/#website","url":"https:\/\/wigstore-nzk.com\/","name":"NZK-Wigstore","description":"","potentialAction":[{"@type":"SearchAction","target":{"@type":"EntryPoint","urlTemplate":"https:\/\/wigstore-nzk.com\/?s={search_term_string}"},"query-input":{"@type":"PropertyValueSpecification","valueRequired":true,"valueName":"search_term_string"}}],"inLanguage":"en-US"}]}},"_links":{"self":[{"href":"https:\/\/wigstore-nzk.com\/en\/wp-json\/wp\/v2\/product\/2018","targetHints":{"allow":["GET"]}}],"collection":[{"href":"https:\/\/wigstore-nzk.com\/en\/wp-json\/wp\/v2\/product"}],"about":[{"href":"https:\/\/wigstore-nzk.com\/en\/wp-json\/wp\/v2\/types\/product"}],"version-history":[{"count":3,"href":"https:\/\/wigstore-nzk.com\/en\/wp-json\/wp\/v2\/product\/2018\/revisions"}],"predecessor-version":[{"id":2192,"href":"https:\/\/wigstore-nzk.com\/en\/wp-json\/wp\/v2\/product\/2018\/revisions\/2192"}],"wp:featuredmedia":[{"embeddable":true,"href":"https:\/\/wigstore-nzk.com\/en\/wp-json\/wp\/v2\/media\/2015"}],"wp:attachment":[{"href":"https:\/\/wigstore-nzk.com\/en\/wp-json\/wp\/v2\/media?parent=2018"}],"wp:term":[{"taxonomy":"product_brand","embeddable":true,"href":"https:\/\/wigstore-nzk.com\/en\/wp-json\/wp\/v2\/product_brand?post=2018"},{"taxonomy":"product_cat","embeddable":true,"href":"https:\/\/wigstore-nzk.com\/en\/wp-json\/wp\/v2\/product_cat?post=2018"},{"taxonomy":"product_tag","embeddable":true,"href":"https:\/\/wigstore-nzk.com\/en\/wp-json\/wp\/v2\/product_tag?post=2018"}],"curies":[{"name":"wp","href":"https:\/\/api.w.org\/{rel}","templated":true}]}}