{"id":2023,"date":"2025-03-25T20:03:18","date_gmt":"2025-03-25T19:03:18","guid":{"rendered":"https:\/\/wigstore-nzk.com\/?post_type=product&#038;p=2023"},"modified":"2026-03-18T19:22:32","modified_gmt":"2026-03-18T18:22:32","slug":"tiul-filmowy-gruby-cielisty","status":"publish","type":"product","link":"https:\/\/wigstore-nzk.com\/en\/product\/tiul-filmowy-gruby-cielisty\/","title":{"rendered":"Tiul filmowy gruby cielisty"},"content":{"rendered":"<p>Tiul filmowy gruby cielisty, to wysokiej jako\u015bci materia\u0142 perukarski o gramaturze 40 den. Charakteryzuje si\u0119 zwi\u0119kszon\u0105 g\u0119sto\u015bci\u0105, wyj\u0105tkow\u0105 trwa\u0142o\u015bci\u0105 oraz odporno\u015bci\u0105 na uszkodzenia mechaniczne, idealnie nadaj\u0105c si\u0119 do zastosowa\u0144 wymagaj\u0105cych wi\u0119kszej wytrzyma\u0142o\u015bci. Dzi\u0119ki swojej strukturze jest \u0142atwy w obr\u00f3bce oraz zapewnia realistyczny wygl\u0105d przy jednoczesnym zachowaniu komfortu u\u017cytkowania. Doskona\u0142y do tworzenia trwa\u0142ych baz peruk, tupet\u00f3w i element\u00f3w charakteryzatorskich.<\/p>\n<p>&nbsp;<\/p>\n<p>&nbsp;<\/p>\n<p>Specyfikacja:<br \/>\n\u2705 Typ: Tiul filmowy gruby<br \/>\n\u2705 Kolor: cielisty<\/p>\n<p>\u2705 Szeroko\u015b\u0107: 126 cm<br \/>\n\u2705 Gramatura: 40 den<br \/>\n\u2705 Struktura: gruba, wytrzyma\u0142a siateczka<br \/>\n\u2705 Materia\u0142: profesjonalny tiul filmowy<\/p>","protected":false},"excerpt":{"rendered":"<p>Tiul filmowy gruby cielisty &#8211; 40 den, szeroko\u015b\u0107 126 cm. Idealny do trwa\u0142ych peruk i profesjonalnej charakteryzacji.<\/p>\n<p>Uwaga, kupuj\u0105c jedn\u0105 sztuk\u0119 zamawiasz 1 cm produktu o szeroko\u015bci 126cm, je\u017celi chcesz zam\u00f3wi\u0107 d\u0142u\u017cszy odcinek wybie\u017c odpowiedni\u0105 ilo\u015b\u0107 produkt\u00f3w.<\/p>","protected":false},"featured_media":2024,"template":"","meta":[],"product_brand":[],"product_cat":[28,48],"product_tag":[332,304,331,103],"class_list":{"0":"post-2023","1":"product","2":"type-product","3":"status-publish","4":"has-post-thumbnail","6":"product_cat-akcesoria","7":"product_cat-materialy-tiule-gazy-perukarskie","8":"product_tag-fil","9":"product_tag-peruki","10":"product_tag-tiul-filmowy","11":"product_tag-tiul-perukarski","13":"first","14":"instock","15":"taxable","16":"shipping-taxable","17":"purchasable","18":"product-type-simple"},"yoast_head":"<!-- This site is optimized with the Yoast SEO Premium plugin v24.5 (Yoast SEO v27.5) - https:\/\/yoast.com\/product\/yoast-seo-premium-wordpress\/ -->\n<title>Tiul filmowy gruby cielisty - NZK-Wigstore<\/title>\n<meta name=\"description\" content=\"Tiul filmowy gruby cielisty - 40 den, szeroko\u015b\u0107 126 cm. Idealny do trwa\u0142ych peruk i profesjonalnej charakteryzacji.\" \/>\n<meta name=\"robots\" content=\"index, follow, max-snippet:-1, max-image-preview:large, max-video-preview:-1\" \/>\n<link rel=\"canonical\" href=\"https:\/\/wigstore-nzk.com\/en\/product\/tiul-filmowy-gruby-cielisty\/\" \/>\n<meta property=\"og:locale\" content=\"en_US\" \/>\n<meta property=\"og:type\" content=\"article\" \/>\n<meta property=\"og:title\" content=\"Tiul filmowy gruby cielisty\" \/>\n<meta property=\"og:description\" content=\"Tiul filmowy gruby cielisty - 40 den, szeroko\u015b\u0107 126 cm. Idealny do trwa\u0142ych peruk i profesjonalnej charakteryzacji.\" \/>\n<meta property=\"og:url\" content=\"https:\/\/wigstore-nzk.com\/en\/product\/tiul-filmowy-gruby-cielisty\/\" \/>\n<meta property=\"og:site_name\" content=\"NZK-Wigstore\" \/>\n<meta property=\"article:modified_time\" content=\"2026-03-18T18:22:32+00:00\" \/>\n<meta property=\"og:image\" content=\"https:\/\/wigstore-nzk.com\/wp-content\/uploads\/2025\/03\/11J_1-Duze.jpg\" \/>\n\t<meta property=\"og:image:width\" content=\"1350\" \/>\n\t<meta property=\"og:image:height\" content=\"1080\" \/>\n\t<meta property=\"og:image:type\" content=\"image\/jpeg\" \/>\n<meta name=\"twitter:card\" content=\"summary_large_image\" \/>\n<meta name=\"twitter:label1\" content=\"Est. reading time\" \/>\n\t<meta name=\"twitter:data1\" content=\"1 minute\" \/>\n<script type=\"application\/ld+json\" class=\"yoast-schema-graph\">{\"@context\":\"https:\\\/\\\/schema.org\",\"@graph\":[{\"@type\":\"WebPage\",\"@id\":\"https:\\\/\\\/wigstore-nzk.com\\\/produkt\\\/tiul-filmowy-gruby-cielisty\\\/\",\"url\":\"https:\\\/\\\/wigstore-nzk.com\\\/produkt\\\/tiul-filmowy-gruby-cielisty\\\/\",\"name\":\"Tiul filmowy gruby cielisty - NZK-Wigstore\",\"isPartOf\":{\"@id\":\"https:\\\/\\\/wigstore-nzk.com\\\/#website\"},\"primaryImageOfPage\":{\"@id\":\"https:\\\/\\\/wigstore-nzk.com\\\/produkt\\\/tiul-filmowy-gruby-cielisty\\\/#primaryimage\"},\"image\":{\"@id\":\"https:\\\/\\\/wigstore-nzk.com\\\/produkt\\\/tiul-filmowy-gruby-cielisty\\\/#primaryimage\"},\"thumbnailUrl\":\"https:\\\/\\\/wigstore-nzk.com\\\/wp-content\\\/uploads\\\/2025\\\/03\\\/11J_1-Duze.jpg\",\"datePublished\":\"2025-03-25T19:03:18+00:00\",\"dateModified\":\"2026-03-18T18:22:32+00:00\",\"description\":\"Tiul filmowy gruby cielisty - 40 den, szeroko\u015b\u0107 126 cm. Idealny do trwa\u0142ych peruk i profesjonalnej charakteryzacji.\",\"breadcrumb\":{\"@id\":\"https:\\\/\\\/wigstore-nzk.com\\\/produkt\\\/tiul-filmowy-gruby-cielisty\\\/#breadcrumb\"},\"inLanguage\":\"en-US\",\"potentialAction\":[{\"@type\":\"ReadAction\",\"target\":[\"https:\\\/\\\/wigstore-nzk.com\\\/produkt\\\/tiul-filmowy-gruby-cielisty\\\/\"]}]},{\"@type\":\"ImageObject\",\"inLanguage\":\"en-US\",\"@id\":\"https:\\\/\\\/wigstore-nzk.com\\\/produkt\\\/tiul-filmowy-gruby-cielisty\\\/#primaryimage\",\"url\":\"https:\\\/\\\/wigstore-nzk.com\\\/wp-content\\\/uploads\\\/2025\\\/03\\\/11J_1-Duze.jpg\",\"contentUrl\":\"https:\\\/\\\/wigstore-nzk.com\\\/wp-content\\\/uploads\\\/2025\\\/03\\\/11J_1-Duze.jpg\",\"width\":1350,\"height\":1080,\"caption\":\"tiul filmowy gruby\"},{\"@type\":\"BreadcrumbList\",\"@id\":\"https:\\\/\\\/wigstore-nzk.com\\\/produkt\\\/tiul-filmowy-gruby-cielisty\\\/#breadcrumb\",\"itemListElement\":[{\"@type\":\"ListItem\",\"position\":1,\"name\":\"Strona g\u0142\u00f3wna\",\"item\":\"https:\\\/\\\/wigstore-nzk.com\\\/\"},{\"@type\":\"ListItem\",\"position\":2,\"name\":\"Sklep\",\"item\":\"https:\\\/\\\/wigstore-nzk.com\\\/sklep\\\/\"},{\"@type\":\"ListItem\",\"position\":3,\"name\":\"Tiul filmowy gruby cielisty\"}]},{\"@type\":\"WebSite\",\"@id\":\"https:\\\/\\\/wigstore-nzk.com\\\/#website\",\"url\":\"https:\\\/\\\/wigstore-nzk.com\\\/\",\"name\":\"NZK-Wigstore\",\"description\":\"\",\"potentialAction\":[{\"@type\":\"SearchAction\",\"target\":{\"@type\":\"EntryPoint\",\"urlTemplate\":\"https:\\\/\\\/wigstore-nzk.com\\\/?s={search_term_string}\"},\"query-input\":{\"@type\":\"PropertyValueSpecification\",\"valueRequired\":true,\"valueName\":\"search_term_string\"}}],\"inLanguage\":\"en-US\"}]}<\/script>\n<!-- \/ Yoast SEO Premium plugin. -->","yoast_head_json":{"title":"Tiul filmowy gruby cielisty - NZK-Wigstore","description":"Tiul filmowy gruby cielisty - 40 den, szeroko\u015b\u0107 126 cm. Idealny do trwa\u0142ych peruk i profesjonalnej charakteryzacji.","robots":{"index":"index","follow":"follow","max-snippet":"max-snippet:-1","max-image-preview":"max-image-preview:large","max-video-preview":"max-video-preview:-1"},"canonical":"https:\/\/wigstore-nzk.com\/en\/product\/tiul-filmowy-gruby-cielisty\/","og_locale":"en_US","og_type":"article","og_title":"Tiul filmowy gruby cielisty","og_description":"Tiul filmowy gruby cielisty - 40 den, szeroko\u015b\u0107 126 cm. Idealny do trwa\u0142ych peruk i profesjonalnej charakteryzacji.","og_url":"https:\/\/wigstore-nzk.com\/en\/product\/tiul-filmowy-gruby-cielisty\/","og_site_name":"NZK-Wigstore","article_modified_time":"2026-03-18T18:22:32+00:00","og_image":[{"width":1350,"height":1080,"url":"https:\/\/wigstore-nzk.com\/wp-content\/uploads\/2025\/03\/11J_1-Duze.jpg","type":"image\/jpeg"}],"twitter_card":"summary_large_image","twitter_misc":{"Est. reading time":"1 minute"},"schema":{"@context":"https:\/\/schema.org","@graph":[{"@type":"WebPage","@id":"https:\/\/wigstore-nzk.com\/produkt\/tiul-filmowy-gruby-cielisty\/","url":"https:\/\/wigstore-nzk.com\/produkt\/tiul-filmowy-gruby-cielisty\/","name":"Tiul filmowy gruby cielisty - NZK-Wigstore","isPartOf":{"@id":"https:\/\/wigstore-nzk.com\/#website"},"primaryImageOfPage":{"@id":"https:\/\/wigstore-nzk.com\/produkt\/tiul-filmowy-gruby-cielisty\/#primaryimage"},"image":{"@id":"https:\/\/wigstore-nzk.com\/produkt\/tiul-filmowy-gruby-cielisty\/#primaryimage"},"thumbnailUrl":"https:\/\/wigstore-nzk.com\/wp-content\/uploads\/2025\/03\/11J_1-Duze.jpg","datePublished":"2025-03-25T19:03:18+00:00","dateModified":"2026-03-18T18:22:32+00:00","description":"Tiul filmowy gruby cielisty - 40 den, szeroko\u015b\u0107 126 cm. Idealny do trwa\u0142ych peruk i profesjonalnej charakteryzacji.","breadcrumb":{"@id":"https:\/\/wigstore-nzk.com\/produkt\/tiul-filmowy-gruby-cielisty\/#breadcrumb"},"inLanguage":"en-US","potentialAction":[{"@type":"ReadAction","target":["https:\/\/wigstore-nzk.com\/produkt\/tiul-filmowy-gruby-cielisty\/"]}]},{"@type":"ImageObject","inLanguage":"en-US","@id":"https:\/\/wigstore-nzk.com\/produkt\/tiul-filmowy-gruby-cielisty\/#primaryimage","url":"https:\/\/wigstore-nzk.com\/wp-content\/uploads\/2025\/03\/11J_1-Duze.jpg","contentUrl":"https:\/\/wigstore-nzk.com\/wp-content\/uploads\/2025\/03\/11J_1-Duze.jpg","width":1350,"height":1080,"caption":"tiul filmowy gruby"},{"@type":"BreadcrumbList","@id":"https:\/\/wigstore-nzk.com\/produkt\/tiul-filmowy-gruby-cielisty\/#breadcrumb","itemListElement":[{"@type":"ListItem","position":1,"name":"Strona g\u0142\u00f3wna","item":"https:\/\/wigstore-nzk.com\/"},{"@type":"ListItem","position":2,"name":"Sklep","item":"https:\/\/wigstore-nzk.com\/sklep\/"},{"@type":"ListItem","position":3,"name":"Tiul filmowy gruby cielisty"}]},{"@type":"WebSite","@id":"https:\/\/wigstore-nzk.com\/#website","url":"https:\/\/wigstore-nzk.com\/","name":"NZK-Wigstore","description":"","potentialAction":[{"@type":"SearchAction","target":{"@type":"EntryPoint","urlTemplate":"https:\/\/wigstore-nzk.com\/?s={search_term_string}"},"query-input":{"@type":"PropertyValueSpecification","valueRequired":true,"valueName":"search_term_string"}}],"inLanguage":"en-US"}]}},"_links":{"self":[{"href":"https:\/\/wigstore-nzk.com\/en\/wp-json\/wp\/v2\/product\/2023","targetHints":{"allow":["GET"]}}],"collection":[{"href":"https:\/\/wigstore-nzk.com\/en\/wp-json\/wp\/v2\/product"}],"about":[{"href":"https:\/\/wigstore-nzk.com\/en\/wp-json\/wp\/v2\/types\/product"}],"version-history":[{"count":5,"href":"https:\/\/wigstore-nzk.com\/en\/wp-json\/wp\/v2\/product\/2023\/revisions"}],"predecessor-version":[{"id":3095,"href":"https:\/\/wigstore-nzk.com\/en\/wp-json\/wp\/v2\/product\/2023\/revisions\/3095"}],"wp:featuredmedia":[{"embeddable":true,"href":"https:\/\/wigstore-nzk.com\/en\/wp-json\/wp\/v2\/media\/2024"}],"wp:attachment":[{"href":"https:\/\/wigstore-nzk.com\/en\/wp-json\/wp\/v2\/media?parent=2023"}],"wp:term":[{"taxonomy":"product_brand","embeddable":true,"href":"https:\/\/wigstore-nzk.com\/en\/wp-json\/wp\/v2\/product_brand?post=2023"},{"taxonomy":"product_cat","embeddable":true,"href":"https:\/\/wigstore-nzk.com\/en\/wp-json\/wp\/v2\/product_cat?post=2023"},{"taxonomy":"product_tag","embeddable":true,"href":"https:\/\/wigstore-nzk.com\/en\/wp-json\/wp\/v2\/product_tag?post=2023"}],"curies":[{"name":"wp","href":"https:\/\/api.w.org\/{rel}","templated":true}]}}