{"id":2038,"date":"2025-03-25T22:16:56","date_gmt":"2025-03-25T21:16:56","guid":{"rendered":"https:\/\/wigstore-nzk.com\/?post_type=product&#038;p=2038"},"modified":"2025-11-06T18:42:56","modified_gmt":"2025-11-06T17:42:56","slug":"gaza-perukarska-brazowa","status":"publish","type":"product","link":"https:\/\/wigstore-nzk.com\/en\/product\/gaza-perukarska-brazowa\/","title":{"rendered":"Gaza perukarska br\u0105zowa"},"content":{"rendered":"<p>Gaza perukarska br\u0105zowa to wyj\u0105tkowo delikatny i profesjonalny materia\u0142 u\u017cywany w bran\u017cy perukarskiej oraz charakteryzatorskiej. Dzi\u0119ki swojej p\u00f3\u0142przezroczystej strukturze doskonale imituje naturaln\u0105 sk\u00f3r\u0119, zapewniaj\u0105c realistyczne efekty w perukach oraz elementach charakteryzacji. Materia\u0142 jest niezwykle lekki, przewiewny i komfortowy w noszeniu. Idealnie nadaje si\u0119 zar\u00f3wno do produkcji peruk, jak i rekonstrukcji element\u00f3w imituj\u0105cych sk\u00f3r\u0119.<\/p>\n<p>&nbsp;<\/p>\n<p>&nbsp;<\/p>\n<p>Specyfikacja:<br \/>\n\u2705 Typ: Gaza perukarska HD 660<br \/>\n\u2705 Kolor: delikatny br\u0105z<br \/>\n\u2705 Szeroko\u015b\u0107: 127 cm<br \/>\n\u2705 Struktura: p\u00f3\u0142przezroczysta, delikatna<br \/>\n\u2705 Materia\u0142: profesjonalna gaza perukarska<br \/>\n\u2705Zastosowanie: peruki, tupety, rekonstrukcja sk\u00f3ry, charakteryzacja teatralna i filmowa<\/p>","protected":false},"excerpt":{"rendered":"<p>Gaza perukarska br\u0105zowa &#8211; p\u00f3\u0142przezroczysta, szeroko\u015b\u0107 127 cm. Idealna do peruk i profesjonalnej charakteryzacji.<\/p>\n<p>Uwaga, kupuj\u0105c jedn\u0105 sztuk\u0119 zamawiasz 1 cm produktu o szeroko\u015bci 127cm, je\u017celi chcesz zam\u00f3wi\u0107 d\u0142u\u017cszy odcinek wybierz odpowiedni\u0105 ilo\u015b\u0107 produkt\u00f3w.<\/p>","protected":false},"featured_media":2040,"template":"","meta":[],"product_brand":[],"product_cat":[28,48],"product_tag":[329,330,307],"class_list":{"0":"post-2038","1":"product","2":"type-product","3":"status-publish","4":"has-post-thumbnail","6":"product_cat-akcesoria","7":"product_cat-materialy-tiule-gazy-perukarskie","8":"product_tag-gaza-perukarska","9":"product_tag-peruka","10":"product_tag-renowacja-peruk","12":"first","13":"instock","14":"taxable","15":"shipping-taxable","16":"purchasable","17":"product-type-simple"},"yoast_head":"<!-- This site is optimized with the Yoast SEO Premium plugin v24.5 (Yoast SEO v27.5) - https:\/\/yoast.com\/product\/yoast-seo-premium-wordpress\/ -->\n<title>Gaza perukarska br\u0105zowa - NZK-Wigstore<\/title>\n<meta name=\"description\" content=\"Gaza perukarska br\u0105zowa - p\u00f3\u0142przezroczysta, szeroko\u015b\u0107 127 cm. Idealna do peruk i profesjonalnej charakteryzacji.\" \/>\n<meta name=\"robots\" content=\"index, follow, max-snippet:-1, max-image-preview:large, max-video-preview:-1\" \/>\n<link rel=\"canonical\" href=\"https:\/\/wigstore-nzk.com\/en\/product\/gaza-perukarska-brazowa\/\" \/>\n<meta property=\"og:locale\" content=\"en_US\" \/>\n<meta property=\"og:type\" content=\"article\" \/>\n<meta property=\"og:title\" content=\"Gaza perukarska br\u0105zowa\" \/>\n<meta property=\"og:description\" content=\"Gaza perukarska br\u0105zowa - p\u00f3\u0142przezroczysta, szeroko\u015b\u0107 127 cm. Idealna do peruk i profesjonalnej charakteryzacji.\" \/>\n<meta property=\"og:url\" content=\"https:\/\/wigstore-nzk.com\/en\/product\/gaza-perukarska-brazowa\/\" \/>\n<meta property=\"og:site_name\" content=\"NZK-Wigstore\" \/>\n<meta property=\"article:modified_time\" content=\"2025-11-06T17:42:56+00:00\" \/>\n<meta property=\"og:image\" content=\"https:\/\/wigstore-nzk.com\/wp-content\/uploads\/2025\/03\/11P_2-Duze.jpg\" \/>\n\t<meta property=\"og:image:width\" content=\"1080\" \/>\n\t<meta property=\"og:image:height\" content=\"1080\" \/>\n\t<meta property=\"og:image:type\" content=\"image\/jpeg\" \/>\n<meta name=\"twitter:card\" content=\"summary_large_image\" \/>\n<meta name=\"twitter:label1\" content=\"Est. reading time\" \/>\n\t<meta name=\"twitter:data1\" content=\"1 minute\" \/>\n<script type=\"application\/ld+json\" class=\"yoast-schema-graph\">{\"@context\":\"https:\\\/\\\/schema.org\",\"@graph\":[{\"@type\":\"WebPage\",\"@id\":\"https:\\\/\\\/wigstore-nzk.com\\\/produkt\\\/gaza-perukarska-brazowa\\\/\",\"url\":\"https:\\\/\\\/wigstore-nzk.com\\\/produkt\\\/gaza-perukarska-brazowa\\\/\",\"name\":\"Gaza perukarska br\u0105zowa - NZK-Wigstore\",\"isPartOf\":{\"@id\":\"https:\\\/\\\/wigstore-nzk.com\\\/#website\"},\"primaryImageOfPage\":{\"@id\":\"https:\\\/\\\/wigstore-nzk.com\\\/produkt\\\/gaza-perukarska-brazowa\\\/#primaryimage\"},\"image\":{\"@id\":\"https:\\\/\\\/wigstore-nzk.com\\\/produkt\\\/gaza-perukarska-brazowa\\\/#primaryimage\"},\"thumbnailUrl\":\"https:\\\/\\\/wigstore-nzk.com\\\/wp-content\\\/uploads\\\/2025\\\/03\\\/11P_2-Duze.jpg\",\"datePublished\":\"2025-03-25T21:16:56+00:00\",\"dateModified\":\"2025-11-06T17:42:56+00:00\",\"description\":\"Gaza perukarska br\u0105zowa - p\u00f3\u0142przezroczysta, szeroko\u015b\u0107 127 cm. Idealna do peruk i profesjonalnej charakteryzacji.\",\"breadcrumb\":{\"@id\":\"https:\\\/\\\/wigstore-nzk.com\\\/produkt\\\/gaza-perukarska-brazowa\\\/#breadcrumb\"},\"inLanguage\":\"en-US\",\"potentialAction\":[{\"@type\":\"ReadAction\",\"target\":[\"https:\\\/\\\/wigstore-nzk.com\\\/produkt\\\/gaza-perukarska-brazowa\\\/\"]}]},{\"@type\":\"ImageObject\",\"inLanguage\":\"en-US\",\"@id\":\"https:\\\/\\\/wigstore-nzk.com\\\/produkt\\\/gaza-perukarska-brazowa\\\/#primaryimage\",\"url\":\"https:\\\/\\\/wigstore-nzk.com\\\/wp-content\\\/uploads\\\/2025\\\/03\\\/11P_2-Duze.jpg\",\"contentUrl\":\"https:\\\/\\\/wigstore-nzk.com\\\/wp-content\\\/uploads\\\/2025\\\/03\\\/11P_2-Duze.jpg\",\"width\":1080,\"height\":1080,\"caption\":\"Gaza perukarska br\u0105zowa\"},{\"@type\":\"BreadcrumbList\",\"@id\":\"https:\\\/\\\/wigstore-nzk.com\\\/produkt\\\/gaza-perukarska-brazowa\\\/#breadcrumb\",\"itemListElement\":[{\"@type\":\"ListItem\",\"position\":1,\"name\":\"Strona g\u0142\u00f3wna\",\"item\":\"https:\\\/\\\/wigstore-nzk.com\\\/\"},{\"@type\":\"ListItem\",\"position\":2,\"name\":\"Sklep\",\"item\":\"https:\\\/\\\/wigstore-nzk.com\\\/sklep\\\/\"},{\"@type\":\"ListItem\",\"position\":3,\"name\":\"Gaza perukarska br\u0105zowa\"}]},{\"@type\":\"WebSite\",\"@id\":\"https:\\\/\\\/wigstore-nzk.com\\\/#website\",\"url\":\"https:\\\/\\\/wigstore-nzk.com\\\/\",\"name\":\"NZK-Wigstore\",\"description\":\"\",\"potentialAction\":[{\"@type\":\"SearchAction\",\"target\":{\"@type\":\"EntryPoint\",\"urlTemplate\":\"https:\\\/\\\/wigstore-nzk.com\\\/?s={search_term_string}\"},\"query-input\":{\"@type\":\"PropertyValueSpecification\",\"valueRequired\":true,\"valueName\":\"search_term_string\"}}],\"inLanguage\":\"en-US\"}]}<\/script>\n<!-- \/ Yoast SEO Premium plugin. -->","yoast_head_json":{"title":"Gaza perukarska br\u0105zowa - NZK-Wigstore","description":"Gaza perukarska br\u0105zowa - p\u00f3\u0142przezroczysta, szeroko\u015b\u0107 127 cm. Idealna do peruk i profesjonalnej charakteryzacji.","robots":{"index":"index","follow":"follow","max-snippet":"max-snippet:-1","max-image-preview":"max-image-preview:large","max-video-preview":"max-video-preview:-1"},"canonical":"https:\/\/wigstore-nzk.com\/en\/product\/gaza-perukarska-brazowa\/","og_locale":"en_US","og_type":"article","og_title":"Gaza perukarska br\u0105zowa","og_description":"Gaza perukarska br\u0105zowa - p\u00f3\u0142przezroczysta, szeroko\u015b\u0107 127 cm. Idealna do peruk i profesjonalnej charakteryzacji.","og_url":"https:\/\/wigstore-nzk.com\/en\/product\/gaza-perukarska-brazowa\/","og_site_name":"NZK-Wigstore","article_modified_time":"2025-11-06T17:42:56+00:00","og_image":[{"width":1080,"height":1080,"url":"https:\/\/wigstore-nzk.com\/wp-content\/uploads\/2025\/03\/11P_2-Duze.jpg","type":"image\/jpeg"}],"twitter_card":"summary_large_image","twitter_misc":{"Est. reading time":"1 minute"},"schema":{"@context":"https:\/\/schema.org","@graph":[{"@type":"WebPage","@id":"https:\/\/wigstore-nzk.com\/produkt\/gaza-perukarska-brazowa\/","url":"https:\/\/wigstore-nzk.com\/produkt\/gaza-perukarska-brazowa\/","name":"Gaza perukarska br\u0105zowa - NZK-Wigstore","isPartOf":{"@id":"https:\/\/wigstore-nzk.com\/#website"},"primaryImageOfPage":{"@id":"https:\/\/wigstore-nzk.com\/produkt\/gaza-perukarska-brazowa\/#primaryimage"},"image":{"@id":"https:\/\/wigstore-nzk.com\/produkt\/gaza-perukarska-brazowa\/#primaryimage"},"thumbnailUrl":"https:\/\/wigstore-nzk.com\/wp-content\/uploads\/2025\/03\/11P_2-Duze.jpg","datePublished":"2025-03-25T21:16:56+00:00","dateModified":"2025-11-06T17:42:56+00:00","description":"Gaza perukarska br\u0105zowa - p\u00f3\u0142przezroczysta, szeroko\u015b\u0107 127 cm. Idealna do peruk i profesjonalnej charakteryzacji.","breadcrumb":{"@id":"https:\/\/wigstore-nzk.com\/produkt\/gaza-perukarska-brazowa\/#breadcrumb"},"inLanguage":"en-US","potentialAction":[{"@type":"ReadAction","target":["https:\/\/wigstore-nzk.com\/produkt\/gaza-perukarska-brazowa\/"]}]},{"@type":"ImageObject","inLanguage":"en-US","@id":"https:\/\/wigstore-nzk.com\/produkt\/gaza-perukarska-brazowa\/#primaryimage","url":"https:\/\/wigstore-nzk.com\/wp-content\/uploads\/2025\/03\/11P_2-Duze.jpg","contentUrl":"https:\/\/wigstore-nzk.com\/wp-content\/uploads\/2025\/03\/11P_2-Duze.jpg","width":1080,"height":1080,"caption":"Gaza perukarska br\u0105zowa"},{"@type":"BreadcrumbList","@id":"https:\/\/wigstore-nzk.com\/produkt\/gaza-perukarska-brazowa\/#breadcrumb","itemListElement":[{"@type":"ListItem","position":1,"name":"Strona g\u0142\u00f3wna","item":"https:\/\/wigstore-nzk.com\/"},{"@type":"ListItem","position":2,"name":"Sklep","item":"https:\/\/wigstore-nzk.com\/sklep\/"},{"@type":"ListItem","position":3,"name":"Gaza perukarska br\u0105zowa"}]},{"@type":"WebSite","@id":"https:\/\/wigstore-nzk.com\/#website","url":"https:\/\/wigstore-nzk.com\/","name":"NZK-Wigstore","description":"","potentialAction":[{"@type":"SearchAction","target":{"@type":"EntryPoint","urlTemplate":"https:\/\/wigstore-nzk.com\/?s={search_term_string}"},"query-input":{"@type":"PropertyValueSpecification","valueRequired":true,"valueName":"search_term_string"}}],"inLanguage":"en-US"}]}},"_links":{"self":[{"href":"https:\/\/wigstore-nzk.com\/en\/wp-json\/wp\/v2\/product\/2038","targetHints":{"allow":["GET"]}}],"collection":[{"href":"https:\/\/wigstore-nzk.com\/en\/wp-json\/wp\/v2\/product"}],"about":[{"href":"https:\/\/wigstore-nzk.com\/en\/wp-json\/wp\/v2\/types\/product"}],"version-history":[{"count":5,"href":"https:\/\/wigstore-nzk.com\/en\/wp-json\/wp\/v2\/product\/2038\/revisions"}],"predecessor-version":[{"id":3092,"href":"https:\/\/wigstore-nzk.com\/en\/wp-json\/wp\/v2\/product\/2038\/revisions\/3092"}],"wp:featuredmedia":[{"embeddable":true,"href":"https:\/\/wigstore-nzk.com\/en\/wp-json\/wp\/v2\/media\/2040"}],"wp:attachment":[{"href":"https:\/\/wigstore-nzk.com\/en\/wp-json\/wp\/v2\/media?parent=2038"}],"wp:term":[{"taxonomy":"product_brand","embeddable":true,"href":"https:\/\/wigstore-nzk.com\/en\/wp-json\/wp\/v2\/product_brand?post=2038"},{"taxonomy":"product_cat","embeddable":true,"href":"https:\/\/wigstore-nzk.com\/en\/wp-json\/wp\/v2\/product_cat?post=2038"},{"taxonomy":"product_tag","embeddable":true,"href":"https:\/\/wigstore-nzk.com\/en\/wp-json\/wp\/v2\/product_tag?post=2038"}],"curies":[{"name":"wp","href":"https:\/\/api.w.org\/{rel}","templated":true}]}}