{"id":2289,"date":"2025-04-14T23:22:50","date_gmt":"2025-04-14T21:22:50","guid":{"rendered":"https:\/\/wigstore-nzk.com\/?post_type=product&#038;p=2289"},"modified":"2026-02-27T17:04:58","modified_gmt":"2026-02-27T16:04:58","slug":"nici-poliestrowe-30m-kolor-naturalny-jasny-braz-722","status":"publish","type":"product","link":"https:\/\/wigstore-nzk.com\/en\/product\/nici-poliestrowe-30m-kolor-naturalny-jasny-braz-722\/","title":{"rendered":"Nici do tworzenia tresek 30m kolor naturalny jasny br\u0105z 722"},"content":{"rendered":"<div>Ni\u0107 poliestrowa do tworzenia tresek i przed\u0142u\u017cania w\u0142os\u00f3w.<\/div>\n<div><\/div>\n<div><\/div>\n<div><\/div>\n<div dir=\"auto\">Wysokiej jako\u015bci ni\u0107 poliestrowa stworzona z my\u015bl\u0105 o profesjonalistach w bran\u017cy perukarskiej. Idealna do tworzenia tresek, przed\u0142u\u017cania w\u0142os\u00f3w oraz wszelkich prac wymagaj\u0105cych precyzji i trwa\u0142o\u015bci.<\/div>\n<div dir=\"auto\"><\/div>\n<div dir=\"auto\"><\/div>\n<div dir=\"auto\"><\/div>\n<div dir=\"auto\">Dzi\u0119ki wyj\u0105tkowej wytrzyma\u0142o\u015bci i odporno\u015bci na rozci\u0105ganie, ni\u0107 zapewnia doskona\u0142\u0105 si\u0142\u0119 trzymania \u2013 nawet przy intensywnym u\u017cytkowaniu. Jej g\u0142adka, ale mocna struktura sprawia, \u017ce doskonale sprawdza si\u0119 w r\u0119cznym szyciu tresek oraz pracy na maszynach perukarskich.<\/div>\n<div dir=\"auto\"><\/div>\n<div dir=\"auto\"><\/div>\n<div dir=\"auto\"><\/div>\n<div dir=\"auto\">Ni\u0107 dost\u0119pna jest w starannie dobranych odcieniach, kt\u00f3re \u0142atwo dopasowa\u0107 do naturalnych kolor\u00f3w w\u0142os\u00f3w, zapewniaj\u0105c estetyczny i niewidoczny efekt po\u0142\u0105czenia.<\/div>\n<div dir=\"auto\"><\/div>\n<div dir=\"auto\"><\/div>\n<div dir=\"auto\"><\/div>\n<div dir=\"auto\">Kolor nr 722 \u2013 jasny br\u0105z to idealny wyb\u00f3r do pracy z jasnymi odcieniami w\u0142os\u00f3w \u2013 gwarantuje naturalny wygl\u0105d i perfekcyjne dopasowanie.<\/div>\n<div dir=\"auto\"><\/div>\n<div dir=\"auto\"><\/div>\n<div dir=\"auto\"><\/div>\n<div dir=\"auto\"><\/div>\n<div dir=\"auto\">Cechy produktu:<\/div>\n<div dir=\"auto\"><\/div>\n<div dir=\"auto\"><strong data-start=\"615\" data-end=\"636\"><img decoding=\"async\" class=\"emoji\" role=\"img\" draggable=\"false\" src=\"https:\/\/s.w.org\/images\/core\/emoji\/15.1.0\/svg\/2705.svg\" alt=\"\u2705\" \/> <\/strong>Wysoka wytrzyma\u0142o\u015b\u0107 i odporno\u015b\u0107 na zrywanie<\/div>\n<div dir=\"auto\"><\/div>\n<div dir=\"auto\"><strong data-start=\"615\" data-end=\"636\"><img decoding=\"async\" class=\"emoji\" role=\"img\" draggable=\"false\" src=\"https:\/\/s.w.org\/images\/core\/emoji\/15.1.0\/svg\/2705.svg\" alt=\"\u2705\" \/> <\/strong>Doskona\u0142a si\u0142a trzymania przy tworzeniu tresek i przed\u0142u\u017caniu w\u0142os\u00f3w<\/div>\n<div dir=\"auto\"><\/div>\n<div dir=\"auto\"><strong data-start=\"615\" data-end=\"636\"><img decoding=\"async\" class=\"emoji\" role=\"img\" draggable=\"false\" src=\"https:\/\/s.w.org\/images\/core\/emoji\/15.1.0\/svg\/2705.svg\" alt=\"\u2705\" \/> <\/strong>Dost\u0119pna w naturalnych kolorach \u2013 \u0142atwe dopasowanie do odcienia w\u0142os\u00f3w<\/div>\n<div dir=\"auto\"><\/div>\n<div dir=\"auto\"><strong data-start=\"615\" data-end=\"636\"><img decoding=\"async\" class=\"emoji\" role=\"img\" draggable=\"false\" src=\"https:\/\/s.w.org\/images\/core\/emoji\/15.1.0\/svg\/2705.svg\" alt=\"\u2705\" \/> <\/strong>Kolor 722 \u2013 jasny br\u0105z \u2013 idealny do jasnych w\u0142os\u00f3w<\/div>\n<div dir=\"auto\"><\/div>\n<div dir=\"auto\"><strong data-start=\"615\" data-end=\"636\"><img decoding=\"async\" class=\"emoji\" role=\"img\" draggable=\"false\" src=\"https:\/\/s.w.org\/images\/core\/emoji\/15.1.0\/svg\/2705.svg\" alt=\"\u2705\" \/> <\/strong>G\u0142adka powierzchnia \u2013 nie pl\u0105cze si\u0119 i nie haczy w\u0142os\u00f3w<\/div>\n<div dir=\"auto\"><\/div>\n<div dir=\"auto\"><strong data-start=\"615\" data-end=\"636\"><img decoding=\"async\" class=\"emoji\" role=\"img\" draggable=\"false\" src=\"https:\/\/s.w.org\/images\/core\/emoji\/15.1.0\/svg\/2705.svg\" alt=\"\u2705\" \/> <\/strong>Idealna do profesjonalnych zastosowa\u0144 perukarskich<\/div>\n<div dir=\"auto\"><\/div>\n<div dir=\"auto\"><\/div>\n<div dir=\"auto\">Wybierz jako\u015b\u0107, kt\u00f3rej mo\u017cesz zaufa\u0107 \u2013 tw\u00f3rz trwa\u0142e i naturalnie wygl\u0105daj\u0105ce fryzury z nasz\u0105 nici\u0105 poliestrow\u0105.<\/div>","protected":false},"excerpt":{"rendered":"<p>Nici poliestrowe 30m kolor naturalny jasny br\u0105z 722 \u00a0stworzona z my\u015bl\u0105 o profesjonalistach w bran\u017cy perukarskiej. Idealna do tworzenia tresek, przed\u0142u\u017cania w\u0142os\u00f3w oraz wszelkich prac wymagaj\u0105cych precyzji i trwa\u0142o\u015bci. Zaprojektowane z my\u015bl\u0105 o profesjonalnych salonach, zapewniaj\u0105 elastyczno\u015b\u0107 i odporno\u015b\u0107 na rozci\u0105ganie, co czyni je idealnym wyborem przy tworzeniu, przed\u0142u\u017caniu oraz modyfikacji peruk.<\/p>","protected":false},"featured_media":2287,"template":"","meta":[],"product_brand":[],"product_cat":[28,39],"product_tag":[360,359,330],"class_list":{"0":"post-2289","1":"product","2":"type-product","3":"status-publish","4":"has-post-thumbnail","6":"product_cat-akcesoria","7":"product_cat-nici-i-akcesoria-perukarskie","8":"product_tag-nici","9":"product_tag-nici-perukarskie","10":"product_tag-peruka","12":"first","13":"instock","14":"taxable","15":"shipping-taxable","16":"purchasable","17":"product-type-simple"},"yoast_head":"<!-- This site is optimized with the Yoast SEO Premium plugin v24.5 (Yoast SEO v27.5) - https:\/\/yoast.com\/product\/yoast-seo-premium-wordpress\/ -->\n<title>Nici do tworzenia tresek 30m kolor naturalny jasny br\u0105z 722 - NZK-Wigstore<\/title>\n<meta name=\"description\" content=\"Nici poliestrowe 30m kolor naturalny jasny br\u0105z 722 stworzona z my\u015bl\u0105 o profesjonalistach w bran\u017cy perukarskiej. Idealna do tworzenia tresek, przed\u0142u\u017cania w\u0142os\u00f3w oraz wszelkich prac wymagaj\u0105cych precyzji i trwa\u0142o\u015bci.\" \/>\n<meta name=\"robots\" content=\"index, follow, max-snippet:-1, max-image-preview:large, max-video-preview:-1\" \/>\n<link rel=\"canonical\" href=\"https:\/\/wigstore-nzk.com\/en\/product\/nici-poliestrowe-30m-kolor-naturalny-jasny-braz-722\/\" \/>\n<meta property=\"og:locale\" content=\"en_US\" \/>\n<meta property=\"og:type\" content=\"article\" \/>\n<meta property=\"og:title\" content=\"Nici do tworzenia tresek 30m kolor naturalny jasny br\u0105z 722\" \/>\n<meta property=\"og:description\" content=\"Nici poliestrowe 30m kolor naturalny jasny br\u0105z 722 stworzona z my\u015bl\u0105 o profesjonalistach w bran\u017cy perukarskiej. Idealna do tworzenia tresek, przed\u0142u\u017cania w\u0142os\u00f3w oraz wszelkich prac wymagaj\u0105cych precyzji i trwa\u0142o\u015bci.\" \/>\n<meta property=\"og:url\" content=\"https:\/\/wigstore-nzk.com\/en\/product\/nici-poliestrowe-30m-kolor-naturalny-jasny-braz-722\/\" \/>\n<meta property=\"og:site_name\" content=\"NZK-Wigstore\" \/>\n<meta property=\"article:modified_time\" content=\"2026-02-27T16:04:58+00:00\" \/>\n<meta property=\"og:image\" content=\"https:\/\/wigstore-nzk.com\/wp-content\/uploads\/2025\/04\/27D-Duze.png\" \/>\n\t<meta property=\"og:image:width\" content=\"1080\" \/>\n\t<meta property=\"og:image:height\" content=\"1440\" \/>\n\t<meta property=\"og:image:type\" content=\"image\/png\" \/>\n<meta name=\"twitter:card\" content=\"summary_large_image\" \/>\n<meta name=\"twitter:label1\" content=\"Est. reading time\" \/>\n\t<meta name=\"twitter:data1\" content=\"3 minutes\" \/>\n<script type=\"application\/ld+json\" class=\"yoast-schema-graph\">{\"@context\":\"https:\\\/\\\/schema.org\",\"@graph\":[{\"@type\":\"WebPage\",\"@id\":\"https:\\\/\\\/wigstore-nzk.com\\\/produkt\\\/nici-poliestrowe-30m-kolor-naturalny-jasny-braz-722\\\/\",\"url\":\"https:\\\/\\\/wigstore-nzk.com\\\/produkt\\\/nici-poliestrowe-30m-kolor-naturalny-jasny-braz-722\\\/\",\"name\":\"Nici do tworzenia tresek 30m kolor naturalny jasny br\u0105z 722 - NZK-Wigstore\",\"isPartOf\":{\"@id\":\"https:\\\/\\\/wigstore-nzk.com\\\/#website\"},\"primaryImageOfPage\":{\"@id\":\"https:\\\/\\\/wigstore-nzk.com\\\/produkt\\\/nici-poliestrowe-30m-kolor-naturalny-jasny-braz-722\\\/#primaryimage\"},\"image\":{\"@id\":\"https:\\\/\\\/wigstore-nzk.com\\\/produkt\\\/nici-poliestrowe-30m-kolor-naturalny-jasny-braz-722\\\/#primaryimage\"},\"thumbnailUrl\":\"https:\\\/\\\/wigstore-nzk.com\\\/wp-content\\\/uploads\\\/2025\\\/04\\\/27D-Duze.png\",\"datePublished\":\"2025-04-14T21:22:50+00:00\",\"dateModified\":\"2026-02-27T16:04:58+00:00\",\"description\":\"Nici poliestrowe 30m kolor naturalny jasny br\u0105z 722 stworzona z my\u015bl\u0105 o profesjonalistach w bran\u017cy perukarskiej. Idealna do tworzenia tresek, przed\u0142u\u017cania w\u0142os\u00f3w oraz wszelkich prac wymagaj\u0105cych precyzji i trwa\u0142o\u015bci.\",\"breadcrumb\":{\"@id\":\"https:\\\/\\\/wigstore-nzk.com\\\/produkt\\\/nici-poliestrowe-30m-kolor-naturalny-jasny-braz-722\\\/#breadcrumb\"},\"inLanguage\":\"en-US\",\"potentialAction\":[{\"@type\":\"ReadAction\",\"target\":[\"https:\\\/\\\/wigstore-nzk.com\\\/produkt\\\/nici-poliestrowe-30m-kolor-naturalny-jasny-braz-722\\\/\"]}]},{\"@type\":\"ImageObject\",\"inLanguage\":\"en-US\",\"@id\":\"https:\\\/\\\/wigstore-nzk.com\\\/produkt\\\/nici-poliestrowe-30m-kolor-naturalny-jasny-braz-722\\\/#primaryimage\",\"url\":\"https:\\\/\\\/wigstore-nzk.com\\\/wp-content\\\/uploads\\\/2025\\\/04\\\/27D-Duze.png\",\"contentUrl\":\"https:\\\/\\\/wigstore-nzk.com\\\/wp-content\\\/uploads\\\/2025\\\/04\\\/27D-Duze.png\",\"width\":1080,\"height\":1440,\"caption\":\"Nici jasny br\u0105z 100m\"},{\"@type\":\"BreadcrumbList\",\"@id\":\"https:\\\/\\\/wigstore-nzk.com\\\/produkt\\\/nici-poliestrowe-30m-kolor-naturalny-jasny-braz-722\\\/#breadcrumb\",\"itemListElement\":[{\"@type\":\"ListItem\",\"position\":1,\"name\":\"Strona g\u0142\u00f3wna\",\"item\":\"https:\\\/\\\/wigstore-nzk.com\\\/\"},{\"@type\":\"ListItem\",\"position\":2,\"name\":\"Sklep\",\"item\":\"https:\\\/\\\/wigstore-nzk.com\\\/sklep\\\/\"},{\"@type\":\"ListItem\",\"position\":3,\"name\":\"Nici do tworzenia tresek 30m kolor naturalny jasny br\u0105z 722\"}]},{\"@type\":\"WebSite\",\"@id\":\"https:\\\/\\\/wigstore-nzk.com\\\/#website\",\"url\":\"https:\\\/\\\/wigstore-nzk.com\\\/\",\"name\":\"NZK-Wigstore\",\"description\":\"\",\"potentialAction\":[{\"@type\":\"SearchAction\",\"target\":{\"@type\":\"EntryPoint\",\"urlTemplate\":\"https:\\\/\\\/wigstore-nzk.com\\\/?s={search_term_string}\"},\"query-input\":{\"@type\":\"PropertyValueSpecification\",\"valueRequired\":true,\"valueName\":\"search_term_string\"}}],\"inLanguage\":\"en-US\"}]}<\/script>\n<!-- \/ Yoast SEO Premium plugin. -->","yoast_head_json":{"title":"Nici do tworzenia tresek 30m kolor naturalny jasny br\u0105z 722 - NZK-Wigstore","description":"Nici poliestrowe 30m kolor naturalny jasny br\u0105z 722 stworzona z my\u015bl\u0105 o profesjonalistach w bran\u017cy perukarskiej. Idealna do tworzenia tresek, przed\u0142u\u017cania w\u0142os\u00f3w oraz wszelkich prac wymagaj\u0105cych precyzji i trwa\u0142o\u015bci.","robots":{"index":"index","follow":"follow","max-snippet":"max-snippet:-1","max-image-preview":"max-image-preview:large","max-video-preview":"max-video-preview:-1"},"canonical":"https:\/\/wigstore-nzk.com\/en\/product\/nici-poliestrowe-30m-kolor-naturalny-jasny-braz-722\/","og_locale":"en_US","og_type":"article","og_title":"Nici do tworzenia tresek 30m kolor naturalny jasny br\u0105z 722","og_description":"Nici poliestrowe 30m kolor naturalny jasny br\u0105z 722 stworzona z my\u015bl\u0105 o profesjonalistach w bran\u017cy perukarskiej. Idealna do tworzenia tresek, przed\u0142u\u017cania w\u0142os\u00f3w oraz wszelkich prac wymagaj\u0105cych precyzji i trwa\u0142o\u015bci.","og_url":"https:\/\/wigstore-nzk.com\/en\/product\/nici-poliestrowe-30m-kolor-naturalny-jasny-braz-722\/","og_site_name":"NZK-Wigstore","article_modified_time":"2026-02-27T16:04:58+00:00","og_image":[{"width":1080,"height":1440,"url":"https:\/\/wigstore-nzk.com\/wp-content\/uploads\/2025\/04\/27D-Duze.png","type":"image\/png"}],"twitter_card":"summary_large_image","twitter_misc":{"Est. reading time":"3 minutes"},"schema":{"@context":"https:\/\/schema.org","@graph":[{"@type":"WebPage","@id":"https:\/\/wigstore-nzk.com\/produkt\/nici-poliestrowe-30m-kolor-naturalny-jasny-braz-722\/","url":"https:\/\/wigstore-nzk.com\/produkt\/nici-poliestrowe-30m-kolor-naturalny-jasny-braz-722\/","name":"Nici do tworzenia tresek 30m kolor naturalny jasny br\u0105z 722 - NZK-Wigstore","isPartOf":{"@id":"https:\/\/wigstore-nzk.com\/#website"},"primaryImageOfPage":{"@id":"https:\/\/wigstore-nzk.com\/produkt\/nici-poliestrowe-30m-kolor-naturalny-jasny-braz-722\/#primaryimage"},"image":{"@id":"https:\/\/wigstore-nzk.com\/produkt\/nici-poliestrowe-30m-kolor-naturalny-jasny-braz-722\/#primaryimage"},"thumbnailUrl":"https:\/\/wigstore-nzk.com\/wp-content\/uploads\/2025\/04\/27D-Duze.png","datePublished":"2025-04-14T21:22:50+00:00","dateModified":"2026-02-27T16:04:58+00:00","description":"Nici poliestrowe 30m kolor naturalny jasny br\u0105z 722 stworzona z my\u015bl\u0105 o profesjonalistach w bran\u017cy perukarskiej. Idealna do tworzenia tresek, przed\u0142u\u017cania w\u0142os\u00f3w oraz wszelkich prac wymagaj\u0105cych precyzji i trwa\u0142o\u015bci.","breadcrumb":{"@id":"https:\/\/wigstore-nzk.com\/produkt\/nici-poliestrowe-30m-kolor-naturalny-jasny-braz-722\/#breadcrumb"},"inLanguage":"en-US","potentialAction":[{"@type":"ReadAction","target":["https:\/\/wigstore-nzk.com\/produkt\/nici-poliestrowe-30m-kolor-naturalny-jasny-braz-722\/"]}]},{"@type":"ImageObject","inLanguage":"en-US","@id":"https:\/\/wigstore-nzk.com\/produkt\/nici-poliestrowe-30m-kolor-naturalny-jasny-braz-722\/#primaryimage","url":"https:\/\/wigstore-nzk.com\/wp-content\/uploads\/2025\/04\/27D-Duze.png","contentUrl":"https:\/\/wigstore-nzk.com\/wp-content\/uploads\/2025\/04\/27D-Duze.png","width":1080,"height":1440,"caption":"Nici jasny br\u0105z 100m"},{"@type":"BreadcrumbList","@id":"https:\/\/wigstore-nzk.com\/produkt\/nici-poliestrowe-30m-kolor-naturalny-jasny-braz-722\/#breadcrumb","itemListElement":[{"@type":"ListItem","position":1,"name":"Strona g\u0142\u00f3wna","item":"https:\/\/wigstore-nzk.com\/"},{"@type":"ListItem","position":2,"name":"Sklep","item":"https:\/\/wigstore-nzk.com\/sklep\/"},{"@type":"ListItem","position":3,"name":"Nici do tworzenia tresek 30m kolor naturalny jasny br\u0105z 722"}]},{"@type":"WebSite","@id":"https:\/\/wigstore-nzk.com\/#website","url":"https:\/\/wigstore-nzk.com\/","name":"NZK-Wigstore","description":"","potentialAction":[{"@type":"SearchAction","target":{"@type":"EntryPoint","urlTemplate":"https:\/\/wigstore-nzk.com\/?s={search_term_string}"},"query-input":{"@type":"PropertyValueSpecification","valueRequired":true,"valueName":"search_term_string"}}],"inLanguage":"en-US"}]}},"_links":{"self":[{"href":"https:\/\/wigstore-nzk.com\/en\/wp-json\/wp\/v2\/product\/2289","targetHints":{"allow":["GET"]}}],"collection":[{"href":"https:\/\/wigstore-nzk.com\/en\/wp-json\/wp\/v2\/product"}],"about":[{"href":"https:\/\/wigstore-nzk.com\/en\/wp-json\/wp\/v2\/types\/product"}],"version-history":[{"count":5,"href":"https:\/\/wigstore-nzk.com\/en\/wp-json\/wp\/v2\/product\/2289\/revisions"}],"predecessor-version":[{"id":2386,"href":"https:\/\/wigstore-nzk.com\/en\/wp-json\/wp\/v2\/product\/2289\/revisions\/2386"}],"wp:featuredmedia":[{"embeddable":true,"href":"https:\/\/wigstore-nzk.com\/en\/wp-json\/wp\/v2\/media\/2287"}],"wp:attachment":[{"href":"https:\/\/wigstore-nzk.com\/en\/wp-json\/wp\/v2\/media?parent=2289"}],"wp:term":[{"taxonomy":"product_brand","embeddable":true,"href":"https:\/\/wigstore-nzk.com\/en\/wp-json\/wp\/v2\/product_brand?post=2289"},{"taxonomy":"product_cat","embeddable":true,"href":"https:\/\/wigstore-nzk.com\/en\/wp-json\/wp\/v2\/product_cat?post=2289"},{"taxonomy":"product_tag","embeddable":true,"href":"https:\/\/wigstore-nzk.com\/en\/wp-json\/wp\/v2\/product_tag?post=2289"}],"curies":[{"name":"wp","href":"https:\/\/api.w.org\/{rel}","templated":true}]}}