{"id":2301,"date":"2025-04-20T22:36:49","date_gmt":"2025-04-20T20:36:49","guid":{"rendered":"https:\/\/wigstore-nzk.com\/?post_type=product&#038;p=2301"},"modified":"2025-11-06T18:24:12","modified_gmt":"2025-11-06T17:24:12","slug":"plastikowy-stojak-perukarski-na-glowke-modelarska","status":"publish","type":"product","link":"https:\/\/wigstore-nzk.com\/en\/product\/plastikowy-stojak-perukarski-na-glowke-modelarska\/","title":{"rendered":"Plastikowy stojak perukarski na g\u0142\u00f3wk\u0119 modelarsk\u0105"},"content":{"rendered":"<p>Plastikowy stojak perukarski na g\u0142\u00f3wk\u0119 modelarsk\u0105 to lekkie i praktyczne rozwi\u0105zanie do eksponowania oraz stylizacji peruk. Dzi\u0119ki solidnej konstrukcji zapewnia stabilne podparcie dla g\u0142\u00f3wki modelarskiej, co u\u0142atwia prac\u0119 nad strzy\u017ceniem, modelowaniem i piel\u0119gnacj\u0105 w\u0142os\u00f3w.<\/p>\n<p>&nbsp;<\/p>\n<p>Cechy produktu:<br \/>\n\u2705Lekki i wytrzyma\u0142y plastik \u2013 odporny na codzienne u\u017cytkowanie<br \/>\n\u2705Stabilna konstrukcja \u2013 zapewnia pewne podparcie dla g\u0142\u00f3wki<br \/>\n\u2705\u0141atwy monta\u017c i demonta\u017c \u2013 wygodny w przechowywaniu i transporcie<br \/>\n\u2705Uniwersalne zastosowanie \u2013 idealny do salon\u00f3w fryzjerskich, perukarni i u\u017cytku domowego<\/p>\n<p>\u015awietnie sprawdzi si\u0119 zar\u00f3wno dla profesjonalist\u00f3w, jak i amator\u00f3w stylizacji peruk. Wybierz wygod\u0119 i funkcjonalno\u015b\u0107 z naszym stojakiem perukarskim!<\/p>","protected":false},"excerpt":{"rendered":"<p>Plastikowy stojak perukarski na g\u0142\u00f3wk\u0119 modelarsk\u0105 &#8211; Lekki, stabilny i \u0142atwy w monta\u017cu stojak perukarski z wytrzyma\u0142ego plastiku. Idealny do stylizacji, ci\u0119cia i piel\u0119gnacji peruk \u2013 w salonie, perukarni czy w domu. Praktyczne rozwi\u0105zanie dla profesjonalist\u00f3w i amator\u00f3w.<\/p>","protected":false},"featured_media":2303,"template":"","meta":[],"product_brand":[],"product_cat":[28,35,27],"product_tag":[151,358,357],"class_list":{"0":"post-2301","1":"product","2":"type-product","3":"status-publish","4":"has-post-thumbnail","6":"product_cat-akcesoria","7":"product_cat-glowki-i-uchwyty-na-peruke","8":"product_cat-stojaki","9":"product_tag-jak-szyc-peruki","10":"product_tag-stojak","11":"product_tag-uchwyt-na-peruk","13":"first","14":"instock","15":"taxable","16":"shipping-taxable","17":"purchasable","18":"product-type-simple"},"yoast_head":"<!-- This site is optimized with the Yoast SEO Premium plugin v24.5 (Yoast SEO v27.5) - https:\/\/yoast.com\/product\/yoast-seo-premium-wordpress\/ -->\n<title>Plastikowy stojak perukarski na g\u0142\u00f3wk\u0119 modelarsk\u0105 - NZK-Wigstore<\/title>\n<meta name=\"description\" content=\"Lekki, stabilny i \u0142atwy w monta\u017cu stojak perukarski z wytrzyma\u0142ego plastiku. Idealny do stylizacji, ci\u0119cia i piel\u0119gnacji peruk.\" \/>\n<meta name=\"robots\" content=\"index, follow, max-snippet:-1, max-image-preview:large, max-video-preview:-1\" \/>\n<link rel=\"canonical\" href=\"https:\/\/wigstore-nzk.com\/en\/product\/plastikowy-stojak-perukarski-na-glowke-modelarska\/\" \/>\n<meta property=\"og:locale\" content=\"en_US\" \/>\n<meta property=\"og:type\" content=\"article\" \/>\n<meta property=\"og:title\" content=\"Plastikowy stojak perukarski na g\u0142\u00f3wk\u0119 modelarsk\u0105\" \/>\n<meta property=\"og:description\" content=\"Lekki, stabilny i \u0142atwy w monta\u017cu stojak perukarski z wytrzyma\u0142ego plastiku. Idealny do stylizacji, ci\u0119cia i piel\u0119gnacji peruk.\" \/>\n<meta property=\"og:url\" content=\"https:\/\/wigstore-nzk.com\/en\/product\/plastikowy-stojak-perukarski-na-glowke-modelarska\/\" \/>\n<meta property=\"og:site_name\" content=\"NZK-Wigstore\" \/>\n<meta property=\"article:modified_time\" content=\"2025-11-06T17:24:12+00:00\" \/>\n<meta property=\"og:image\" content=\"https:\/\/wigstore-nzk.com\/wp-content\/uploads\/2025\/04\/29_1Duze.png\" \/>\n\t<meta property=\"og:image:width\" content=\"1080\" \/>\n\t<meta property=\"og:image:height\" content=\"1440\" \/>\n\t<meta property=\"og:image:type\" content=\"image\/png\" \/>\n<meta name=\"twitter:card\" content=\"summary_large_image\" \/>\n<meta name=\"twitter:label1\" content=\"Est. reading time\" \/>\n\t<meta name=\"twitter:data1\" content=\"1 minute\" \/>\n<script type=\"application\/ld+json\" class=\"yoast-schema-graph\">{\"@context\":\"https:\\\/\\\/schema.org\",\"@graph\":[{\"@type\":\"WebPage\",\"@id\":\"https:\\\/\\\/wigstore-nzk.com\\\/produkt\\\/plastikowy-stojak-perukarski-na-glowke-modelarska\\\/\",\"url\":\"https:\\\/\\\/wigstore-nzk.com\\\/produkt\\\/plastikowy-stojak-perukarski-na-glowke-modelarska\\\/\",\"name\":\"Plastikowy stojak perukarski na g\u0142\u00f3wk\u0119 modelarsk\u0105 - NZK-Wigstore\",\"isPartOf\":{\"@id\":\"https:\\\/\\\/wigstore-nzk.com\\\/#website\"},\"primaryImageOfPage\":{\"@id\":\"https:\\\/\\\/wigstore-nzk.com\\\/produkt\\\/plastikowy-stojak-perukarski-na-glowke-modelarska\\\/#primaryimage\"},\"image\":{\"@id\":\"https:\\\/\\\/wigstore-nzk.com\\\/produkt\\\/plastikowy-stojak-perukarski-na-glowke-modelarska\\\/#primaryimage\"},\"thumbnailUrl\":\"https:\\\/\\\/wigstore-nzk.com\\\/wp-content\\\/uploads\\\/2025\\\/04\\\/29_1Duze.png\",\"datePublished\":\"2025-04-20T20:36:49+00:00\",\"dateModified\":\"2025-11-06T17:24:12+00:00\",\"description\":\"Lekki, stabilny i \u0142atwy w monta\u017cu stojak perukarski z wytrzyma\u0142ego plastiku. Idealny do stylizacji, ci\u0119cia i piel\u0119gnacji peruk.\",\"breadcrumb\":{\"@id\":\"https:\\\/\\\/wigstore-nzk.com\\\/produkt\\\/plastikowy-stojak-perukarski-na-glowke-modelarska\\\/#breadcrumb\"},\"inLanguage\":\"en-US\",\"potentialAction\":[{\"@type\":\"ReadAction\",\"target\":[\"https:\\\/\\\/wigstore-nzk.com\\\/produkt\\\/plastikowy-stojak-perukarski-na-glowke-modelarska\\\/\"]}]},{\"@type\":\"ImageObject\",\"inLanguage\":\"en-US\",\"@id\":\"https:\\\/\\\/wigstore-nzk.com\\\/produkt\\\/plastikowy-stojak-perukarski-na-glowke-modelarska\\\/#primaryimage\",\"url\":\"https:\\\/\\\/wigstore-nzk.com\\\/wp-content\\\/uploads\\\/2025\\\/04\\\/29_1Duze.png\",\"contentUrl\":\"https:\\\/\\\/wigstore-nzk.com\\\/wp-content\\\/uploads\\\/2025\\\/04\\\/29_1Duze.png\",\"width\":1080,\"height\":1440,\"caption\":\"plastikowy stojak na g\u0142owk\u0119 modelarsk\u0105\"},{\"@type\":\"BreadcrumbList\",\"@id\":\"https:\\\/\\\/wigstore-nzk.com\\\/produkt\\\/plastikowy-stojak-perukarski-na-glowke-modelarska\\\/#breadcrumb\",\"itemListElement\":[{\"@type\":\"ListItem\",\"position\":1,\"name\":\"Strona g\u0142\u00f3wna\",\"item\":\"https:\\\/\\\/wigstore-nzk.com\\\/\"},{\"@type\":\"ListItem\",\"position\":2,\"name\":\"Sklep\",\"item\":\"https:\\\/\\\/wigstore-nzk.com\\\/sklep\\\/\"},{\"@type\":\"ListItem\",\"position\":3,\"name\":\"Plastikowy stojak perukarski na g\u0142\u00f3wk\u0119 modelarsk\u0105\"}]},{\"@type\":\"WebSite\",\"@id\":\"https:\\\/\\\/wigstore-nzk.com\\\/#website\",\"url\":\"https:\\\/\\\/wigstore-nzk.com\\\/\",\"name\":\"NZK-Wigstore\",\"description\":\"\",\"potentialAction\":[{\"@type\":\"SearchAction\",\"target\":{\"@type\":\"EntryPoint\",\"urlTemplate\":\"https:\\\/\\\/wigstore-nzk.com\\\/?s={search_term_string}\"},\"query-input\":{\"@type\":\"PropertyValueSpecification\",\"valueRequired\":true,\"valueName\":\"search_term_string\"}}],\"inLanguage\":\"en-US\"}]}<\/script>\n<!-- \/ Yoast SEO Premium plugin. -->","yoast_head_json":{"title":"Plastikowy stojak perukarski na g\u0142\u00f3wk\u0119 modelarsk\u0105 - NZK-Wigstore","description":"Lekki, stabilny i \u0142atwy w monta\u017cu stojak perukarski z wytrzyma\u0142ego plastiku. Idealny do stylizacji, ci\u0119cia i piel\u0119gnacji peruk.","robots":{"index":"index","follow":"follow","max-snippet":"max-snippet:-1","max-image-preview":"max-image-preview:large","max-video-preview":"max-video-preview:-1"},"canonical":"https:\/\/wigstore-nzk.com\/en\/product\/plastikowy-stojak-perukarski-na-glowke-modelarska\/","og_locale":"en_US","og_type":"article","og_title":"Plastikowy stojak perukarski na g\u0142\u00f3wk\u0119 modelarsk\u0105","og_description":"Lekki, stabilny i \u0142atwy w monta\u017cu stojak perukarski z wytrzyma\u0142ego plastiku. Idealny do stylizacji, ci\u0119cia i piel\u0119gnacji peruk.","og_url":"https:\/\/wigstore-nzk.com\/en\/product\/plastikowy-stojak-perukarski-na-glowke-modelarska\/","og_site_name":"NZK-Wigstore","article_modified_time":"2025-11-06T17:24:12+00:00","og_image":[{"width":1080,"height":1440,"url":"https:\/\/wigstore-nzk.com\/wp-content\/uploads\/2025\/04\/29_1Duze.png","type":"image\/png"}],"twitter_card":"summary_large_image","twitter_misc":{"Est. reading time":"1 minute"},"schema":{"@context":"https:\/\/schema.org","@graph":[{"@type":"WebPage","@id":"https:\/\/wigstore-nzk.com\/produkt\/plastikowy-stojak-perukarski-na-glowke-modelarska\/","url":"https:\/\/wigstore-nzk.com\/produkt\/plastikowy-stojak-perukarski-na-glowke-modelarska\/","name":"Plastikowy stojak perukarski na g\u0142\u00f3wk\u0119 modelarsk\u0105 - NZK-Wigstore","isPartOf":{"@id":"https:\/\/wigstore-nzk.com\/#website"},"primaryImageOfPage":{"@id":"https:\/\/wigstore-nzk.com\/produkt\/plastikowy-stojak-perukarski-na-glowke-modelarska\/#primaryimage"},"image":{"@id":"https:\/\/wigstore-nzk.com\/produkt\/plastikowy-stojak-perukarski-na-glowke-modelarska\/#primaryimage"},"thumbnailUrl":"https:\/\/wigstore-nzk.com\/wp-content\/uploads\/2025\/04\/29_1Duze.png","datePublished":"2025-04-20T20:36:49+00:00","dateModified":"2025-11-06T17:24:12+00:00","description":"Lekki, stabilny i \u0142atwy w monta\u017cu stojak perukarski z wytrzyma\u0142ego plastiku. Idealny do stylizacji, ci\u0119cia i piel\u0119gnacji peruk.","breadcrumb":{"@id":"https:\/\/wigstore-nzk.com\/produkt\/plastikowy-stojak-perukarski-na-glowke-modelarska\/#breadcrumb"},"inLanguage":"en-US","potentialAction":[{"@type":"ReadAction","target":["https:\/\/wigstore-nzk.com\/produkt\/plastikowy-stojak-perukarski-na-glowke-modelarska\/"]}]},{"@type":"ImageObject","inLanguage":"en-US","@id":"https:\/\/wigstore-nzk.com\/produkt\/plastikowy-stojak-perukarski-na-glowke-modelarska\/#primaryimage","url":"https:\/\/wigstore-nzk.com\/wp-content\/uploads\/2025\/04\/29_1Duze.png","contentUrl":"https:\/\/wigstore-nzk.com\/wp-content\/uploads\/2025\/04\/29_1Duze.png","width":1080,"height":1440,"caption":"plastikowy stojak na g\u0142owk\u0119 modelarsk\u0105"},{"@type":"BreadcrumbList","@id":"https:\/\/wigstore-nzk.com\/produkt\/plastikowy-stojak-perukarski-na-glowke-modelarska\/#breadcrumb","itemListElement":[{"@type":"ListItem","position":1,"name":"Strona g\u0142\u00f3wna","item":"https:\/\/wigstore-nzk.com\/"},{"@type":"ListItem","position":2,"name":"Sklep","item":"https:\/\/wigstore-nzk.com\/sklep\/"},{"@type":"ListItem","position":3,"name":"Plastikowy stojak perukarski na g\u0142\u00f3wk\u0119 modelarsk\u0105"}]},{"@type":"WebSite","@id":"https:\/\/wigstore-nzk.com\/#website","url":"https:\/\/wigstore-nzk.com\/","name":"NZK-Wigstore","description":"","potentialAction":[{"@type":"SearchAction","target":{"@type":"EntryPoint","urlTemplate":"https:\/\/wigstore-nzk.com\/?s={search_term_string}"},"query-input":{"@type":"PropertyValueSpecification","valueRequired":true,"valueName":"search_term_string"}}],"inLanguage":"en-US"}]}},"_links":{"self":[{"href":"https:\/\/wigstore-nzk.com\/en\/wp-json\/wp\/v2\/product\/2301","targetHints":{"allow":["GET"]}}],"collection":[{"href":"https:\/\/wigstore-nzk.com\/en\/wp-json\/wp\/v2\/product"}],"about":[{"href":"https:\/\/wigstore-nzk.com\/en\/wp-json\/wp\/v2\/types\/product"}],"version-history":[{"count":4,"href":"https:\/\/wigstore-nzk.com\/en\/wp-json\/wp\/v2\/product\/2301\/revisions"}],"predecessor-version":[{"id":2378,"href":"https:\/\/wigstore-nzk.com\/en\/wp-json\/wp\/v2\/product\/2301\/revisions\/2378"}],"wp:featuredmedia":[{"embeddable":true,"href":"https:\/\/wigstore-nzk.com\/en\/wp-json\/wp\/v2\/media\/2303"}],"wp:attachment":[{"href":"https:\/\/wigstore-nzk.com\/en\/wp-json\/wp\/v2\/media?parent=2301"}],"wp:term":[{"taxonomy":"product_brand","embeddable":true,"href":"https:\/\/wigstore-nzk.com\/en\/wp-json\/wp\/v2\/product_brand?post=2301"},{"taxonomy":"product_cat","embeddable":true,"href":"https:\/\/wigstore-nzk.com\/en\/wp-json\/wp\/v2\/product_cat?post=2301"},{"taxonomy":"product_tag","embeddable":true,"href":"https:\/\/wigstore-nzk.com\/en\/wp-json\/wp\/v2\/product_tag?post=2301"}],"curies":[{"name":"wp","href":"https:\/\/api.w.org\/{rel}","templated":true}]}}