{"id":2306,"date":"2025-04-20T22:38:34","date_gmt":"2025-04-20T20:38:34","guid":{"rendered":"https:\/\/wigstore-nzk.com\/?post_type=product&#038;p=2306"},"modified":"2025-11-11T11:40:12","modified_gmt":"2025-11-11T10:40:12","slug":"metalowy-zacisk-perukarski-do-tresbanek","status":"publish","type":"product","link":"https:\/\/wigstore-nzk.com\/en\/product\/metalowy-zacisk-perukarski-do-tresbanek\/","title":{"rendered":"Metalowy zacisk perukarski do tresbanek, typ A"},"content":{"rendered":"<p>Metalowy zacisk perukarski do tresbanek &#8211; Nasz metalowy zacisk perukarski to niezb\u0119dne narz\u0119dzie dla profesjonalist\u00f3w i pasjonat\u00f3w tworzenia i stylizacji peruk. Wykonany z wysokiej jako\u015bci, trwa\u0142ego metalu, zapewnia stabilne i mocne mocowanie tresbanek do sto\u0142u lub innej powierzchni roboczej. Dzi\u0119ki solidnej konstrukcji i \u0142atwej regulacji, zacisk gwarantuje komfort pracy podczas tworzenia tresek.<\/p>\n<p>Cechy produktu:<br \/>\n\u2705Wytrzyma\u0142y materia\u0142 \u2013 odporny na zu\u017cycie i uszkodzenia<br \/>\n\u2705Regulowany uchwyt \u2013 pasuje do r\u00f3\u017cnych grubo\u015bci blat\u00f3w<br \/>\n\u2705Mocny chwyt \u2013 zapewnia stabilno\u015b\u0107 podczas pracy<br \/>\n\u2705\u0141atwa obs\u0142uga \u2013 szybkie mocowanie i demonta\u017c<\/p>\n<p>Idealny dla stylist\u00f3w peruk, fryzjer\u00f3w oraz os\u00f3b zajmuj\u0105cych si\u0119 r\u0119cznym tworzeniem tresek i peruk. Wybierz jako\u015b\u0107 i wygod\u0119 z naszym metalowym zaciskiem perukarskim!<\/p>\n<p>W sprzeda\u017cy 1 sztuka zacisku perukarskiego do tresbanek.<\/p>\n<p>&nbsp;<\/p>\n<p>Produkt jest cz\u0119\u015bci\u0105 zestawu, kt\u00f3rego elementy kupowane s\u0105 osobno. Ca\u0142y zestaw powinien si\u0119 sk\u0142ada\u0107 z nast\u0119puj\u0105cych element\u00f3w:<br \/>\n&#8211; Tresbanka Perukarska (pletniak), 1 ko\u0142ek<br \/>\n&#8211; Tresbanka Perukarska (pletniak), 6 ko\u0142k\u00f3w<br \/>\n&#8211; Dwie sztuki metalowy zacisk perukarski do tresbanek, typ A lub typ B<\/p>","protected":false},"excerpt":{"rendered":"<p>Metalowy zacisk perukarski do treskbanek &#8211; niezb\u0119dne narz\u0119dzie dla profesjonalist\u00f3w i pasjonat\u00f3w tworzenia i stylizacji peruk. Wykonany z wysokiej jako\u015bci, trwa\u0142ego metalu, zapewnia stabilne i mocne mocowanie tresbanek do sto\u0142u lub innej powierzchni roboczej<\/p>\n<p>&nbsp;<\/p>\n<p>Produkt jest cz\u0119\u015bci\u0105 zestawu, kt\u00f3rego elementy kupowane s\u0105 osobno. Ca\u0142y zestaw powinien si\u0119 sk\u0142ada\u0107 z nast\u0119puj\u0105cych element\u00f3w:<br \/>\n&#8211; Tresbanka Perukarska (pletniak), 1 ko\u0142ek<br \/>\n&#8211; Tresbanka Perukarska (pletniak), 6 ko\u0142k\u00f3w<br \/>\n&#8211; Dwie sztuki metalowy zacisk perukarski do tresbanek, typ A lub typ B<\/p>","protected":false},"featured_media":2307,"template":"","meta":[],"product_brand":[],"product_cat":[28,39,44,27],"product_tag":[304,356,355],"class_list":{"0":"post-2306","1":"product","2":"type-product","3":"status-publish","4":"has-post-thumbnail","6":"product_cat-akcesoria","7":"product_cat-nici-i-akcesoria-perukarskie","8":"product_cat-przyrzady-do-trzymania-wlosow","9":"product_cat-stojaki","10":"product_tag-peruki","11":"product_tag-uchwyt-do-tresbanek","12":"product_tag-wigstore","14":"first","15":"outofstock","16":"taxable","17":"shipping-taxable","18":"purchasable","19":"product-type-simple"},"yoast_head":"<!-- This site is optimized with the Yoast SEO Premium plugin v24.5 (Yoast SEO v27.5) - https:\/\/yoast.com\/product\/yoast-seo-premium-wordpress\/ -->\n<title>Metalowy zacisk perukarski do tresbanek, typ A - NZK-Wigstore<\/title>\n<meta name=\"description\" content=\"Metalowy zacisk perukarski do tresbanek - Wykonany z wysokiej jako\u015bci, trwa\u0142ego metalu, zapewnia stabilne mocowanie tresbanek do powierzchni roboczej\" \/>\n<meta name=\"robots\" content=\"index, follow, max-snippet:-1, max-image-preview:large, max-video-preview:-1\" \/>\n<link rel=\"canonical\" href=\"https:\/\/wigstore-nzk.com\/en\/product\/metalowy-zacisk-perukarski-do-tresbanek\/\" \/>\n<meta property=\"og:locale\" content=\"en_US\" \/>\n<meta property=\"og:type\" content=\"article\" \/>\n<meta property=\"og:title\" content=\"Metalowy zacisk perukarski do tresbanek, typ A\" \/>\n<meta property=\"og:description\" content=\"Metalowy zacisk perukarski do tresbanek - Wykonany z wysokiej jako\u015bci, trwa\u0142ego metalu, zapewnia stabilne mocowanie tresbanek do powierzchni roboczej\" \/>\n<meta property=\"og:url\" content=\"https:\/\/wigstore-nzk.com\/en\/product\/metalowy-zacisk-perukarski-do-tresbanek\/\" \/>\n<meta property=\"og:site_name\" content=\"NZK-Wigstore\" \/>\n<meta property=\"article:modified_time\" content=\"2025-11-11T10:40:12+00:00\" \/>\n<meta property=\"og:image\" content=\"https:\/\/wigstore-nzk.com\/wp-content\/uploads\/2025\/04\/28_1-Duze.png\" \/>\n\t<meta property=\"og:image:width\" content=\"1080\" \/>\n\t<meta property=\"og:image:height\" content=\"1440\" \/>\n\t<meta property=\"og:image:type\" content=\"image\/png\" \/>\n<meta name=\"twitter:card\" content=\"summary_large_image\" \/>\n<meta name=\"twitter:label1\" content=\"Est. reading time\" \/>\n\t<meta name=\"twitter:data1\" content=\"2 minutes\" \/>\n<script type=\"application\/ld+json\" class=\"yoast-schema-graph\">{\"@context\":\"https:\\\/\\\/schema.org\",\"@graph\":[{\"@type\":\"WebPage\",\"@id\":\"https:\\\/\\\/wigstore-nzk.com\\\/produkt\\\/metalowy-zacisk-perukarski-do-tresbanek\\\/\",\"url\":\"https:\\\/\\\/wigstore-nzk.com\\\/produkt\\\/metalowy-zacisk-perukarski-do-tresbanek\\\/\",\"name\":\"Metalowy zacisk perukarski do tresbanek, typ A - NZK-Wigstore\",\"isPartOf\":{\"@id\":\"https:\\\/\\\/wigstore-nzk.com\\\/#website\"},\"primaryImageOfPage\":{\"@id\":\"https:\\\/\\\/wigstore-nzk.com\\\/produkt\\\/metalowy-zacisk-perukarski-do-tresbanek\\\/#primaryimage\"},\"image\":{\"@id\":\"https:\\\/\\\/wigstore-nzk.com\\\/produkt\\\/metalowy-zacisk-perukarski-do-tresbanek\\\/#primaryimage\"},\"thumbnailUrl\":\"https:\\\/\\\/wigstore-nzk.com\\\/wp-content\\\/uploads\\\/2025\\\/04\\\/28_1-Duze.png\",\"datePublished\":\"2025-04-20T20:38:34+00:00\",\"dateModified\":\"2025-11-11T10:40:12+00:00\",\"description\":\"Metalowy zacisk perukarski do tresbanek - Wykonany z wysokiej jako\u015bci, trwa\u0142ego metalu, zapewnia stabilne mocowanie tresbanek do powierzchni roboczej\",\"breadcrumb\":{\"@id\":\"https:\\\/\\\/wigstore-nzk.com\\\/produkt\\\/metalowy-zacisk-perukarski-do-tresbanek\\\/#breadcrumb\"},\"inLanguage\":\"en-US\",\"potentialAction\":[{\"@type\":\"ReadAction\",\"target\":[\"https:\\\/\\\/wigstore-nzk.com\\\/produkt\\\/metalowy-zacisk-perukarski-do-tresbanek\\\/\"]}]},{\"@type\":\"ImageObject\",\"inLanguage\":\"en-US\",\"@id\":\"https:\\\/\\\/wigstore-nzk.com\\\/produkt\\\/metalowy-zacisk-perukarski-do-tresbanek\\\/#primaryimage\",\"url\":\"https:\\\/\\\/wigstore-nzk.com\\\/wp-content\\\/uploads\\\/2025\\\/04\\\/28_1-Duze.png\",\"contentUrl\":\"https:\\\/\\\/wigstore-nzk.com\\\/wp-content\\\/uploads\\\/2025\\\/04\\\/28_1-Duze.png\",\"width\":1080,\"height\":1440,\"caption\":\"metalowy zacisk perukarski do treskbanek\"},{\"@type\":\"BreadcrumbList\",\"@id\":\"https:\\\/\\\/wigstore-nzk.com\\\/produkt\\\/metalowy-zacisk-perukarski-do-tresbanek\\\/#breadcrumb\",\"itemListElement\":[{\"@type\":\"ListItem\",\"position\":1,\"name\":\"Strona g\u0142\u00f3wna\",\"item\":\"https:\\\/\\\/wigstore-nzk.com\\\/\"},{\"@type\":\"ListItem\",\"position\":2,\"name\":\"Sklep\",\"item\":\"https:\\\/\\\/wigstore-nzk.com\\\/sklep\\\/\"},{\"@type\":\"ListItem\",\"position\":3,\"name\":\"Metalowy zacisk perukarski do tresbanek, typ A\"}]},{\"@type\":\"WebSite\",\"@id\":\"https:\\\/\\\/wigstore-nzk.com\\\/#website\",\"url\":\"https:\\\/\\\/wigstore-nzk.com\\\/\",\"name\":\"NZK-Wigstore\",\"description\":\"\",\"potentialAction\":[{\"@type\":\"SearchAction\",\"target\":{\"@type\":\"EntryPoint\",\"urlTemplate\":\"https:\\\/\\\/wigstore-nzk.com\\\/?s={search_term_string}\"},\"query-input\":{\"@type\":\"PropertyValueSpecification\",\"valueRequired\":true,\"valueName\":\"search_term_string\"}}],\"inLanguage\":\"en-US\"}]}<\/script>\n<!-- \/ Yoast SEO Premium plugin. -->","yoast_head_json":{"title":"Metalowy zacisk perukarski do tresbanek, typ A - NZK-Wigstore","description":"Metalowy zacisk perukarski do tresbanek - Wykonany z wysokiej jako\u015bci, trwa\u0142ego metalu, zapewnia stabilne mocowanie tresbanek do powierzchni roboczej","robots":{"index":"index","follow":"follow","max-snippet":"max-snippet:-1","max-image-preview":"max-image-preview:large","max-video-preview":"max-video-preview:-1"},"canonical":"https:\/\/wigstore-nzk.com\/en\/product\/metalowy-zacisk-perukarski-do-tresbanek\/","og_locale":"en_US","og_type":"article","og_title":"Metalowy zacisk perukarski do tresbanek, typ A","og_description":"Metalowy zacisk perukarski do tresbanek - Wykonany z wysokiej jako\u015bci, trwa\u0142ego metalu, zapewnia stabilne mocowanie tresbanek do powierzchni roboczej","og_url":"https:\/\/wigstore-nzk.com\/en\/product\/metalowy-zacisk-perukarski-do-tresbanek\/","og_site_name":"NZK-Wigstore","article_modified_time":"2025-11-11T10:40:12+00:00","og_image":[{"width":1080,"height":1440,"url":"https:\/\/wigstore-nzk.com\/wp-content\/uploads\/2025\/04\/28_1-Duze.png","type":"image\/png"}],"twitter_card":"summary_large_image","twitter_misc":{"Est. reading time":"2 minutes"},"schema":{"@context":"https:\/\/schema.org","@graph":[{"@type":"WebPage","@id":"https:\/\/wigstore-nzk.com\/produkt\/metalowy-zacisk-perukarski-do-tresbanek\/","url":"https:\/\/wigstore-nzk.com\/produkt\/metalowy-zacisk-perukarski-do-tresbanek\/","name":"Metalowy zacisk perukarski do tresbanek, typ A - NZK-Wigstore","isPartOf":{"@id":"https:\/\/wigstore-nzk.com\/#website"},"primaryImageOfPage":{"@id":"https:\/\/wigstore-nzk.com\/produkt\/metalowy-zacisk-perukarski-do-tresbanek\/#primaryimage"},"image":{"@id":"https:\/\/wigstore-nzk.com\/produkt\/metalowy-zacisk-perukarski-do-tresbanek\/#primaryimage"},"thumbnailUrl":"https:\/\/wigstore-nzk.com\/wp-content\/uploads\/2025\/04\/28_1-Duze.png","datePublished":"2025-04-20T20:38:34+00:00","dateModified":"2025-11-11T10:40:12+00:00","description":"Metalowy zacisk perukarski do tresbanek - Wykonany z wysokiej jako\u015bci, trwa\u0142ego metalu, zapewnia stabilne mocowanie tresbanek do powierzchni roboczej","breadcrumb":{"@id":"https:\/\/wigstore-nzk.com\/produkt\/metalowy-zacisk-perukarski-do-tresbanek\/#breadcrumb"},"inLanguage":"en-US","potentialAction":[{"@type":"ReadAction","target":["https:\/\/wigstore-nzk.com\/produkt\/metalowy-zacisk-perukarski-do-tresbanek\/"]}]},{"@type":"ImageObject","inLanguage":"en-US","@id":"https:\/\/wigstore-nzk.com\/produkt\/metalowy-zacisk-perukarski-do-tresbanek\/#primaryimage","url":"https:\/\/wigstore-nzk.com\/wp-content\/uploads\/2025\/04\/28_1-Duze.png","contentUrl":"https:\/\/wigstore-nzk.com\/wp-content\/uploads\/2025\/04\/28_1-Duze.png","width":1080,"height":1440,"caption":"metalowy zacisk perukarski do treskbanek"},{"@type":"BreadcrumbList","@id":"https:\/\/wigstore-nzk.com\/produkt\/metalowy-zacisk-perukarski-do-tresbanek\/#breadcrumb","itemListElement":[{"@type":"ListItem","position":1,"name":"Strona g\u0142\u00f3wna","item":"https:\/\/wigstore-nzk.com\/"},{"@type":"ListItem","position":2,"name":"Sklep","item":"https:\/\/wigstore-nzk.com\/sklep\/"},{"@type":"ListItem","position":3,"name":"Metalowy zacisk perukarski do tresbanek, typ A"}]},{"@type":"WebSite","@id":"https:\/\/wigstore-nzk.com\/#website","url":"https:\/\/wigstore-nzk.com\/","name":"NZK-Wigstore","description":"","potentialAction":[{"@type":"SearchAction","target":{"@type":"EntryPoint","urlTemplate":"https:\/\/wigstore-nzk.com\/?s={search_term_string}"},"query-input":{"@type":"PropertyValueSpecification","valueRequired":true,"valueName":"search_term_string"}}],"inLanguage":"en-US"}]}},"_links":{"self":[{"href":"https:\/\/wigstore-nzk.com\/en\/wp-json\/wp\/v2\/product\/2306","targetHints":{"allow":["GET"]}}],"collection":[{"href":"https:\/\/wigstore-nzk.com\/en\/wp-json\/wp\/v2\/product"}],"about":[{"href":"https:\/\/wigstore-nzk.com\/en\/wp-json\/wp\/v2\/types\/product"}],"version-history":[{"count":9,"href":"https:\/\/wigstore-nzk.com\/en\/wp-json\/wp\/v2\/product\/2306\/revisions"}],"predecessor-version":[{"id":3174,"href":"https:\/\/wigstore-nzk.com\/en\/wp-json\/wp\/v2\/product\/2306\/revisions\/3174"}],"wp:featuredmedia":[{"embeddable":true,"href":"https:\/\/wigstore-nzk.com\/en\/wp-json\/wp\/v2\/media\/2307"}],"wp:attachment":[{"href":"https:\/\/wigstore-nzk.com\/en\/wp-json\/wp\/v2\/media?parent=2306"}],"wp:term":[{"taxonomy":"product_brand","embeddable":true,"href":"https:\/\/wigstore-nzk.com\/en\/wp-json\/wp\/v2\/product_brand?post=2306"},{"taxonomy":"product_cat","embeddable":true,"href":"https:\/\/wigstore-nzk.com\/en\/wp-json\/wp\/v2\/product_cat?post=2306"},{"taxonomy":"product_tag","embeddable":true,"href":"https:\/\/wigstore-nzk.com\/en\/wp-json\/wp\/v2\/product_tag?post=2306"}],"curies":[{"name":"wp","href":"https:\/\/api.w.org\/{rel}","templated":true}]}}