{"id":2310,"date":"2025-04-20T22:58:09","date_gmt":"2025-04-20T20:58:09","guid":{"rendered":"https:\/\/wigstore-nzk.com\/?post_type=product&#038;p=2310"},"modified":"2025-10-25T20:35:14","modified_gmt":"2025-10-25T18:35:14","slug":"naturalne-wlosy-kozy-25g-25cm","status":"publish","type":"product","link":"https:\/\/wigstore-nzk.com\/en\/product\/naturalne-wlosy-kozy-25g-25cm\/","title":{"rendered":"Naturalne w\u0142osy kozy 25g 25cm"},"content":{"rendered":"<p>Naturalne w\u0142osy kozy o d\u0142ugo\u015bci 25 cm i wadze 25 g to wysokiej jako\u015bci surowiec idealny do wyrobu peruk, tres, dopinek oraz efekt\u00f3w specjalnych. Charakteryzuj\u0105 si\u0119 lekko\u015bci\u0105, spr\u0119\u017cysto\u015bci\u0105 i delikatn\u0105 struktur\u0105, kt\u00f3ra \u015bwietnie imituje ludzkie w\u0142osy.<\/p>\n<p>Produkt ceniony w bran\u017cy perukarskiej, teatralnej i filmowej \u2013 doskona\u0142y do stylizacji, ci\u0119cia i farbowania. Naturalny kolor pozwala na szerokie mo\u017cliwo\u015bci personalizacji.<\/p>\n<p>Cechy produktu:<\/p>\n<p>\u2705 Typ: W\u0142osy naturalne kozie<br \/>\n\u2705 Kolor: Naturalny<br \/>\n\u2705 Waga: 25g<br \/>\n\u2705 D\u0142ugo\u015b\u0107: 25 cm<br \/>\n\u2705 W\u0142a\u015bciwo\u015bci: lekkie, mi\u0119kkie, \u0142atwe w stylizacji<br \/>\n\u2705 Zastosowanie: peruki, treski, przed\u0142u\u017canie w\u0142os\u00f3w, charakteryzacja<\/p>","protected":false},"excerpt":{"rendered":"<p>Naturalne w\u0142osy kozy 25g 25cm \u2013 lekkie, mi\u0119kkie i podatne na stylizacj\u0119. Idealne do peruk, tres i charakteryzacji. Naturalny kolor, \u015bwietna jako\u015b\u0107 \u2013 wyb\u00f3r profesjonalist\u00f3w!<\/p>","protected":false},"featured_media":2316,"template":"","meta":[],"product_brand":[],"product_cat":[17],"product_tag":[],"class_list":{"0":"post-2310","1":"product","2":"type-product","3":"status-publish","4":"has-post-thumbnail","6":"product_cat-wlosy-kozy","8":"first","9":"outofstock","10":"taxable","11":"shipping-taxable","12":"purchasable","13":"product-type-simple"},"yoast_head":"<!-- This site is optimized with the Yoast SEO Premium plugin v24.5 (Yoast SEO v27.5) - https:\/\/yoast.com\/product\/yoast-seo-premium-wordpress\/ -->\n<title>W\u0142osy Yak Naturalne 55 cm - NZK-Wigstore<\/title>\n<meta name=\"description\" content=\"Naturalne w\u0142osy kozy 25g 25cm \u2013 lekkie, mi\u0119kkie i podatne na stylizacj\u0119. Idealne do peruk, tres i charakteryzacji. Naturalny kolor, \u015bwietna jako\u015b\u0107.\" \/>\n<meta name=\"robots\" content=\"index, follow, max-snippet:-1, max-image-preview:large, max-video-preview:-1\" \/>\n<link rel=\"canonical\" href=\"https:\/\/wigstore-nzk.com\/en\/product\/naturalne-wlosy-kozy-25g-25cm\/\" \/>\n<meta property=\"og:locale\" content=\"en_US\" \/>\n<meta property=\"og:type\" content=\"article\" \/>\n<meta property=\"og:title\" content=\"Naturalne w\u0142osy kozy 25g 25cm\" \/>\n<meta property=\"og:description\" content=\"Naturalne w\u0142osy kozy 25g 25cm \u2013 lekkie, mi\u0119kkie i podatne na stylizacj\u0119. Idealne do peruk, tres i charakteryzacji. Naturalny kolor, \u015bwietna jako\u015b\u0107.\" \/>\n<meta property=\"og:url\" content=\"https:\/\/wigstore-nzk.com\/en\/product\/naturalne-wlosy-kozy-25g-25cm\/\" \/>\n<meta property=\"og:site_name\" content=\"NZK-Wigstore\" \/>\n<meta property=\"article:modified_time\" content=\"2025-10-25T18:35:14+00:00\" \/>\n<meta property=\"og:image\" content=\"https:\/\/wigstore-nzk.com\/wp-content\/uploads\/2025\/04\/17E_1-Duze.png\" \/>\n\t<meta property=\"og:image:width\" content=\"1440\" \/>\n\t<meta property=\"og:image:height\" content=\"1080\" \/>\n\t<meta property=\"og:image:type\" content=\"image\/png\" \/>\n<meta name=\"twitter:card\" content=\"summary_large_image\" \/>\n<meta name=\"twitter:label1\" content=\"Est. reading time\" \/>\n\t<meta name=\"twitter:data1\" content=\"1 minute\" \/>\n<script type=\"application\/ld+json\" class=\"yoast-schema-graph\">{\"@context\":\"https:\\\/\\\/schema.org\",\"@graph\":[{\"@type\":\"WebPage\",\"@id\":\"https:\\\/\\\/wigstore-nzk.com\\\/produkt\\\/naturalne-wlosy-kozy-25g-25cm\\\/\",\"url\":\"https:\\\/\\\/wigstore-nzk.com\\\/produkt\\\/naturalne-wlosy-kozy-25g-25cm\\\/\",\"name\":\"W\u0142osy Yak Naturalne 55 cm - NZK-Wigstore\",\"isPartOf\":{\"@id\":\"https:\\\/\\\/wigstore-nzk.com\\\/#website\"},\"primaryImageOfPage\":{\"@id\":\"https:\\\/\\\/wigstore-nzk.com\\\/produkt\\\/naturalne-wlosy-kozy-25g-25cm\\\/#primaryimage\"},\"image\":{\"@id\":\"https:\\\/\\\/wigstore-nzk.com\\\/produkt\\\/naturalne-wlosy-kozy-25g-25cm\\\/#primaryimage\"},\"thumbnailUrl\":\"https:\\\/\\\/wigstore-nzk.com\\\/wp-content\\\/uploads\\\/2025\\\/04\\\/17E_1-Duze.png\",\"datePublished\":\"2025-04-20T20:58:09+00:00\",\"dateModified\":\"2025-10-25T18:35:14+00:00\",\"description\":\"Naturalne w\u0142osy kozy 25g 25cm \u2013 lekkie, mi\u0119kkie i podatne na stylizacj\u0119. Idealne do peruk, tres i charakteryzacji. Naturalny kolor, \u015bwietna jako\u015b\u0107.\",\"breadcrumb\":{\"@id\":\"https:\\\/\\\/wigstore-nzk.com\\\/produkt\\\/naturalne-wlosy-kozy-25g-25cm\\\/#breadcrumb\"},\"inLanguage\":\"en-US\",\"potentialAction\":[{\"@type\":\"ReadAction\",\"target\":[\"https:\\\/\\\/wigstore-nzk.com\\\/produkt\\\/naturalne-wlosy-kozy-25g-25cm\\\/\"]}]},{\"@type\":\"ImageObject\",\"inLanguage\":\"en-US\",\"@id\":\"https:\\\/\\\/wigstore-nzk.com\\\/produkt\\\/naturalne-wlosy-kozy-25g-25cm\\\/#primaryimage\",\"url\":\"https:\\\/\\\/wigstore-nzk.com\\\/wp-content\\\/uploads\\\/2025\\\/04\\\/17E_1-Duze.png\",\"contentUrl\":\"https:\\\/\\\/wigstore-nzk.com\\\/wp-content\\\/uploads\\\/2025\\\/04\\\/17E_1-Duze.png\",\"width\":1440,\"height\":1080,\"caption\":\"Wlosy kozy 25g 25 cm\"},{\"@type\":\"BreadcrumbList\",\"@id\":\"https:\\\/\\\/wigstore-nzk.com\\\/produkt\\\/naturalne-wlosy-kozy-25g-25cm\\\/#breadcrumb\",\"itemListElement\":[{\"@type\":\"ListItem\",\"position\":1,\"name\":\"Strona g\u0142\u00f3wna\",\"item\":\"https:\\\/\\\/wigstore-nzk.com\\\/\"},{\"@type\":\"ListItem\",\"position\":2,\"name\":\"Sklep\",\"item\":\"https:\\\/\\\/wigstore-nzk.com\\\/sklep\\\/\"},{\"@type\":\"ListItem\",\"position\":3,\"name\":\"Naturalne w\u0142osy kozy 25g 25cm\"}]},{\"@type\":\"WebSite\",\"@id\":\"https:\\\/\\\/wigstore-nzk.com\\\/#website\",\"url\":\"https:\\\/\\\/wigstore-nzk.com\\\/\",\"name\":\"NZK-Wigstore\",\"description\":\"\",\"potentialAction\":[{\"@type\":\"SearchAction\",\"target\":{\"@type\":\"EntryPoint\",\"urlTemplate\":\"https:\\\/\\\/wigstore-nzk.com\\\/?s={search_term_string}\"},\"query-input\":{\"@type\":\"PropertyValueSpecification\",\"valueRequired\":true,\"valueName\":\"search_term_string\"}}],\"inLanguage\":\"en-US\"}]}<\/script>\n<!-- \/ Yoast SEO Premium plugin. -->","yoast_head_json":{"title":"W\u0142osy Yak Naturalne 55 cm - NZK-Wigstore","description":"Naturalne w\u0142osy kozy 25g 25cm \u2013 lekkie, mi\u0119kkie i podatne na stylizacj\u0119. Idealne do peruk, tres i charakteryzacji. Naturalny kolor, \u015bwietna jako\u015b\u0107.","robots":{"index":"index","follow":"follow","max-snippet":"max-snippet:-1","max-image-preview":"max-image-preview:large","max-video-preview":"max-video-preview:-1"},"canonical":"https:\/\/wigstore-nzk.com\/en\/product\/naturalne-wlosy-kozy-25g-25cm\/","og_locale":"en_US","og_type":"article","og_title":"Naturalne w\u0142osy kozy 25g 25cm","og_description":"Naturalne w\u0142osy kozy 25g 25cm \u2013 lekkie, mi\u0119kkie i podatne na stylizacj\u0119. Idealne do peruk, tres i charakteryzacji. Naturalny kolor, \u015bwietna jako\u015b\u0107.","og_url":"https:\/\/wigstore-nzk.com\/en\/product\/naturalne-wlosy-kozy-25g-25cm\/","og_site_name":"NZK-Wigstore","article_modified_time":"2025-10-25T18:35:14+00:00","og_image":[{"width":1440,"height":1080,"url":"https:\/\/wigstore-nzk.com\/wp-content\/uploads\/2025\/04\/17E_1-Duze.png","type":"image\/png"}],"twitter_card":"summary_large_image","twitter_misc":{"Est. reading time":"1 minute"},"schema":{"@context":"https:\/\/schema.org","@graph":[{"@type":"WebPage","@id":"https:\/\/wigstore-nzk.com\/produkt\/naturalne-wlosy-kozy-25g-25cm\/","url":"https:\/\/wigstore-nzk.com\/produkt\/naturalne-wlosy-kozy-25g-25cm\/","name":"W\u0142osy Yak Naturalne 55 cm - NZK-Wigstore","isPartOf":{"@id":"https:\/\/wigstore-nzk.com\/#website"},"primaryImageOfPage":{"@id":"https:\/\/wigstore-nzk.com\/produkt\/naturalne-wlosy-kozy-25g-25cm\/#primaryimage"},"image":{"@id":"https:\/\/wigstore-nzk.com\/produkt\/naturalne-wlosy-kozy-25g-25cm\/#primaryimage"},"thumbnailUrl":"https:\/\/wigstore-nzk.com\/wp-content\/uploads\/2025\/04\/17E_1-Duze.png","datePublished":"2025-04-20T20:58:09+00:00","dateModified":"2025-10-25T18:35:14+00:00","description":"Naturalne w\u0142osy kozy 25g 25cm \u2013 lekkie, mi\u0119kkie i podatne na stylizacj\u0119. Idealne do peruk, tres i charakteryzacji. Naturalny kolor, \u015bwietna jako\u015b\u0107.","breadcrumb":{"@id":"https:\/\/wigstore-nzk.com\/produkt\/naturalne-wlosy-kozy-25g-25cm\/#breadcrumb"},"inLanguage":"en-US","potentialAction":[{"@type":"ReadAction","target":["https:\/\/wigstore-nzk.com\/produkt\/naturalne-wlosy-kozy-25g-25cm\/"]}]},{"@type":"ImageObject","inLanguage":"en-US","@id":"https:\/\/wigstore-nzk.com\/produkt\/naturalne-wlosy-kozy-25g-25cm\/#primaryimage","url":"https:\/\/wigstore-nzk.com\/wp-content\/uploads\/2025\/04\/17E_1-Duze.png","contentUrl":"https:\/\/wigstore-nzk.com\/wp-content\/uploads\/2025\/04\/17E_1-Duze.png","width":1440,"height":1080,"caption":"Wlosy kozy 25g 25 cm"},{"@type":"BreadcrumbList","@id":"https:\/\/wigstore-nzk.com\/produkt\/naturalne-wlosy-kozy-25g-25cm\/#breadcrumb","itemListElement":[{"@type":"ListItem","position":1,"name":"Strona g\u0142\u00f3wna","item":"https:\/\/wigstore-nzk.com\/"},{"@type":"ListItem","position":2,"name":"Sklep","item":"https:\/\/wigstore-nzk.com\/sklep\/"},{"@type":"ListItem","position":3,"name":"Naturalne w\u0142osy kozy 25g 25cm"}]},{"@type":"WebSite","@id":"https:\/\/wigstore-nzk.com\/#website","url":"https:\/\/wigstore-nzk.com\/","name":"NZK-Wigstore","description":"","potentialAction":[{"@type":"SearchAction","target":{"@type":"EntryPoint","urlTemplate":"https:\/\/wigstore-nzk.com\/?s={search_term_string}"},"query-input":{"@type":"PropertyValueSpecification","valueRequired":true,"valueName":"search_term_string"}}],"inLanguage":"en-US"}]}},"_links":{"self":[{"href":"https:\/\/wigstore-nzk.com\/en\/wp-json\/wp\/v2\/product\/2310","targetHints":{"allow":["GET"]}}],"collection":[{"href":"https:\/\/wigstore-nzk.com\/en\/wp-json\/wp\/v2\/product"}],"about":[{"href":"https:\/\/wigstore-nzk.com\/en\/wp-json\/wp\/v2\/types\/product"}],"version-history":[{"count":2,"href":"https:\/\/wigstore-nzk.com\/en\/wp-json\/wp\/v2\/product\/2310\/revisions"}],"predecessor-version":[{"id":2623,"href":"https:\/\/wigstore-nzk.com\/en\/wp-json\/wp\/v2\/product\/2310\/revisions\/2623"}],"wp:featuredmedia":[{"embeddable":true,"href":"https:\/\/wigstore-nzk.com\/en\/wp-json\/wp\/v2\/media\/2316"}],"wp:attachment":[{"href":"https:\/\/wigstore-nzk.com\/en\/wp-json\/wp\/v2\/media?parent=2310"}],"wp:term":[{"taxonomy":"product_brand","embeddable":true,"href":"https:\/\/wigstore-nzk.com\/en\/wp-json\/wp\/v2\/product_brand?post=2310"},{"taxonomy":"product_cat","embeddable":true,"href":"https:\/\/wigstore-nzk.com\/en\/wp-json\/wp\/v2\/product_cat?post=2310"},{"taxonomy":"product_tag","embeddable":true,"href":"https:\/\/wigstore-nzk.com\/en\/wp-json\/wp\/v2\/product_tag?post=2310"}],"curies":[{"name":"wp","href":"https:\/\/api.w.org\/{rel}","templated":true}]}}