{"id":2326,"date":"2025-05-09T22:14:32","date_gmt":"2025-05-09T20:14:32","guid":{"rendered":"https:\/\/wigstore-nzk.com\/?post_type=product&#038;p=2326"},"modified":"2026-04-11T08:54:41","modified_gmt":"2026-04-11T06:54:41","slug":"szpilki-perukarskie-z-kolorowymi-glowkami-35sztuk-w-opakowaniu","status":"publish","type":"product","link":"https:\/\/wigstore-nzk.com\/en\/product\/szpilki-perukarskie-z-kolorowymi-glowkami-35sztuk-w-opakowaniu\/","title":{"rendered":"Szpilki perukarskie z kolorowymi g\u0142\u00f3wkami"},"content":{"rendered":"<p>Szpilki perukarskie z kolorowymi g\u0142\u00f3wkami 35sztuk w opakowaniu &#8211; Praktyczne i trwa\u0142e szpilki perukarskie z kolorowymi g\u0142\u00f3wkami to niezb\u0119dne akcesorium dla ka\u017cdego, kto zajmuje si\u0119 stylizacj\u0105 peruk, tres oraz w\u0142os\u00f3w syntetycznych i naturalnych. Dzi\u0119ki r\u00f3\u017cnokolorowym, kulistym ko\u0144c\u00f3wkom szpilki s\u0105 doskonale widoczne i \u0142atwe do uchwycenia, co znacz\u0105co u\u0142atwia prac\u0119. Wykonane z wysokiej jako\u015bci metalu zapewniaj\u0105 odpowiedni\u0105 sztywno\u015b\u0107 i trwa\u0142o\u015b\u0107, a jednocze\u015bnie s\u0105 delikatne dla materia\u0142u, nie uszkadzaj\u0105c siatek perukarskich ani w\u0142\u00f3kien.<\/p>\n<p>Idealne do mocowania w\u0142os\u00f3w na g\u0142\u00f3wkach treningowych, przytrzymywania element\u00f3w podczas modelowania lub stylizacji fryzur. Transparentne pude\u0142eczko u\u0142atwia przechowywanie i transport, chroni\u0105c szpilki przed zgubieniem.<\/p>\n<p>Cechy produktu:<br \/>\nZestaw zawiera 35 szpilek<br \/>\nKolorowe g\u0142\u00f3wki: \u0142atwe do zauwa\u017cenia i uporz\u0105dkowania<br \/>\nSolidne wykonanie \u2013 odporno\u015b\u0107 na wyginanie<br \/>\nPraktyczne pude\u0142ko do przechowywania<br \/>\nDoskona\u0142e do pracy z perukami, tresami, w\u0142osami syntetycznymi<\/p>","protected":false},"excerpt":{"rendered":"<p>Szpilki perukarskie z kolorowymi g\u0142\u00f3wkami 35sztuk w opakowaniu &#8211; Idealne do mocowania w\u0142os\u00f3w i pracy z perukami w praktycznym pude\u0142ku.<\/p>","protected":false},"featured_media":2327,"template":"","meta":[],"product_brand":[],"product_cat":[28,39,38,33],"product_tag":[352,330,353],"class_list":{"0":"post-2326","1":"product","2":"type-product","3":"status-publish","4":"has-post-thumbnail","6":"product_cat-akcesoria","7":"product_cat-nici-i-akcesoria-perukarskie","8":"product_cat-spinki-i-wsuwki-do-wlosow","9":"product_cat-szydelka-i-igly","10":"product_tag-akcesoria","11":"product_tag-peruka","12":"product_tag-szpilki","14":"first","15":"instock","16":"taxable","17":"shipping-taxable","18":"purchasable","19":"product-type-simple"},"yoast_head":"<!-- This site is optimized with the Yoast SEO Premium plugin v24.5 (Yoast SEO v27.5) - https:\/\/yoast.com\/product\/yoast-seo-premium-wordpress\/ -->\n<title>Szpilki perukarskie z kolorowymi g\u0142\u00f3wkami - NZK-Wigstore<\/title>\n<meta name=\"description\" content=\"Idealne do mocowania w\u0142os\u00f3w i pracy z perukami w praktycznym pude\u0142ku.\" \/>\n<meta name=\"robots\" content=\"index, follow, max-snippet:-1, max-image-preview:large, max-video-preview:-1\" \/>\n<link rel=\"canonical\" href=\"https:\/\/wigstore-nzk.com\/en\/product\/szpilki-perukarskie-z-kolorowymi-glowkami-35sztuk-w-opakowaniu\/\" \/>\n<meta property=\"og:locale\" content=\"en_US\" \/>\n<meta property=\"og:type\" content=\"article\" \/>\n<meta property=\"og:title\" content=\"Szpilki perukarskie z kolorowymi g\u0142\u00f3wkami\" \/>\n<meta property=\"og:description\" content=\"Idealne do mocowania w\u0142os\u00f3w i pracy z perukami w praktycznym pude\u0142ku.\" \/>\n<meta property=\"og:url\" content=\"https:\/\/wigstore-nzk.com\/en\/product\/szpilki-perukarskie-z-kolorowymi-glowkami-35sztuk-w-opakowaniu\/\" \/>\n<meta property=\"og:site_name\" content=\"NZK-Wigstore\" \/>\n<meta property=\"article:modified_time\" content=\"2026-04-11T06:54:41+00:00\" \/>\n<meta property=\"og:image\" content=\"https:\/\/wigstore-nzk.com\/wp-content\/uploads\/2025\/05\/26_1.jpg\" \/>\n\t<meta property=\"og:image:width\" content=\"1080\" \/>\n\t<meta property=\"og:image:height\" content=\"1080\" \/>\n\t<meta property=\"og:image:type\" content=\"image\/jpeg\" \/>\n<meta name=\"twitter:card\" content=\"summary_large_image\" \/>\n<meta name=\"twitter:label1\" content=\"Est. reading time\" \/>\n\t<meta name=\"twitter:data1\" content=\"1 minute\" \/>\n<script type=\"application\/ld+json\" class=\"yoast-schema-graph\">{\"@context\":\"https:\\\/\\\/schema.org\",\"@graph\":[{\"@type\":\"WebPage\",\"@id\":\"https:\\\/\\\/wigstore-nzk.com\\\/produkt\\\/szpilki-perukarskie-z-kolorowymi-glowkami-35sztuk-w-opakowaniu\\\/\",\"url\":\"https:\\\/\\\/wigstore-nzk.com\\\/produkt\\\/szpilki-perukarskie-z-kolorowymi-glowkami-35sztuk-w-opakowaniu\\\/\",\"name\":\"Szpilki perukarskie z kolorowymi g\u0142\u00f3wkami - NZK-Wigstore\",\"isPartOf\":{\"@id\":\"https:\\\/\\\/wigstore-nzk.com\\\/#website\"},\"primaryImageOfPage\":{\"@id\":\"https:\\\/\\\/wigstore-nzk.com\\\/produkt\\\/szpilki-perukarskie-z-kolorowymi-glowkami-35sztuk-w-opakowaniu\\\/#primaryimage\"},\"image\":{\"@id\":\"https:\\\/\\\/wigstore-nzk.com\\\/produkt\\\/szpilki-perukarskie-z-kolorowymi-glowkami-35sztuk-w-opakowaniu\\\/#primaryimage\"},\"thumbnailUrl\":\"https:\\\/\\\/wigstore-nzk.com\\\/wp-content\\\/uploads\\\/2025\\\/05\\\/26_1.jpg\",\"datePublished\":\"2025-05-09T20:14:32+00:00\",\"dateModified\":\"2026-04-11T06:54:41+00:00\",\"description\":\"Idealne do mocowania w\u0142os\u00f3w i pracy z perukami w praktycznym pude\u0142ku.\",\"breadcrumb\":{\"@id\":\"https:\\\/\\\/wigstore-nzk.com\\\/produkt\\\/szpilki-perukarskie-z-kolorowymi-glowkami-35sztuk-w-opakowaniu\\\/#breadcrumb\"},\"inLanguage\":\"en-US\",\"potentialAction\":[{\"@type\":\"ReadAction\",\"target\":[\"https:\\\/\\\/wigstore-nzk.com\\\/produkt\\\/szpilki-perukarskie-z-kolorowymi-glowkami-35sztuk-w-opakowaniu\\\/\"]}]},{\"@type\":\"ImageObject\",\"inLanguage\":\"en-US\",\"@id\":\"https:\\\/\\\/wigstore-nzk.com\\\/produkt\\\/szpilki-perukarskie-z-kolorowymi-glowkami-35sztuk-w-opakowaniu\\\/#primaryimage\",\"url\":\"https:\\\/\\\/wigstore-nzk.com\\\/wp-content\\\/uploads\\\/2025\\\/05\\\/26_1.jpg\",\"contentUrl\":\"https:\\\/\\\/wigstore-nzk.com\\\/wp-content\\\/uploads\\\/2025\\\/05\\\/26_1.jpg\",\"width\":1080,\"height\":1080,\"caption\":\"Szpilki perukarskie\"},{\"@type\":\"BreadcrumbList\",\"@id\":\"https:\\\/\\\/wigstore-nzk.com\\\/produkt\\\/szpilki-perukarskie-z-kolorowymi-glowkami-35sztuk-w-opakowaniu\\\/#breadcrumb\",\"itemListElement\":[{\"@type\":\"ListItem\",\"position\":1,\"name\":\"Strona g\u0142\u00f3wna\",\"item\":\"https:\\\/\\\/wigstore-nzk.com\\\/\"},{\"@type\":\"ListItem\",\"position\":2,\"name\":\"Sklep\",\"item\":\"https:\\\/\\\/wigstore-nzk.com\\\/sklep\\\/\"},{\"@type\":\"ListItem\",\"position\":3,\"name\":\"Szpilki perukarskie z kolorowymi g\u0142\u00f3wkami\"}]},{\"@type\":\"WebSite\",\"@id\":\"https:\\\/\\\/wigstore-nzk.com\\\/#website\",\"url\":\"https:\\\/\\\/wigstore-nzk.com\\\/\",\"name\":\"NZK-Wigstore\",\"description\":\"\",\"potentialAction\":[{\"@type\":\"SearchAction\",\"target\":{\"@type\":\"EntryPoint\",\"urlTemplate\":\"https:\\\/\\\/wigstore-nzk.com\\\/?s={search_term_string}\"},\"query-input\":{\"@type\":\"PropertyValueSpecification\",\"valueRequired\":true,\"valueName\":\"search_term_string\"}}],\"inLanguage\":\"en-US\"}]}<\/script>\n<!-- \/ Yoast SEO Premium plugin. -->","yoast_head_json":{"title":"Szpilki perukarskie z kolorowymi g\u0142\u00f3wkami - NZK-Wigstore","description":"Idealne do mocowania w\u0142os\u00f3w i pracy z perukami w praktycznym pude\u0142ku.","robots":{"index":"index","follow":"follow","max-snippet":"max-snippet:-1","max-image-preview":"max-image-preview:large","max-video-preview":"max-video-preview:-1"},"canonical":"https:\/\/wigstore-nzk.com\/en\/product\/szpilki-perukarskie-z-kolorowymi-glowkami-35sztuk-w-opakowaniu\/","og_locale":"en_US","og_type":"article","og_title":"Szpilki perukarskie z kolorowymi g\u0142\u00f3wkami","og_description":"Idealne do mocowania w\u0142os\u00f3w i pracy z perukami w praktycznym pude\u0142ku.","og_url":"https:\/\/wigstore-nzk.com\/en\/product\/szpilki-perukarskie-z-kolorowymi-glowkami-35sztuk-w-opakowaniu\/","og_site_name":"NZK-Wigstore","article_modified_time":"2026-04-11T06:54:41+00:00","og_image":[{"width":1080,"height":1080,"url":"https:\/\/wigstore-nzk.com\/wp-content\/uploads\/2025\/05\/26_1.jpg","type":"image\/jpeg"}],"twitter_card":"summary_large_image","twitter_misc":{"Est. reading time":"1 minute"},"schema":{"@context":"https:\/\/schema.org","@graph":[{"@type":"WebPage","@id":"https:\/\/wigstore-nzk.com\/produkt\/szpilki-perukarskie-z-kolorowymi-glowkami-35sztuk-w-opakowaniu\/","url":"https:\/\/wigstore-nzk.com\/produkt\/szpilki-perukarskie-z-kolorowymi-glowkami-35sztuk-w-opakowaniu\/","name":"Szpilki perukarskie z kolorowymi g\u0142\u00f3wkami - NZK-Wigstore","isPartOf":{"@id":"https:\/\/wigstore-nzk.com\/#website"},"primaryImageOfPage":{"@id":"https:\/\/wigstore-nzk.com\/produkt\/szpilki-perukarskie-z-kolorowymi-glowkami-35sztuk-w-opakowaniu\/#primaryimage"},"image":{"@id":"https:\/\/wigstore-nzk.com\/produkt\/szpilki-perukarskie-z-kolorowymi-glowkami-35sztuk-w-opakowaniu\/#primaryimage"},"thumbnailUrl":"https:\/\/wigstore-nzk.com\/wp-content\/uploads\/2025\/05\/26_1.jpg","datePublished":"2025-05-09T20:14:32+00:00","dateModified":"2026-04-11T06:54:41+00:00","description":"Idealne do mocowania w\u0142os\u00f3w i pracy z perukami w praktycznym pude\u0142ku.","breadcrumb":{"@id":"https:\/\/wigstore-nzk.com\/produkt\/szpilki-perukarskie-z-kolorowymi-glowkami-35sztuk-w-opakowaniu\/#breadcrumb"},"inLanguage":"en-US","potentialAction":[{"@type":"ReadAction","target":["https:\/\/wigstore-nzk.com\/produkt\/szpilki-perukarskie-z-kolorowymi-glowkami-35sztuk-w-opakowaniu\/"]}]},{"@type":"ImageObject","inLanguage":"en-US","@id":"https:\/\/wigstore-nzk.com\/produkt\/szpilki-perukarskie-z-kolorowymi-glowkami-35sztuk-w-opakowaniu\/#primaryimage","url":"https:\/\/wigstore-nzk.com\/wp-content\/uploads\/2025\/05\/26_1.jpg","contentUrl":"https:\/\/wigstore-nzk.com\/wp-content\/uploads\/2025\/05\/26_1.jpg","width":1080,"height":1080,"caption":"Szpilki perukarskie"},{"@type":"BreadcrumbList","@id":"https:\/\/wigstore-nzk.com\/produkt\/szpilki-perukarskie-z-kolorowymi-glowkami-35sztuk-w-opakowaniu\/#breadcrumb","itemListElement":[{"@type":"ListItem","position":1,"name":"Strona g\u0142\u00f3wna","item":"https:\/\/wigstore-nzk.com\/"},{"@type":"ListItem","position":2,"name":"Sklep","item":"https:\/\/wigstore-nzk.com\/sklep\/"},{"@type":"ListItem","position":3,"name":"Szpilki perukarskie z kolorowymi g\u0142\u00f3wkami"}]},{"@type":"WebSite","@id":"https:\/\/wigstore-nzk.com\/#website","url":"https:\/\/wigstore-nzk.com\/","name":"NZK-Wigstore","description":"","potentialAction":[{"@type":"SearchAction","target":{"@type":"EntryPoint","urlTemplate":"https:\/\/wigstore-nzk.com\/?s={search_term_string}"},"query-input":{"@type":"PropertyValueSpecification","valueRequired":true,"valueName":"search_term_string"}}],"inLanguage":"en-US"}]}},"_links":{"self":[{"href":"https:\/\/wigstore-nzk.com\/en\/wp-json\/wp\/v2\/product\/2326","targetHints":{"allow":["GET"]}}],"collection":[{"href":"https:\/\/wigstore-nzk.com\/en\/wp-json\/wp\/v2\/product"}],"about":[{"href":"https:\/\/wigstore-nzk.com\/en\/wp-json\/wp\/v2\/types\/product"}],"version-history":[{"count":3,"href":"https:\/\/wigstore-nzk.com\/en\/wp-json\/wp\/v2\/product\/2326\/revisions"}],"predecessor-version":[{"id":2915,"href":"https:\/\/wigstore-nzk.com\/en\/wp-json\/wp\/v2\/product\/2326\/revisions\/2915"}],"wp:featuredmedia":[{"embeddable":true,"href":"https:\/\/wigstore-nzk.com\/en\/wp-json\/wp\/v2\/media\/2327"}],"wp:attachment":[{"href":"https:\/\/wigstore-nzk.com\/en\/wp-json\/wp\/v2\/media?parent=2326"}],"wp:term":[{"taxonomy":"product_brand","embeddable":true,"href":"https:\/\/wigstore-nzk.com\/en\/wp-json\/wp\/v2\/product_brand?post=2326"},{"taxonomy":"product_cat","embeddable":true,"href":"https:\/\/wigstore-nzk.com\/en\/wp-json\/wp\/v2\/product_cat?post=2326"},{"taxonomy":"product_tag","embeddable":true,"href":"https:\/\/wigstore-nzk.com\/en\/wp-json\/wp\/v2\/product_tag?post=2326"}],"curies":[{"name":"wp","href":"https:\/\/api.w.org\/{rel}","templated":true}]}}