{"id":2344,"date":"2025-05-10T00:27:20","date_gmt":"2025-05-09T22:27:20","guid":{"rendered":"https:\/\/wigstore-nzk.com\/?post_type=product&#038;p=2344"},"modified":"2026-02-20T18:41:16","modified_gmt":"2026-02-20T17:41:16","slug":"szampon-belle-madame-do-peruk-z-wlosow-naturalnych","status":"publish","type":"product","link":"https:\/\/wigstore-nzk.com\/en\/product\/szampon-belle-madame-do-peruk-z-wlosow-naturalnych\/","title":{"rendered":"Szampon Belle Madame do peruk z w\u0142os\u00f3w naturalnych"},"content":{"rendered":"<p>Szampon Belle Madame do w\u0142os\u00f3w naturalnych to bogaty w sk\u0142adniki od\u017cywcze szampon do peruk z w\u0142os\u00f3w ludzkich poddanych zabiegom chemicznym lub farbowaniu. Dostarcza w\u0142osom nawil\u017caj\u0105cych sk\u0142adnik\u00f3w mas\u0142a shea, nadaje jedwabisto\u015b\u0107 i zdrowy po\u0142ysk. Szampon u\u0142atwia rozczesywanie zniszczonych w\u0142os\u00f3w i doskonale przygotowuje je do p\u00f3\u017aniejszej piel\u0119gnacji.<\/p>\n<p>EFEKT<br \/>\nOd\u017cywczy szampon, nawil\u017ca i u\u0142atwia rozczesywanie w\u0142os\u00f3w. Nadaje w\u0142osom jedwabisto\u015b\u0107 i po\u0142ysk<\/p>","protected":false},"excerpt":{"rendered":"<p>Szampon Belle Madame do peruk z w\u0142os\u00f3w naturalnych, farbowanych i po zabiegach chemicznych. Nawil\u017ca, u\u0142atwia rozczesywanie, nadaje jedwabisto\u015b\u0107 i zdrowy po\u0142ysk.<\/p>","protected":false},"featured_media":2345,"template":"","meta":[],"product_brand":[],"product_cat":[367,43],"product_tag":[126,135,127],"class_list":{"0":"post-2344","1":"product","2":"type-product","3":"status-publish","4":"has-post-thumbnail","6":"product_cat-kosmetyki","7":"product_cat-szampony-i-odzywki","8":"product_tag-szampon-do-peruk","9":"product_tag-szampon-do-peruk-naturalnych","10":"product_tag-szampon-do-wlosow-naturalnych","12":"first","13":"instock","14":"taxable","15":"shipping-taxable","16":"purchasable","17":"product-type-simple"},"yoast_head":"<!-- This site is optimized with the Yoast SEO Premium plugin v24.5 (Yoast SEO v27.5) - https:\/\/yoast.com\/product\/yoast-seo-premium-wordpress\/ -->\n<title>Szampon Belle Madame do peruk z w\u0142os\u00f3w naturalnych - NZK-Wigstore<\/title>\n<meta name=\"description\" content=\"Szampon Belle Madame do peruk z w\u0142os\u00f3w naturalnych, farbowanych i po zabiegach chemicznych. Nawil\u017ca, u\u0142atwia rozczesywanie, nadaje jedwabisto\u015b\u0107 i zdrowy po\u0142ysk.\" \/>\n<meta name=\"robots\" content=\"index, follow, max-snippet:-1, max-image-preview:large, max-video-preview:-1\" \/>\n<link rel=\"canonical\" href=\"https:\/\/wigstore-nzk.com\/en\/product\/szampon-belle-madame-do-peruk-z-wlosow-naturalnych\/\" \/>\n<meta property=\"og:locale\" content=\"en_US\" \/>\n<meta property=\"og:type\" content=\"article\" \/>\n<meta property=\"og:title\" content=\"Szampon Belle Madame do peruk z w\u0142os\u00f3w naturalnych\" \/>\n<meta property=\"og:description\" content=\"Szampon Belle Madame do peruk z w\u0142os\u00f3w naturalnych, farbowanych i po zabiegach chemicznych. Nawil\u017ca, u\u0142atwia rozczesywanie, nadaje jedwabisto\u015b\u0107 i zdrowy po\u0142ysk.\" \/>\n<meta property=\"og:url\" content=\"https:\/\/wigstore-nzk.com\/en\/product\/szampon-belle-madame-do-peruk-z-wlosow-naturalnych\/\" \/>\n<meta property=\"og:site_name\" content=\"NZK-Wigstore\" \/>\n<meta property=\"article:modified_time\" content=\"2026-02-20T17:41:16+00:00\" \/>\n<meta property=\"og:image\" content=\"https:\/\/wigstore-nzk.com\/wp-content\/uploads\/2025\/05\/33_1.jpg\" \/>\n\t<meta property=\"og:image:width\" content=\"419\" \/>\n\t<meta property=\"og:image:height\" content=\"643\" \/>\n\t<meta property=\"og:image:type\" content=\"image\/jpeg\" \/>\n<meta name=\"twitter:card\" content=\"summary_large_image\" \/>\n<meta name=\"twitter:label1\" content=\"Est. reading time\" \/>\n\t<meta name=\"twitter:data1\" content=\"1 minute\" \/>\n<script type=\"application\/ld+json\" class=\"yoast-schema-graph\">{\"@context\":\"https:\\\/\\\/schema.org\",\"@graph\":[{\"@type\":\"WebPage\",\"@id\":\"https:\\\/\\\/wigstore-nzk.com\\\/produkt\\\/szampon-belle-madame-do-peruk-z-wlosow-naturalnych\\\/\",\"url\":\"https:\\\/\\\/wigstore-nzk.com\\\/produkt\\\/szampon-belle-madame-do-peruk-z-wlosow-naturalnych\\\/\",\"name\":\"Szampon Belle Madame do peruk z w\u0142os\u00f3w naturalnych - NZK-Wigstore\",\"isPartOf\":{\"@id\":\"https:\\\/\\\/wigstore-nzk.com\\\/#website\"},\"primaryImageOfPage\":{\"@id\":\"https:\\\/\\\/wigstore-nzk.com\\\/produkt\\\/szampon-belle-madame-do-peruk-z-wlosow-naturalnych\\\/#primaryimage\"},\"image\":{\"@id\":\"https:\\\/\\\/wigstore-nzk.com\\\/produkt\\\/szampon-belle-madame-do-peruk-z-wlosow-naturalnych\\\/#primaryimage\"},\"thumbnailUrl\":\"https:\\\/\\\/wigstore-nzk.com\\\/wp-content\\\/uploads\\\/2025\\\/05\\\/33_1.jpg\",\"datePublished\":\"2025-05-09T22:27:20+00:00\",\"dateModified\":\"2026-02-20T17:41:16+00:00\",\"description\":\"Szampon Belle Madame do peruk z w\u0142os\u00f3w naturalnych, farbowanych i po zabiegach chemicznych. Nawil\u017ca, u\u0142atwia rozczesywanie, nadaje jedwabisto\u015b\u0107 i zdrowy po\u0142ysk.\",\"breadcrumb\":{\"@id\":\"https:\\\/\\\/wigstore-nzk.com\\\/produkt\\\/szampon-belle-madame-do-peruk-z-wlosow-naturalnych\\\/#breadcrumb\"},\"inLanguage\":\"en-US\",\"potentialAction\":[{\"@type\":\"ReadAction\",\"target\":[\"https:\\\/\\\/wigstore-nzk.com\\\/produkt\\\/szampon-belle-madame-do-peruk-z-wlosow-naturalnych\\\/\"]}]},{\"@type\":\"ImageObject\",\"inLanguage\":\"en-US\",\"@id\":\"https:\\\/\\\/wigstore-nzk.com\\\/produkt\\\/szampon-belle-madame-do-peruk-z-wlosow-naturalnych\\\/#primaryimage\",\"url\":\"https:\\\/\\\/wigstore-nzk.com\\\/wp-content\\\/uploads\\\/2025\\\/05\\\/33_1.jpg\",\"contentUrl\":\"https:\\\/\\\/wigstore-nzk.com\\\/wp-content\\\/uploads\\\/2025\\\/05\\\/33_1.jpg\",\"width\":419,\"height\":643,\"caption\":\"Szampon Belle Madame do w\u0142os\u00f3w naturalnych\"},{\"@type\":\"BreadcrumbList\",\"@id\":\"https:\\\/\\\/wigstore-nzk.com\\\/produkt\\\/szampon-belle-madame-do-peruk-z-wlosow-naturalnych\\\/#breadcrumb\",\"itemListElement\":[{\"@type\":\"ListItem\",\"position\":1,\"name\":\"Strona g\u0142\u00f3wna\",\"item\":\"https:\\\/\\\/wigstore-nzk.com\\\/\"},{\"@type\":\"ListItem\",\"position\":2,\"name\":\"Sklep\",\"item\":\"https:\\\/\\\/wigstore-nzk.com\\\/sklep\\\/\"},{\"@type\":\"ListItem\",\"position\":3,\"name\":\"Szampon Belle Madame do peruk z w\u0142os\u00f3w naturalnych\"}]},{\"@type\":\"WebSite\",\"@id\":\"https:\\\/\\\/wigstore-nzk.com\\\/#website\",\"url\":\"https:\\\/\\\/wigstore-nzk.com\\\/\",\"name\":\"NZK-Wigstore\",\"description\":\"\",\"potentialAction\":[{\"@type\":\"SearchAction\",\"target\":{\"@type\":\"EntryPoint\",\"urlTemplate\":\"https:\\\/\\\/wigstore-nzk.com\\\/?s={search_term_string}\"},\"query-input\":{\"@type\":\"PropertyValueSpecification\",\"valueRequired\":true,\"valueName\":\"search_term_string\"}}],\"inLanguage\":\"en-US\"}]}<\/script>\n<!-- \/ Yoast SEO Premium plugin. -->","yoast_head_json":{"title":"Szampon Belle Madame do peruk z w\u0142os\u00f3w naturalnych - NZK-Wigstore","description":"Szampon Belle Madame do peruk z w\u0142os\u00f3w naturalnych, farbowanych i po zabiegach chemicznych. Nawil\u017ca, u\u0142atwia rozczesywanie, nadaje jedwabisto\u015b\u0107 i zdrowy po\u0142ysk.","robots":{"index":"index","follow":"follow","max-snippet":"max-snippet:-1","max-image-preview":"max-image-preview:large","max-video-preview":"max-video-preview:-1"},"canonical":"https:\/\/wigstore-nzk.com\/en\/product\/szampon-belle-madame-do-peruk-z-wlosow-naturalnych\/","og_locale":"en_US","og_type":"article","og_title":"Szampon Belle Madame do peruk z w\u0142os\u00f3w naturalnych","og_description":"Szampon Belle Madame do peruk z w\u0142os\u00f3w naturalnych, farbowanych i po zabiegach chemicznych. Nawil\u017ca, u\u0142atwia rozczesywanie, nadaje jedwabisto\u015b\u0107 i zdrowy po\u0142ysk.","og_url":"https:\/\/wigstore-nzk.com\/en\/product\/szampon-belle-madame-do-peruk-z-wlosow-naturalnych\/","og_site_name":"NZK-Wigstore","article_modified_time":"2026-02-20T17:41:16+00:00","og_image":[{"width":419,"height":643,"url":"https:\/\/wigstore-nzk.com\/wp-content\/uploads\/2025\/05\/33_1.jpg","type":"image\/jpeg"}],"twitter_card":"summary_large_image","twitter_misc":{"Est. reading time":"1 minute"},"schema":{"@context":"https:\/\/schema.org","@graph":[{"@type":"WebPage","@id":"https:\/\/wigstore-nzk.com\/produkt\/szampon-belle-madame-do-peruk-z-wlosow-naturalnych\/","url":"https:\/\/wigstore-nzk.com\/produkt\/szampon-belle-madame-do-peruk-z-wlosow-naturalnych\/","name":"Szampon Belle Madame do peruk z w\u0142os\u00f3w naturalnych - NZK-Wigstore","isPartOf":{"@id":"https:\/\/wigstore-nzk.com\/#website"},"primaryImageOfPage":{"@id":"https:\/\/wigstore-nzk.com\/produkt\/szampon-belle-madame-do-peruk-z-wlosow-naturalnych\/#primaryimage"},"image":{"@id":"https:\/\/wigstore-nzk.com\/produkt\/szampon-belle-madame-do-peruk-z-wlosow-naturalnych\/#primaryimage"},"thumbnailUrl":"https:\/\/wigstore-nzk.com\/wp-content\/uploads\/2025\/05\/33_1.jpg","datePublished":"2025-05-09T22:27:20+00:00","dateModified":"2026-02-20T17:41:16+00:00","description":"Szampon Belle Madame do peruk z w\u0142os\u00f3w naturalnych, farbowanych i po zabiegach chemicznych. Nawil\u017ca, u\u0142atwia rozczesywanie, nadaje jedwabisto\u015b\u0107 i zdrowy po\u0142ysk.","breadcrumb":{"@id":"https:\/\/wigstore-nzk.com\/produkt\/szampon-belle-madame-do-peruk-z-wlosow-naturalnych\/#breadcrumb"},"inLanguage":"en-US","potentialAction":[{"@type":"ReadAction","target":["https:\/\/wigstore-nzk.com\/produkt\/szampon-belle-madame-do-peruk-z-wlosow-naturalnych\/"]}]},{"@type":"ImageObject","inLanguage":"en-US","@id":"https:\/\/wigstore-nzk.com\/produkt\/szampon-belle-madame-do-peruk-z-wlosow-naturalnych\/#primaryimage","url":"https:\/\/wigstore-nzk.com\/wp-content\/uploads\/2025\/05\/33_1.jpg","contentUrl":"https:\/\/wigstore-nzk.com\/wp-content\/uploads\/2025\/05\/33_1.jpg","width":419,"height":643,"caption":"Szampon Belle Madame do w\u0142os\u00f3w naturalnych"},{"@type":"BreadcrumbList","@id":"https:\/\/wigstore-nzk.com\/produkt\/szampon-belle-madame-do-peruk-z-wlosow-naturalnych\/#breadcrumb","itemListElement":[{"@type":"ListItem","position":1,"name":"Strona g\u0142\u00f3wna","item":"https:\/\/wigstore-nzk.com\/"},{"@type":"ListItem","position":2,"name":"Sklep","item":"https:\/\/wigstore-nzk.com\/sklep\/"},{"@type":"ListItem","position":3,"name":"Szampon Belle Madame do peruk z w\u0142os\u00f3w naturalnych"}]},{"@type":"WebSite","@id":"https:\/\/wigstore-nzk.com\/#website","url":"https:\/\/wigstore-nzk.com\/","name":"NZK-Wigstore","description":"","potentialAction":[{"@type":"SearchAction","target":{"@type":"EntryPoint","urlTemplate":"https:\/\/wigstore-nzk.com\/?s={search_term_string}"},"query-input":{"@type":"PropertyValueSpecification","valueRequired":true,"valueName":"search_term_string"}}],"inLanguage":"en-US"}]}},"_links":{"self":[{"href":"https:\/\/wigstore-nzk.com\/en\/wp-json\/wp\/v2\/product\/2344","targetHints":{"allow":["GET"]}}],"collection":[{"href":"https:\/\/wigstore-nzk.com\/en\/wp-json\/wp\/v2\/product"}],"about":[{"href":"https:\/\/wigstore-nzk.com\/en\/wp-json\/wp\/v2\/types\/product"}],"version-history":[{"count":4,"href":"https:\/\/wigstore-nzk.com\/en\/wp-json\/wp\/v2\/product\/2344\/revisions"}],"predecessor-version":[{"id":2543,"href":"https:\/\/wigstore-nzk.com\/en\/wp-json\/wp\/v2\/product\/2344\/revisions\/2543"}],"wp:featuredmedia":[{"embeddable":true,"href":"https:\/\/wigstore-nzk.com\/en\/wp-json\/wp\/v2\/media\/2345"}],"wp:attachment":[{"href":"https:\/\/wigstore-nzk.com\/en\/wp-json\/wp\/v2\/media?parent=2344"}],"wp:term":[{"taxonomy":"product_brand","embeddable":true,"href":"https:\/\/wigstore-nzk.com\/en\/wp-json\/wp\/v2\/product_brand?post=2344"},{"taxonomy":"product_cat","embeddable":true,"href":"https:\/\/wigstore-nzk.com\/en\/wp-json\/wp\/v2\/product_cat?post=2344"},{"taxonomy":"product_tag","embeddable":true,"href":"https:\/\/wigstore-nzk.com\/en\/wp-json\/wp\/v2\/product_tag?post=2344"}],"curies":[{"name":"wp","href":"https:\/\/api.w.org\/{rel}","templated":true}]}}