{"id":2407,"date":"2025-05-12T22:18:32","date_gmt":"2025-05-12T20:18:32","guid":{"rendered":"https:\/\/wigstore-nzk.com\/?post_type=product&#038;p=2407"},"modified":"2026-02-21T14:17:58","modified_gmt":"2026-02-21T13:17:58","slug":"bezowa-opaska-welurowa-pod-peruke-stabilizacja-i-komfort","status":"publish","type":"product","link":"https:\/\/wigstore-nzk.com\/en\/product\/bezowa-opaska-welurowa-pod-peruke-stabilizacja-i-komfort\/","title":{"rendered":"Be\u017cowa opaska welurowa pod peruk\u0119"},"content":{"rendered":"<h4 data-start=\"185\" data-end=\"273\"><strong data-start=\"189\" data-end=\"273\">Be\u017cowa opaska welurowa pod peruk\u0119 \u2013 dyskretna stabilizacja i komfort na co dzie\u0144<\/strong><\/h4>\n<p data-start=\"275\" data-end=\"585\">Nasza <strong data-start=\"281\" data-end=\"318\">opaska welurowa w kolorze be\u017cowym<\/strong> to niezb\u0119dne akcesorium dla os\u00f3b nosz\u0105cych peruki, kt\u00f3re ceni\u0105 sobie wygod\u0119, pewno\u015b\u0107 i naturalny wygl\u0105d. Zak\u0142adana bezpo\u015brednio na g\u0142ow\u0119, opaska skutecznie <strong data-start=\"475\" data-end=\"497\">stabilizuje peruk\u0119<\/strong>, zapobiegaj\u0105c jej przesuwaniu si\u0119 w ci\u0105gu dnia \u2013 bez u\u017cycia spinek, klips\u00f3w czy klej\u00f3w.<\/p>\n<p data-start=\"587\" data-end=\"857\">Wykonana z mi\u0119kkiego, przyjaznego dla sk\u00f3ry weluru, opaska zapewnia doskona\u0142y komfort nawet przy d\u0142ugotrwa\u0142ym noszeniu. Jej <strong data-start=\"711\" data-end=\"739\">neutralny, be\u017cowy odcie\u0144<\/strong> idealnie komponuje si\u0119 z kolorem sk\u00f3ry i pozostaje <strong data-start=\"791\" data-end=\"817\">niewidoczna pod peruk\u0105<\/strong>, niezale\u017cnie od jej odcienia czy stylu.<\/p>\n<p data-start=\"859\" data-end=\"1001\">To praktyczne rozwi\u0105zanie dla ka\u017cdego \u2013 zar\u00f3wno przy codziennym u\u017cytkowaniu peruki, jak i podczas aktywno\u015bci fizycznej czy wyj\u0105tkowych okazji.<\/p>\n<p data-start=\"1003\" data-end=\"1022\"><strong data-start=\"1003\" data-end=\"1022\">Dlaczego warto?<\/strong><\/p>\n<p data-start=\"1025\" data-end=\"1074\">\u2705 zapewnia stabilizacj\u0119 peruki bez kleju i spinek<\/p>\n<p data-start=\"1077\" data-end=\"1124\">\u2705mi\u0119kki, welurowy materia\u0142 przyjazny dla sk\u00f3ry<\/p>\n<p data-start=\"1127\" data-end=\"1176\">\u2705neutralny be\u017cowy kolor \u2013 niewidoczny pod peruk\u0105<\/p>\n<p data-start=\"1179\" data-end=\"1226\">\u2705idealna dla peruk naturalnych i syntetycznych<\/p>\n<p data-start=\"1229\" data-end=\"1263\">\u2705\u0142atwa w zak\u0142adaniu i zdejmowaniu<\/p>\n<p data-start=\"1265\" data-end=\"1361\">Postaw na wygod\u0119 i pewno\u015b\u0107 ka\u017cdego dnia \u2013 wybierz opask\u0119, kt\u00f3ra zadba o Twoj\u0105 fryzur\u0119 i komfort.<\/p>","protected":false},"excerpt":{"rendered":"<p>Be\u017cowa opaska welurowa pod peruk\u0119 zapewnia komfort i stabilizacj\u0119. Mi\u0119kka, antypo\u015blizgowa i niewidoczna pod peruk\u0105 \u2013 idealna na co dzie\u0144.<\/p>","protected":false},"featured_media":2408,"template":"","meta":[],"product_brand":[],"product_cat":[28,47],"product_tag":[288,330,78],"class_list":{"0":"post-2407","1":"product","2":"type-product","3":"status-publish","4":"has-post-thumbnail","6":"product_cat-akcesoria","7":"product_cat-siatki-i-tasmy-pod-peruke","8":"product_tag-akcesoria-do-peruk","9":"product_tag-peruka","10":"product_tag-perukarstwo","12":"first","13":"instock","14":"taxable","15":"shipping-taxable","16":"purchasable","17":"product-type-simple"},"yoast_head":"<!-- This site is optimized with the Yoast SEO Premium plugin v24.5 (Yoast SEO v27.5) - https:\/\/yoast.com\/product\/yoast-seo-premium-wordpress\/ -->\n<title>Be\u017cowa opaska welurowa pod peruk\u0119 - NZK-Wigstore<\/title>\n<meta name=\"description\" content=\"Be\u017cowa opaska welurowa pod peruk\u0119 to praktyczne i wygodne akcesorium, kt\u00f3re pomaga utrzyma\u0107 peruk\u0119 na miejscu przez ca\u0142y dzie\u0144. Mi\u0119kki, welurowy materia\u0142 delikatnie przylega do sk\u00f3ry, zapewniaj\u0105c komfort noszenia, a neutralny be\u017cowy kolor sprawia, \u017ce opaska pozostaje niewidoczna pod peruk\u0105. Idealna dla os\u00f3b ceni\u0105cych dyskrecj\u0119, stabilno\u015b\u0107 i wygod\u0119.\" \/>\n<meta name=\"robots\" content=\"index, follow, max-snippet:-1, max-image-preview:large, max-video-preview:-1\" \/>\n<link rel=\"canonical\" href=\"https:\/\/wigstore-nzk.com\/en\/product\/bezowa-opaska-welurowa-pod-peruke-stabilizacja-i-komfort\/\" \/>\n<meta property=\"og:locale\" content=\"en_US\" \/>\n<meta property=\"og:type\" content=\"article\" \/>\n<meta property=\"og:title\" content=\"Be\u017cowa opaska welurowa pod peruk\u0119\" \/>\n<meta property=\"og:description\" content=\"Be\u017cowa opaska welurowa pod peruk\u0119 to praktyczne i wygodne akcesorium, kt\u00f3re pomaga utrzyma\u0107 peruk\u0119 na miejscu przez ca\u0142y dzie\u0144. Mi\u0119kki, welurowy materia\u0142 delikatnie przylega do sk\u00f3ry, zapewniaj\u0105c komfort noszenia, a neutralny be\u017cowy kolor sprawia, \u017ce opaska pozostaje niewidoczna pod peruk\u0105. Idealna dla os\u00f3b ceni\u0105cych dyskrecj\u0119, stabilno\u015b\u0107 i wygod\u0119.\" \/>\n<meta property=\"og:url\" content=\"https:\/\/wigstore-nzk.com\/en\/product\/bezowa-opaska-welurowa-pod-peruke-stabilizacja-i-komfort\/\" \/>\n<meta property=\"og:site_name\" content=\"NZK-Wigstore\" \/>\n<meta property=\"article:modified_time\" content=\"2026-02-21T13:17:58+00:00\" \/>\n<meta property=\"og:image\" content=\"https:\/\/wigstore-nzk.com\/wp-content\/uploads\/2025\/05\/31_1.png\" \/>\n\t<meta property=\"og:image:width\" content=\"1080\" \/>\n\t<meta property=\"og:image:height\" content=\"1440\" \/>\n\t<meta property=\"og:image:type\" content=\"image\/png\" \/>\n<meta name=\"twitter:card\" content=\"summary_large_image\" \/>\n<meta name=\"twitter:label1\" content=\"Est. reading time\" \/>\n\t<meta name=\"twitter:data1\" content=\"2 minutes\" \/>\n<script type=\"application\/ld+json\" class=\"yoast-schema-graph\">{\"@context\":\"https:\\\/\\\/schema.org\",\"@graph\":[{\"@type\":\"WebPage\",\"@id\":\"https:\\\/\\\/wigstore-nzk.com\\\/produkt\\\/bezowa-opaska-welurowa-pod-peruke-stabilizacja-i-komfort\\\/\",\"url\":\"https:\\\/\\\/wigstore-nzk.com\\\/produkt\\\/bezowa-opaska-welurowa-pod-peruke-stabilizacja-i-komfort\\\/\",\"name\":\"Be\u017cowa opaska welurowa pod peruk\u0119 - NZK-Wigstore\",\"isPartOf\":{\"@id\":\"https:\\\/\\\/wigstore-nzk.com\\\/#website\"},\"primaryImageOfPage\":{\"@id\":\"https:\\\/\\\/wigstore-nzk.com\\\/produkt\\\/bezowa-opaska-welurowa-pod-peruke-stabilizacja-i-komfort\\\/#primaryimage\"},\"image\":{\"@id\":\"https:\\\/\\\/wigstore-nzk.com\\\/produkt\\\/bezowa-opaska-welurowa-pod-peruke-stabilizacja-i-komfort\\\/#primaryimage\"},\"thumbnailUrl\":\"https:\\\/\\\/wigstore-nzk.com\\\/wp-content\\\/uploads\\\/2025\\\/05\\\/31_1.png\",\"datePublished\":\"2025-05-12T20:18:32+00:00\",\"dateModified\":\"2026-02-21T13:17:58+00:00\",\"description\":\"Be\u017cowa opaska welurowa pod peruk\u0119 to praktyczne i wygodne akcesorium, kt\u00f3re pomaga utrzyma\u0107 peruk\u0119 na miejscu przez ca\u0142y dzie\u0144. Mi\u0119kki, welurowy materia\u0142 delikatnie przylega do sk\u00f3ry, zapewniaj\u0105c komfort noszenia, a neutralny be\u017cowy kolor sprawia, \u017ce opaska pozostaje niewidoczna pod peruk\u0105. Idealna dla os\u00f3b ceni\u0105cych dyskrecj\u0119, stabilno\u015b\u0107 i wygod\u0119.\",\"breadcrumb\":{\"@id\":\"https:\\\/\\\/wigstore-nzk.com\\\/produkt\\\/bezowa-opaska-welurowa-pod-peruke-stabilizacja-i-komfort\\\/#breadcrumb\"},\"inLanguage\":\"en-US\",\"potentialAction\":[{\"@type\":\"ReadAction\",\"target\":[\"https:\\\/\\\/wigstore-nzk.com\\\/produkt\\\/bezowa-opaska-welurowa-pod-peruke-stabilizacja-i-komfort\\\/\"]}]},{\"@type\":\"ImageObject\",\"inLanguage\":\"en-US\",\"@id\":\"https:\\\/\\\/wigstore-nzk.com\\\/produkt\\\/bezowa-opaska-welurowa-pod-peruke-stabilizacja-i-komfort\\\/#primaryimage\",\"url\":\"https:\\\/\\\/wigstore-nzk.com\\\/wp-content\\\/uploads\\\/2025\\\/05\\\/31_1.png\",\"contentUrl\":\"https:\\\/\\\/wigstore-nzk.com\\\/wp-content\\\/uploads\\\/2025\\\/05\\\/31_1.png\",\"width\":1080,\"height\":1440,\"caption\":\"opaska welurowa srebrno be\u017cowa\"},{\"@type\":\"BreadcrumbList\",\"@id\":\"https:\\\/\\\/wigstore-nzk.com\\\/produkt\\\/bezowa-opaska-welurowa-pod-peruke-stabilizacja-i-komfort\\\/#breadcrumb\",\"itemListElement\":[{\"@type\":\"ListItem\",\"position\":1,\"name\":\"Strona g\u0142\u00f3wna\",\"item\":\"https:\\\/\\\/wigstore-nzk.com\\\/\"},{\"@type\":\"ListItem\",\"position\":2,\"name\":\"Sklep\",\"item\":\"https:\\\/\\\/wigstore-nzk.com\\\/sklep\\\/\"},{\"@type\":\"ListItem\",\"position\":3,\"name\":\"Be\u017cowa opaska welurowa pod peruk\u0119\"}]},{\"@type\":\"WebSite\",\"@id\":\"https:\\\/\\\/wigstore-nzk.com\\\/#website\",\"url\":\"https:\\\/\\\/wigstore-nzk.com\\\/\",\"name\":\"NZK-Wigstore\",\"description\":\"\",\"potentialAction\":[{\"@type\":\"SearchAction\",\"target\":{\"@type\":\"EntryPoint\",\"urlTemplate\":\"https:\\\/\\\/wigstore-nzk.com\\\/?s={search_term_string}\"},\"query-input\":{\"@type\":\"PropertyValueSpecification\",\"valueRequired\":true,\"valueName\":\"search_term_string\"}}],\"inLanguage\":\"en-US\"}]}<\/script>\n<!-- \/ Yoast SEO Premium plugin. -->","yoast_head_json":{"title":"Be\u017cowa opaska welurowa pod peruk\u0119 - NZK-Wigstore","description":"Be\u017cowa opaska welurowa pod peruk\u0119 to praktyczne i wygodne akcesorium, kt\u00f3re pomaga utrzyma\u0107 peruk\u0119 na miejscu przez ca\u0142y dzie\u0144. Mi\u0119kki, welurowy materia\u0142 delikatnie przylega do sk\u00f3ry, zapewniaj\u0105c komfort noszenia, a neutralny be\u017cowy kolor sprawia, \u017ce opaska pozostaje niewidoczna pod peruk\u0105. Idealna dla os\u00f3b ceni\u0105cych dyskrecj\u0119, stabilno\u015b\u0107 i wygod\u0119.","robots":{"index":"index","follow":"follow","max-snippet":"max-snippet:-1","max-image-preview":"max-image-preview:large","max-video-preview":"max-video-preview:-1"},"canonical":"https:\/\/wigstore-nzk.com\/en\/product\/bezowa-opaska-welurowa-pod-peruke-stabilizacja-i-komfort\/","og_locale":"en_US","og_type":"article","og_title":"Be\u017cowa opaska welurowa pod peruk\u0119","og_description":"Be\u017cowa opaska welurowa pod peruk\u0119 to praktyczne i wygodne akcesorium, kt\u00f3re pomaga utrzyma\u0107 peruk\u0119 na miejscu przez ca\u0142y dzie\u0144. Mi\u0119kki, welurowy materia\u0142 delikatnie przylega do sk\u00f3ry, zapewniaj\u0105c komfort noszenia, a neutralny be\u017cowy kolor sprawia, \u017ce opaska pozostaje niewidoczna pod peruk\u0105. Idealna dla os\u00f3b ceni\u0105cych dyskrecj\u0119, stabilno\u015b\u0107 i wygod\u0119.","og_url":"https:\/\/wigstore-nzk.com\/en\/product\/bezowa-opaska-welurowa-pod-peruke-stabilizacja-i-komfort\/","og_site_name":"NZK-Wigstore","article_modified_time":"2026-02-21T13:17:58+00:00","og_image":[{"width":1080,"height":1440,"url":"https:\/\/wigstore-nzk.com\/wp-content\/uploads\/2025\/05\/31_1.png","type":"image\/png"}],"twitter_card":"summary_large_image","twitter_misc":{"Est. reading time":"2 minutes"},"schema":{"@context":"https:\/\/schema.org","@graph":[{"@type":"WebPage","@id":"https:\/\/wigstore-nzk.com\/produkt\/bezowa-opaska-welurowa-pod-peruke-stabilizacja-i-komfort\/","url":"https:\/\/wigstore-nzk.com\/produkt\/bezowa-opaska-welurowa-pod-peruke-stabilizacja-i-komfort\/","name":"Be\u017cowa opaska welurowa pod peruk\u0119 - NZK-Wigstore","isPartOf":{"@id":"https:\/\/wigstore-nzk.com\/#website"},"primaryImageOfPage":{"@id":"https:\/\/wigstore-nzk.com\/produkt\/bezowa-opaska-welurowa-pod-peruke-stabilizacja-i-komfort\/#primaryimage"},"image":{"@id":"https:\/\/wigstore-nzk.com\/produkt\/bezowa-opaska-welurowa-pod-peruke-stabilizacja-i-komfort\/#primaryimage"},"thumbnailUrl":"https:\/\/wigstore-nzk.com\/wp-content\/uploads\/2025\/05\/31_1.png","datePublished":"2025-05-12T20:18:32+00:00","dateModified":"2026-02-21T13:17:58+00:00","description":"Be\u017cowa opaska welurowa pod peruk\u0119 to praktyczne i wygodne akcesorium, kt\u00f3re pomaga utrzyma\u0107 peruk\u0119 na miejscu przez ca\u0142y dzie\u0144. Mi\u0119kki, welurowy materia\u0142 delikatnie przylega do sk\u00f3ry, zapewniaj\u0105c komfort noszenia, a neutralny be\u017cowy kolor sprawia, \u017ce opaska pozostaje niewidoczna pod peruk\u0105. Idealna dla os\u00f3b ceni\u0105cych dyskrecj\u0119, stabilno\u015b\u0107 i wygod\u0119.","breadcrumb":{"@id":"https:\/\/wigstore-nzk.com\/produkt\/bezowa-opaska-welurowa-pod-peruke-stabilizacja-i-komfort\/#breadcrumb"},"inLanguage":"en-US","potentialAction":[{"@type":"ReadAction","target":["https:\/\/wigstore-nzk.com\/produkt\/bezowa-opaska-welurowa-pod-peruke-stabilizacja-i-komfort\/"]}]},{"@type":"ImageObject","inLanguage":"en-US","@id":"https:\/\/wigstore-nzk.com\/produkt\/bezowa-opaska-welurowa-pod-peruke-stabilizacja-i-komfort\/#primaryimage","url":"https:\/\/wigstore-nzk.com\/wp-content\/uploads\/2025\/05\/31_1.png","contentUrl":"https:\/\/wigstore-nzk.com\/wp-content\/uploads\/2025\/05\/31_1.png","width":1080,"height":1440,"caption":"opaska welurowa srebrno be\u017cowa"},{"@type":"BreadcrumbList","@id":"https:\/\/wigstore-nzk.com\/produkt\/bezowa-opaska-welurowa-pod-peruke-stabilizacja-i-komfort\/#breadcrumb","itemListElement":[{"@type":"ListItem","position":1,"name":"Strona g\u0142\u00f3wna","item":"https:\/\/wigstore-nzk.com\/"},{"@type":"ListItem","position":2,"name":"Sklep","item":"https:\/\/wigstore-nzk.com\/sklep\/"},{"@type":"ListItem","position":3,"name":"Be\u017cowa opaska welurowa pod peruk\u0119"}]},{"@type":"WebSite","@id":"https:\/\/wigstore-nzk.com\/#website","url":"https:\/\/wigstore-nzk.com\/","name":"NZK-Wigstore","description":"","potentialAction":[{"@type":"SearchAction","target":{"@type":"EntryPoint","urlTemplate":"https:\/\/wigstore-nzk.com\/?s={search_term_string}"},"query-input":{"@type":"PropertyValueSpecification","valueRequired":true,"valueName":"search_term_string"}}],"inLanguage":"en-US"}]}},"_links":{"self":[{"href":"https:\/\/wigstore-nzk.com\/en\/wp-json\/wp\/v2\/product\/2407","targetHints":{"allow":["GET"]}}],"collection":[{"href":"https:\/\/wigstore-nzk.com\/en\/wp-json\/wp\/v2\/product"}],"about":[{"href":"https:\/\/wigstore-nzk.com\/en\/wp-json\/wp\/v2\/types\/product"}],"version-history":[{"count":7,"href":"https:\/\/wigstore-nzk.com\/en\/wp-json\/wp\/v2\/product\/2407\/revisions"}],"predecessor-version":[{"id":2901,"href":"https:\/\/wigstore-nzk.com\/en\/wp-json\/wp\/v2\/product\/2407\/revisions\/2901"}],"wp:featuredmedia":[{"embeddable":true,"href":"https:\/\/wigstore-nzk.com\/en\/wp-json\/wp\/v2\/media\/2408"}],"wp:attachment":[{"href":"https:\/\/wigstore-nzk.com\/en\/wp-json\/wp\/v2\/media?parent=2407"}],"wp:term":[{"taxonomy":"product_brand","embeddable":true,"href":"https:\/\/wigstore-nzk.com\/en\/wp-json\/wp\/v2\/product_brand?post=2407"},{"taxonomy":"product_cat","embeddable":true,"href":"https:\/\/wigstore-nzk.com\/en\/wp-json\/wp\/v2\/product_cat?post=2407"},{"taxonomy":"product_tag","embeddable":true,"href":"https:\/\/wigstore-nzk.com\/en\/wp-json\/wp\/v2\/product_tag?post=2407"}],"curies":[{"name":"wp","href":"https:\/\/api.w.org\/{rel}","templated":true}]}}