{"id":2416,"date":"2025-05-12T22:40:21","date_gmt":"2025-05-12T20:40:21","guid":{"rendered":"https:\/\/wigstore-nzk.com\/?post_type=product&#038;p=2416"},"modified":"2025-11-13T10:39:13","modified_gmt":"2025-11-13T09:39:13","slug":"paski-konstrukcyjne-36-sztuk-niebieskie","status":"publish","type":"product","link":"https:\/\/wigstore-nzk.com\/en\/product\/paski-konstrukcyjne-36-sztuk-niebieskie\/","title":{"rendered":"Paski konstrukcyjne 36 sztuk niebieskie"},"content":{"rendered":"<p>Paski konstrukcyjne to wysokiej jako\u015bci, dwustronne ta\u015bmy samoprzylepne przeznaczone do mocowania system\u00f3w w\u0142os\u00f3w, tupet\u00f3w i peruk. Ich zakrzywiony kszta\u0142t dopasowuje si\u0119 do naturalnej linii czo\u0142a, zapewniaj\u0105c dyskretne i stabilne przyleganie. Idealne do codziennego u\u017cytkowania \u2013 \u0142atwe w aplikacji i bezpieczne dla sk\u00f3ry. Umo\u017cliwiaj\u0105 mocne utrzymanie fryzury, nie pozostawiaj\u0105c \u015blad\u00f3w po usuni\u0119ciu. Niezast\u0105pione w profesjonalnej stylizacji i codziennej piel\u0119gnacji system\u00f3w w\u0142os\u00f3w.<\/p>","protected":false},"excerpt":{"rendered":"<p>Samoprzylepne paski konstrukcyjne do system\u00f3w w\u0142os\u00f3w i peruk. Zapewniaj\u0105 mocne, wygodne i dyskretne mocowanie.<\/p>","protected":false},"featured_media":2414,"template":"","meta":[],"product_brand":[],"product_cat":[28,36],"product_tag":[330,78,366],"class_list":{"0":"post-2416","1":"product","2":"type-product","3":"status-publish","4":"has-post-thumbnail","6":"product_cat-akcesoria","7":"product_cat-tasmy-samoprzylepne","8":"product_tag-peruka","9":"product_tag-perukarstwo","10":"product_tag-tasma-samoprzylepna","12":"first","13":"instock","14":"taxable","15":"shipping-taxable","16":"purchasable","17":"product-type-simple"},"yoast_head":"<!-- This site is optimized with the Yoast SEO Premium plugin v24.5 (Yoast SEO v27.5) - https:\/\/yoast.com\/product\/yoast-seo-premium-wordpress\/ -->\n<title>Paski konstrukcyjne 36 sztuk niebieskie - NZK-Wigstore<\/title>\n<meta name=\"description\" content=\"Samoprzylepne paski konstrukcyjne do system\u00f3w w\u0142os\u00f3w i peruk. Zapewniaj\u0105 mocne, wygodne i dyskretne mocowanie.\" \/>\n<meta name=\"robots\" content=\"index, follow, max-snippet:-1, max-image-preview:large, max-video-preview:-1\" \/>\n<link rel=\"canonical\" href=\"https:\/\/wigstore-nzk.com\/en\/product\/paski-konstrukcyjne-36-sztuk-niebieskie\/\" \/>\n<meta property=\"og:locale\" content=\"en_US\" \/>\n<meta property=\"og:type\" content=\"article\" \/>\n<meta property=\"og:title\" content=\"Paski konstrukcyjne 36 sztuk niebieskie\" \/>\n<meta property=\"og:description\" content=\"Samoprzylepne paski konstrukcyjne do system\u00f3w w\u0142os\u00f3w i peruk. Zapewniaj\u0105 mocne, wygodne i dyskretne mocowanie.\" \/>\n<meta property=\"og:url\" content=\"https:\/\/wigstore-nzk.com\/en\/product\/paski-konstrukcyjne-36-sztuk-niebieskie\/\" \/>\n<meta property=\"og:site_name\" content=\"NZK-Wigstore\" \/>\n<meta property=\"article:modified_time\" content=\"2025-11-13T09:39:13+00:00\" \/>\n<meta property=\"og:image\" content=\"https:\/\/wigstore-nzk.com\/wp-content\/uploads\/2025\/05\/36_1.png\" \/>\n\t<meta property=\"og:image:width\" content=\"1080\" \/>\n\t<meta property=\"og:image:height\" content=\"1527\" \/>\n\t<meta property=\"og:image:type\" content=\"image\/png\" \/>\n<meta name=\"twitter:card\" content=\"summary_large_image\" \/>\n<meta name=\"twitter:label1\" content=\"Est. reading time\" \/>\n\t<meta name=\"twitter:data1\" content=\"1 minute\" \/>\n<script type=\"application\/ld+json\" class=\"yoast-schema-graph\">{\"@context\":\"https:\\\/\\\/schema.org\",\"@graph\":[{\"@type\":\"WebPage\",\"@id\":\"https:\\\/\\\/wigstore-nzk.com\\\/produkt\\\/paski-konstrukcyjne-36-sztuk-niebieskie\\\/\",\"url\":\"https:\\\/\\\/wigstore-nzk.com\\\/produkt\\\/paski-konstrukcyjne-36-sztuk-niebieskie\\\/\",\"name\":\"Paski konstrukcyjne 36 sztuk niebieskie - NZK-Wigstore\",\"isPartOf\":{\"@id\":\"https:\\\/\\\/wigstore-nzk.com\\\/#website\"},\"primaryImageOfPage\":{\"@id\":\"https:\\\/\\\/wigstore-nzk.com\\\/produkt\\\/paski-konstrukcyjne-36-sztuk-niebieskie\\\/#primaryimage\"},\"image\":{\"@id\":\"https:\\\/\\\/wigstore-nzk.com\\\/produkt\\\/paski-konstrukcyjne-36-sztuk-niebieskie\\\/#primaryimage\"},\"thumbnailUrl\":\"https:\\\/\\\/wigstore-nzk.com\\\/wp-content\\\/uploads\\\/2025\\\/05\\\/36_1.png\",\"datePublished\":\"2025-05-12T20:40:21+00:00\",\"dateModified\":\"2025-11-13T09:39:13+00:00\",\"description\":\"Samoprzylepne paski konstrukcyjne do system\u00f3w w\u0142os\u00f3w i peruk. Zapewniaj\u0105 mocne, wygodne i dyskretne mocowanie.\",\"breadcrumb\":{\"@id\":\"https:\\\/\\\/wigstore-nzk.com\\\/produkt\\\/paski-konstrukcyjne-36-sztuk-niebieskie\\\/#breadcrumb\"},\"inLanguage\":\"en-US\",\"potentialAction\":[{\"@type\":\"ReadAction\",\"target\":[\"https:\\\/\\\/wigstore-nzk.com\\\/produkt\\\/paski-konstrukcyjne-36-sztuk-niebieskie\\\/\"]}]},{\"@type\":\"ImageObject\",\"inLanguage\":\"en-US\",\"@id\":\"https:\\\/\\\/wigstore-nzk.com\\\/produkt\\\/paski-konstrukcyjne-36-sztuk-niebieskie\\\/#primaryimage\",\"url\":\"https:\\\/\\\/wigstore-nzk.com\\\/wp-content\\\/uploads\\\/2025\\\/05\\\/36_1.png\",\"contentUrl\":\"https:\\\/\\\/wigstore-nzk.com\\\/wp-content\\\/uploads\\\/2025\\\/05\\\/36_1.png\",\"width\":1080,\"height\":1527,\"caption\":\"Paski konstrukcyjne 36 sztuk niebieskie\"},{\"@type\":\"BreadcrumbList\",\"@id\":\"https:\\\/\\\/wigstore-nzk.com\\\/produkt\\\/paski-konstrukcyjne-36-sztuk-niebieskie\\\/#breadcrumb\",\"itemListElement\":[{\"@type\":\"ListItem\",\"position\":1,\"name\":\"Strona g\u0142\u00f3wna\",\"item\":\"https:\\\/\\\/wigstore-nzk.com\\\/\"},{\"@type\":\"ListItem\",\"position\":2,\"name\":\"Sklep\",\"item\":\"https:\\\/\\\/wigstore-nzk.com\\\/sklep\\\/\"},{\"@type\":\"ListItem\",\"position\":3,\"name\":\"Paski konstrukcyjne 36 sztuk niebieskie\"}]},{\"@type\":\"WebSite\",\"@id\":\"https:\\\/\\\/wigstore-nzk.com\\\/#website\",\"url\":\"https:\\\/\\\/wigstore-nzk.com\\\/\",\"name\":\"NZK-Wigstore\",\"description\":\"\",\"potentialAction\":[{\"@type\":\"SearchAction\",\"target\":{\"@type\":\"EntryPoint\",\"urlTemplate\":\"https:\\\/\\\/wigstore-nzk.com\\\/?s={search_term_string}\"},\"query-input\":{\"@type\":\"PropertyValueSpecification\",\"valueRequired\":true,\"valueName\":\"search_term_string\"}}],\"inLanguage\":\"en-US\"}]}<\/script>\n<!-- \/ Yoast SEO Premium plugin. -->","yoast_head_json":{"title":"Paski konstrukcyjne 36 sztuk niebieskie - NZK-Wigstore","description":"Samoprzylepne paski konstrukcyjne do system\u00f3w w\u0142os\u00f3w i peruk. Zapewniaj\u0105 mocne, wygodne i dyskretne mocowanie.","robots":{"index":"index","follow":"follow","max-snippet":"max-snippet:-1","max-image-preview":"max-image-preview:large","max-video-preview":"max-video-preview:-1"},"canonical":"https:\/\/wigstore-nzk.com\/en\/product\/paski-konstrukcyjne-36-sztuk-niebieskie\/","og_locale":"en_US","og_type":"article","og_title":"Paski konstrukcyjne 36 sztuk niebieskie","og_description":"Samoprzylepne paski konstrukcyjne do system\u00f3w w\u0142os\u00f3w i peruk. Zapewniaj\u0105 mocne, wygodne i dyskretne mocowanie.","og_url":"https:\/\/wigstore-nzk.com\/en\/product\/paski-konstrukcyjne-36-sztuk-niebieskie\/","og_site_name":"NZK-Wigstore","article_modified_time":"2025-11-13T09:39:13+00:00","og_image":[{"width":1080,"height":1527,"url":"https:\/\/wigstore-nzk.com\/wp-content\/uploads\/2025\/05\/36_1.png","type":"image\/png"}],"twitter_card":"summary_large_image","twitter_misc":{"Est. reading time":"1 minute"},"schema":{"@context":"https:\/\/schema.org","@graph":[{"@type":"WebPage","@id":"https:\/\/wigstore-nzk.com\/produkt\/paski-konstrukcyjne-36-sztuk-niebieskie\/","url":"https:\/\/wigstore-nzk.com\/produkt\/paski-konstrukcyjne-36-sztuk-niebieskie\/","name":"Paski konstrukcyjne 36 sztuk niebieskie - NZK-Wigstore","isPartOf":{"@id":"https:\/\/wigstore-nzk.com\/#website"},"primaryImageOfPage":{"@id":"https:\/\/wigstore-nzk.com\/produkt\/paski-konstrukcyjne-36-sztuk-niebieskie\/#primaryimage"},"image":{"@id":"https:\/\/wigstore-nzk.com\/produkt\/paski-konstrukcyjne-36-sztuk-niebieskie\/#primaryimage"},"thumbnailUrl":"https:\/\/wigstore-nzk.com\/wp-content\/uploads\/2025\/05\/36_1.png","datePublished":"2025-05-12T20:40:21+00:00","dateModified":"2025-11-13T09:39:13+00:00","description":"Samoprzylepne paski konstrukcyjne do system\u00f3w w\u0142os\u00f3w i peruk. Zapewniaj\u0105 mocne, wygodne i dyskretne mocowanie.","breadcrumb":{"@id":"https:\/\/wigstore-nzk.com\/produkt\/paski-konstrukcyjne-36-sztuk-niebieskie\/#breadcrumb"},"inLanguage":"en-US","potentialAction":[{"@type":"ReadAction","target":["https:\/\/wigstore-nzk.com\/produkt\/paski-konstrukcyjne-36-sztuk-niebieskie\/"]}]},{"@type":"ImageObject","inLanguage":"en-US","@id":"https:\/\/wigstore-nzk.com\/produkt\/paski-konstrukcyjne-36-sztuk-niebieskie\/#primaryimage","url":"https:\/\/wigstore-nzk.com\/wp-content\/uploads\/2025\/05\/36_1.png","contentUrl":"https:\/\/wigstore-nzk.com\/wp-content\/uploads\/2025\/05\/36_1.png","width":1080,"height":1527,"caption":"Paski konstrukcyjne 36 sztuk niebieskie"},{"@type":"BreadcrumbList","@id":"https:\/\/wigstore-nzk.com\/produkt\/paski-konstrukcyjne-36-sztuk-niebieskie\/#breadcrumb","itemListElement":[{"@type":"ListItem","position":1,"name":"Strona g\u0142\u00f3wna","item":"https:\/\/wigstore-nzk.com\/"},{"@type":"ListItem","position":2,"name":"Sklep","item":"https:\/\/wigstore-nzk.com\/sklep\/"},{"@type":"ListItem","position":3,"name":"Paski konstrukcyjne 36 sztuk niebieskie"}]},{"@type":"WebSite","@id":"https:\/\/wigstore-nzk.com\/#website","url":"https:\/\/wigstore-nzk.com\/","name":"NZK-Wigstore","description":"","potentialAction":[{"@type":"SearchAction","target":{"@type":"EntryPoint","urlTemplate":"https:\/\/wigstore-nzk.com\/?s={search_term_string}"},"query-input":{"@type":"PropertyValueSpecification","valueRequired":true,"valueName":"search_term_string"}}],"inLanguage":"en-US"}]}},"_links":{"self":[{"href":"https:\/\/wigstore-nzk.com\/en\/wp-json\/wp\/v2\/product\/2416","targetHints":{"allow":["GET"]}}],"collection":[{"href":"https:\/\/wigstore-nzk.com\/en\/wp-json\/wp\/v2\/product"}],"about":[{"href":"https:\/\/wigstore-nzk.com\/en\/wp-json\/wp\/v2\/types\/product"}],"version-history":[{"count":2,"href":"https:\/\/wigstore-nzk.com\/en\/wp-json\/wp\/v2\/product\/2416\/revisions"}],"predecessor-version":[{"id":2529,"href":"https:\/\/wigstore-nzk.com\/en\/wp-json\/wp\/v2\/product\/2416\/revisions\/2529"}],"wp:featuredmedia":[{"embeddable":true,"href":"https:\/\/wigstore-nzk.com\/en\/wp-json\/wp\/v2\/media\/2414"}],"wp:attachment":[{"href":"https:\/\/wigstore-nzk.com\/en\/wp-json\/wp\/v2\/media?parent=2416"}],"wp:term":[{"taxonomy":"product_brand","embeddable":true,"href":"https:\/\/wigstore-nzk.com\/en\/wp-json\/wp\/v2\/product_brand?post=2416"},{"taxonomy":"product_cat","embeddable":true,"href":"https:\/\/wigstore-nzk.com\/en\/wp-json\/wp\/v2\/product_cat?post=2416"},{"taxonomy":"product_tag","embeddable":true,"href":"https:\/\/wigstore-nzk.com\/en\/wp-json\/wp\/v2\/product_tag?post=2416"}],"curies":[{"name":"wp","href":"https:\/\/api.w.org\/{rel}","templated":true}]}}