{"id":2426,"date":"2025-05-15T19:59:55","date_gmt":"2025-05-15T17:59:55","guid":{"rendered":"https:\/\/wigstore-nzk.com\/?post_type=product&#038;p=2426"},"modified":"2026-02-20T18:41:15","modified_gmt":"2026-02-20T17:41:15","slug":"balsam-belle-madame-do-wlosow-naturalnych","status":"publish","type":"product","link":"https:\/\/wigstore-nzk.com\/en\/product\/balsam-belle-madame-do-wlosow-naturalnych\/","title":{"rendered":"Balsam Belle Madame do peruk z w\u0142os\u00f3w naturalnych"},"content":{"rendered":"<p>Balsam Belle Madame do w\u0142os\u00f3w naturalnych to regeneruj\u0105cy i od\u017cywczy balsam do zniszczonych w\u0142os\u00f3w, wydobywaj\u0105cy ich naturalne pi\u0119kno. Balsam dostarcza zewn\u0119trznym \u0142uskom w\u0142os\u00f3w intensywnie nawil\u017caj\u0105ce sk\u0142adniki, olej jojoba i mas\u0142o shea. W\u0142osy s\u0105 natychmiast wyg\u0142adzane, jedwabiste i \u0142atwe do rozczesania. Mas\u0142o shea zapewnia r\u00f3wnie\u017c naturalny po\u0142ysk bez obci\u0105\u017cania w\u0142os\u00f3w. Szczeg\u00f3lnie nadaje si\u0119 do piel\u0119gnacji w\u0142os\u00f3w ludzkich poddanych obr\u00f3bce chemicznej lub farbowanych.<\/p>\n<p>EFEKT<br \/>\nOd\u017cywczy i regeneruj\u0105cy balsam. Wyg\u0142adza struktur\u0119 w\u0142os\u00f3w i zapewnia w\u0142osom naturalne nawil\u017cenie.<\/p>","protected":false},"excerpt":{"rendered":"<p>Balsam Belle Madame do w\u0142os\u00f3w naturalnych &#8211; Od\u017cywczy i regeneruj\u0105cy balsam. Wyg\u0142adza struktur\u0119 w\u0142os\u00f3w i zapewnia w\u0142osom naturalne nawil\u017cenie.<\/p>","protected":false},"featured_media":2427,"template":"","meta":[],"product_brand":[],"product_cat":[367,43],"product_tag":[76,100,349],"class_list":{"0":"post-2426","1":"product","2":"type-product","3":"status-publish","4":"has-post-thumbnail","6":"product_cat-kosmetyki","7":"product_cat-szampony-i-odzywki","8":"product_tag-akcesoria-perukarskie","9":"product_tag-pielegnacja-peruk","10":"product_tag-szampon","12":"first","13":"instock","14":"taxable","15":"shipping-taxable","16":"purchasable","17":"product-type-simple"},"yoast_head":"<!-- This site is optimized with the Yoast SEO Premium plugin v24.5 (Yoast SEO v27.5) - https:\/\/yoast.com\/product\/yoast-seo-premium-wordpress\/ -->\n<title>Balsam Belle Madame do peruk z w\u0142os\u00f3w naturalnych - NZK-Wigstore<\/title>\n<meta name=\"description\" content=\"Od\u017cywczy i regeneruj\u0105cy balsam. Wyg\u0142adza struktur\u0119 w\u0142os\u00f3w i zapewnia w\u0142osom naturalne nawil\u017cenie.\" \/>\n<meta name=\"robots\" content=\"index, follow, max-snippet:-1, max-image-preview:large, max-video-preview:-1\" \/>\n<link rel=\"canonical\" href=\"https:\/\/wigstore-nzk.com\/en\/product\/balsam-belle-madame-do-wlosow-naturalnych\/\" \/>\n<meta property=\"og:locale\" content=\"en_US\" \/>\n<meta property=\"og:type\" content=\"article\" \/>\n<meta property=\"og:title\" content=\"Balsam Belle Madame do peruk z w\u0142os\u00f3w naturalnych\" \/>\n<meta property=\"og:description\" content=\"Od\u017cywczy i regeneruj\u0105cy balsam. Wyg\u0142adza struktur\u0119 w\u0142os\u00f3w i zapewnia w\u0142osom naturalne nawil\u017cenie.\" \/>\n<meta property=\"og:url\" content=\"https:\/\/wigstore-nzk.com\/en\/product\/balsam-belle-madame-do-wlosow-naturalnych\/\" \/>\n<meta property=\"og:site_name\" content=\"NZK-Wigstore\" \/>\n<meta property=\"article:modified_time\" content=\"2026-02-20T17:41:15+00:00\" \/>\n<meta property=\"og:image\" content=\"https:\/\/wigstore-nzk.com\/wp-content\/uploads\/2025\/05\/33B_1.jpg\" \/>\n\t<meta property=\"og:image:width\" content=\"419\" \/>\n\t<meta property=\"og:image:height\" content=\"643\" \/>\n\t<meta property=\"og:image:type\" content=\"image\/jpeg\" \/>\n<meta name=\"twitter:card\" content=\"summary_large_image\" \/>\n<meta name=\"twitter:label1\" content=\"Est. reading time\" \/>\n\t<meta name=\"twitter:data1\" content=\"1 minute\" \/>\n<script type=\"application\/ld+json\" class=\"yoast-schema-graph\">{\"@context\":\"https:\\\/\\\/schema.org\",\"@graph\":[{\"@type\":\"WebPage\",\"@id\":\"https:\\\/\\\/wigstore-nzk.com\\\/produkt\\\/balsam-belle-madame-do-wlosow-naturalnych\\\/\",\"url\":\"https:\\\/\\\/wigstore-nzk.com\\\/produkt\\\/balsam-belle-madame-do-wlosow-naturalnych\\\/\",\"name\":\"Balsam Belle Madame do peruk z w\u0142os\u00f3w naturalnych - NZK-Wigstore\",\"isPartOf\":{\"@id\":\"https:\\\/\\\/wigstore-nzk.com\\\/#website\"},\"primaryImageOfPage\":{\"@id\":\"https:\\\/\\\/wigstore-nzk.com\\\/produkt\\\/balsam-belle-madame-do-wlosow-naturalnych\\\/#primaryimage\"},\"image\":{\"@id\":\"https:\\\/\\\/wigstore-nzk.com\\\/produkt\\\/balsam-belle-madame-do-wlosow-naturalnych\\\/#primaryimage\"},\"thumbnailUrl\":\"https:\\\/\\\/wigstore-nzk.com\\\/wp-content\\\/uploads\\\/2025\\\/05\\\/33B_1.jpg\",\"datePublished\":\"2025-05-15T17:59:55+00:00\",\"dateModified\":\"2026-02-20T17:41:15+00:00\",\"description\":\"Od\u017cywczy i regeneruj\u0105cy balsam. Wyg\u0142adza struktur\u0119 w\u0142os\u00f3w i zapewnia w\u0142osom naturalne nawil\u017cenie.\",\"breadcrumb\":{\"@id\":\"https:\\\/\\\/wigstore-nzk.com\\\/produkt\\\/balsam-belle-madame-do-wlosow-naturalnych\\\/#breadcrumb\"},\"inLanguage\":\"en-US\",\"potentialAction\":[{\"@type\":\"ReadAction\",\"target\":[\"https:\\\/\\\/wigstore-nzk.com\\\/produkt\\\/balsam-belle-madame-do-wlosow-naturalnych\\\/\"]}]},{\"@type\":\"ImageObject\",\"inLanguage\":\"en-US\",\"@id\":\"https:\\\/\\\/wigstore-nzk.com\\\/produkt\\\/balsam-belle-madame-do-wlosow-naturalnych\\\/#primaryimage\",\"url\":\"https:\\\/\\\/wigstore-nzk.com\\\/wp-content\\\/uploads\\\/2025\\\/05\\\/33B_1.jpg\",\"contentUrl\":\"https:\\\/\\\/wigstore-nzk.com\\\/wp-content\\\/uploads\\\/2025\\\/05\\\/33B_1.jpg\",\"width\":419,\"height\":643,\"caption\":\"Balsam belle madame\"},{\"@type\":\"BreadcrumbList\",\"@id\":\"https:\\\/\\\/wigstore-nzk.com\\\/produkt\\\/balsam-belle-madame-do-wlosow-naturalnych\\\/#breadcrumb\",\"itemListElement\":[{\"@type\":\"ListItem\",\"position\":1,\"name\":\"Strona g\u0142\u00f3wna\",\"item\":\"https:\\\/\\\/wigstore-nzk.com\\\/\"},{\"@type\":\"ListItem\",\"position\":2,\"name\":\"Sklep\",\"item\":\"https:\\\/\\\/wigstore-nzk.com\\\/sklep\\\/\"},{\"@type\":\"ListItem\",\"position\":3,\"name\":\"Balsam Belle Madame do peruk z w\u0142os\u00f3w naturalnych\"}]},{\"@type\":\"WebSite\",\"@id\":\"https:\\\/\\\/wigstore-nzk.com\\\/#website\",\"url\":\"https:\\\/\\\/wigstore-nzk.com\\\/\",\"name\":\"NZK-Wigstore\",\"description\":\"\",\"potentialAction\":[{\"@type\":\"SearchAction\",\"target\":{\"@type\":\"EntryPoint\",\"urlTemplate\":\"https:\\\/\\\/wigstore-nzk.com\\\/?s={search_term_string}\"},\"query-input\":{\"@type\":\"PropertyValueSpecification\",\"valueRequired\":true,\"valueName\":\"search_term_string\"}}],\"inLanguage\":\"en-US\"}]}<\/script>\n<!-- \/ Yoast SEO Premium plugin. -->","yoast_head_json":{"title":"Balsam Belle Madame do peruk z w\u0142os\u00f3w naturalnych - NZK-Wigstore","description":"Od\u017cywczy i regeneruj\u0105cy balsam. Wyg\u0142adza struktur\u0119 w\u0142os\u00f3w i zapewnia w\u0142osom naturalne nawil\u017cenie.","robots":{"index":"index","follow":"follow","max-snippet":"max-snippet:-1","max-image-preview":"max-image-preview:large","max-video-preview":"max-video-preview:-1"},"canonical":"https:\/\/wigstore-nzk.com\/en\/product\/balsam-belle-madame-do-wlosow-naturalnych\/","og_locale":"en_US","og_type":"article","og_title":"Balsam Belle Madame do peruk z w\u0142os\u00f3w naturalnych","og_description":"Od\u017cywczy i regeneruj\u0105cy balsam. Wyg\u0142adza struktur\u0119 w\u0142os\u00f3w i zapewnia w\u0142osom naturalne nawil\u017cenie.","og_url":"https:\/\/wigstore-nzk.com\/en\/product\/balsam-belle-madame-do-wlosow-naturalnych\/","og_site_name":"NZK-Wigstore","article_modified_time":"2026-02-20T17:41:15+00:00","og_image":[{"width":419,"height":643,"url":"https:\/\/wigstore-nzk.com\/wp-content\/uploads\/2025\/05\/33B_1.jpg","type":"image\/jpeg"}],"twitter_card":"summary_large_image","twitter_misc":{"Est. reading time":"1 minute"},"schema":{"@context":"https:\/\/schema.org","@graph":[{"@type":"WebPage","@id":"https:\/\/wigstore-nzk.com\/produkt\/balsam-belle-madame-do-wlosow-naturalnych\/","url":"https:\/\/wigstore-nzk.com\/produkt\/balsam-belle-madame-do-wlosow-naturalnych\/","name":"Balsam Belle Madame do peruk z w\u0142os\u00f3w naturalnych - NZK-Wigstore","isPartOf":{"@id":"https:\/\/wigstore-nzk.com\/#website"},"primaryImageOfPage":{"@id":"https:\/\/wigstore-nzk.com\/produkt\/balsam-belle-madame-do-wlosow-naturalnych\/#primaryimage"},"image":{"@id":"https:\/\/wigstore-nzk.com\/produkt\/balsam-belle-madame-do-wlosow-naturalnych\/#primaryimage"},"thumbnailUrl":"https:\/\/wigstore-nzk.com\/wp-content\/uploads\/2025\/05\/33B_1.jpg","datePublished":"2025-05-15T17:59:55+00:00","dateModified":"2026-02-20T17:41:15+00:00","description":"Od\u017cywczy i regeneruj\u0105cy balsam. Wyg\u0142adza struktur\u0119 w\u0142os\u00f3w i zapewnia w\u0142osom naturalne nawil\u017cenie.","breadcrumb":{"@id":"https:\/\/wigstore-nzk.com\/produkt\/balsam-belle-madame-do-wlosow-naturalnych\/#breadcrumb"},"inLanguage":"en-US","potentialAction":[{"@type":"ReadAction","target":["https:\/\/wigstore-nzk.com\/produkt\/balsam-belle-madame-do-wlosow-naturalnych\/"]}]},{"@type":"ImageObject","inLanguage":"en-US","@id":"https:\/\/wigstore-nzk.com\/produkt\/balsam-belle-madame-do-wlosow-naturalnych\/#primaryimage","url":"https:\/\/wigstore-nzk.com\/wp-content\/uploads\/2025\/05\/33B_1.jpg","contentUrl":"https:\/\/wigstore-nzk.com\/wp-content\/uploads\/2025\/05\/33B_1.jpg","width":419,"height":643,"caption":"Balsam belle madame"},{"@type":"BreadcrumbList","@id":"https:\/\/wigstore-nzk.com\/produkt\/balsam-belle-madame-do-wlosow-naturalnych\/#breadcrumb","itemListElement":[{"@type":"ListItem","position":1,"name":"Strona g\u0142\u00f3wna","item":"https:\/\/wigstore-nzk.com\/"},{"@type":"ListItem","position":2,"name":"Sklep","item":"https:\/\/wigstore-nzk.com\/sklep\/"},{"@type":"ListItem","position":3,"name":"Balsam Belle Madame do peruk z w\u0142os\u00f3w naturalnych"}]},{"@type":"WebSite","@id":"https:\/\/wigstore-nzk.com\/#website","url":"https:\/\/wigstore-nzk.com\/","name":"NZK-Wigstore","description":"","potentialAction":[{"@type":"SearchAction","target":{"@type":"EntryPoint","urlTemplate":"https:\/\/wigstore-nzk.com\/?s={search_term_string}"},"query-input":{"@type":"PropertyValueSpecification","valueRequired":true,"valueName":"search_term_string"}}],"inLanguage":"en-US"}]}},"_links":{"self":[{"href":"https:\/\/wigstore-nzk.com\/en\/wp-json\/wp\/v2\/product\/2426","targetHints":{"allow":["GET"]}}],"collection":[{"href":"https:\/\/wigstore-nzk.com\/en\/wp-json\/wp\/v2\/product"}],"about":[{"href":"https:\/\/wigstore-nzk.com\/en\/wp-json\/wp\/v2\/types\/product"}],"version-history":[{"count":2,"href":"https:\/\/wigstore-nzk.com\/en\/wp-json\/wp\/v2\/product\/2426\/revisions"}],"predecessor-version":[{"id":2548,"href":"https:\/\/wigstore-nzk.com\/en\/wp-json\/wp\/v2\/product\/2426\/revisions\/2548"}],"wp:featuredmedia":[{"embeddable":true,"href":"https:\/\/wigstore-nzk.com\/en\/wp-json\/wp\/v2\/media\/2427"}],"wp:attachment":[{"href":"https:\/\/wigstore-nzk.com\/en\/wp-json\/wp\/v2\/media?parent=2426"}],"wp:term":[{"taxonomy":"product_brand","embeddable":true,"href":"https:\/\/wigstore-nzk.com\/en\/wp-json\/wp\/v2\/product_brand?post=2426"},{"taxonomy":"product_cat","embeddable":true,"href":"https:\/\/wigstore-nzk.com\/en\/wp-json\/wp\/v2\/product_cat?post=2426"},{"taxonomy":"product_tag","embeddable":true,"href":"https:\/\/wigstore-nzk.com\/en\/wp-json\/wp\/v2\/product_tag?post=2426"}],"curies":[{"name":"wp","href":"https:\/\/api.w.org\/{rel}","templated":true}]}}