{"id":2434,"date":"2025-05-15T20:21:26","date_gmt":"2025-05-15T18:21:26","guid":{"rendered":"https:\/\/wigstore-nzk.com\/?post_type=product&#038;p=2434"},"modified":"2025-11-06T18:12:11","modified_gmt":"2025-11-06T17:12:11","slug":"spray-antystatyczny-do-wlosow-belle-madame","status":"publish","type":"product","link":"https:\/\/wigstore-nzk.com\/en\/product\/spray-antystatyczny-do-wlosow-belle-madame\/","title":{"rendered":"Spray antystatyczny do w\u0142os\u00f3w Belle Madame"},"content":{"rendered":"<p>Spray antystatyczny do w\u0142os\u00f3w Belle Madame &#8211; zapobiega elektryzowaniu si\u0119 w\u0142os\u00f3w, nadaje im g\u0142adko\u015b\u0107 i po\u0142ysk. Spray nadaje si\u0119 do stosowania na w\u0142osach naturalnych i syntetycznych, a tak\u017ce na w\u0142osach platynowych (mieszanych) i jest szczeg\u00f3lnie polecany do w\u0142os\u00f3w syntetycznych, odpornych na wysok\u0105 temperatur\u0119.<\/p>","protected":false},"excerpt":{"rendered":"<p>Spray antystatyczny do w\u0142os\u00f3w Belle Madame &#8211; zapobiega elektryzowaniu si\u0119 w\u0142os\u00f3w, nadaje im g\u0142adko\u015b\u0107 i po\u0142ysk. Spray nadaje si\u0119 do stosowania na w\u0142osach naturalnych i syntetycznych, a tak\u017ce na w\u0142osach platynowych (mieszanych) i jest szczeg\u00f3lnie polecany do w\u0142os\u00f3w syntetycznych, odpornych na wysok\u0105 temperatur\u0119.<\/p>","protected":false},"featured_media":2435,"template":"","meta":[],"product_brand":[],"product_cat":[367,43],"product_tag":[76,100,349],"class_list":{"0":"post-2434","1":"product","2":"type-product","3":"status-publish","4":"has-post-thumbnail","6":"product_cat-kosmetyki","7":"product_cat-szampony-i-odzywki","8":"product_tag-akcesoria-perukarskie","9":"product_tag-pielegnacja-peruk","10":"product_tag-szampon","12":"first","13":"instock","14":"taxable","15":"shipping-taxable","16":"purchasable","17":"product-type-simple"},"yoast_head":"<!-- This site is optimized with the Yoast SEO Premium plugin v24.5 (Yoast SEO v27.5) - https:\/\/yoast.com\/product\/yoast-seo-premium-wordpress\/ -->\n<title>Spray antystatyczny do w\u0142os\u00f3w Belle Madame - NZK-Wigstore<\/title>\n<meta name=\"description\" content=\"Zapobiega elektryzowaniu si\u0119 w\u0142os\u00f3w, nadaje im g\u0142adko\u015b\u0107 i po\u0142ysk. Spray nadaje si\u0119 do stosowania na w\u0142osach naturalnych i syntetycznych\" \/>\n<meta name=\"robots\" content=\"index, follow, max-snippet:-1, max-image-preview:large, max-video-preview:-1\" \/>\n<link rel=\"canonical\" href=\"https:\/\/wigstore-nzk.com\/en\/product\/spray-antystatyczny-do-wlosow-belle-madame\/\" \/>\n<meta property=\"og:locale\" content=\"en_US\" \/>\n<meta property=\"og:type\" content=\"article\" \/>\n<meta property=\"og:title\" content=\"Spray antystatyczny do w\u0142os\u00f3w Belle Madame\" \/>\n<meta property=\"og:description\" content=\"Zapobiega elektryzowaniu si\u0119 w\u0142os\u00f3w, nadaje im g\u0142adko\u015b\u0107 i po\u0142ysk. Spray nadaje si\u0119 do stosowania na w\u0142osach naturalnych i syntetycznych\" \/>\n<meta property=\"og:url\" content=\"https:\/\/wigstore-nzk.com\/en\/product\/spray-antystatyczny-do-wlosow-belle-madame\/\" \/>\n<meta property=\"og:site_name\" content=\"NZK-Wigstore\" \/>\n<meta property=\"article:modified_time\" content=\"2025-11-06T17:12:11+00:00\" \/>\n<meta property=\"og:image\" content=\"https:\/\/wigstore-nzk.com\/wp-content\/uploads\/2025\/05\/33F_1.jpg\" \/>\n\t<meta property=\"og:image:width\" content=\"412\" \/>\n\t<meta property=\"og:image:height\" content=\"599\" \/>\n\t<meta property=\"og:image:type\" content=\"image\/jpeg\" \/>\n<meta name=\"twitter:card\" content=\"summary_large_image\" \/>\n<meta name=\"twitter:label1\" content=\"Est. reading time\" \/>\n\t<meta name=\"twitter:data1\" content=\"1 minute\" \/>\n<script type=\"application\/ld+json\" class=\"yoast-schema-graph\">{\"@context\":\"https:\\\/\\\/schema.org\",\"@graph\":[{\"@type\":\"WebPage\",\"@id\":\"https:\\\/\\\/wigstore-nzk.com\\\/produkt\\\/spray-antystatyczny-do-wlosow-belle-madame\\\/\",\"url\":\"https:\\\/\\\/wigstore-nzk.com\\\/produkt\\\/spray-antystatyczny-do-wlosow-belle-madame\\\/\",\"name\":\"Spray antystatyczny do w\u0142os\u00f3w Belle Madame - NZK-Wigstore\",\"isPartOf\":{\"@id\":\"https:\\\/\\\/wigstore-nzk.com\\\/#website\"},\"primaryImageOfPage\":{\"@id\":\"https:\\\/\\\/wigstore-nzk.com\\\/produkt\\\/spray-antystatyczny-do-wlosow-belle-madame\\\/#primaryimage\"},\"image\":{\"@id\":\"https:\\\/\\\/wigstore-nzk.com\\\/produkt\\\/spray-antystatyczny-do-wlosow-belle-madame\\\/#primaryimage\"},\"thumbnailUrl\":\"https:\\\/\\\/wigstore-nzk.com\\\/wp-content\\\/uploads\\\/2025\\\/05\\\/33F_1.jpg\",\"datePublished\":\"2025-05-15T18:21:26+00:00\",\"dateModified\":\"2025-11-06T17:12:11+00:00\",\"description\":\"Zapobiega elektryzowaniu si\u0119 w\u0142os\u00f3w, nadaje im g\u0142adko\u015b\u0107 i po\u0142ysk. Spray nadaje si\u0119 do stosowania na w\u0142osach naturalnych i syntetycznych\",\"breadcrumb\":{\"@id\":\"https:\\\/\\\/wigstore-nzk.com\\\/produkt\\\/spray-antystatyczny-do-wlosow-belle-madame\\\/#breadcrumb\"},\"inLanguage\":\"en-US\",\"potentialAction\":[{\"@type\":\"ReadAction\",\"target\":[\"https:\\\/\\\/wigstore-nzk.com\\\/produkt\\\/spray-antystatyczny-do-wlosow-belle-madame\\\/\"]}]},{\"@type\":\"ImageObject\",\"inLanguage\":\"en-US\",\"@id\":\"https:\\\/\\\/wigstore-nzk.com\\\/produkt\\\/spray-antystatyczny-do-wlosow-belle-madame\\\/#primaryimage\",\"url\":\"https:\\\/\\\/wigstore-nzk.com\\\/wp-content\\\/uploads\\\/2025\\\/05\\\/33F_1.jpg\",\"contentUrl\":\"https:\\\/\\\/wigstore-nzk.com\\\/wp-content\\\/uploads\\\/2025\\\/05\\\/33F_1.jpg\",\"width\":412,\"height\":599,\"caption\":\"Spray antystatyczny do w\u0142os\u00f3w Belle Madame\"},{\"@type\":\"BreadcrumbList\",\"@id\":\"https:\\\/\\\/wigstore-nzk.com\\\/produkt\\\/spray-antystatyczny-do-wlosow-belle-madame\\\/#breadcrumb\",\"itemListElement\":[{\"@type\":\"ListItem\",\"position\":1,\"name\":\"Strona g\u0142\u00f3wna\",\"item\":\"https:\\\/\\\/wigstore-nzk.com\\\/\"},{\"@type\":\"ListItem\",\"position\":2,\"name\":\"Sklep\",\"item\":\"https:\\\/\\\/wigstore-nzk.com\\\/sklep\\\/\"},{\"@type\":\"ListItem\",\"position\":3,\"name\":\"Spray antystatyczny do w\u0142os\u00f3w Belle Madame\"}]},{\"@type\":\"WebSite\",\"@id\":\"https:\\\/\\\/wigstore-nzk.com\\\/#website\",\"url\":\"https:\\\/\\\/wigstore-nzk.com\\\/\",\"name\":\"NZK-Wigstore\",\"description\":\"\",\"potentialAction\":[{\"@type\":\"SearchAction\",\"target\":{\"@type\":\"EntryPoint\",\"urlTemplate\":\"https:\\\/\\\/wigstore-nzk.com\\\/?s={search_term_string}\"},\"query-input\":{\"@type\":\"PropertyValueSpecification\",\"valueRequired\":true,\"valueName\":\"search_term_string\"}}],\"inLanguage\":\"en-US\"}]}<\/script>\n<!-- \/ Yoast SEO Premium plugin. -->","yoast_head_json":{"title":"Spray antystatyczny do w\u0142os\u00f3w Belle Madame - NZK-Wigstore","description":"Zapobiega elektryzowaniu si\u0119 w\u0142os\u00f3w, nadaje im g\u0142adko\u015b\u0107 i po\u0142ysk. Spray nadaje si\u0119 do stosowania na w\u0142osach naturalnych i syntetycznych","robots":{"index":"index","follow":"follow","max-snippet":"max-snippet:-1","max-image-preview":"max-image-preview:large","max-video-preview":"max-video-preview:-1"},"canonical":"https:\/\/wigstore-nzk.com\/en\/product\/spray-antystatyczny-do-wlosow-belle-madame\/","og_locale":"en_US","og_type":"article","og_title":"Spray antystatyczny do w\u0142os\u00f3w Belle Madame","og_description":"Zapobiega elektryzowaniu si\u0119 w\u0142os\u00f3w, nadaje im g\u0142adko\u015b\u0107 i po\u0142ysk. Spray nadaje si\u0119 do stosowania na w\u0142osach naturalnych i syntetycznych","og_url":"https:\/\/wigstore-nzk.com\/en\/product\/spray-antystatyczny-do-wlosow-belle-madame\/","og_site_name":"NZK-Wigstore","article_modified_time":"2025-11-06T17:12:11+00:00","og_image":[{"width":412,"height":599,"url":"https:\/\/wigstore-nzk.com\/wp-content\/uploads\/2025\/05\/33F_1.jpg","type":"image\/jpeg"}],"twitter_card":"summary_large_image","twitter_misc":{"Est. reading time":"1 minute"},"schema":{"@context":"https:\/\/schema.org","@graph":[{"@type":"WebPage","@id":"https:\/\/wigstore-nzk.com\/produkt\/spray-antystatyczny-do-wlosow-belle-madame\/","url":"https:\/\/wigstore-nzk.com\/produkt\/spray-antystatyczny-do-wlosow-belle-madame\/","name":"Spray antystatyczny do w\u0142os\u00f3w Belle Madame - NZK-Wigstore","isPartOf":{"@id":"https:\/\/wigstore-nzk.com\/#website"},"primaryImageOfPage":{"@id":"https:\/\/wigstore-nzk.com\/produkt\/spray-antystatyczny-do-wlosow-belle-madame\/#primaryimage"},"image":{"@id":"https:\/\/wigstore-nzk.com\/produkt\/spray-antystatyczny-do-wlosow-belle-madame\/#primaryimage"},"thumbnailUrl":"https:\/\/wigstore-nzk.com\/wp-content\/uploads\/2025\/05\/33F_1.jpg","datePublished":"2025-05-15T18:21:26+00:00","dateModified":"2025-11-06T17:12:11+00:00","description":"Zapobiega elektryzowaniu si\u0119 w\u0142os\u00f3w, nadaje im g\u0142adko\u015b\u0107 i po\u0142ysk. Spray nadaje si\u0119 do stosowania na w\u0142osach naturalnych i syntetycznych","breadcrumb":{"@id":"https:\/\/wigstore-nzk.com\/produkt\/spray-antystatyczny-do-wlosow-belle-madame\/#breadcrumb"},"inLanguage":"en-US","potentialAction":[{"@type":"ReadAction","target":["https:\/\/wigstore-nzk.com\/produkt\/spray-antystatyczny-do-wlosow-belle-madame\/"]}]},{"@type":"ImageObject","inLanguage":"en-US","@id":"https:\/\/wigstore-nzk.com\/produkt\/spray-antystatyczny-do-wlosow-belle-madame\/#primaryimage","url":"https:\/\/wigstore-nzk.com\/wp-content\/uploads\/2025\/05\/33F_1.jpg","contentUrl":"https:\/\/wigstore-nzk.com\/wp-content\/uploads\/2025\/05\/33F_1.jpg","width":412,"height":599,"caption":"Spray antystatyczny do w\u0142os\u00f3w Belle Madame"},{"@type":"BreadcrumbList","@id":"https:\/\/wigstore-nzk.com\/produkt\/spray-antystatyczny-do-wlosow-belle-madame\/#breadcrumb","itemListElement":[{"@type":"ListItem","position":1,"name":"Strona g\u0142\u00f3wna","item":"https:\/\/wigstore-nzk.com\/"},{"@type":"ListItem","position":2,"name":"Sklep","item":"https:\/\/wigstore-nzk.com\/sklep\/"},{"@type":"ListItem","position":3,"name":"Spray antystatyczny do w\u0142os\u00f3w Belle Madame"}]},{"@type":"WebSite","@id":"https:\/\/wigstore-nzk.com\/#website","url":"https:\/\/wigstore-nzk.com\/","name":"NZK-Wigstore","description":"","potentialAction":[{"@type":"SearchAction","target":{"@type":"EntryPoint","urlTemplate":"https:\/\/wigstore-nzk.com\/?s={search_term_string}"},"query-input":{"@type":"PropertyValueSpecification","valueRequired":true,"valueName":"search_term_string"}}],"inLanguage":"en-US"}]}},"_links":{"self":[{"href":"https:\/\/wigstore-nzk.com\/en\/wp-json\/wp\/v2\/product\/2434","targetHints":{"allow":["GET"]}}],"collection":[{"href":"https:\/\/wigstore-nzk.com\/en\/wp-json\/wp\/v2\/product"}],"about":[{"href":"https:\/\/wigstore-nzk.com\/en\/wp-json\/wp\/v2\/types\/product"}],"version-history":[{"count":1,"href":"https:\/\/wigstore-nzk.com\/en\/wp-json\/wp\/v2\/product\/2434\/revisions"}],"predecessor-version":[{"id":2437,"href":"https:\/\/wigstore-nzk.com\/en\/wp-json\/wp\/v2\/product\/2434\/revisions\/2437"}],"wp:featuredmedia":[{"embeddable":true,"href":"https:\/\/wigstore-nzk.com\/en\/wp-json\/wp\/v2\/media\/2435"}],"wp:attachment":[{"href":"https:\/\/wigstore-nzk.com\/en\/wp-json\/wp\/v2\/media?parent=2434"}],"wp:term":[{"taxonomy":"product_brand","embeddable":true,"href":"https:\/\/wigstore-nzk.com\/en\/wp-json\/wp\/v2\/product_brand?post=2434"},{"taxonomy":"product_cat","embeddable":true,"href":"https:\/\/wigstore-nzk.com\/en\/wp-json\/wp\/v2\/product_cat?post=2434"},{"taxonomy":"product_tag","embeddable":true,"href":"https:\/\/wigstore-nzk.com\/en\/wp-json\/wp\/v2\/product_tag?post=2434"}],"curies":[{"name":"wp","href":"https:\/\/api.w.org\/{rel}","templated":true}]}}