{"id":2438,"date":"2025-05-15T20:27:21","date_gmt":"2025-05-15T18:27:21","guid":{"rendered":"https:\/\/wigstore-nzk.com\/?post_type=product&#038;p=2438"},"modified":"2025-11-06T18:11:19","modified_gmt":"2025-11-06T17:11:19","slug":"odzywka-bez-splukiwania-belle-madame","status":"publish","type":"product","link":"https:\/\/wigstore-nzk.com\/en\/product\/odzywka-bez-splukiwania-belle-madame\/","title":{"rendered":"Od\u017cywka bez sp\u0142ukiwania Belle Madame"},"content":{"rendered":"<p>Od\u017cywka bez sp\u0142ukiwania Belle Madame to rewitalizuj\u0105ca od\u017cywka, kt\u00f3ra dzi\u0119ki swojej innowacyjnej formule piel\u0119gnacyjnej z olejem jojoba i mas\u0142em shea pomaga w przypadku suchych i \u0142amliwych w\u0142os\u00f3w. Struktura w\u0142os\u00f3w jest widocznie poprawiona. \u0141amliwe ko\u0144c\u00f3wki s\u0105 wyg\u0142adzone, w\u0142osy staj\u0105 si\u0119 mi\u0119kkie i proste. LEAVE-IN CONDITIONER chroni w\u0142osy przed wysuszeniem i zapobiega elektryzowaniu si\u0119. W\u0142osy staj\u0105 si\u0119 \u0142atwe do rozczesania. Szczeg\u00f3lnie nadaje si\u0119 do zwi\u0119kszonych potrzeb piel\u0119gnacyjnych w\u0142os\u00f3w ludzkich poddanych obr\u00f3bce chemicznej lub farbowanych.<br \/>\nEFEKT<br \/>\nIntensywnie od\u017cywcza od\u017cywka bez sp\u0142ukiwania. Zapewnia g\u0142adkie i proste w\u0142osy, chroni przed wysuszeniem i u\u0142atwia rozczesywanie.<\/p>","protected":false},"excerpt":{"rendered":"<p>Od\u017cywka bez sp\u0142ukiwania Belle Madame z olejem jojoba i mas\u0142em shea intensywnie nawil\u017ca, wyg\u0142adza ko\u0144c\u00f3wki i u\u0142atwia rozczesywanie. Idealna do suchych, farbowanych i chemicznie poddanych w\u0142os\u00f3w.<\/p>","protected":false},"featured_media":2439,"template":"","meta":[],"product_brand":[],"product_cat":[367,43],"product_tag":[76,100,349],"class_list":{"0":"post-2438","1":"product","2":"type-product","3":"status-publish","4":"has-post-thumbnail","6":"product_cat-kosmetyki","7":"product_cat-szampony-i-odzywki","8":"product_tag-akcesoria-perukarskie","9":"product_tag-pielegnacja-peruk","10":"product_tag-szampon","12":"first","13":"instock","14":"taxable","15":"shipping-taxable","16":"purchasable","17":"product-type-simple"},"yoast_head":"<!-- This site is optimized with the Yoast SEO Premium plugin v24.5 (Yoast SEO v27.5) - https:\/\/yoast.com\/product\/yoast-seo-premium-wordpress\/ -->\n<title>Od\u017cywka bez sp\u0142ukiwania Belle Madame - NZK-Wigstore<\/title>\n<meta name=\"description\" content=\"Od\u017cywka bez sp\u0142ukiwania z olejem jojoba i mas\u0142em shea intensywnie nawil\u017ca, wyg\u0142adza ko\u0144c\u00f3wki i u\u0142atwia rozczesywanie.\" \/>\n<meta name=\"robots\" content=\"index, follow, max-snippet:-1, max-image-preview:large, max-video-preview:-1\" \/>\n<link rel=\"canonical\" href=\"https:\/\/wigstore-nzk.com\/en\/product\/odzywka-bez-splukiwania-belle-madame\/\" \/>\n<meta property=\"og:locale\" content=\"en_US\" \/>\n<meta property=\"og:type\" content=\"article\" \/>\n<meta property=\"og:title\" content=\"Od\u017cywka bez sp\u0142ukiwania Belle Madame\" \/>\n<meta property=\"og:description\" content=\"Od\u017cywka bez sp\u0142ukiwania z olejem jojoba i mas\u0142em shea intensywnie nawil\u017ca, wyg\u0142adza ko\u0144c\u00f3wki i u\u0142atwia rozczesywanie.\" \/>\n<meta property=\"og:url\" content=\"https:\/\/wigstore-nzk.com\/en\/product\/odzywka-bez-splukiwania-belle-madame\/\" \/>\n<meta property=\"og:site_name\" content=\"NZK-Wigstore\" \/>\n<meta property=\"article:modified_time\" content=\"2025-11-06T17:11:19+00:00\" \/>\n<meta property=\"og:image\" content=\"https:\/\/wigstore-nzk.com\/wp-content\/uploads\/2025\/05\/33G_1.jpg\" \/>\n\t<meta property=\"og:image:width\" content=\"419\" \/>\n\t<meta property=\"og:image:height\" content=\"675\" \/>\n\t<meta property=\"og:image:type\" content=\"image\/jpeg\" \/>\n<meta name=\"twitter:card\" content=\"summary_large_image\" \/>\n<meta name=\"twitter:label1\" content=\"Est. reading time\" \/>\n\t<meta name=\"twitter:data1\" content=\"1 minute\" \/>\n<script type=\"application\/ld+json\" class=\"yoast-schema-graph\">{\"@context\":\"https:\\\/\\\/schema.org\",\"@graph\":[{\"@type\":\"WebPage\",\"@id\":\"https:\\\/\\\/wigstore-nzk.com\\\/produkt\\\/odzywka-bez-splukiwania-belle-madame\\\/\",\"url\":\"https:\\\/\\\/wigstore-nzk.com\\\/produkt\\\/odzywka-bez-splukiwania-belle-madame\\\/\",\"name\":\"Od\u017cywka bez sp\u0142ukiwania Belle Madame - NZK-Wigstore\",\"isPartOf\":{\"@id\":\"https:\\\/\\\/wigstore-nzk.com\\\/#website\"},\"primaryImageOfPage\":{\"@id\":\"https:\\\/\\\/wigstore-nzk.com\\\/produkt\\\/odzywka-bez-splukiwania-belle-madame\\\/#primaryimage\"},\"image\":{\"@id\":\"https:\\\/\\\/wigstore-nzk.com\\\/produkt\\\/odzywka-bez-splukiwania-belle-madame\\\/#primaryimage\"},\"thumbnailUrl\":\"https:\\\/\\\/wigstore-nzk.com\\\/wp-content\\\/uploads\\\/2025\\\/05\\\/33G_1.jpg\",\"datePublished\":\"2025-05-15T18:27:21+00:00\",\"dateModified\":\"2025-11-06T17:11:19+00:00\",\"description\":\"Od\u017cywka bez sp\u0142ukiwania z olejem jojoba i mas\u0142em shea intensywnie nawil\u017ca, wyg\u0142adza ko\u0144c\u00f3wki i u\u0142atwia rozczesywanie.\",\"breadcrumb\":{\"@id\":\"https:\\\/\\\/wigstore-nzk.com\\\/produkt\\\/odzywka-bez-splukiwania-belle-madame\\\/#breadcrumb\"},\"inLanguage\":\"en-US\",\"potentialAction\":[{\"@type\":\"ReadAction\",\"target\":[\"https:\\\/\\\/wigstore-nzk.com\\\/produkt\\\/odzywka-bez-splukiwania-belle-madame\\\/\"]}]},{\"@type\":\"ImageObject\",\"inLanguage\":\"en-US\",\"@id\":\"https:\\\/\\\/wigstore-nzk.com\\\/produkt\\\/odzywka-bez-splukiwania-belle-madame\\\/#primaryimage\",\"url\":\"https:\\\/\\\/wigstore-nzk.com\\\/wp-content\\\/uploads\\\/2025\\\/05\\\/33G_1.jpg\",\"contentUrl\":\"https:\\\/\\\/wigstore-nzk.com\\\/wp-content\\\/uploads\\\/2025\\\/05\\\/33G_1.jpg\",\"width\":419,\"height\":675},{\"@type\":\"BreadcrumbList\",\"@id\":\"https:\\\/\\\/wigstore-nzk.com\\\/produkt\\\/odzywka-bez-splukiwania-belle-madame\\\/#breadcrumb\",\"itemListElement\":[{\"@type\":\"ListItem\",\"position\":1,\"name\":\"Strona g\u0142\u00f3wna\",\"item\":\"https:\\\/\\\/wigstore-nzk.com\\\/\"},{\"@type\":\"ListItem\",\"position\":2,\"name\":\"Sklep\",\"item\":\"https:\\\/\\\/wigstore-nzk.com\\\/sklep\\\/\"},{\"@type\":\"ListItem\",\"position\":3,\"name\":\"Od\u017cywka bez sp\u0142ukiwania Belle Madame\"}]},{\"@type\":\"WebSite\",\"@id\":\"https:\\\/\\\/wigstore-nzk.com\\\/#website\",\"url\":\"https:\\\/\\\/wigstore-nzk.com\\\/\",\"name\":\"NZK-Wigstore\",\"description\":\"\",\"potentialAction\":[{\"@type\":\"SearchAction\",\"target\":{\"@type\":\"EntryPoint\",\"urlTemplate\":\"https:\\\/\\\/wigstore-nzk.com\\\/?s={search_term_string}\"},\"query-input\":{\"@type\":\"PropertyValueSpecification\",\"valueRequired\":true,\"valueName\":\"search_term_string\"}}],\"inLanguage\":\"en-US\"}]}<\/script>\n<!-- \/ Yoast SEO Premium plugin. -->","yoast_head_json":{"title":"Od\u017cywka bez sp\u0142ukiwania Belle Madame - NZK-Wigstore","description":"Od\u017cywka bez sp\u0142ukiwania z olejem jojoba i mas\u0142em shea intensywnie nawil\u017ca, wyg\u0142adza ko\u0144c\u00f3wki i u\u0142atwia rozczesywanie.","robots":{"index":"index","follow":"follow","max-snippet":"max-snippet:-1","max-image-preview":"max-image-preview:large","max-video-preview":"max-video-preview:-1"},"canonical":"https:\/\/wigstore-nzk.com\/en\/product\/odzywka-bez-splukiwania-belle-madame\/","og_locale":"en_US","og_type":"article","og_title":"Od\u017cywka bez sp\u0142ukiwania Belle Madame","og_description":"Od\u017cywka bez sp\u0142ukiwania z olejem jojoba i mas\u0142em shea intensywnie nawil\u017ca, wyg\u0142adza ko\u0144c\u00f3wki i u\u0142atwia rozczesywanie.","og_url":"https:\/\/wigstore-nzk.com\/en\/product\/odzywka-bez-splukiwania-belle-madame\/","og_site_name":"NZK-Wigstore","article_modified_time":"2025-11-06T17:11:19+00:00","og_image":[{"width":419,"height":675,"url":"https:\/\/wigstore-nzk.com\/wp-content\/uploads\/2025\/05\/33G_1.jpg","type":"image\/jpeg"}],"twitter_card":"summary_large_image","twitter_misc":{"Est. reading time":"1 minute"},"schema":{"@context":"https:\/\/schema.org","@graph":[{"@type":"WebPage","@id":"https:\/\/wigstore-nzk.com\/produkt\/odzywka-bez-splukiwania-belle-madame\/","url":"https:\/\/wigstore-nzk.com\/produkt\/odzywka-bez-splukiwania-belle-madame\/","name":"Od\u017cywka bez sp\u0142ukiwania Belle Madame - NZK-Wigstore","isPartOf":{"@id":"https:\/\/wigstore-nzk.com\/#website"},"primaryImageOfPage":{"@id":"https:\/\/wigstore-nzk.com\/produkt\/odzywka-bez-splukiwania-belle-madame\/#primaryimage"},"image":{"@id":"https:\/\/wigstore-nzk.com\/produkt\/odzywka-bez-splukiwania-belle-madame\/#primaryimage"},"thumbnailUrl":"https:\/\/wigstore-nzk.com\/wp-content\/uploads\/2025\/05\/33G_1.jpg","datePublished":"2025-05-15T18:27:21+00:00","dateModified":"2025-11-06T17:11:19+00:00","description":"Od\u017cywka bez sp\u0142ukiwania z olejem jojoba i mas\u0142em shea intensywnie nawil\u017ca, wyg\u0142adza ko\u0144c\u00f3wki i u\u0142atwia rozczesywanie.","breadcrumb":{"@id":"https:\/\/wigstore-nzk.com\/produkt\/odzywka-bez-splukiwania-belle-madame\/#breadcrumb"},"inLanguage":"en-US","potentialAction":[{"@type":"ReadAction","target":["https:\/\/wigstore-nzk.com\/produkt\/odzywka-bez-splukiwania-belle-madame\/"]}]},{"@type":"ImageObject","inLanguage":"en-US","@id":"https:\/\/wigstore-nzk.com\/produkt\/odzywka-bez-splukiwania-belle-madame\/#primaryimage","url":"https:\/\/wigstore-nzk.com\/wp-content\/uploads\/2025\/05\/33G_1.jpg","contentUrl":"https:\/\/wigstore-nzk.com\/wp-content\/uploads\/2025\/05\/33G_1.jpg","width":419,"height":675},{"@type":"BreadcrumbList","@id":"https:\/\/wigstore-nzk.com\/produkt\/odzywka-bez-splukiwania-belle-madame\/#breadcrumb","itemListElement":[{"@type":"ListItem","position":1,"name":"Strona g\u0142\u00f3wna","item":"https:\/\/wigstore-nzk.com\/"},{"@type":"ListItem","position":2,"name":"Sklep","item":"https:\/\/wigstore-nzk.com\/sklep\/"},{"@type":"ListItem","position":3,"name":"Od\u017cywka bez sp\u0142ukiwania Belle Madame"}]},{"@type":"WebSite","@id":"https:\/\/wigstore-nzk.com\/#website","url":"https:\/\/wigstore-nzk.com\/","name":"NZK-Wigstore","description":"","potentialAction":[{"@type":"SearchAction","target":{"@type":"EntryPoint","urlTemplate":"https:\/\/wigstore-nzk.com\/?s={search_term_string}"},"query-input":{"@type":"PropertyValueSpecification","valueRequired":true,"valueName":"search_term_string"}}],"inLanguage":"en-US"}]}},"_links":{"self":[{"href":"https:\/\/wigstore-nzk.com\/en\/wp-json\/wp\/v2\/product\/2438","targetHints":{"allow":["GET"]}}],"collection":[{"href":"https:\/\/wigstore-nzk.com\/en\/wp-json\/wp\/v2\/product"}],"about":[{"href":"https:\/\/wigstore-nzk.com\/en\/wp-json\/wp\/v2\/types\/product"}],"version-history":[{"count":1,"href":"https:\/\/wigstore-nzk.com\/en\/wp-json\/wp\/v2\/product\/2438\/revisions"}],"predecessor-version":[{"id":2441,"href":"https:\/\/wigstore-nzk.com\/en\/wp-json\/wp\/v2\/product\/2438\/revisions\/2441"}],"wp:featuredmedia":[{"embeddable":true,"href":"https:\/\/wigstore-nzk.com\/en\/wp-json\/wp\/v2\/media\/2439"}],"wp:attachment":[{"href":"https:\/\/wigstore-nzk.com\/en\/wp-json\/wp\/v2\/media?parent=2438"}],"wp:term":[{"taxonomy":"product_brand","embeddable":true,"href":"https:\/\/wigstore-nzk.com\/en\/wp-json\/wp\/v2\/product_brand?post=2438"},{"taxonomy":"product_cat","embeddable":true,"href":"https:\/\/wigstore-nzk.com\/en\/wp-json\/wp\/v2\/product_cat?post=2438"},{"taxonomy":"product_tag","embeddable":true,"href":"https:\/\/wigstore-nzk.com\/en\/wp-json\/wp\/v2\/product_tag?post=2438"}],"curies":[{"name":"wp","href":"https:\/\/api.w.org\/{rel}","templated":true}]}}