{"id":2442,"date":"2025-05-15T20:39:01","date_gmt":"2025-05-15T18:39:01","guid":{"rendered":"https:\/\/wigstore-nzk.com\/?post_type=product&#038;p=2442"},"modified":"2025-11-06T18:09:58","modified_gmt":"2025-11-06T17:09:58","slug":"nablyszczacz-do-wlosow-synetetcznych-belle-madame","status":"publish","type":"product","link":"https:\/\/wigstore-nzk.com\/en\/product\/nablyszczacz-do-wlosow-synetetcznych-belle-madame\/","title":{"rendered":"Nab\u0142yszczacz do w\u0142os\u00f3w synetetcznych Belle Madame"},"content":{"rendered":"<p>Nab\u0142yszczacz do w\u0142os\u00f3w synetetcznych Belle Madame to spray nadaj\u0105cy po\u0142ysk i stylizacj\u0119 w\u0142os\u00f3w z prowitamin\u0105 B5, przeznaczony do w\u0142os\u00f3w naturalnych i syntetycznych, kt\u00f3ry nawil\u017ca i zapewnia optymaln\u0105 ochron\u0119 przed promieniowaniem UV bez obci\u0105\u017cania w\u0142os\u00f3w. HAIR SHINE najlepiej stosowa\u0107 codziennie, aby uzyska\u0107 l\u015bni\u0105cy efekt.<\/p>\n<p>EFEKT<br \/>\nSpray nab\u0142yszczaj\u0105cy i stylizuj\u0105cy z filtrem UV.<\/p>","protected":false},"excerpt":{"rendered":"<p>Nab\u0142yszczacz do w\u0142os\u00f3w synetetcznych Belle Madame z prowitamin\u0105 B5 do w\u0142os\u00f3w naturalnych i syntetycznych. Nawil\u017ca, chroni przed UV i nadaje l\u015bni\u0105cy efekt bez obci\u0105\u017cania.<\/p>","protected":false},"featured_media":2443,"template":"","meta":[],"product_brand":[],"product_cat":[367,43],"product_tag":[76,100,349],"class_list":{"0":"post-2442","1":"product","2":"type-product","3":"status-publish","4":"has-post-thumbnail","6":"product_cat-kosmetyki","7":"product_cat-szampony-i-odzywki","8":"product_tag-akcesoria-perukarskie","9":"product_tag-pielegnacja-peruk","10":"product_tag-szampon","12":"first","13":"instock","14":"taxable","15":"shipping-taxable","16":"purchasable","17":"product-type-simple"},"yoast_head":"<!-- This site is optimized with the Yoast SEO Premium plugin v24.5 (Yoast SEO v27.5) - https:\/\/yoast.com\/product\/yoast-seo-premium-wordpress\/ -->\n<title>Nab\u0142yszczacz do w\u0142os\u00f3w synetetcznych Belle Madame - NZK-Wigstore<\/title>\n<meta name=\"description\" content=\"Nab\u0142yszczacz do w\u0142os\u00f3w Belle Madame z prowitamin\u0105 B5 do w\u0142os\u00f3w naturalnych i syntetycznych. Nawil\u017ca, chroni przed UV i nadaje l\u015bni\u0105cy efekt bez obci\u0105\u017cania.\" \/>\n<meta name=\"robots\" content=\"index, follow, max-snippet:-1, max-image-preview:large, max-video-preview:-1\" \/>\n<link rel=\"canonical\" href=\"https:\/\/wigstore-nzk.com\/en\/product\/nablyszczacz-do-wlosow-synetetcznych-belle-madame\/\" \/>\n<meta property=\"og:locale\" content=\"en_US\" \/>\n<meta property=\"og:type\" content=\"article\" \/>\n<meta property=\"og:title\" content=\"Nab\u0142yszczacz do w\u0142os\u00f3w synetetcznych Belle Madame\" \/>\n<meta property=\"og:description\" content=\"Nab\u0142yszczacz do w\u0142os\u00f3w Belle Madame z prowitamin\u0105 B5 do w\u0142os\u00f3w naturalnych i syntetycznych. Nawil\u017ca, chroni przed UV i nadaje l\u015bni\u0105cy efekt bez obci\u0105\u017cania.\" \/>\n<meta property=\"og:url\" content=\"https:\/\/wigstore-nzk.com\/en\/product\/nablyszczacz-do-wlosow-synetetcznych-belle-madame\/\" \/>\n<meta property=\"og:site_name\" content=\"NZK-Wigstore\" \/>\n<meta property=\"article:modified_time\" content=\"2025-11-06T17:09:58+00:00\" \/>\n<meta property=\"og:image\" content=\"https:\/\/wigstore-nzk.com\/wp-content\/uploads\/2025\/05\/33E_1.jpg\" \/>\n\t<meta property=\"og:image:width\" content=\"429\" \/>\n\t<meta property=\"og:image:height\" content=\"675\" \/>\n\t<meta property=\"og:image:type\" content=\"image\/jpeg\" \/>\n<meta name=\"twitter:card\" content=\"summary_large_image\" \/>\n<meta name=\"twitter:label1\" content=\"Est. reading time\" \/>\n\t<meta name=\"twitter:data1\" content=\"1 minute\" \/>\n<script type=\"application\/ld+json\" class=\"yoast-schema-graph\">{\"@context\":\"https:\\\/\\\/schema.org\",\"@graph\":[{\"@type\":\"WebPage\",\"@id\":\"https:\\\/\\\/wigstore-nzk.com\\\/produkt\\\/nablyszczacz-do-wlosow-synetetcznych-belle-madame\\\/\",\"url\":\"https:\\\/\\\/wigstore-nzk.com\\\/produkt\\\/nablyszczacz-do-wlosow-synetetcznych-belle-madame\\\/\",\"name\":\"Nab\u0142yszczacz do w\u0142os\u00f3w synetetcznych Belle Madame - NZK-Wigstore\",\"isPartOf\":{\"@id\":\"https:\\\/\\\/wigstore-nzk.com\\\/#website\"},\"primaryImageOfPage\":{\"@id\":\"https:\\\/\\\/wigstore-nzk.com\\\/produkt\\\/nablyszczacz-do-wlosow-synetetcznych-belle-madame\\\/#primaryimage\"},\"image\":{\"@id\":\"https:\\\/\\\/wigstore-nzk.com\\\/produkt\\\/nablyszczacz-do-wlosow-synetetcznych-belle-madame\\\/#primaryimage\"},\"thumbnailUrl\":\"https:\\\/\\\/wigstore-nzk.com\\\/wp-content\\\/uploads\\\/2025\\\/05\\\/33E_1.jpg\",\"datePublished\":\"2025-05-15T18:39:01+00:00\",\"dateModified\":\"2025-11-06T17:09:58+00:00\",\"description\":\"Nab\u0142yszczacz do w\u0142os\u00f3w Belle Madame z prowitamin\u0105 B5 do w\u0142os\u00f3w naturalnych i syntetycznych. Nawil\u017ca, chroni przed UV i nadaje l\u015bni\u0105cy efekt bez obci\u0105\u017cania.\",\"breadcrumb\":{\"@id\":\"https:\\\/\\\/wigstore-nzk.com\\\/produkt\\\/nablyszczacz-do-wlosow-synetetcznych-belle-madame\\\/#breadcrumb\"},\"inLanguage\":\"en-US\",\"potentialAction\":[{\"@type\":\"ReadAction\",\"target\":[\"https:\\\/\\\/wigstore-nzk.com\\\/produkt\\\/nablyszczacz-do-wlosow-synetetcznych-belle-madame\\\/\"]}]},{\"@type\":\"ImageObject\",\"inLanguage\":\"en-US\",\"@id\":\"https:\\\/\\\/wigstore-nzk.com\\\/produkt\\\/nablyszczacz-do-wlosow-synetetcznych-belle-madame\\\/#primaryimage\",\"url\":\"https:\\\/\\\/wigstore-nzk.com\\\/wp-content\\\/uploads\\\/2025\\\/05\\\/33E_1.jpg\",\"contentUrl\":\"https:\\\/\\\/wigstore-nzk.com\\\/wp-content\\\/uploads\\\/2025\\\/05\\\/33E_1.jpg\",\"width\":429,\"height\":675,\"caption\":\"Nab\u0142yszczacz do w\u0142os\u00f3w synetetcznych Belle Madame\"},{\"@type\":\"BreadcrumbList\",\"@id\":\"https:\\\/\\\/wigstore-nzk.com\\\/produkt\\\/nablyszczacz-do-wlosow-synetetcznych-belle-madame\\\/#breadcrumb\",\"itemListElement\":[{\"@type\":\"ListItem\",\"position\":1,\"name\":\"Strona g\u0142\u00f3wna\",\"item\":\"https:\\\/\\\/wigstore-nzk.com\\\/\"},{\"@type\":\"ListItem\",\"position\":2,\"name\":\"Sklep\",\"item\":\"https:\\\/\\\/wigstore-nzk.com\\\/sklep\\\/\"},{\"@type\":\"ListItem\",\"position\":3,\"name\":\"Nab\u0142yszczacz do w\u0142os\u00f3w synetetcznych Belle Madame\"}]},{\"@type\":\"WebSite\",\"@id\":\"https:\\\/\\\/wigstore-nzk.com\\\/#website\",\"url\":\"https:\\\/\\\/wigstore-nzk.com\\\/\",\"name\":\"NZK-Wigstore\",\"description\":\"\",\"potentialAction\":[{\"@type\":\"SearchAction\",\"target\":{\"@type\":\"EntryPoint\",\"urlTemplate\":\"https:\\\/\\\/wigstore-nzk.com\\\/?s={search_term_string}\"},\"query-input\":{\"@type\":\"PropertyValueSpecification\",\"valueRequired\":true,\"valueName\":\"search_term_string\"}}],\"inLanguage\":\"en-US\"}]}<\/script>\n<!-- \/ Yoast SEO Premium plugin. -->","yoast_head_json":{"title":"Nab\u0142yszczacz do w\u0142os\u00f3w synetetcznych Belle Madame - NZK-Wigstore","description":"Nab\u0142yszczacz do w\u0142os\u00f3w Belle Madame z prowitamin\u0105 B5 do w\u0142os\u00f3w naturalnych i syntetycznych. Nawil\u017ca, chroni przed UV i nadaje l\u015bni\u0105cy efekt bez obci\u0105\u017cania.","robots":{"index":"index","follow":"follow","max-snippet":"max-snippet:-1","max-image-preview":"max-image-preview:large","max-video-preview":"max-video-preview:-1"},"canonical":"https:\/\/wigstore-nzk.com\/en\/product\/nablyszczacz-do-wlosow-synetetcznych-belle-madame\/","og_locale":"en_US","og_type":"article","og_title":"Nab\u0142yszczacz do w\u0142os\u00f3w synetetcznych Belle Madame","og_description":"Nab\u0142yszczacz do w\u0142os\u00f3w Belle Madame z prowitamin\u0105 B5 do w\u0142os\u00f3w naturalnych i syntetycznych. Nawil\u017ca, chroni przed UV i nadaje l\u015bni\u0105cy efekt bez obci\u0105\u017cania.","og_url":"https:\/\/wigstore-nzk.com\/en\/product\/nablyszczacz-do-wlosow-synetetcznych-belle-madame\/","og_site_name":"NZK-Wigstore","article_modified_time":"2025-11-06T17:09:58+00:00","og_image":[{"width":429,"height":675,"url":"https:\/\/wigstore-nzk.com\/wp-content\/uploads\/2025\/05\/33E_1.jpg","type":"image\/jpeg"}],"twitter_card":"summary_large_image","twitter_misc":{"Est. reading time":"1 minute"},"schema":{"@context":"https:\/\/schema.org","@graph":[{"@type":"WebPage","@id":"https:\/\/wigstore-nzk.com\/produkt\/nablyszczacz-do-wlosow-synetetcznych-belle-madame\/","url":"https:\/\/wigstore-nzk.com\/produkt\/nablyszczacz-do-wlosow-synetetcznych-belle-madame\/","name":"Nab\u0142yszczacz do w\u0142os\u00f3w synetetcznych Belle Madame - NZK-Wigstore","isPartOf":{"@id":"https:\/\/wigstore-nzk.com\/#website"},"primaryImageOfPage":{"@id":"https:\/\/wigstore-nzk.com\/produkt\/nablyszczacz-do-wlosow-synetetcznych-belle-madame\/#primaryimage"},"image":{"@id":"https:\/\/wigstore-nzk.com\/produkt\/nablyszczacz-do-wlosow-synetetcznych-belle-madame\/#primaryimage"},"thumbnailUrl":"https:\/\/wigstore-nzk.com\/wp-content\/uploads\/2025\/05\/33E_1.jpg","datePublished":"2025-05-15T18:39:01+00:00","dateModified":"2025-11-06T17:09:58+00:00","description":"Nab\u0142yszczacz do w\u0142os\u00f3w Belle Madame z prowitamin\u0105 B5 do w\u0142os\u00f3w naturalnych i syntetycznych. Nawil\u017ca, chroni przed UV i nadaje l\u015bni\u0105cy efekt bez obci\u0105\u017cania.","breadcrumb":{"@id":"https:\/\/wigstore-nzk.com\/produkt\/nablyszczacz-do-wlosow-synetetcznych-belle-madame\/#breadcrumb"},"inLanguage":"en-US","potentialAction":[{"@type":"ReadAction","target":["https:\/\/wigstore-nzk.com\/produkt\/nablyszczacz-do-wlosow-synetetcznych-belle-madame\/"]}]},{"@type":"ImageObject","inLanguage":"en-US","@id":"https:\/\/wigstore-nzk.com\/produkt\/nablyszczacz-do-wlosow-synetetcznych-belle-madame\/#primaryimage","url":"https:\/\/wigstore-nzk.com\/wp-content\/uploads\/2025\/05\/33E_1.jpg","contentUrl":"https:\/\/wigstore-nzk.com\/wp-content\/uploads\/2025\/05\/33E_1.jpg","width":429,"height":675,"caption":"Nab\u0142yszczacz do w\u0142os\u00f3w synetetcznych Belle Madame"},{"@type":"BreadcrumbList","@id":"https:\/\/wigstore-nzk.com\/produkt\/nablyszczacz-do-wlosow-synetetcznych-belle-madame\/#breadcrumb","itemListElement":[{"@type":"ListItem","position":1,"name":"Strona g\u0142\u00f3wna","item":"https:\/\/wigstore-nzk.com\/"},{"@type":"ListItem","position":2,"name":"Sklep","item":"https:\/\/wigstore-nzk.com\/sklep\/"},{"@type":"ListItem","position":3,"name":"Nab\u0142yszczacz do w\u0142os\u00f3w synetetcznych Belle Madame"}]},{"@type":"WebSite","@id":"https:\/\/wigstore-nzk.com\/#website","url":"https:\/\/wigstore-nzk.com\/","name":"NZK-Wigstore","description":"","potentialAction":[{"@type":"SearchAction","target":{"@type":"EntryPoint","urlTemplate":"https:\/\/wigstore-nzk.com\/?s={search_term_string}"},"query-input":{"@type":"PropertyValueSpecification","valueRequired":true,"valueName":"search_term_string"}}],"inLanguage":"en-US"}]}},"_links":{"self":[{"href":"https:\/\/wigstore-nzk.com\/en\/wp-json\/wp\/v2\/product\/2442","targetHints":{"allow":["GET"]}}],"collection":[{"href":"https:\/\/wigstore-nzk.com\/en\/wp-json\/wp\/v2\/product"}],"about":[{"href":"https:\/\/wigstore-nzk.com\/en\/wp-json\/wp\/v2\/types\/product"}],"version-history":[{"count":2,"href":"https:\/\/wigstore-nzk.com\/en\/wp-json\/wp\/v2\/product\/2442\/revisions"}],"predecessor-version":[{"id":2520,"href":"https:\/\/wigstore-nzk.com\/en\/wp-json\/wp\/v2\/product\/2442\/revisions\/2520"}],"wp:featuredmedia":[{"embeddable":true,"href":"https:\/\/wigstore-nzk.com\/en\/wp-json\/wp\/v2\/media\/2443"}],"wp:attachment":[{"href":"https:\/\/wigstore-nzk.com\/en\/wp-json\/wp\/v2\/media?parent=2442"}],"wp:term":[{"taxonomy":"product_brand","embeddable":true,"href":"https:\/\/wigstore-nzk.com\/en\/wp-json\/wp\/v2\/product_brand?post=2442"},{"taxonomy":"product_cat","embeddable":true,"href":"https:\/\/wigstore-nzk.com\/en\/wp-json\/wp\/v2\/product_cat?post=2442"},{"taxonomy":"product_tag","embeddable":true,"href":"https:\/\/wigstore-nzk.com\/en\/wp-json\/wp\/v2\/product_tag?post=2442"}],"curies":[{"name":"wp","href":"https:\/\/api.w.org\/{rel}","templated":true}]}}