{"id":2485,"date":"2025-05-29T22:23:24","date_gmt":"2025-05-29T20:23:24","guid":{"rendered":"https:\/\/wigstore-nzk.com\/?post_type=product&#038;p=2485"},"modified":"2026-03-19T14:22:52","modified_gmt":"2026-03-19T13:22:52","slug":"plastikowy-uchwyt-do-igly-perukarskiej","status":"publish","type":"product","link":"https:\/\/wigstore-nzk.com\/en\/product\/plastikowy-uchwyt-do-igly-perukarskiej\/","title":{"rendered":"Szyde\u0142ko czarne, plastikowe"},"content":{"rendered":"<p>Plastikowy uchwyt do igly perukarskiej &#8211; Praktyczny i lekki uchwyt perukarski, idealny do pracy z ig\u0142ami perukarskimi. Wykonany z wytrzyma\u0142ego plastiku, doskonale le\u017cy w d\u0142oni, zapewniaj\u0105c komfort nawet podczas d\u0142ugotrwa\u0142ego u\u017cytkowania. Mimo niewielkiej wagi uchwyt pozostaje stabilny i precyzyjny w u\u017cyciu. Ig\u0142a mocowana jest za pomoc\u0105 solidnej metalowej blokady typu twist lock, co gwarantuje bezpiecze\u0144stwo i pewno\u015b\u0107 podczas pracy.<\/p>\n<p>Uwaga: Produkt sprzedawany bez ig\u0142y<\/p>","protected":false},"excerpt":{"rendered":"<p>Plastikowy uchwyt do igly perukarskiej &#8211; Praktyczny i lekki uchwyt perukarski, idealny do pracy z iglami perukarskimi. Wykonany z wytrzyma\u0142ego plastiku, ig\u0142a mocowana jest za pomoc\u0105 solidnej metalowej blokady typu twist lock.<\/p>\n<p>Uwaga: Produkt sprzedawany bez ig\u0142y<\/p>","protected":false},"featured_media":2486,"template":"","meta":[],"product_brand":[],"product_cat":[28,33],"product_tag":[330,78,363],"class_list":{"0":"post-2485","1":"product","2":"type-product","3":"status-publish","4":"has-post-thumbnail","6":"product_cat-akcesoria","7":"product_cat-szydelka-i-igly","8":"product_tag-peruka","9":"product_tag-perukarstwo","10":"product_tag-szydelko","12":"first","13":"instock","14":"taxable","15":"shipping-taxable","16":"purchasable","17":"product-type-simple"},"yoast_head":"<!-- This site is optimized with the Yoast SEO Premium plugin v24.5 (Yoast SEO v27.5) - https:\/\/yoast.com\/product\/yoast-seo-premium-wordpress\/ -->\n<title>Szyde\u0142ko czarne, plastikowe - NZK-Wigstore<\/title>\n<meta name=\"description\" content=\"raktyczny i lekki uchwyt perukarski, idealny do pracy z iglami perukarskimi. Wykonany z wytrzyma\u0142ego plastiku , doskonale le\u017cy w d\u0142oni.\" \/>\n<meta name=\"robots\" content=\"index, follow, max-snippet:-1, max-image-preview:large, max-video-preview:-1\" \/>\n<link rel=\"canonical\" href=\"https:\/\/wigstore-nzk.com\/en\/product\/plastikowy-uchwyt-do-igly-perukarskiej\/\" \/>\n<meta property=\"og:locale\" content=\"en_US\" \/>\n<meta property=\"og:type\" content=\"article\" \/>\n<meta property=\"og:title\" content=\"Szyde\u0142ko czarne, plastikowe\" \/>\n<meta property=\"og:description\" content=\"raktyczny i lekki uchwyt perukarski, idealny do pracy z iglami perukarskimi. Wykonany z wytrzyma\u0142ego plastiku , doskonale le\u017cy w d\u0142oni.\" \/>\n<meta property=\"og:url\" content=\"https:\/\/wigstore-nzk.com\/en\/product\/plastikowy-uchwyt-do-igly-perukarskiej\/\" \/>\n<meta property=\"og:site_name\" content=\"NZK-Wigstore\" \/>\n<meta property=\"article:modified_time\" content=\"2026-03-19T13:22:52+00:00\" \/>\n<meta property=\"og:image\" content=\"https:\/\/wigstore-nzk.com\/wp-content\/uploads\/2025\/05\/39.jpg\" \/>\n\t<meta property=\"og:image:width\" content=\"1080\" \/>\n\t<meta property=\"og:image:height\" content=\"1080\" \/>\n\t<meta property=\"og:image:type\" content=\"image\/jpeg\" \/>\n<meta name=\"twitter:card\" content=\"summary_large_image\" \/>\n<meta name=\"twitter:label1\" content=\"Est. reading time\" \/>\n\t<meta name=\"twitter:data1\" content=\"1 minute\" \/>\n<script type=\"application\/ld+json\" class=\"yoast-schema-graph\">{\"@context\":\"https:\\\/\\\/schema.org\",\"@graph\":[{\"@type\":\"WebPage\",\"@id\":\"https:\\\/\\\/wigstore-nzk.com\\\/produkt\\\/plastikowy-uchwyt-do-igly-perukarskiej\\\/\",\"url\":\"https:\\\/\\\/wigstore-nzk.com\\\/produkt\\\/plastikowy-uchwyt-do-igly-perukarskiej\\\/\",\"name\":\"Szyde\u0142ko czarne, plastikowe - NZK-Wigstore\",\"isPartOf\":{\"@id\":\"https:\\\/\\\/wigstore-nzk.com\\\/#website\"},\"primaryImageOfPage\":{\"@id\":\"https:\\\/\\\/wigstore-nzk.com\\\/produkt\\\/plastikowy-uchwyt-do-igly-perukarskiej\\\/#primaryimage\"},\"image\":{\"@id\":\"https:\\\/\\\/wigstore-nzk.com\\\/produkt\\\/plastikowy-uchwyt-do-igly-perukarskiej\\\/#primaryimage\"},\"thumbnailUrl\":\"https:\\\/\\\/wigstore-nzk.com\\\/wp-content\\\/uploads\\\/2025\\\/05\\\/39.jpg\",\"datePublished\":\"2025-05-29T20:23:24+00:00\",\"dateModified\":\"2026-03-19T13:22:52+00:00\",\"description\":\"raktyczny i lekki uchwyt perukarski, idealny do pracy z iglami perukarskimi. Wykonany z wytrzyma\u0142ego plastiku , doskonale le\u017cy w d\u0142oni.\",\"breadcrumb\":{\"@id\":\"https:\\\/\\\/wigstore-nzk.com\\\/produkt\\\/plastikowy-uchwyt-do-igly-perukarskiej\\\/#breadcrumb\"},\"inLanguage\":\"en-US\",\"potentialAction\":[{\"@type\":\"ReadAction\",\"target\":[\"https:\\\/\\\/wigstore-nzk.com\\\/produkt\\\/plastikowy-uchwyt-do-igly-perukarskiej\\\/\"]}]},{\"@type\":\"ImageObject\",\"inLanguage\":\"en-US\",\"@id\":\"https:\\\/\\\/wigstore-nzk.com\\\/produkt\\\/plastikowy-uchwyt-do-igly-perukarskiej\\\/#primaryimage\",\"url\":\"https:\\\/\\\/wigstore-nzk.com\\\/wp-content\\\/uploads\\\/2025\\\/05\\\/39.jpg\",\"contentUrl\":\"https:\\\/\\\/wigstore-nzk.com\\\/wp-content\\\/uploads\\\/2025\\\/05\\\/39.jpg\",\"width\":1080,\"height\":1080,\"caption\":\"Plastikowy uchwyt do igly perukarskiej\"},{\"@type\":\"BreadcrumbList\",\"@id\":\"https:\\\/\\\/wigstore-nzk.com\\\/produkt\\\/plastikowy-uchwyt-do-igly-perukarskiej\\\/#breadcrumb\",\"itemListElement\":[{\"@type\":\"ListItem\",\"position\":1,\"name\":\"Strona g\u0142\u00f3wna\",\"item\":\"https:\\\/\\\/wigstore-nzk.com\\\/\"},{\"@type\":\"ListItem\",\"position\":2,\"name\":\"Sklep\",\"item\":\"https:\\\/\\\/wigstore-nzk.com\\\/sklep\\\/\"},{\"@type\":\"ListItem\",\"position\":3,\"name\":\"Szyde\u0142ko czarne, plastikowe\"}]},{\"@type\":\"WebSite\",\"@id\":\"https:\\\/\\\/wigstore-nzk.com\\\/#website\",\"url\":\"https:\\\/\\\/wigstore-nzk.com\\\/\",\"name\":\"NZK-Wigstore\",\"description\":\"\",\"potentialAction\":[{\"@type\":\"SearchAction\",\"target\":{\"@type\":\"EntryPoint\",\"urlTemplate\":\"https:\\\/\\\/wigstore-nzk.com\\\/?s={search_term_string}\"},\"query-input\":{\"@type\":\"PropertyValueSpecification\",\"valueRequired\":true,\"valueName\":\"search_term_string\"}}],\"inLanguage\":\"en-US\"}]}<\/script>\n<!-- \/ Yoast SEO Premium plugin. -->","yoast_head_json":{"title":"Szyde\u0142ko czarne, plastikowe - NZK-Wigstore","description":"raktyczny i lekki uchwyt perukarski, idealny do pracy z iglami perukarskimi. Wykonany z wytrzyma\u0142ego plastiku , doskonale le\u017cy w d\u0142oni.","robots":{"index":"index","follow":"follow","max-snippet":"max-snippet:-1","max-image-preview":"max-image-preview:large","max-video-preview":"max-video-preview:-1"},"canonical":"https:\/\/wigstore-nzk.com\/en\/product\/plastikowy-uchwyt-do-igly-perukarskiej\/","og_locale":"en_US","og_type":"article","og_title":"Szyde\u0142ko czarne, plastikowe","og_description":"raktyczny i lekki uchwyt perukarski, idealny do pracy z iglami perukarskimi. Wykonany z wytrzyma\u0142ego plastiku , doskonale le\u017cy w d\u0142oni.","og_url":"https:\/\/wigstore-nzk.com\/en\/product\/plastikowy-uchwyt-do-igly-perukarskiej\/","og_site_name":"NZK-Wigstore","article_modified_time":"2026-03-19T13:22:52+00:00","og_image":[{"width":1080,"height":1080,"url":"https:\/\/wigstore-nzk.com\/wp-content\/uploads\/2025\/05\/39.jpg","type":"image\/jpeg"}],"twitter_card":"summary_large_image","twitter_misc":{"Est. reading time":"1 minute"},"schema":{"@context":"https:\/\/schema.org","@graph":[{"@type":"WebPage","@id":"https:\/\/wigstore-nzk.com\/produkt\/plastikowy-uchwyt-do-igly-perukarskiej\/","url":"https:\/\/wigstore-nzk.com\/produkt\/plastikowy-uchwyt-do-igly-perukarskiej\/","name":"Szyde\u0142ko czarne, plastikowe - NZK-Wigstore","isPartOf":{"@id":"https:\/\/wigstore-nzk.com\/#website"},"primaryImageOfPage":{"@id":"https:\/\/wigstore-nzk.com\/produkt\/plastikowy-uchwyt-do-igly-perukarskiej\/#primaryimage"},"image":{"@id":"https:\/\/wigstore-nzk.com\/produkt\/plastikowy-uchwyt-do-igly-perukarskiej\/#primaryimage"},"thumbnailUrl":"https:\/\/wigstore-nzk.com\/wp-content\/uploads\/2025\/05\/39.jpg","datePublished":"2025-05-29T20:23:24+00:00","dateModified":"2026-03-19T13:22:52+00:00","description":"raktyczny i lekki uchwyt perukarski, idealny do pracy z iglami perukarskimi. Wykonany z wytrzyma\u0142ego plastiku , doskonale le\u017cy w d\u0142oni.","breadcrumb":{"@id":"https:\/\/wigstore-nzk.com\/produkt\/plastikowy-uchwyt-do-igly-perukarskiej\/#breadcrumb"},"inLanguage":"en-US","potentialAction":[{"@type":"ReadAction","target":["https:\/\/wigstore-nzk.com\/produkt\/plastikowy-uchwyt-do-igly-perukarskiej\/"]}]},{"@type":"ImageObject","inLanguage":"en-US","@id":"https:\/\/wigstore-nzk.com\/produkt\/plastikowy-uchwyt-do-igly-perukarskiej\/#primaryimage","url":"https:\/\/wigstore-nzk.com\/wp-content\/uploads\/2025\/05\/39.jpg","contentUrl":"https:\/\/wigstore-nzk.com\/wp-content\/uploads\/2025\/05\/39.jpg","width":1080,"height":1080,"caption":"Plastikowy uchwyt do igly perukarskiej"},{"@type":"BreadcrumbList","@id":"https:\/\/wigstore-nzk.com\/produkt\/plastikowy-uchwyt-do-igly-perukarskiej\/#breadcrumb","itemListElement":[{"@type":"ListItem","position":1,"name":"Strona g\u0142\u00f3wna","item":"https:\/\/wigstore-nzk.com\/"},{"@type":"ListItem","position":2,"name":"Sklep","item":"https:\/\/wigstore-nzk.com\/sklep\/"},{"@type":"ListItem","position":3,"name":"Szyde\u0142ko czarne, plastikowe"}]},{"@type":"WebSite","@id":"https:\/\/wigstore-nzk.com\/#website","url":"https:\/\/wigstore-nzk.com\/","name":"NZK-Wigstore","description":"","potentialAction":[{"@type":"SearchAction","target":{"@type":"EntryPoint","urlTemplate":"https:\/\/wigstore-nzk.com\/?s={search_term_string}"},"query-input":{"@type":"PropertyValueSpecification","valueRequired":true,"valueName":"search_term_string"}}],"inLanguage":"en-US"}]}},"_links":{"self":[{"href":"https:\/\/wigstore-nzk.com\/en\/wp-json\/wp\/v2\/product\/2485","targetHints":{"allow":["GET"]}}],"collection":[{"href":"https:\/\/wigstore-nzk.com\/en\/wp-json\/wp\/v2\/product"}],"about":[{"href":"https:\/\/wigstore-nzk.com\/en\/wp-json\/wp\/v2\/types\/product"}],"version-history":[{"count":4,"href":"https:\/\/wigstore-nzk.com\/en\/wp-json\/wp\/v2\/product\/2485\/revisions"}],"predecessor-version":[{"id":2887,"href":"https:\/\/wigstore-nzk.com\/en\/wp-json\/wp\/v2\/product\/2485\/revisions\/2887"}],"wp:featuredmedia":[{"embeddable":true,"href":"https:\/\/wigstore-nzk.com\/en\/wp-json\/wp\/v2\/media\/2486"}],"wp:attachment":[{"href":"https:\/\/wigstore-nzk.com\/en\/wp-json\/wp\/v2\/media?parent=2485"}],"wp:term":[{"taxonomy":"product_brand","embeddable":true,"href":"https:\/\/wigstore-nzk.com\/en\/wp-json\/wp\/v2\/product_brand?post=2485"},{"taxonomy":"product_cat","embeddable":true,"href":"https:\/\/wigstore-nzk.com\/en\/wp-json\/wp\/v2\/product_cat?post=2485"},{"taxonomy":"product_tag","embeddable":true,"href":"https:\/\/wigstore-nzk.com\/en\/wp-json\/wp\/v2\/product_tag?post=2485"}],"curies":[{"name":"wp","href":"https:\/\/api.w.org\/{rel}","templated":true}]}}