{"id":2490,"date":"2025-06-02T22:51:47","date_gmt":"2025-06-02T20:51:47","guid":{"rendered":"https:\/\/wigstore-nzk.com\/?post_type=product&#038;p=2490"},"modified":"2025-12-22T22:20:44","modified_gmt":"2025-12-22T21:20:44","slug":"kartacz-perukarski-skorzany-18x16-cm","status":"publish","type":"product","link":"https:\/\/wigstore-nzk.com\/en\/product\/kartacz-perukarski-skorzany-18x16-cm\/","title":{"rendered":"Kartacz perukarski sk\u00f3rzany 18\u00d716 cm"},"content":{"rendered":"<p>Kartacz perukarski sk\u00f3rzany 18\u00d716 cm, wykonany z wysokiej jako\u015bci sk\u00f3ry, przeznaczony do r\u0119cznego wi\u0105zania w\u0142os\u00f3w przy produkcji peruk, tupet\u00f3w i system\u00f3w uzupe\u0142nie\u0144 w\u0142os\u00f3w. Sk\u00f3rzana powierzchnia zapewnia doskona\u0142\u0105 przyczepno\u015b\u0107 i stabilizacj\u0119 w\u0142os\u00f3w w trakcie pracy, co znacz\u0105co zwi\u0119ksza precyzj\u0119 wi\u0105zania. Idealny do u\u017cytku w pracowniach perukarskich i przez do\u015bwiadczonych stylist\u00f3w. Rozmiar 18 \u00d7 16 cm zapewnia wygodn\u0105 powierzchni\u0119 robocz\u0105 bez ograniczania swobody ruch\u00f3w.<\/p>\n<p>Cechy produktu:<\/p>\n<p>Wysokiej jako\u015bci sk\u00f3ra naturalna<br \/>\nWymiary: 18 \u00d7 16 cm<br \/>\nTrwa\u0142y i odporny na intensywn\u0105 eksploatacj\u0119<br \/>\nNiezb\u0119dne narz\u0119dzie w profesjonalnym warsztacie perukarskim<\/p>","protected":false},"excerpt":{"rendered":"<p>Kartacz perukarski sk\u00f3rzany 18\u00d716 cm, wykonany z wysokiej jako\u015bci sk\u00f3ry, przeznaczony do r\u0119cznego wi\u0105zania w\u0142os\u00f3w przy produkcji peruk, tupet\u00f3w i system\u00f3w uzupe\u0142nie\u0144 w\u0142os\u00f3w. Sk\u00f3rzana powierzchnia zapewnia doskona\u0142\u0105 przyczepno\u015b\u0107 i stabilizacj\u0119 w\u0142os\u00f3w w trakcie pracy, co znacz\u0105co zwi\u0119ksza precyzj\u0119 wi\u0105zania. Idealny do u\u017cytku w pracowniach perukarskich i przez do\u015bwiadczonych stylist\u00f3w. Rozmiar 18 \u00d7 16 cm zapewnia wygodn\u0105 powierzchni\u0119 robocz\u0105 bez ograniczania swobody ruch\u00f3w.<\/p>","protected":false},"featured_media":2491,"template":"","meta":[],"product_brand":[],"product_cat":[28,44],"product_tag":[362,330,78],"class_list":{"0":"post-2490","1":"product","2":"type-product","3":"status-publish","4":"has-post-thumbnail","6":"product_cat-akcesoria","7":"product_cat-przyrzady-do-trzymania-wlosow","8":"product_tag-kartacz","9":"product_tag-peruka","10":"product_tag-perukarstwo","12":"first","13":"instock","14":"taxable","15":"shipping-taxable","16":"purchasable","17":"product-type-simple"},"yoast_head":"<!-- This site is optimized with the Yoast SEO Premium plugin v24.5 (Yoast SEO v27.5) - https:\/\/yoast.com\/product\/yoast-seo-premium-wordpress\/ -->\n<title>Kartacz perukarski sk\u00f3rzany 18\u00d716 cm - NZK-Wigstore<\/title>\n<meta name=\"description\" content=\"Wykonany z wysokiej jako\u015bci sk\u00f3ry, przeznaczony do r\u0119cznego wi\u0105zania w\u0142os\u00f3w przy produkcji peruk, tupet\u00f3w i system\u00f3w uzupe\u0142nie\u0144 w\u0142os\u00f3w\" \/>\n<meta name=\"robots\" content=\"index, follow, max-snippet:-1, max-image-preview:large, max-video-preview:-1\" \/>\n<link rel=\"canonical\" href=\"https:\/\/wigstore-nzk.com\/en\/product\/kartacz-perukarski-skorzany-18x16-cm\/\" \/>\n<meta property=\"og:locale\" content=\"en_US\" \/>\n<meta property=\"og:type\" content=\"article\" \/>\n<meta property=\"og:title\" content=\"Kartacz perukarski sk\u00f3rzany 18\u00d716 cm\" \/>\n<meta property=\"og:description\" content=\"Wykonany z wysokiej jako\u015bci sk\u00f3ry, przeznaczony do r\u0119cznego wi\u0105zania w\u0142os\u00f3w przy produkcji peruk, tupet\u00f3w i system\u00f3w uzupe\u0142nie\u0144 w\u0142os\u00f3w\" \/>\n<meta property=\"og:url\" content=\"https:\/\/wigstore-nzk.com\/en\/product\/kartacz-perukarski-skorzany-18x16-cm\/\" \/>\n<meta property=\"og:site_name\" content=\"NZK-Wigstore\" \/>\n<meta property=\"article:modified_time\" content=\"2025-12-22T21:20:44+00:00\" \/>\n<meta property=\"og:image\" content=\"https:\/\/wigstore-nzk.com\/wp-content\/uploads\/2025\/06\/9A.jpg\" \/>\n\t<meta property=\"og:image:width\" content=\"1080\" \/>\n\t<meta property=\"og:image:height\" content=\"1080\" \/>\n\t<meta property=\"og:image:type\" content=\"image\/jpeg\" \/>\n<meta name=\"twitter:card\" content=\"summary_large_image\" \/>\n<meta name=\"twitter:label1\" content=\"Est. reading time\" \/>\n\t<meta name=\"twitter:data1\" content=\"1 minute\" \/>\n<script type=\"application\/ld+json\" class=\"yoast-schema-graph\">{\"@context\":\"https:\\\/\\\/schema.org\",\"@graph\":[{\"@type\":\"WebPage\",\"@id\":\"https:\\\/\\\/wigstore-nzk.com\\\/produkt\\\/kartacz-perukarski-skorzany-18x16-cm\\\/\",\"url\":\"https:\\\/\\\/wigstore-nzk.com\\\/produkt\\\/kartacz-perukarski-skorzany-18x16-cm\\\/\",\"name\":\"Kartacz perukarski sk\u00f3rzany 18\u00d716 cm - NZK-Wigstore\",\"isPartOf\":{\"@id\":\"https:\\\/\\\/wigstore-nzk.com\\\/#website\"},\"primaryImageOfPage\":{\"@id\":\"https:\\\/\\\/wigstore-nzk.com\\\/produkt\\\/kartacz-perukarski-skorzany-18x16-cm\\\/#primaryimage\"},\"image\":{\"@id\":\"https:\\\/\\\/wigstore-nzk.com\\\/produkt\\\/kartacz-perukarski-skorzany-18x16-cm\\\/#primaryimage\"},\"thumbnailUrl\":\"https:\\\/\\\/wigstore-nzk.com\\\/wp-content\\\/uploads\\\/2025\\\/06\\\/9A.jpg\",\"datePublished\":\"2025-06-02T20:51:47+00:00\",\"dateModified\":\"2025-12-22T21:20:44+00:00\",\"description\":\"Wykonany z wysokiej jako\u015bci sk\u00f3ry, przeznaczony do r\u0119cznego wi\u0105zania w\u0142os\u00f3w przy produkcji peruk, tupet\u00f3w i system\u00f3w uzupe\u0142nie\u0144 w\u0142os\u00f3w\",\"breadcrumb\":{\"@id\":\"https:\\\/\\\/wigstore-nzk.com\\\/produkt\\\/kartacz-perukarski-skorzany-18x16-cm\\\/#breadcrumb\"},\"inLanguage\":\"en-US\",\"potentialAction\":[{\"@type\":\"ReadAction\",\"target\":[\"https:\\\/\\\/wigstore-nzk.com\\\/produkt\\\/kartacz-perukarski-skorzany-18x16-cm\\\/\"]}]},{\"@type\":\"ImageObject\",\"inLanguage\":\"en-US\",\"@id\":\"https:\\\/\\\/wigstore-nzk.com\\\/produkt\\\/kartacz-perukarski-skorzany-18x16-cm\\\/#primaryimage\",\"url\":\"https:\\\/\\\/wigstore-nzk.com\\\/wp-content\\\/uploads\\\/2025\\\/06\\\/9A.jpg\",\"contentUrl\":\"https:\\\/\\\/wigstore-nzk.com\\\/wp-content\\\/uploads\\\/2025\\\/06\\\/9A.jpg\",\"width\":1080,\"height\":1080,\"caption\":\"Kartacz perukarski sk\u00f3rzany\"},{\"@type\":\"BreadcrumbList\",\"@id\":\"https:\\\/\\\/wigstore-nzk.com\\\/produkt\\\/kartacz-perukarski-skorzany-18x16-cm\\\/#breadcrumb\",\"itemListElement\":[{\"@type\":\"ListItem\",\"position\":1,\"name\":\"Strona g\u0142\u00f3wna\",\"item\":\"https:\\\/\\\/wigstore-nzk.com\\\/\"},{\"@type\":\"ListItem\",\"position\":2,\"name\":\"Sklep\",\"item\":\"https:\\\/\\\/wigstore-nzk.com\\\/sklep\\\/\"},{\"@type\":\"ListItem\",\"position\":3,\"name\":\"Kartacz perukarski sk\u00f3rzany 18\u00d716 cm\"}]},{\"@type\":\"WebSite\",\"@id\":\"https:\\\/\\\/wigstore-nzk.com\\\/#website\",\"url\":\"https:\\\/\\\/wigstore-nzk.com\\\/\",\"name\":\"NZK-Wigstore\",\"description\":\"\",\"potentialAction\":[{\"@type\":\"SearchAction\",\"target\":{\"@type\":\"EntryPoint\",\"urlTemplate\":\"https:\\\/\\\/wigstore-nzk.com\\\/?s={search_term_string}\"},\"query-input\":{\"@type\":\"PropertyValueSpecification\",\"valueRequired\":true,\"valueName\":\"search_term_string\"}}],\"inLanguage\":\"en-US\"}]}<\/script>\n<!-- \/ Yoast SEO Premium plugin. -->","yoast_head_json":{"title":"Kartacz perukarski sk\u00f3rzany 18\u00d716 cm - NZK-Wigstore","description":"Wykonany z wysokiej jako\u015bci sk\u00f3ry, przeznaczony do r\u0119cznego wi\u0105zania w\u0142os\u00f3w przy produkcji peruk, tupet\u00f3w i system\u00f3w uzupe\u0142nie\u0144 w\u0142os\u00f3w","robots":{"index":"index","follow":"follow","max-snippet":"max-snippet:-1","max-image-preview":"max-image-preview:large","max-video-preview":"max-video-preview:-1"},"canonical":"https:\/\/wigstore-nzk.com\/en\/product\/kartacz-perukarski-skorzany-18x16-cm\/","og_locale":"en_US","og_type":"article","og_title":"Kartacz perukarski sk\u00f3rzany 18\u00d716 cm","og_description":"Wykonany z wysokiej jako\u015bci sk\u00f3ry, przeznaczony do r\u0119cznego wi\u0105zania w\u0142os\u00f3w przy produkcji peruk, tupet\u00f3w i system\u00f3w uzupe\u0142nie\u0144 w\u0142os\u00f3w","og_url":"https:\/\/wigstore-nzk.com\/en\/product\/kartacz-perukarski-skorzany-18x16-cm\/","og_site_name":"NZK-Wigstore","article_modified_time":"2025-12-22T21:20:44+00:00","og_image":[{"width":1080,"height":1080,"url":"https:\/\/wigstore-nzk.com\/wp-content\/uploads\/2025\/06\/9A.jpg","type":"image\/jpeg"}],"twitter_card":"summary_large_image","twitter_misc":{"Est. reading time":"1 minute"},"schema":{"@context":"https:\/\/schema.org","@graph":[{"@type":"WebPage","@id":"https:\/\/wigstore-nzk.com\/produkt\/kartacz-perukarski-skorzany-18x16-cm\/","url":"https:\/\/wigstore-nzk.com\/produkt\/kartacz-perukarski-skorzany-18x16-cm\/","name":"Kartacz perukarski sk\u00f3rzany 18\u00d716 cm - NZK-Wigstore","isPartOf":{"@id":"https:\/\/wigstore-nzk.com\/#website"},"primaryImageOfPage":{"@id":"https:\/\/wigstore-nzk.com\/produkt\/kartacz-perukarski-skorzany-18x16-cm\/#primaryimage"},"image":{"@id":"https:\/\/wigstore-nzk.com\/produkt\/kartacz-perukarski-skorzany-18x16-cm\/#primaryimage"},"thumbnailUrl":"https:\/\/wigstore-nzk.com\/wp-content\/uploads\/2025\/06\/9A.jpg","datePublished":"2025-06-02T20:51:47+00:00","dateModified":"2025-12-22T21:20:44+00:00","description":"Wykonany z wysokiej jako\u015bci sk\u00f3ry, przeznaczony do r\u0119cznego wi\u0105zania w\u0142os\u00f3w przy produkcji peruk, tupet\u00f3w i system\u00f3w uzupe\u0142nie\u0144 w\u0142os\u00f3w","breadcrumb":{"@id":"https:\/\/wigstore-nzk.com\/produkt\/kartacz-perukarski-skorzany-18x16-cm\/#breadcrumb"},"inLanguage":"en-US","potentialAction":[{"@type":"ReadAction","target":["https:\/\/wigstore-nzk.com\/produkt\/kartacz-perukarski-skorzany-18x16-cm\/"]}]},{"@type":"ImageObject","inLanguage":"en-US","@id":"https:\/\/wigstore-nzk.com\/produkt\/kartacz-perukarski-skorzany-18x16-cm\/#primaryimage","url":"https:\/\/wigstore-nzk.com\/wp-content\/uploads\/2025\/06\/9A.jpg","contentUrl":"https:\/\/wigstore-nzk.com\/wp-content\/uploads\/2025\/06\/9A.jpg","width":1080,"height":1080,"caption":"Kartacz perukarski sk\u00f3rzany"},{"@type":"BreadcrumbList","@id":"https:\/\/wigstore-nzk.com\/produkt\/kartacz-perukarski-skorzany-18x16-cm\/#breadcrumb","itemListElement":[{"@type":"ListItem","position":1,"name":"Strona g\u0142\u00f3wna","item":"https:\/\/wigstore-nzk.com\/"},{"@type":"ListItem","position":2,"name":"Sklep","item":"https:\/\/wigstore-nzk.com\/sklep\/"},{"@type":"ListItem","position":3,"name":"Kartacz perukarski sk\u00f3rzany 18\u00d716 cm"}]},{"@type":"WebSite","@id":"https:\/\/wigstore-nzk.com\/#website","url":"https:\/\/wigstore-nzk.com\/","name":"NZK-Wigstore","description":"","potentialAction":[{"@type":"SearchAction","target":{"@type":"EntryPoint","urlTemplate":"https:\/\/wigstore-nzk.com\/?s={search_term_string}"},"query-input":{"@type":"PropertyValueSpecification","valueRequired":true,"valueName":"search_term_string"}}],"inLanguage":"en-US"}]}},"_links":{"self":[{"href":"https:\/\/wigstore-nzk.com\/en\/wp-json\/wp\/v2\/product\/2490","targetHints":{"allow":["GET"]}}],"collection":[{"href":"https:\/\/wigstore-nzk.com\/en\/wp-json\/wp\/v2\/product"}],"about":[{"href":"https:\/\/wigstore-nzk.com\/en\/wp-json\/wp\/v2\/types\/product"}],"version-history":[{"count":2,"href":"https:\/\/wigstore-nzk.com\/en\/wp-json\/wp\/v2\/product\/2490\/revisions"}],"predecessor-version":[{"id":2507,"href":"https:\/\/wigstore-nzk.com\/en\/wp-json\/wp\/v2\/product\/2490\/revisions\/2507"}],"wp:featuredmedia":[{"embeddable":true,"href":"https:\/\/wigstore-nzk.com\/en\/wp-json\/wp\/v2\/media\/2491"}],"wp:attachment":[{"href":"https:\/\/wigstore-nzk.com\/en\/wp-json\/wp\/v2\/media?parent=2490"}],"wp:term":[{"taxonomy":"product_brand","embeddable":true,"href":"https:\/\/wigstore-nzk.com\/en\/wp-json\/wp\/v2\/product_brand?post=2490"},{"taxonomy":"product_cat","embeddable":true,"href":"https:\/\/wigstore-nzk.com\/en\/wp-json\/wp\/v2\/product_cat?post=2490"},{"taxonomy":"product_tag","embeddable":true,"href":"https:\/\/wigstore-nzk.com\/en\/wp-json\/wp\/v2\/product_tag?post=2490"}],"curies":[{"name":"wp","href":"https:\/\/api.w.org\/{rel}","templated":true}]}}