{"id":2579,"date":"2025-06-26T22:36:08","date_gmt":"2025-06-26T20:36:08","guid":{"rendered":"https:\/\/wigstore-nzk.com\/?post_type=product&#038;p=2579"},"modified":"2026-04-23T20:46:04","modified_gmt":"2026-04-23T18:46:04","slug":"glowka-perukarska-z-poliuretanu-czarna-rozmiar-56","status":"publish","type":"product","link":"https:\/\/wigstore-nzk.com\/en\/product\/glowka-perukarska-z-poliuretanu-czarna-rozmiar-56\/","title":{"rendered":"G\u0142\u00f3wka perukarska z poliuretanu, czarna, rozmiar 56"},"content":{"rendered":"<p>Profesjonalna g\u0142\u00f3wka perukarska przeznaczona do pracy przy produkcji peruk, tupet\u00f3w, tresek i innych system\u00f3w uzupe\u0142nie\u0144 w\u0142os\u00f3w. Najcz\u0119\u015bciej wybieranym wariantem jest rozmiar 56 \u2013 58 cm, odpowiadaj\u0105cy przeci\u0119tnemu obwodowi g\u0142owy doros\u0142ej osoby.<\/p>\n<p>Kluczowe cechy<br \/>\n\u25cf Specjalistyczny materia\u0142 &#8211; Wykonana z elastycznego poliuretanu, kt\u00f3ry zapewnia bezpieczne pinowanie i stabilne mocowanie szpilek oraz klips\u00f3w.<\/p>\n<p>\u25cf Odwzorowanie naturalnego kszta\u0142tu &#8211; Ka\u017cdy rozmiar odpowiada przybli\u017conemu obwodowi ludzkiej g\u0142owy (w cm), co umo\u017cliwia precyzyjne dopasowanie formy do docelowego wyrobu.<\/p>\n<p>\u25cf W\u0142a\u015bciwo\u015bci powierzchni- Mniejsze g\u0142\u00f3wki (54\u201356 cm) s\u0105 minimalnie twardsze, natomiast wi\u0119ksze (57\u201359 cm) bardziej spr\u0119\u017cyste \u2013 r\u00f3\u017cnice wynikaj\u0105 wy\u0142\u0105cznie z procesu produkcyjnego i nie wp\u0142ywaj\u0105 na komfort pracy.<\/p>\n<p>\u25cf Odporno\u015b\u0107 na zabiegi chemiczne &#8211; Peruk\u0119 mo\u017cna my\u0107, farbowa\u0107 czy poddawa\u0107 trwa\u0142ej ondulacji bezpo\u015brednio na g\u0142\u00f3wce, bez konieczno\u015bci jej zdejmowania.<\/p>\n<p>Zastosowanie:<\/p>\n<p>\u25cf modelowanie i poddawanie zabiegom fryzjerskim peruk<\/p>\n<p>\u25cfwykonywanie form oraz montur peruk, tupetow, system\u00f3w w\u0142os\u00f3w odpowiadaj\u0105cy rozmiarowi ludzkiej glowy<\/p>\n<p>\u25cf tworzenie fryzur przed finalnym dopasowaniu na kliencie<\/p>\n<p>\u25cf suszenie oraz stylizacja po umyciu czy koloryzacji<\/p>\n<p>Zam\u00f3w teraz odpowiedni rozmiar i pracuj wygodniej, szybciej oraz precyzyjniej!<\/p>","protected":false},"excerpt":{"rendered":"<p>Profesjonalna g\u0142\u00f3wka perukarska przeznaczona do pracy przy produkcji peruk, tupet\u00f3w, tresek i innych system\u00f3w uzupe\u0142nie\u0144 w\u0142os\u00f3w. Najcz\u0119\u015bciej wybieranym wariantem jest rozmiar 56 \u2013 58 cm, odpowiadaj\u0105cy przeci\u0119tnemu obwodowi g\u0142owy doros\u0142ej osoby. Ogl\u0105dany produkt jest w rozmiarze 56<\/p>","protected":false},"featured_media":2495,"template":"","meta":[],"product_brand":[],"product_cat":[28,35],"product_tag":[361,330,78],"class_list":{"0":"post-2579","1":"product","2":"type-product","3":"status-publish","4":"has-post-thumbnail","6":"product_cat-akcesoria","7":"product_cat-glowki-i-uchwyty-na-peruke","8":"product_tag-glowka-perukarska","9":"product_tag-peruka","10":"product_tag-perukarstwo","12":"first","13":"instock","14":"taxable","15":"shipping-taxable","16":"purchasable","17":"product-type-simple"},"yoast_head":"<!-- This site is optimized with the Yoast SEO Premium plugin v24.5 (Yoast SEO v27.5) - https:\/\/yoast.com\/product\/yoast-seo-premium-wordpress\/ -->\n<title>G\u0142\u00f3wka perukarska z poliuretanu, czarna, rozmiar 56 - NZK-Wigstore<\/title>\n<meta name=\"description\" content=\"Profesjonalna g\u0142\u00f3wka perukarska przeznaczona do pracy przy produkcji peruk, tupet\u00f3w, tresek i innych system\u00f3w uzupe\u0142nie\u0144 w\u0142os\u00f3w.\" \/>\n<meta name=\"robots\" content=\"index, follow, max-snippet:-1, max-image-preview:large, max-video-preview:-1\" \/>\n<link rel=\"canonical\" href=\"https:\/\/wigstore-nzk.com\/en\/product\/glowka-perukarska-z-poliuretanu-czarna-rozmiar-56\/\" \/>\n<meta property=\"og:locale\" content=\"en_US\" \/>\n<meta property=\"og:type\" content=\"article\" \/>\n<meta property=\"og:title\" content=\"G\u0142\u00f3wka perukarska z poliuretanu, czarna, rozmiar 56\" \/>\n<meta property=\"og:description\" content=\"Profesjonalna g\u0142\u00f3wka perukarska przeznaczona do pracy przy produkcji peruk, tupet\u00f3w, tresek i innych system\u00f3w uzupe\u0142nie\u0144 w\u0142os\u00f3w.\" \/>\n<meta property=\"og:url\" content=\"https:\/\/wigstore-nzk.com\/en\/product\/glowka-perukarska-z-poliuretanu-czarna-rozmiar-56\/\" \/>\n<meta property=\"og:site_name\" content=\"NZK-Wigstore\" \/>\n<meta property=\"article:modified_time\" content=\"2026-04-23T18:46:04+00:00\" \/>\n<meta property=\"og:image\" content=\"https:\/\/wigstore-nzk.com\/wp-content\/uploads\/2025\/06\/10D.jpg\" \/>\n\t<meta property=\"og:image:width\" content=\"1080\" \/>\n\t<meta property=\"og:image:height\" content=\"1080\" \/>\n\t<meta property=\"og:image:type\" content=\"image\/jpeg\" \/>\n<meta name=\"twitter:card\" content=\"summary_large_image\" \/>\n<meta name=\"twitter:label1\" content=\"Est. reading time\" \/>\n\t<meta name=\"twitter:data1\" content=\"2 minutes\" \/>\n<script type=\"application\/ld+json\" class=\"yoast-schema-graph\">{\"@context\":\"https:\\\/\\\/schema.org\",\"@graph\":[{\"@type\":\"WebPage\",\"@id\":\"https:\\\/\\\/wigstore-nzk.com\\\/produkt\\\/glowka-perukarska-z-poliuretanu-czarna-rozmiar-56\\\/\",\"url\":\"https:\\\/\\\/wigstore-nzk.com\\\/produkt\\\/glowka-perukarska-z-poliuretanu-czarna-rozmiar-56\\\/\",\"name\":\"G\u0142\u00f3wka perukarska z poliuretanu, czarna, rozmiar 56 - NZK-Wigstore\",\"isPartOf\":{\"@id\":\"https:\\\/\\\/wigstore-nzk.com\\\/#website\"},\"primaryImageOfPage\":{\"@id\":\"https:\\\/\\\/wigstore-nzk.com\\\/produkt\\\/glowka-perukarska-z-poliuretanu-czarna-rozmiar-56\\\/#primaryimage\"},\"image\":{\"@id\":\"https:\\\/\\\/wigstore-nzk.com\\\/produkt\\\/glowka-perukarska-z-poliuretanu-czarna-rozmiar-56\\\/#primaryimage\"},\"thumbnailUrl\":\"https:\\\/\\\/wigstore-nzk.com\\\/wp-content\\\/uploads\\\/2025\\\/06\\\/10D.jpg\",\"datePublished\":\"2025-06-26T20:36:08+00:00\",\"dateModified\":\"2026-04-23T18:46:04+00:00\",\"description\":\"Profesjonalna g\u0142\u00f3wka perukarska przeznaczona do pracy przy produkcji peruk, tupet\u00f3w, tresek i innych system\u00f3w uzupe\u0142nie\u0144 w\u0142os\u00f3w.\",\"breadcrumb\":{\"@id\":\"https:\\\/\\\/wigstore-nzk.com\\\/produkt\\\/glowka-perukarska-z-poliuretanu-czarna-rozmiar-56\\\/#breadcrumb\"},\"inLanguage\":\"en-US\",\"potentialAction\":[{\"@type\":\"ReadAction\",\"target\":[\"https:\\\/\\\/wigstore-nzk.com\\\/produkt\\\/glowka-perukarska-z-poliuretanu-czarna-rozmiar-56\\\/\"]}]},{\"@type\":\"ImageObject\",\"inLanguage\":\"en-US\",\"@id\":\"https:\\\/\\\/wigstore-nzk.com\\\/produkt\\\/glowka-perukarska-z-poliuretanu-czarna-rozmiar-56\\\/#primaryimage\",\"url\":\"https:\\\/\\\/wigstore-nzk.com\\\/wp-content\\\/uploads\\\/2025\\\/06\\\/10D.jpg\",\"contentUrl\":\"https:\\\/\\\/wigstore-nzk.com\\\/wp-content\\\/uploads\\\/2025\\\/06\\\/10D.jpg\",\"width\":1080,\"height\":1080,\"caption\":\"G\u0142\u00f3wka perukarska robocza z poliuretanu\"},{\"@type\":\"BreadcrumbList\",\"@id\":\"https:\\\/\\\/wigstore-nzk.com\\\/produkt\\\/glowka-perukarska-z-poliuretanu-czarna-rozmiar-56\\\/#breadcrumb\",\"itemListElement\":[{\"@type\":\"ListItem\",\"position\":1,\"name\":\"Strona g\u0142\u00f3wna\",\"item\":\"https:\\\/\\\/wigstore-nzk.com\\\/\"},{\"@type\":\"ListItem\",\"position\":2,\"name\":\"Sklep\",\"item\":\"https:\\\/\\\/wigstore-nzk.com\\\/sklep\\\/\"},{\"@type\":\"ListItem\",\"position\":3,\"name\":\"G\u0142\u00f3wka perukarska z poliuretanu, czarna, rozmiar 56\"}]},{\"@type\":\"WebSite\",\"@id\":\"https:\\\/\\\/wigstore-nzk.com\\\/#website\",\"url\":\"https:\\\/\\\/wigstore-nzk.com\\\/\",\"name\":\"NZK-Wigstore\",\"description\":\"\",\"potentialAction\":[{\"@type\":\"SearchAction\",\"target\":{\"@type\":\"EntryPoint\",\"urlTemplate\":\"https:\\\/\\\/wigstore-nzk.com\\\/?s={search_term_string}\"},\"query-input\":{\"@type\":\"PropertyValueSpecification\",\"valueRequired\":true,\"valueName\":\"search_term_string\"}}],\"inLanguage\":\"en-US\"}]}<\/script>\n<!-- \/ Yoast SEO Premium plugin. -->","yoast_head_json":{"title":"G\u0142\u00f3wka perukarska z poliuretanu, czarna, rozmiar 56 - NZK-Wigstore","description":"Profesjonalna g\u0142\u00f3wka perukarska przeznaczona do pracy przy produkcji peruk, tupet\u00f3w, tresek i innych system\u00f3w uzupe\u0142nie\u0144 w\u0142os\u00f3w.","robots":{"index":"index","follow":"follow","max-snippet":"max-snippet:-1","max-image-preview":"max-image-preview:large","max-video-preview":"max-video-preview:-1"},"canonical":"https:\/\/wigstore-nzk.com\/en\/product\/glowka-perukarska-z-poliuretanu-czarna-rozmiar-56\/","og_locale":"en_US","og_type":"article","og_title":"G\u0142\u00f3wka perukarska z poliuretanu, czarna, rozmiar 56","og_description":"Profesjonalna g\u0142\u00f3wka perukarska przeznaczona do pracy przy produkcji peruk, tupet\u00f3w, tresek i innych system\u00f3w uzupe\u0142nie\u0144 w\u0142os\u00f3w.","og_url":"https:\/\/wigstore-nzk.com\/en\/product\/glowka-perukarska-z-poliuretanu-czarna-rozmiar-56\/","og_site_name":"NZK-Wigstore","article_modified_time":"2026-04-23T18:46:04+00:00","og_image":[{"width":1080,"height":1080,"url":"https:\/\/wigstore-nzk.com\/wp-content\/uploads\/2025\/06\/10D.jpg","type":"image\/jpeg"}],"twitter_card":"summary_large_image","twitter_misc":{"Est. reading time":"2 minutes"},"schema":{"@context":"https:\/\/schema.org","@graph":[{"@type":"WebPage","@id":"https:\/\/wigstore-nzk.com\/produkt\/glowka-perukarska-z-poliuretanu-czarna-rozmiar-56\/","url":"https:\/\/wigstore-nzk.com\/produkt\/glowka-perukarska-z-poliuretanu-czarna-rozmiar-56\/","name":"G\u0142\u00f3wka perukarska z poliuretanu, czarna, rozmiar 56 - NZK-Wigstore","isPartOf":{"@id":"https:\/\/wigstore-nzk.com\/#website"},"primaryImageOfPage":{"@id":"https:\/\/wigstore-nzk.com\/produkt\/glowka-perukarska-z-poliuretanu-czarna-rozmiar-56\/#primaryimage"},"image":{"@id":"https:\/\/wigstore-nzk.com\/produkt\/glowka-perukarska-z-poliuretanu-czarna-rozmiar-56\/#primaryimage"},"thumbnailUrl":"https:\/\/wigstore-nzk.com\/wp-content\/uploads\/2025\/06\/10D.jpg","datePublished":"2025-06-26T20:36:08+00:00","dateModified":"2026-04-23T18:46:04+00:00","description":"Profesjonalna g\u0142\u00f3wka perukarska przeznaczona do pracy przy produkcji peruk, tupet\u00f3w, tresek i innych system\u00f3w uzupe\u0142nie\u0144 w\u0142os\u00f3w.","breadcrumb":{"@id":"https:\/\/wigstore-nzk.com\/produkt\/glowka-perukarska-z-poliuretanu-czarna-rozmiar-56\/#breadcrumb"},"inLanguage":"en-US","potentialAction":[{"@type":"ReadAction","target":["https:\/\/wigstore-nzk.com\/produkt\/glowka-perukarska-z-poliuretanu-czarna-rozmiar-56\/"]}]},{"@type":"ImageObject","inLanguage":"en-US","@id":"https:\/\/wigstore-nzk.com\/produkt\/glowka-perukarska-z-poliuretanu-czarna-rozmiar-56\/#primaryimage","url":"https:\/\/wigstore-nzk.com\/wp-content\/uploads\/2025\/06\/10D.jpg","contentUrl":"https:\/\/wigstore-nzk.com\/wp-content\/uploads\/2025\/06\/10D.jpg","width":1080,"height":1080,"caption":"G\u0142\u00f3wka perukarska robocza z poliuretanu"},{"@type":"BreadcrumbList","@id":"https:\/\/wigstore-nzk.com\/produkt\/glowka-perukarska-z-poliuretanu-czarna-rozmiar-56\/#breadcrumb","itemListElement":[{"@type":"ListItem","position":1,"name":"Strona g\u0142\u00f3wna","item":"https:\/\/wigstore-nzk.com\/"},{"@type":"ListItem","position":2,"name":"Sklep","item":"https:\/\/wigstore-nzk.com\/sklep\/"},{"@type":"ListItem","position":3,"name":"G\u0142\u00f3wka perukarska z poliuretanu, czarna, rozmiar 56"}]},{"@type":"WebSite","@id":"https:\/\/wigstore-nzk.com\/#website","url":"https:\/\/wigstore-nzk.com\/","name":"NZK-Wigstore","description":"","potentialAction":[{"@type":"SearchAction","target":{"@type":"EntryPoint","urlTemplate":"https:\/\/wigstore-nzk.com\/?s={search_term_string}"},"query-input":{"@type":"PropertyValueSpecification","valueRequired":true,"valueName":"search_term_string"}}],"inLanguage":"en-US"}]}},"_links":{"self":[{"href":"https:\/\/wigstore-nzk.com\/en\/wp-json\/wp\/v2\/product\/2579","targetHints":{"allow":["GET"]}}],"collection":[{"href":"https:\/\/wigstore-nzk.com\/en\/wp-json\/wp\/v2\/product"}],"about":[{"href":"https:\/\/wigstore-nzk.com\/en\/wp-json\/wp\/v2\/types\/product"}],"version-history":[{"count":2,"href":"https:\/\/wigstore-nzk.com\/en\/wp-json\/wp\/v2\/product\/2579\/revisions"}],"predecessor-version":[{"id":3078,"href":"https:\/\/wigstore-nzk.com\/en\/wp-json\/wp\/v2\/product\/2579\/revisions\/3078"}],"wp:featuredmedia":[{"embeddable":true,"href":"https:\/\/wigstore-nzk.com\/en\/wp-json\/wp\/v2\/media\/2495"}],"wp:attachment":[{"href":"https:\/\/wigstore-nzk.com\/en\/wp-json\/wp\/v2\/media?parent=2579"}],"wp:term":[{"taxonomy":"product_brand","embeddable":true,"href":"https:\/\/wigstore-nzk.com\/en\/wp-json\/wp\/v2\/product_brand?post=2579"},{"taxonomy":"product_cat","embeddable":true,"href":"https:\/\/wigstore-nzk.com\/en\/wp-json\/wp\/v2\/product_cat?post=2579"},{"taxonomy":"product_tag","embeddable":true,"href":"https:\/\/wigstore-nzk.com\/en\/wp-json\/wp\/v2\/product_tag?post=2579"}],"curies":[{"name":"wp","href":"https:\/\/api.w.org\/{rel}","templated":true}]}}