{"id":2606,"date":"2025-06-29T22:18:50","date_gmt":"2025-06-29T20:18:50","guid":{"rendered":"https:\/\/wigstore-nzk.com\/?post_type=product&#038;p=2606"},"modified":"2025-12-09T16:29:54","modified_gmt":"2025-12-09T15:29:54","slug":"tresbanka-perukarska-pletniak","status":"publish","type":"product","link":"https:\/\/wigstore-nzk.com\/en\/product\/tresbanka-perukarska-pletniak\/","title":{"rendered":"Tresbanka Perukarska (pletniak), 6 ko\u0142k\u00f3w"},"content":{"rendered":"<pre class=\"a-b-r-La\">Profesjonalna tresbanka perukarska, znana r\u00f3wnie\u017c jako pletniak, to podstawowe narz\u0119dzie do r\u0119cznego wykonywania tresek \u2013 ta\u015bm z w\u0142osami wykorzystywanych w produkcji peruk, tupet\u00f3w i dopinek. Wykonana z naturalnego drewna, zapewnia wygod\u0119 i precyzj\u0119 pracy.\r\n\r\nIdealna zar\u00f3wno dla pocz\u0105tkuj\u0105cych, jak i zaawansowanych perukarzy. Niezb\u0119dna w ka\u017cdej pracowni zajmuj\u0105cej si\u0119 tworzeniem peruk i system\u00f3w w\u0142os\u00f3w.\r\n\r\n Zastosowanie:\r\n- Tworzenie tresek r\u0119cznie\r\n- Produkcja peruk i dopinek\r\n- Nauka i praktyka perukarstwa\r\n\r\nProdukt jest cz\u0119\u015bci\u0105 zestawu, kt\u00f3rego elementy kupowane s\u0105 osobno. Ca\u0142y zestaw powinien si\u0119 sk\u0142ada\u0107 z nast\u0119puj\u0105cych element\u00f3w:\r\n- Tresbanka Perukarska (pletniak), 1 ko\u0142ek\r\n- Tresbanka Perukarska (pletniak), 6 ko\u0142k\u00f3w\r\n- Dwie sztuki metalowy zacisk perukarski do tresbanek, typ A lub typ B<\/pre>","protected":false},"excerpt":{"rendered":"<p><strong data-start=\"94\" data-end=\"132\">Profesjonalna tresbanka perukarska<\/strong> (pletniak) to solidne narz\u0119dzie do r\u0119cznego wykonywania tresek \u2013 ta\u015bm z w\u0142osami wykorzystywanych w produkcji peruk, tupet\u00f3w i system\u00f3w w\u0142os\u00f3w. Wykonana z naturalnego drewna. Idealna zar\u00f3wno dla profesjonalist\u00f3w, jak i hobbyst\u00f3w, umo\u017cliwia precyzyjne przeplatanie i wi\u0105zanie w\u0142os\u00f3w przy pomocy ig\u0142y perukarskiej.<\/p>\n<p>&nbsp;<\/p>\n<p>Produkt jest cz\u0119\u015bci\u0105 zestawu, kt\u00f3rego elementy kupowane s\u0105 osobno. Ca\u0142y zestaw powinien si\u0119 sk\u0142ada\u0107 z nast\u0119puj\u0105cych element\u00f3w:<br \/>\n&#8211; Tresbanka Perukarska (pletniak), 1 ko\u0142ek<br \/>\n&#8211; Tresbanka Perukarska (pletniak), 6 ko\u0142k\u00f3w<br \/>\n&#8211; Dwie sztuki metalowy zacisk perukarski do tresbanek, typ A lub typ B<\/p>","protected":false},"featured_media":2607,"template":"","meta":[],"product_brand":[],"product_cat":[28,44],"product_tag":[],"class_list":{"0":"post-2606","1":"product","2":"type-product","3":"status-publish","4":"has-post-thumbnail","6":"product_cat-akcesoria","7":"product_cat-przyrzady-do-trzymania-wlosow","9":"first","10":"instock","11":"taxable","12":"shipping-taxable","13":"purchasable","14":"product-type-simple"},"yoast_head":"<!-- This site is optimized with the Yoast SEO Premium plugin v24.5 (Yoast SEO v27.5) - https:\/\/yoast.com\/product\/yoast-seo-premium-wordpress\/ -->\n<title>Tresbanka Perukarska (pletniak), 6 ko\u0142k\u00f3w - NZK-Wigstore<\/title>\n<meta name=\"description\" content=\"Profesjonalna tresbanka perukarska - solidne narz\u0119dzie do r\u0119cznego wykonywania tresek, peruk, tupet\u00f3w i system\u00f3w w\u0142os\u00f3w.\" \/>\n<meta name=\"robots\" content=\"index, follow, max-snippet:-1, max-image-preview:large, max-video-preview:-1\" \/>\n<link rel=\"canonical\" href=\"https:\/\/wigstore-nzk.com\/en\/product\/tresbanka-perukarska-pletniak\/\" \/>\n<meta property=\"og:locale\" content=\"en_US\" \/>\n<meta property=\"og:type\" content=\"article\" \/>\n<meta property=\"og:title\" content=\"Tresbanka Perukarska (pletniak), 6 ko\u0142k\u00f3w\" \/>\n<meta property=\"og:description\" content=\"Profesjonalna tresbanka perukarska - solidne narz\u0119dzie do r\u0119cznego wykonywania tresek, peruk, tupet\u00f3w i system\u00f3w w\u0142os\u00f3w.\" \/>\n<meta property=\"og:url\" content=\"https:\/\/wigstore-nzk.com\/en\/product\/tresbanka-perukarska-pletniak\/\" \/>\n<meta property=\"og:site_name\" content=\"NZK-Wigstore\" \/>\n<meta property=\"article:modified_time\" content=\"2025-12-09T15:29:54+00:00\" \/>\n<meta property=\"og:image\" content=\"https:\/\/wigstore-nzk.com\/wp-content\/uploads\/2025\/06\/42.png\" \/>\n\t<meta property=\"og:image:width\" content=\"1080\" \/>\n\t<meta property=\"og:image:height\" content=\"1440\" \/>\n\t<meta property=\"og:image:type\" content=\"image\/png\" \/>\n<meta name=\"twitter:card\" content=\"summary_large_image\" \/>\n<meta name=\"twitter:label1\" content=\"Est. reading time\" \/>\n\t<meta name=\"twitter:data1\" content=\"1 minute\" \/>\n<script type=\"application\/ld+json\" class=\"yoast-schema-graph\">{\"@context\":\"https:\\\/\\\/schema.org\",\"@graph\":[{\"@type\":\"WebPage\",\"@id\":\"https:\\\/\\\/wigstore-nzk.com\\\/produkt\\\/tresbanka-perukarska-pletniak\\\/\",\"url\":\"https:\\\/\\\/wigstore-nzk.com\\\/produkt\\\/tresbanka-perukarska-pletniak\\\/\",\"name\":\"Tresbanka Perukarska (pletniak), 6 ko\u0142k\u00f3w - NZK-Wigstore\",\"isPartOf\":{\"@id\":\"https:\\\/\\\/wigstore-nzk.com\\\/#website\"},\"primaryImageOfPage\":{\"@id\":\"https:\\\/\\\/wigstore-nzk.com\\\/produkt\\\/tresbanka-perukarska-pletniak\\\/#primaryimage\"},\"image\":{\"@id\":\"https:\\\/\\\/wigstore-nzk.com\\\/produkt\\\/tresbanka-perukarska-pletniak\\\/#primaryimage\"},\"thumbnailUrl\":\"https:\\\/\\\/wigstore-nzk.com\\\/wp-content\\\/uploads\\\/2025\\\/06\\\/42.png\",\"datePublished\":\"2025-06-29T20:18:50+00:00\",\"dateModified\":\"2025-12-09T15:29:54+00:00\",\"description\":\"Profesjonalna tresbanka perukarska - solidne narz\u0119dzie do r\u0119cznego wykonywania tresek, peruk, tupet\u00f3w i system\u00f3w w\u0142os\u00f3w.\",\"breadcrumb\":{\"@id\":\"https:\\\/\\\/wigstore-nzk.com\\\/produkt\\\/tresbanka-perukarska-pletniak\\\/#breadcrumb\"},\"inLanguage\":\"en-US\",\"potentialAction\":[{\"@type\":\"ReadAction\",\"target\":[\"https:\\\/\\\/wigstore-nzk.com\\\/produkt\\\/tresbanka-perukarska-pletniak\\\/\"]}]},{\"@type\":\"ImageObject\",\"inLanguage\":\"en-US\",\"@id\":\"https:\\\/\\\/wigstore-nzk.com\\\/produkt\\\/tresbanka-perukarska-pletniak\\\/#primaryimage\",\"url\":\"https:\\\/\\\/wigstore-nzk.com\\\/wp-content\\\/uploads\\\/2025\\\/06\\\/42.png\",\"contentUrl\":\"https:\\\/\\\/wigstore-nzk.com\\\/wp-content\\\/uploads\\\/2025\\\/06\\\/42.png\",\"width\":1080,\"height\":1440,\"caption\":\"Tresbank\"},{\"@type\":\"BreadcrumbList\",\"@id\":\"https:\\\/\\\/wigstore-nzk.com\\\/produkt\\\/tresbanka-perukarska-pletniak\\\/#breadcrumb\",\"itemListElement\":[{\"@type\":\"ListItem\",\"position\":1,\"name\":\"Strona g\u0142\u00f3wna\",\"item\":\"https:\\\/\\\/wigstore-nzk.com\\\/\"},{\"@type\":\"ListItem\",\"position\":2,\"name\":\"Sklep\",\"item\":\"https:\\\/\\\/wigstore-nzk.com\\\/sklep\\\/\"},{\"@type\":\"ListItem\",\"position\":3,\"name\":\"Tresbanka Perukarska (pletniak), 6 ko\u0142k\u00f3w\"}]},{\"@type\":\"WebSite\",\"@id\":\"https:\\\/\\\/wigstore-nzk.com\\\/#website\",\"url\":\"https:\\\/\\\/wigstore-nzk.com\\\/\",\"name\":\"NZK-Wigstore\",\"description\":\"\",\"potentialAction\":[{\"@type\":\"SearchAction\",\"target\":{\"@type\":\"EntryPoint\",\"urlTemplate\":\"https:\\\/\\\/wigstore-nzk.com\\\/?s={search_term_string}\"},\"query-input\":{\"@type\":\"PropertyValueSpecification\",\"valueRequired\":true,\"valueName\":\"search_term_string\"}}],\"inLanguage\":\"en-US\"}]}<\/script>\n<!-- \/ Yoast SEO Premium plugin. -->","yoast_head_json":{"title":"Tresbanka Perukarska (pletniak), 6 ko\u0142k\u00f3w - NZK-Wigstore","description":"Profesjonalna tresbanka perukarska - solidne narz\u0119dzie do r\u0119cznego wykonywania tresek, peruk, tupet\u00f3w i system\u00f3w w\u0142os\u00f3w.","robots":{"index":"index","follow":"follow","max-snippet":"max-snippet:-1","max-image-preview":"max-image-preview:large","max-video-preview":"max-video-preview:-1"},"canonical":"https:\/\/wigstore-nzk.com\/en\/product\/tresbanka-perukarska-pletniak\/","og_locale":"en_US","og_type":"article","og_title":"Tresbanka Perukarska (pletniak), 6 ko\u0142k\u00f3w","og_description":"Profesjonalna tresbanka perukarska - solidne narz\u0119dzie do r\u0119cznego wykonywania tresek, peruk, tupet\u00f3w i system\u00f3w w\u0142os\u00f3w.","og_url":"https:\/\/wigstore-nzk.com\/en\/product\/tresbanka-perukarska-pletniak\/","og_site_name":"NZK-Wigstore","article_modified_time":"2025-12-09T15:29:54+00:00","og_image":[{"width":1080,"height":1440,"url":"https:\/\/wigstore-nzk.com\/wp-content\/uploads\/2025\/06\/42.png","type":"image\/png"}],"twitter_card":"summary_large_image","twitter_misc":{"Est. reading time":"1 minute"},"schema":{"@context":"https:\/\/schema.org","@graph":[{"@type":"WebPage","@id":"https:\/\/wigstore-nzk.com\/produkt\/tresbanka-perukarska-pletniak\/","url":"https:\/\/wigstore-nzk.com\/produkt\/tresbanka-perukarska-pletniak\/","name":"Tresbanka Perukarska (pletniak), 6 ko\u0142k\u00f3w - NZK-Wigstore","isPartOf":{"@id":"https:\/\/wigstore-nzk.com\/#website"},"primaryImageOfPage":{"@id":"https:\/\/wigstore-nzk.com\/produkt\/tresbanka-perukarska-pletniak\/#primaryimage"},"image":{"@id":"https:\/\/wigstore-nzk.com\/produkt\/tresbanka-perukarska-pletniak\/#primaryimage"},"thumbnailUrl":"https:\/\/wigstore-nzk.com\/wp-content\/uploads\/2025\/06\/42.png","datePublished":"2025-06-29T20:18:50+00:00","dateModified":"2025-12-09T15:29:54+00:00","description":"Profesjonalna tresbanka perukarska - solidne narz\u0119dzie do r\u0119cznego wykonywania tresek, peruk, tupet\u00f3w i system\u00f3w w\u0142os\u00f3w.","breadcrumb":{"@id":"https:\/\/wigstore-nzk.com\/produkt\/tresbanka-perukarska-pletniak\/#breadcrumb"},"inLanguage":"en-US","potentialAction":[{"@type":"ReadAction","target":["https:\/\/wigstore-nzk.com\/produkt\/tresbanka-perukarska-pletniak\/"]}]},{"@type":"ImageObject","inLanguage":"en-US","@id":"https:\/\/wigstore-nzk.com\/produkt\/tresbanka-perukarska-pletniak\/#primaryimage","url":"https:\/\/wigstore-nzk.com\/wp-content\/uploads\/2025\/06\/42.png","contentUrl":"https:\/\/wigstore-nzk.com\/wp-content\/uploads\/2025\/06\/42.png","width":1080,"height":1440,"caption":"Tresbank"},{"@type":"BreadcrumbList","@id":"https:\/\/wigstore-nzk.com\/produkt\/tresbanka-perukarska-pletniak\/#breadcrumb","itemListElement":[{"@type":"ListItem","position":1,"name":"Strona g\u0142\u00f3wna","item":"https:\/\/wigstore-nzk.com\/"},{"@type":"ListItem","position":2,"name":"Sklep","item":"https:\/\/wigstore-nzk.com\/sklep\/"},{"@type":"ListItem","position":3,"name":"Tresbanka Perukarska (pletniak), 6 ko\u0142k\u00f3w"}]},{"@type":"WebSite","@id":"https:\/\/wigstore-nzk.com\/#website","url":"https:\/\/wigstore-nzk.com\/","name":"NZK-Wigstore","description":"","potentialAction":[{"@type":"SearchAction","target":{"@type":"EntryPoint","urlTemplate":"https:\/\/wigstore-nzk.com\/?s={search_term_string}"},"query-input":{"@type":"PropertyValueSpecification","valueRequired":true,"valueName":"search_term_string"}}],"inLanguage":"en-US"}]}},"_links":{"self":[{"href":"https:\/\/wigstore-nzk.com\/en\/wp-json\/wp\/v2\/product\/2606","targetHints":{"allow":["GET"]}}],"collection":[{"href":"https:\/\/wigstore-nzk.com\/en\/wp-json\/wp\/v2\/product"}],"about":[{"href":"https:\/\/wigstore-nzk.com\/en\/wp-json\/wp\/v2\/types\/product"}],"version-history":[{"count":5,"href":"https:\/\/wigstore-nzk.com\/en\/wp-json\/wp\/v2\/product\/2606\/revisions"}],"predecessor-version":[{"id":3169,"href":"https:\/\/wigstore-nzk.com\/en\/wp-json\/wp\/v2\/product\/2606\/revisions\/3169"}],"wp:featuredmedia":[{"embeddable":true,"href":"https:\/\/wigstore-nzk.com\/en\/wp-json\/wp\/v2\/media\/2607"}],"wp:attachment":[{"href":"https:\/\/wigstore-nzk.com\/en\/wp-json\/wp\/v2\/media?parent=2606"}],"wp:term":[{"taxonomy":"product_brand","embeddable":true,"href":"https:\/\/wigstore-nzk.com\/en\/wp-json\/wp\/v2\/product_brand?post=2606"},{"taxonomy":"product_cat","embeddable":true,"href":"https:\/\/wigstore-nzk.com\/en\/wp-json\/wp\/v2\/product_cat?post=2606"},{"taxonomy":"product_tag","embeddable":true,"href":"https:\/\/wigstore-nzk.com\/en\/wp-json\/wp\/v2\/product_tag?post=2606"}],"curies":[{"name":"wp","href":"https:\/\/api.w.org\/{rel}","templated":true}]}}