{"id":2643,"date":"2025-07-09T21:52:29","date_gmt":"2025-07-09T19:52:29","guid":{"rendered":"https:\/\/wigstore-nzk.com\/?post_type=product&#038;p=2643"},"modified":"2025-11-06T15:18:17","modified_gmt":"2025-11-06T14:18:17","slug":"preparat-do-usuwania-kleju-manager-top-200ml","status":"publish","type":"product","link":"https:\/\/wigstore-nzk.com\/en\/product\/preparat-do-usuwania-kleju-manager-top-200ml\/","title":{"rendered":"Preparat do usuwania kleju Manager Top, 200ml"},"content":{"rendered":"<p data-start=\"20\" data-end=\"556\">Track-Safe Remover Spray to profesjonalny \u015brodek czyszcz\u0105cy marki Manager Top, stworzony do bezpiecznego i skutecznego usuwania systemu Track-Safe ze sk\u00f3ry g\u0142owy. Dzi\u0119ki specjalnie opracowanej formule delikatnie rozpuszcza pozosta\u0142o\u015bci kleju, nie podra\u017cniaj\u0105c sk\u00f3ry. Idealny do stosowania podczas zdejmowania system\u00f3w w\u0142os\u00f3w, peruk oraz tres mocowanych na klej lub ta\u015bmy. Preparat w formie wygodnego sprayu zapewnia precyzyjne dozowanie i szybkie dzia\u0142anie.<\/p>\n<p>&nbsp;<\/p>\n<p data-start=\"558\" data-end=\"577\"><strong data-start=\"558\" data-end=\"577\">Cechy produktu:<\/strong><\/p>\n<ul data-start=\"578\" data-end=\"769\">\n<li data-start=\"578\" data-end=\"597\">\n<p data-start=\"580\" data-end=\"597\">Pojemno\u015b\u0107: 200 ml<\/p>\n<\/li>\n<li data-start=\"598\" data-end=\"646\">\n<p data-start=\"600\" data-end=\"646\">Szybko i skutecznie rozpuszcza klej<\/p>\n<\/li>\n<li data-start=\"647\" data-end=\"674\">\n<p data-start=\"649\" data-end=\"674\">Delikatny dla sk\u00f3ry g\u0142owy<\/p>\n<\/li>\n<li data-start=\"675\" data-end=\"703\">\n<p data-start=\"677\" data-end=\"703\">Wygodny aplikator w sprayu<\/p>\n<\/li>\n<li data-start=\"704\" data-end=\"769\">\n<p data-start=\"706\" data-end=\"769\">Idealny do system\u00f3w w\u0142os\u00f3w i peruk mocowanych na klej lub ta\u015bmy<\/p>\n<\/li>\n<\/ul>","protected":false},"excerpt":{"rendered":"<p>Delikatny i skuteczny preparat w sprayu do usuwania system\u00f3w w\u0142os\u00f3w mocowanych na klej.<\/p>","protected":false},"featured_media":2646,"template":"","meta":[],"product_brand":[],"product_cat":[367],"product_tag":[],"class_list":{"0":"post-2643","1":"product","2":"type-product","3":"status-publish","4":"has-post-thumbnail","6":"product_cat-kosmetyki","8":"first","9":"instock","10":"taxable","11":"shipping-taxable","12":"purchasable","13":"product-type-simple"},"yoast_head":"<!-- This site is optimized with the Yoast SEO Premium plugin v24.5 (Yoast SEO v27.5) - https:\/\/yoast.com\/product\/yoast-seo-premium-wordpress\/ -->\n<title>Preparat do usuwania kleju Manager Top, 200ml - NZK-Wigstore<\/title>\n<meta name=\"description\" content=\"Delikatny i skuteczny preparat w sprayu do usuwania system\u00f3w w\u0142os\u00f3w mocowanych na klej.\" \/>\n<meta name=\"robots\" content=\"index, follow, max-snippet:-1, max-image-preview:large, max-video-preview:-1\" \/>\n<link rel=\"canonical\" href=\"https:\/\/wigstore-nzk.com\/en\/product\/preparat-do-usuwania-kleju-manager-top-200ml\/\" \/>\n<meta property=\"og:locale\" content=\"en_US\" \/>\n<meta property=\"og:type\" content=\"article\" \/>\n<meta property=\"og:title\" content=\"Preparat do usuwania kleju Manager Top, 200ml\" \/>\n<meta property=\"og:description\" content=\"Delikatny i skuteczny preparat w sprayu do usuwania system\u00f3w w\u0142os\u00f3w mocowanych na klej.\" \/>\n<meta property=\"og:url\" content=\"https:\/\/wigstore-nzk.com\/en\/product\/preparat-do-usuwania-kleju-manager-top-200ml\/\" \/>\n<meta property=\"og:site_name\" content=\"NZK-Wigstore\" \/>\n<meta property=\"article:modified_time\" content=\"2025-11-06T14:18:17+00:00\" \/>\n<meta property=\"og:image\" content=\"https:\/\/wigstore-nzk.com\/wp-content\/uploads\/2025\/07\/34.png\" \/>\n\t<meta property=\"og:image:width\" content=\"1080\" \/>\n\t<meta property=\"og:image:height\" content=\"1920\" \/>\n\t<meta property=\"og:image:type\" content=\"image\/png\" \/>\n<meta name=\"twitter:card\" content=\"summary_large_image\" \/>\n<meta name=\"twitter:label1\" content=\"Est. reading time\" \/>\n\t<meta name=\"twitter:data1\" content=\"1 minute\" \/>\n<script type=\"application\/ld+json\" class=\"yoast-schema-graph\">{\"@context\":\"https:\\\/\\\/schema.org\",\"@graph\":[{\"@type\":\"WebPage\",\"@id\":\"https:\\\/\\\/wigstore-nzk.com\\\/produkt\\\/preparat-do-usuwania-kleju-manager-top-200ml\\\/\",\"url\":\"https:\\\/\\\/wigstore-nzk.com\\\/produkt\\\/preparat-do-usuwania-kleju-manager-top-200ml\\\/\",\"name\":\"Preparat do usuwania kleju Manager Top, 200ml - NZK-Wigstore\",\"isPartOf\":{\"@id\":\"https:\\\/\\\/wigstore-nzk.com\\\/#website\"},\"primaryImageOfPage\":{\"@id\":\"https:\\\/\\\/wigstore-nzk.com\\\/produkt\\\/preparat-do-usuwania-kleju-manager-top-200ml\\\/#primaryimage\"},\"image\":{\"@id\":\"https:\\\/\\\/wigstore-nzk.com\\\/produkt\\\/preparat-do-usuwania-kleju-manager-top-200ml\\\/#primaryimage\"},\"thumbnailUrl\":\"https:\\\/\\\/wigstore-nzk.com\\\/wp-content\\\/uploads\\\/2025\\\/07\\\/34.png\",\"datePublished\":\"2025-07-09T19:52:29+00:00\",\"dateModified\":\"2025-11-06T14:18:17+00:00\",\"description\":\"Delikatny i skuteczny preparat w sprayu do usuwania system\u00f3w w\u0142os\u00f3w mocowanych na klej.\",\"breadcrumb\":{\"@id\":\"https:\\\/\\\/wigstore-nzk.com\\\/produkt\\\/preparat-do-usuwania-kleju-manager-top-200ml\\\/#breadcrumb\"},\"inLanguage\":\"en-US\",\"potentialAction\":[{\"@type\":\"ReadAction\",\"target\":[\"https:\\\/\\\/wigstore-nzk.com\\\/produkt\\\/preparat-do-usuwania-kleju-manager-top-200ml\\\/\"]}]},{\"@type\":\"ImageObject\",\"inLanguage\":\"en-US\",\"@id\":\"https:\\\/\\\/wigstore-nzk.com\\\/produkt\\\/preparat-do-usuwania-kleju-manager-top-200ml\\\/#primaryimage\",\"url\":\"https:\\\/\\\/wigstore-nzk.com\\\/wp-content\\\/uploads\\\/2025\\\/07\\\/34.png\",\"contentUrl\":\"https:\\\/\\\/wigstore-nzk.com\\\/wp-content\\\/uploads\\\/2025\\\/07\\\/34.png\",\"width\":1080,\"height\":1920,\"caption\":\"Usuwanie kleju\"},{\"@type\":\"BreadcrumbList\",\"@id\":\"https:\\\/\\\/wigstore-nzk.com\\\/produkt\\\/preparat-do-usuwania-kleju-manager-top-200ml\\\/#breadcrumb\",\"itemListElement\":[{\"@type\":\"ListItem\",\"position\":1,\"name\":\"Strona g\u0142\u00f3wna\",\"item\":\"https:\\\/\\\/wigstore-nzk.com\\\/\"},{\"@type\":\"ListItem\",\"position\":2,\"name\":\"Sklep\",\"item\":\"https:\\\/\\\/wigstore-nzk.com\\\/sklep\\\/\"},{\"@type\":\"ListItem\",\"position\":3,\"name\":\"Preparat do usuwania kleju Manager Top, 200ml\"}]},{\"@type\":\"WebSite\",\"@id\":\"https:\\\/\\\/wigstore-nzk.com\\\/#website\",\"url\":\"https:\\\/\\\/wigstore-nzk.com\\\/\",\"name\":\"NZK-Wigstore\",\"description\":\"\",\"potentialAction\":[{\"@type\":\"SearchAction\",\"target\":{\"@type\":\"EntryPoint\",\"urlTemplate\":\"https:\\\/\\\/wigstore-nzk.com\\\/?s={search_term_string}\"},\"query-input\":{\"@type\":\"PropertyValueSpecification\",\"valueRequired\":true,\"valueName\":\"search_term_string\"}}],\"inLanguage\":\"en-US\"}]}<\/script>\n<!-- \/ Yoast SEO Premium plugin. -->","yoast_head_json":{"title":"Preparat do usuwania kleju Manager Top, 200ml - NZK-Wigstore","description":"Delikatny i skuteczny preparat w sprayu do usuwania system\u00f3w w\u0142os\u00f3w mocowanych na klej.","robots":{"index":"index","follow":"follow","max-snippet":"max-snippet:-1","max-image-preview":"max-image-preview:large","max-video-preview":"max-video-preview:-1"},"canonical":"https:\/\/wigstore-nzk.com\/en\/product\/preparat-do-usuwania-kleju-manager-top-200ml\/","og_locale":"en_US","og_type":"article","og_title":"Preparat do usuwania kleju Manager Top, 200ml","og_description":"Delikatny i skuteczny preparat w sprayu do usuwania system\u00f3w w\u0142os\u00f3w mocowanych na klej.","og_url":"https:\/\/wigstore-nzk.com\/en\/product\/preparat-do-usuwania-kleju-manager-top-200ml\/","og_site_name":"NZK-Wigstore","article_modified_time":"2025-11-06T14:18:17+00:00","og_image":[{"width":1080,"height":1920,"url":"https:\/\/wigstore-nzk.com\/wp-content\/uploads\/2025\/07\/34.png","type":"image\/png"}],"twitter_card":"summary_large_image","twitter_misc":{"Est. reading time":"1 minute"},"schema":{"@context":"https:\/\/schema.org","@graph":[{"@type":"WebPage","@id":"https:\/\/wigstore-nzk.com\/produkt\/preparat-do-usuwania-kleju-manager-top-200ml\/","url":"https:\/\/wigstore-nzk.com\/produkt\/preparat-do-usuwania-kleju-manager-top-200ml\/","name":"Preparat do usuwania kleju Manager Top, 200ml - NZK-Wigstore","isPartOf":{"@id":"https:\/\/wigstore-nzk.com\/#website"},"primaryImageOfPage":{"@id":"https:\/\/wigstore-nzk.com\/produkt\/preparat-do-usuwania-kleju-manager-top-200ml\/#primaryimage"},"image":{"@id":"https:\/\/wigstore-nzk.com\/produkt\/preparat-do-usuwania-kleju-manager-top-200ml\/#primaryimage"},"thumbnailUrl":"https:\/\/wigstore-nzk.com\/wp-content\/uploads\/2025\/07\/34.png","datePublished":"2025-07-09T19:52:29+00:00","dateModified":"2025-11-06T14:18:17+00:00","description":"Delikatny i skuteczny preparat w sprayu do usuwania system\u00f3w w\u0142os\u00f3w mocowanych na klej.","breadcrumb":{"@id":"https:\/\/wigstore-nzk.com\/produkt\/preparat-do-usuwania-kleju-manager-top-200ml\/#breadcrumb"},"inLanguage":"en-US","potentialAction":[{"@type":"ReadAction","target":["https:\/\/wigstore-nzk.com\/produkt\/preparat-do-usuwania-kleju-manager-top-200ml\/"]}]},{"@type":"ImageObject","inLanguage":"en-US","@id":"https:\/\/wigstore-nzk.com\/produkt\/preparat-do-usuwania-kleju-manager-top-200ml\/#primaryimage","url":"https:\/\/wigstore-nzk.com\/wp-content\/uploads\/2025\/07\/34.png","contentUrl":"https:\/\/wigstore-nzk.com\/wp-content\/uploads\/2025\/07\/34.png","width":1080,"height":1920,"caption":"Usuwanie kleju"},{"@type":"BreadcrumbList","@id":"https:\/\/wigstore-nzk.com\/produkt\/preparat-do-usuwania-kleju-manager-top-200ml\/#breadcrumb","itemListElement":[{"@type":"ListItem","position":1,"name":"Strona g\u0142\u00f3wna","item":"https:\/\/wigstore-nzk.com\/"},{"@type":"ListItem","position":2,"name":"Sklep","item":"https:\/\/wigstore-nzk.com\/sklep\/"},{"@type":"ListItem","position":3,"name":"Preparat do usuwania kleju Manager Top, 200ml"}]},{"@type":"WebSite","@id":"https:\/\/wigstore-nzk.com\/#website","url":"https:\/\/wigstore-nzk.com\/","name":"NZK-Wigstore","description":"","potentialAction":[{"@type":"SearchAction","target":{"@type":"EntryPoint","urlTemplate":"https:\/\/wigstore-nzk.com\/?s={search_term_string}"},"query-input":{"@type":"PropertyValueSpecification","valueRequired":true,"valueName":"search_term_string"}}],"inLanguage":"en-US"}]}},"_links":{"self":[{"href":"https:\/\/wigstore-nzk.com\/en\/wp-json\/wp\/v2\/product\/2643","targetHints":{"allow":["GET"]}}],"collection":[{"href":"https:\/\/wigstore-nzk.com\/en\/wp-json\/wp\/v2\/product"}],"about":[{"href":"https:\/\/wigstore-nzk.com\/en\/wp-json\/wp\/v2\/types\/product"}],"version-history":[{"count":2,"href":"https:\/\/wigstore-nzk.com\/en\/wp-json\/wp\/v2\/product\/2643\/revisions"}],"predecessor-version":[{"id":2958,"href":"https:\/\/wigstore-nzk.com\/en\/wp-json\/wp\/v2\/product\/2643\/revisions\/2958"}],"wp:featuredmedia":[{"embeddable":true,"href":"https:\/\/wigstore-nzk.com\/en\/wp-json\/wp\/v2\/media\/2646"}],"wp:attachment":[{"href":"https:\/\/wigstore-nzk.com\/en\/wp-json\/wp\/v2\/media?parent=2643"}],"wp:term":[{"taxonomy":"product_brand","embeddable":true,"href":"https:\/\/wigstore-nzk.com\/en\/wp-json\/wp\/v2\/product_brand?post=2643"},{"taxonomy":"product_cat","embeddable":true,"href":"https:\/\/wigstore-nzk.com\/en\/wp-json\/wp\/v2\/product_cat?post=2643"},{"taxonomy":"product_tag","embeddable":true,"href":"https:\/\/wigstore-nzk.com\/en\/wp-json\/wp\/v2\/product_tag?post=2643"}],"curies":[{"name":"wp","href":"https:\/\/api.w.org\/{rel}","templated":true}]}}