{"id":2647,"date":"2025-07-09T22:18:06","date_gmt":"2025-07-09T20:18:06","guid":{"rendered":"https:\/\/wigstore-nzk.com\/?post_type=product&#038;p=2647"},"modified":"2025-11-06T15:17:20","modified_gmt":"2025-11-06T14:17:20","slug":"tasmy-mocujace-do-systemow-wlosow-2-cm-x-4-cm","status":"publish","type":"product","link":"https:\/\/wigstore-nzk.com\/en\/product\/tasmy-mocujace-do-systemow-wlosow-2-cm-x-4-cm\/","title":{"rendered":"Ta\u015bmy mocuj\u0105ce do system\u00f3w w\u0142os\u00f3w 2 cm x 4 cm"},"content":{"rendered":"<p data-start=\"20\" data-end=\"542\">Profesjonalne plastry klej\u0105ce Blue Liner Adhesive to niezawodne rozwi\u0105zanie do mocowania system\u00f3w w\u0142os\u00f3w, peruk i tres. Charakteryzuj\u0105 si\u0119 mocnym, d\u0142ugotrwa\u0142ym klejem oraz specjaln\u0105, niebiesk\u0105 warstw\u0105 ochronn\u0105, kt\u00f3ra u\u0142atwia aplikacj\u0119. Plastry s\u0105 elastyczne i wygodne w u\u017cytkowaniu \u2013 idealnie dopasowuj\u0105 si\u0119 do konturu g\u0142owy i kraw\u0119dzi systemu w\u0142os\u00f3w. Przeznaczone do mocowania zar\u00f3wno system\u00f3w z w\u0142osami naturalnymi, jak i syntetycznymi.<\/p>\n<p>&nbsp;<\/p>\n<p data-start=\"544\" data-end=\"563\"><strong data-start=\"544\" data-end=\"563\">Cechy produktu:<\/strong><\/p>\n<ul data-start=\"564\" data-end=\"735\">\n<li data-start=\"564\" data-end=\"588\">\n<p data-start=\"566\" data-end=\"588\">Wymiary: 2 cm x 4 cm<\/p>\n<\/li>\n<li data-start=\"589\" data-end=\"628\">\n<p data-start=\"591\" data-end=\"628\">Kolor: niebieski (warstwa ochronna)<\/p>\n<\/li>\n<li data-start=\"629\" data-end=\"657\">\n<p data-start=\"631\" data-end=\"657\">D\u0142ugotrwa\u0142y i mocny klej<\/p>\n<\/li>\n<li data-start=\"658\" data-end=\"693\">\n<p data-start=\"660\" data-end=\"693\">\u0141atwe w aplikacji i zdejmowaniu<\/p>\n<\/li>\n<li data-start=\"694\" data-end=\"735\">\n<p data-start=\"696\" data-end=\"735\">Przeznaczone do system\u00f3w w\u0142os\u00f3w i peruk<\/p>\n<\/li>\n<li data-start=\"694\" data-end=\"735\">Ilo\u015b\u0107 sztuk w opakowaniu : 72<\/li>\n<\/ul>","protected":false},"excerpt":{"rendered":"<p>Mocne ta\u015bmy klej\u0105ce do peruk i system\u00f3w w\u0142os\u00f3w. Rozmiar 2 cm x 4 cm. Stabilne mocowanie i \u0142atwa aplikacja.<\/p>","protected":false},"featured_media":2648,"template":"","meta":[],"product_brand":[],"product_cat":[28,36],"product_tag":[],"class_list":{"0":"post-2647","1":"product","2":"type-product","3":"status-publish","4":"has-post-thumbnail","6":"product_cat-akcesoria","7":"product_cat-tasmy-samoprzylepne","9":"first","10":"instock","11":"taxable","12":"shipping-taxable","13":"purchasable","14":"product-type-simple"},"yoast_head":"<!-- This site is optimized with the Yoast SEO Premium plugin v24.5 (Yoast SEO v27.5) - https:\/\/yoast.com\/product\/yoast-seo-premium-wordpress\/ -->\n<title>Ta\u015bmy mocuj\u0105ce do system\u00f3w w\u0142os\u00f3w 2 cm x 4 cm - NZK-Wigstore<\/title>\n<meta name=\"description\" content=\"Mocne ta\u015bmy klej\u0105ce do peruk i system\u00f3w w\u0142os\u00f3w. Rozmiar 2 cm x 4 cm. Stabilne mocowanie i \u0142atwa aplikacja.\" \/>\n<meta name=\"robots\" content=\"index, follow, max-snippet:-1, max-image-preview:large, max-video-preview:-1\" \/>\n<link rel=\"canonical\" href=\"https:\/\/wigstore-nzk.com\/en\/product\/tasmy-mocujace-do-systemow-wlosow-2-cm-x-4-cm\/\" \/>\n<meta property=\"og:locale\" content=\"en_US\" \/>\n<meta property=\"og:type\" content=\"article\" \/>\n<meta property=\"og:title\" content=\"Ta\u015bmy mocuj\u0105ce do system\u00f3w w\u0142os\u00f3w 2 cm x 4 cm\" \/>\n<meta property=\"og:description\" content=\"Mocne ta\u015bmy klej\u0105ce do peruk i system\u00f3w w\u0142os\u00f3w. Rozmiar 2 cm x 4 cm. Stabilne mocowanie i \u0142atwa aplikacja.\" \/>\n<meta property=\"og:url\" content=\"https:\/\/wigstore-nzk.com\/en\/product\/tasmy-mocujace-do-systemow-wlosow-2-cm-x-4-cm\/\" \/>\n<meta property=\"og:site_name\" content=\"NZK-Wigstore\" \/>\n<meta property=\"article:modified_time\" content=\"2025-11-06T14:17:20+00:00\" \/>\n<meta property=\"og:image\" content=\"https:\/\/wigstore-nzk.com\/wp-content\/uploads\/2025\/07\/36.png\" \/>\n\t<meta property=\"og:image:width\" content=\"1080\" \/>\n\t<meta property=\"og:image:height\" content=\"1920\" \/>\n\t<meta property=\"og:image:type\" content=\"image\/png\" \/>\n<meta name=\"twitter:card\" content=\"summary_large_image\" \/>\n<meta name=\"twitter:label1\" content=\"Est. reading time\" \/>\n\t<meta name=\"twitter:data1\" content=\"1 minute\" \/>\n<script type=\"application\/ld+json\" class=\"yoast-schema-graph\">{\"@context\":\"https:\\\/\\\/schema.org\",\"@graph\":[{\"@type\":\"WebPage\",\"@id\":\"https:\\\/\\\/wigstore-nzk.com\\\/produkt\\\/tasmy-mocujace-do-systemow-wlosow-2-cm-x-4-cm\\\/\",\"url\":\"https:\\\/\\\/wigstore-nzk.com\\\/produkt\\\/tasmy-mocujace-do-systemow-wlosow-2-cm-x-4-cm\\\/\",\"name\":\"Ta\u015bmy mocuj\u0105ce do system\u00f3w w\u0142os\u00f3w 2 cm x 4 cm - NZK-Wigstore\",\"isPartOf\":{\"@id\":\"https:\\\/\\\/wigstore-nzk.com\\\/#website\"},\"primaryImageOfPage\":{\"@id\":\"https:\\\/\\\/wigstore-nzk.com\\\/produkt\\\/tasmy-mocujace-do-systemow-wlosow-2-cm-x-4-cm\\\/#primaryimage\"},\"image\":{\"@id\":\"https:\\\/\\\/wigstore-nzk.com\\\/produkt\\\/tasmy-mocujace-do-systemow-wlosow-2-cm-x-4-cm\\\/#primaryimage\"},\"thumbnailUrl\":\"https:\\\/\\\/wigstore-nzk.com\\\/wp-content\\\/uploads\\\/2025\\\/07\\\/36.png\",\"datePublished\":\"2025-07-09T20:18:06+00:00\",\"dateModified\":\"2025-11-06T14:17:20+00:00\",\"description\":\"Mocne ta\u015bmy klej\u0105ce do peruk i system\u00f3w w\u0142os\u00f3w. Rozmiar 2 cm x 4 cm. Stabilne mocowanie i \u0142atwa aplikacja.\",\"breadcrumb\":{\"@id\":\"https:\\\/\\\/wigstore-nzk.com\\\/produkt\\\/tasmy-mocujace-do-systemow-wlosow-2-cm-x-4-cm\\\/#breadcrumb\"},\"inLanguage\":\"en-US\",\"potentialAction\":[{\"@type\":\"ReadAction\",\"target\":[\"https:\\\/\\\/wigstore-nzk.com\\\/produkt\\\/tasmy-mocujace-do-systemow-wlosow-2-cm-x-4-cm\\\/\"]}]},{\"@type\":\"ImageObject\",\"inLanguage\":\"en-US\",\"@id\":\"https:\\\/\\\/wigstore-nzk.com\\\/produkt\\\/tasmy-mocujace-do-systemow-wlosow-2-cm-x-4-cm\\\/#primaryimage\",\"url\":\"https:\\\/\\\/wigstore-nzk.com\\\/wp-content\\\/uploads\\\/2025\\\/07\\\/36.png\",\"contentUrl\":\"https:\\\/\\\/wigstore-nzk.com\\\/wp-content\\\/uploads\\\/2025\\\/07\\\/36.png\",\"width\":1080,\"height\":1920,\"caption\":\"Plastry Blue Liner Adhesive\"},{\"@type\":\"BreadcrumbList\",\"@id\":\"https:\\\/\\\/wigstore-nzk.com\\\/produkt\\\/tasmy-mocujace-do-systemow-wlosow-2-cm-x-4-cm\\\/#breadcrumb\",\"itemListElement\":[{\"@type\":\"ListItem\",\"position\":1,\"name\":\"Strona g\u0142\u00f3wna\",\"item\":\"https:\\\/\\\/wigstore-nzk.com\\\/\"},{\"@type\":\"ListItem\",\"position\":2,\"name\":\"Sklep\",\"item\":\"https:\\\/\\\/wigstore-nzk.com\\\/sklep\\\/\"},{\"@type\":\"ListItem\",\"position\":3,\"name\":\"Ta\u015bmy mocuj\u0105ce do system\u00f3w w\u0142os\u00f3w 2 cm x 4 cm\"}]},{\"@type\":\"WebSite\",\"@id\":\"https:\\\/\\\/wigstore-nzk.com\\\/#website\",\"url\":\"https:\\\/\\\/wigstore-nzk.com\\\/\",\"name\":\"NZK-Wigstore\",\"description\":\"\",\"potentialAction\":[{\"@type\":\"SearchAction\",\"target\":{\"@type\":\"EntryPoint\",\"urlTemplate\":\"https:\\\/\\\/wigstore-nzk.com\\\/?s={search_term_string}\"},\"query-input\":{\"@type\":\"PropertyValueSpecification\",\"valueRequired\":true,\"valueName\":\"search_term_string\"}}],\"inLanguage\":\"en-US\"}]}<\/script>\n<!-- \/ Yoast SEO Premium plugin. -->","yoast_head_json":{"title":"Ta\u015bmy mocuj\u0105ce do system\u00f3w w\u0142os\u00f3w 2 cm x 4 cm - NZK-Wigstore","description":"Mocne ta\u015bmy klej\u0105ce do peruk i system\u00f3w w\u0142os\u00f3w. Rozmiar 2 cm x 4 cm. Stabilne mocowanie i \u0142atwa aplikacja.","robots":{"index":"index","follow":"follow","max-snippet":"max-snippet:-1","max-image-preview":"max-image-preview:large","max-video-preview":"max-video-preview:-1"},"canonical":"https:\/\/wigstore-nzk.com\/en\/product\/tasmy-mocujace-do-systemow-wlosow-2-cm-x-4-cm\/","og_locale":"en_US","og_type":"article","og_title":"Ta\u015bmy mocuj\u0105ce do system\u00f3w w\u0142os\u00f3w 2 cm x 4 cm","og_description":"Mocne ta\u015bmy klej\u0105ce do peruk i system\u00f3w w\u0142os\u00f3w. Rozmiar 2 cm x 4 cm. Stabilne mocowanie i \u0142atwa aplikacja.","og_url":"https:\/\/wigstore-nzk.com\/en\/product\/tasmy-mocujace-do-systemow-wlosow-2-cm-x-4-cm\/","og_site_name":"NZK-Wigstore","article_modified_time":"2025-11-06T14:17:20+00:00","og_image":[{"width":1080,"height":1920,"url":"https:\/\/wigstore-nzk.com\/wp-content\/uploads\/2025\/07\/36.png","type":"image\/png"}],"twitter_card":"summary_large_image","twitter_misc":{"Est. reading time":"1 minute"},"schema":{"@context":"https:\/\/schema.org","@graph":[{"@type":"WebPage","@id":"https:\/\/wigstore-nzk.com\/produkt\/tasmy-mocujace-do-systemow-wlosow-2-cm-x-4-cm\/","url":"https:\/\/wigstore-nzk.com\/produkt\/tasmy-mocujace-do-systemow-wlosow-2-cm-x-4-cm\/","name":"Ta\u015bmy mocuj\u0105ce do system\u00f3w w\u0142os\u00f3w 2 cm x 4 cm - NZK-Wigstore","isPartOf":{"@id":"https:\/\/wigstore-nzk.com\/#website"},"primaryImageOfPage":{"@id":"https:\/\/wigstore-nzk.com\/produkt\/tasmy-mocujace-do-systemow-wlosow-2-cm-x-4-cm\/#primaryimage"},"image":{"@id":"https:\/\/wigstore-nzk.com\/produkt\/tasmy-mocujace-do-systemow-wlosow-2-cm-x-4-cm\/#primaryimage"},"thumbnailUrl":"https:\/\/wigstore-nzk.com\/wp-content\/uploads\/2025\/07\/36.png","datePublished":"2025-07-09T20:18:06+00:00","dateModified":"2025-11-06T14:17:20+00:00","description":"Mocne ta\u015bmy klej\u0105ce do peruk i system\u00f3w w\u0142os\u00f3w. Rozmiar 2 cm x 4 cm. Stabilne mocowanie i \u0142atwa aplikacja.","breadcrumb":{"@id":"https:\/\/wigstore-nzk.com\/produkt\/tasmy-mocujace-do-systemow-wlosow-2-cm-x-4-cm\/#breadcrumb"},"inLanguage":"en-US","potentialAction":[{"@type":"ReadAction","target":["https:\/\/wigstore-nzk.com\/produkt\/tasmy-mocujace-do-systemow-wlosow-2-cm-x-4-cm\/"]}]},{"@type":"ImageObject","inLanguage":"en-US","@id":"https:\/\/wigstore-nzk.com\/produkt\/tasmy-mocujace-do-systemow-wlosow-2-cm-x-4-cm\/#primaryimage","url":"https:\/\/wigstore-nzk.com\/wp-content\/uploads\/2025\/07\/36.png","contentUrl":"https:\/\/wigstore-nzk.com\/wp-content\/uploads\/2025\/07\/36.png","width":1080,"height":1920,"caption":"Plastry Blue Liner Adhesive"},{"@type":"BreadcrumbList","@id":"https:\/\/wigstore-nzk.com\/produkt\/tasmy-mocujace-do-systemow-wlosow-2-cm-x-4-cm\/#breadcrumb","itemListElement":[{"@type":"ListItem","position":1,"name":"Strona g\u0142\u00f3wna","item":"https:\/\/wigstore-nzk.com\/"},{"@type":"ListItem","position":2,"name":"Sklep","item":"https:\/\/wigstore-nzk.com\/sklep\/"},{"@type":"ListItem","position":3,"name":"Ta\u015bmy mocuj\u0105ce do system\u00f3w w\u0142os\u00f3w 2 cm x 4 cm"}]},{"@type":"WebSite","@id":"https:\/\/wigstore-nzk.com\/#website","url":"https:\/\/wigstore-nzk.com\/","name":"NZK-Wigstore","description":"","potentialAction":[{"@type":"SearchAction","target":{"@type":"EntryPoint","urlTemplate":"https:\/\/wigstore-nzk.com\/?s={search_term_string}"},"query-input":{"@type":"PropertyValueSpecification","valueRequired":true,"valueName":"search_term_string"}}],"inLanguage":"en-US"}]}},"_links":{"self":[{"href":"https:\/\/wigstore-nzk.com\/en\/wp-json\/wp\/v2\/product\/2647","targetHints":{"allow":["GET"]}}],"collection":[{"href":"https:\/\/wigstore-nzk.com\/en\/wp-json\/wp\/v2\/product"}],"about":[{"href":"https:\/\/wigstore-nzk.com\/en\/wp-json\/wp\/v2\/types\/product"}],"version-history":[{"count":5,"href":"https:\/\/wigstore-nzk.com\/en\/wp-json\/wp\/v2\/product\/2647\/revisions"}],"predecessor-version":[{"id":3068,"href":"https:\/\/wigstore-nzk.com\/en\/wp-json\/wp\/v2\/product\/2647\/revisions\/3068"}],"wp:featuredmedia":[{"embeddable":true,"href":"https:\/\/wigstore-nzk.com\/en\/wp-json\/wp\/v2\/media\/2648"}],"wp:attachment":[{"href":"https:\/\/wigstore-nzk.com\/en\/wp-json\/wp\/v2\/media?parent=2647"}],"wp:term":[{"taxonomy":"product_brand","embeddable":true,"href":"https:\/\/wigstore-nzk.com\/en\/wp-json\/wp\/v2\/product_brand?post=2647"},{"taxonomy":"product_cat","embeddable":true,"href":"https:\/\/wigstore-nzk.com\/en\/wp-json\/wp\/v2\/product_cat?post=2647"},{"taxonomy":"product_tag","embeddable":true,"href":"https:\/\/wigstore-nzk.com\/en\/wp-json\/wp\/v2\/product_tag?post=2647"}],"curies":[{"name":"wp","href":"https:\/\/api.w.org\/{rel}","templated":true}]}}