{"id":2746,"date":"2025-07-28T19:04:37","date_gmt":"2025-07-28T17:04:37","guid":{"rendered":"https:\/\/wigstore-nzk.com\/?post_type=product&#038;p=2746"},"modified":"2025-11-06T15:07:27","modified_gmt":"2025-11-06T14:07:27","slug":"wlosy-yak-szare-25cm-25g-copy","status":"publish","type":"product","link":"https:\/\/wigstore-nzk.com\/en\/product\/wlosy-yak-szare-25cm-25g-copy\/","title":{"rendered":"W\u0142osy Yak szare 25cm, 25g"},"content":{"rendered":"<p>W\u0142osy Yak szare to wysokiej jako\u015bci naturalne w\u0142osy z Yaka. Charakteryzuj\u0105 si\u0119 trwa\u0142o\u015bci\u0105, lekko\u015bci\u0105 i naturalnym wygl\u0105dem, a ich unikalny odcie\u0144 nadaje wyj\u0105tkowej g\u0142\u0119bi oraz realizmu tworzonym stylizacjom. Idealnie sprawdzaj\u0105 si\u0119 w perukarstwie, tworzeniu zarost\u00f3w, w\u0105s\u00f3w, br\u00f3d, peruk teatralnych, filmowych oraz do projekt\u00f3w cosplay. W\u0142osy s\u0105 \u0142atwe w stylizacji, mo\u017cna je dowolnie formowa\u0107, strzyc i modelowa\u0107 zgodnie z potrzebami.<\/p>\n<p>&nbsp;<\/p>\n<p>Cechy produktu:<br \/>\n&#8211; Kolor: szary<br \/>\n&#8211; D\u0142ugo\u015b\u0107: oko\u0142o 25 cm<br \/>\n&#8211; Struktura: delikatna, trwa\u0142a, \u0142atwa w formowaniu<br \/>\n&#8211; Zastosowanie: peruki, zarosty, projekty teatralne, filmowe, cosplay<\/p>","protected":false},"excerpt":{"rendered":"<p>W\u0142osy Yak szare 25cm \u2013 trwa\u0142e i lekkie naturalne w\u0142osy idealne do perukarstwa, zarost\u00f3w, projekt\u00f3w teatralnych i cosplay. Naturalny odcie\u0144 zapewnia realistyczny wygl\u0105d.<\/p>\n<p>Kupuj\u0105c jedn\u0105 sztuk\u0119 zamawiasz 25g w\u0142os\u00f3w o d\u0142ugo\u015bci 25cm<\/p>","protected":false},"featured_media":2748,"template":"","meta":[],"product_brand":[],"product_cat":[40],"product_tag":[154,335,336],"class_list":{"0":"post-2746","1":"product","2":"type-product","3":"status-publish","4":"has-post-thumbnail","6":"product_cat-wlosy-yaka","7":"product_tag-naturalne-wlosy-yak","8":"product_tag-wlosy-jaka","9":"product_tag-wlosy-yaka","11":"first","12":"instock","13":"taxable","14":"shipping-taxable","15":"purchasable","16":"product-type-simple"},"yoast_head":"<!-- This site is optimized with the Yoast SEO Premium plugin v24.5 (Yoast SEO v27.5) - https:\/\/yoast.com\/product\/yoast-seo-premium-wordpress\/ -->\n<title>W\u0142osy Yak szare 25cm, 25g - NZK-Wigstore<\/title>\n<meta name=\"description\" content=\"W\u0142osy Yak szare 25cm 25g \u2013 trwa\u0142e i lekkie naturalne w\u0142osy idealne do perukarstwa, zarost\u00f3w, projekt\u00f3w teatralnych i cosplay.\" \/>\n<meta name=\"robots\" content=\"index, follow, max-snippet:-1, max-image-preview:large, max-video-preview:-1\" \/>\n<link rel=\"canonical\" href=\"https:\/\/wigstore-nzk.com\/en\/product\/wlosy-yak-szare-25cm-25g-copy\/\" \/>\n<meta property=\"og:locale\" content=\"en_US\" \/>\n<meta property=\"og:type\" content=\"article\" \/>\n<meta property=\"og:title\" content=\"W\u0142osy Yak szare 25cm, 25g\" \/>\n<meta property=\"og:description\" content=\"W\u0142osy Yak szare 25cm 25g \u2013 trwa\u0142e i lekkie naturalne w\u0142osy idealne do perukarstwa, zarost\u00f3w, projekt\u00f3w teatralnych i cosplay.\" \/>\n<meta property=\"og:url\" content=\"https:\/\/wigstore-nzk.com\/en\/product\/wlosy-yak-szare-25cm-25g-copy\/\" \/>\n<meta property=\"og:site_name\" content=\"NZK-Wigstore\" \/>\n<meta property=\"article:modified_time\" content=\"2025-11-06T14:07:27+00:00\" \/>\n<meta property=\"og:image\" content=\"https:\/\/wigstore-nzk.com\/wp-content\/uploads\/2025\/07\/17L_2.png\" \/>\n\t<meta property=\"og:image:width\" content=\"480\" \/>\n\t<meta property=\"og:image:height\" content=\"853\" \/>\n\t<meta property=\"og:image:type\" content=\"image\/png\" \/>\n<meta name=\"twitter:card\" content=\"summary_large_image\" \/>\n<meta name=\"twitter:label1\" content=\"Est. reading time\" \/>\n\t<meta name=\"twitter:data1\" content=\"1 minute\" \/>\n<script type=\"application\/ld+json\" class=\"yoast-schema-graph\">{\"@context\":\"https:\\\/\\\/schema.org\",\"@graph\":[{\"@type\":\"WebPage\",\"@id\":\"https:\\\/\\\/wigstore-nzk.com\\\/produkt\\\/wlosy-yak-szare-25cm-25g-copy\\\/\",\"url\":\"https:\\\/\\\/wigstore-nzk.com\\\/produkt\\\/wlosy-yak-szare-25cm-25g-copy\\\/\",\"name\":\"W\u0142osy Yak szare 25cm, 25g - NZK-Wigstore\",\"isPartOf\":{\"@id\":\"https:\\\/\\\/wigstore-nzk.com\\\/#website\"},\"primaryImageOfPage\":{\"@id\":\"https:\\\/\\\/wigstore-nzk.com\\\/produkt\\\/wlosy-yak-szare-25cm-25g-copy\\\/#primaryimage\"},\"image\":{\"@id\":\"https:\\\/\\\/wigstore-nzk.com\\\/produkt\\\/wlosy-yak-szare-25cm-25g-copy\\\/#primaryimage\"},\"thumbnailUrl\":\"https:\\\/\\\/wigstore-nzk.com\\\/wp-content\\\/uploads\\\/2025\\\/07\\\/17L_2.png\",\"datePublished\":\"2025-07-28T17:04:37+00:00\",\"dateModified\":\"2025-11-06T14:07:27+00:00\",\"description\":\"W\u0142osy Yak szare 25cm 25g \u2013 trwa\u0142e i lekkie naturalne w\u0142osy idealne do perukarstwa, zarost\u00f3w, projekt\u00f3w teatralnych i cosplay.\",\"breadcrumb\":{\"@id\":\"https:\\\/\\\/wigstore-nzk.com\\\/produkt\\\/wlosy-yak-szare-25cm-25g-copy\\\/#breadcrumb\"},\"inLanguage\":\"en-US\",\"potentialAction\":[{\"@type\":\"ReadAction\",\"target\":[\"https:\\\/\\\/wigstore-nzk.com\\\/produkt\\\/wlosy-yak-szare-25cm-25g-copy\\\/\"]}]},{\"@type\":\"ImageObject\",\"inLanguage\":\"en-US\",\"@id\":\"https:\\\/\\\/wigstore-nzk.com\\\/produkt\\\/wlosy-yak-szare-25cm-25g-copy\\\/#primaryimage\",\"url\":\"https:\\\/\\\/wigstore-nzk.com\\\/wp-content\\\/uploads\\\/2025\\\/07\\\/17L_2.png\",\"contentUrl\":\"https:\\\/\\\/wigstore-nzk.com\\\/wp-content\\\/uploads\\\/2025\\\/07\\\/17L_2.png\",\"width\":480,\"height\":853,\"caption\":\"Yak szare 25 cm\"},{\"@type\":\"BreadcrumbList\",\"@id\":\"https:\\\/\\\/wigstore-nzk.com\\\/produkt\\\/wlosy-yak-szare-25cm-25g-copy\\\/#breadcrumb\",\"itemListElement\":[{\"@type\":\"ListItem\",\"position\":1,\"name\":\"Strona g\u0142\u00f3wna\",\"item\":\"https:\\\/\\\/wigstore-nzk.com\\\/\"},{\"@type\":\"ListItem\",\"position\":2,\"name\":\"Sklep\",\"item\":\"https:\\\/\\\/wigstore-nzk.com\\\/sklep\\\/\"},{\"@type\":\"ListItem\",\"position\":3,\"name\":\"W\u0142osy Yak szare 25cm, 25g\"}]},{\"@type\":\"WebSite\",\"@id\":\"https:\\\/\\\/wigstore-nzk.com\\\/#website\",\"url\":\"https:\\\/\\\/wigstore-nzk.com\\\/\",\"name\":\"NZK-Wigstore\",\"description\":\"\",\"potentialAction\":[{\"@type\":\"SearchAction\",\"target\":{\"@type\":\"EntryPoint\",\"urlTemplate\":\"https:\\\/\\\/wigstore-nzk.com\\\/?s={search_term_string}\"},\"query-input\":{\"@type\":\"PropertyValueSpecification\",\"valueRequired\":true,\"valueName\":\"search_term_string\"}}],\"inLanguage\":\"en-US\"}]}<\/script>\n<!-- \/ Yoast SEO Premium plugin. -->","yoast_head_json":{"title":"W\u0142osy Yak szare 25cm, 25g - NZK-Wigstore","description":"W\u0142osy Yak szare 25cm 25g \u2013 trwa\u0142e i lekkie naturalne w\u0142osy idealne do perukarstwa, zarost\u00f3w, projekt\u00f3w teatralnych i cosplay.","robots":{"index":"index","follow":"follow","max-snippet":"max-snippet:-1","max-image-preview":"max-image-preview:large","max-video-preview":"max-video-preview:-1"},"canonical":"https:\/\/wigstore-nzk.com\/en\/product\/wlosy-yak-szare-25cm-25g-copy\/","og_locale":"en_US","og_type":"article","og_title":"W\u0142osy Yak szare 25cm, 25g","og_description":"W\u0142osy Yak szare 25cm 25g \u2013 trwa\u0142e i lekkie naturalne w\u0142osy idealne do perukarstwa, zarost\u00f3w, projekt\u00f3w teatralnych i cosplay.","og_url":"https:\/\/wigstore-nzk.com\/en\/product\/wlosy-yak-szare-25cm-25g-copy\/","og_site_name":"NZK-Wigstore","article_modified_time":"2025-11-06T14:07:27+00:00","og_image":[{"width":480,"height":853,"url":"https:\/\/wigstore-nzk.com\/wp-content\/uploads\/2025\/07\/17L_2.png","type":"image\/png"}],"twitter_card":"summary_large_image","twitter_misc":{"Est. reading time":"1 minute"},"schema":{"@context":"https:\/\/schema.org","@graph":[{"@type":"WebPage","@id":"https:\/\/wigstore-nzk.com\/produkt\/wlosy-yak-szare-25cm-25g-copy\/","url":"https:\/\/wigstore-nzk.com\/produkt\/wlosy-yak-szare-25cm-25g-copy\/","name":"W\u0142osy Yak szare 25cm, 25g - NZK-Wigstore","isPartOf":{"@id":"https:\/\/wigstore-nzk.com\/#website"},"primaryImageOfPage":{"@id":"https:\/\/wigstore-nzk.com\/produkt\/wlosy-yak-szare-25cm-25g-copy\/#primaryimage"},"image":{"@id":"https:\/\/wigstore-nzk.com\/produkt\/wlosy-yak-szare-25cm-25g-copy\/#primaryimage"},"thumbnailUrl":"https:\/\/wigstore-nzk.com\/wp-content\/uploads\/2025\/07\/17L_2.png","datePublished":"2025-07-28T17:04:37+00:00","dateModified":"2025-11-06T14:07:27+00:00","description":"W\u0142osy Yak szare 25cm 25g \u2013 trwa\u0142e i lekkie naturalne w\u0142osy idealne do perukarstwa, zarost\u00f3w, projekt\u00f3w teatralnych i cosplay.","breadcrumb":{"@id":"https:\/\/wigstore-nzk.com\/produkt\/wlosy-yak-szare-25cm-25g-copy\/#breadcrumb"},"inLanguage":"en-US","potentialAction":[{"@type":"ReadAction","target":["https:\/\/wigstore-nzk.com\/produkt\/wlosy-yak-szare-25cm-25g-copy\/"]}]},{"@type":"ImageObject","inLanguage":"en-US","@id":"https:\/\/wigstore-nzk.com\/produkt\/wlosy-yak-szare-25cm-25g-copy\/#primaryimage","url":"https:\/\/wigstore-nzk.com\/wp-content\/uploads\/2025\/07\/17L_2.png","contentUrl":"https:\/\/wigstore-nzk.com\/wp-content\/uploads\/2025\/07\/17L_2.png","width":480,"height":853,"caption":"Yak szare 25 cm"},{"@type":"BreadcrumbList","@id":"https:\/\/wigstore-nzk.com\/produkt\/wlosy-yak-szare-25cm-25g-copy\/#breadcrumb","itemListElement":[{"@type":"ListItem","position":1,"name":"Strona g\u0142\u00f3wna","item":"https:\/\/wigstore-nzk.com\/"},{"@type":"ListItem","position":2,"name":"Sklep","item":"https:\/\/wigstore-nzk.com\/sklep\/"},{"@type":"ListItem","position":3,"name":"W\u0142osy Yak szare 25cm, 25g"}]},{"@type":"WebSite","@id":"https:\/\/wigstore-nzk.com\/#website","url":"https:\/\/wigstore-nzk.com\/","name":"NZK-Wigstore","description":"","potentialAction":[{"@type":"SearchAction","target":{"@type":"EntryPoint","urlTemplate":"https:\/\/wigstore-nzk.com\/?s={search_term_string}"},"query-input":{"@type":"PropertyValueSpecification","valueRequired":true,"valueName":"search_term_string"}}],"inLanguage":"en-US"}]}},"_links":{"self":[{"href":"https:\/\/wigstore-nzk.com\/en\/wp-json\/wp\/v2\/product\/2746","targetHints":{"allow":["GET"]}}],"collection":[{"href":"https:\/\/wigstore-nzk.com\/en\/wp-json\/wp\/v2\/product"}],"about":[{"href":"https:\/\/wigstore-nzk.com\/en\/wp-json\/wp\/v2\/types\/product"}],"version-history":[{"count":2,"href":"https:\/\/wigstore-nzk.com\/en\/wp-json\/wp\/v2\/product\/2746\/revisions"}],"predecessor-version":[{"id":3063,"href":"https:\/\/wigstore-nzk.com\/en\/wp-json\/wp\/v2\/product\/2746\/revisions\/3063"}],"wp:featuredmedia":[{"embeddable":true,"href":"https:\/\/wigstore-nzk.com\/en\/wp-json\/wp\/v2\/media\/2748"}],"wp:attachment":[{"href":"https:\/\/wigstore-nzk.com\/en\/wp-json\/wp\/v2\/media?parent=2746"}],"wp:term":[{"taxonomy":"product_brand","embeddable":true,"href":"https:\/\/wigstore-nzk.com\/en\/wp-json\/wp\/v2\/product_brand?post=2746"},{"taxonomy":"product_cat","embeddable":true,"href":"https:\/\/wigstore-nzk.com\/en\/wp-json\/wp\/v2\/product_cat?post=2746"},{"taxonomy":"product_tag","embeddable":true,"href":"https:\/\/wigstore-nzk.com\/en\/wp-json\/wp\/v2\/product_tag?post=2746"}],"curies":[{"name":"wp","href":"https:\/\/api.w.org\/{rel}","templated":true}]}}