{"id":2777,"date":"2025-08-03T13:29:31","date_gmt":"2025-08-03T11:29:31","guid":{"rendered":"https:\/\/wigstore-nzk.com\/?post_type=product&#038;p=2777"},"modified":"2025-11-12T12:25:33","modified_gmt":"2025-11-12T11:25:33","slug":"belle-madame-vital-mask","status":"publish","type":"product","link":"https:\/\/wigstore-nzk.com\/en\/product\/belle-madame-vital-mask\/","title":{"rendered":"BELLE MADAME VITAL MASK"},"content":{"rendered":"<div role=\"row\">\n<div class=\"x1n2onr6\" tabindex=\"-1\" role=\"gridcell\" data-release-focus-from=\"CLICK\" data-scope=\"messages_table\">\n<div class=\"html-div xdj266r x14z9mp xat24cr x1lziwak xexx8yu xyri2b x18d9i69 x1c1uobl x1h91t0o xkh2ocl x78zum5 xdt5ytf x13a6bvl x193iq5w x1c4vz4f x1eb86dx\" role=\"presentation\">\n<div class=\"html-div xdj266r x14z9mp xat24cr x1lziwak xyamay9 x1l90r2v x106a9eq x1xnnf8n\">\n<div class=\"html-div xexx8yu xyri2b x18d9i69 x1c1uobl xr1yuqi x11t971q x4ii5y1 xvc5jky x1ekjcvx x2b8uid x13faqbe\">\n<div class=\"xjpr12u xr9ek0c x2b8uid\" aria-hidden=\"true\" data-scope=\"date_break\">BELLE MADAME VITAL MASK to intensywnie od\u017cywiaj\u0105ca emulsja do w\u0142os\u00f3w zniszczonych i suchych. G\u0142\u0119boko dzia\u0142aj\u0105ca, skuteczna maska piel\u0119gnacyjna z olejkiem jojoba i mas\u0142em shea rewitalizuje zniszczone w\u0142osy. Struktura w\u0142os\u00f3w jest nawil\u017cana od wewn\u0105trz i w ci\u0105gu kilku minut przekszta\u0142ca suche, matowe w\u0142osy w g\u0142adkie i l\u015bni\u0105ce. Szczeg\u00f3lnie polecana do piel\u0119gnacji w\u0142os\u00f3w farbowanych lub poddawanych zabiegom chemicznym. EFEKT Regeneruj\u0105ca maska z efektem g\u0142\u0119bi. Rewitalizuje struktur\u0119 w\u0142os\u00f3w, nadaj\u0105c im po\u0142ysk i g\u0142adko\u015b\u0107.<\/div>\n<\/div>\n<\/div>\n<\/div>\n<\/div>\n<\/div>","protected":false},"excerpt":{"rendered":"<p>BELLE MADAME VITAL MASK to intensywnie od\u017cywiaj\u0105ca maska z olejkiem jojoba i mas\u0142em shea, kt\u00f3ra regeneruje suche i zniszczone w\u0142osy, nadaj\u0105c im g\u0142adko\u015b\u0107, po\u0142ysk i zdrowy wygl\u0105d. Szczeg\u00f3lnie polecana do w\u0142os\u00f3w farbowanych i po zabiegach chemicznych.<\/p>","protected":false},"featured_media":2778,"template":"","meta":[],"product_brand":[],"product_cat":[367],"product_tag":[],"class_list":{"0":"post-2777","1":"product","2":"type-product","3":"status-publish","4":"has-post-thumbnail","6":"product_cat-kosmetyki","8":"first","9":"instock","10":"taxable","11":"shipping-taxable","12":"purchasable","13":"product-type-simple"},"yoast_head":"<!-- This site is optimized with the Yoast SEO Premium plugin v24.5 (Yoast SEO v27.5) - https:\/\/yoast.com\/product\/yoast-seo-premium-wordpress\/ -->\n<title>BELLE MADAME VITAL MASK - NZK-Wigstore<\/title>\n<meta name=\"description\" content=\"Intensywnie od\u017cywiaj\u0105ca maska z olejkiem jojoba i mas\u0142em shea, kt\u00f3ra regeneruje suche i zniszczone w\u0142osy, nadaj\u0105c im g\u0142adko\u015b\u0107, po\u0142ysk i zdrowy wygl\u0105d\" \/>\n<meta name=\"robots\" content=\"index, follow, max-snippet:-1, max-image-preview:large, max-video-preview:-1\" \/>\n<link rel=\"canonical\" href=\"https:\/\/wigstore-nzk.com\/en\/product\/belle-madame-vital-mask\/\" \/>\n<meta property=\"og:locale\" content=\"en_US\" \/>\n<meta property=\"og:type\" content=\"article\" \/>\n<meta property=\"og:title\" content=\"BELLE MADAME VITAL MASK\" \/>\n<meta property=\"og:description\" content=\"Intensywnie od\u017cywiaj\u0105ca maska z olejkiem jojoba i mas\u0142em shea, kt\u00f3ra regeneruje suche i zniszczone w\u0142osy, nadaj\u0105c im g\u0142adko\u015b\u0107, po\u0142ysk i zdrowy wygl\u0105d\" \/>\n<meta property=\"og:url\" content=\"https:\/\/wigstore-nzk.com\/en\/product\/belle-madame-vital-mask\/\" \/>\n<meta property=\"og:site_name\" content=\"NZK-Wigstore\" \/>\n<meta property=\"article:modified_time\" content=\"2025-11-12T11:25:33+00:00\" \/>\n<meta property=\"og:image\" content=\"https:\/\/wigstore-nzk.com\/wp-content\/uploads\/2025\/08\/33H_1.png\" \/>\n\t<meta property=\"og:image:width\" content=\"768\" \/>\n\t<meta property=\"og:image:height\" content=\"1365\" \/>\n\t<meta property=\"og:image:type\" content=\"image\/png\" \/>\n<meta name=\"twitter:card\" content=\"summary_large_image\" \/>\n<meta name=\"twitter:label1\" content=\"Est. reading time\" \/>\n\t<meta name=\"twitter:data1\" content=\"1 minute\" \/>\n<script type=\"application\/ld+json\" class=\"yoast-schema-graph\">{\"@context\":\"https:\\\/\\\/schema.org\",\"@graph\":[{\"@type\":\"WebPage\",\"@id\":\"https:\\\/\\\/wigstore-nzk.com\\\/produkt\\\/belle-madame-vital-mask\\\/\",\"url\":\"https:\\\/\\\/wigstore-nzk.com\\\/produkt\\\/belle-madame-vital-mask\\\/\",\"name\":\"BELLE MADAME VITAL MASK - NZK-Wigstore\",\"isPartOf\":{\"@id\":\"https:\\\/\\\/wigstore-nzk.com\\\/#website\"},\"primaryImageOfPage\":{\"@id\":\"https:\\\/\\\/wigstore-nzk.com\\\/produkt\\\/belle-madame-vital-mask\\\/#primaryimage\"},\"image\":{\"@id\":\"https:\\\/\\\/wigstore-nzk.com\\\/produkt\\\/belle-madame-vital-mask\\\/#primaryimage\"},\"thumbnailUrl\":\"https:\\\/\\\/wigstore-nzk.com\\\/wp-content\\\/uploads\\\/2025\\\/08\\\/33H_1.png\",\"datePublished\":\"2025-08-03T11:29:31+00:00\",\"dateModified\":\"2025-11-12T11:25:33+00:00\",\"description\":\"Intensywnie od\u017cywiaj\u0105ca maska z olejkiem jojoba i mas\u0142em shea, kt\u00f3ra regeneruje suche i zniszczone w\u0142osy, nadaj\u0105c im g\u0142adko\u015b\u0107, po\u0142ysk i zdrowy wygl\u0105d\",\"breadcrumb\":{\"@id\":\"https:\\\/\\\/wigstore-nzk.com\\\/produkt\\\/belle-madame-vital-mask\\\/#breadcrumb\"},\"inLanguage\":\"en-US\",\"potentialAction\":[{\"@type\":\"ReadAction\",\"target\":[\"https:\\\/\\\/wigstore-nzk.com\\\/produkt\\\/belle-madame-vital-mask\\\/\"]}]},{\"@type\":\"ImageObject\",\"inLanguage\":\"en-US\",\"@id\":\"https:\\\/\\\/wigstore-nzk.com\\\/produkt\\\/belle-madame-vital-mask\\\/#primaryimage\",\"url\":\"https:\\\/\\\/wigstore-nzk.com\\\/wp-content\\\/uploads\\\/2025\\\/08\\\/33H_1.png\",\"contentUrl\":\"https:\\\/\\\/wigstore-nzk.com\\\/wp-content\\\/uploads\\\/2025\\\/08\\\/33H_1.png\",\"width\":768,\"height\":1365},{\"@type\":\"BreadcrumbList\",\"@id\":\"https:\\\/\\\/wigstore-nzk.com\\\/produkt\\\/belle-madame-vital-mask\\\/#breadcrumb\",\"itemListElement\":[{\"@type\":\"ListItem\",\"position\":1,\"name\":\"Strona g\u0142\u00f3wna\",\"item\":\"https:\\\/\\\/wigstore-nzk.com\\\/\"},{\"@type\":\"ListItem\",\"position\":2,\"name\":\"Sklep\",\"item\":\"https:\\\/\\\/wigstore-nzk.com\\\/sklep\\\/\"},{\"@type\":\"ListItem\",\"position\":3,\"name\":\"BELLE MADAME VITAL MASK\"}]},{\"@type\":\"WebSite\",\"@id\":\"https:\\\/\\\/wigstore-nzk.com\\\/#website\",\"url\":\"https:\\\/\\\/wigstore-nzk.com\\\/\",\"name\":\"NZK-Wigstore\",\"description\":\"\",\"potentialAction\":[{\"@type\":\"SearchAction\",\"target\":{\"@type\":\"EntryPoint\",\"urlTemplate\":\"https:\\\/\\\/wigstore-nzk.com\\\/?s={search_term_string}\"},\"query-input\":{\"@type\":\"PropertyValueSpecification\",\"valueRequired\":true,\"valueName\":\"search_term_string\"}}],\"inLanguage\":\"en-US\"}]}<\/script>\n<!-- \/ Yoast SEO Premium plugin. -->","yoast_head_json":{"title":"BELLE MADAME VITAL MASK - NZK-Wigstore","description":"Intensywnie od\u017cywiaj\u0105ca maska z olejkiem jojoba i mas\u0142em shea, kt\u00f3ra regeneruje suche i zniszczone w\u0142osy, nadaj\u0105c im g\u0142adko\u015b\u0107, po\u0142ysk i zdrowy wygl\u0105d","robots":{"index":"index","follow":"follow","max-snippet":"max-snippet:-1","max-image-preview":"max-image-preview:large","max-video-preview":"max-video-preview:-1"},"canonical":"https:\/\/wigstore-nzk.com\/en\/product\/belle-madame-vital-mask\/","og_locale":"en_US","og_type":"article","og_title":"BELLE MADAME VITAL MASK","og_description":"Intensywnie od\u017cywiaj\u0105ca maska z olejkiem jojoba i mas\u0142em shea, kt\u00f3ra regeneruje suche i zniszczone w\u0142osy, nadaj\u0105c im g\u0142adko\u015b\u0107, po\u0142ysk i zdrowy wygl\u0105d","og_url":"https:\/\/wigstore-nzk.com\/en\/product\/belle-madame-vital-mask\/","og_site_name":"NZK-Wigstore","article_modified_time":"2025-11-12T11:25:33+00:00","og_image":[{"width":768,"height":1365,"url":"https:\/\/wigstore-nzk.com\/wp-content\/uploads\/2025\/08\/33H_1.png","type":"image\/png"}],"twitter_card":"summary_large_image","twitter_misc":{"Est. reading time":"1 minute"},"schema":{"@context":"https:\/\/schema.org","@graph":[{"@type":"WebPage","@id":"https:\/\/wigstore-nzk.com\/produkt\/belle-madame-vital-mask\/","url":"https:\/\/wigstore-nzk.com\/produkt\/belle-madame-vital-mask\/","name":"BELLE MADAME VITAL MASK - NZK-Wigstore","isPartOf":{"@id":"https:\/\/wigstore-nzk.com\/#website"},"primaryImageOfPage":{"@id":"https:\/\/wigstore-nzk.com\/produkt\/belle-madame-vital-mask\/#primaryimage"},"image":{"@id":"https:\/\/wigstore-nzk.com\/produkt\/belle-madame-vital-mask\/#primaryimage"},"thumbnailUrl":"https:\/\/wigstore-nzk.com\/wp-content\/uploads\/2025\/08\/33H_1.png","datePublished":"2025-08-03T11:29:31+00:00","dateModified":"2025-11-12T11:25:33+00:00","description":"Intensywnie od\u017cywiaj\u0105ca maska z olejkiem jojoba i mas\u0142em shea, kt\u00f3ra regeneruje suche i zniszczone w\u0142osy, nadaj\u0105c im g\u0142adko\u015b\u0107, po\u0142ysk i zdrowy wygl\u0105d","breadcrumb":{"@id":"https:\/\/wigstore-nzk.com\/produkt\/belle-madame-vital-mask\/#breadcrumb"},"inLanguage":"en-US","potentialAction":[{"@type":"ReadAction","target":["https:\/\/wigstore-nzk.com\/produkt\/belle-madame-vital-mask\/"]}]},{"@type":"ImageObject","inLanguage":"en-US","@id":"https:\/\/wigstore-nzk.com\/produkt\/belle-madame-vital-mask\/#primaryimage","url":"https:\/\/wigstore-nzk.com\/wp-content\/uploads\/2025\/08\/33H_1.png","contentUrl":"https:\/\/wigstore-nzk.com\/wp-content\/uploads\/2025\/08\/33H_1.png","width":768,"height":1365},{"@type":"BreadcrumbList","@id":"https:\/\/wigstore-nzk.com\/produkt\/belle-madame-vital-mask\/#breadcrumb","itemListElement":[{"@type":"ListItem","position":1,"name":"Strona g\u0142\u00f3wna","item":"https:\/\/wigstore-nzk.com\/"},{"@type":"ListItem","position":2,"name":"Sklep","item":"https:\/\/wigstore-nzk.com\/sklep\/"},{"@type":"ListItem","position":3,"name":"BELLE MADAME VITAL MASK"}]},{"@type":"WebSite","@id":"https:\/\/wigstore-nzk.com\/#website","url":"https:\/\/wigstore-nzk.com\/","name":"NZK-Wigstore","description":"","potentialAction":[{"@type":"SearchAction","target":{"@type":"EntryPoint","urlTemplate":"https:\/\/wigstore-nzk.com\/?s={search_term_string}"},"query-input":{"@type":"PropertyValueSpecification","valueRequired":true,"valueName":"search_term_string"}}],"inLanguage":"en-US"}]}},"_links":{"self":[{"href":"https:\/\/wigstore-nzk.com\/en\/wp-json\/wp\/v2\/product\/2777","targetHints":{"allow":["GET"]}}],"collection":[{"href":"https:\/\/wigstore-nzk.com\/en\/wp-json\/wp\/v2\/product"}],"about":[{"href":"https:\/\/wigstore-nzk.com\/en\/wp-json\/wp\/v2\/types\/product"}],"version-history":[{"count":1,"href":"https:\/\/wigstore-nzk.com\/en\/wp-json\/wp\/v2\/product\/2777\/revisions"}],"predecessor-version":[{"id":2781,"href":"https:\/\/wigstore-nzk.com\/en\/wp-json\/wp\/v2\/product\/2777\/revisions\/2781"}],"wp:featuredmedia":[{"embeddable":true,"href":"https:\/\/wigstore-nzk.com\/en\/wp-json\/wp\/v2\/media\/2778"}],"wp:attachment":[{"href":"https:\/\/wigstore-nzk.com\/en\/wp-json\/wp\/v2\/media?parent=2777"}],"wp:term":[{"taxonomy":"product_brand","embeddable":true,"href":"https:\/\/wigstore-nzk.com\/en\/wp-json\/wp\/v2\/product_brand?post=2777"},{"taxonomy":"product_cat","embeddable":true,"href":"https:\/\/wigstore-nzk.com\/en\/wp-json\/wp\/v2\/product_cat?post=2777"},{"taxonomy":"product_tag","embeddable":true,"href":"https:\/\/wigstore-nzk.com\/en\/wp-json\/wp\/v2\/product_tag?post=2777"}],"curies":[{"name":"wp","href":"https:\/\/api.w.org\/{rel}","templated":true}]}}