{"id":3044,"date":"2025-10-27T18:10:16","date_gmt":"2025-10-27T17:10:16","guid":{"rendered":"https:\/\/wigstore-nzk.com\/?post_type=product&#038;p=3044"},"modified":"2025-11-11T10:57:25","modified_gmt":"2025-11-11T09:57:25","slug":"uzywana-peruka-wykonana-w-100-z-naturalnych-wlosow-slowianskich-03","status":"publish","type":"product","link":"https:\/\/wigstore-nzk.com\/en\/product\/uzywana-peruka-wykonana-w-100-z-naturalnych-wlosow-slowianskich-03\/","title":{"rendered":"U\u017cywana peruka wykonana w 100% z naturalnych w\u0142os\u00f3w s\u0142owia\u0144skich 03"},"content":{"rendered":"<p>Peruka wykonana jest w 100% z naturalnych w\u0142os\u00f3w s\u0142owia\u0144skich \u2013 mi\u0119kkich, jedwabistych i podatnych na stylizacj\u0119. Mo\u017cna j\u0105 prostowa\u0107, kr\u0119ci\u0107 i uk\u0142ada\u0107 jak w\u0142asne w\u0142osy. Dzi\u0119ki naturalnemu odcieniowi i strukturze w\u0142osa, peruka prezentuje si\u0119 niezwykle realistycznie, zapewniaj\u0105c naturalny wygl\u0105d ka\u017cdego dnia.<\/p>\n<p>Cechy produktu:<\/p>\n<ul>\n<li>100% w\u0142osy naturalne s\u0142owia\u0144skie<\/li>\n<li>R\u0119czna praca \u2013 wykonanie w warszawskiej pracowni perukarskiej<\/li>\n<li>Rozmiar 54 z mo\u017cliwo\u015bci\u0105 regulacji<\/li>\n<li>Stan: u\u017cywana w bardzo dobrym stanie<\/li>\n<li>Mo\u017cliwo\u015b\u0107 farbowania i stylizacji ciep\u0142em<\/li>\n<li>Komfortowa i przewiewna baza<\/li>\n<\/ul>\n<p>Dlaczego warto wybra\u0107 peruk\u0119 z w\u0142os\u00f3w naturalnych? Peruki z naturalnych w\u0142os\u00f3w s\u0142owia\u0144skich s\u0105 cenione za ich autentyczny wygl\u0105d, \u0142atwo\u015b\u0107 stylizacji i d\u0142ug\u0105 \u017cywotno\u015b\u0107. W przeciwie\u0144stwie do peruk syntetycznych, pozwalaj\u0105 na dowolne zmiany fryzury, dzi\u0119ki czemu mo\u017cesz czu\u0107 si\u0119 pewnie i wygl\u0105da\u0107 pi\u0119knie ka\u017cdego dnia. <span class=\"html-span xexx8yu xyri2b x18d9i69 x1c1uobl x1hl2dhg x16tdsg8 x1vvkbs x3nfvp2 x1j61x8r x1fcty0u xdj266r xat24cr xm2jcoa x1mpyi22 xxymvpz xlup9mm x1kky2od\"><img decoding=\"async\" class=\"xz74otr x15mokao x1ga7v0g x16uus16 xbiv7yw\" src=\"https:\/\/static.xx.fbcdn.net\/images\/emoji.php\/v9\/taf\/1\/16\/1f6cd.png\" alt=\"\ud83d\udecd\ufe0f\" width=\"16\" height=\"16\" \/><\/span> Kup teraz i ciesz si\u0119 luksusem naturalnych w\u0142os\u00f3w stworzonych specjalnie dla Ciebie \u2013 r\u0119cznie szyta peruka z warszawskiej pracowni to gwarancja jako\u015bci, elegancji i wygody.<\/p>","protected":false},"excerpt":{"rendered":"<p>Szukasz wyj\u0105tkowej peruki, kt\u00f3ra wygl\u0105da naturalnie i zapewnia pe\u0142en komfort noszenia? Nasza u\u017cywana peruka z w\u0142os\u00f3w naturalnych s\u0142owia\u0144skich to doskona\u0142y wyb\u00f3r dla os\u00f3b ceni\u0105cych najwy\u017csz\u0105 jako\u015b\u0107 i precyzj\u0119 wykonania.<\/p>\n<p>&nbsp;<\/p>\n<p>Uwaga, peruka u\u017cywana, nie podlega zwrotowi.<\/p>","protected":false},"featured_media":3050,"template":"","meta":[],"product_brand":[],"product_cat":[49],"product_tag":[],"class_list":{"0":"post-3044","1":"product","2":"type-product","3":"status-publish","4":"has-post-thumbnail","6":"product_cat-zarosty-wasy-peruki","8":"first","9":"instock","10":"taxable","11":"shipping-taxable","12":"purchasable","13":"product-type-simple"},"yoast_head":"<!-- This site is optimized with the Yoast SEO Premium plugin v24.5 (Yoast SEO v27.5) - https:\/\/yoast.com\/product\/yoast-seo-premium-wordpress\/ -->\n<title>U\u017cywana peruka wykonana w 100% z naturalnych w\u0142os\u00f3w s\u0142owia\u0144skich 03 - NZK-Wigstore<\/title>\n<meta name=\"description\" content=\"U\u017cywana peruka wykonana jest w 100% z naturalnych w\u0142os\u00f3w s\u0142owia\u0144skich \u2013 mi\u0119kkich, jedwabistych i podatnych na stylizacj\u0119. Mo\u017cna j\u0105 prostowa\u0107, kr\u0119ci\u0107 i uk\u0142ada\u0107 jak w\u0142asne w\u0142osy\" \/>\n<meta name=\"robots\" content=\"index, follow, max-snippet:-1, max-image-preview:large, max-video-preview:-1\" \/>\n<link rel=\"canonical\" href=\"https:\/\/wigstore-nzk.com\/en\/product\/uzywana-peruka-wykonana-w-100-z-naturalnych-wlosow-slowianskich-03\/\" \/>\n<meta property=\"og:locale\" content=\"en_US\" \/>\n<meta property=\"og:type\" content=\"article\" \/>\n<meta property=\"og:title\" content=\"U\u017cywana peruka wykonana w 100% z naturalnych w\u0142os\u00f3w s\u0142owia\u0144skich 03\" \/>\n<meta property=\"og:description\" content=\"U\u017cywana peruka wykonana jest w 100% z naturalnych w\u0142os\u00f3w s\u0142owia\u0144skich \u2013 mi\u0119kkich, jedwabistych i podatnych na stylizacj\u0119. Mo\u017cna j\u0105 prostowa\u0107, kr\u0119ci\u0107 i uk\u0142ada\u0107 jak w\u0142asne w\u0142osy\" \/>\n<meta property=\"og:url\" content=\"https:\/\/wigstore-nzk.com\/en\/product\/uzywana-peruka-wykonana-w-100-z-naturalnych-wlosow-slowianskich-03\/\" \/>\n<meta property=\"og:site_name\" content=\"NZK-Wigstore\" \/>\n<meta property=\"article:modified_time\" content=\"2025-11-11T09:57:25+00:00\" \/>\n<meta property=\"og:image\" content=\"https:\/\/wigstore-nzk.com\/wp-content\/uploads\/2025\/10\/Peruka03_06.jpg\" \/>\n\t<meta property=\"og:image:width\" content=\"1536\" \/>\n\t<meta property=\"og:image:height\" content=\"2048\" \/>\n\t<meta property=\"og:image:type\" content=\"image\/jpeg\" \/>\n<meta name=\"twitter:card\" content=\"summary_large_image\" \/>\n<meta name=\"twitter:label1\" content=\"Est. reading time\" \/>\n\t<meta name=\"twitter:data1\" content=\"2 minutes\" \/>\n<script type=\"application\/ld+json\" class=\"yoast-schema-graph\">{\"@context\":\"https:\\\/\\\/schema.org\",\"@graph\":[{\"@type\":\"WebPage\",\"@id\":\"https:\\\/\\\/wigstore-nzk.com\\\/produkt\\\/uzywana-peruka-wykonana-w-100-z-naturalnych-wlosow-slowianskich-03\\\/\",\"url\":\"https:\\\/\\\/wigstore-nzk.com\\\/produkt\\\/uzywana-peruka-wykonana-w-100-z-naturalnych-wlosow-slowianskich-03\\\/\",\"name\":\"U\u017cywana peruka wykonana w 100% z naturalnych w\u0142os\u00f3w s\u0142owia\u0144skich 03 - NZK-Wigstore\",\"isPartOf\":{\"@id\":\"https:\\\/\\\/wigstore-nzk.com\\\/#website\"},\"primaryImageOfPage\":{\"@id\":\"https:\\\/\\\/wigstore-nzk.com\\\/produkt\\\/uzywana-peruka-wykonana-w-100-z-naturalnych-wlosow-slowianskich-03\\\/#primaryimage\"},\"image\":{\"@id\":\"https:\\\/\\\/wigstore-nzk.com\\\/produkt\\\/uzywana-peruka-wykonana-w-100-z-naturalnych-wlosow-slowianskich-03\\\/#primaryimage\"},\"thumbnailUrl\":\"https:\\\/\\\/wigstore-nzk.com\\\/wp-content\\\/uploads\\\/2025\\\/10\\\/Peruka03_06.jpg\",\"datePublished\":\"2025-10-27T17:10:16+00:00\",\"dateModified\":\"2025-11-11T09:57:25+00:00\",\"description\":\"U\u017cywana peruka wykonana jest w 100% z naturalnych w\u0142os\u00f3w s\u0142owia\u0144skich \u2013 mi\u0119kkich, jedwabistych i podatnych na stylizacj\u0119. Mo\u017cna j\u0105 prostowa\u0107, kr\u0119ci\u0107 i uk\u0142ada\u0107 jak w\u0142asne w\u0142osy\",\"breadcrumb\":{\"@id\":\"https:\\\/\\\/wigstore-nzk.com\\\/produkt\\\/uzywana-peruka-wykonana-w-100-z-naturalnych-wlosow-slowianskich-03\\\/#breadcrumb\"},\"inLanguage\":\"en-US\",\"potentialAction\":[{\"@type\":\"ReadAction\",\"target\":[\"https:\\\/\\\/wigstore-nzk.com\\\/produkt\\\/uzywana-peruka-wykonana-w-100-z-naturalnych-wlosow-slowianskich-03\\\/\"]}]},{\"@type\":\"ImageObject\",\"inLanguage\":\"en-US\",\"@id\":\"https:\\\/\\\/wigstore-nzk.com\\\/produkt\\\/uzywana-peruka-wykonana-w-100-z-naturalnych-wlosow-slowianskich-03\\\/#primaryimage\",\"url\":\"https:\\\/\\\/wigstore-nzk.com\\\/wp-content\\\/uploads\\\/2025\\\/10\\\/Peruka03_06.jpg\",\"contentUrl\":\"https:\\\/\\\/wigstore-nzk.com\\\/wp-content\\\/uploads\\\/2025\\\/10\\\/Peruka03_06.jpg\",\"width\":1536,\"height\":2048,\"caption\":\"peruka u\u017cywana\"},{\"@type\":\"BreadcrumbList\",\"@id\":\"https:\\\/\\\/wigstore-nzk.com\\\/produkt\\\/uzywana-peruka-wykonana-w-100-z-naturalnych-wlosow-slowianskich-03\\\/#breadcrumb\",\"itemListElement\":[{\"@type\":\"ListItem\",\"position\":1,\"name\":\"Strona g\u0142\u00f3wna\",\"item\":\"https:\\\/\\\/wigstore-nzk.com\\\/\"},{\"@type\":\"ListItem\",\"position\":2,\"name\":\"Sklep\",\"item\":\"https:\\\/\\\/wigstore-nzk.com\\\/sklep\\\/\"},{\"@type\":\"ListItem\",\"position\":3,\"name\":\"U\u017cywana peruka wykonana w 100% z naturalnych w\u0142os\u00f3w s\u0142owia\u0144skich 03\"}]},{\"@type\":\"WebSite\",\"@id\":\"https:\\\/\\\/wigstore-nzk.com\\\/#website\",\"url\":\"https:\\\/\\\/wigstore-nzk.com\\\/\",\"name\":\"NZK-Wigstore\",\"description\":\"\",\"potentialAction\":[{\"@type\":\"SearchAction\",\"target\":{\"@type\":\"EntryPoint\",\"urlTemplate\":\"https:\\\/\\\/wigstore-nzk.com\\\/?s={search_term_string}\"},\"query-input\":{\"@type\":\"PropertyValueSpecification\",\"valueRequired\":true,\"valueName\":\"search_term_string\"}}],\"inLanguage\":\"en-US\"}]}<\/script>\n<!-- \/ Yoast SEO Premium plugin. -->","yoast_head_json":{"title":"U\u017cywana peruka wykonana w 100% z naturalnych w\u0142os\u00f3w s\u0142owia\u0144skich 03 - NZK-Wigstore","description":"U\u017cywana peruka wykonana jest w 100% z naturalnych w\u0142os\u00f3w s\u0142owia\u0144skich \u2013 mi\u0119kkich, jedwabistych i podatnych na stylizacj\u0119. Mo\u017cna j\u0105 prostowa\u0107, kr\u0119ci\u0107 i uk\u0142ada\u0107 jak w\u0142asne w\u0142osy","robots":{"index":"index","follow":"follow","max-snippet":"max-snippet:-1","max-image-preview":"max-image-preview:large","max-video-preview":"max-video-preview:-1"},"canonical":"https:\/\/wigstore-nzk.com\/en\/product\/uzywana-peruka-wykonana-w-100-z-naturalnych-wlosow-slowianskich-03\/","og_locale":"en_US","og_type":"article","og_title":"U\u017cywana peruka wykonana w 100% z naturalnych w\u0142os\u00f3w s\u0142owia\u0144skich 03","og_description":"U\u017cywana peruka wykonana jest w 100% z naturalnych w\u0142os\u00f3w s\u0142owia\u0144skich \u2013 mi\u0119kkich, jedwabistych i podatnych na stylizacj\u0119. Mo\u017cna j\u0105 prostowa\u0107, kr\u0119ci\u0107 i uk\u0142ada\u0107 jak w\u0142asne w\u0142osy","og_url":"https:\/\/wigstore-nzk.com\/en\/product\/uzywana-peruka-wykonana-w-100-z-naturalnych-wlosow-slowianskich-03\/","og_site_name":"NZK-Wigstore","article_modified_time":"2025-11-11T09:57:25+00:00","og_image":[{"width":1536,"height":2048,"url":"https:\/\/wigstore-nzk.com\/wp-content\/uploads\/2025\/10\/Peruka03_06.jpg","type":"image\/jpeg"}],"twitter_card":"summary_large_image","twitter_misc":{"Est. reading time":"2 minutes"},"schema":{"@context":"https:\/\/schema.org","@graph":[{"@type":"WebPage","@id":"https:\/\/wigstore-nzk.com\/produkt\/uzywana-peruka-wykonana-w-100-z-naturalnych-wlosow-slowianskich-03\/","url":"https:\/\/wigstore-nzk.com\/produkt\/uzywana-peruka-wykonana-w-100-z-naturalnych-wlosow-slowianskich-03\/","name":"U\u017cywana peruka wykonana w 100% z naturalnych w\u0142os\u00f3w s\u0142owia\u0144skich 03 - NZK-Wigstore","isPartOf":{"@id":"https:\/\/wigstore-nzk.com\/#website"},"primaryImageOfPage":{"@id":"https:\/\/wigstore-nzk.com\/produkt\/uzywana-peruka-wykonana-w-100-z-naturalnych-wlosow-slowianskich-03\/#primaryimage"},"image":{"@id":"https:\/\/wigstore-nzk.com\/produkt\/uzywana-peruka-wykonana-w-100-z-naturalnych-wlosow-slowianskich-03\/#primaryimage"},"thumbnailUrl":"https:\/\/wigstore-nzk.com\/wp-content\/uploads\/2025\/10\/Peruka03_06.jpg","datePublished":"2025-10-27T17:10:16+00:00","dateModified":"2025-11-11T09:57:25+00:00","description":"U\u017cywana peruka wykonana jest w 100% z naturalnych w\u0142os\u00f3w s\u0142owia\u0144skich \u2013 mi\u0119kkich, jedwabistych i podatnych na stylizacj\u0119. Mo\u017cna j\u0105 prostowa\u0107, kr\u0119ci\u0107 i uk\u0142ada\u0107 jak w\u0142asne w\u0142osy","breadcrumb":{"@id":"https:\/\/wigstore-nzk.com\/produkt\/uzywana-peruka-wykonana-w-100-z-naturalnych-wlosow-slowianskich-03\/#breadcrumb"},"inLanguage":"en-US","potentialAction":[{"@type":"ReadAction","target":["https:\/\/wigstore-nzk.com\/produkt\/uzywana-peruka-wykonana-w-100-z-naturalnych-wlosow-slowianskich-03\/"]}]},{"@type":"ImageObject","inLanguage":"en-US","@id":"https:\/\/wigstore-nzk.com\/produkt\/uzywana-peruka-wykonana-w-100-z-naturalnych-wlosow-slowianskich-03\/#primaryimage","url":"https:\/\/wigstore-nzk.com\/wp-content\/uploads\/2025\/10\/Peruka03_06.jpg","contentUrl":"https:\/\/wigstore-nzk.com\/wp-content\/uploads\/2025\/10\/Peruka03_06.jpg","width":1536,"height":2048,"caption":"peruka u\u017cywana"},{"@type":"BreadcrumbList","@id":"https:\/\/wigstore-nzk.com\/produkt\/uzywana-peruka-wykonana-w-100-z-naturalnych-wlosow-slowianskich-03\/#breadcrumb","itemListElement":[{"@type":"ListItem","position":1,"name":"Strona g\u0142\u00f3wna","item":"https:\/\/wigstore-nzk.com\/"},{"@type":"ListItem","position":2,"name":"Sklep","item":"https:\/\/wigstore-nzk.com\/sklep\/"},{"@type":"ListItem","position":3,"name":"U\u017cywana peruka wykonana w 100% z naturalnych w\u0142os\u00f3w s\u0142owia\u0144skich 03"}]},{"@type":"WebSite","@id":"https:\/\/wigstore-nzk.com\/#website","url":"https:\/\/wigstore-nzk.com\/","name":"NZK-Wigstore","description":"","potentialAction":[{"@type":"SearchAction","target":{"@type":"EntryPoint","urlTemplate":"https:\/\/wigstore-nzk.com\/?s={search_term_string}"},"query-input":{"@type":"PropertyValueSpecification","valueRequired":true,"valueName":"search_term_string"}}],"inLanguage":"en-US"}]}},"_links":{"self":[{"href":"https:\/\/wigstore-nzk.com\/en\/wp-json\/wp\/v2\/product\/3044","targetHints":{"allow":["GET"]}}],"collection":[{"href":"https:\/\/wigstore-nzk.com\/en\/wp-json\/wp\/v2\/product"}],"about":[{"href":"https:\/\/wigstore-nzk.com\/en\/wp-json\/wp\/v2\/types\/product"}],"version-history":[{"count":1,"href":"https:\/\/wigstore-nzk.com\/en\/wp-json\/wp\/v2\/product\/3044\/revisions"}],"predecessor-version":[{"id":3055,"href":"https:\/\/wigstore-nzk.com\/en\/wp-json\/wp\/v2\/product\/3044\/revisions\/3055"}],"wp:featuredmedia":[{"embeddable":true,"href":"https:\/\/wigstore-nzk.com\/en\/wp-json\/wp\/v2\/media\/3050"}],"wp:attachment":[{"href":"https:\/\/wigstore-nzk.com\/en\/wp-json\/wp\/v2\/media?parent=3044"}],"wp:term":[{"taxonomy":"product_brand","embeddable":true,"href":"https:\/\/wigstore-nzk.com\/en\/wp-json\/wp\/v2\/product_brand?post=3044"},{"taxonomy":"product_cat","embeddable":true,"href":"https:\/\/wigstore-nzk.com\/en\/wp-json\/wp\/v2\/product_cat?post=3044"},{"taxonomy":"product_tag","embeddable":true,"href":"https:\/\/wigstore-nzk.com\/en\/wp-json\/wp\/v2\/product_tag?post=3044"}],"curies":[{"name":"wp","href":"https:\/\/api.w.org\/{rel}","templated":true}]}}