{"id":3157,"date":"2025-11-11T11:02:39","date_gmt":"2025-11-11T10:02:39","guid":{"rendered":"https:\/\/wigstore-nzk.com\/?post_type=product&#038;p=3157"},"modified":"2026-04-14T20:40:18","modified_gmt":"2026-04-14T18:40:18","slug":"metalowy-zacisk-perukarski-do-tresbanek-typ-b","status":"publish","type":"product","link":"https:\/\/wigstore-nzk.com\/en\/product\/metalowy-zacisk-perukarski-do-tresbanek-typ-b\/","title":{"rendered":"Metalowy zacisk perukarski do tresbanek, typ B"},"content":{"rendered":"<p>Metalowy zacisk perukarski do tresbanek wykonany ze stali nierdzewnej &#8211; Nasz metalowy zacisk perukarski to niezb\u0119dne narz\u0119dzie dla profesjonalist\u00f3w i pasjonat\u00f3w tworzenia i stylizacji peruk. Wykonany z wysokiej jako\u015bci stali nierdzewnej, zapewnia stabilne i mocne mocowanie tresbanek do sto\u0142u lub innej powierzchni roboczej. Dodatkowa ta\u015bma gumowa zabezpiecza blat roboczy przed ewentualnymi uszkodzeniami. Dzi\u0119ki solidnej konstrukcji i \u0142atwej regulacji, zacisk gwarantuje komfort pracy podczas tworzenia tresek.<\/p>\n<p>Cechy produktu:<br \/>\n\u2705Wytrzyma\u0142y materia\u0142 \u2013 stal nierdzewna odporna na zu\u017cycie, uszkodzenia i czynniki ewn\u0119trzne<br \/>\n\u2705Regulowany uchwyt \u2013 pasuje do r\u00f3\u017cnych grubo\u015bci blat\u00f3w<br \/>\n\u2705Mocny chwyt \u2013 zapewnia stabilno\u015b\u0107 podczas pracy dodatkowo poprawiony zabezpieczaj\u0105c\u0105 ta\u015bm\u0105 gumow\u0105<br \/>\n\u2705\u0141atwa obs\u0142uga \u2013 szybkie mocowanie i demonta\u017c dzi\u0119ki wygodnemu uchwytowi<\/p>\n<p>Idealny dla stylist\u00f3w peruk, fryzjer\u00f3w oraz os\u00f3b zajmuj\u0105cych si\u0119 r\u0119cznym tworzeniem tresek i peruk. Wybierz jako\u015b\u0107 i wygod\u0119 z naszym metalowym zaciskiem perukarskim!<\/p>\n<p>&nbsp;<\/p>\n<p>W sprzeda\u017cy 1 sztuka zacisku perukarskiego do tresbanek.<\/p>\n<p>&nbsp;<\/p>\n<p>Produkt jest cz\u0119\u015bci\u0105 zestawu, kt\u00f3rego elementy kupowane s\u0105 osobno. Ca\u0142y zestaw powinien si\u0119 sk\u0142ada\u0107 z nast\u0119puj\u0105cych element\u00f3w:<br \/>\n&#8211; Tresbanka Perukarska (pletniak), 1 ko\u0142ek<br \/>\n&#8211; Tresbanka Perukarska (pletniak), 6 ko\u0142k\u00f3w<br \/>\n&#8211; Dwie sztuki metalowy zacisk perukarski do tresbanek, typ A lub typ B<\/p>","protected":false},"excerpt":{"rendered":"<p>Metalowy zacisk perukarski do treskbanek &#8211; niezb\u0119dne narz\u0119dzie dla profesjonalist\u00f3w i pasjonat\u00f3w tworzenia i stylizacji peruk. Wykonany z wysokiej jako\u015bci, trwa\u0142ego metalu, zapewnia stabilne i mocne mocowanie tresbanek do sto\u0142u lub innej powierzchni roboczej. Kupuj\u0105c produkt otrzymasz jedn\u0105 sztuk\u0119 zacisku.<\/p>\n<p>&nbsp;<\/p>\n<p>Produkt jest cz\u0119\u015bci\u0105 zestawu, kt\u00f3rego elementy kupowane s\u0105 osobno. Ca\u0142y zestaw powinien si\u0119 sk\u0142ada\u0107 z nast\u0119puj\u0105cych element\u00f3w:<br \/>\n&#8211; Tresbanka Perukarska (pletniak), 1 ko\u0142ek<br \/>\n&#8211; Tresbanka Perukarska (pletniak), 6 ko\u0142k\u00f3w<br \/>\n&#8211; Dwie sztuki metalowy zacisk perukarski do tresbanek, typ A lub typ B<\/p>","protected":false},"featured_media":3160,"template":"","meta":[],"product_brand":[],"product_cat":[28,44],"product_tag":[304,356,355],"class_list":{"0":"post-3157","1":"product","2":"type-product","3":"status-publish","4":"has-post-thumbnail","6":"product_cat-akcesoria","7":"product_cat-przyrzady-do-trzymania-wlosow","8":"product_tag-peruki","9":"product_tag-uchwyt-do-tresbanek","10":"product_tag-wigstore","12":"first","13":"instock","14":"taxable","15":"shipping-taxable","16":"purchasable","17":"product-type-simple"},"yoast_head":"<!-- This site is optimized with the Yoast SEO Premium plugin v24.5 (Yoast SEO v27.5) - https:\/\/yoast.com\/product\/yoast-seo-premium-wordpress\/ -->\n<title>Metalowy zacisk perukarski do tresbanek, typ B - NZK-Wigstore<\/title>\n<meta name=\"description\" content=\"Metalowy zacisk perukarski do tresbanek - Wykonany z wysokiej jako\u015bci stali nierdzewnej, zapewnia stabilne mocowanie tresbanek do powierzchni roboczej\" \/>\n<meta name=\"robots\" content=\"index, follow, max-snippet:-1, max-image-preview:large, max-video-preview:-1\" \/>\n<link rel=\"canonical\" href=\"https:\/\/wigstore-nzk.com\/en\/product\/metalowy-zacisk-perukarski-do-tresbanek-typ-b\/\" \/>\n<meta property=\"og:locale\" content=\"en_US\" \/>\n<meta property=\"og:type\" content=\"article\" \/>\n<meta property=\"og:title\" content=\"Metalowy zacisk perukarski do tresbanek, typ B\" \/>\n<meta property=\"og:description\" content=\"Metalowy zacisk perukarski do tresbanek - Wykonany z wysokiej jako\u015bci stali nierdzewnej, zapewnia stabilne mocowanie tresbanek do powierzchni roboczej\" \/>\n<meta property=\"og:url\" content=\"https:\/\/wigstore-nzk.com\/en\/product\/metalowy-zacisk-perukarski-do-tresbanek-typ-b\/\" \/>\n<meta property=\"og:site_name\" content=\"NZK-Wigstore\" \/>\n<meta property=\"article:modified_time\" content=\"2026-04-14T18:40:18+00:00\" \/>\n<meta property=\"og:image\" content=\"https:\/\/wigstore-nzk.com\/wp-content\/uploads\/2025\/11\/411f6059-4e7b-4909-b857-af374c327632.jpg\" \/>\n\t<meta property=\"og:image:width\" content=\"1080\" \/>\n\t<meta property=\"og:image:height\" content=\"1920\" \/>\n\t<meta property=\"og:image:type\" content=\"image\/jpeg\" \/>\n<meta name=\"twitter:card\" content=\"summary_large_image\" \/>\n<meta name=\"twitter:label1\" content=\"Est. reading time\" \/>\n\t<meta name=\"twitter:data1\" content=\"2 minutes\" \/>\n<script type=\"application\/ld+json\" class=\"yoast-schema-graph\">{\"@context\":\"https:\\\/\\\/schema.org\",\"@graph\":[{\"@type\":\"WebPage\",\"@id\":\"https:\\\/\\\/wigstore-nzk.com\\\/produkt\\\/metalowy-zacisk-perukarski-do-tresbanek-typ-b\\\/\",\"url\":\"https:\\\/\\\/wigstore-nzk.com\\\/produkt\\\/metalowy-zacisk-perukarski-do-tresbanek-typ-b\\\/\",\"name\":\"Metalowy zacisk perukarski do tresbanek, typ B - NZK-Wigstore\",\"isPartOf\":{\"@id\":\"https:\\\/\\\/wigstore-nzk.com\\\/#website\"},\"primaryImageOfPage\":{\"@id\":\"https:\\\/\\\/wigstore-nzk.com\\\/produkt\\\/metalowy-zacisk-perukarski-do-tresbanek-typ-b\\\/#primaryimage\"},\"image\":{\"@id\":\"https:\\\/\\\/wigstore-nzk.com\\\/produkt\\\/metalowy-zacisk-perukarski-do-tresbanek-typ-b\\\/#primaryimage\"},\"thumbnailUrl\":\"https:\\\/\\\/wigstore-nzk.com\\\/wp-content\\\/uploads\\\/2025\\\/11\\\/411f6059-4e7b-4909-b857-af374c327632.jpg\",\"datePublished\":\"2025-11-11T10:02:39+00:00\",\"dateModified\":\"2026-04-14T18:40:18+00:00\",\"description\":\"Metalowy zacisk perukarski do tresbanek - Wykonany z wysokiej jako\u015bci stali nierdzewnej, zapewnia stabilne mocowanie tresbanek do powierzchni roboczej\",\"breadcrumb\":{\"@id\":\"https:\\\/\\\/wigstore-nzk.com\\\/produkt\\\/metalowy-zacisk-perukarski-do-tresbanek-typ-b\\\/#breadcrumb\"},\"inLanguage\":\"en-US\",\"potentialAction\":[{\"@type\":\"ReadAction\",\"target\":[\"https:\\\/\\\/wigstore-nzk.com\\\/produkt\\\/metalowy-zacisk-perukarski-do-tresbanek-typ-b\\\/\"]}]},{\"@type\":\"ImageObject\",\"inLanguage\":\"en-US\",\"@id\":\"https:\\\/\\\/wigstore-nzk.com\\\/produkt\\\/metalowy-zacisk-perukarski-do-tresbanek-typ-b\\\/#primaryimage\",\"url\":\"https:\\\/\\\/wigstore-nzk.com\\\/wp-content\\\/uploads\\\/2025\\\/11\\\/411f6059-4e7b-4909-b857-af374c327632.jpg\",\"contentUrl\":\"https:\\\/\\\/wigstore-nzk.com\\\/wp-content\\\/uploads\\\/2025\\\/11\\\/411f6059-4e7b-4909-b857-af374c327632.jpg\",\"width\":1080,\"height\":1920},{\"@type\":\"BreadcrumbList\",\"@id\":\"https:\\\/\\\/wigstore-nzk.com\\\/produkt\\\/metalowy-zacisk-perukarski-do-tresbanek-typ-b\\\/#breadcrumb\",\"itemListElement\":[{\"@type\":\"ListItem\",\"position\":1,\"name\":\"Strona g\u0142\u00f3wna\",\"item\":\"https:\\\/\\\/wigstore-nzk.com\\\/\"},{\"@type\":\"ListItem\",\"position\":2,\"name\":\"Sklep\",\"item\":\"https:\\\/\\\/wigstore-nzk.com\\\/sklep\\\/\"},{\"@type\":\"ListItem\",\"position\":3,\"name\":\"Metalowy zacisk perukarski do tresbanek, typ B\"}]},{\"@type\":\"WebSite\",\"@id\":\"https:\\\/\\\/wigstore-nzk.com\\\/#website\",\"url\":\"https:\\\/\\\/wigstore-nzk.com\\\/\",\"name\":\"NZK-Wigstore\",\"description\":\"\",\"potentialAction\":[{\"@type\":\"SearchAction\",\"target\":{\"@type\":\"EntryPoint\",\"urlTemplate\":\"https:\\\/\\\/wigstore-nzk.com\\\/?s={search_term_string}\"},\"query-input\":{\"@type\":\"PropertyValueSpecification\",\"valueRequired\":true,\"valueName\":\"search_term_string\"}}],\"inLanguage\":\"en-US\"}]}<\/script>\n<!-- \/ Yoast SEO Premium plugin. -->","yoast_head_json":{"title":"Metalowy zacisk perukarski do tresbanek, typ B - NZK-Wigstore","description":"Metalowy zacisk perukarski do tresbanek - Wykonany z wysokiej jako\u015bci stali nierdzewnej, zapewnia stabilne mocowanie tresbanek do powierzchni roboczej","robots":{"index":"index","follow":"follow","max-snippet":"max-snippet:-1","max-image-preview":"max-image-preview:large","max-video-preview":"max-video-preview:-1"},"canonical":"https:\/\/wigstore-nzk.com\/en\/product\/metalowy-zacisk-perukarski-do-tresbanek-typ-b\/","og_locale":"en_US","og_type":"article","og_title":"Metalowy zacisk perukarski do tresbanek, typ B","og_description":"Metalowy zacisk perukarski do tresbanek - Wykonany z wysokiej jako\u015bci stali nierdzewnej, zapewnia stabilne mocowanie tresbanek do powierzchni roboczej","og_url":"https:\/\/wigstore-nzk.com\/en\/product\/metalowy-zacisk-perukarski-do-tresbanek-typ-b\/","og_site_name":"NZK-Wigstore","article_modified_time":"2026-04-14T18:40:18+00:00","og_image":[{"width":1080,"height":1920,"url":"https:\/\/wigstore-nzk.com\/wp-content\/uploads\/2025\/11\/411f6059-4e7b-4909-b857-af374c327632.jpg","type":"image\/jpeg"}],"twitter_card":"summary_large_image","twitter_misc":{"Est. reading time":"2 minutes"},"schema":{"@context":"https:\/\/schema.org","@graph":[{"@type":"WebPage","@id":"https:\/\/wigstore-nzk.com\/produkt\/metalowy-zacisk-perukarski-do-tresbanek-typ-b\/","url":"https:\/\/wigstore-nzk.com\/produkt\/metalowy-zacisk-perukarski-do-tresbanek-typ-b\/","name":"Metalowy zacisk perukarski do tresbanek, typ B - NZK-Wigstore","isPartOf":{"@id":"https:\/\/wigstore-nzk.com\/#website"},"primaryImageOfPage":{"@id":"https:\/\/wigstore-nzk.com\/produkt\/metalowy-zacisk-perukarski-do-tresbanek-typ-b\/#primaryimage"},"image":{"@id":"https:\/\/wigstore-nzk.com\/produkt\/metalowy-zacisk-perukarski-do-tresbanek-typ-b\/#primaryimage"},"thumbnailUrl":"https:\/\/wigstore-nzk.com\/wp-content\/uploads\/2025\/11\/411f6059-4e7b-4909-b857-af374c327632.jpg","datePublished":"2025-11-11T10:02:39+00:00","dateModified":"2026-04-14T18:40:18+00:00","description":"Metalowy zacisk perukarski do tresbanek - Wykonany z wysokiej jako\u015bci stali nierdzewnej, zapewnia stabilne mocowanie tresbanek do powierzchni roboczej","breadcrumb":{"@id":"https:\/\/wigstore-nzk.com\/produkt\/metalowy-zacisk-perukarski-do-tresbanek-typ-b\/#breadcrumb"},"inLanguage":"en-US","potentialAction":[{"@type":"ReadAction","target":["https:\/\/wigstore-nzk.com\/produkt\/metalowy-zacisk-perukarski-do-tresbanek-typ-b\/"]}]},{"@type":"ImageObject","inLanguage":"en-US","@id":"https:\/\/wigstore-nzk.com\/produkt\/metalowy-zacisk-perukarski-do-tresbanek-typ-b\/#primaryimage","url":"https:\/\/wigstore-nzk.com\/wp-content\/uploads\/2025\/11\/411f6059-4e7b-4909-b857-af374c327632.jpg","contentUrl":"https:\/\/wigstore-nzk.com\/wp-content\/uploads\/2025\/11\/411f6059-4e7b-4909-b857-af374c327632.jpg","width":1080,"height":1920},{"@type":"BreadcrumbList","@id":"https:\/\/wigstore-nzk.com\/produkt\/metalowy-zacisk-perukarski-do-tresbanek-typ-b\/#breadcrumb","itemListElement":[{"@type":"ListItem","position":1,"name":"Strona g\u0142\u00f3wna","item":"https:\/\/wigstore-nzk.com\/"},{"@type":"ListItem","position":2,"name":"Sklep","item":"https:\/\/wigstore-nzk.com\/sklep\/"},{"@type":"ListItem","position":3,"name":"Metalowy zacisk perukarski do tresbanek, typ B"}]},{"@type":"WebSite","@id":"https:\/\/wigstore-nzk.com\/#website","url":"https:\/\/wigstore-nzk.com\/","name":"NZK-Wigstore","description":"","potentialAction":[{"@type":"SearchAction","target":{"@type":"EntryPoint","urlTemplate":"https:\/\/wigstore-nzk.com\/?s={search_term_string}"},"query-input":{"@type":"PropertyValueSpecification","valueRequired":true,"valueName":"search_term_string"}}],"inLanguage":"en-US"}]}},"_links":{"self":[{"href":"https:\/\/wigstore-nzk.com\/en\/wp-json\/wp\/v2\/product\/3157","targetHints":{"allow":["GET"]}}],"collection":[{"href":"https:\/\/wigstore-nzk.com\/en\/wp-json\/wp\/v2\/product"}],"about":[{"href":"https:\/\/wigstore-nzk.com\/en\/wp-json\/wp\/v2\/types\/product"}],"version-history":[{"count":3,"href":"https:\/\/wigstore-nzk.com\/en\/wp-json\/wp\/v2\/product\/3157\/revisions"}],"predecessor-version":[{"id":3172,"href":"https:\/\/wigstore-nzk.com\/en\/wp-json\/wp\/v2\/product\/3157\/revisions\/3172"}],"wp:featuredmedia":[{"embeddable":true,"href":"https:\/\/wigstore-nzk.com\/en\/wp-json\/wp\/v2\/media\/3160"}],"wp:attachment":[{"href":"https:\/\/wigstore-nzk.com\/en\/wp-json\/wp\/v2\/media?parent=3157"}],"wp:term":[{"taxonomy":"product_brand","embeddable":true,"href":"https:\/\/wigstore-nzk.com\/en\/wp-json\/wp\/v2\/product_brand?post=3157"},{"taxonomy":"product_cat","embeddable":true,"href":"https:\/\/wigstore-nzk.com\/en\/wp-json\/wp\/v2\/product_cat?post=3157"},{"taxonomy":"product_tag","embeddable":true,"href":"https:\/\/wigstore-nzk.com\/en\/wp-json\/wp\/v2\/product_tag?post=3157"}],"curies":[{"name":"wp","href":"https:\/\/api.w.org\/{rel}","templated":true}]}}