{"id":3228,"date":"2025-11-23T20:54:27","date_gmt":"2025-11-23T19:54:27","guid":{"rendered":"https:\/\/wigstore-nzk.com\/?post_type=product&#038;p=3228"},"modified":"2025-11-25T14:42:45","modified_gmt":"2025-11-25T13:42:45","slug":"czepek-pod-peruke-na-rzep-z-welurowa-opaska","status":"publish","type":"product","link":"https:\/\/wigstore-nzk.com\/en\/product\/czepek-pod-peruke-na-rzep-z-welurowa-opaska\/","title":{"rendered":"Czepek pod peruk\u0119 na rzep z welurow\u0105 opask\u0105"},"content":{"rendered":"<p data-start=\"452\" data-end=\"771\">Czepek pod peruk\u0119 z welurow\u0105 opask\u0105 to praktyczny i wygodny dodatek, kt\u00f3ry poprawia stabilno\u015b\u0107 noszenia peruki oraz podnosi komfort codziennego u\u017cytkowania. Wykonany z mi\u0119kkiego, przewiewnego materia\u0142u, delikatnie otula g\u0142ow\u0119, a szeroka welurowa opaska zapobiega przesuwaniu si\u0119 peruki nawet podczas intensywnego ruchu.<\/p>\n<p data-start=\"773\" data-end=\"1058\">Zapi\u0119cie na rzep umo\u017cliwia \u0142atw\u0105 regulacj\u0119 obwodu \u2013 dzi\u0119ki temu czepek dopasowuje si\u0119 do r\u00f3\u017cnych rozmiar\u00f3w g\u0142owy i pozostaje stabilny przez ca\u0142y dzie\u0144. Konstrukcja z siateczkowego materia\u0142u pozwala sk\u00f3rze oddycha\u0107, co sprawia, \u017ce czepek jest komfortowy tak\u017ce podczas d\u0142ugiego noszenia.<\/p>\n<p data-start=\"1060\" data-end=\"1210\">To idealny wyb\u00f3r zar\u00f3wno dla os\u00f3b korzystaj\u0105cych z peruk codziennie, jak i okazjonalnie \u2013 zwi\u0119ksza pewno\u015b\u0107, komfort i bezpiecze\u0144stwo mocowania peruki.<\/p>","protected":false},"excerpt":{"rendered":"<p data-start=\"219\" data-end=\"405\">Czepek pod peruk\u0119 z welurow\u0105 opask\u0105 i regulowanym zapi\u0119ciem na rzep. Stabilizuje peruk\u0119, zapobiega przesuwaniu oraz zwi\u0119ksza komfort noszenia. Idealny pod peruki naturalne i syntetyczne.<\/p>","protected":false},"featured_media":3229,"template":"","meta":[],"product_brand":[],"product_cat":[28,47],"product_tag":[76,319],"class_list":{"0":"post-3228","1":"product","2":"type-product","3":"status-publish","4":"has-post-thumbnail","6":"product_cat-akcesoria","7":"product_cat-siatki-i-tasmy-pod-peruke","8":"product_tag-akcesoria-perukarskie","9":"product_tag-czepek-pod-peruke","11":"first","12":"instock","13":"taxable","14":"shipping-taxable","15":"purchasable","16":"product-type-simple"},"yoast_head":"<!-- This site is optimized with the Yoast SEO Premium plugin v24.5 (Yoast SEO v27.5) - https:\/\/yoast.com\/product\/yoast-seo-premium-wordpress\/ -->\n<title>Czepek pod peruk\u0119 na rzep z welurow\u0105 opask\u0105 - NZK-Wigstore<\/title>\n<meta name=\"description\" content=\"Czepek pod peruk\u0119 z welurow\u0105 opask\u0105 i regulowanym zapi\u0119ciem na rzep. Stabilizuje peruk\u0119, zapobiega przesuwaniu oraz zwi\u0119ksza komfort noszenia.\" \/>\n<meta name=\"robots\" content=\"index, follow, max-snippet:-1, max-image-preview:large, max-video-preview:-1\" \/>\n<link rel=\"canonical\" href=\"https:\/\/wigstore-nzk.com\/en\/product\/czepek-pod-peruke-na-rzep-z-welurowa-opaska\/\" \/>\n<meta property=\"og:locale\" content=\"en_US\" \/>\n<meta property=\"og:type\" content=\"article\" \/>\n<meta property=\"og:title\" content=\"Czepek pod peruk\u0119 na rzep z welurow\u0105 opask\u0105\" \/>\n<meta property=\"og:description\" content=\"Czepek pod peruk\u0119 z welurow\u0105 opask\u0105 i regulowanym zapi\u0119ciem na rzep. Stabilizuje peruk\u0119, zapobiega przesuwaniu oraz zwi\u0119ksza komfort noszenia.\" \/>\n<meta property=\"og:url\" content=\"https:\/\/wigstore-nzk.com\/en\/product\/czepek-pod-peruke-na-rzep-z-welurowa-opaska\/\" \/>\n<meta property=\"og:site_name\" content=\"NZK-Wigstore\" \/>\n<meta property=\"article:modified_time\" content=\"2025-11-25T13:42:45+00:00\" \/>\n<meta property=\"og:image\" content=\"https:\/\/wigstore-nzk.com\/wp-content\/uploads\/2025\/11\/70456f01-eded-4cb1-8522-60ff4179b5df.jpg\" \/>\n\t<meta property=\"og:image:width\" content=\"1080\" \/>\n\t<meta property=\"og:image:height\" content=\"1350\" \/>\n\t<meta property=\"og:image:type\" content=\"image\/jpeg\" \/>\n<meta name=\"twitter:card\" content=\"summary_large_image\" \/>\n<meta name=\"twitter:label1\" content=\"Est. reading time\" \/>\n\t<meta name=\"twitter:data1\" content=\"1 minute\" \/>\n<script type=\"application\/ld+json\" class=\"yoast-schema-graph\">{\"@context\":\"https:\\\/\\\/schema.org\",\"@graph\":[{\"@type\":\"WebPage\",\"@id\":\"https:\\\/\\\/wigstore-nzk.com\\\/produkt\\\/czepek-pod-peruke-na-rzep-z-welurowa-opaska\\\/\",\"url\":\"https:\\\/\\\/wigstore-nzk.com\\\/produkt\\\/czepek-pod-peruke-na-rzep-z-welurowa-opaska\\\/\",\"name\":\"Czepek pod peruk\u0119 na rzep z welurow\u0105 opask\u0105 - NZK-Wigstore\",\"isPartOf\":{\"@id\":\"https:\\\/\\\/wigstore-nzk.com\\\/#website\"},\"primaryImageOfPage\":{\"@id\":\"https:\\\/\\\/wigstore-nzk.com\\\/produkt\\\/czepek-pod-peruke-na-rzep-z-welurowa-opaska\\\/#primaryimage\"},\"image\":{\"@id\":\"https:\\\/\\\/wigstore-nzk.com\\\/produkt\\\/czepek-pod-peruke-na-rzep-z-welurowa-opaska\\\/#primaryimage\"},\"thumbnailUrl\":\"https:\\\/\\\/wigstore-nzk.com\\\/wp-content\\\/uploads\\\/2025\\\/11\\\/70456f01-eded-4cb1-8522-60ff4179b5df.jpg\",\"datePublished\":\"2025-11-23T19:54:27+00:00\",\"dateModified\":\"2025-11-25T13:42:45+00:00\",\"description\":\"Czepek pod peruk\u0119 z welurow\u0105 opask\u0105 i regulowanym zapi\u0119ciem na rzep. Stabilizuje peruk\u0119, zapobiega przesuwaniu oraz zwi\u0119ksza komfort noszenia.\",\"breadcrumb\":{\"@id\":\"https:\\\/\\\/wigstore-nzk.com\\\/produkt\\\/czepek-pod-peruke-na-rzep-z-welurowa-opaska\\\/#breadcrumb\"},\"inLanguage\":\"en-US\",\"potentialAction\":[{\"@type\":\"ReadAction\",\"target\":[\"https:\\\/\\\/wigstore-nzk.com\\\/produkt\\\/czepek-pod-peruke-na-rzep-z-welurowa-opaska\\\/\"]}]},{\"@type\":\"ImageObject\",\"inLanguage\":\"en-US\",\"@id\":\"https:\\\/\\\/wigstore-nzk.com\\\/produkt\\\/czepek-pod-peruke-na-rzep-z-welurowa-opaska\\\/#primaryimage\",\"url\":\"https:\\\/\\\/wigstore-nzk.com\\\/wp-content\\\/uploads\\\/2025\\\/11\\\/70456f01-eded-4cb1-8522-60ff4179b5df.jpg\",\"contentUrl\":\"https:\\\/\\\/wigstore-nzk.com\\\/wp-content\\\/uploads\\\/2025\\\/11\\\/70456f01-eded-4cb1-8522-60ff4179b5df.jpg\",\"width\":1080,\"height\":1350,\"caption\":\"czepek na rzep\"},{\"@type\":\"BreadcrumbList\",\"@id\":\"https:\\\/\\\/wigstore-nzk.com\\\/produkt\\\/czepek-pod-peruke-na-rzep-z-welurowa-opaska\\\/#breadcrumb\",\"itemListElement\":[{\"@type\":\"ListItem\",\"position\":1,\"name\":\"Strona g\u0142\u00f3wna\",\"item\":\"https:\\\/\\\/wigstore-nzk.com\\\/\"},{\"@type\":\"ListItem\",\"position\":2,\"name\":\"Sklep\",\"item\":\"https:\\\/\\\/wigstore-nzk.com\\\/sklep\\\/\"},{\"@type\":\"ListItem\",\"position\":3,\"name\":\"Czepek pod peruk\u0119 na rzep z welurow\u0105 opask\u0105\"}]},{\"@type\":\"WebSite\",\"@id\":\"https:\\\/\\\/wigstore-nzk.com\\\/#website\",\"url\":\"https:\\\/\\\/wigstore-nzk.com\\\/\",\"name\":\"NZK-Wigstore\",\"description\":\"\",\"potentialAction\":[{\"@type\":\"SearchAction\",\"target\":{\"@type\":\"EntryPoint\",\"urlTemplate\":\"https:\\\/\\\/wigstore-nzk.com\\\/?s={search_term_string}\"},\"query-input\":{\"@type\":\"PropertyValueSpecification\",\"valueRequired\":true,\"valueName\":\"search_term_string\"}}],\"inLanguage\":\"en-US\"}]}<\/script>\n<!-- \/ Yoast SEO Premium plugin. -->","yoast_head_json":{"title":"Czepek pod peruk\u0119 na rzep z welurow\u0105 opask\u0105 - NZK-Wigstore","description":"Czepek pod peruk\u0119 z welurow\u0105 opask\u0105 i regulowanym zapi\u0119ciem na rzep. Stabilizuje peruk\u0119, zapobiega przesuwaniu oraz zwi\u0119ksza komfort noszenia.","robots":{"index":"index","follow":"follow","max-snippet":"max-snippet:-1","max-image-preview":"max-image-preview:large","max-video-preview":"max-video-preview:-1"},"canonical":"https:\/\/wigstore-nzk.com\/en\/product\/czepek-pod-peruke-na-rzep-z-welurowa-opaska\/","og_locale":"en_US","og_type":"article","og_title":"Czepek pod peruk\u0119 na rzep z welurow\u0105 opask\u0105","og_description":"Czepek pod peruk\u0119 z welurow\u0105 opask\u0105 i regulowanym zapi\u0119ciem na rzep. Stabilizuje peruk\u0119, zapobiega przesuwaniu oraz zwi\u0119ksza komfort noszenia.","og_url":"https:\/\/wigstore-nzk.com\/en\/product\/czepek-pod-peruke-na-rzep-z-welurowa-opaska\/","og_site_name":"NZK-Wigstore","article_modified_time":"2025-11-25T13:42:45+00:00","og_image":[{"width":1080,"height":1350,"url":"https:\/\/wigstore-nzk.com\/wp-content\/uploads\/2025\/11\/70456f01-eded-4cb1-8522-60ff4179b5df.jpg","type":"image\/jpeg"}],"twitter_card":"summary_large_image","twitter_misc":{"Est. reading time":"1 minute"},"schema":{"@context":"https:\/\/schema.org","@graph":[{"@type":"WebPage","@id":"https:\/\/wigstore-nzk.com\/produkt\/czepek-pod-peruke-na-rzep-z-welurowa-opaska\/","url":"https:\/\/wigstore-nzk.com\/produkt\/czepek-pod-peruke-na-rzep-z-welurowa-opaska\/","name":"Czepek pod peruk\u0119 na rzep z welurow\u0105 opask\u0105 - NZK-Wigstore","isPartOf":{"@id":"https:\/\/wigstore-nzk.com\/#website"},"primaryImageOfPage":{"@id":"https:\/\/wigstore-nzk.com\/produkt\/czepek-pod-peruke-na-rzep-z-welurowa-opaska\/#primaryimage"},"image":{"@id":"https:\/\/wigstore-nzk.com\/produkt\/czepek-pod-peruke-na-rzep-z-welurowa-opaska\/#primaryimage"},"thumbnailUrl":"https:\/\/wigstore-nzk.com\/wp-content\/uploads\/2025\/11\/70456f01-eded-4cb1-8522-60ff4179b5df.jpg","datePublished":"2025-11-23T19:54:27+00:00","dateModified":"2025-11-25T13:42:45+00:00","description":"Czepek pod peruk\u0119 z welurow\u0105 opask\u0105 i regulowanym zapi\u0119ciem na rzep. Stabilizuje peruk\u0119, zapobiega przesuwaniu oraz zwi\u0119ksza komfort noszenia.","breadcrumb":{"@id":"https:\/\/wigstore-nzk.com\/produkt\/czepek-pod-peruke-na-rzep-z-welurowa-opaska\/#breadcrumb"},"inLanguage":"en-US","potentialAction":[{"@type":"ReadAction","target":["https:\/\/wigstore-nzk.com\/produkt\/czepek-pod-peruke-na-rzep-z-welurowa-opaska\/"]}]},{"@type":"ImageObject","inLanguage":"en-US","@id":"https:\/\/wigstore-nzk.com\/produkt\/czepek-pod-peruke-na-rzep-z-welurowa-opaska\/#primaryimage","url":"https:\/\/wigstore-nzk.com\/wp-content\/uploads\/2025\/11\/70456f01-eded-4cb1-8522-60ff4179b5df.jpg","contentUrl":"https:\/\/wigstore-nzk.com\/wp-content\/uploads\/2025\/11\/70456f01-eded-4cb1-8522-60ff4179b5df.jpg","width":1080,"height":1350,"caption":"czepek na rzep"},{"@type":"BreadcrumbList","@id":"https:\/\/wigstore-nzk.com\/produkt\/czepek-pod-peruke-na-rzep-z-welurowa-opaska\/#breadcrumb","itemListElement":[{"@type":"ListItem","position":1,"name":"Strona g\u0142\u00f3wna","item":"https:\/\/wigstore-nzk.com\/"},{"@type":"ListItem","position":2,"name":"Sklep","item":"https:\/\/wigstore-nzk.com\/sklep\/"},{"@type":"ListItem","position":3,"name":"Czepek pod peruk\u0119 na rzep z welurow\u0105 opask\u0105"}]},{"@type":"WebSite","@id":"https:\/\/wigstore-nzk.com\/#website","url":"https:\/\/wigstore-nzk.com\/","name":"NZK-Wigstore","description":"","potentialAction":[{"@type":"SearchAction","target":{"@type":"EntryPoint","urlTemplate":"https:\/\/wigstore-nzk.com\/?s={search_term_string}"},"query-input":{"@type":"PropertyValueSpecification","valueRequired":true,"valueName":"search_term_string"}}],"inLanguage":"en-US"}]}},"_links":{"self":[{"href":"https:\/\/wigstore-nzk.com\/en\/wp-json\/wp\/v2\/product\/3228","targetHints":{"allow":["GET"]}}],"collection":[{"href":"https:\/\/wigstore-nzk.com\/en\/wp-json\/wp\/v2\/product"}],"about":[{"href":"https:\/\/wigstore-nzk.com\/en\/wp-json\/wp\/v2\/types\/product"}],"version-history":[{"count":2,"href":"https:\/\/wigstore-nzk.com\/en\/wp-json\/wp\/v2\/product\/3228\/revisions"}],"predecessor-version":[{"id":3258,"href":"https:\/\/wigstore-nzk.com\/en\/wp-json\/wp\/v2\/product\/3228\/revisions\/3258"}],"wp:featuredmedia":[{"embeddable":true,"href":"https:\/\/wigstore-nzk.com\/en\/wp-json\/wp\/v2\/media\/3229"}],"wp:attachment":[{"href":"https:\/\/wigstore-nzk.com\/en\/wp-json\/wp\/v2\/media?parent=3228"}],"wp:term":[{"taxonomy":"product_brand","embeddable":true,"href":"https:\/\/wigstore-nzk.com\/en\/wp-json\/wp\/v2\/product_brand?post=3228"},{"taxonomy":"product_cat","embeddable":true,"href":"https:\/\/wigstore-nzk.com\/en\/wp-json\/wp\/v2\/product_cat?post=3228"},{"taxonomy":"product_tag","embeddable":true,"href":"https:\/\/wigstore-nzk.com\/en\/wp-json\/wp\/v2\/product_tag?post=3228"}],"curies":[{"name":"wp","href":"https:\/\/api.w.org\/{rel}","templated":true}]}}