{"id":3482,"date":"2026-02-20T22:30:04","date_gmt":"2026-02-20T21:30:04","guid":{"rendered":"https:\/\/wigstore-nzk.com\/?post_type=product&#038;p=3482"},"modified":"2026-02-27T16:55:36","modified_gmt":"2026-02-27T15:55:36","slug":"naparstek-do-szycia-niezbedne-akcesorium-perukarskie","status":"publish","type":"product","link":"https:\/\/wigstore-nzk.com\/en\/product\/naparstek-do-szycia-niezbedne-akcesorium-perukarskie\/","title":{"rendered":"Naparstek do szycia \u2013 niezb\u0119dne akcesorium perukarskie"},"content":{"rendered":"<p>Profesjonalny naparstek do szycia to praktyczne i niezast\u0105pione narz\u0119dzie w codziennej pracy perukarza oraz przy r\u0119cznym tworzeniu i naprawie peruk, tres oraz tupet\u00f3w. Chroni palec przed uk\u0142uciami ig\u0142y, zapewniaj\u0105c jednocze\u015bnie lepsz\u0105 kontrol\u0119 nad prowadzeniem nici, nawet podczas precyzyjnych i czasoch\u0142onnych prac. Wykonany z trwa\u0142ego materia\u0142u, odpornego na intensywne u\u017cytkowanie, naparstek idealnie sprawdza si\u0119 przy szyciu baz perukarskich, mocowaniu w\u0142os\u00f3w czy korektach wyko\u0144czenia. Ergonomiczny kszta\u0142t gwarantuje wygod\u0119 noszenia i stabilne dopasowanie do palca, co przek\u0142ada si\u0119 na wi\u0119kszy komfort i efektywno\u015b\u0107 pracy.<\/p>\n<p>Cechy produktu:<\/p>\n<ul>\n<li>skuteczna ochrona palca podczas szycia,<\/li>\n<li>u\u0142atwia precyzyjne prowadzenie ig\u0142y,<\/li>\n<li>trwa\u0142y i odporny na uszkodzenia,<\/li>\n<li>idealny do prac perukarskich i r\u0119cznego szycia,<\/li>\n<li>polecany zar\u00f3wno dla profesjonalist\u00f3w, jak i os\u00f3b ucz\u0105cych si\u0119 perukarstwa.<\/li>\n<\/ul>","protected":false},"excerpt":{"rendered":"<p>Naparstek to drobny, ale niezwykle wa\u017cny element wyposa\u017cenia ka\u017cdego warsztatu perukarskiego \u2013 zadbaj o komfort i bezpiecze\u0144stwo swojej pracy.<\/p>","protected":false},"featured_media":3483,"template":"","meta":[],"product_brand":[],"product_cat":[28,33],"product_tag":[],"class_list":{"0":"post-3482","1":"product","2":"type-product","3":"status-publish","4":"has-post-thumbnail","6":"product_cat-akcesoria","7":"product_cat-szydelka-i-igly","9":"first","10":"instock","11":"taxable","12":"shipping-taxable","13":"purchasable","14":"product-type-simple"},"yoast_head":"<!-- This site is optimized with the Yoast SEO Premium plugin v24.5 (Yoast SEO v27.5) - https:\/\/yoast.com\/product\/yoast-seo-premium-wordpress\/ -->\n<title>Naparstek do szycia \u2013 niezb\u0119dne akcesorium perukarskie - NZK-Wigstore<\/title>\n<meta name=\"description\" content=\"Naparstek to drobny, ale niezwykle wa\u017cny element wyposa\u017cenia ka\u017cdego warsztatu perukarskiego \u2013 zadbaj o komfort i bezpiecze\u0144stwo swojej pracy.\" \/>\n<meta name=\"robots\" content=\"index, follow, max-snippet:-1, max-image-preview:large, max-video-preview:-1\" \/>\n<link rel=\"canonical\" href=\"https:\/\/wigstore-nzk.com\/en\/product\/naparstek-do-szycia-niezbedne-akcesorium-perukarskie\/\" \/>\n<meta property=\"og:locale\" content=\"en_US\" \/>\n<meta property=\"og:type\" content=\"article\" \/>\n<meta property=\"og:title\" content=\"Naparstek do szycia \u2013 niezb\u0119dne akcesorium perukarskie\" \/>\n<meta property=\"og:description\" content=\"Naparstek to drobny, ale niezwykle wa\u017cny element wyposa\u017cenia ka\u017cdego warsztatu perukarskiego \u2013 zadbaj o komfort i bezpiecze\u0144stwo swojej pracy.\" \/>\n<meta property=\"og:url\" content=\"https:\/\/wigstore-nzk.com\/en\/product\/naparstek-do-szycia-niezbedne-akcesorium-perukarskie\/\" \/>\n<meta property=\"og:site_name\" content=\"NZK-Wigstore\" \/>\n<meta property=\"article:modified_time\" content=\"2026-02-27T15:55:36+00:00\" \/>\n<meta property=\"og:image\" content=\"https:\/\/wigstore-nzk.com\/wp-content\/uploads\/2026\/02\/2a26b779-2d23-4079-b76e-46f8b20c4eeb.jpg\" \/>\n\t<meta property=\"og:image:width\" content=\"1458\" \/>\n\t<meta property=\"og:image:height\" content=\"2048\" \/>\n\t<meta property=\"og:image:type\" content=\"image\/jpeg\" \/>\n<meta name=\"twitter:card\" content=\"summary_large_image\" \/>\n<meta name=\"twitter:label1\" content=\"Est. reading time\" \/>\n\t<meta name=\"twitter:data1\" content=\"1 minute\" \/>\n<script type=\"application\/ld+json\" class=\"yoast-schema-graph\">{\"@context\":\"https:\\\/\\\/schema.org\",\"@graph\":[{\"@type\":\"WebPage\",\"@id\":\"https:\\\/\\\/wigstore-nzk.com\\\/produkt\\\/naparstek-do-szycia-niezbedne-akcesorium-perukarskie\\\/\",\"url\":\"https:\\\/\\\/wigstore-nzk.com\\\/produkt\\\/naparstek-do-szycia-niezbedne-akcesorium-perukarskie\\\/\",\"name\":\"Naparstek do szycia \u2013 niezb\u0119dne akcesorium perukarskie - NZK-Wigstore\",\"isPartOf\":{\"@id\":\"https:\\\/\\\/wigstore-nzk.com\\\/#website\"},\"primaryImageOfPage\":{\"@id\":\"https:\\\/\\\/wigstore-nzk.com\\\/produkt\\\/naparstek-do-szycia-niezbedne-akcesorium-perukarskie\\\/#primaryimage\"},\"image\":{\"@id\":\"https:\\\/\\\/wigstore-nzk.com\\\/produkt\\\/naparstek-do-szycia-niezbedne-akcesorium-perukarskie\\\/#primaryimage\"},\"thumbnailUrl\":\"https:\\\/\\\/wigstore-nzk.com\\\/wp-content\\\/uploads\\\/2026\\\/02\\\/2a26b779-2d23-4079-b76e-46f8b20c4eeb.jpg\",\"datePublished\":\"2026-02-20T21:30:04+00:00\",\"dateModified\":\"2026-02-27T15:55:36+00:00\",\"description\":\"Naparstek to drobny, ale niezwykle wa\u017cny element wyposa\u017cenia ka\u017cdego warsztatu perukarskiego \u2013 zadbaj o komfort i bezpiecze\u0144stwo swojej pracy.\",\"breadcrumb\":{\"@id\":\"https:\\\/\\\/wigstore-nzk.com\\\/produkt\\\/naparstek-do-szycia-niezbedne-akcesorium-perukarskie\\\/#breadcrumb\"},\"inLanguage\":\"en-US\",\"potentialAction\":[{\"@type\":\"ReadAction\",\"target\":[\"https:\\\/\\\/wigstore-nzk.com\\\/produkt\\\/naparstek-do-szycia-niezbedne-akcesorium-perukarskie\\\/\"]}]},{\"@type\":\"ImageObject\",\"inLanguage\":\"en-US\",\"@id\":\"https:\\\/\\\/wigstore-nzk.com\\\/produkt\\\/naparstek-do-szycia-niezbedne-akcesorium-perukarskie\\\/#primaryimage\",\"url\":\"https:\\\/\\\/wigstore-nzk.com\\\/wp-content\\\/uploads\\\/2026\\\/02\\\/2a26b779-2d23-4079-b76e-46f8b20c4eeb.jpg\",\"contentUrl\":\"https:\\\/\\\/wigstore-nzk.com\\\/wp-content\\\/uploads\\\/2026\\\/02\\\/2a26b779-2d23-4079-b76e-46f8b20c4eeb.jpg\",\"width\":1458,\"height\":2048,\"caption\":\"Naparstek\"},{\"@type\":\"BreadcrumbList\",\"@id\":\"https:\\\/\\\/wigstore-nzk.com\\\/produkt\\\/naparstek-do-szycia-niezbedne-akcesorium-perukarskie\\\/#breadcrumb\",\"itemListElement\":[{\"@type\":\"ListItem\",\"position\":1,\"name\":\"Strona g\u0142\u00f3wna\",\"item\":\"https:\\\/\\\/wigstore-nzk.com\\\/\"},{\"@type\":\"ListItem\",\"position\":2,\"name\":\"Sklep\",\"item\":\"https:\\\/\\\/wigstore-nzk.com\\\/sklep\\\/\"},{\"@type\":\"ListItem\",\"position\":3,\"name\":\"Naparstek do szycia \u2013 niezb\u0119dne akcesorium perukarskie\"}]},{\"@type\":\"WebSite\",\"@id\":\"https:\\\/\\\/wigstore-nzk.com\\\/#website\",\"url\":\"https:\\\/\\\/wigstore-nzk.com\\\/\",\"name\":\"NZK-Wigstore\",\"description\":\"\",\"potentialAction\":[{\"@type\":\"SearchAction\",\"target\":{\"@type\":\"EntryPoint\",\"urlTemplate\":\"https:\\\/\\\/wigstore-nzk.com\\\/?s={search_term_string}\"},\"query-input\":{\"@type\":\"PropertyValueSpecification\",\"valueRequired\":true,\"valueName\":\"search_term_string\"}}],\"inLanguage\":\"en-US\"}]}<\/script>\n<!-- \/ Yoast SEO Premium plugin. -->","yoast_head_json":{"title":"Naparstek do szycia \u2013 niezb\u0119dne akcesorium perukarskie - NZK-Wigstore","description":"Naparstek to drobny, ale niezwykle wa\u017cny element wyposa\u017cenia ka\u017cdego warsztatu perukarskiego \u2013 zadbaj o komfort i bezpiecze\u0144stwo swojej pracy.","robots":{"index":"index","follow":"follow","max-snippet":"max-snippet:-1","max-image-preview":"max-image-preview:large","max-video-preview":"max-video-preview:-1"},"canonical":"https:\/\/wigstore-nzk.com\/en\/product\/naparstek-do-szycia-niezbedne-akcesorium-perukarskie\/","og_locale":"en_US","og_type":"article","og_title":"Naparstek do szycia \u2013 niezb\u0119dne akcesorium perukarskie","og_description":"Naparstek to drobny, ale niezwykle wa\u017cny element wyposa\u017cenia ka\u017cdego warsztatu perukarskiego \u2013 zadbaj o komfort i bezpiecze\u0144stwo swojej pracy.","og_url":"https:\/\/wigstore-nzk.com\/en\/product\/naparstek-do-szycia-niezbedne-akcesorium-perukarskie\/","og_site_name":"NZK-Wigstore","article_modified_time":"2026-02-27T15:55:36+00:00","og_image":[{"width":1458,"height":2048,"url":"https:\/\/wigstore-nzk.com\/wp-content\/uploads\/2026\/02\/2a26b779-2d23-4079-b76e-46f8b20c4eeb.jpg","type":"image\/jpeg"}],"twitter_card":"summary_large_image","twitter_misc":{"Est. reading time":"1 minute"},"schema":{"@context":"https:\/\/schema.org","@graph":[{"@type":"WebPage","@id":"https:\/\/wigstore-nzk.com\/produkt\/naparstek-do-szycia-niezbedne-akcesorium-perukarskie\/","url":"https:\/\/wigstore-nzk.com\/produkt\/naparstek-do-szycia-niezbedne-akcesorium-perukarskie\/","name":"Naparstek do szycia \u2013 niezb\u0119dne akcesorium perukarskie - NZK-Wigstore","isPartOf":{"@id":"https:\/\/wigstore-nzk.com\/#website"},"primaryImageOfPage":{"@id":"https:\/\/wigstore-nzk.com\/produkt\/naparstek-do-szycia-niezbedne-akcesorium-perukarskie\/#primaryimage"},"image":{"@id":"https:\/\/wigstore-nzk.com\/produkt\/naparstek-do-szycia-niezbedne-akcesorium-perukarskie\/#primaryimage"},"thumbnailUrl":"https:\/\/wigstore-nzk.com\/wp-content\/uploads\/2026\/02\/2a26b779-2d23-4079-b76e-46f8b20c4eeb.jpg","datePublished":"2026-02-20T21:30:04+00:00","dateModified":"2026-02-27T15:55:36+00:00","description":"Naparstek to drobny, ale niezwykle wa\u017cny element wyposa\u017cenia ka\u017cdego warsztatu perukarskiego \u2013 zadbaj o komfort i bezpiecze\u0144stwo swojej pracy.","breadcrumb":{"@id":"https:\/\/wigstore-nzk.com\/produkt\/naparstek-do-szycia-niezbedne-akcesorium-perukarskie\/#breadcrumb"},"inLanguage":"en-US","potentialAction":[{"@type":"ReadAction","target":["https:\/\/wigstore-nzk.com\/produkt\/naparstek-do-szycia-niezbedne-akcesorium-perukarskie\/"]}]},{"@type":"ImageObject","inLanguage":"en-US","@id":"https:\/\/wigstore-nzk.com\/produkt\/naparstek-do-szycia-niezbedne-akcesorium-perukarskie\/#primaryimage","url":"https:\/\/wigstore-nzk.com\/wp-content\/uploads\/2026\/02\/2a26b779-2d23-4079-b76e-46f8b20c4eeb.jpg","contentUrl":"https:\/\/wigstore-nzk.com\/wp-content\/uploads\/2026\/02\/2a26b779-2d23-4079-b76e-46f8b20c4eeb.jpg","width":1458,"height":2048,"caption":"Naparstek"},{"@type":"BreadcrumbList","@id":"https:\/\/wigstore-nzk.com\/produkt\/naparstek-do-szycia-niezbedne-akcesorium-perukarskie\/#breadcrumb","itemListElement":[{"@type":"ListItem","position":1,"name":"Strona g\u0142\u00f3wna","item":"https:\/\/wigstore-nzk.com\/"},{"@type":"ListItem","position":2,"name":"Sklep","item":"https:\/\/wigstore-nzk.com\/sklep\/"},{"@type":"ListItem","position":3,"name":"Naparstek do szycia \u2013 niezb\u0119dne akcesorium perukarskie"}]},{"@type":"WebSite","@id":"https:\/\/wigstore-nzk.com\/#website","url":"https:\/\/wigstore-nzk.com\/","name":"NZK-Wigstore","description":"","potentialAction":[{"@type":"SearchAction","target":{"@type":"EntryPoint","urlTemplate":"https:\/\/wigstore-nzk.com\/?s={search_term_string}"},"query-input":{"@type":"PropertyValueSpecification","valueRequired":true,"valueName":"search_term_string"}}],"inLanguage":"en-US"}]}},"_links":{"self":[{"href":"https:\/\/wigstore-nzk.com\/en\/wp-json\/wp\/v2\/product\/3482","targetHints":{"allow":["GET"]}}],"collection":[{"href":"https:\/\/wigstore-nzk.com\/en\/wp-json\/wp\/v2\/product"}],"about":[{"href":"https:\/\/wigstore-nzk.com\/en\/wp-json\/wp\/v2\/types\/product"}],"version-history":[{"count":2,"href":"https:\/\/wigstore-nzk.com\/en\/wp-json\/wp\/v2\/product\/3482\/revisions"}],"predecessor-version":[{"id":3490,"href":"https:\/\/wigstore-nzk.com\/en\/wp-json\/wp\/v2\/product\/3482\/revisions\/3490"}],"wp:featuredmedia":[{"embeddable":true,"href":"https:\/\/wigstore-nzk.com\/en\/wp-json\/wp\/v2\/media\/3483"}],"wp:attachment":[{"href":"https:\/\/wigstore-nzk.com\/en\/wp-json\/wp\/v2\/media?parent=3482"}],"wp:term":[{"taxonomy":"product_brand","embeddable":true,"href":"https:\/\/wigstore-nzk.com\/en\/wp-json\/wp\/v2\/product_brand?post=3482"},{"taxonomy":"product_cat","embeddable":true,"href":"https:\/\/wigstore-nzk.com\/en\/wp-json\/wp\/v2\/product_cat?post=3482"},{"taxonomy":"product_tag","embeddable":true,"href":"https:\/\/wigstore-nzk.com\/en\/wp-json\/wp\/v2\/product_tag?post=3482"}],"curies":[{"name":"wp","href":"https:\/\/api.w.org\/{rel}","templated":true}]}}